{"id":94503,"date":"2023-09-08T13:52:24","date_gmt":"2023-09-08T13:52:24","guid":{"rendered":"https:\/\/www.eliassen.nl\/?product=tafellamp-glas-mozaiek-wit-bol-21x21x19cm"},"modified":"2026-02-09T20:56:33","modified_gmt":"2026-02-09T19:56:33","slug":"tafellamp-glas-mozaiek-wit-bol-21x21x19cm","status":"publish","type":"product","link":"https:\/\/www.eliassen.nl\/nl\/tafellamp-glas-mozaiek-wit-bol-21x21x19cm\/","title":{"rendered":"Tafellamp glas moza\u00efek wit bol 21x21x19cm."},"content":{"rendered":"<p>Sfeerlamp van glas. Prachtig handgemaakte moza\u00efek lamp, in ronde bol vorm. Elk wit gekleurd glassteentje is handmatig op het onderliggende glas opgebracht. In het donker geeft deze tafellamp een prachtig lichteffect zodra het licht door het moza\u00efek schijnt. De ronde bol vorm zorgt ervoor dat deze lamp ook kan staan op smallere ondergronden zoals vensterbanken, planken ed.<\/p>\n<ul>\n<li>Maat: 21x21x19cm hoog<\/li>\n<li>Fitting: E14, maximaal 50 Watt<\/li>\n<li>Met schakelaar<\/li>\n<li>Gewicht: 1 kg<\/li>\n<li>Garantie: 1 jaar<\/li>\n<li>Wordt zonder lamp geleverd<\/li>\n<li>Ook in onze zaak te zien<\/li>\n<\/ul>\n","protected":false},"excerpt":{"rendered":"<p>Glaslamp met prachtig wit moza\u00efek.<\/p>\n","protected":false},"featured_media":94506,"template":"","meta":{"_acf_changed":false,"_genesis_title":"","_genesis_description":""},"product_brand":[7504],"product_cat":[799,748,808,745],"product_tag":[],"class_list":{"0":"post-94503","1":"product","2":"type-product","3":"status-publish","4":"has-post-thumbnail","6":"product_brand-overig","7":"product_cat-glaskunst","8":"product_cat-glazen-lampen","9":"product_cat-lampen-van-glas","10":"product_cat-sfeerverlichting","12":"first","13":"instock","14":"sale","15":"taxable","16":"shipping-taxable","17":"purchasable","18":"product-type-simple"},"acf":[],"meta_all":{"total_sales":"0","cor_restricted_countries":[],"cor_product_price_text_product_level":"","cor_add_text":"","cor_hide_r_add_cart_product_level":"1","cor_product_price_cart_btn_product_level":"","cor_replace_add_to_cart_custom_btn_product_level":"","enbility_product_level_disability":" ","enbility_product_level_exclude_visibility_rules":" ","wpseo_global_identifier_values":{"gtin8":"","gtin12":"","gtin13":"","gtin14":"","isbn":"","mpn":""}},"meta_all_flat":{"total_sales":"0","cor_product_price_text_product_level":"","cor_add_text":"","cor_hide_r_add_cart_product_level":"1","cor_product_price_cart_btn_product_level":"","cor_replace_add_to_cart_custom_btn_product_level":"","enbility_product_level_disability":" ","enbility_product_level_exclude_visibility_rules":" ","wpseo_global_identifier_values.gtin8":"","wpseo_global_identifier_values.gtin12":"","wpseo_global_identifier_values.gtin13":"","wpseo_global_identifier_values.gtin14":"","wpseo_global_identifier_values.isbn":"","wpseo_global_identifier_values.mpn":""},"yoast_head":"<!-- This site is optimized with the Yoast SEO Premium plugin v26.2 (Yoast SEO v27.2) - https:\/\/yoast.com\/product\/yoast-seo-premium-wordpress\/ -->\n<title>Tafellamp glas moza\u00efek wit bol 21x21x19cm. - Eliassen Home &amp; Garden<\/title>\n<meta name=\"description\" content=\"Op zoek naar een mooie sfeerlamp van moza\u00efek glas? Deze schitterende lamp in witte kleuren moza\u00efek zal u zeker waarderen. Een zeer mooie sfeer lamp. Leverbaar.\" \/>\n<meta name=\"robots\" content=\"index, follow, max-snippet:-1, max-image-preview:large, max-video-preview:-1\" \/>\n<link rel=\"canonical\" href=\"https:\/\/www.eliassen.nl\/nl\/tafellamp-glas-mozaiek-wit-bol-21x21x19cm\/\" \/>\n<meta property=\"og:locale\" content=\"nl_NL\" \/>\n<meta property=\"og:type\" content=\"article\" \/>\n<meta property=\"og:title\" content=\"Overig Tafellamp glas moza\u00efek wit bol 21x21x19cm. - Eliassen.nl\" \/>\n<meta property=\"og:description\" content=\"Op zoek naar een mooie sfeerlamp van moza\u00efek glas? Deze schitterende lamp in witte kleuren moza\u00efek zal u zeker waarderen. Een zeer mooie sfeer lamp. Leverbaar.\" \/>\n<meta property=\"og:url\" content=\"https:\/\/www.eliassen.nl\/nl\/tafellamp-glas-mozaiek-wit-bol-21x21x19cm\/\" \/>\n<meta property=\"og:site_name\" content=\"Eliassen.nl\" \/>\n<meta property=\"article:publisher\" content=\"https:\/\/www.facebook.com\/TuincentrumEliassenAmmerzoden\" \/>\n<meta property=\"article:modified_time\" content=\"2026-02-09T19:56:33+00:00\" \/>\n<meta property=\"og:image\" content=\"https:\/\/www.eliassen.nl\/wp-content\/uploads\/2024\/01\/wittemozaieklampeliassennl.jpg\" \/>\n\t<meta property=\"og:image:width\" content=\"2048\" \/>\n\t<meta property=\"og:image:height\" content=\"2045\" \/>\n\t<meta property=\"og:image:type\" content=\"image\/jpeg\" \/>\n<meta name=\"twitter:card\" content=\"summary_large_image\" \/>\n<script type=\"application\/ld+json\" class=\"yoast-schema-graph\">{\"@context\":\"https:\/\/schema.org\",\"@graph\":[{\"@type\":\"WebPage\",\"@id\":\"https:\/\/www.eliassen.nl\/nl\/tafellamp-glas-mozaiek-wit-bol-21x21x19cm\/\",\"url\":\"https:\/\/www.eliassen.nl\/nl\/tafellamp-glas-mozaiek-wit-bol-21x21x19cm\/\",\"name\":\"Tafellamp glas moza\u00efek wit bol 21x21x19cm. - Eliassen Home & Garden\",\"isPartOf\":{\"@id\":\"https:\/\/www.eliassen.nl\/nl\/#website\"},\"primaryImageOfPage\":{\"@id\":\"https:\/\/www.eliassen.nl\/nl\/tafellamp-glas-mozaiek-wit-bol-21x21x19cm\/#primaryimage\"},\"image\":{\"@id\":\"https:\/\/www.eliassen.nl\/nl\/tafellamp-glas-mozaiek-wit-bol-21x21x19cm\/#primaryimage\"},\"thumbnailUrl\":\"https:\/\/www.eliassen.nl\/wp-content\/uploads\/2024\/01\/wittemozaieklampeliassennl.jpg\",\"datePublished\":\"2023-09-08T13:52:24+00:00\",\"dateModified\":\"2026-02-09T19:56:33+00:00\",\"description\":\"Op zoek naar een mooie sfeerlamp van moza\u00efek glas? Deze schitterende lamp in witte kleuren moza\u00efek zal u zeker waarderen. Een zeer mooie sfeer lamp. Leverbaar.\",\"breadcrumb\":{\"@id\":\"https:\/\/www.eliassen.nl\/nl\/tafellamp-glas-mozaiek-wit-bol-21x21x19cm\/#breadcrumb\"},\"inLanguage\":\"nl-NL\",\"potentialAction\":[{\"@type\":\"ReadAction\",\"target\":[\"https:\/\/www.eliassen.nl\/nl\/tafellamp-glas-mozaiek-wit-bol-21x21x19cm\/\"]}]},{\"@type\":\"ImageObject\",\"inLanguage\":\"nl-NL\",\"@id\":\"https:\/\/www.eliassen.nl\/nl\/tafellamp-glas-mozaiek-wit-bol-21x21x19cm\/#primaryimage\",\"url\":\"https:\/\/www.eliassen.nl\/wp-content\/uploads\/2024\/01\/wittemozaieklampeliassennl.jpg\",\"contentUrl\":\"https:\/\/www.eliassen.nl\/wp-content\/uploads\/2024\/01\/wittemozaieklampeliassennl.jpg\",\"width\":2048,\"height\":2045,\"caption\":\"witte mozaieklamp - Eliassen.nl\"},{\"@type\":\"BreadcrumbList\",\"@id\":\"https:\/\/www.eliassen.nl\/nl\/tafellamp-glas-mozaiek-wit-bol-21x21x19cm\/#breadcrumb\",\"itemListElement\":[{\"@type\":\"ListItem\",\"position\":1,\"name\":\"Home\",\"item\":\"https:\/\/www.eliassen.nl\/nl\/\"},{\"@type\":\"ListItem\",\"position\":2,\"name\":\"Winkel\",\"item\":\"https:\/\/www.eliassen.nl\/nl\/winkel\/\"},{\"@type\":\"ListItem\",\"position\":3,\"name\":\"Sfeerverlichting\",\"item\":\"https:\/\/www.eliassen.nl\/nl\/sfeerverlichting\/\"},{\"@type\":\"ListItem\",\"position\":4,\"name\":\"Glazen lampen\",\"item\":\"https:\/\/www.eliassen.nl\/nl\/sfeerverlichting\/glazen-lampen\/\"},{\"@type\":\"ListItem\",\"position\":5,\"name\":\"Tafellamp glas moza\u00efek wit bol 21x21x19cm.\"}]},{\"@type\":\"WebSite\",\"@id\":\"https:\/\/www.eliassen.nl\/nl\/#website\",\"url\":\"https:\/\/www.eliassen.nl\/nl\/\",\"name\":\"Eliassen Home & Garden Pleasure\",\"description\":\"\",\"publisher\":{\"@id\":\"https:\/\/www.eliassen.nl\/nl\/#organization\"},\"alternateName\":\"Eliassen.nl\",\"potentialAction\":[{\"@type\":\"SearchAction\",\"target\":{\"@type\":\"EntryPoint\",\"urlTemplate\":\"https:\/\/www.eliassen.nl\/nl\/?s={search_term_string}\"},\"query-input\":{\"@type\":\"PropertyValueSpecification\",\"valueRequired\":true,\"valueName\":\"search_term_string\"}}],\"inLanguage\":\"nl-NL\"},{\"@type\":[\"Organization\",\"Place\"],\"@id\":\"https:\/\/www.eliassen.nl\/nl\/#organization\",\"name\":\"Eliassen Home & Garden Pleasure\",\"url\":\"https:\/\/www.eliassen.nl\/nl\/\",\"logo\":{\"@id\":\"https:\/\/www.eliassen.nl\/nl\/tafellamp-glas-mozaiek-wit-bol-21x21x19cm\/#local-main-organization-logo\"},\"image\":{\"@id\":\"https:\/\/www.eliassen.nl\/nl\/tafellamp-glas-mozaiek-wit-bol-21x21x19cm\/#local-main-organization-logo\"},\"sameAs\":[\"https:\/\/www.facebook.com\/TuincentrumEliassenAmmerzoden\",\"https:\/\/www.instagram.com\/eliassenhomeandgarden\/\",\"https:\/\/nl.pinterest.com\/eliassenhomeandgarden\/\",\"https:\/\/www.youtube.com\/@eliassenhomegardenpleasure4558\"],\"telephone\":[],\"openingHoursSpecification\":[{\"@type\":\"OpeningHoursSpecification\",\"dayOfWeek\":[\"Monday\",\"Tuesday\",\"Wednesday\",\"Thursday\",\"Friday\",\"Saturday\",\"Sunday\"],\"opens\":\"09:00\",\"closes\":\"17:00\"}]},{\"@type\":\"ImageObject\",\"inLanguage\":\"nl-NL\",\"@id\":\"https:\/\/www.eliassen.nl\/nl\/tafellamp-glas-mozaiek-wit-bol-21x21x19cm\/#local-main-organization-logo\",\"url\":\"https:\/\/www.eliassen.nl\/wp-content\/uploads\/2024\/01\/logo_4nd.jpg\",\"contentUrl\":\"https:\/\/www.eliassen.nl\/wp-content\/uploads\/2024\/01\/logo_4nd.jpg\",\"width\":500,\"height\":500,\"caption\":\"Eliassen Home & Garden Pleasure\"}]}<\/script>\n<meta property=\"product:price:amount\" content=\"39.00\" \/>\n<meta property=\"product:price:currency\" content=\"EUR\" \/>\n<meta property=\"og:availability\" content=\"instock\" \/>\n<meta property=\"product:availability\" content=\"instock\" \/>\n<meta property=\"product:retailer_item_id\" content=\"M18w\" \/>\n<meta property=\"product:condition\" content=\"new\" \/>\n<!-- \/ Yoast SEO Premium plugin. -->","yoast_head_json":{"title":"Tafellamp glas moza\u00efek wit bol 21x21x19cm. - Eliassen Home & Garden","description":"Op zoek naar een mooie sfeerlamp van moza\u00efek glas? Deze schitterende lamp in witte kleuren moza\u00efek zal u zeker waarderen. Een zeer mooie sfeer lamp. Leverbaar.","robots":{"index":"index","follow":"follow","max-snippet":"max-snippet:-1","max-image-preview":"max-image-preview:large","max-video-preview":"max-video-preview:-1"},"canonical":"https:\/\/www.eliassen.nl\/nl\/tafellamp-glas-mozaiek-wit-bol-21x21x19cm\/","og_locale":"nl_NL","og_type":"article","og_title":"Overig Tafellamp glas moza\u00efek wit bol 21x21x19cm. - Eliassen.nl","og_description":"Op zoek naar een mooie sfeerlamp van moza\u00efek glas? Deze schitterende lamp in witte kleuren moza\u00efek zal u zeker waarderen. Een zeer mooie sfeer lamp. Leverbaar.","og_url":"https:\/\/www.eliassen.nl\/nl\/tafellamp-glas-mozaiek-wit-bol-21x21x19cm\/","og_site_name":"Eliassen.nl","article_publisher":"https:\/\/www.facebook.com\/TuincentrumEliassenAmmerzoden","article_modified_time":"2026-02-09T19:56:33+00:00","og_image":[{"width":2048,"height":2045,"url":"https:\/\/www.eliassen.nl\/wp-content\/uploads\/2024\/01\/wittemozaieklampeliassennl.jpg","type":"image\/jpeg"}],"twitter_card":"summary_large_image","schema":{"@context":"https:\/\/schema.org","@graph":[{"@type":"WebPage","@id":"https:\/\/www.eliassen.nl\/nl\/tafellamp-glas-mozaiek-wit-bol-21x21x19cm\/","url":"https:\/\/www.eliassen.nl\/nl\/tafellamp-glas-mozaiek-wit-bol-21x21x19cm\/","name":"Tafellamp glas moza\u00efek wit bol 21x21x19cm. - Eliassen Home & Garden","isPartOf":{"@id":"https:\/\/www.eliassen.nl\/nl\/#website"},"primaryImageOfPage":{"@id":"https:\/\/www.eliassen.nl\/nl\/tafellamp-glas-mozaiek-wit-bol-21x21x19cm\/#primaryimage"},"image":{"@id":"https:\/\/www.eliassen.nl\/nl\/tafellamp-glas-mozaiek-wit-bol-21x21x19cm\/#primaryimage"},"thumbnailUrl":"https:\/\/www.eliassen.nl\/wp-content\/uploads\/2024\/01\/wittemozaieklampeliassennl.jpg","datePublished":"2023-09-08T13:52:24+00:00","dateModified":"2026-02-09T19:56:33+00:00","description":"Op zoek naar een mooie sfeerlamp van moza\u00efek glas? Deze schitterende lamp in witte kleuren moza\u00efek zal u zeker waarderen. Een zeer mooie sfeer lamp. Leverbaar.","breadcrumb":{"@id":"https:\/\/www.eliassen.nl\/nl\/tafellamp-glas-mozaiek-wit-bol-21x21x19cm\/#breadcrumb"},"inLanguage":"nl-NL","potentialAction":[{"@type":"ReadAction","target":["https:\/\/www.eliassen.nl\/nl\/tafellamp-glas-mozaiek-wit-bol-21x21x19cm\/"]}]},{"@type":"ImageObject","inLanguage":"nl-NL","@id":"https:\/\/www.eliassen.nl\/nl\/tafellamp-glas-mozaiek-wit-bol-21x21x19cm\/#primaryimage","url":"https:\/\/www.eliassen.nl\/wp-content\/uploads\/2024\/01\/wittemozaieklampeliassennl.jpg","contentUrl":"https:\/\/www.eliassen.nl\/wp-content\/uploads\/2024\/01\/wittemozaieklampeliassennl.jpg","width":2048,"height":2045,"caption":"witte mozaieklamp - Eliassen.nl"},{"@type":"BreadcrumbList","@id":"https:\/\/www.eliassen.nl\/nl\/tafellamp-glas-mozaiek-wit-bol-21x21x19cm\/#breadcrumb","itemListElement":[{"@type":"ListItem","position":1,"name":"Home","item":"https:\/\/www.eliassen.nl\/nl\/"},{"@type":"ListItem","position":2,"name":"Winkel","item":"https:\/\/www.eliassen.nl\/nl\/winkel\/"},{"@type":"ListItem","position":3,"name":"Sfeerverlichting","item":"https:\/\/www.eliassen.nl\/nl\/sfeerverlichting\/"},{"@type":"ListItem","position":4,"name":"Glazen lampen","item":"https:\/\/www.eliassen.nl\/nl\/sfeerverlichting\/glazen-lampen\/"},{"@type":"ListItem","position":5,"name":"Tafellamp glas moza\u00efek wit bol 21x21x19cm."}]},{"@type":"WebSite","@id":"https:\/\/www.eliassen.nl\/nl\/#website","url":"https:\/\/www.eliassen.nl\/nl\/","name":"Eliassen Home & Garden Pleasure","description":"","publisher":{"@id":"https:\/\/www.eliassen.nl\/nl\/#organization"},"alternateName":"Eliassen.nl","potentialAction":[{"@type":"SearchAction","target":{"@type":"EntryPoint","urlTemplate":"https:\/\/www.eliassen.nl\/nl\/?s={search_term_string}"},"query-input":{"@type":"PropertyValueSpecification","valueRequired":true,"valueName":"search_term_string"}}],"inLanguage":"nl-NL"},{"@type":["Organization","Place"],"@id":"https:\/\/www.eliassen.nl\/nl\/#organization","name":"Eliassen Home & Garden Pleasure","url":"https:\/\/www.eliassen.nl\/nl\/","logo":{"@id":"https:\/\/www.eliassen.nl\/nl\/tafellamp-glas-mozaiek-wit-bol-21x21x19cm\/#local-main-organization-logo"},"image":{"@id":"https:\/\/www.eliassen.nl\/nl\/tafellamp-glas-mozaiek-wit-bol-21x21x19cm\/#local-main-organization-logo"},"sameAs":["https:\/\/www.facebook.com\/TuincentrumEliassenAmmerzoden","https:\/\/www.instagram.com\/eliassenhomeandgarden\/","https:\/\/nl.pinterest.com\/eliassenhomeandgarden\/","https:\/\/www.youtube.com\/@eliassenhomegardenpleasure4558"],"telephone":[],"openingHoursSpecification":[{"@type":"OpeningHoursSpecification","dayOfWeek":["Monday","Tuesday","Wednesday","Thursday","Friday","Saturday","Sunday"],"opens":"09:00","closes":"17:00"}]},{"@type":"ImageObject","inLanguage":"nl-NL","@id":"https:\/\/www.eliassen.nl\/nl\/tafellamp-glas-mozaiek-wit-bol-21x21x19cm\/#local-main-organization-logo","url":"https:\/\/www.eliassen.nl\/wp-content\/uploads\/2024\/01\/logo_4nd.jpg","contentUrl":"https:\/\/www.eliassen.nl\/wp-content\/uploads\/2024\/01\/logo_4nd.jpg","width":500,"height":500,"caption":"Eliassen Home & Garden Pleasure"}]},"product_price_amount":"39.00","product_price_currency":"EUR","og_availability":"instock","product_availability":"instock","product_retailer_item_id":"M18w","product_condition":"new"},"df_price":39,"df_sale_price":39,"df_regular_price":52.5,"df_image_link":"https:\/\/www.eliassen.nl\/wp-content\/uploads\/2024\/01\/wittemozaieklampeliassennl.jpg","image":"https:\/\/www.eliassen.nl\/wp-content\/uploads\/2024\/01\/wittemozaieklampeliassennl.jpg","price_search":"<span class=\"woocommerce-Price-amount amount\"><bdi><span class=\"woocommerce-Price-currencySymbol\">&euro;<\/span>&nbsp;39,00<\/bdi><\/span>","category":"Glaskunst","global_unique_id":"6096527147117","sku":"6096527147117 \/ M18w","_links":{"self":[{"href":"https:\/\/www.eliassen.nl\/nl\/wp-json\/wp\/v2\/product\/94503","targetHints":{"allow":["GET"]}}],"collection":[{"href":"https:\/\/www.eliassen.nl\/nl\/wp-json\/wp\/v2\/product"}],"about":[{"href":"https:\/\/www.eliassen.nl\/nl\/wp-json\/wp\/v2\/types\/product"}],"wp:featuredmedia":[{"embeddable":true,"href":"https:\/\/www.eliassen.nl\/nl\/wp-json\/wp\/v2\/media\/94506"}],"wp:attachment":[{"href":"https:\/\/www.eliassen.nl\/nl\/wp-json\/wp\/v2\/media?parent=94503"}],"wp:term":[{"taxonomy":"product_brand","embeddable":true,"href":"https:\/\/www.eliassen.nl\/nl\/wp-json\/wp\/v2\/product_brand?post=94503"},{"taxonomy":"product_cat","embeddable":true,"href":"https:\/\/www.eliassen.nl\/nl\/wp-json\/wp\/v2\/product_cat?post=94503"},{"taxonomy":"product_tag","embeddable":true,"href":"https:\/\/www.eliassen.nl\/nl\/wp-json\/wp\/v2\/product_tag?post=94503"}],"curies":[{"name":"wp","href":"https:\/\/api.w.org\/{rel}","templated":true}]}}