{"id":200242,"date":"2025-12-11T16:26:13","date_gmt":"2025-12-11T15:26:13","guid":{"rendered":"https:\/\/www.eliassen.nl\/?post_type=product&#038;p=200242"},"modified":"2026-01-16T16:11:03","modified_gmt":"2026-01-16T15:11:03","slug":"lezend-meisje-op-bank-brons-111cm","status":"publish","type":"product","link":"https:\/\/www.eliassen.nl\/nl\/lezend-meisje-op-bank-brons-111cm\/","title":{"rendered":"Lezend meisje op bank brons 111cm"},"content":{"rendered":"<p><b>Waarom een bronzen beeld?<\/b><\/p>\n<p><i><span style=\"font-weight: 400;\">Duurzaam<\/span><\/i><span style=\"font-weight: 400;\">: Ze zijn enorm duurzaam en sterk. Brons is goed bestemd tegen corrosie en slijtage \u00e9n wordt nooit groen en gaan niet roesten.<\/span><span style=\"font-weight: 400;\"><br \/>\n<\/span> <i><span style=\"font-weight: 400;\">Kleur<\/span><\/i><span style=\"font-weight: 400;\">: Van nature heeft brons een hele unieke warme kleur met een goudachtige tint. Sommige beelden zijn met ander zuur behandeld wat een groene kleur oplevert. Dit biedt diversiteit zonder kwaliteitsverlies.<\/span><span style=\"font-weight: 400;\"><br \/>\n<\/span> <i><span style=\"font-weight: 400;\">Kunstig beeld<\/span><\/i><span style=\"font-weight: 400;\">: Bronzen beelden staan bekend om hoge kwaliteit standbeelden en andere hoogwaardige sierlijke objecten. Met een bronzen beeld brengt u dus niet alleen een decoratief beeld in uw tuin, maar ook een sfeer gepaard met kunst en cultuur \u00e9n een gespreksonderwerp.<\/span><\/p>\n<p><span style=\"font-weight: 400;\">Hiermee is een bronzen beeld de perfecte keuze als u opzoek bent naar een kunstzinnige \u00e9n unieke decoratieve toevoeging voor in uw tuin, interieur of bedrijfsruimte.<\/span><\/p>\n<p><b>Waarom kiest u voor dit lezende meisje op een bank?<\/b><\/p>\n<p><span style=\"font-weight: 400;\">Dit model bronzen beeld van een meisje dat een boek leest op een bankje biedt een unieke uitstraling in uw tuin. De bronzen kleuren toont een authentieke en hoogwaardige uitstraling en zorgt voor een klassiek, levendig beeld. Dit maakt dit beeld ideaal als toevoeging in uw interieur als u opzoek bent naar meer levendigheid met een klassieke uitstraling.<\/span><\/p>\n<ul>\n<li><span style=\"font-weight: 400;\"> \u00a0 \u00a0 \u00a0 \u00a0 <\/span><span style=\"font-weight: 400;\">Afmetingen: 111cm hoog<\/span><\/li>\n<li><span style=\"font-weight: 400;\"> \u00a0 \u00a0 \u00a0 \u00a0 <\/span><b>Direct live te bekijken \u00f3f na slechts \u00e9\u00e9n week op aanvraag!<\/b><\/li>\n<\/ul>\n<p><b>Waarom bronzen beeld bij Eliassen?<\/b><\/p>\n<p><span style=\"font-weight: 400;\">Bij Eliassen bieden we een breed assortiment aan beelden gevaardigd uit brons!<\/span><\/p>\n<ul>\n<li><span style=\"font-weight: 400;\"> \u00a0 \u00a0 \u00a0 \u00a0 <\/span><span style=\"font-weight: 400;\">Diverse kleuren en modellen beschikbaar. Van klein tot groot.<\/span><\/li>\n<li><span style=\"font-weight: 400;\"> \u00a0 \u00a0 \u00a0 \u00a0 <\/span><span style=\"font-weight: 400;\">Denk aan personen, dieren, abstracte figuren, moderne bronzen beelden, klassieke bronzen beelden etc.<\/span><\/li>\n<li><span style=\"font-weight: 400;\"> \u00a0 \u00a0 \u00a0 \u00a0 <\/span><span style=\"font-weight: 400;\">Minimale kopergehalte van 75 procent; zeer lange levensduur.<\/span><\/li>\n<li><span style=\"font-weight: 400;\"> \u00a0 \u00a0 \u00a0 \u00a0 <\/span><span style=\"font-weight: 400;\">Maar liefst 30 jaar garantie.<\/span><\/li>\n<li><span style=\"font-weight: 400;\"> \u00a0 \u00a0 \u00a0 \u00a0 <\/span><span style=\"font-weight: 400;\">De meeste beelden hebben schroefdraad M8 aan de onderzijde.<\/span><\/li>\n<li><span style=\"font-weight: 400;\"> \u00a0 \u00a0 \u00a0 \u00a0 <\/span><b>Live showroom met +600 diverse modellen live te bekijken!<\/b><\/li>\n<\/ul>\n<p><span style=\"font-weight: 400;\">\u00b7<\/span><span style=\"font-weight: 400;\"> \u00a0 \u00a0 \u00a0 <\/span><b>Andere modellen op aanvraag binnen een week te bekijken!<\/b><\/p>\n","protected":false},"excerpt":{"rendered":"<p>\u2713 Handgemaakt \u2713 Van hoogwaardig brons \u2713 30 jaar garantie<\/p>\n","protected":false},"featured_media":200506,"template":"","meta":{"_acf_changed":false,"_genesis_title":"","_genesis_description":""},"product_brand":[],"product_cat":[625,611],"product_tag":[],"class_list":{"0":"post-200242","1":"product","2":"type-product","3":"status-publish","4":"has-post-thumbnail","6":"product_cat-bronzen-beeld-van-kinderen","7":"product_cat-bronzen-beelden","9":"first","10":"instock","11":"taxable","12":"shipping-taxable","13":"purchasable","14":"product-type-simple"},"acf":[],"meta_all":{"cor_restricted_countries":[],"cor_product_price_text_product_level":"","cor_add_text":"","cor_hide_r_add_cart_product_level":"1","cor_product_price_cart_btn_product_level":"","cor_replace_add_to_cart_custom_btn_product_level":"","enbility_product_level_disability":" ","enbility_product_level_exclude_visibility_rules":" ","total_sales":"0","wpseo_global_identifier_values":{"gtin8":"","gtin12":"","gtin13":"","gtin14":"","isbn":"","mpn":""}},"meta_all_flat":{"cor_product_price_text_product_level":"","cor_add_text":"","cor_hide_r_add_cart_product_level":"1","cor_product_price_cart_btn_product_level":"","cor_replace_add_to_cart_custom_btn_product_level":"","enbility_product_level_disability":" ","enbility_product_level_exclude_visibility_rules":" ","total_sales":"0","wpseo_global_identifier_values.gtin8":"","wpseo_global_identifier_values.gtin12":"","wpseo_global_identifier_values.gtin13":"","wpseo_global_identifier_values.gtin14":"","wpseo_global_identifier_values.isbn":"","wpseo_global_identifier_values.mpn":""},"yoast_head":"<!-- This site is optimized with the Yoast SEO Premium plugin v26.2 (Yoast SEO v27.2) - https:\/\/yoast.com\/product\/yoast-seo-premium-wordpress\/ -->\n<title>Lezend meisje op bank brons 111cm - Eliassen.nl<\/title>\n<meta name=\"description\" content=\"Op zoek naar een hoogwaardig bronzen beeld? Dit mooie model van een lezend meisje op een bankje zult u zeker waarderen. Levensbestendig. Snel leverbaar.\" \/>\n<meta name=\"robots\" content=\"index, follow, max-snippet:-1, max-image-preview:large, max-video-preview:-1\" \/>\n<link rel=\"canonical\" href=\"https:\/\/www.eliassen.nl\/nl\/lezend-meisje-op-bank-brons-111cm\/\" \/>\n<meta property=\"og:locale\" content=\"nl_NL\" \/>\n<meta property=\"og:type\" content=\"article\" \/>\n<meta property=\"og:title\" content=\"Lezend meisje op bank brons 111cm - Eliassen.nl\" \/>\n<meta property=\"og:description\" content=\"Op zoek naar een hoogwaardig bronzen beeld? Dit mooie model van een lezend meisje op een bankje zult u zeker waarderen. Levensbestendig. Snel leverbaar.\" \/>\n<meta property=\"og:url\" content=\"https:\/\/www.eliassen.nl\/nl\/lezend-meisje-op-bank-brons-111cm\/\" \/>\n<meta property=\"og:site_name\" content=\"Eliassen.nl\" \/>\n<meta property=\"article:publisher\" content=\"https:\/\/www.facebook.com\/TuincentrumEliassenAmmerzoden\" \/>\n<meta property=\"article:modified_time\" content=\"2026-01-16T15:11:03+00:00\" \/>\n<meta property=\"og:image\" content=\"https:\/\/www.eliassen.nl\/wp-content\/uploads\/2025\/12\/1000073700.png\" \/>\n\t<meta property=\"og:image:width\" content=\"2560\" \/>\n\t<meta property=\"og:image:height\" content=\"1920\" \/>\n\t<meta property=\"og:image:type\" content=\"image\/png\" \/>\n<meta name=\"twitter:card\" content=\"summary_large_image\" \/>\n<script type=\"application\/ld+json\" class=\"yoast-schema-graph\">{\"@context\":\"https:\/\/schema.org\",\"@graph\":[{\"@type\":\"WebPage\",\"@id\":\"https:\/\/www.eliassen.nl\/nl\/lezend-meisje-op-bank-brons-111cm\/\",\"url\":\"https:\/\/www.eliassen.nl\/nl\/lezend-meisje-op-bank-brons-111cm\/\",\"name\":\"Lezend meisje op bank brons 111cm - Eliassen.nl\",\"isPartOf\":{\"@id\":\"https:\/\/www.eliassen.nl\/nl\/#website\"},\"primaryImageOfPage\":{\"@id\":\"https:\/\/www.eliassen.nl\/nl\/lezend-meisje-op-bank-brons-111cm\/#primaryimage\"},\"image\":{\"@id\":\"https:\/\/www.eliassen.nl\/nl\/lezend-meisje-op-bank-brons-111cm\/#primaryimage\"},\"thumbnailUrl\":\"https:\/\/www.eliassen.nl\/wp-content\/uploads\/2025\/12\/1000073700.png\",\"datePublished\":\"2025-12-11T15:26:13+00:00\",\"dateModified\":\"2026-01-16T15:11:03+00:00\",\"description\":\"Op zoek naar een hoogwaardig bronzen beeld? Dit mooie model van een lezend meisje op een bankje zult u zeker waarderen. Levensbestendig. Snel leverbaar.\",\"breadcrumb\":{\"@id\":\"https:\/\/www.eliassen.nl\/nl\/lezend-meisje-op-bank-brons-111cm\/#breadcrumb\"},\"inLanguage\":\"nl-NL\",\"potentialAction\":[{\"@type\":\"ReadAction\",\"target\":[\"https:\/\/www.eliassen.nl\/nl\/lezend-meisje-op-bank-brons-111cm\/\"]}]},{\"@type\":\"ImageObject\",\"inLanguage\":\"nl-NL\",\"@id\":\"https:\/\/www.eliassen.nl\/nl\/lezend-meisje-op-bank-brons-111cm\/#primaryimage\",\"url\":\"https:\/\/www.eliassen.nl\/wp-content\/uploads\/2025\/12\/1000073700.png\",\"contentUrl\":\"https:\/\/www.eliassen.nl\/wp-content\/uploads\/2025\/12\/1000073700.png\",\"width\":2560,\"height\":1920,\"caption\":\"Lezend meisje op bank brons 111cm\"},{\"@type\":\"BreadcrumbList\",\"@id\":\"https:\/\/www.eliassen.nl\/nl\/lezend-meisje-op-bank-brons-111cm\/#breadcrumb\",\"itemListElement\":[{\"@type\":\"ListItem\",\"position\":1,\"name\":\"Home\",\"item\":\"https:\/\/www.eliassen.nl\/nl\/\"},{\"@type\":\"ListItem\",\"position\":2,\"name\":\"Winkel\",\"item\":\"https:\/\/www.eliassen.nl\/nl\/winkel\/\"},{\"@type\":\"ListItem\",\"position\":3,\"name\":\"Bronzen Beelden\",\"item\":\"https:\/\/www.eliassen.nl\/nl\/bronzen-beelden\/\"},{\"@type\":\"ListItem\",\"position\":4,\"name\":\"Bronzen beeld van kinderen\",\"item\":\"https:\/\/www.eliassen.nl\/nl\/bronzen-beelden\/bronzen-beeld-van-kinderen\/\"},{\"@type\":\"ListItem\",\"position\":5,\"name\":\"Lezend meisje op bank brons 111cm\"}]},{\"@type\":\"WebSite\",\"@id\":\"https:\/\/www.eliassen.nl\/nl\/#website\",\"url\":\"https:\/\/www.eliassen.nl\/nl\/\",\"name\":\"Eliassen Home & Garden Pleasure\",\"description\":\"\",\"publisher\":{\"@id\":\"https:\/\/www.eliassen.nl\/nl\/#organization\"},\"alternateName\":\"Eliassen.nl\",\"potentialAction\":[{\"@type\":\"SearchAction\",\"target\":{\"@type\":\"EntryPoint\",\"urlTemplate\":\"https:\/\/www.eliassen.nl\/nl\/?s={search_term_string}\"},\"query-input\":{\"@type\":\"PropertyValueSpecification\",\"valueRequired\":true,\"valueName\":\"search_term_string\"}}],\"inLanguage\":\"nl-NL\"},{\"@type\":[\"Organization\",\"Place\"],\"@id\":\"https:\/\/www.eliassen.nl\/nl\/#organization\",\"name\":\"Eliassen Home & Garden Pleasure\",\"url\":\"https:\/\/www.eliassen.nl\/nl\/\",\"logo\":{\"@id\":\"https:\/\/www.eliassen.nl\/nl\/lezend-meisje-op-bank-brons-111cm\/#local-main-organization-logo\"},\"image\":{\"@id\":\"https:\/\/www.eliassen.nl\/nl\/lezend-meisje-op-bank-brons-111cm\/#local-main-organization-logo\"},\"sameAs\":[\"https:\/\/www.facebook.com\/TuincentrumEliassenAmmerzoden\",\"https:\/\/www.instagram.com\/eliassenhomeandgarden\/\",\"https:\/\/nl.pinterest.com\/eliassenhomeandgarden\/\",\"https:\/\/www.youtube.com\/@eliassenhomegardenpleasure4558\"],\"telephone\":[],\"openingHoursSpecification\":[{\"@type\":\"OpeningHoursSpecification\",\"dayOfWeek\":[\"Monday\",\"Tuesday\",\"Wednesday\",\"Thursday\",\"Friday\",\"Saturday\",\"Sunday\"],\"opens\":\"09:00\",\"closes\":\"17:00\"}]},{\"@type\":\"ImageObject\",\"inLanguage\":\"nl-NL\",\"@id\":\"https:\/\/www.eliassen.nl\/nl\/lezend-meisje-op-bank-brons-111cm\/#local-main-organization-logo\",\"url\":\"https:\/\/www.eliassen.nl\/wp-content\/uploads\/2024\/01\/logo_4nd.jpg\",\"contentUrl\":\"https:\/\/www.eliassen.nl\/wp-content\/uploads\/2024\/01\/logo_4nd.jpg\",\"width\":500,\"height\":500,\"caption\":\"Eliassen Home & Garden Pleasure\"}]}<\/script>\n<meta property=\"product:price:amount\" content=\"3250.00\" \/>\n<meta property=\"product:price:currency\" content=\"EUR\" \/>\n<meta property=\"og:availability\" content=\"instock\" \/>\n<meta property=\"product:availability\" content=\"instock\" \/>\n<meta property=\"product:retailer_item_id\" content=\"6096524431493 \/ Lv525\" \/>\n<meta property=\"product:condition\" content=\"new\" \/>\n<!-- \/ Yoast SEO Premium plugin. -->","yoast_head_json":{"title":"Lezend meisje op bank brons 111cm - Eliassen.nl","description":"Op zoek naar een hoogwaardig bronzen beeld? Dit mooie model van een lezend meisje op een bankje zult u zeker waarderen. Levensbestendig. Snel leverbaar.","robots":{"index":"index","follow":"follow","max-snippet":"max-snippet:-1","max-image-preview":"max-image-preview:large","max-video-preview":"max-video-preview:-1"},"canonical":"https:\/\/www.eliassen.nl\/nl\/lezend-meisje-op-bank-brons-111cm\/","og_locale":"nl_NL","og_type":"article","og_title":"Lezend meisje op bank brons 111cm - Eliassen.nl","og_description":"Op zoek naar een hoogwaardig bronzen beeld? Dit mooie model van een lezend meisje op een bankje zult u zeker waarderen. Levensbestendig. Snel leverbaar.","og_url":"https:\/\/www.eliassen.nl\/nl\/lezend-meisje-op-bank-brons-111cm\/","og_site_name":"Eliassen.nl","article_publisher":"https:\/\/www.facebook.com\/TuincentrumEliassenAmmerzoden","article_modified_time":"2026-01-16T15:11:03+00:00","og_image":[{"width":2560,"height":1920,"url":"https:\/\/www.eliassen.nl\/wp-content\/uploads\/2025\/12\/1000073700.png","type":"image\/png"}],"twitter_card":"summary_large_image","schema":{"@context":"https:\/\/schema.org","@graph":[{"@type":"WebPage","@id":"https:\/\/www.eliassen.nl\/nl\/lezend-meisje-op-bank-brons-111cm\/","url":"https:\/\/www.eliassen.nl\/nl\/lezend-meisje-op-bank-brons-111cm\/","name":"Lezend meisje op bank brons 111cm - Eliassen.nl","isPartOf":{"@id":"https:\/\/www.eliassen.nl\/nl\/#website"},"primaryImageOfPage":{"@id":"https:\/\/www.eliassen.nl\/nl\/lezend-meisje-op-bank-brons-111cm\/#primaryimage"},"image":{"@id":"https:\/\/www.eliassen.nl\/nl\/lezend-meisje-op-bank-brons-111cm\/#primaryimage"},"thumbnailUrl":"https:\/\/www.eliassen.nl\/wp-content\/uploads\/2025\/12\/1000073700.png","datePublished":"2025-12-11T15:26:13+00:00","dateModified":"2026-01-16T15:11:03+00:00","description":"Op zoek naar een hoogwaardig bronzen beeld? Dit mooie model van een lezend meisje op een bankje zult u zeker waarderen. Levensbestendig. Snel leverbaar.","breadcrumb":{"@id":"https:\/\/www.eliassen.nl\/nl\/lezend-meisje-op-bank-brons-111cm\/#breadcrumb"},"inLanguage":"nl-NL","potentialAction":[{"@type":"ReadAction","target":["https:\/\/www.eliassen.nl\/nl\/lezend-meisje-op-bank-brons-111cm\/"]}]},{"@type":"ImageObject","inLanguage":"nl-NL","@id":"https:\/\/www.eliassen.nl\/nl\/lezend-meisje-op-bank-brons-111cm\/#primaryimage","url":"https:\/\/www.eliassen.nl\/wp-content\/uploads\/2025\/12\/1000073700.png","contentUrl":"https:\/\/www.eliassen.nl\/wp-content\/uploads\/2025\/12\/1000073700.png","width":2560,"height":1920,"caption":"Lezend meisje op bank brons 111cm"},{"@type":"BreadcrumbList","@id":"https:\/\/www.eliassen.nl\/nl\/lezend-meisje-op-bank-brons-111cm\/#breadcrumb","itemListElement":[{"@type":"ListItem","position":1,"name":"Home","item":"https:\/\/www.eliassen.nl\/nl\/"},{"@type":"ListItem","position":2,"name":"Winkel","item":"https:\/\/www.eliassen.nl\/nl\/winkel\/"},{"@type":"ListItem","position":3,"name":"Bronzen Beelden","item":"https:\/\/www.eliassen.nl\/nl\/bronzen-beelden\/"},{"@type":"ListItem","position":4,"name":"Bronzen beeld van kinderen","item":"https:\/\/www.eliassen.nl\/nl\/bronzen-beelden\/bronzen-beeld-van-kinderen\/"},{"@type":"ListItem","position":5,"name":"Lezend meisje op bank brons 111cm"}]},{"@type":"WebSite","@id":"https:\/\/www.eliassen.nl\/nl\/#website","url":"https:\/\/www.eliassen.nl\/nl\/","name":"Eliassen Home & Garden Pleasure","description":"","publisher":{"@id":"https:\/\/www.eliassen.nl\/nl\/#organization"},"alternateName":"Eliassen.nl","potentialAction":[{"@type":"SearchAction","target":{"@type":"EntryPoint","urlTemplate":"https:\/\/www.eliassen.nl\/nl\/?s={search_term_string}"},"query-input":{"@type":"PropertyValueSpecification","valueRequired":true,"valueName":"search_term_string"}}],"inLanguage":"nl-NL"},{"@type":["Organization","Place"],"@id":"https:\/\/www.eliassen.nl\/nl\/#organization","name":"Eliassen Home & Garden Pleasure","url":"https:\/\/www.eliassen.nl\/nl\/","logo":{"@id":"https:\/\/www.eliassen.nl\/nl\/lezend-meisje-op-bank-brons-111cm\/#local-main-organization-logo"},"image":{"@id":"https:\/\/www.eliassen.nl\/nl\/lezend-meisje-op-bank-brons-111cm\/#local-main-organization-logo"},"sameAs":["https:\/\/www.facebook.com\/TuincentrumEliassenAmmerzoden","https:\/\/www.instagram.com\/eliassenhomeandgarden\/","https:\/\/nl.pinterest.com\/eliassenhomeandgarden\/","https:\/\/www.youtube.com\/@eliassenhomegardenpleasure4558"],"telephone":[],"openingHoursSpecification":[{"@type":"OpeningHoursSpecification","dayOfWeek":["Monday","Tuesday","Wednesday","Thursday","Friday","Saturday","Sunday"],"opens":"09:00","closes":"17:00"}]},{"@type":"ImageObject","inLanguage":"nl-NL","@id":"https:\/\/www.eliassen.nl\/nl\/lezend-meisje-op-bank-brons-111cm\/#local-main-organization-logo","url":"https:\/\/www.eliassen.nl\/wp-content\/uploads\/2024\/01\/logo_4nd.jpg","contentUrl":"https:\/\/www.eliassen.nl\/wp-content\/uploads\/2024\/01\/logo_4nd.jpg","width":500,"height":500,"caption":"Eliassen Home & Garden Pleasure"}]},"product_price_amount":"3250.00","product_price_currency":"EUR","og_availability":"instock","product_availability":"instock","product_retailer_item_id":"6096524431493 \/ Lv525","product_condition":"new"},"df_price":3250,"df_sale_price":"","df_regular_price":3250,"df_image_link":"https:\/\/www.eliassen.nl\/wp-content\/uploads\/2025\/12\/1000073700-300x225.png","image":"https:\/\/www.eliassen.nl\/wp-content\/uploads\/2025\/12\/1000073700-150x150.png","price_search":"<span class=\"woocommerce-Price-amount amount\"><bdi><span class=\"woocommerce-Price-currencySymbol\">&euro;<\/span>&nbsp;3.250,00<\/bdi><\/span>","category":"Bronzen beeld van kinderen","global_unique_id":"6096524431493","sku":"6096524431493 \/ 6096524431493 \/ Lv525","_links":{"self":[{"href":"https:\/\/www.eliassen.nl\/nl\/wp-json\/wp\/v2\/product\/200242","targetHints":{"allow":["GET"]}}],"collection":[{"href":"https:\/\/www.eliassen.nl\/nl\/wp-json\/wp\/v2\/product"}],"about":[{"href":"https:\/\/www.eliassen.nl\/nl\/wp-json\/wp\/v2\/types\/product"}],"wp:featuredmedia":[{"embeddable":true,"href":"https:\/\/www.eliassen.nl\/nl\/wp-json\/wp\/v2\/media\/200506"}],"wp:attachment":[{"href":"https:\/\/www.eliassen.nl\/nl\/wp-json\/wp\/v2\/media?parent=200242"}],"wp:term":[{"taxonomy":"product_brand","embeddable":true,"href":"https:\/\/www.eliassen.nl\/nl\/wp-json\/wp\/v2\/product_brand?post=200242"},{"taxonomy":"product_cat","embeddable":true,"href":"https:\/\/www.eliassen.nl\/nl\/wp-json\/wp\/v2\/product_cat?post=200242"},{"taxonomy":"product_tag","embeddable":true,"href":"https:\/\/www.eliassen.nl\/nl\/wp-json\/wp\/v2\/product_tag?post=200242"}],"curies":[{"name":"wp","href":"https:\/\/api.w.org\/{rel}","templated":true}]}}