{"id":192665,"date":"2025-10-10T14:23:53","date_gmt":"2025-10-10T12:23:53","guid":{"rendered":"https:\/\/www.eliassen.nl\/?post_type=product&#038;p=192665"},"modified":"2026-02-06T14:27:39","modified_gmt":"2026-02-06T13:27:39","slug":"cameo-glaslamp-bessen-46cm","status":"publish","type":"product","link":"https:\/\/www.eliassen.nl\/nl\/cameo-glaslamp-bessen-46cm\/","title":{"rendered":"Cameo glaslamp van Emile Gall\u00e9 Bessen 46cm"},"content":{"rendered":"<p data-path-to-node=\"1\">Breng de klassieke schoonheid van Art Nouveau in jouw interieur met de prachtige Cameo glaslamp &#8216;Bessen&#8217;. Met een hoogte van 46cm en een verfijnde diameter van de kap (26cm) is dit model een subtiele, maar sfeervolle toevoeging aan elke ruimte. De lamp, gemaakt naar voorbeeld van de wereldberoemde glaskunstenaar \u00c9mile Gall\u00e9, is versierd met een decoratief bessenmotief in warme gele, oranje en bruine tinten. Dit zorgt voor een zachte, warme gloed zodra je de verlichting inschakelt.<\/p>\n<p data-path-to-node=\"2\">Het dikke glas is vervaardigd volgens de traditionele Cameo-techniek. Hierbij worden meerdere gekleurde glaslagen over elkaar aangebracht en vervolgens bewerkt door etsen of snijden, wat resulteert in een prachtig diepte-effect. Doordat elk stuk met de hand wordt gemaakt, haal je altijd een uniek exemplaar in huis. De lamp staat stevig op een voet van 14cm en is uitgerust met twee lichtpunten (E27 en E14) en een snoer van 200cm. Wil je de warme uitstraling en het vakmanschap liever eerst zelf beoordelen? Kom dan gerust langs in onze showroom om dit model te bekijken.<\/p>\n","protected":false},"excerpt":{"rendered":"<p>Deze handgemaakte Cameo glaslamp (46cm) in \u00c9mile Gall\u00e9 stijl is voorzien van een sfeervol bessenmotief in warme geel-bruine en oranje tinten. De artistieke bewerking van de glaslagen zorgt voor een unieke diepte en een warme sfeer in jouw woning.<\/p>\n","protected":false},"featured_media":192666,"template":"","meta":{"_acf_changed":false,"_genesis_title":"","_genesis_description":""},"product_brand":[7504],"product_cat":[1201,799,748,808,745],"product_tag":[],"class_list":{"0":"post-192665","1":"product","2":"type-product","3":"status-publish","4":"has-post-thumbnail","6":"product_brand-overig","7":"product_cat-cameo-glascollectie","8":"product_cat-glaskunst","9":"product_cat-glazen-lampen","10":"product_cat-lampen-van-glas","11":"product_cat-sfeerverlichting","13":"first","14":"instock","15":"taxable","16":"shipping-taxable","17":"purchasable","18":"product-type-simple"},"acf":[],"meta_all":{"cor_restricted_countries":[],"cor_product_price_text_product_level":"","cor_add_text":"","cor_hide_r_add_cart_product_level":"1","cor_product_price_cart_btn_product_level":"","cor_replace_add_to_cart_custom_btn_product_level":"","enbility_product_level_disability":" ","enbility_product_level_exclude_visibility_rules":" ","total_sales":"0","wpseo_global_identifier_values":{"gtin8":"","gtin12":"","gtin13":"","gtin14":"","isbn":"","mpn":""}},"meta_all_flat":{"cor_product_price_text_product_level":"","cor_add_text":"","cor_hide_r_add_cart_product_level":"1","cor_product_price_cart_btn_product_level":"","cor_replace_add_to_cart_custom_btn_product_level":"","enbility_product_level_disability":" ","enbility_product_level_exclude_visibility_rules":" ","total_sales":"0","wpseo_global_identifier_values.gtin8":"","wpseo_global_identifier_values.gtin12":"","wpseo_global_identifier_values.gtin13":"","wpseo_global_identifier_values.gtin14":"","wpseo_global_identifier_values.isbn":"","wpseo_global_identifier_values.mpn":""},"yoast_head":"<!-- This site is optimized with the Yoast SEO Premium plugin v26.2 (Yoast SEO v27.2) - https:\/\/yoast.com\/product\/yoast-seo-premium-wordpress\/ -->\n<title>Overig Cameo glaslamp van Emile Gall\u00e9 Bessen 46cm - Eliassen.nl<\/title>\n<meta name=\"description\" content=\"Sfeervolle Cameo glaslamp (46cm) met uniek bessen decor in \u00c9mile Gall\u00e9 stijl. Warme geel-bruine kleuren en handgemaakt. Bestel dit kunstwerk online!\" \/>\n<meta name=\"robots\" content=\"index, follow, max-snippet:-1, max-image-preview:large, max-video-preview:-1\" \/>\n<link rel=\"canonical\" href=\"https:\/\/www.eliassen.nl\/nl\/cameo-glaslamp-bessen-46cm\/\" \/>\n<meta property=\"og:locale\" content=\"nl_NL\" \/>\n<meta property=\"og:type\" content=\"article\" \/>\n<meta property=\"og:title\" content=\"Overig Cameo glaslamp van Emile Gall\u00e9 Bessen 46cm - Eliassen.nl\" \/>\n<meta property=\"og:description\" content=\"Sfeervolle Cameo glaslamp (46cm) met uniek bessen decor in \u00c9mile Gall\u00e9 stijl. Warme geel-bruine kleuren en handgemaakt. Bestel dit kunstwerk online!\" \/>\n<meta property=\"og:url\" content=\"https:\/\/www.eliassen.nl\/nl\/cameo-glaslamp-bessen-46cm\/\" \/>\n<meta property=\"og:site_name\" content=\"Eliassen.nl\" \/>\n<meta property=\"article:publisher\" content=\"https:\/\/www.facebook.com\/TuincentrumEliassenAmmerzoden\" \/>\n<meta property=\"article:modified_time\" content=\"2026-02-06T13:27:39+00:00\" \/>\n<meta property=\"og:image\" content=\"https:\/\/www.eliassen.nl\/wp-content\/uploads\/2025\/10\/Cameo-glaslamp-Bessen-Eliassen.nl-Gla81-scaled.jpeg\" \/>\n\t<meta property=\"og:image:width\" content=\"1611\" \/>\n\t<meta property=\"og:image:height\" content=\"2560\" \/>\n\t<meta property=\"og:image:type\" content=\"image\/jpeg\" \/>\n<meta name=\"twitter:card\" content=\"summary_large_image\" \/>\n<script type=\"application\/ld+json\" class=\"yoast-schema-graph\">{\"@context\":\"https:\/\/schema.org\",\"@graph\":[{\"@type\":\"WebPage\",\"@id\":\"https:\/\/www.eliassen.nl\/nl\/cameo-glaslamp-bessen-46cm\/\",\"url\":\"https:\/\/www.eliassen.nl\/nl\/cameo-glaslamp-bessen-46cm\/\",\"name\":\"Overig Cameo glaslamp van Emile Gall\u00e9 Bessen 46cm - Eliassen.nl\",\"isPartOf\":{\"@id\":\"https:\/\/www.eliassen.nl\/nl\/#website\"},\"primaryImageOfPage\":{\"@id\":\"https:\/\/www.eliassen.nl\/nl\/cameo-glaslamp-bessen-46cm\/#primaryimage\"},\"image\":{\"@id\":\"https:\/\/www.eliassen.nl\/nl\/cameo-glaslamp-bessen-46cm\/#primaryimage\"},\"thumbnailUrl\":\"https:\/\/www.eliassen.nl\/wp-content\/uploads\/2025\/10\/Cameo-glaslamp-Bessen-Eliassen.nl-Gla81-scaled.jpeg\",\"datePublished\":\"2025-10-10T12:23:53+00:00\",\"dateModified\":\"2026-02-06T13:27:39+00:00\",\"description\":\"Sfeervolle Cameo glaslamp (46cm) met uniek bessen decor in \u00c9mile Gall\u00e9 stijl. Warme geel-bruine kleuren en handgemaakt. Bestel dit kunstwerk online!\",\"breadcrumb\":{\"@id\":\"https:\/\/www.eliassen.nl\/nl\/cameo-glaslamp-bessen-46cm\/#breadcrumb\"},\"inLanguage\":\"nl-NL\",\"potentialAction\":[{\"@type\":\"ReadAction\",\"target\":[\"https:\/\/www.eliassen.nl\/nl\/cameo-glaslamp-bessen-46cm\/\"]}]},{\"@type\":\"ImageObject\",\"inLanguage\":\"nl-NL\",\"@id\":\"https:\/\/www.eliassen.nl\/nl\/cameo-glaslamp-bessen-46cm\/#primaryimage\",\"url\":\"https:\/\/www.eliassen.nl\/wp-content\/uploads\/2025\/10\/Cameo-glaslamp-Bessen-Eliassen.nl-Gla81-scaled.jpeg\",\"contentUrl\":\"https:\/\/www.eliassen.nl\/wp-content\/uploads\/2025\/10\/Cameo-glaslamp-Bessen-Eliassen.nl-Gla81-scaled.jpeg\",\"width\":1611,\"height\":2560},{\"@type\":\"BreadcrumbList\",\"@id\":\"https:\/\/www.eliassen.nl\/nl\/cameo-glaslamp-bessen-46cm\/#breadcrumb\",\"itemListElement\":[{\"@type\":\"ListItem\",\"position\":1,\"name\":\"Home\",\"item\":\"https:\/\/www.eliassen.nl\/nl\/\"},{\"@type\":\"ListItem\",\"position\":2,\"name\":\"Winkel\",\"item\":\"https:\/\/www.eliassen.nl\/nl\/winkel\/\"},{\"@type\":\"ListItem\",\"position\":3,\"name\":\"Glaskunst\",\"item\":\"https:\/\/www.eliassen.nl\/nl\/glaskunst\/\"},{\"@type\":\"ListItem\",\"position\":4,\"name\":\"Cameo glaslamp van Emile Gall\u00e9 Bessen 46cm\"}]},{\"@type\":\"WebSite\",\"@id\":\"https:\/\/www.eliassen.nl\/nl\/#website\",\"url\":\"https:\/\/www.eliassen.nl\/nl\/\",\"name\":\"Eliassen Home & Garden Pleasure\",\"description\":\"\",\"publisher\":{\"@id\":\"https:\/\/www.eliassen.nl\/nl\/#organization\"},\"alternateName\":\"Eliassen.nl\",\"potentialAction\":[{\"@type\":\"SearchAction\",\"target\":{\"@type\":\"EntryPoint\",\"urlTemplate\":\"https:\/\/www.eliassen.nl\/nl\/?s={search_term_string}\"},\"query-input\":{\"@type\":\"PropertyValueSpecification\",\"valueRequired\":true,\"valueName\":\"search_term_string\"}}],\"inLanguage\":\"nl-NL\"},{\"@type\":[\"Organization\",\"Place\"],\"@id\":\"https:\/\/www.eliassen.nl\/nl\/#organization\",\"name\":\"Eliassen Home & Garden Pleasure\",\"url\":\"https:\/\/www.eliassen.nl\/nl\/\",\"logo\":{\"@id\":\"https:\/\/www.eliassen.nl\/nl\/cameo-glaslamp-bessen-46cm\/#local-main-organization-logo\"},\"image\":{\"@id\":\"https:\/\/www.eliassen.nl\/nl\/cameo-glaslamp-bessen-46cm\/#local-main-organization-logo\"},\"sameAs\":[\"https:\/\/www.facebook.com\/TuincentrumEliassenAmmerzoden\",\"https:\/\/www.instagram.com\/eliassenhomeandgarden\/\",\"https:\/\/nl.pinterest.com\/eliassenhomeandgarden\/\",\"https:\/\/www.youtube.com\/@eliassenhomegardenpleasure4558\"],\"telephone\":[],\"openingHoursSpecification\":[{\"@type\":\"OpeningHoursSpecification\",\"dayOfWeek\":[\"Monday\",\"Tuesday\",\"Wednesday\",\"Thursday\",\"Friday\",\"Saturday\",\"Sunday\"],\"opens\":\"09:00\",\"closes\":\"17:00\"}]},{\"@type\":\"ImageObject\",\"inLanguage\":\"nl-NL\",\"@id\":\"https:\/\/www.eliassen.nl\/nl\/cameo-glaslamp-bessen-46cm\/#local-main-organization-logo\",\"url\":\"https:\/\/www.eliassen.nl\/wp-content\/uploads\/2024\/01\/logo_4nd.jpg\",\"contentUrl\":\"https:\/\/www.eliassen.nl\/wp-content\/uploads\/2024\/01\/logo_4nd.jpg\",\"width\":500,\"height\":500,\"caption\":\"Eliassen Home & Garden Pleasure\"}]}<\/script>\n<meta property=\"product:price:amount\" content=\"295.00\" \/>\n<meta property=\"product:price:currency\" content=\"EUR\" \/>\n<meta property=\"og:availability\" content=\"instock\" \/>\n<meta property=\"product:availability\" content=\"instock\" \/>\n<meta property=\"product:retailer_item_id\" content=\"gla81\" \/>\n<meta property=\"product:condition\" content=\"new\" \/>\n<!-- \/ Yoast SEO Premium plugin. -->","yoast_head_json":{"title":"Overig Cameo glaslamp van Emile Gall\u00e9 Bessen 46cm - Eliassen.nl","description":"Sfeervolle Cameo glaslamp (46cm) met uniek bessen decor in \u00c9mile Gall\u00e9 stijl. Warme geel-bruine kleuren en handgemaakt. Bestel dit kunstwerk online!","robots":{"index":"index","follow":"follow","max-snippet":"max-snippet:-1","max-image-preview":"max-image-preview:large","max-video-preview":"max-video-preview:-1"},"canonical":"https:\/\/www.eliassen.nl\/nl\/cameo-glaslamp-bessen-46cm\/","og_locale":"nl_NL","og_type":"article","og_title":"Overig Cameo glaslamp van Emile Gall\u00e9 Bessen 46cm - Eliassen.nl","og_description":"Sfeervolle Cameo glaslamp (46cm) met uniek bessen decor in \u00c9mile Gall\u00e9 stijl. Warme geel-bruine kleuren en handgemaakt. Bestel dit kunstwerk online!","og_url":"https:\/\/www.eliassen.nl\/nl\/cameo-glaslamp-bessen-46cm\/","og_site_name":"Eliassen.nl","article_publisher":"https:\/\/www.facebook.com\/TuincentrumEliassenAmmerzoden","article_modified_time":"2026-02-06T13:27:39+00:00","og_image":[{"width":1611,"height":2560,"url":"https:\/\/www.eliassen.nl\/wp-content\/uploads\/2025\/10\/Cameo-glaslamp-Bessen-Eliassen.nl-Gla81-scaled.jpeg","type":"image\/jpeg"}],"twitter_card":"summary_large_image","schema":{"@context":"https:\/\/schema.org","@graph":[{"@type":"WebPage","@id":"https:\/\/www.eliassen.nl\/nl\/cameo-glaslamp-bessen-46cm\/","url":"https:\/\/www.eliassen.nl\/nl\/cameo-glaslamp-bessen-46cm\/","name":"Overig Cameo glaslamp van Emile Gall\u00e9 Bessen 46cm - Eliassen.nl","isPartOf":{"@id":"https:\/\/www.eliassen.nl\/nl\/#website"},"primaryImageOfPage":{"@id":"https:\/\/www.eliassen.nl\/nl\/cameo-glaslamp-bessen-46cm\/#primaryimage"},"image":{"@id":"https:\/\/www.eliassen.nl\/nl\/cameo-glaslamp-bessen-46cm\/#primaryimage"},"thumbnailUrl":"https:\/\/www.eliassen.nl\/wp-content\/uploads\/2025\/10\/Cameo-glaslamp-Bessen-Eliassen.nl-Gla81-scaled.jpeg","datePublished":"2025-10-10T12:23:53+00:00","dateModified":"2026-02-06T13:27:39+00:00","description":"Sfeervolle Cameo glaslamp (46cm) met uniek bessen decor in \u00c9mile Gall\u00e9 stijl. Warme geel-bruine kleuren en handgemaakt. Bestel dit kunstwerk online!","breadcrumb":{"@id":"https:\/\/www.eliassen.nl\/nl\/cameo-glaslamp-bessen-46cm\/#breadcrumb"},"inLanguage":"nl-NL","potentialAction":[{"@type":"ReadAction","target":["https:\/\/www.eliassen.nl\/nl\/cameo-glaslamp-bessen-46cm\/"]}]},{"@type":"ImageObject","inLanguage":"nl-NL","@id":"https:\/\/www.eliassen.nl\/nl\/cameo-glaslamp-bessen-46cm\/#primaryimage","url":"https:\/\/www.eliassen.nl\/wp-content\/uploads\/2025\/10\/Cameo-glaslamp-Bessen-Eliassen.nl-Gla81-scaled.jpeg","contentUrl":"https:\/\/www.eliassen.nl\/wp-content\/uploads\/2025\/10\/Cameo-glaslamp-Bessen-Eliassen.nl-Gla81-scaled.jpeg","width":1611,"height":2560},{"@type":"BreadcrumbList","@id":"https:\/\/www.eliassen.nl\/nl\/cameo-glaslamp-bessen-46cm\/#breadcrumb","itemListElement":[{"@type":"ListItem","position":1,"name":"Home","item":"https:\/\/www.eliassen.nl\/nl\/"},{"@type":"ListItem","position":2,"name":"Winkel","item":"https:\/\/www.eliassen.nl\/nl\/winkel\/"},{"@type":"ListItem","position":3,"name":"Glaskunst","item":"https:\/\/www.eliassen.nl\/nl\/glaskunst\/"},{"@type":"ListItem","position":4,"name":"Cameo glaslamp van Emile Gall\u00e9 Bessen 46cm"}]},{"@type":"WebSite","@id":"https:\/\/www.eliassen.nl\/nl\/#website","url":"https:\/\/www.eliassen.nl\/nl\/","name":"Eliassen Home & Garden Pleasure","description":"","publisher":{"@id":"https:\/\/www.eliassen.nl\/nl\/#organization"},"alternateName":"Eliassen.nl","potentialAction":[{"@type":"SearchAction","target":{"@type":"EntryPoint","urlTemplate":"https:\/\/www.eliassen.nl\/nl\/?s={search_term_string}"},"query-input":{"@type":"PropertyValueSpecification","valueRequired":true,"valueName":"search_term_string"}}],"inLanguage":"nl-NL"},{"@type":["Organization","Place"],"@id":"https:\/\/www.eliassen.nl\/nl\/#organization","name":"Eliassen Home & Garden Pleasure","url":"https:\/\/www.eliassen.nl\/nl\/","logo":{"@id":"https:\/\/www.eliassen.nl\/nl\/cameo-glaslamp-bessen-46cm\/#local-main-organization-logo"},"image":{"@id":"https:\/\/www.eliassen.nl\/nl\/cameo-glaslamp-bessen-46cm\/#local-main-organization-logo"},"sameAs":["https:\/\/www.facebook.com\/TuincentrumEliassenAmmerzoden","https:\/\/www.instagram.com\/eliassenhomeandgarden\/","https:\/\/nl.pinterest.com\/eliassenhomeandgarden\/","https:\/\/www.youtube.com\/@eliassenhomegardenpleasure4558"],"telephone":[],"openingHoursSpecification":[{"@type":"OpeningHoursSpecification","dayOfWeek":["Monday","Tuesday","Wednesday","Thursday","Friday","Saturday","Sunday"],"opens":"09:00","closes":"17:00"}]},{"@type":"ImageObject","inLanguage":"nl-NL","@id":"https:\/\/www.eliassen.nl\/nl\/cameo-glaslamp-bessen-46cm\/#local-main-organization-logo","url":"https:\/\/www.eliassen.nl\/wp-content\/uploads\/2024\/01\/logo_4nd.jpg","contentUrl":"https:\/\/www.eliassen.nl\/wp-content\/uploads\/2024\/01\/logo_4nd.jpg","width":500,"height":500,"caption":"Eliassen Home & Garden Pleasure"}]},"product_price_amount":"295.00","product_price_currency":"EUR","og_availability":"instock","product_availability":"instock","product_retailer_item_id":"gla81","product_condition":"new"},"df_price":295,"df_sale_price":"","df_regular_price":295,"df_image_link":"https:\/\/www.eliassen.nl\/wp-content\/uploads\/2025\/10\/Cameo-glaslamp-Bessen-Eliassen.nl-Gla81-189x300.jpeg","image":"https:\/\/www.eliassen.nl\/wp-content\/uploads\/2025\/10\/Cameo-glaslamp-Bessen-Eliassen.nl-Gla81-150x150.jpeg","price_search":"<span class=\"woocommerce-Price-amount amount\"><bdi><span class=\"woocommerce-Price-currencySymbol\">&euro;<\/span>&nbsp;295,00<\/bdi><\/span>","category":"Cameo glascollectie","global_unique_id":"6096524735751","sku":"6096524735751 \/ gla81","_links":{"self":[{"href":"https:\/\/www.eliassen.nl\/nl\/wp-json\/wp\/v2\/product\/192665","targetHints":{"allow":["GET"]}}],"collection":[{"href":"https:\/\/www.eliassen.nl\/nl\/wp-json\/wp\/v2\/product"}],"about":[{"href":"https:\/\/www.eliassen.nl\/nl\/wp-json\/wp\/v2\/types\/product"}],"wp:featuredmedia":[{"embeddable":true,"href":"https:\/\/www.eliassen.nl\/nl\/wp-json\/wp\/v2\/media\/192666"}],"wp:attachment":[{"href":"https:\/\/www.eliassen.nl\/nl\/wp-json\/wp\/v2\/media?parent=192665"}],"wp:term":[{"taxonomy":"product_brand","embeddable":true,"href":"https:\/\/www.eliassen.nl\/nl\/wp-json\/wp\/v2\/product_brand?post=192665"},{"taxonomy":"product_cat","embeddable":true,"href":"https:\/\/www.eliassen.nl\/nl\/wp-json\/wp\/v2\/product_cat?post=192665"},{"taxonomy":"product_tag","embeddable":true,"href":"https:\/\/www.eliassen.nl\/nl\/wp-json\/wp\/v2\/product_tag?post=192665"}],"curies":[{"name":"wp","href":"https:\/\/api.w.org\/{rel}","templated":true}]}}