{"id":189716,"date":"2025-09-01T12:26:07","date_gmt":"2025-09-01T10:26:07","guid":{"rendered":"https:\/\/www.eliassen.nl\/?post_type=product&#038;p=189716"},"modified":"2026-01-16T16:04:50","modified_gmt":"2026-01-16T15:04:50","slug":"kreeft-brons-rood-18cm","status":"publish","type":"product","link":"https:\/\/www.eliassen.nl\/nl\/kreeft-brons-rood-18cm\/","title":{"rendered":"Krab brons rood 19cm"},"content":{"rendered":"<p><b>Waarom een bronzen beeld?<\/b><\/p>\n<p><i><span style=\"font-weight: 400;\">Duurzaam<\/span><\/i><span style=\"font-weight: 400;\">: Ze zijn enorm duurzaam en sterk. Brons is goed bestemd tegen corrosie en slijtage \u00e9n wordt nooit groen en gaan niet roesten.<\/span><span style=\"font-weight: 400;\"><br \/>\n<\/span> <i><span style=\"font-weight: 400;\">Kleur<\/span><\/i><span style=\"font-weight: 400;\">: Van nature heeft brons een hele unieke warme kleur met een goudachtige tint. Sommige beelden zijn met ander zuur behandeld wat een groene kleur oplevert. Dit biedt diversiteit zonder kwaliteitsverlies.<\/span><span style=\"font-weight: 400;\"><br \/>\n<\/span> <i><span style=\"font-weight: 400;\">Kunstig beeld<\/span><\/i><span style=\"font-weight: 400;\">: Bronzen beelden staan bekend om hoge kwaliteit standbeelden en andere hoogwaardige sierlijke objecten. Met een bronzen beeld brengt u dus niet alleen een decoratief beeld in uw tuin, maar ook een sfeer gepaard met kunst en cultuur \u00e9n een gespreksonderwerp.<\/span><\/p>\n<p><span style=\"font-weight: 400;\">Hiermee is een bronzen beeld de perfecte keuze als u opzoek bent naar een kunstzinnige \u00e9n unieke decoratieve toevoeging voor in uw tuin, interieur of bedrijfsruimte.<\/span><\/p>\n<p><b>Waarom kiest u voor deze krab brons rood 18cm?<\/b><\/p>\n<p><span style=\"font-weight: 400;\">Dit model bronzen beeld van een diep rood gekleurde krab biedt een unieke uitstraling in uw huis. De rode en gouden kleuren toont een levendige en hoogwaardige uitstraling en zorgt voor een klassiek, stralend beeld. Dit maakt dit beeld ideaal als toevoeging in uw interieur of als cadeau als u opzoek bent naar meer levendigheid met een klassieke uitstraling.<\/span><\/p>\n<ul>\n<li><span style=\"font-weight: 400;\"> \u00a0 \u00a0 \u00a0 \u00a0 <\/span><span style=\"font-weight: 400;\">Afmetingen: 19x19x9cm<\/span><\/li>\n<li><span style=\"font-weight: 400;\"> \u00a0 \u00a0 \u00a0 \u00a0 <\/span><b>Direct live te bekijken \u00f3f na slechts \u00e9\u00e9n week op aanvraag!<\/b><\/li>\n<\/ul>\n<p><b>Waarom bronzen beeld bij Eliassen?<\/b><\/p>\n<p><span style=\"font-weight: 400;\">Bij Eliassen bieden we een breed assortiment aan beelden gevaardigd uit brons!<\/span><\/p>\n<ul>\n<li><span style=\"font-weight: 400;\"> \u00a0 \u00a0 \u00a0 \u00a0 <\/span><span style=\"font-weight: 400;\">Diverse kleuren en modellen beschikbaar. Van klein tot groot.<\/span><\/li>\n<li><span style=\"font-weight: 400;\"> \u00a0 \u00a0 \u00a0 \u00a0 <\/span><span style=\"font-weight: 400;\">Denk aan personen, dieren, abstracte figuren, moderne bronzen beelden, klassieke bronzen beelden etc.<\/span><\/li>\n<li><span style=\"font-weight: 400;\"> \u00a0 \u00a0 \u00a0 \u00a0 <\/span><span style=\"font-weight: 400;\">Minimale kopergehalte van 75 procent; zeer lange levensduur.<\/span><\/li>\n<li><span style=\"font-weight: 400;\"> \u00a0 \u00a0 \u00a0 \u00a0 <\/span><span style=\"font-weight: 400;\">Maar liefst 30 jaar garantie.<\/span><\/li>\n<li><span style=\"font-weight: 400;\"> \u00a0 \u00a0 \u00a0 \u00a0 <\/span><span style=\"font-weight: 400;\">De meeste beelden hebben schroefdraad M8 aan de onderzijde.<\/span><\/li>\n<li><span style=\"font-weight: 400;\"> \u00a0 \u00a0 \u00a0 \u00a0 <\/span><b>Wordt geleverd met een certificaat.<\/b><\/li>\n<li><span style=\"font-weight: 400;\"> \u00a0 \u00a0 \u00a0 \u00a0 <\/span><b>Live showroom met +600 diverse modellen live te bekijken!<\/b><\/li>\n<\/ul>\n<p><span style=\"font-weight: 400;\">\u00b7<\/span><span style=\"font-weight: 400;\"> \u00a0 \u00a0 \u00a0 \u00a0 <\/span><b>Andere modellen op aanvraag binnen een week te bekijken!<\/b><\/p>\n","protected":false},"excerpt":{"rendered":"<p>\u2713 Hoogwaardig brons \u2713 Gekleurd in goud en diep rood<\/p>\n","protected":false},"featured_media":189708,"template":"","meta":{"_acf_changed":false,"_genesis_title":"","_genesis_description":""},"product_brand":[7504],"product_cat":[611,634],"product_tag":[],"class_list":{"0":"post-189716","1":"product","2":"type-product","3":"status-publish","4":"has-post-thumbnail","6":"product_brand-overig","7":"product_cat-bronzen-beelden","8":"product_cat-bronzen-dierenbeelden","10":"first","11":"instock","12":"taxable","13":"shipping-taxable","14":"purchasable","15":"product-type-simple"},"acf":[],"meta_all":{"cor_restricted_countries":[],"cor_product_price_text_product_level":"","cor_add_text":"","cor_hide_r_add_cart_product_level":"1","cor_product_price_cart_btn_product_level":"","cor_replace_add_to_cart_custom_btn_product_level":"","enbility_product_level_disability":" ","enbility_product_level_exclude_visibility_rules":" ","total_sales":"0"},"meta_all_flat":{"cor_product_price_text_product_level":"","cor_add_text":"","cor_hide_r_add_cart_product_level":"1","cor_product_price_cart_btn_product_level":"","cor_replace_add_to_cart_custom_btn_product_level":"","enbility_product_level_disability":" ","enbility_product_level_exclude_visibility_rules":" ","total_sales":"0"},"yoast_head":"<!-- This site is optimized with the Yoast SEO Premium plugin v26.2 (Yoast SEO v27.2) - https:\/\/yoast.com\/product\/yoast-seo-premium-wordpress\/ -->\n<title>Overig Krab brons rood 19cm - Eliassen.nl<\/title>\n<meta name=\"description\" content=\"Prachtig dieprood gekleurde krab van hoogwaardig brons. Een prachtig stuk decoratie met een lange levensduur. Snel leverbaar.\" \/>\n<meta name=\"robots\" content=\"index, follow, max-snippet:-1, max-image-preview:large, max-video-preview:-1\" \/>\n<link rel=\"canonical\" href=\"https:\/\/www.eliassen.nl\/nl\/kreeft-brons-rood-18cm\/\" \/>\n<meta property=\"og:locale\" content=\"nl_NL\" \/>\n<meta property=\"og:type\" content=\"article\" \/>\n<meta property=\"og:title\" content=\"Overig Krab brons rood 19cm - Eliassen.nl\" \/>\n<meta property=\"og:description\" content=\"Prachtig dieprood gekleurde krab van hoogwaardig brons. Een prachtig stuk decoratie met een lange levensduur. Snel leverbaar.\" \/>\n<meta property=\"og:url\" content=\"https:\/\/www.eliassen.nl\/nl\/kreeft-brons-rood-18cm\/\" \/>\n<meta property=\"og:site_name\" content=\"Eliassen.nl\" \/>\n<meta property=\"article:publisher\" content=\"https:\/\/www.facebook.com\/TuincentrumEliassenAmmerzoden\" \/>\n<meta property=\"article:modified_time\" content=\"2026-01-16T15:04:50+00:00\" \/>\n<meta property=\"og:image\" content=\"https:\/\/www.eliassen.nl\/wp-content\/uploads\/2025\/09\/Krab-brons-rood-Eliassen.nl-TBA-256.jpg\" \/>\n\t<meta property=\"og:image:width\" content=\"560\" \/>\n\t<meta property=\"og:image:height\" content=\"560\" \/>\n\t<meta property=\"og:image:type\" content=\"image\/jpeg\" \/>\n<meta name=\"twitter:card\" content=\"summary_large_image\" \/>\n<script type=\"application\/ld+json\" class=\"yoast-schema-graph\">{\"@context\":\"https:\/\/schema.org\",\"@graph\":[{\"@type\":\"WebPage\",\"@id\":\"https:\/\/www.eliassen.nl\/nl\/kreeft-brons-rood-18cm\/\",\"url\":\"https:\/\/www.eliassen.nl\/nl\/kreeft-brons-rood-18cm\/\",\"name\":\"Overig Krab brons rood 19cm - Eliassen.nl\",\"isPartOf\":{\"@id\":\"https:\/\/www.eliassen.nl\/nl\/#website\"},\"primaryImageOfPage\":{\"@id\":\"https:\/\/www.eliassen.nl\/nl\/kreeft-brons-rood-18cm\/#primaryimage\"},\"image\":{\"@id\":\"https:\/\/www.eliassen.nl\/nl\/kreeft-brons-rood-18cm\/#primaryimage\"},\"thumbnailUrl\":\"https:\/\/www.eliassen.nl\/wp-content\/uploads\/2025\/09\/Krab-brons-rood-Eliassen.nl-TBA-256.jpg\",\"datePublished\":\"2025-09-01T10:26:07+00:00\",\"dateModified\":\"2026-01-16T15:04:50+00:00\",\"description\":\"Prachtig dieprood gekleurde krab van hoogwaardig brons. Een prachtig stuk decoratie met een lange levensduur. Snel leverbaar.\",\"breadcrumb\":{\"@id\":\"https:\/\/www.eliassen.nl\/nl\/kreeft-brons-rood-18cm\/#breadcrumb\"},\"inLanguage\":\"nl-NL\",\"potentialAction\":[{\"@type\":\"ReadAction\",\"target\":[\"https:\/\/www.eliassen.nl\/nl\/kreeft-brons-rood-18cm\/\"]}]},{\"@type\":\"ImageObject\",\"inLanguage\":\"nl-NL\",\"@id\":\"https:\/\/www.eliassen.nl\/nl\/kreeft-brons-rood-18cm\/#primaryimage\",\"url\":\"https:\/\/www.eliassen.nl\/wp-content\/uploads\/2025\/09\/Krab-brons-rood-Eliassen.nl-TBA-256.jpg\",\"contentUrl\":\"https:\/\/www.eliassen.nl\/wp-content\/uploads\/2025\/09\/Krab-brons-rood-Eliassen.nl-TBA-256.jpg\",\"width\":560,\"height\":560},{\"@type\":\"BreadcrumbList\",\"@id\":\"https:\/\/www.eliassen.nl\/nl\/kreeft-brons-rood-18cm\/#breadcrumb\",\"itemListElement\":[{\"@type\":\"ListItem\",\"position\":1,\"name\":\"Home\",\"item\":\"https:\/\/www.eliassen.nl\/nl\/\"},{\"@type\":\"ListItem\",\"position\":2,\"name\":\"Winkel\",\"item\":\"https:\/\/www.eliassen.nl\/nl\/winkel\/\"},{\"@type\":\"ListItem\",\"position\":3,\"name\":\"Bronzen Beelden\",\"item\":\"https:\/\/www.eliassen.nl\/nl\/bronzen-beelden\/\"},{\"@type\":\"ListItem\",\"position\":4,\"name\":\"Bronzen dierenbeelden\",\"item\":\"https:\/\/www.eliassen.nl\/nl\/bronzen-beelden\/bronzen-dierenbeelden\/\"},{\"@type\":\"ListItem\",\"position\":5,\"name\":\"Krab brons rood 19cm\"}]},{\"@type\":\"WebSite\",\"@id\":\"https:\/\/www.eliassen.nl\/nl\/#website\",\"url\":\"https:\/\/www.eliassen.nl\/nl\/\",\"name\":\"Eliassen Home & Garden Pleasure\",\"description\":\"\",\"publisher\":{\"@id\":\"https:\/\/www.eliassen.nl\/nl\/#organization\"},\"alternateName\":\"Eliassen.nl\",\"potentialAction\":[{\"@type\":\"SearchAction\",\"target\":{\"@type\":\"EntryPoint\",\"urlTemplate\":\"https:\/\/www.eliassen.nl\/nl\/?s={search_term_string}\"},\"query-input\":{\"@type\":\"PropertyValueSpecification\",\"valueRequired\":true,\"valueName\":\"search_term_string\"}}],\"inLanguage\":\"nl-NL\"},{\"@type\":[\"Organization\",\"Place\"],\"@id\":\"https:\/\/www.eliassen.nl\/nl\/#organization\",\"name\":\"Eliassen Home & Garden Pleasure\",\"url\":\"https:\/\/www.eliassen.nl\/nl\/\",\"logo\":{\"@id\":\"https:\/\/www.eliassen.nl\/nl\/kreeft-brons-rood-18cm\/#local-main-organization-logo\"},\"image\":{\"@id\":\"https:\/\/www.eliassen.nl\/nl\/kreeft-brons-rood-18cm\/#local-main-organization-logo\"},\"sameAs\":[\"https:\/\/www.facebook.com\/TuincentrumEliassenAmmerzoden\",\"https:\/\/www.instagram.com\/eliassenhomeandgarden\/\",\"https:\/\/nl.pinterest.com\/eliassenhomeandgarden\/\",\"https:\/\/www.youtube.com\/@eliassenhomegardenpleasure4558\"],\"telephone\":[],\"openingHoursSpecification\":[{\"@type\":\"OpeningHoursSpecification\",\"dayOfWeek\":[\"Monday\",\"Tuesday\",\"Wednesday\",\"Thursday\",\"Friday\",\"Saturday\",\"Sunday\"],\"opens\":\"09:00\",\"closes\":\"17:00\"}]},{\"@type\":\"ImageObject\",\"inLanguage\":\"nl-NL\",\"@id\":\"https:\/\/www.eliassen.nl\/nl\/kreeft-brons-rood-18cm\/#local-main-organization-logo\",\"url\":\"https:\/\/www.eliassen.nl\/wp-content\/uploads\/2024\/01\/logo_4nd.jpg\",\"contentUrl\":\"https:\/\/www.eliassen.nl\/wp-content\/uploads\/2024\/01\/logo_4nd.jpg\",\"width\":500,\"height\":500,\"caption\":\"Eliassen Home & Garden Pleasure\"}]}<\/script>\n<meta property=\"product:price:amount\" content=\"99.00\" \/>\n<meta property=\"product:price:currency\" content=\"EUR\" \/>\n<meta property=\"og:availability\" content=\"instock\" \/>\n<meta property=\"product:availability\" content=\"instock\" \/>\n<meta property=\"product:retailer_item_id\" content=\"tba-256\" \/>\n<meta property=\"product:condition\" content=\"new\" \/>\n<!-- \/ Yoast SEO Premium plugin. -->","yoast_head_json":{"title":"Overig Krab brons rood 19cm - Eliassen.nl","description":"Prachtig dieprood gekleurde krab van hoogwaardig brons. Een prachtig stuk decoratie met een lange levensduur. Snel leverbaar.","robots":{"index":"index","follow":"follow","max-snippet":"max-snippet:-1","max-image-preview":"max-image-preview:large","max-video-preview":"max-video-preview:-1"},"canonical":"https:\/\/www.eliassen.nl\/nl\/kreeft-brons-rood-18cm\/","og_locale":"nl_NL","og_type":"article","og_title":"Overig Krab brons rood 19cm - Eliassen.nl","og_description":"Prachtig dieprood gekleurde krab van hoogwaardig brons. Een prachtig stuk decoratie met een lange levensduur. Snel leverbaar.","og_url":"https:\/\/www.eliassen.nl\/nl\/kreeft-brons-rood-18cm\/","og_site_name":"Eliassen.nl","article_publisher":"https:\/\/www.facebook.com\/TuincentrumEliassenAmmerzoden","article_modified_time":"2026-01-16T15:04:50+00:00","og_image":[{"width":560,"height":560,"url":"https:\/\/www.eliassen.nl\/wp-content\/uploads\/2025\/09\/Krab-brons-rood-Eliassen.nl-TBA-256.jpg","type":"image\/jpeg"}],"twitter_card":"summary_large_image","schema":{"@context":"https:\/\/schema.org","@graph":[{"@type":"WebPage","@id":"https:\/\/www.eliassen.nl\/nl\/kreeft-brons-rood-18cm\/","url":"https:\/\/www.eliassen.nl\/nl\/kreeft-brons-rood-18cm\/","name":"Overig Krab brons rood 19cm - Eliassen.nl","isPartOf":{"@id":"https:\/\/www.eliassen.nl\/nl\/#website"},"primaryImageOfPage":{"@id":"https:\/\/www.eliassen.nl\/nl\/kreeft-brons-rood-18cm\/#primaryimage"},"image":{"@id":"https:\/\/www.eliassen.nl\/nl\/kreeft-brons-rood-18cm\/#primaryimage"},"thumbnailUrl":"https:\/\/www.eliassen.nl\/wp-content\/uploads\/2025\/09\/Krab-brons-rood-Eliassen.nl-TBA-256.jpg","datePublished":"2025-09-01T10:26:07+00:00","dateModified":"2026-01-16T15:04:50+00:00","description":"Prachtig dieprood gekleurde krab van hoogwaardig brons. Een prachtig stuk decoratie met een lange levensduur. Snel leverbaar.","breadcrumb":{"@id":"https:\/\/www.eliassen.nl\/nl\/kreeft-brons-rood-18cm\/#breadcrumb"},"inLanguage":"nl-NL","potentialAction":[{"@type":"ReadAction","target":["https:\/\/www.eliassen.nl\/nl\/kreeft-brons-rood-18cm\/"]}]},{"@type":"ImageObject","inLanguage":"nl-NL","@id":"https:\/\/www.eliassen.nl\/nl\/kreeft-brons-rood-18cm\/#primaryimage","url":"https:\/\/www.eliassen.nl\/wp-content\/uploads\/2025\/09\/Krab-brons-rood-Eliassen.nl-TBA-256.jpg","contentUrl":"https:\/\/www.eliassen.nl\/wp-content\/uploads\/2025\/09\/Krab-brons-rood-Eliassen.nl-TBA-256.jpg","width":560,"height":560},{"@type":"BreadcrumbList","@id":"https:\/\/www.eliassen.nl\/nl\/kreeft-brons-rood-18cm\/#breadcrumb","itemListElement":[{"@type":"ListItem","position":1,"name":"Home","item":"https:\/\/www.eliassen.nl\/nl\/"},{"@type":"ListItem","position":2,"name":"Winkel","item":"https:\/\/www.eliassen.nl\/nl\/winkel\/"},{"@type":"ListItem","position":3,"name":"Bronzen Beelden","item":"https:\/\/www.eliassen.nl\/nl\/bronzen-beelden\/"},{"@type":"ListItem","position":4,"name":"Bronzen dierenbeelden","item":"https:\/\/www.eliassen.nl\/nl\/bronzen-beelden\/bronzen-dierenbeelden\/"},{"@type":"ListItem","position":5,"name":"Krab brons rood 19cm"}]},{"@type":"WebSite","@id":"https:\/\/www.eliassen.nl\/nl\/#website","url":"https:\/\/www.eliassen.nl\/nl\/","name":"Eliassen Home & Garden Pleasure","description":"","publisher":{"@id":"https:\/\/www.eliassen.nl\/nl\/#organization"},"alternateName":"Eliassen.nl","potentialAction":[{"@type":"SearchAction","target":{"@type":"EntryPoint","urlTemplate":"https:\/\/www.eliassen.nl\/nl\/?s={search_term_string}"},"query-input":{"@type":"PropertyValueSpecification","valueRequired":true,"valueName":"search_term_string"}}],"inLanguage":"nl-NL"},{"@type":["Organization","Place"],"@id":"https:\/\/www.eliassen.nl\/nl\/#organization","name":"Eliassen Home & Garden Pleasure","url":"https:\/\/www.eliassen.nl\/nl\/","logo":{"@id":"https:\/\/www.eliassen.nl\/nl\/kreeft-brons-rood-18cm\/#local-main-organization-logo"},"image":{"@id":"https:\/\/www.eliassen.nl\/nl\/kreeft-brons-rood-18cm\/#local-main-organization-logo"},"sameAs":["https:\/\/www.facebook.com\/TuincentrumEliassenAmmerzoden","https:\/\/www.instagram.com\/eliassenhomeandgarden\/","https:\/\/nl.pinterest.com\/eliassenhomeandgarden\/","https:\/\/www.youtube.com\/@eliassenhomegardenpleasure4558"],"telephone":[],"openingHoursSpecification":[{"@type":"OpeningHoursSpecification","dayOfWeek":["Monday","Tuesday","Wednesday","Thursday","Friday","Saturday","Sunday"],"opens":"09:00","closes":"17:00"}]},{"@type":"ImageObject","inLanguage":"nl-NL","@id":"https:\/\/www.eliassen.nl\/nl\/kreeft-brons-rood-18cm\/#local-main-organization-logo","url":"https:\/\/www.eliassen.nl\/wp-content\/uploads\/2024\/01\/logo_4nd.jpg","contentUrl":"https:\/\/www.eliassen.nl\/wp-content\/uploads\/2024\/01\/logo_4nd.jpg","width":500,"height":500,"caption":"Eliassen Home & Garden Pleasure"}]},"product_price_amount":"99.00","product_price_currency":"EUR","og_availability":"instock","product_availability":"instock","product_retailer_item_id":"tba-256","product_condition":"new"},"df_price":99,"df_sale_price":"","df_regular_price":99,"df_image_link":"https:\/\/www.eliassen.nl\/wp-content\/uploads\/2025\/09\/Krab-brons-rood-Eliassen.nl-TBA-256-300x300.jpg","image":"https:\/\/www.eliassen.nl\/wp-content\/uploads\/2025\/09\/Krab-brons-rood-Eliassen.nl-TBA-256-150x150.jpg","price_search":"<span class=\"woocommerce-Price-amount amount\"><bdi><span class=\"woocommerce-Price-currencySymbol\">&euro;<\/span>&nbsp;99,00<\/bdi><\/span>","category":"Bronzen Beelden","global_unique_id":"6096516761751","sku":"6096516761751 \/ tba-256","_links":{"self":[{"href":"https:\/\/www.eliassen.nl\/nl\/wp-json\/wp\/v2\/product\/189716","targetHints":{"allow":["GET"]}}],"collection":[{"href":"https:\/\/www.eliassen.nl\/nl\/wp-json\/wp\/v2\/product"}],"about":[{"href":"https:\/\/www.eliassen.nl\/nl\/wp-json\/wp\/v2\/types\/product"}],"wp:featuredmedia":[{"embeddable":true,"href":"https:\/\/www.eliassen.nl\/nl\/wp-json\/wp\/v2\/media\/189708"}],"wp:attachment":[{"href":"https:\/\/www.eliassen.nl\/nl\/wp-json\/wp\/v2\/media?parent=189716"}],"wp:term":[{"taxonomy":"product_brand","embeddable":true,"href":"https:\/\/www.eliassen.nl\/nl\/wp-json\/wp\/v2\/product_brand?post=189716"},{"taxonomy":"product_cat","embeddable":true,"href":"https:\/\/www.eliassen.nl\/nl\/wp-json\/wp\/v2\/product_cat?post=189716"},{"taxonomy":"product_tag","embeddable":true,"href":"https:\/\/www.eliassen.nl\/nl\/wp-json\/wp\/v2\/product_tag?post=189716"}],"curies":[{"name":"wp","href":"https:\/\/api.w.org\/{rel}","templated":true}]}}