{"id":187968,"date":"2025-07-30T17:20:21","date_gmt":"2025-07-30T15:20:21","guid":{"rendered":"https:\/\/www.eliassen.nl\/?post_type=product&#038;p=187968"},"modified":"2026-05-04T12:54:03","modified_gmt":"2026-05-04T10:54:03","slug":"roos-brons-liggend","status":"publish","type":"product","link":"https:\/\/www.eliassen.nl\/nl\/roos-brons-liggend\/","title":{"rendered":"Roos brons liggend 36cm"},"content":{"rendered":"<p><b>Waarom een bronzen beeld?<\/b><\/p>\n<p><i><span style=\"font-weight: 400\">Duurzaam<\/span><\/i><span style=\"font-weight: 400\">: Ze zijn enorm duurzaam en sterk. Brons is goed bestemd tegen corrosie en slijtage \u00e9n wordt nooit groen en gaan niet roesten.<\/span><span style=\"font-weight: 400\"><br \/>\n<\/span> <i><span style=\"font-weight: 400\">Kleur<\/span><\/i><span style=\"font-weight: 400\">: Van nature heeft brons een hele unieke warme kleur met een goudachtige tint. Sommige beelden zijn met ander zuur behandeld wat een groene kleur oplevert. Dit biedt diversiteit zonder kwaliteitsverlies.<\/span><span style=\"font-weight: 400\"><br \/>\n<\/span> <i><span style=\"font-weight: 400\">Kunstig beeld<\/span><\/i><span style=\"font-weight: 400\">: Bronzen beelden staan bekend om hoge kwaliteit standbeelden en andere hoogwaardige sierlijke objecten. Met een bronzen beeld brengt u dus niet alleen een decoratief beeld in uw tuin, maar ook een sfeer gepaard met kunst en cultuur \u00e9n een gespreksonderwerp.<\/span><\/p>\n<p><span style=\"font-weight: 400\">Hiermee is een bronzen beeld de perfecte keuze als u opzoek bent naar een kunstzinnige \u00e9n unieke decoratieve toevoeging voor in uw tuin, interieur of bedrijfsruimte.<\/span><\/p>\n<p><b>Waarom kiest u voor deze liggende roos?<\/b><\/p>\n<p><span style=\"font-weight: 400\">Dit model bronzen beeld van een roos is een prachtige decoratie voor op oa een grafsteen, te leggen bij een urn of andere plek die u graag herdenkt.<\/span><\/p>\n<ul>\n<li><span style=\"font-weight: 400\"> \u00a0 \u00a0 \u00a0 \u00a0 <\/span><span style=\"font-weight: 400\">Afmetingen: 36 x 8,5cm.<\/span><\/li>\n<li><\/li>\n<li><span style=\"font-weight: 400\"> \u00a0 \u00a0 \u00a0 \u00a0 <\/span><b>Direct live te bekijken \u00f3f na slechts \u00e9\u00e9n week op aanvraag!<\/b><\/li>\n<\/ul>\n<p><b>Waarom bronzen beeld bij Eliassen?<\/b><\/p>\n<p><span style=\"font-weight: 400\">Bij Eliassen bieden we een breed assortiment aan beelden gevaardigd uit brons!<\/span><\/p>\n<ul>\n<li><span style=\"font-weight: 400\"> \u00a0 \u00a0 \u00a0 \u00a0 <\/span><span style=\"font-weight: 400\">Diverse kleuren en modellen beschikbaar. Van klein tot groot.<\/span><\/li>\n<li><span style=\"font-weight: 400\"> \u00a0 \u00a0 \u00a0 \u00a0 <\/span><span style=\"font-weight: 400\">Denk aan personen, dieren, abstracte figuren, moderne bronzen beelden, klassieke bronzen beelden etc.<\/span><\/li>\n<li><span style=\"font-weight: 400\"> \u00a0 \u00a0 \u00a0 \u00a0 <\/span><span style=\"font-weight: 400\">Minimale kopergehalte van 75 procent; zeer lange levensduur.<\/span><\/li>\n<li><span style=\"font-weight: 400\"> \u00a0 \u00a0 \u00a0 \u00a0 <\/span><span style=\"font-weight: 400\">Maar liefst 30 jaar garantie.<\/span><\/li>\n<li><span style=\"font-weight: 400\"> \u00a0 \u00a0 \u00a0 \u00a0 <\/span><span style=\"font-weight: 400\">De meeste beelden hebben schroefdraad M8 aan de onderzijde.<\/span><\/li>\n<li><span style=\"font-weight: 400\"> \u00a0 \u00a0 \u00a0 \u00a0 <\/span><b>Wordt geleverd met een certificaat.<\/b><\/li>\n<li><span style=\"font-weight: 400\"> \u00a0 \u00a0 \u00a0 \u00a0 <\/span><b>Live showroom met +600 diverse modellen live te bekijken!<\/b><\/li>\n<\/ul>\n<p><span style=\"font-weight: 400\">\u00b7<\/span><span style=\"font-weight: 400\"> \u00a0 \u00a0 \u00a0 \u00a0 <\/span><b>Andere modellen op aanvraag binnen een week te bekijken!<\/b><\/p>\n","protected":false},"excerpt":{"rendered":"<p>\u2713 Hoogwaardig brons \u2713 Decoratie voor op het graf<\/p>\n","protected":false},"featured_media":187994,"template":"","meta":{"_acf_changed":false,"_genesis_title":"","_genesis_description":""},"product_brand":[7504],"product_cat":[611,643,655],"product_tag":[],"class_list":{"0":"post-187968","1":"product","2":"type-product","3":"status-publish","4":"has-post-thumbnail","6":"product_brand-overig","7":"product_cat-bronzen-beelden","8":"product_cat-overige-bronzen-beelden","9":"product_cat-urnen-en-grafdecoratie","11":"first","12":"instock","13":"taxable","14":"shipping-taxable","15":"purchasable","16":"product-type-simple"},"acf":[],"meta_all":{"cor_restricted_countries":[],"cor_product_price_text_product_level":"","cor_add_text":"","cor_hide_r_add_cart_product_level":"1","cor_product_price_cart_btn_product_level":"","cor_replace_add_to_cart_custom_btn_product_level":"","enbility_product_level_disability":" ","enbility_product_level_exclude_visibility_rules":" ","total_sales":"2"},"meta_all_flat":{"cor_product_price_text_product_level":"","cor_add_text":"","cor_hide_r_add_cart_product_level":"1","cor_product_price_cart_btn_product_level":"","cor_replace_add_to_cart_custom_btn_product_level":"","enbility_product_level_disability":" ","enbility_product_level_exclude_visibility_rules":" ","total_sales":"2"},"yoast_head":"<!-- This site is optimized with the Yoast SEO Premium plugin v26.2 (Yoast SEO v27.2) - https:\/\/yoast.com\/product\/yoast-seo-premium-wordpress\/ -->\n<title>Overig Roos brons liggend 36cm - Eliassen.nl<\/title>\n<meta name=\"description\" content=\"Een prachtig vormgegeven roos voor op het graf. De roos is van hoogwaardig brons en heeft een lange levensduur. De lengte van de roos is 36cm.\" \/>\n<meta name=\"robots\" content=\"index, follow, max-snippet:-1, max-image-preview:large, max-video-preview:-1\" \/>\n<link rel=\"canonical\" href=\"https:\/\/www.eliassen.nl\/nl\/roos-brons-liggend\/\" \/>\n<meta property=\"og:locale\" content=\"nl_NL\" \/>\n<meta property=\"og:type\" content=\"article\" \/>\n<meta property=\"og:title\" content=\"Overig Roos brons liggend 36cm - Eliassen.nl\" \/>\n<meta property=\"og:description\" content=\"Een prachtig vormgegeven roos voor op het graf. De roos is van hoogwaardig brons en heeft een lange levensduur. De lengte van de roos is 36cm.\" \/>\n<meta property=\"og:url\" content=\"https:\/\/www.eliassen.nl\/nl\/roos-brons-liggend\/\" \/>\n<meta property=\"og:site_name\" content=\"Eliassen.nl\" \/>\n<meta property=\"article:publisher\" content=\"https:\/\/www.facebook.com\/TuincentrumEliassenAmmerzoden\" \/>\n<meta property=\"article:modified_time\" content=\"2026-05-04T10:54:03+00:00\" \/>\n<meta property=\"og:image\" content=\"https:\/\/www.eliassen.nl\/wp-content\/uploads\/2025\/07\/grafroos-brons-Eliassen.nl-Z1-scaled.jpeg\" \/>\n\t<meta property=\"og:image:width\" content=\"1700\" \/>\n\t<meta property=\"og:image:height\" content=\"2560\" \/>\n\t<meta property=\"og:image:type\" content=\"image\/jpeg\" \/>\n<meta name=\"twitter:card\" content=\"summary_large_image\" \/>\n<script type=\"application\/ld+json\" class=\"yoast-schema-graph\">{\"@context\":\"https:\/\/schema.org\",\"@graph\":[{\"@type\":\"WebPage\",\"@id\":\"https:\/\/www.eliassen.nl\/nl\/roos-brons-liggend\/\",\"url\":\"https:\/\/www.eliassen.nl\/nl\/roos-brons-liggend\/\",\"name\":\"Overig Roos brons liggend 36cm - Eliassen.nl\",\"isPartOf\":{\"@id\":\"https:\/\/www.eliassen.nl\/nl\/#website\"},\"primaryImageOfPage\":{\"@id\":\"https:\/\/www.eliassen.nl\/nl\/roos-brons-liggend\/#primaryimage\"},\"image\":{\"@id\":\"https:\/\/www.eliassen.nl\/nl\/roos-brons-liggend\/#primaryimage\"},\"thumbnailUrl\":\"https:\/\/www.eliassen.nl\/wp-content\/uploads\/2025\/07\/grafroos-brons-Eliassen.nl-Z1-scaled.jpeg\",\"datePublished\":\"2025-07-30T15:20:21+00:00\",\"dateModified\":\"2026-05-04T10:54:03+00:00\",\"description\":\"Een prachtig vormgegeven roos voor op het graf. De roos is van hoogwaardig brons en heeft een lange levensduur. De lengte van de roos is 36cm.\",\"breadcrumb\":{\"@id\":\"https:\/\/www.eliassen.nl\/nl\/roos-brons-liggend\/#breadcrumb\"},\"inLanguage\":\"nl-NL\",\"potentialAction\":[{\"@type\":\"ReadAction\",\"target\":[\"https:\/\/www.eliassen.nl\/nl\/roos-brons-liggend\/\"]}]},{\"@type\":\"ImageObject\",\"inLanguage\":\"nl-NL\",\"@id\":\"https:\/\/www.eliassen.nl\/nl\/roos-brons-liggend\/#primaryimage\",\"url\":\"https:\/\/www.eliassen.nl\/wp-content\/uploads\/2025\/07\/grafroos-brons-Eliassen.nl-Z1-scaled.jpeg\",\"contentUrl\":\"https:\/\/www.eliassen.nl\/wp-content\/uploads\/2025\/07\/grafroos-brons-Eliassen.nl-Z1-scaled.jpeg\",\"width\":1700,\"height\":2560},{\"@type\":\"BreadcrumbList\",\"@id\":\"https:\/\/www.eliassen.nl\/nl\/roos-brons-liggend\/#breadcrumb\",\"itemListElement\":[{\"@type\":\"ListItem\",\"position\":1,\"name\":\"Home\",\"item\":\"https:\/\/www.eliassen.nl\/nl\/\"},{\"@type\":\"ListItem\",\"position\":2,\"name\":\"Winkel\",\"item\":\"https:\/\/www.eliassen.nl\/nl\/winkel\/\"},{\"@type\":\"ListItem\",\"position\":3,\"name\":\"Bronzen Beelden\",\"item\":\"https:\/\/www.eliassen.nl\/nl\/bronzen-beelden\/\"},{\"@type\":\"ListItem\",\"position\":4,\"name\":\"Urnen en grafdecoratie\",\"item\":\"https:\/\/www.eliassen.nl\/nl\/bronzen-beelden\/urnen-en-grafdecoratie\/\"},{\"@type\":\"ListItem\",\"position\":5,\"name\":\"Roos brons liggend 36cm\"}]},{\"@type\":\"WebSite\",\"@id\":\"https:\/\/www.eliassen.nl\/nl\/#website\",\"url\":\"https:\/\/www.eliassen.nl\/nl\/\",\"name\":\"Eliassen Home & Garden Pleasure\",\"description\":\"\",\"publisher\":{\"@id\":\"https:\/\/www.eliassen.nl\/nl\/#organization\"},\"alternateName\":\"Eliassen.nl\",\"potentialAction\":[{\"@type\":\"SearchAction\",\"target\":{\"@type\":\"EntryPoint\",\"urlTemplate\":\"https:\/\/www.eliassen.nl\/nl\/?s={search_term_string}\"},\"query-input\":{\"@type\":\"PropertyValueSpecification\",\"valueRequired\":true,\"valueName\":\"search_term_string\"}}],\"inLanguage\":\"nl-NL\"},{\"@type\":[\"Organization\",\"Place\"],\"@id\":\"https:\/\/www.eliassen.nl\/nl\/#organization\",\"name\":\"Eliassen Home & Garden Pleasure\",\"url\":\"https:\/\/www.eliassen.nl\/nl\/\",\"logo\":{\"@id\":\"https:\/\/www.eliassen.nl\/nl\/roos-brons-liggend\/#local-main-organization-logo\"},\"image\":{\"@id\":\"https:\/\/www.eliassen.nl\/nl\/roos-brons-liggend\/#local-main-organization-logo\"},\"sameAs\":[\"https:\/\/www.facebook.com\/TuincentrumEliassenAmmerzoden\",\"https:\/\/www.instagram.com\/eliassenhomeandgarden\/\",\"https:\/\/nl.pinterest.com\/eliassenhomeandgarden\/\",\"https:\/\/www.youtube.com\/@eliassenhomegardenpleasure4558\"],\"telephone\":[],\"openingHoursSpecification\":[{\"@type\":\"OpeningHoursSpecification\",\"dayOfWeek\":[\"Monday\",\"Tuesday\",\"Wednesday\",\"Thursday\",\"Friday\",\"Saturday\",\"Sunday\"],\"opens\":\"09:00\",\"closes\":\"17:00\"}]},{\"@type\":\"ImageObject\",\"inLanguage\":\"nl-NL\",\"@id\":\"https:\/\/www.eliassen.nl\/nl\/roos-brons-liggend\/#local-main-organization-logo\",\"url\":\"https:\/\/www.eliassen.nl\/wp-content\/uploads\/2024\/01\/logo_4nd.jpg\",\"contentUrl\":\"https:\/\/www.eliassen.nl\/wp-content\/uploads\/2024\/01\/logo_4nd.jpg\",\"width\":500,\"height\":500,\"caption\":\"Eliassen Home & Garden Pleasure\"}]}<\/script>\n<meta property=\"product:price:amount\" content=\"195.00\" \/>\n<meta property=\"product:price:currency\" content=\"EUR\" \/>\n<meta property=\"og:availability\" content=\"instock\" \/>\n<meta property=\"product:availability\" content=\"instock\" \/>\n<meta property=\"product:retailer_item_id\" content=\"z1\" \/>\n<meta property=\"product:condition\" content=\"new\" \/>\n<!-- \/ Yoast SEO Premium plugin. -->","yoast_head_json":{"title":"Overig Roos brons liggend 36cm - Eliassen.nl","description":"Een prachtig vormgegeven roos voor op het graf. De roos is van hoogwaardig brons en heeft een lange levensduur. De lengte van de roos is 36cm.","robots":{"index":"index","follow":"follow","max-snippet":"max-snippet:-1","max-image-preview":"max-image-preview:large","max-video-preview":"max-video-preview:-1"},"canonical":"https:\/\/www.eliassen.nl\/nl\/roos-brons-liggend\/","og_locale":"nl_NL","og_type":"article","og_title":"Overig Roos brons liggend 36cm - Eliassen.nl","og_description":"Een prachtig vormgegeven roos voor op het graf. De roos is van hoogwaardig brons en heeft een lange levensduur. De lengte van de roos is 36cm.","og_url":"https:\/\/www.eliassen.nl\/nl\/roos-brons-liggend\/","og_site_name":"Eliassen.nl","article_publisher":"https:\/\/www.facebook.com\/TuincentrumEliassenAmmerzoden","article_modified_time":"2026-05-04T10:54:03+00:00","og_image":[{"width":1700,"height":2560,"url":"https:\/\/www.eliassen.nl\/wp-content\/uploads\/2025\/07\/grafroos-brons-Eliassen.nl-Z1-scaled.jpeg","type":"image\/jpeg"}],"twitter_card":"summary_large_image","schema":{"@context":"https:\/\/schema.org","@graph":[{"@type":"WebPage","@id":"https:\/\/www.eliassen.nl\/nl\/roos-brons-liggend\/","url":"https:\/\/www.eliassen.nl\/nl\/roos-brons-liggend\/","name":"Overig Roos brons liggend 36cm - Eliassen.nl","isPartOf":{"@id":"https:\/\/www.eliassen.nl\/nl\/#website"},"primaryImageOfPage":{"@id":"https:\/\/www.eliassen.nl\/nl\/roos-brons-liggend\/#primaryimage"},"image":{"@id":"https:\/\/www.eliassen.nl\/nl\/roos-brons-liggend\/#primaryimage"},"thumbnailUrl":"https:\/\/www.eliassen.nl\/wp-content\/uploads\/2025\/07\/grafroos-brons-Eliassen.nl-Z1-scaled.jpeg","datePublished":"2025-07-30T15:20:21+00:00","dateModified":"2026-05-04T10:54:03+00:00","description":"Een prachtig vormgegeven roos voor op het graf. De roos is van hoogwaardig brons en heeft een lange levensduur. De lengte van de roos is 36cm.","breadcrumb":{"@id":"https:\/\/www.eliassen.nl\/nl\/roos-brons-liggend\/#breadcrumb"},"inLanguage":"nl-NL","potentialAction":[{"@type":"ReadAction","target":["https:\/\/www.eliassen.nl\/nl\/roos-brons-liggend\/"]}]},{"@type":"ImageObject","inLanguage":"nl-NL","@id":"https:\/\/www.eliassen.nl\/nl\/roos-brons-liggend\/#primaryimage","url":"https:\/\/www.eliassen.nl\/wp-content\/uploads\/2025\/07\/grafroos-brons-Eliassen.nl-Z1-scaled.jpeg","contentUrl":"https:\/\/www.eliassen.nl\/wp-content\/uploads\/2025\/07\/grafroos-brons-Eliassen.nl-Z1-scaled.jpeg","width":1700,"height":2560},{"@type":"BreadcrumbList","@id":"https:\/\/www.eliassen.nl\/nl\/roos-brons-liggend\/#breadcrumb","itemListElement":[{"@type":"ListItem","position":1,"name":"Home","item":"https:\/\/www.eliassen.nl\/nl\/"},{"@type":"ListItem","position":2,"name":"Winkel","item":"https:\/\/www.eliassen.nl\/nl\/winkel\/"},{"@type":"ListItem","position":3,"name":"Bronzen Beelden","item":"https:\/\/www.eliassen.nl\/nl\/bronzen-beelden\/"},{"@type":"ListItem","position":4,"name":"Urnen en grafdecoratie","item":"https:\/\/www.eliassen.nl\/nl\/bronzen-beelden\/urnen-en-grafdecoratie\/"},{"@type":"ListItem","position":5,"name":"Roos brons liggend 36cm"}]},{"@type":"WebSite","@id":"https:\/\/www.eliassen.nl\/nl\/#website","url":"https:\/\/www.eliassen.nl\/nl\/","name":"Eliassen Home & Garden Pleasure","description":"","publisher":{"@id":"https:\/\/www.eliassen.nl\/nl\/#organization"},"alternateName":"Eliassen.nl","potentialAction":[{"@type":"SearchAction","target":{"@type":"EntryPoint","urlTemplate":"https:\/\/www.eliassen.nl\/nl\/?s={search_term_string}"},"query-input":{"@type":"PropertyValueSpecification","valueRequired":true,"valueName":"search_term_string"}}],"inLanguage":"nl-NL"},{"@type":["Organization","Place"],"@id":"https:\/\/www.eliassen.nl\/nl\/#organization","name":"Eliassen Home & Garden Pleasure","url":"https:\/\/www.eliassen.nl\/nl\/","logo":{"@id":"https:\/\/www.eliassen.nl\/nl\/roos-brons-liggend\/#local-main-organization-logo"},"image":{"@id":"https:\/\/www.eliassen.nl\/nl\/roos-brons-liggend\/#local-main-organization-logo"},"sameAs":["https:\/\/www.facebook.com\/TuincentrumEliassenAmmerzoden","https:\/\/www.instagram.com\/eliassenhomeandgarden\/","https:\/\/nl.pinterest.com\/eliassenhomeandgarden\/","https:\/\/www.youtube.com\/@eliassenhomegardenpleasure4558"],"telephone":[],"openingHoursSpecification":[{"@type":"OpeningHoursSpecification","dayOfWeek":["Monday","Tuesday","Wednesday","Thursday","Friday","Saturday","Sunday"],"opens":"09:00","closes":"17:00"}]},{"@type":"ImageObject","inLanguage":"nl-NL","@id":"https:\/\/www.eliassen.nl\/nl\/roos-brons-liggend\/#local-main-organization-logo","url":"https:\/\/www.eliassen.nl\/wp-content\/uploads\/2024\/01\/logo_4nd.jpg","contentUrl":"https:\/\/www.eliassen.nl\/wp-content\/uploads\/2024\/01\/logo_4nd.jpg","width":500,"height":500,"caption":"Eliassen Home & Garden Pleasure"}]},"product_price_amount":"195.00","product_price_currency":"EUR","og_availability":"instock","product_availability":"instock","product_retailer_item_id":"z1","product_condition":"new"},"df_price":195,"df_sale_price":"","df_regular_price":195,"df_image_link":"https:\/\/www.eliassen.nl\/wp-content\/uploads\/2025\/07\/grafroos-brons-Eliassen.nl-Z1-199x300.jpeg","image":"https:\/\/www.eliassen.nl\/wp-content\/uploads\/2025\/07\/grafroos-brons-Eliassen.nl-Z1-150x150.jpeg","price_search":"<span class=\"woocommerce-Price-amount amount\"><bdi><span class=\"woocommerce-Price-currencySymbol\">&euro;<\/span>&nbsp;195,00<\/bdi><\/span>","category":"Bronzen Beelden","global_unique_id":"6096519671668","sku":"6096519671668 \/ z1","_links":{"self":[{"href":"https:\/\/www.eliassen.nl\/nl\/wp-json\/wp\/v2\/product\/187968","targetHints":{"allow":["GET"]}}],"collection":[{"href":"https:\/\/www.eliassen.nl\/nl\/wp-json\/wp\/v2\/product"}],"about":[{"href":"https:\/\/www.eliassen.nl\/nl\/wp-json\/wp\/v2\/types\/product"}],"wp:featuredmedia":[{"embeddable":true,"href":"https:\/\/www.eliassen.nl\/nl\/wp-json\/wp\/v2\/media\/187994"}],"wp:attachment":[{"href":"https:\/\/www.eliassen.nl\/nl\/wp-json\/wp\/v2\/media?parent=187968"}],"wp:term":[{"taxonomy":"product_brand","embeddable":true,"href":"https:\/\/www.eliassen.nl\/nl\/wp-json\/wp\/v2\/product_brand?post=187968"},{"taxonomy":"product_cat","embeddable":true,"href":"https:\/\/www.eliassen.nl\/nl\/wp-json\/wp\/v2\/product_cat?post=187968"},{"taxonomy":"product_tag","embeddable":true,"href":"https:\/\/www.eliassen.nl\/nl\/wp-json\/wp\/v2\/product_tag?post=187968"}],"curies":[{"name":"wp","href":"https:\/\/api.w.org\/{rel}","templated":true}]}}