{"id":176826,"date":"2025-04-03T13:49:31","date_gmt":"2025-04-03T11:49:31","guid":{"rendered":"https:\/\/www.eliassen.nl\/?post_type=product&#038;p=176826"},"modified":"2026-01-16T15:54:46","modified_gmt":"2026-01-16T14:54:46","slug":"beeld-thaise-boeddha-brons-120cm","status":"publish","type":"product","link":"https:\/\/www.eliassen.nl\/nl\/beeld-thaise-boeddha-brons-120cm\/","title":{"rendered":"Beeld Thaise Boeddha brons 120cm"},"content":{"rendered":"<p><b>Waarom een bronzen beeld?<\/b><\/p>\n<p><i><span style=\"font-weight: 400\">Duurzaam<\/span><\/i><span style=\"font-weight: 400\">: Ze zijn enorm duurzaam en sterk. Brons is goed bestemd tegen corrosie en slijtage \u00e9n wordt nooit groen en gaan niet roesten.<\/span><span style=\"font-weight: 400\"><br \/>\n<\/span> <i><span style=\"font-weight: 400\">Kleur<\/span><\/i><span style=\"font-weight: 400\">: Van nature heeft brons een hele unieke warme kleur met een goudachtige tint. Sommige beelden zijn met ander zuur behandeld wat een groene kleur oplevert. Dit biedt diversiteit zonder kwaliteitsverlies.<\/span><span style=\"font-weight: 400\"><br \/>\n<\/span> <i><span style=\"font-weight: 400\">Kunstig beeld<\/span><\/i><span style=\"font-weight: 400\">: Bronzen beelden staan bekend om hoge kwaliteit standbeelden en andere hoogwaardige sierlijke objecten. Met een bronzen beeld brengt u dus niet alleen een decoratief beeld in uw tuin, maar ook een sfeer gepaard met kunst en cultuur \u00e9n een gespreksonderwerp.<\/span><\/p>\n<p><span style=\"font-weight: 400\">Hiermee is een bronzen beeld de perfecte keuze als u opzoek bent naar een kunstzinnige \u00e9n unieke decoratieve toevoeging voor in uw tuin, interieur of bedrijfsruimte.<\/span><\/p>\n<p><b>Waarom kiest u voor deze Thaise boeddha?<\/b><\/p>\n<p><span style=\"font-weight: 400\">Dit model bronzen beeld van een Thaise boeddha biedt een unieke uitstraling in uw tuin. De bronzen kleuren toont een authentieke en hoogwaardige uitstraling en zorgt voor een klassiek, levendig beeld. Dit maakt dit beeld ideaal als toevoeging in uw interieur als u opzoek bent naar meer levendigheid met een klassieke uitstraling.<\/span><\/p>\n<ul>\n<li><span style=\"font-weight: 400\"> \u00a0 \u00a0 \u00a0 \u00a0 <\/span><span style=\"font-weight: 400\">Afmetingen: 28x120cm.<\/span><\/li>\n<li><span style=\"font-weight: 400\"> \u00a0 \u00a0 \u00a0 \u00a0 <\/span><b>Direct live te bekijken \u00f3f na slechts \u00e9\u00e9n week op aanvraag!<\/b><\/li>\n<\/ul>\n<p><b>Waarom bronzen beeld bij Eliassen?<\/b><\/p>\n<p><span style=\"font-weight: 400\">Bij Eliassen bieden we een breed assortiment aan beelden gevaardigd uit brons!<\/span><\/p>\n<ul>\n<li><span style=\"font-weight: 400\"> \u00a0 \u00a0 \u00a0 \u00a0 <\/span><span style=\"font-weight: 400\">Diverse kleuren en modellen beschikbaar. Van klein tot groot.<\/span><\/li>\n<li><span style=\"font-weight: 400\"> \u00a0 \u00a0 \u00a0 \u00a0 <\/span><span style=\"font-weight: 400\">Denk aan personen, dieren, abstracte figuren, moderne bronzen beelden, klassieke bronzen beelden etc.<\/span><\/li>\n<li><span style=\"font-weight: 400\"> \u00a0 \u00a0 \u00a0 \u00a0 <\/span><span style=\"font-weight: 400\">Minimale kopergehalte van 75 procent; zeer lange levensduur.<\/span><\/li>\n<li><span style=\"font-weight: 400\"> \u00a0 \u00a0 \u00a0 \u00a0 <\/span><span style=\"font-weight: 400\">Maar liefst 30 jaar garantie.<\/span><\/li>\n<li><span style=\"font-weight: 400\"> \u00a0 \u00a0 \u00a0 \u00a0 <\/span><span style=\"font-weight: 400\">De meeste beelden hebben schroefdraad M8 aan de onderzijde.<\/span><\/li>\n<li><span style=\"font-weight: 400\"> \u00a0 \u00a0 \u00a0 \u00a0 <\/span><b>Live showroom met +600 diverse modellen live te bekijken!<\/b><\/li>\n<\/ul>\n<p><span style=\"font-weight: 400\">\u00b7<\/span><span style=\"font-weight: 400\"> \u00a0 \u00a0 \u00a0 <\/span><b>Andere modellen op aanvraag binnen een week te bekijken!<\/b><\/p>\n","protected":false},"excerpt":{"rendered":"<p>\u2713 Handgemaakt \u2713 Van hoogwaardig brons \u2713 30 jaar garantie<\/p>\n","protected":false},"featured_media":176857,"template":"","meta":{"_acf_changed":false,"_genesis_title":"","_genesis_description":""},"product_brand":[7504],"product_cat":[611,643],"product_tag":[],"class_list":{"0":"post-176826","1":"product","2":"type-product","3":"status-publish","4":"has-post-thumbnail","6":"product_brand-overig","7":"product_cat-bronzen-beelden","8":"product_cat-overige-bronzen-beelden","10":"first","11":"instock","12":"taxable","13":"shipping-taxable","14":"purchasable","15":"product-type-simple"},"acf":[],"meta_all":{"cor_restricted_countries":[],"cor_product_price_text_product_level":"","cor_add_text":"","cor_hide_r_add_cart_product_level":"1","cor_product_price_cart_btn_product_level":"","cor_replace_add_to_cart_custom_btn_product_level":"","enbility_product_level_disability":" ","enbility_product_level_exclude_visibility_rules":" ","total_sales":"0","searchwp_related":"beeld thaise boeddha brons 120cm brons 120cm"},"meta_all_flat":{"cor_product_price_text_product_level":"","cor_add_text":"","cor_hide_r_add_cart_product_level":"1","cor_product_price_cart_btn_product_level":"","cor_replace_add_to_cart_custom_btn_product_level":"","enbility_product_level_disability":" ","enbility_product_level_exclude_visibility_rules":" ","total_sales":"0","searchwp_related":"beeld thaise boeddha brons 120cm brons 120cm"},"yoast_head":"<!-- This site is optimized with the Yoast SEO Premium plugin v26.2 (Yoast SEO v27.2) - https:\/\/yoast.com\/product\/yoast-seo-premium-wordpress\/ -->\n<title>Overig Beeld Thaise Boeddha brons 120cm - Eliassen.nl<\/title>\n<meta name=\"description\" content=\"Op zoek naar een hoogwaardig bronzen beeld? Dit mooie model van een Thaise boeddha zult u zeker waarderen. Levensbestendig. Snel leverbaar.\" \/>\n<meta name=\"robots\" content=\"index, follow, max-snippet:-1, max-image-preview:large, max-video-preview:-1\" \/>\n<link rel=\"canonical\" href=\"https:\/\/www.eliassen.nl\/nl\/beeld-thaise-boeddha-brons-120cm\/\" \/>\n<meta property=\"og:locale\" content=\"nl_NL\" \/>\n<meta property=\"og:type\" content=\"article\" \/>\n<meta property=\"og:title\" content=\"Overig Beeld Thaise Boeddha brons 120cm - Eliassen.nl\" \/>\n<meta property=\"og:description\" content=\"Op zoek naar een hoogwaardig bronzen beeld? Dit mooie model van een Thaise boeddha zult u zeker waarderen. Levensbestendig. Snel leverbaar.\" \/>\n<meta property=\"og:url\" content=\"https:\/\/www.eliassen.nl\/nl\/beeld-thaise-boeddha-brons-120cm\/\" \/>\n<meta property=\"og:site_name\" content=\"Eliassen.nl\" \/>\n<meta property=\"article:publisher\" content=\"https:\/\/www.facebook.com\/TuincentrumEliassenAmmerzoden\" \/>\n<meta property=\"article:modified_time\" content=\"2026-01-16T14:54:46+00:00\" \/>\n<meta property=\"og:image\" content=\"https:\/\/www.eliassen.nl\/wp-content\/uploads\/2025\/03\/Thaise-boeddha-brons-Eliassen.nl_-scaled.jpeg\" \/>\n\t<meta property=\"og:image:width\" content=\"1440\" \/>\n\t<meta property=\"og:image:height\" content=\"2560\" \/>\n\t<meta property=\"og:image:type\" content=\"image\/jpeg\" \/>\n<meta name=\"twitter:card\" content=\"summary_large_image\" \/>\n<script type=\"application\/ld+json\" class=\"yoast-schema-graph\">{\"@context\":\"https:\/\/schema.org\",\"@graph\":[{\"@type\":\"WebPage\",\"@id\":\"https:\/\/www.eliassen.nl\/nl\/beeld-thaise-boeddha-brons-120cm\/\",\"url\":\"https:\/\/www.eliassen.nl\/nl\/beeld-thaise-boeddha-brons-120cm\/\",\"name\":\"Overig Beeld Thaise Boeddha brons 120cm - Eliassen.nl\",\"isPartOf\":{\"@id\":\"https:\/\/www.eliassen.nl\/nl\/#website\"},\"primaryImageOfPage\":{\"@id\":\"https:\/\/www.eliassen.nl\/nl\/beeld-thaise-boeddha-brons-120cm\/#primaryimage\"},\"image\":{\"@id\":\"https:\/\/www.eliassen.nl\/nl\/beeld-thaise-boeddha-brons-120cm\/#primaryimage\"},\"thumbnailUrl\":\"https:\/\/www.eliassen.nl\/wp-content\/uploads\/2025\/03\/Thaise-boeddha-brons-Eliassen.nl_-scaled.jpeg\",\"datePublished\":\"2025-04-03T11:49:31+00:00\",\"dateModified\":\"2026-01-16T14:54:46+00:00\",\"description\":\"Op zoek naar een hoogwaardig bronzen beeld? Dit mooie model van een Thaise boeddha zult u zeker waarderen. Levensbestendig. Snel leverbaar.\",\"breadcrumb\":{\"@id\":\"https:\/\/www.eliassen.nl\/nl\/beeld-thaise-boeddha-brons-120cm\/#breadcrumb\"},\"inLanguage\":\"nl-NL\",\"potentialAction\":[{\"@type\":\"ReadAction\",\"target\":[\"https:\/\/www.eliassen.nl\/nl\/beeld-thaise-boeddha-brons-120cm\/\"]}]},{\"@type\":\"ImageObject\",\"inLanguage\":\"nl-NL\",\"@id\":\"https:\/\/www.eliassen.nl\/nl\/beeld-thaise-boeddha-brons-120cm\/#primaryimage\",\"url\":\"https:\/\/www.eliassen.nl\/wp-content\/uploads\/2025\/03\/Thaise-boeddha-brons-Eliassen.nl_-scaled.jpeg\",\"contentUrl\":\"https:\/\/www.eliassen.nl\/wp-content\/uploads\/2025\/03\/Thaise-boeddha-brons-Eliassen.nl_-scaled.jpeg\",\"width\":1440,\"height\":2560},{\"@type\":\"BreadcrumbList\",\"@id\":\"https:\/\/www.eliassen.nl\/nl\/beeld-thaise-boeddha-brons-120cm\/#breadcrumb\",\"itemListElement\":[{\"@type\":\"ListItem\",\"position\":1,\"name\":\"Home\",\"item\":\"https:\/\/www.eliassen.nl\/nl\/\"},{\"@type\":\"ListItem\",\"position\":2,\"name\":\"Winkel\",\"item\":\"https:\/\/www.eliassen.nl\/nl\/winkel\/\"},{\"@type\":\"ListItem\",\"position\":3,\"name\":\"Bronzen Beelden\",\"item\":\"https:\/\/www.eliassen.nl\/nl\/bronzen-beelden\/\"},{\"@type\":\"ListItem\",\"position\":4,\"name\":\"Overige bronzen beelden\",\"item\":\"https:\/\/www.eliassen.nl\/nl\/bronzen-beelden\/overige-bronzen-beelden\/\"},{\"@type\":\"ListItem\",\"position\":5,\"name\":\"Beeld Thaise Boeddha brons 120cm\"}]},{\"@type\":\"WebSite\",\"@id\":\"https:\/\/www.eliassen.nl\/nl\/#website\",\"url\":\"https:\/\/www.eliassen.nl\/nl\/\",\"name\":\"Eliassen Home & Garden Pleasure\",\"description\":\"\",\"publisher\":{\"@id\":\"https:\/\/www.eliassen.nl\/nl\/#organization\"},\"alternateName\":\"Eliassen.nl\",\"potentialAction\":[{\"@type\":\"SearchAction\",\"target\":{\"@type\":\"EntryPoint\",\"urlTemplate\":\"https:\/\/www.eliassen.nl\/nl\/?s={search_term_string}\"},\"query-input\":{\"@type\":\"PropertyValueSpecification\",\"valueRequired\":true,\"valueName\":\"search_term_string\"}}],\"inLanguage\":\"nl-NL\"},{\"@type\":[\"Organization\",\"Place\"],\"@id\":\"https:\/\/www.eliassen.nl\/nl\/#organization\",\"name\":\"Eliassen Home & Garden Pleasure\",\"url\":\"https:\/\/www.eliassen.nl\/nl\/\",\"logo\":{\"@id\":\"https:\/\/www.eliassen.nl\/nl\/beeld-thaise-boeddha-brons-120cm\/#local-main-organization-logo\"},\"image\":{\"@id\":\"https:\/\/www.eliassen.nl\/nl\/beeld-thaise-boeddha-brons-120cm\/#local-main-organization-logo\"},\"sameAs\":[\"https:\/\/www.facebook.com\/TuincentrumEliassenAmmerzoden\",\"https:\/\/www.instagram.com\/eliassenhomeandgarden\/\",\"https:\/\/nl.pinterest.com\/eliassenhomeandgarden\/\",\"https:\/\/www.youtube.com\/@eliassenhomegardenpleasure4558\"],\"telephone\":[],\"openingHoursSpecification\":[{\"@type\":\"OpeningHoursSpecification\",\"dayOfWeek\":[\"Monday\",\"Tuesday\",\"Wednesday\",\"Thursday\",\"Friday\",\"Saturday\",\"Sunday\"],\"opens\":\"09:00\",\"closes\":\"17:00\"}]},{\"@type\":\"ImageObject\",\"inLanguage\":\"nl-NL\",\"@id\":\"https:\/\/www.eliassen.nl\/nl\/beeld-thaise-boeddha-brons-120cm\/#local-main-organization-logo\",\"url\":\"https:\/\/www.eliassen.nl\/wp-content\/uploads\/2024\/01\/logo_4nd.jpg\",\"contentUrl\":\"https:\/\/www.eliassen.nl\/wp-content\/uploads\/2024\/01\/logo_4nd.jpg\",\"width\":500,\"height\":500,\"caption\":\"Eliassen Home & Garden Pleasure\"}]}<\/script>\n<meta property=\"product:price:amount\" content=\"1150.00\" \/>\n<meta property=\"product:price:currency\" content=\"EUR\" \/>\n<meta property=\"og:availability\" content=\"instock\" \/>\n<meta property=\"product:availability\" content=\"instock\" \/>\n<meta property=\"product:retailer_item_id\" content=\"112233\" \/>\n<meta property=\"product:condition\" content=\"new\" \/>\n<!-- \/ Yoast SEO Premium plugin. -->","yoast_head_json":{"title":"Overig Beeld Thaise Boeddha brons 120cm - Eliassen.nl","description":"Op zoek naar een hoogwaardig bronzen beeld? Dit mooie model van een Thaise boeddha zult u zeker waarderen. Levensbestendig. Snel leverbaar.","robots":{"index":"index","follow":"follow","max-snippet":"max-snippet:-1","max-image-preview":"max-image-preview:large","max-video-preview":"max-video-preview:-1"},"canonical":"https:\/\/www.eliassen.nl\/nl\/beeld-thaise-boeddha-brons-120cm\/","og_locale":"nl_NL","og_type":"article","og_title":"Overig Beeld Thaise Boeddha brons 120cm - Eliassen.nl","og_description":"Op zoek naar een hoogwaardig bronzen beeld? Dit mooie model van een Thaise boeddha zult u zeker waarderen. Levensbestendig. Snel leverbaar.","og_url":"https:\/\/www.eliassen.nl\/nl\/beeld-thaise-boeddha-brons-120cm\/","og_site_name":"Eliassen.nl","article_publisher":"https:\/\/www.facebook.com\/TuincentrumEliassenAmmerzoden","article_modified_time":"2026-01-16T14:54:46+00:00","og_image":[{"width":1440,"height":2560,"url":"https:\/\/www.eliassen.nl\/wp-content\/uploads\/2025\/03\/Thaise-boeddha-brons-Eliassen.nl_-scaled.jpeg","type":"image\/jpeg"}],"twitter_card":"summary_large_image","schema":{"@context":"https:\/\/schema.org","@graph":[{"@type":"WebPage","@id":"https:\/\/www.eliassen.nl\/nl\/beeld-thaise-boeddha-brons-120cm\/","url":"https:\/\/www.eliassen.nl\/nl\/beeld-thaise-boeddha-brons-120cm\/","name":"Overig Beeld Thaise Boeddha brons 120cm - Eliassen.nl","isPartOf":{"@id":"https:\/\/www.eliassen.nl\/nl\/#website"},"primaryImageOfPage":{"@id":"https:\/\/www.eliassen.nl\/nl\/beeld-thaise-boeddha-brons-120cm\/#primaryimage"},"image":{"@id":"https:\/\/www.eliassen.nl\/nl\/beeld-thaise-boeddha-brons-120cm\/#primaryimage"},"thumbnailUrl":"https:\/\/www.eliassen.nl\/wp-content\/uploads\/2025\/03\/Thaise-boeddha-brons-Eliassen.nl_-scaled.jpeg","datePublished":"2025-04-03T11:49:31+00:00","dateModified":"2026-01-16T14:54:46+00:00","description":"Op zoek naar een hoogwaardig bronzen beeld? Dit mooie model van een Thaise boeddha zult u zeker waarderen. Levensbestendig. Snel leverbaar.","breadcrumb":{"@id":"https:\/\/www.eliassen.nl\/nl\/beeld-thaise-boeddha-brons-120cm\/#breadcrumb"},"inLanguage":"nl-NL","potentialAction":[{"@type":"ReadAction","target":["https:\/\/www.eliassen.nl\/nl\/beeld-thaise-boeddha-brons-120cm\/"]}]},{"@type":"ImageObject","inLanguage":"nl-NL","@id":"https:\/\/www.eliassen.nl\/nl\/beeld-thaise-boeddha-brons-120cm\/#primaryimage","url":"https:\/\/www.eliassen.nl\/wp-content\/uploads\/2025\/03\/Thaise-boeddha-brons-Eliassen.nl_-scaled.jpeg","contentUrl":"https:\/\/www.eliassen.nl\/wp-content\/uploads\/2025\/03\/Thaise-boeddha-brons-Eliassen.nl_-scaled.jpeg","width":1440,"height":2560},{"@type":"BreadcrumbList","@id":"https:\/\/www.eliassen.nl\/nl\/beeld-thaise-boeddha-brons-120cm\/#breadcrumb","itemListElement":[{"@type":"ListItem","position":1,"name":"Home","item":"https:\/\/www.eliassen.nl\/nl\/"},{"@type":"ListItem","position":2,"name":"Winkel","item":"https:\/\/www.eliassen.nl\/nl\/winkel\/"},{"@type":"ListItem","position":3,"name":"Bronzen Beelden","item":"https:\/\/www.eliassen.nl\/nl\/bronzen-beelden\/"},{"@type":"ListItem","position":4,"name":"Overige bronzen beelden","item":"https:\/\/www.eliassen.nl\/nl\/bronzen-beelden\/overige-bronzen-beelden\/"},{"@type":"ListItem","position":5,"name":"Beeld Thaise Boeddha brons 120cm"}]},{"@type":"WebSite","@id":"https:\/\/www.eliassen.nl\/nl\/#website","url":"https:\/\/www.eliassen.nl\/nl\/","name":"Eliassen Home & Garden Pleasure","description":"","publisher":{"@id":"https:\/\/www.eliassen.nl\/nl\/#organization"},"alternateName":"Eliassen.nl","potentialAction":[{"@type":"SearchAction","target":{"@type":"EntryPoint","urlTemplate":"https:\/\/www.eliassen.nl\/nl\/?s={search_term_string}"},"query-input":{"@type":"PropertyValueSpecification","valueRequired":true,"valueName":"search_term_string"}}],"inLanguage":"nl-NL"},{"@type":["Organization","Place"],"@id":"https:\/\/www.eliassen.nl\/nl\/#organization","name":"Eliassen Home & Garden Pleasure","url":"https:\/\/www.eliassen.nl\/nl\/","logo":{"@id":"https:\/\/www.eliassen.nl\/nl\/beeld-thaise-boeddha-brons-120cm\/#local-main-organization-logo"},"image":{"@id":"https:\/\/www.eliassen.nl\/nl\/beeld-thaise-boeddha-brons-120cm\/#local-main-organization-logo"},"sameAs":["https:\/\/www.facebook.com\/TuincentrumEliassenAmmerzoden","https:\/\/www.instagram.com\/eliassenhomeandgarden\/","https:\/\/nl.pinterest.com\/eliassenhomeandgarden\/","https:\/\/www.youtube.com\/@eliassenhomegardenpleasure4558"],"telephone":[],"openingHoursSpecification":[{"@type":"OpeningHoursSpecification","dayOfWeek":["Monday","Tuesday","Wednesday","Thursday","Friday","Saturday","Sunday"],"opens":"09:00","closes":"17:00"}]},{"@type":"ImageObject","inLanguage":"nl-NL","@id":"https:\/\/www.eliassen.nl\/nl\/beeld-thaise-boeddha-brons-120cm\/#local-main-organization-logo","url":"https:\/\/www.eliassen.nl\/wp-content\/uploads\/2024\/01\/logo_4nd.jpg","contentUrl":"https:\/\/www.eliassen.nl\/wp-content\/uploads\/2024\/01\/logo_4nd.jpg","width":500,"height":500,"caption":"Eliassen Home & Garden Pleasure"}]},"product_price_amount":"1150.00","product_price_currency":"EUR","og_availability":"instock","product_availability":"instock","product_retailer_item_id":"112233","product_condition":"new"},"df_price":1150,"df_sale_price":"","df_regular_price":1150,"df_image_link":"https:\/\/www.eliassen.nl\/wp-content\/uploads\/2025\/03\/Thaise-boeddha-brons-Eliassen.nl_-169x300.jpeg","image":"https:\/\/www.eliassen.nl\/wp-content\/uploads\/2025\/03\/Thaise-boeddha-brons-Eliassen.nl_-150x150.jpeg","price_search":"<span class=\"woocommerce-Price-amount amount\"><bdi><span class=\"woocommerce-Price-currencySymbol\">&euro;<\/span>&nbsp;1.150,00<\/bdi><\/span>","category":"Bronzen Beelden","global_unique_id":"6096538131167","sku":"6096538131167 \/ 112233","_links":{"self":[{"href":"https:\/\/www.eliassen.nl\/nl\/wp-json\/wp\/v2\/product\/176826","targetHints":{"allow":["GET"]}}],"collection":[{"href":"https:\/\/www.eliassen.nl\/nl\/wp-json\/wp\/v2\/product"}],"about":[{"href":"https:\/\/www.eliassen.nl\/nl\/wp-json\/wp\/v2\/types\/product"}],"wp:featuredmedia":[{"embeddable":true,"href":"https:\/\/www.eliassen.nl\/nl\/wp-json\/wp\/v2\/media\/176857"}],"wp:attachment":[{"href":"https:\/\/www.eliassen.nl\/nl\/wp-json\/wp\/v2\/media?parent=176826"}],"wp:term":[{"taxonomy":"product_brand","embeddable":true,"href":"https:\/\/www.eliassen.nl\/nl\/wp-json\/wp\/v2\/product_brand?post=176826"},{"taxonomy":"product_cat","embeddable":true,"href":"https:\/\/www.eliassen.nl\/nl\/wp-json\/wp\/v2\/product_cat?post=176826"},{"taxonomy":"product_tag","embeddable":true,"href":"https:\/\/www.eliassen.nl\/nl\/wp-json\/wp\/v2\/product_tag?post=176826"}],"curies":[{"name":"wp","href":"https:\/\/api.w.org\/{rel}","templated":true}]}}