{"id":160444,"date":"2024-09-09T09:53:28","date_gmt":"2024-09-09T09:53:28","guid":{"rendered":"https:\/\/www.eliassen.nl\/?product=vaas-gekleurd-vrouw-roos-29cm"},"modified":"2026-03-04T09:12:53","modified_gmt":"2026-03-04T08:12:53","slug":"vaas-porselein-vrouwenhoofd-met-rozen-29cm","status":"publish","type":"product","link":"https:\/\/www.eliassen.nl\/nl\/vaas-porselein-vrouwenhoofd-met-rozen-29cm\/","title":{"rendered":"Vaas porselein Vrouwenhoofd met rozen 29cm"},"content":{"rendered":"<p>Bent u opzoek naar een unieke vaas van een \u00e9chte kunstenaar? Dan haalt u met dit model \u00e9cht iets leuks in huis. Deze vaas, gemaakt van porselein, is namelijk ge\u00efnspireerd door de beroemde vrouwelijke kunstenaar Frida Kahlo. Zij stond bekend om haar bloemen en felle kleuren in haar werk.<\/p>\n<p>Op de vaas is een kleurrijke jonge dame te zien met rozen in haar haar.\u00a0 Met lichte make-up, vele sieraden en een Aziatisch uiterlijk. De pot bevat vele keuren als paars, zwart, geel en witte huidskleur. De vaas heeft een glanzende finish en is gemaakt van porselein.<\/p>\n<p>U kunt dit model vaas in uw woonhuis plaatsen op bijvoorbeeld een dressoir, bijzettafel of een andere tafel. Dit kunt u plaatsen m\u00e9t of z\u00f3nder bloemen, maar wel enkel binnenshuis.<\/p>\n<ul>\n<li>Alleen voor binnenshuis, niet voor buiten<\/li>\n<li>Keihard gebakken<\/li>\n<li>Maten: 21x18x29cm hoog<\/li>\n<li>Ge\u00efnspireerd op bekende kunstenaar Frida Kahlo<\/li>\n<li>Retro-look<\/li>\n<\/ul>\n","protected":false},"excerpt":{"rendered":"<p>\u2713 Van porselein \u2713 Ge\u00efnspireerd door Frida Kahlo<\/p>\n","protected":false},"featured_media":160447,"template":"","meta":{"_acf_changed":false,"_genesis_title":"","_genesis_description":""},"product_brand":[6832],"product_cat":[721,724],"product_tag":[],"class_list":{"0":"post-160444","1":"product","2":"type-product","3":"status-publish","4":"has-post-thumbnail","6":"product_brand-homebound","7":"product_cat-bloempotten-en-bloembakken","8":"product_cat-moderne-design-vazen-en-potten","10":"first","11":"instock","12":"taxable","13":"shipping-taxable","14":"purchasable","15":"product-type-simple"},"acf":[],"meta_all":{"total_sales":"5","cor_restricted_countries":[],"cor_product_price_text_product_level":"","cor_add_text":"","cor_hide_r_add_cart_product_level":"1","cor_product_price_cart_btn_product_level":"","cor_replace_add_to_cart_custom_btn_product_level":"","enbility_product_level_disability":" ","enbility_product_level_exclude_visibility_rules":" ","searchwp_related":"vaas porselein vrouwenhoofd rozen 29cm rozen 29cm"},"meta_all_flat":{"total_sales":"5","cor_product_price_text_product_level":"","cor_add_text":"","cor_hide_r_add_cart_product_level":"1","cor_product_price_cart_btn_product_level":"","cor_replace_add_to_cart_custom_btn_product_level":"","enbility_product_level_disability":" ","enbility_product_level_exclude_visibility_rules":" ","searchwp_related":"vaas porselein vrouwenhoofd rozen 29cm rozen 29cm"},"yoast_head":"<!-- This site is optimized with the Yoast SEO Premium plugin v26.2 (Yoast SEO v27.2) - https:\/\/yoast.com\/product\/yoast-seo-premium-wordpress\/ -->\n<title>Vaas porselein Vrouwenhoofd met rozen 29cm - Eliassen.nl<\/title>\n<meta name=\"description\" content=\"Bent u opzoek naar een unieke en vrolijke vaas voor binnenshuis van porselein? Dit model vrouwenhoofd vaas is ge\u00efnspireerd door Frida Kahlo.\" \/>\n<meta name=\"robots\" content=\"index, follow, max-snippet:-1, max-image-preview:large, max-video-preview:-1\" \/>\n<link rel=\"canonical\" href=\"https:\/\/www.eliassen.nl\/nl\/vaas-porselein-vrouwenhoofd-met-rozen-29cm\/\" \/>\n<meta property=\"og:locale\" content=\"nl_NL\" \/>\n<meta property=\"og:type\" content=\"article\" \/>\n<meta property=\"og:title\" content=\"Homebound Vaas porselein Vrouwenhoofd met rozen 29cm - Eliassen.nl\" \/>\n<meta property=\"og:description\" content=\"Bent u opzoek naar een unieke en vrolijke vaas voor binnenshuis van porselein? Dit model vrouwenhoofd vaas is ge\u00efnspireerd door Frida Kahlo.\" \/>\n<meta property=\"og:url\" content=\"https:\/\/www.eliassen.nl\/nl\/vaas-porselein-vrouwenhoofd-met-rozen-29cm\/\" \/>\n<meta property=\"og:site_name\" content=\"Eliassen.nl\" \/>\n<meta property=\"article:publisher\" content=\"https:\/\/www.facebook.com\/TuincentrumEliassenAmmerzoden\" \/>\n<meta property=\"article:modified_time\" content=\"2026-03-04T08:12:53+00:00\" \/>\n<meta property=\"og:image\" content=\"https:\/\/www.eliassen.nl\/wp-content\/uploads\/2024\/10\/vaasgekleurdvrouwrooseliassennlas6910.jpg\" \/>\n\t<meta property=\"og:image:width\" content=\"1000\" \/>\n\t<meta property=\"og:image:height\" content=\"1000\" \/>\n\t<meta property=\"og:image:type\" content=\"image\/jpeg\" \/>\n<meta name=\"twitter:card\" content=\"summary_large_image\" \/>\n<script type=\"application\/ld+json\" class=\"yoast-schema-graph\">{\"@context\":\"https:\/\/schema.org\",\"@graph\":[{\"@type\":\"WebPage\",\"@id\":\"https:\/\/www.eliassen.nl\/nl\/vaas-porselein-vrouwenhoofd-met-rozen-29cm\/\",\"url\":\"https:\/\/www.eliassen.nl\/nl\/vaas-porselein-vrouwenhoofd-met-rozen-29cm\/\",\"name\":\"Vaas porselein Vrouwenhoofd met rozen 29cm - Eliassen.nl\",\"isPartOf\":{\"@id\":\"https:\/\/www.eliassen.nl\/nl\/#website\"},\"primaryImageOfPage\":{\"@id\":\"https:\/\/www.eliassen.nl\/nl\/vaas-porselein-vrouwenhoofd-met-rozen-29cm\/#primaryimage\"},\"image\":{\"@id\":\"https:\/\/www.eliassen.nl\/nl\/vaas-porselein-vrouwenhoofd-met-rozen-29cm\/#primaryimage\"},\"thumbnailUrl\":\"https:\/\/www.eliassen.nl\/wp-content\/uploads\/2024\/10\/vaasgekleurdvrouwrooseliassennlas6910.jpg\",\"datePublished\":\"2024-09-09T09:53:28+00:00\",\"dateModified\":\"2026-03-04T08:12:53+00:00\",\"description\":\"Bent u opzoek naar een unieke en vrolijke vaas voor binnenshuis van porselein? Dit model vrouwenhoofd vaas is ge\u00efnspireerd door Frida Kahlo.\",\"breadcrumb\":{\"@id\":\"https:\/\/www.eliassen.nl\/nl\/vaas-porselein-vrouwenhoofd-met-rozen-29cm\/#breadcrumb\"},\"inLanguage\":\"nl-NL\",\"potentialAction\":[{\"@type\":\"ReadAction\",\"target\":[\"https:\/\/www.eliassen.nl\/nl\/vaas-porselein-vrouwenhoofd-met-rozen-29cm\/\"]}]},{\"@type\":\"ImageObject\",\"inLanguage\":\"nl-NL\",\"@id\":\"https:\/\/www.eliassen.nl\/nl\/vaas-porselein-vrouwenhoofd-met-rozen-29cm\/#primaryimage\",\"url\":\"https:\/\/www.eliassen.nl\/wp-content\/uploads\/2024\/10\/vaasgekleurdvrouwrooseliassennlas6910.jpg\",\"contentUrl\":\"https:\/\/www.eliassen.nl\/wp-content\/uploads\/2024\/10\/vaasgekleurdvrouwrooseliassennlas6910.jpg\",\"width\":1000,\"height\":1000,\"caption\":\"Vaas gekleurd vrouw roos Eliassen.nl as6910\"},{\"@type\":\"BreadcrumbList\",\"@id\":\"https:\/\/www.eliassen.nl\/nl\/vaas-porselein-vrouwenhoofd-met-rozen-29cm\/#breadcrumb\",\"itemListElement\":[{\"@type\":\"ListItem\",\"position\":1,\"name\":\"Home\",\"item\":\"https:\/\/www.eliassen.nl\/nl\/\"},{\"@type\":\"ListItem\",\"position\":2,\"name\":\"Winkel\",\"item\":\"https:\/\/www.eliassen.nl\/nl\/winkel\/\"},{\"@type\":\"ListItem\",\"position\":3,\"name\":\"Bloempotten en Bloembakken\",\"item\":\"https:\/\/www.eliassen.nl\/nl\/bloempotten-en-bloembakken\/\"},{\"@type\":\"ListItem\",\"position\":4,\"name\":\"Vaas porselein Vrouwenhoofd met rozen 29cm\"}]},{\"@type\":\"WebSite\",\"@id\":\"https:\/\/www.eliassen.nl\/nl\/#website\",\"url\":\"https:\/\/www.eliassen.nl\/nl\/\",\"name\":\"Eliassen Home & Garden Pleasure\",\"description\":\"\",\"publisher\":{\"@id\":\"https:\/\/www.eliassen.nl\/nl\/#organization\"},\"alternateName\":\"Eliassen.nl\",\"potentialAction\":[{\"@type\":\"SearchAction\",\"target\":{\"@type\":\"EntryPoint\",\"urlTemplate\":\"https:\/\/www.eliassen.nl\/nl\/?s={search_term_string}\"},\"query-input\":{\"@type\":\"PropertyValueSpecification\",\"valueRequired\":true,\"valueName\":\"search_term_string\"}}],\"inLanguage\":\"nl-NL\"},{\"@type\":[\"Organization\",\"Place\"],\"@id\":\"https:\/\/www.eliassen.nl\/nl\/#organization\",\"name\":\"Eliassen Home & Garden Pleasure\",\"url\":\"https:\/\/www.eliassen.nl\/nl\/\",\"logo\":{\"@id\":\"https:\/\/www.eliassen.nl\/nl\/vaas-porselein-vrouwenhoofd-met-rozen-29cm\/#local-main-organization-logo\"},\"image\":{\"@id\":\"https:\/\/www.eliassen.nl\/nl\/vaas-porselein-vrouwenhoofd-met-rozen-29cm\/#local-main-organization-logo\"},\"sameAs\":[\"https:\/\/www.facebook.com\/TuincentrumEliassenAmmerzoden\",\"https:\/\/www.instagram.com\/eliassenhomeandgarden\/\",\"https:\/\/nl.pinterest.com\/eliassenhomeandgarden\/\",\"https:\/\/www.youtube.com\/@eliassenhomegardenpleasure4558\"],\"telephone\":[],\"openingHoursSpecification\":[{\"@type\":\"OpeningHoursSpecification\",\"dayOfWeek\":[\"Monday\",\"Tuesday\",\"Wednesday\",\"Thursday\",\"Friday\",\"Saturday\",\"Sunday\"],\"opens\":\"09:00\",\"closes\":\"17:00\"}]},{\"@type\":\"ImageObject\",\"inLanguage\":\"nl-NL\",\"@id\":\"https:\/\/www.eliassen.nl\/nl\/vaas-porselein-vrouwenhoofd-met-rozen-29cm\/#local-main-organization-logo\",\"url\":\"https:\/\/www.eliassen.nl\/wp-content\/uploads\/2024\/01\/logo_4nd.jpg\",\"contentUrl\":\"https:\/\/www.eliassen.nl\/wp-content\/uploads\/2024\/01\/logo_4nd.jpg\",\"width\":500,\"height\":500,\"caption\":\"Eliassen Home & Garden Pleasure\"}]}<\/script>\n<meta property=\"product:price:amount\" content=\"39.95\" \/>\n<meta property=\"product:price:currency\" content=\"EUR\" \/>\n<meta property=\"og:availability\" content=\"instock\" \/>\n<meta property=\"product:availability\" content=\"instock\" \/>\n<meta property=\"product:retailer_item_id\" content=\"as6910\" \/>\n<meta property=\"product:condition\" content=\"new\" \/>\n<!-- \/ Yoast SEO Premium plugin. -->","yoast_head_json":{"title":"Vaas porselein Vrouwenhoofd met rozen 29cm - Eliassen.nl","description":"Bent u opzoek naar een unieke en vrolijke vaas voor binnenshuis van porselein? Dit model vrouwenhoofd vaas is ge\u00efnspireerd door Frida Kahlo.","robots":{"index":"index","follow":"follow","max-snippet":"max-snippet:-1","max-image-preview":"max-image-preview:large","max-video-preview":"max-video-preview:-1"},"canonical":"https:\/\/www.eliassen.nl\/nl\/vaas-porselein-vrouwenhoofd-met-rozen-29cm\/","og_locale":"nl_NL","og_type":"article","og_title":"Homebound Vaas porselein Vrouwenhoofd met rozen 29cm - Eliassen.nl","og_description":"Bent u opzoek naar een unieke en vrolijke vaas voor binnenshuis van porselein? Dit model vrouwenhoofd vaas is ge\u00efnspireerd door Frida Kahlo.","og_url":"https:\/\/www.eliassen.nl\/nl\/vaas-porselein-vrouwenhoofd-met-rozen-29cm\/","og_site_name":"Eliassen.nl","article_publisher":"https:\/\/www.facebook.com\/TuincentrumEliassenAmmerzoden","article_modified_time":"2026-03-04T08:12:53+00:00","og_image":[{"width":1000,"height":1000,"url":"https:\/\/www.eliassen.nl\/wp-content\/uploads\/2024\/10\/vaasgekleurdvrouwrooseliassennlas6910.jpg","type":"image\/jpeg"}],"twitter_card":"summary_large_image","schema":{"@context":"https:\/\/schema.org","@graph":[{"@type":"WebPage","@id":"https:\/\/www.eliassen.nl\/nl\/vaas-porselein-vrouwenhoofd-met-rozen-29cm\/","url":"https:\/\/www.eliassen.nl\/nl\/vaas-porselein-vrouwenhoofd-met-rozen-29cm\/","name":"Vaas porselein Vrouwenhoofd met rozen 29cm - Eliassen.nl","isPartOf":{"@id":"https:\/\/www.eliassen.nl\/nl\/#website"},"primaryImageOfPage":{"@id":"https:\/\/www.eliassen.nl\/nl\/vaas-porselein-vrouwenhoofd-met-rozen-29cm\/#primaryimage"},"image":{"@id":"https:\/\/www.eliassen.nl\/nl\/vaas-porselein-vrouwenhoofd-met-rozen-29cm\/#primaryimage"},"thumbnailUrl":"https:\/\/www.eliassen.nl\/wp-content\/uploads\/2024\/10\/vaasgekleurdvrouwrooseliassennlas6910.jpg","datePublished":"2024-09-09T09:53:28+00:00","dateModified":"2026-03-04T08:12:53+00:00","description":"Bent u opzoek naar een unieke en vrolijke vaas voor binnenshuis van porselein? Dit model vrouwenhoofd vaas is ge\u00efnspireerd door Frida Kahlo.","breadcrumb":{"@id":"https:\/\/www.eliassen.nl\/nl\/vaas-porselein-vrouwenhoofd-met-rozen-29cm\/#breadcrumb"},"inLanguage":"nl-NL","potentialAction":[{"@type":"ReadAction","target":["https:\/\/www.eliassen.nl\/nl\/vaas-porselein-vrouwenhoofd-met-rozen-29cm\/"]}]},{"@type":"ImageObject","inLanguage":"nl-NL","@id":"https:\/\/www.eliassen.nl\/nl\/vaas-porselein-vrouwenhoofd-met-rozen-29cm\/#primaryimage","url":"https:\/\/www.eliassen.nl\/wp-content\/uploads\/2024\/10\/vaasgekleurdvrouwrooseliassennlas6910.jpg","contentUrl":"https:\/\/www.eliassen.nl\/wp-content\/uploads\/2024\/10\/vaasgekleurdvrouwrooseliassennlas6910.jpg","width":1000,"height":1000,"caption":"Vaas gekleurd vrouw roos Eliassen.nl as6910"},{"@type":"BreadcrumbList","@id":"https:\/\/www.eliassen.nl\/nl\/vaas-porselein-vrouwenhoofd-met-rozen-29cm\/#breadcrumb","itemListElement":[{"@type":"ListItem","position":1,"name":"Home","item":"https:\/\/www.eliassen.nl\/nl\/"},{"@type":"ListItem","position":2,"name":"Winkel","item":"https:\/\/www.eliassen.nl\/nl\/winkel\/"},{"@type":"ListItem","position":3,"name":"Bloempotten en Bloembakken","item":"https:\/\/www.eliassen.nl\/nl\/bloempotten-en-bloembakken\/"},{"@type":"ListItem","position":4,"name":"Vaas porselein Vrouwenhoofd met rozen 29cm"}]},{"@type":"WebSite","@id":"https:\/\/www.eliassen.nl\/nl\/#website","url":"https:\/\/www.eliassen.nl\/nl\/","name":"Eliassen Home & Garden Pleasure","description":"","publisher":{"@id":"https:\/\/www.eliassen.nl\/nl\/#organization"},"alternateName":"Eliassen.nl","potentialAction":[{"@type":"SearchAction","target":{"@type":"EntryPoint","urlTemplate":"https:\/\/www.eliassen.nl\/nl\/?s={search_term_string}"},"query-input":{"@type":"PropertyValueSpecification","valueRequired":true,"valueName":"search_term_string"}}],"inLanguage":"nl-NL"},{"@type":["Organization","Place"],"@id":"https:\/\/www.eliassen.nl\/nl\/#organization","name":"Eliassen Home & Garden Pleasure","url":"https:\/\/www.eliassen.nl\/nl\/","logo":{"@id":"https:\/\/www.eliassen.nl\/nl\/vaas-porselein-vrouwenhoofd-met-rozen-29cm\/#local-main-organization-logo"},"image":{"@id":"https:\/\/www.eliassen.nl\/nl\/vaas-porselein-vrouwenhoofd-met-rozen-29cm\/#local-main-organization-logo"},"sameAs":["https:\/\/www.facebook.com\/TuincentrumEliassenAmmerzoden","https:\/\/www.instagram.com\/eliassenhomeandgarden\/","https:\/\/nl.pinterest.com\/eliassenhomeandgarden\/","https:\/\/www.youtube.com\/@eliassenhomegardenpleasure4558"],"telephone":[],"openingHoursSpecification":[{"@type":"OpeningHoursSpecification","dayOfWeek":["Monday","Tuesday","Wednesday","Thursday","Friday","Saturday","Sunday"],"opens":"09:00","closes":"17:00"}]},{"@type":"ImageObject","inLanguage":"nl-NL","@id":"https:\/\/www.eliassen.nl\/nl\/vaas-porselein-vrouwenhoofd-met-rozen-29cm\/#local-main-organization-logo","url":"https:\/\/www.eliassen.nl\/wp-content\/uploads\/2024\/01\/logo_4nd.jpg","contentUrl":"https:\/\/www.eliassen.nl\/wp-content\/uploads\/2024\/01\/logo_4nd.jpg","width":500,"height":500,"caption":"Eliassen Home & Garden Pleasure"}]},"product_price_amount":"39.95","product_price_currency":"EUR","og_availability":"instock","product_availability":"instock","product_retailer_item_id":"as6910","product_condition":"new"},"df_price":39.95,"df_sale_price":"","df_regular_price":39.95,"df_image_link":"https:\/\/www.eliassen.nl\/wp-content\/uploads\/2024\/10\/vaasgekleurdvrouwrooseliassennlas6910.jpg","image":"https:\/\/www.eliassen.nl\/wp-content\/uploads\/2024\/10\/vaasgekleurdvrouwrooseliassennlas6910.jpg","price_search":"<span class=\"woocommerce-Price-amount amount\"><bdi><span class=\"woocommerce-Price-currencySymbol\">&euro;<\/span>&nbsp;39,95<\/bdi><\/span>","category":"Bloempotten en Bloembakken","global_unique_id":"8719097046403","sku":"8719097046403 \/ as6910","_links":{"self":[{"href":"https:\/\/www.eliassen.nl\/nl\/wp-json\/wp\/v2\/product\/160444","targetHints":{"allow":["GET"]}}],"collection":[{"href":"https:\/\/www.eliassen.nl\/nl\/wp-json\/wp\/v2\/product"}],"about":[{"href":"https:\/\/www.eliassen.nl\/nl\/wp-json\/wp\/v2\/types\/product"}],"wp:featuredmedia":[{"embeddable":true,"href":"https:\/\/www.eliassen.nl\/nl\/wp-json\/wp\/v2\/media\/160447"}],"wp:attachment":[{"href":"https:\/\/www.eliassen.nl\/nl\/wp-json\/wp\/v2\/media?parent=160444"}],"wp:term":[{"taxonomy":"product_brand","embeddable":true,"href":"https:\/\/www.eliassen.nl\/nl\/wp-json\/wp\/v2\/product_brand?post=160444"},{"taxonomy":"product_cat","embeddable":true,"href":"https:\/\/www.eliassen.nl\/nl\/wp-json\/wp\/v2\/product_cat?post=160444"},{"taxonomy":"product_tag","embeddable":true,"href":"https:\/\/www.eliassen.nl\/nl\/wp-json\/wp\/v2\/product_tag?post=160444"}],"curies":[{"name":"wp","href":"https:\/\/api.w.org\/{rel}","templated":true}]}}