{"id":193371,"date":"2025-10-10T14:27:50","date_gmt":"2025-10-10T12:27:50","guid":{"rendered":"https:\/\/www.eliassen.nl\/product\/cameo-glass-lamp-peony-35cm\/"},"modified":"2026-02-06T14:29:31","modified_gmt":"2026-02-06T13:29:31","slug":"cameo-glass-lamp-peony-35cm","status":"publish","type":"product","link":"https:\/\/www.eliassen.nl\/en\/cameo-glass-lamp-peony-35cm\/","title":{"rendered":"Cameo glass lamp by Emile Gall\u00e9 Peony 35cm"},"content":{"rendered":"<p data-path-to-node=\"1\">Bring the classic elegance of Art Nouveau into your interior with this stunning Cameo glass lamp &#8216;Peony&#8217;. This model, with a height of 35cm and a generous shade diameter of 30cm, is inspired by the masterpieces of \u00c9mile Gall\u00e9. The lamp is richly decorated with peonies in warm brown and subtle yellow hues, creating an atmospheric and soft play of light in the room.<\/p>\n<p data-path-to-node=\"2\">The glass is hand-crafted using the traditional Cameo technique, in which multiple layers of colored glass are superimposed and then partially cut or etched away. This creates beautiful relief and depth in the design. Because each piece is handcrafted, you will always own a unique piece. The lamp rests on a sturdy base with a diameter of 20cm and is equipped with two light points (E27 and E14) and a 200cm cord. Would you like to see this particular model in real life first? Then stop by our showroom to experience the quality and details for yourself.<\/p>\n","protected":false},"excerpt":{"rendered":"<p>This handmade Cameo glass lamp (35cm) in \u00c9mile Gall\u00e9 style features an attractive peony motif. The artistic treatment of the glass layers in warm brown and yellow tones creates a unique, classic look in your home.<\/p>\n","protected":false},"featured_media":192814,"template":"","meta":{"_acf_changed":false,"_genesis_title":"","_genesis_description":""},"product_brand":[7506],"product_cat":[747,1203,801,750,810],"product_tag":[],"class_list":{"0":"post-193371","1":"product","2":"type-product","3":"status-publish","4":"has-post-thumbnail","6":"product_brand-other","7":"product_cat-atmospheric-lighting","8":"product_cat-cameo-glasscollection","9":"product_cat-glass-art","10":"product_cat-glass-lamps","13":"first","14":"instock","15":"taxable","16":"shipping-taxable","17":"purchasable","18":"product-type-simple"},"acf":[],"meta_all":{"total_sales":"0","cor_restricted_countries":[]},"meta_all_flat":{"total_sales":"0"},"yoast_head":"<!-- This site is optimized with the Yoast SEO Premium plugin v26.2 (Yoast SEO v27.2) - https:\/\/yoast.com\/product\/yoast-seo-premium-wordpress\/ -->\n<title>Other Cameo glass lamp by Emile Gall\u00e9 Peony 35cm - Eliassen.nl<\/title>\n<meta name=\"description\" content=\"Atmospheric Cameo glass lamp (35cm) with peonies in \u00c9mile Gall\u00e9 style. Unique handcrafted with warm brown tones. Order this beautiful model online!\" \/>\n<meta name=\"robots\" content=\"index, follow, max-snippet:-1, max-image-preview:large, max-video-preview:-1\" \/>\n<link rel=\"canonical\" href=\"https:\/\/www.eliassen.nl\/en\/cameo-glass-lamp-peony-35cm\/\" \/>\n<meta property=\"og:locale\" content=\"en_US\" \/>\n<meta property=\"og:type\" content=\"article\" \/>\n<meta property=\"og:title\" content=\"Other Cameo glass lamp by Emile Gall\u00e9 Peony 35cm - Eliassen.nl\" \/>\n<meta property=\"og:description\" content=\"Atmospheric Cameo glass lamp (35cm) with peonies in \u00c9mile Gall\u00e9 style. Unique handcrafted with warm brown tones. Order this beautiful model online!\" \/>\n<meta property=\"og:url\" content=\"https:\/\/www.eliassen.nl\/en\/cameo-glass-lamp-peony-35cm\/\" \/>\n<meta property=\"og:site_name\" content=\"Eliassen.nl\" \/>\n<meta property=\"article:publisher\" content=\"https:\/\/www.facebook.com\/TuincentrumEliassenAmmerzoden\" \/>\n<meta property=\"article:modified_time\" content=\"2026-02-06T13:29:31+00:00\" \/>\n<meta property=\"og:image\" content=\"https:\/\/www.eliassen.nl\/wp-content\/uploads\/2025\/10\/Cameo-glaslamp-Pioen-Eliassen.nl-gla-87-scaled.jpeg\" \/>\n\t<meta property=\"og:image:width\" content=\"1978\" \/>\n\t<meta property=\"og:image:height\" content=\"2560\" \/>\n\t<meta property=\"og:image:type\" content=\"image\/jpeg\" \/>\n<meta name=\"twitter:card\" content=\"summary_large_image\" \/>\n<script type=\"application\/ld+json\" class=\"yoast-schema-graph\">{\"@context\":\"https:\/\/schema.org\",\"@graph\":[{\"@type\":\"WebPage\",\"@id\":\"https:\/\/www.eliassen.nl\/en\/cameo-glass-lamp-peony-35cm\/\",\"url\":\"https:\/\/www.eliassen.nl\/en\/cameo-glass-lamp-peony-35cm\/\",\"name\":\"Other Cameo glass lamp by Emile Gall\u00e9 Peony 35cm - Eliassen.nl\",\"isPartOf\":{\"@id\":\"https:\/\/www.eliassen.nl\/en\/#website\"},\"primaryImageOfPage\":{\"@id\":\"https:\/\/www.eliassen.nl\/en\/cameo-glass-lamp-peony-35cm\/#primaryimage\"},\"image\":{\"@id\":\"https:\/\/www.eliassen.nl\/en\/cameo-glass-lamp-peony-35cm\/#primaryimage\"},\"thumbnailUrl\":\"https:\/\/www.eliassen.nl\/wp-content\/uploads\/2025\/10\/Cameo-glaslamp-Pioen-Eliassen.nl-gla-87-scaled.jpeg\",\"datePublished\":\"2025-10-10T12:27:50+00:00\",\"dateModified\":\"2026-02-06T13:29:31+00:00\",\"description\":\"Atmospheric Cameo glass lamp (35cm) with peonies in \u00c9mile Gall\u00e9 style. Unique handcrafted with warm brown tones. Order this beautiful model online!\",\"breadcrumb\":{\"@id\":\"https:\/\/www.eliassen.nl\/en\/cameo-glass-lamp-peony-35cm\/#breadcrumb\"},\"inLanguage\":\"en-EN\",\"potentialAction\":[{\"@type\":\"ReadAction\",\"target\":[\"https:\/\/www.eliassen.nl\/en\/cameo-glass-lamp-peony-35cm\/\"]}]},{\"@type\":\"ImageObject\",\"inLanguage\":\"en-EN\",\"@id\":\"https:\/\/www.eliassen.nl\/en\/cameo-glass-lamp-peony-35cm\/#primaryimage\",\"url\":\"https:\/\/www.eliassen.nl\/wp-content\/uploads\/2025\/10\/Cameo-glaslamp-Pioen-Eliassen.nl-gla-87-scaled.jpeg\",\"contentUrl\":\"https:\/\/www.eliassen.nl\/wp-content\/uploads\/2025\/10\/Cameo-glaslamp-Pioen-Eliassen.nl-gla-87-scaled.jpeg\",\"width\":1978,\"height\":2560},{\"@type\":\"BreadcrumbList\",\"@id\":\"https:\/\/www.eliassen.nl\/en\/cameo-glass-lamp-peony-35cm\/#breadcrumb\",\"itemListElement\":[{\"@type\":\"ListItem\",\"position\":1,\"name\":\"Home\",\"item\":\"https:\/\/www.eliassen.nl\/en\/\"},{\"@type\":\"ListItem\",\"position\":2,\"name\":\"Store\",\"item\":\"https:\/\/www.eliassen.nl\/en\/store\/\"},{\"@type\":\"ListItem\",\"position\":3,\"name\":\"Glass art\",\"item\":\"https:\/\/www.eliassen.nl\/en\/glass-art\/\"},{\"@type\":\"ListItem\",\"position\":4,\"name\":\"Cameo glass lamp by Emile Gall\u00e9 Peony 35cm\"}]},{\"@type\":\"WebSite\",\"@id\":\"https:\/\/www.eliassen.nl\/en\/#website\",\"url\":\"https:\/\/www.eliassen.nl\/en\/\",\"name\":\"Eliassen Home & Garden Pleasure\",\"description\":\"\",\"publisher\":{\"@id\":\"https:\/\/www.eliassen.nl\/en\/#organization\"},\"alternateName\":\"Eliassen.nl\",\"potentialAction\":[{\"@type\":\"SearchAction\",\"target\":{\"@type\":\"EntryPoint\",\"urlTemplate\":\"https:\/\/www.eliassen.nl\/en\/?s={search_term_string}\"},\"query-input\":{\"@type\":\"PropertyValueSpecification\",\"valueRequired\":true,\"valueName\":\"search_term_string\"}}],\"inLanguage\":\"en-EN\"},{\"@type\":[\"Organization\",\"Place\"],\"@id\":\"https:\/\/www.eliassen.nl\/en\/#organization\",\"name\":\"Eliassen Home & Garden Pleasure\",\"url\":\"https:\/\/www.eliassen.nl\/en\/\",\"logo\":{\"@id\":\"https:\/\/www.eliassen.nl\/en\/cameo-glass-lamp-peony-35cm\/#local-main-organization-logo\"},\"image\":{\"@id\":\"https:\/\/www.eliassen.nl\/en\/cameo-glass-lamp-peony-35cm\/#local-main-organization-logo\"},\"sameAs\":[\"https:\/\/www.facebook.com\/TuincentrumEliassenAmmerzoden\",\"https:\/\/www.instagram.com\/eliassenhomeandgarden\/\",\"https:\/\/nl.pinterest.com\/eliassenhomeandgarden\/\",\"https:\/\/www.youtube.com\/@eliassenhomegardenpleasure4558\"],\"telephone\":[],\"openingHoursSpecification\":[{\"@type\":\"OpeningHoursSpecification\",\"dayOfWeek\":[\"Monday\",\"Tuesday\",\"Wednesday\",\"Thursday\",\"Friday\",\"Saturday\",\"Sunday\"],\"opens\":\"09:00\",\"closes\":\"17:00\"}]},{\"@type\":\"ImageObject\",\"inLanguage\":\"en-EN\",\"@id\":\"https:\/\/www.eliassen.nl\/en\/cameo-glass-lamp-peony-35cm\/#local-main-organization-logo\",\"url\":\"https:\/\/www.eliassen.nl\/wp-content\/uploads\/2024\/01\/logo_4nd.jpg\",\"contentUrl\":\"https:\/\/www.eliassen.nl\/wp-content\/uploads\/2024\/01\/logo_4nd.jpg\",\"width\":500,\"height\":500,\"caption\":\"Eliassen Home & Garden Pleasure\"}]}<\/script>\n<meta property=\"product:price:amount\" content=\"449.00\" \/>\n<meta property=\"product:price:currency\" content=\"EUR\" \/>\n<meta property=\"og:availability\" content=\"instock\" \/>\n<meta property=\"product:availability\" content=\"instock\" \/>\n<meta property=\"product:retailer_item_id\" content=\"gla-87\" \/>\n<meta property=\"product:condition\" content=\"new\" \/>\n<!-- \/ Yoast SEO Premium plugin. -->","yoast_head_json":{"title":"Other Cameo glass lamp by Emile Gall\u00e9 Peony 35cm - Eliassen.nl","description":"Atmospheric Cameo glass lamp (35cm) with peonies in \u00c9mile Gall\u00e9 style. Unique handcrafted with warm brown tones. Order this beautiful model online!","robots":{"index":"index","follow":"follow","max-snippet":"max-snippet:-1","max-image-preview":"max-image-preview:large","max-video-preview":"max-video-preview:-1"},"canonical":"https:\/\/www.eliassen.nl\/en\/cameo-glass-lamp-peony-35cm\/","og_locale":"en_US","og_type":"article","og_title":"Other Cameo glass lamp by Emile Gall\u00e9 Peony 35cm - Eliassen.nl","og_description":"Atmospheric Cameo glass lamp (35cm) with peonies in \u00c9mile Gall\u00e9 style. Unique handcrafted with warm brown tones. Order this beautiful model online!","og_url":"https:\/\/www.eliassen.nl\/en\/cameo-glass-lamp-peony-35cm\/","og_site_name":"Eliassen.nl","article_publisher":"https:\/\/www.facebook.com\/TuincentrumEliassenAmmerzoden","article_modified_time":"2026-02-06T13:29:31+00:00","og_image":[{"width":1978,"height":2560,"url":"https:\/\/www.eliassen.nl\/wp-content\/uploads\/2025\/10\/Cameo-glaslamp-Pioen-Eliassen.nl-gla-87-scaled.jpeg","type":"image\/jpeg"}],"twitter_card":"summary_large_image","schema":{"@context":"https:\/\/schema.org","@graph":[{"@type":"WebPage","@id":"https:\/\/www.eliassen.nl\/en\/cameo-glass-lamp-peony-35cm\/","url":"https:\/\/www.eliassen.nl\/en\/cameo-glass-lamp-peony-35cm\/","name":"Other Cameo glass lamp by Emile Gall\u00e9 Peony 35cm - Eliassen.nl","isPartOf":{"@id":"https:\/\/www.eliassen.nl\/en\/#website"},"primaryImageOfPage":{"@id":"https:\/\/www.eliassen.nl\/en\/cameo-glass-lamp-peony-35cm\/#primaryimage"},"image":{"@id":"https:\/\/www.eliassen.nl\/en\/cameo-glass-lamp-peony-35cm\/#primaryimage"},"thumbnailUrl":"https:\/\/www.eliassen.nl\/wp-content\/uploads\/2025\/10\/Cameo-glaslamp-Pioen-Eliassen.nl-gla-87-scaled.jpeg","datePublished":"2025-10-10T12:27:50+00:00","dateModified":"2026-02-06T13:29:31+00:00","description":"Atmospheric Cameo glass lamp (35cm) with peonies in \u00c9mile Gall\u00e9 style. Unique handcrafted with warm brown tones. Order this beautiful model online!","breadcrumb":{"@id":"https:\/\/www.eliassen.nl\/en\/cameo-glass-lamp-peony-35cm\/#breadcrumb"},"inLanguage":"en-EN","potentialAction":[{"@type":"ReadAction","target":["https:\/\/www.eliassen.nl\/en\/cameo-glass-lamp-peony-35cm\/"]}]},{"@type":"ImageObject","inLanguage":"en-EN","@id":"https:\/\/www.eliassen.nl\/en\/cameo-glass-lamp-peony-35cm\/#primaryimage","url":"https:\/\/www.eliassen.nl\/wp-content\/uploads\/2025\/10\/Cameo-glaslamp-Pioen-Eliassen.nl-gla-87-scaled.jpeg","contentUrl":"https:\/\/www.eliassen.nl\/wp-content\/uploads\/2025\/10\/Cameo-glaslamp-Pioen-Eliassen.nl-gla-87-scaled.jpeg","width":1978,"height":2560},{"@type":"BreadcrumbList","@id":"https:\/\/www.eliassen.nl\/en\/cameo-glass-lamp-peony-35cm\/#breadcrumb","itemListElement":[{"@type":"ListItem","position":1,"name":"Home","item":"https:\/\/www.eliassen.nl\/en\/"},{"@type":"ListItem","position":2,"name":"Store","item":"https:\/\/www.eliassen.nl\/en\/store\/"},{"@type":"ListItem","position":3,"name":"Glass art","item":"https:\/\/www.eliassen.nl\/en\/glass-art\/"},{"@type":"ListItem","position":4,"name":"Cameo glass lamp by Emile Gall\u00e9 Peony 35cm"}]},{"@type":"WebSite","@id":"https:\/\/www.eliassen.nl\/en\/#website","url":"https:\/\/www.eliassen.nl\/en\/","name":"Eliassen Home & Garden Pleasure","description":"","publisher":{"@id":"https:\/\/www.eliassen.nl\/en\/#organization"},"alternateName":"Eliassen.nl","potentialAction":[{"@type":"SearchAction","target":{"@type":"EntryPoint","urlTemplate":"https:\/\/www.eliassen.nl\/en\/?s={search_term_string}"},"query-input":{"@type":"PropertyValueSpecification","valueRequired":true,"valueName":"search_term_string"}}],"inLanguage":"en-EN"},{"@type":["Organization","Place"],"@id":"https:\/\/www.eliassen.nl\/en\/#organization","name":"Eliassen Home & Garden Pleasure","url":"https:\/\/www.eliassen.nl\/en\/","logo":{"@id":"https:\/\/www.eliassen.nl\/en\/cameo-glass-lamp-peony-35cm\/#local-main-organization-logo"},"image":{"@id":"https:\/\/www.eliassen.nl\/en\/cameo-glass-lamp-peony-35cm\/#local-main-organization-logo"},"sameAs":["https:\/\/www.facebook.com\/TuincentrumEliassenAmmerzoden","https:\/\/www.instagram.com\/eliassenhomeandgarden\/","https:\/\/nl.pinterest.com\/eliassenhomeandgarden\/","https:\/\/www.youtube.com\/@eliassenhomegardenpleasure4558"],"telephone":[],"openingHoursSpecification":[{"@type":"OpeningHoursSpecification","dayOfWeek":["Monday","Tuesday","Wednesday","Thursday","Friday","Saturday","Sunday"],"opens":"09:00","closes":"17:00"}]},{"@type":"ImageObject","inLanguage":"en-EN","@id":"https:\/\/www.eliassen.nl\/en\/cameo-glass-lamp-peony-35cm\/#local-main-organization-logo","url":"https:\/\/www.eliassen.nl\/wp-content\/uploads\/2024\/01\/logo_4nd.jpg","contentUrl":"https:\/\/www.eliassen.nl\/wp-content\/uploads\/2024\/01\/logo_4nd.jpg","width":500,"height":500,"caption":"Eliassen Home & Garden Pleasure"}]},"product_price_amount":"449.00","product_price_currency":"EUR","og_availability":"instock","product_availability":"instock","product_retailer_item_id":"gla-87","product_condition":"new"},"df_price":449,"df_sale_price":"","df_regular_price":449,"df_image_link":"https:\/\/www.eliassen.nl\/wp-content\/uploads\/2025\/10\/Cameo-glaslamp-Pioen-Eliassen.nl-gla-87-232x300.jpeg","image":"https:\/\/www.eliassen.nl\/wp-content\/uploads\/2025\/10\/Cameo-glaslamp-Pioen-Eliassen.nl-gla-87-150x150.jpeg","price_search":"<span class=\"woocommerce-Price-amount amount\"><bdi><span class=\"woocommerce-Price-currencySymbol\">&euro;<\/span>&nbsp;449,00<\/bdi><\/span>","category":"Atmospheric lighting","global_unique_id":"6096519043069","_links":{"self":[{"href":"https:\/\/www.eliassen.nl\/en\/wp-json\/wp\/v2\/product\/193371","targetHints":{"allow":["GET"]}}],"collection":[{"href":"https:\/\/www.eliassen.nl\/en\/wp-json\/wp\/v2\/product"}],"about":[{"href":"https:\/\/www.eliassen.nl\/en\/wp-json\/wp\/v2\/types\/product"}],"wp:featuredmedia":[{"embeddable":true,"href":"https:\/\/www.eliassen.nl\/en\/wp-json\/wp\/v2\/media\/192814"}],"wp:attachment":[{"href":"https:\/\/www.eliassen.nl\/en\/wp-json\/wp\/v2\/media?parent=193371"}],"wp:term":[{"taxonomy":"product_brand","embeddable":true,"href":"https:\/\/www.eliassen.nl\/en\/wp-json\/wp\/v2\/product_brand?post=193371"},{"taxonomy":"product_cat","embeddable":true,"href":"https:\/\/www.eliassen.nl\/en\/wp-json\/wp\/v2\/product_cat?post=193371"},{"taxonomy":"product_tag","embeddable":true,"href":"https:\/\/www.eliassen.nl\/en\/wp-json\/wp\/v2\/product_tag?post=193371"}],"curies":[{"name":"wp","href":"https:\/\/api.w.org\/{rel}","templated":true}]}}