{"id":193369,"date":"2025-10-10T14:26:49","date_gmt":"2025-10-10T12:26:49","guid":{"rendered":"https:\/\/www.eliassen.nl\/product\/cameo-glass-lamp-grapevine-60cm\/"},"modified":"2026-02-06T14:29:32","modified_gmt":"2026-02-06T13:29:32","slug":"cameo-glass-lamp-grapevine-60cm","status":"publish","type":"product","link":"https:\/\/www.eliassen.nl\/en\/cameo-glass-lamp-grapevine-60cm\/","title":{"rendered":"Cameo glass lamp by Emile Gall\u00e9 Grapevine 60cm"},"content":{"rendered":"<p data-path-to-node=\"1\">Bring the rich atmosphere of a French vineyard into your interior with this impressive Cameo glass lamp &#8216;Grape bunch&#8217;. With a stately height of 60cm and a generous shade diameter of 36cm, this model is an absolute eye-catcher. Crafted in the style of the famous \u00c9mile Gall\u00e9, the lamp is richly decorated with a detailed decor of grape bunches and vines, executed in warm yellow and brown hues. When lit, it creates a beautiful, warm glow that instantly brings coziness to any room.<\/p>\n<p data-path-to-node=\"2\">The glass is handcrafted using the authentic Cameo technique. This involves superimposing multiple layers of colored glass and then partially cutting or etching them away, creating unique relief and depth. Because each one is handmade, you always bring a unique art object into your home. The lamp stands on a stable base with a diameter of 18cm and features two light points (E27 and E14) and a 200cm cord. Would you prefer to see the details and craftsmanship for yourself first? Then feel free to stop by our showroom.<\/p>\n","protected":false},"excerpt":{"rendered":"<p>This handmade Cameo glass lamp (60cm) in \u00c9mile Gall\u00e9 style features an attractive grape bunch motif. The artistic treatment of the glass layers in warm yellow-brown tones creates a unique, classic look in your home.<\/p>\n","protected":false},"featured_media":192707,"template":"","meta":{"_acf_changed":false,"_genesis_title":"","_genesis_description":""},"product_brand":[7506],"product_cat":[747,1203,801,750,810],"product_tag":[],"class_list":{"0":"post-193369","1":"product","2":"type-product","3":"status-publish","4":"has-post-thumbnail","6":"product_brand-other","7":"product_cat-atmospheric-lighting","8":"product_cat-cameo-glasscollection","9":"product_cat-glass-art","10":"product_cat-glass-lamps","13":"first","14":"instock","15":"taxable","16":"shipping-taxable","17":"purchasable","18":"product-type-simple"},"acf":[],"meta_all":{"total_sales":"0","cor_restricted_countries":[]},"meta_all_flat":{"total_sales":"0"},"yoast_head":"<!-- This site is optimized with the Yoast SEO Premium plugin v26.2 (Yoast SEO v27.2) - https:\/\/yoast.com\/product\/yoast-seo-premium-wordpress\/ -->\n<title>Other Cameo glass lamp by Emile Gall\u00e9 Grapevine 60cm - Eliassen.nl<\/title>\n<meta name=\"description\" content=\"Beautiful Cameo glass lamp (60cm) with grape bunch decor in \u00c9mile Gall\u00e9 style. Warm yellow-brown colors and handmade. Order this unique model online now!\" \/>\n<meta name=\"robots\" content=\"index, follow, max-snippet:-1, max-image-preview:large, max-video-preview:-1\" \/>\n<link rel=\"canonical\" href=\"https:\/\/www.eliassen.nl\/en\/cameo-glass-lamp-grapevine-60cm\/\" \/>\n<meta property=\"og:locale\" content=\"en_US\" \/>\n<meta property=\"og:type\" content=\"article\" \/>\n<meta property=\"og:title\" content=\"Other Cameo glass lamp by Emile Gall\u00e9 Grapevine 60cm - Eliassen.nl\" \/>\n<meta property=\"og:description\" content=\"Beautiful Cameo glass lamp (60cm) with grape bunch decor in \u00c9mile Gall\u00e9 style. Warm yellow-brown colors and handmade. Order this unique model online now!\" \/>\n<meta property=\"og:url\" content=\"https:\/\/www.eliassen.nl\/en\/cameo-glass-lamp-grapevine-60cm\/\" \/>\n<meta property=\"og:site_name\" content=\"Eliassen.nl\" \/>\n<meta property=\"article:publisher\" content=\"https:\/\/www.facebook.com\/TuincentrumEliassenAmmerzoden\" \/>\n<meta property=\"article:modified_time\" content=\"2026-02-06T13:29:32+00:00\" \/>\n<meta property=\"og:image\" content=\"https:\/\/www.eliassen.nl\/wp-content\/uploads\/2025\/10\/Cameo-glaslamp-Druiventros-Eliassen.nl-GLA89-scaled.jpeg\" \/>\n\t<meta property=\"og:image:width\" content=\"1595\" \/>\n\t<meta property=\"og:image:height\" content=\"2560\" \/>\n\t<meta property=\"og:image:type\" content=\"image\/jpeg\" \/>\n<meta name=\"twitter:card\" content=\"summary_large_image\" \/>\n<script type=\"application\/ld+json\" class=\"yoast-schema-graph\">{\"@context\":\"https:\/\/schema.org\",\"@graph\":[{\"@type\":\"WebPage\",\"@id\":\"https:\/\/www.eliassen.nl\/en\/cameo-glass-lamp-grapevine-60cm\/\",\"url\":\"https:\/\/www.eliassen.nl\/en\/cameo-glass-lamp-grapevine-60cm\/\",\"name\":\"Other Cameo glass lamp by Emile Gall\u00e9 Grapevine 60cm - Eliassen.nl\",\"isPartOf\":{\"@id\":\"https:\/\/www.eliassen.nl\/en\/#website\"},\"primaryImageOfPage\":{\"@id\":\"https:\/\/www.eliassen.nl\/en\/cameo-glass-lamp-grapevine-60cm\/#primaryimage\"},\"image\":{\"@id\":\"https:\/\/www.eliassen.nl\/en\/cameo-glass-lamp-grapevine-60cm\/#primaryimage\"},\"thumbnailUrl\":\"https:\/\/www.eliassen.nl\/wp-content\/uploads\/2025\/10\/Cameo-glaslamp-Druiventros-Eliassen.nl-GLA89-scaled.jpeg\",\"datePublished\":\"2025-10-10T12:26:49+00:00\",\"dateModified\":\"2026-02-06T13:29:32+00:00\",\"description\":\"Beautiful Cameo glass lamp (60cm) with grape bunch decor in \u00c9mile Gall\u00e9 style. Warm yellow-brown colors and handmade. Order this unique model online now!\",\"breadcrumb\":{\"@id\":\"https:\/\/www.eliassen.nl\/en\/cameo-glass-lamp-grapevine-60cm\/#breadcrumb\"},\"inLanguage\":\"en-EN\",\"potentialAction\":[{\"@type\":\"ReadAction\",\"target\":[\"https:\/\/www.eliassen.nl\/en\/cameo-glass-lamp-grapevine-60cm\/\"]}]},{\"@type\":\"ImageObject\",\"inLanguage\":\"en-EN\",\"@id\":\"https:\/\/www.eliassen.nl\/en\/cameo-glass-lamp-grapevine-60cm\/#primaryimage\",\"url\":\"https:\/\/www.eliassen.nl\/wp-content\/uploads\/2025\/10\/Cameo-glaslamp-Druiventros-Eliassen.nl-GLA89-scaled.jpeg\",\"contentUrl\":\"https:\/\/www.eliassen.nl\/wp-content\/uploads\/2025\/10\/Cameo-glaslamp-Druiventros-Eliassen.nl-GLA89-scaled.jpeg\",\"width\":1595,\"height\":2560},{\"@type\":\"BreadcrumbList\",\"@id\":\"https:\/\/www.eliassen.nl\/en\/cameo-glass-lamp-grapevine-60cm\/#breadcrumb\",\"itemListElement\":[{\"@type\":\"ListItem\",\"position\":1,\"name\":\"Home\",\"item\":\"https:\/\/www.eliassen.nl\/en\/\"},{\"@type\":\"ListItem\",\"position\":2,\"name\":\"Store\",\"item\":\"https:\/\/www.eliassen.nl\/en\/store\/\"},{\"@type\":\"ListItem\",\"position\":3,\"name\":\"Glass art\",\"item\":\"https:\/\/www.eliassen.nl\/en\/glass-art\/\"},{\"@type\":\"ListItem\",\"position\":4,\"name\":\"Cameo glass lamp by Emile Gall\u00e9 Grapevine 60cm\"}]},{\"@type\":\"WebSite\",\"@id\":\"https:\/\/www.eliassen.nl\/en\/#website\",\"url\":\"https:\/\/www.eliassen.nl\/en\/\",\"name\":\"Eliassen Home & Garden Pleasure\",\"description\":\"\",\"publisher\":{\"@id\":\"https:\/\/www.eliassen.nl\/en\/#organization\"},\"alternateName\":\"Eliassen.nl\",\"potentialAction\":[{\"@type\":\"SearchAction\",\"target\":{\"@type\":\"EntryPoint\",\"urlTemplate\":\"https:\/\/www.eliassen.nl\/en\/?s={search_term_string}\"},\"query-input\":{\"@type\":\"PropertyValueSpecification\",\"valueRequired\":true,\"valueName\":\"search_term_string\"}}],\"inLanguage\":\"en-EN\"},{\"@type\":[\"Organization\",\"Place\"],\"@id\":\"https:\/\/www.eliassen.nl\/en\/#organization\",\"name\":\"Eliassen Home & Garden Pleasure\",\"url\":\"https:\/\/www.eliassen.nl\/en\/\",\"logo\":{\"@id\":\"https:\/\/www.eliassen.nl\/en\/cameo-glass-lamp-grapevine-60cm\/#local-main-organization-logo\"},\"image\":{\"@id\":\"https:\/\/www.eliassen.nl\/en\/cameo-glass-lamp-grapevine-60cm\/#local-main-organization-logo\"},\"sameAs\":[\"https:\/\/www.facebook.com\/TuincentrumEliassenAmmerzoden\",\"https:\/\/www.instagram.com\/eliassenhomeandgarden\/\",\"https:\/\/nl.pinterest.com\/eliassenhomeandgarden\/\",\"https:\/\/www.youtube.com\/@eliassenhomegardenpleasure4558\"],\"telephone\":[],\"openingHoursSpecification\":[{\"@type\":\"OpeningHoursSpecification\",\"dayOfWeek\":[\"Monday\",\"Tuesday\",\"Wednesday\",\"Thursday\",\"Friday\",\"Saturday\",\"Sunday\"],\"opens\":\"09:00\",\"closes\":\"17:00\"}]},{\"@type\":\"ImageObject\",\"inLanguage\":\"en-EN\",\"@id\":\"https:\/\/www.eliassen.nl\/en\/cameo-glass-lamp-grapevine-60cm\/#local-main-organization-logo\",\"url\":\"https:\/\/www.eliassen.nl\/wp-content\/uploads\/2024\/01\/logo_4nd.jpg\",\"contentUrl\":\"https:\/\/www.eliassen.nl\/wp-content\/uploads\/2024\/01\/logo_4nd.jpg\",\"width\":500,\"height\":500,\"caption\":\"Eliassen Home & Garden Pleasure\"}]}<\/script>\n<meta property=\"product:price:amount\" content=\"499.00\" \/>\n<meta property=\"product:price:currency\" content=\"EUR\" \/>\n<meta property=\"og:availability\" content=\"instock\" \/>\n<meta property=\"product:availability\" content=\"instock\" \/>\n<meta property=\"product:retailer_item_id\" content=\"gla89\" \/>\n<meta property=\"product:condition\" content=\"new\" \/>\n<!-- \/ Yoast SEO Premium plugin. -->","yoast_head_json":{"title":"Other Cameo glass lamp by Emile Gall\u00e9 Grapevine 60cm - Eliassen.nl","description":"Beautiful Cameo glass lamp (60cm) with grape bunch decor in \u00c9mile Gall\u00e9 style. Warm yellow-brown colors and handmade. Order this unique model online now!","robots":{"index":"index","follow":"follow","max-snippet":"max-snippet:-1","max-image-preview":"max-image-preview:large","max-video-preview":"max-video-preview:-1"},"canonical":"https:\/\/www.eliassen.nl\/en\/cameo-glass-lamp-grapevine-60cm\/","og_locale":"en_US","og_type":"article","og_title":"Other Cameo glass lamp by Emile Gall\u00e9 Grapevine 60cm - Eliassen.nl","og_description":"Beautiful Cameo glass lamp (60cm) with grape bunch decor in \u00c9mile Gall\u00e9 style. Warm yellow-brown colors and handmade. Order this unique model online now!","og_url":"https:\/\/www.eliassen.nl\/en\/cameo-glass-lamp-grapevine-60cm\/","og_site_name":"Eliassen.nl","article_publisher":"https:\/\/www.facebook.com\/TuincentrumEliassenAmmerzoden","article_modified_time":"2026-02-06T13:29:32+00:00","og_image":[{"width":1595,"height":2560,"url":"https:\/\/www.eliassen.nl\/wp-content\/uploads\/2025\/10\/Cameo-glaslamp-Druiventros-Eliassen.nl-GLA89-scaled.jpeg","type":"image\/jpeg"}],"twitter_card":"summary_large_image","schema":{"@context":"https:\/\/schema.org","@graph":[{"@type":"WebPage","@id":"https:\/\/www.eliassen.nl\/en\/cameo-glass-lamp-grapevine-60cm\/","url":"https:\/\/www.eliassen.nl\/en\/cameo-glass-lamp-grapevine-60cm\/","name":"Other Cameo glass lamp by Emile Gall\u00e9 Grapevine 60cm - Eliassen.nl","isPartOf":{"@id":"https:\/\/www.eliassen.nl\/en\/#website"},"primaryImageOfPage":{"@id":"https:\/\/www.eliassen.nl\/en\/cameo-glass-lamp-grapevine-60cm\/#primaryimage"},"image":{"@id":"https:\/\/www.eliassen.nl\/en\/cameo-glass-lamp-grapevine-60cm\/#primaryimage"},"thumbnailUrl":"https:\/\/www.eliassen.nl\/wp-content\/uploads\/2025\/10\/Cameo-glaslamp-Druiventros-Eliassen.nl-GLA89-scaled.jpeg","datePublished":"2025-10-10T12:26:49+00:00","dateModified":"2026-02-06T13:29:32+00:00","description":"Beautiful Cameo glass lamp (60cm) with grape bunch decor in \u00c9mile Gall\u00e9 style. Warm yellow-brown colors and handmade. Order this unique model online now!","breadcrumb":{"@id":"https:\/\/www.eliassen.nl\/en\/cameo-glass-lamp-grapevine-60cm\/#breadcrumb"},"inLanguage":"en-EN","potentialAction":[{"@type":"ReadAction","target":["https:\/\/www.eliassen.nl\/en\/cameo-glass-lamp-grapevine-60cm\/"]}]},{"@type":"ImageObject","inLanguage":"en-EN","@id":"https:\/\/www.eliassen.nl\/en\/cameo-glass-lamp-grapevine-60cm\/#primaryimage","url":"https:\/\/www.eliassen.nl\/wp-content\/uploads\/2025\/10\/Cameo-glaslamp-Druiventros-Eliassen.nl-GLA89-scaled.jpeg","contentUrl":"https:\/\/www.eliassen.nl\/wp-content\/uploads\/2025\/10\/Cameo-glaslamp-Druiventros-Eliassen.nl-GLA89-scaled.jpeg","width":1595,"height":2560},{"@type":"BreadcrumbList","@id":"https:\/\/www.eliassen.nl\/en\/cameo-glass-lamp-grapevine-60cm\/#breadcrumb","itemListElement":[{"@type":"ListItem","position":1,"name":"Home","item":"https:\/\/www.eliassen.nl\/en\/"},{"@type":"ListItem","position":2,"name":"Store","item":"https:\/\/www.eliassen.nl\/en\/store\/"},{"@type":"ListItem","position":3,"name":"Glass art","item":"https:\/\/www.eliassen.nl\/en\/glass-art\/"},{"@type":"ListItem","position":4,"name":"Cameo glass lamp by Emile Gall\u00e9 Grapevine 60cm"}]},{"@type":"WebSite","@id":"https:\/\/www.eliassen.nl\/en\/#website","url":"https:\/\/www.eliassen.nl\/en\/","name":"Eliassen Home & Garden Pleasure","description":"","publisher":{"@id":"https:\/\/www.eliassen.nl\/en\/#organization"},"alternateName":"Eliassen.nl","potentialAction":[{"@type":"SearchAction","target":{"@type":"EntryPoint","urlTemplate":"https:\/\/www.eliassen.nl\/en\/?s={search_term_string}"},"query-input":{"@type":"PropertyValueSpecification","valueRequired":true,"valueName":"search_term_string"}}],"inLanguage":"en-EN"},{"@type":["Organization","Place"],"@id":"https:\/\/www.eliassen.nl\/en\/#organization","name":"Eliassen Home & Garden Pleasure","url":"https:\/\/www.eliassen.nl\/en\/","logo":{"@id":"https:\/\/www.eliassen.nl\/en\/cameo-glass-lamp-grapevine-60cm\/#local-main-organization-logo"},"image":{"@id":"https:\/\/www.eliassen.nl\/en\/cameo-glass-lamp-grapevine-60cm\/#local-main-organization-logo"},"sameAs":["https:\/\/www.facebook.com\/TuincentrumEliassenAmmerzoden","https:\/\/www.instagram.com\/eliassenhomeandgarden\/","https:\/\/nl.pinterest.com\/eliassenhomeandgarden\/","https:\/\/www.youtube.com\/@eliassenhomegardenpleasure4558"],"telephone":[],"openingHoursSpecification":[{"@type":"OpeningHoursSpecification","dayOfWeek":["Monday","Tuesday","Wednesday","Thursday","Friday","Saturday","Sunday"],"opens":"09:00","closes":"17:00"}]},{"@type":"ImageObject","inLanguage":"en-EN","@id":"https:\/\/www.eliassen.nl\/en\/cameo-glass-lamp-grapevine-60cm\/#local-main-organization-logo","url":"https:\/\/www.eliassen.nl\/wp-content\/uploads\/2024\/01\/logo_4nd.jpg","contentUrl":"https:\/\/www.eliassen.nl\/wp-content\/uploads\/2024\/01\/logo_4nd.jpg","width":500,"height":500,"caption":"Eliassen Home & Garden Pleasure"}]},"product_price_amount":"499.00","product_price_currency":"EUR","og_availability":"instock","product_availability":"instock","product_retailer_item_id":"gla89","product_condition":"new"},"df_price":499,"df_sale_price":"","df_regular_price":499,"df_image_link":"https:\/\/www.eliassen.nl\/wp-content\/uploads\/2025\/10\/Cameo-glaslamp-Druiventros-Eliassen.nl-GLA89-187x300.jpeg","image":"https:\/\/www.eliassen.nl\/wp-content\/uploads\/2025\/10\/Cameo-glaslamp-Druiventros-Eliassen.nl-GLA89-150x150.jpeg","price_search":"<span class=\"woocommerce-Price-amount amount\"><bdi><span class=\"woocommerce-Price-currencySymbol\">&euro;<\/span>&nbsp;499,00<\/bdi><\/span>","category":"Atmospheric lighting","global_unique_id":"6096516212222","_links":{"self":[{"href":"https:\/\/www.eliassen.nl\/en\/wp-json\/wp\/v2\/product\/193369","targetHints":{"allow":["GET"]}}],"collection":[{"href":"https:\/\/www.eliassen.nl\/en\/wp-json\/wp\/v2\/product"}],"about":[{"href":"https:\/\/www.eliassen.nl\/en\/wp-json\/wp\/v2\/types\/product"}],"wp:featuredmedia":[{"embeddable":true,"href":"https:\/\/www.eliassen.nl\/en\/wp-json\/wp\/v2\/media\/192707"}],"wp:attachment":[{"href":"https:\/\/www.eliassen.nl\/en\/wp-json\/wp\/v2\/media?parent=193369"}],"wp:term":[{"taxonomy":"product_brand","embeddable":true,"href":"https:\/\/www.eliassen.nl\/en\/wp-json\/wp\/v2\/product_brand?post=193369"},{"taxonomy":"product_cat","embeddable":true,"href":"https:\/\/www.eliassen.nl\/en\/wp-json\/wp\/v2\/product_cat?post=193369"},{"taxonomy":"product_tag","embeddable":true,"href":"https:\/\/www.eliassen.nl\/en\/wp-json\/wp\/v2\/product_tag?post=193369"}],"curies":[{"name":"wp","href":"https:\/\/api.w.org\/{rel}","templated":true}]}}