{"id":99166,"date":"2024-01-19T11:10:30","date_gmt":"2024-01-19T11:10:30","guid":{"rendered":"https:\/\/www.eliassen.nl\/?product=copy-of-spiegel-metaal-zwart-rond-brazilie-90cm"},"modified":"2025-11-27T13:31:07","modified_gmt":"2025-11-27T12:31:07","slug":"spiegel-industrielles-modernes-metall-schwarzes-triptychon-tokio-70x140","status":"publish","type":"product","link":"https:\/\/www.eliassen.nl\/de\/spiegel-industrielles-modernes-metall-schwarzes-triptychon-tokio-70x140\/","title":{"rendered":"Spiegel industriell modern Metall schwarz 3-Paneel Tokyo 70&#215;140"},"content":{"rendered":"<p>Bei Eliassen haben wir eine gro\u00dfe Auswahl an Spiegeln. Ein passendes Modell f\u00fcr jede Einrichtung.<br \/>\nUnser Sortiment umfasst sowohl Modelle im klassischen Barockstil als auch schlichte Modelle im sogenannten Industriestil.<br \/>\nDieses Angebot an modernen Spiegeln umfasst eine gro\u00dfe Auswahl, ist preisg\u00fcnstig und schnell aus unserem eigenen Lager verf\u00fcgbar.<\/p>\n<p>Versch\u00f6nern Sie Ihr Wohnzimmer, Schlafzimmer oder Ihren Flur mit diesem modernen Industriespiegel. Mit unseren Spiegeln wird Ihr Zuhause ger\u00e4umiger und gewinnt an Dimension. Unser Angebot an Spiegeln ist von hoher Qualit\u00e4t und bietet eine sch\u00f6ne Erg\u00e4nzung f\u00fcr Ihre moderne Einrichtung oder Ihre B\u00fcro- oder Gesch\u00e4ftsr\u00e4ume.<br \/>\nDer Spiegel ist von hoher Qualit\u00e4t und besteht aus Glas und Metall. Die Farbe des Rahmens ist schwarz und der Spiegel hat einen &#8230;&#8230; matten Rahmen.<\/p>\n<p><strong>In unserem Shop haben wir auch einige Auslaufmodelle, die Sie nicht im Webshop finden.<\/strong><\/p>\n<ul>\n<li>Au\u00dfenma\u00dfe: 70x140cm<\/li>\n<li>Form: Triptychon, 3-Panel, Pillenform<\/li>\n<li>Farbe: Schwarz<\/li>\n<li>Material: Glas und Metall<\/li>\n<li>Bitte beachten Sie, dass wir keine Spiegel zur\u00fccknehmen, es sei denn, Sie schicken sie selbst in der Originalverpackung zur\u00fcck.<\/li>\n<\/ul>\n","protected":false},"excerpt":{"rendered":"<p>Metall mit mattschwarzem Rahmen<\/p>\n","protected":false},"featured_media":99163,"template":"","meta":{"_acf_changed":false,"_genesis_title":"","_genesis_description":""},"product_brand":[7505],"product_cat":[1463,509,7054,7051],"product_tag":[7450],"class_list":{"0":"post-99166","1":"product","2":"type-product","3":"status-publish","4":"has-post-thumbnail","6":"product_brand-sonstige","7":"product_cat-industriespiegel","8":"product_cat-wanddekoration","9":"product_cat-moderne-spiegel","10":"product_cat-spiegel","11":"product_tag-spiegel-gros","13":"first","14":"instock","15":"sale","16":"taxable","17":"shipping-taxable","18":"purchasable","19":"product-type-simple"},"acf":[],"meta_all":{"total_sales":"0","wcml_sync_hash":{"postmeta_fields":"105560f91a83e7106ad77f73217f3090"},"attr_label_translations":[]},"meta_all_flat":{"total_sales":"0","wcml_sync_hash.postmeta_fields":"105560f91a83e7106ad77f73217f3090"},"yoast_head":"<!-- This site is optimized with the Yoast SEO Premium plugin v26.2 (Yoast SEO v27.2) - https:\/\/yoast.com\/product\/yoast-seo-premium-wordpress\/ -->\n<title>Spiegel industriell modern Metall schwarz 3-Panel Tokyo 70x140 Eliassen<\/title>\n<meta name=\"description\" content=\"Dieser 3-Paneel-Spiegel im modernen industriellen Stil ist wundersch\u00f6n zusammengestellt und hat einen modernen Look. Die Farbe ist mattschwarz und besteht aus Glas und Metall.\" \/>\n<meta name=\"robots\" content=\"index, follow, max-snippet:-1, max-image-preview:large, max-video-preview:-1\" \/>\n<link rel=\"canonical\" href=\"https:\/\/www.eliassen.nl\/de\/spiegel-industrielles-modernes-metall-schwarzes-triptychon-tokio-70x140\/\" \/>\n<meta property=\"og:locale\" content=\"de_DE\" \/>\n<meta property=\"og:type\" content=\"article\" \/>\n<meta property=\"og:title\" content=\"Sonstige Spiegel industriell modern Metall schwarz 3-Paneel Tokyo 70x140 - Eliassen.nl\" \/>\n<meta property=\"og:description\" content=\"Dieser 3-Paneel-Spiegel im modernen industriellen Stil ist wundersch\u00f6n zusammengestellt und hat einen modernen Look. Die Farbe ist mattschwarz und besteht aus Glas und Metall.\" \/>\n<meta property=\"og:url\" content=\"https:\/\/www.eliassen.nl\/de\/spiegel-industrielles-modernes-metall-schwarzes-triptychon-tokio-70x140\/\" \/>\n<meta property=\"og:site_name\" content=\"Eliassen.nl\" \/>\n<meta property=\"article:publisher\" content=\"https:\/\/www.facebook.com\/TuincentrumEliassenAmmerzoden\" \/>\n<meta property=\"article:modified_time\" content=\"2025-11-27T12:31:07+00:00\" \/>\n<meta property=\"og:image\" content=\"https:\/\/www.eliassen.nl\/wp-content\/uploads\/2024\/01\/spiegelmetaalzwart3luiktokyo70x140eliassenn.jpg\" \/>\n\t<meta property=\"og:image:width\" content=\"700\" \/>\n\t<meta property=\"og:image:height\" content=\"700\" \/>\n\t<meta property=\"og:image:type\" content=\"image\/jpeg\" \/>\n<meta name=\"twitter:card\" content=\"summary_large_image\" \/>\n<script type=\"application\/ld+json\" class=\"yoast-schema-graph\">{\"@context\":\"https:\/\/schema.org\",\"@graph\":[{\"@type\":\"WebPage\",\"@id\":\"https:\/\/www.eliassen.nl\/de\/spiegel-industrielles-modernes-metall-schwarzes-triptychon-tokio-70x140\/\",\"url\":\"https:\/\/www.eliassen.nl\/de\/spiegel-industrielles-modernes-metall-schwarzes-triptychon-tokio-70x140\/\",\"name\":\"Spiegel industriell modern Metall schwarz 3-Panel Tokyo 70x140 Eliassen\",\"isPartOf\":{\"@id\":\"https:\/\/www.eliassen.nl\/de\/#website\"},\"primaryImageOfPage\":{\"@id\":\"https:\/\/www.eliassen.nl\/de\/spiegel-industrielles-modernes-metall-schwarzes-triptychon-tokio-70x140\/#primaryimage\"},\"image\":{\"@id\":\"https:\/\/www.eliassen.nl\/de\/spiegel-industrielles-modernes-metall-schwarzes-triptychon-tokio-70x140\/#primaryimage\"},\"thumbnailUrl\":\"https:\/\/www.eliassen.nl\/wp-content\/uploads\/2024\/01\/spiegelmetaalzwart3luiktokyo70x140eliassenn.jpg\",\"datePublished\":\"2024-01-19T11:10:30+00:00\",\"dateModified\":\"2025-11-27T12:31:07+00:00\",\"description\":\"Dieser 3-Paneel-Spiegel im modernen industriellen Stil ist wundersch\u00f6n zusammengestellt und hat einen modernen Look. Die Farbe ist mattschwarz und besteht aus Glas und Metall.\",\"breadcrumb\":{\"@id\":\"https:\/\/www.eliassen.nl\/de\/spiegel-industrielles-modernes-metall-schwarzes-triptychon-tokio-70x140\/#breadcrumb\"},\"inLanguage\":\"de\",\"potentialAction\":[{\"@type\":\"ReadAction\",\"target\":[\"https:\/\/www.eliassen.nl\/de\/spiegel-industrielles-modernes-metall-schwarzes-triptychon-tokio-70x140\/\"]}]},{\"@type\":\"ImageObject\",\"inLanguage\":\"de\",\"@id\":\"https:\/\/www.eliassen.nl\/de\/spiegel-industrielles-modernes-metall-schwarzes-triptychon-tokio-70x140\/#primaryimage\",\"url\":\"https:\/\/www.eliassen.nl\/wp-content\/uploads\/2024\/01\/spiegelmetaalzwart3luiktokyo70x140eliassenn.jpg\",\"contentUrl\":\"https:\/\/www.eliassen.nl\/wp-content\/uploads\/2024\/01\/spiegelmetaalzwart3luiktokyo70x140eliassenn.jpg\",\"width\":700,\"height\":700,\"caption\":\"Spiegel Metall schwarz 3-Paneel Tokyo 70x140 eliassen.de\"},{\"@type\":\"BreadcrumbList\",\"@id\":\"https:\/\/www.eliassen.nl\/de\/spiegel-industrielles-modernes-metall-schwarzes-triptychon-tokio-70x140\/#breadcrumb\",\"itemListElement\":[{\"@type\":\"ListItem\",\"position\":1,\"name\":\"Home\",\"item\":\"https:\/\/www.eliassen.nl\/de\/\"},{\"@type\":\"ListItem\",\"position\":2,\"name\":\"Shop\",\"item\":\"https:\/\/www.eliassen.nl\/de\/shop\/\"},{\"@type\":\"ListItem\",\"position\":3,\"name\":\"Wanddekoration\",\"item\":\"https:\/\/www.eliassen.nl\/de\/wanddekoration\/\"},{\"@type\":\"ListItem\",\"position\":4,\"name\":\"Industriespiegel\",\"item\":\"https:\/\/www.eliassen.nl\/de\/wanddekoration\/industriespiegel\/\"},{\"@type\":\"ListItem\",\"position\":5,\"name\":\"Spiegel industriell modern Metall schwarz 3-Paneel Tokyo 70&#215;140\"}]},{\"@type\":\"WebSite\",\"@id\":\"https:\/\/www.eliassen.nl\/de\/#website\",\"url\":\"https:\/\/www.eliassen.nl\/de\/\",\"name\":\"Eliassen Home & Garden Pleasure\",\"description\":\"\",\"publisher\":{\"@id\":\"https:\/\/www.eliassen.nl\/de\/#organization\"},\"alternateName\":\"Eliassen.nl\",\"potentialAction\":[{\"@type\":\"SearchAction\",\"target\":{\"@type\":\"EntryPoint\",\"urlTemplate\":\"https:\/\/www.eliassen.nl\/de\/?s={search_term_string}\"},\"query-input\":{\"@type\":\"PropertyValueSpecification\",\"valueRequired\":true,\"valueName\":\"search_term_string\"}}],\"inLanguage\":\"de\"},{\"@type\":[\"Organization\",\"Place\"],\"@id\":\"https:\/\/www.eliassen.nl\/de\/#organization\",\"name\":\"Eliassen Home & Garden Pleasure\",\"url\":\"https:\/\/www.eliassen.nl\/de\/\",\"logo\":{\"@id\":\"https:\/\/www.eliassen.nl\/de\/spiegel-industrielles-modernes-metall-schwarzes-triptychon-tokio-70x140\/#local-main-organization-logo\"},\"image\":{\"@id\":\"https:\/\/www.eliassen.nl\/de\/spiegel-industrielles-modernes-metall-schwarzes-triptychon-tokio-70x140\/#local-main-organization-logo\"},\"sameAs\":[\"https:\/\/www.facebook.com\/TuincentrumEliassenAmmerzoden\",\"https:\/\/www.instagram.com\/eliassenhomeandgarden\/\",\"https:\/\/nl.pinterest.com\/eliassenhomeandgarden\/\",\"https:\/\/www.youtube.com\/@eliassenhomegardenpleasure4558\"],\"telephone\":[],\"openingHoursSpecification\":[{\"@type\":\"OpeningHoursSpecification\",\"dayOfWeek\":[\"Monday\",\"Tuesday\",\"Wednesday\",\"Thursday\",\"Friday\",\"Saturday\",\"Sunday\"],\"opens\":\"09:00\",\"closes\":\"17:00\"}]},{\"@type\":\"ImageObject\",\"inLanguage\":\"de\",\"@id\":\"https:\/\/www.eliassen.nl\/de\/spiegel-industrielles-modernes-metall-schwarzes-triptychon-tokio-70x140\/#local-main-organization-logo\",\"url\":\"https:\/\/www.eliassen.nl\/wp-content\/uploads\/2024\/01\/logo_4nd.jpg\",\"contentUrl\":\"https:\/\/www.eliassen.nl\/wp-content\/uploads\/2024\/01\/logo_4nd.jpg\",\"width\":500,\"height\":500,\"caption\":\"Eliassen Home & Garden Pleasure\"}]}<\/script>\n<meta property=\"product:price:amount\" content=\"126.00\" \/>\n<meta property=\"product:price:currency\" content=\"EUR\" \/>\n<meta property=\"og:availability\" content=\"instock\" \/>\n<meta property=\"product:availability\" content=\"instock\" \/>\n<meta property=\"product:retailer_item_id\" content=\"Sp-002\" \/>\n<meta property=\"product:condition\" content=\"new\" \/>\n<!-- \/ Yoast SEO Premium plugin. -->","yoast_head_json":{"title":"Spiegel industriell modern Metall schwarz 3-Panel Tokyo 70x140 Eliassen","description":"Dieser 3-Paneel-Spiegel im modernen industriellen Stil ist wundersch\u00f6n zusammengestellt und hat einen modernen Look. Die Farbe ist mattschwarz und besteht aus Glas und Metall.","robots":{"index":"index","follow":"follow","max-snippet":"max-snippet:-1","max-image-preview":"max-image-preview:large","max-video-preview":"max-video-preview:-1"},"canonical":"https:\/\/www.eliassen.nl\/de\/spiegel-industrielles-modernes-metall-schwarzes-triptychon-tokio-70x140\/","og_locale":"de_DE","og_type":"article","og_title":"Sonstige Spiegel industriell modern Metall schwarz 3-Paneel Tokyo 70x140 - Eliassen.nl","og_description":"Dieser 3-Paneel-Spiegel im modernen industriellen Stil ist wundersch\u00f6n zusammengestellt und hat einen modernen Look. Die Farbe ist mattschwarz und besteht aus Glas und Metall.","og_url":"https:\/\/www.eliassen.nl\/de\/spiegel-industrielles-modernes-metall-schwarzes-triptychon-tokio-70x140\/","og_site_name":"Eliassen.nl","article_publisher":"https:\/\/www.facebook.com\/TuincentrumEliassenAmmerzoden","article_modified_time":"2025-11-27T12:31:07+00:00","og_image":[{"width":700,"height":700,"url":"https:\/\/www.eliassen.nl\/wp-content\/uploads\/2024\/01\/spiegelmetaalzwart3luiktokyo70x140eliassenn.jpg","type":"image\/jpeg"}],"twitter_card":"summary_large_image","schema":{"@context":"https:\/\/schema.org","@graph":[{"@type":"WebPage","@id":"https:\/\/www.eliassen.nl\/de\/spiegel-industrielles-modernes-metall-schwarzes-triptychon-tokio-70x140\/","url":"https:\/\/www.eliassen.nl\/de\/spiegel-industrielles-modernes-metall-schwarzes-triptychon-tokio-70x140\/","name":"Spiegel industriell modern Metall schwarz 3-Panel Tokyo 70x140 Eliassen","isPartOf":{"@id":"https:\/\/www.eliassen.nl\/de\/#website"},"primaryImageOfPage":{"@id":"https:\/\/www.eliassen.nl\/de\/spiegel-industrielles-modernes-metall-schwarzes-triptychon-tokio-70x140\/#primaryimage"},"image":{"@id":"https:\/\/www.eliassen.nl\/de\/spiegel-industrielles-modernes-metall-schwarzes-triptychon-tokio-70x140\/#primaryimage"},"thumbnailUrl":"https:\/\/www.eliassen.nl\/wp-content\/uploads\/2024\/01\/spiegelmetaalzwart3luiktokyo70x140eliassenn.jpg","datePublished":"2024-01-19T11:10:30+00:00","dateModified":"2025-11-27T12:31:07+00:00","description":"Dieser 3-Paneel-Spiegel im modernen industriellen Stil ist wundersch\u00f6n zusammengestellt und hat einen modernen Look. Die Farbe ist mattschwarz und besteht aus Glas und Metall.","breadcrumb":{"@id":"https:\/\/www.eliassen.nl\/de\/spiegel-industrielles-modernes-metall-schwarzes-triptychon-tokio-70x140\/#breadcrumb"},"inLanguage":"de","potentialAction":[{"@type":"ReadAction","target":["https:\/\/www.eliassen.nl\/de\/spiegel-industrielles-modernes-metall-schwarzes-triptychon-tokio-70x140\/"]}]},{"@type":"ImageObject","inLanguage":"de","@id":"https:\/\/www.eliassen.nl\/de\/spiegel-industrielles-modernes-metall-schwarzes-triptychon-tokio-70x140\/#primaryimage","url":"https:\/\/www.eliassen.nl\/wp-content\/uploads\/2024\/01\/spiegelmetaalzwart3luiktokyo70x140eliassenn.jpg","contentUrl":"https:\/\/www.eliassen.nl\/wp-content\/uploads\/2024\/01\/spiegelmetaalzwart3luiktokyo70x140eliassenn.jpg","width":700,"height":700,"caption":"Spiegel Metall schwarz 3-Paneel Tokyo 70x140 eliassen.de"},{"@type":"BreadcrumbList","@id":"https:\/\/www.eliassen.nl\/de\/spiegel-industrielles-modernes-metall-schwarzes-triptychon-tokio-70x140\/#breadcrumb","itemListElement":[{"@type":"ListItem","position":1,"name":"Home","item":"https:\/\/www.eliassen.nl\/de\/"},{"@type":"ListItem","position":2,"name":"Shop","item":"https:\/\/www.eliassen.nl\/de\/shop\/"},{"@type":"ListItem","position":3,"name":"Wanddekoration","item":"https:\/\/www.eliassen.nl\/de\/wanddekoration\/"},{"@type":"ListItem","position":4,"name":"Industriespiegel","item":"https:\/\/www.eliassen.nl\/de\/wanddekoration\/industriespiegel\/"},{"@type":"ListItem","position":5,"name":"Spiegel industriell modern Metall schwarz 3-Paneel Tokyo 70&#215;140"}]},{"@type":"WebSite","@id":"https:\/\/www.eliassen.nl\/de\/#website","url":"https:\/\/www.eliassen.nl\/de\/","name":"Eliassen Home & Garden Pleasure","description":"","publisher":{"@id":"https:\/\/www.eliassen.nl\/de\/#organization"},"alternateName":"Eliassen.nl","potentialAction":[{"@type":"SearchAction","target":{"@type":"EntryPoint","urlTemplate":"https:\/\/www.eliassen.nl\/de\/?s={search_term_string}"},"query-input":{"@type":"PropertyValueSpecification","valueRequired":true,"valueName":"search_term_string"}}],"inLanguage":"de"},{"@type":["Organization","Place"],"@id":"https:\/\/www.eliassen.nl\/de\/#organization","name":"Eliassen Home & Garden Pleasure","url":"https:\/\/www.eliassen.nl\/de\/","logo":{"@id":"https:\/\/www.eliassen.nl\/de\/spiegel-industrielles-modernes-metall-schwarzes-triptychon-tokio-70x140\/#local-main-organization-logo"},"image":{"@id":"https:\/\/www.eliassen.nl\/de\/spiegel-industrielles-modernes-metall-schwarzes-triptychon-tokio-70x140\/#local-main-organization-logo"},"sameAs":["https:\/\/www.facebook.com\/TuincentrumEliassenAmmerzoden","https:\/\/www.instagram.com\/eliassenhomeandgarden\/","https:\/\/nl.pinterest.com\/eliassenhomeandgarden\/","https:\/\/www.youtube.com\/@eliassenhomegardenpleasure4558"],"telephone":[],"openingHoursSpecification":[{"@type":"OpeningHoursSpecification","dayOfWeek":["Monday","Tuesday","Wednesday","Thursday","Friday","Saturday","Sunday"],"opens":"09:00","closes":"17:00"}]},{"@type":"ImageObject","inLanguage":"de","@id":"https:\/\/www.eliassen.nl\/de\/spiegel-industrielles-modernes-metall-schwarzes-triptychon-tokio-70x140\/#local-main-organization-logo","url":"https:\/\/www.eliassen.nl\/wp-content\/uploads\/2024\/01\/logo_4nd.jpg","contentUrl":"https:\/\/www.eliassen.nl\/wp-content\/uploads\/2024\/01\/logo_4nd.jpg","width":500,"height":500,"caption":"Eliassen Home & Garden Pleasure"}]},"product_price_amount":"126.00","product_price_currency":"EUR","og_availability":"instock","product_availability":"instock","product_retailer_item_id":"Sp-002","product_condition":"new"},"df_price":126,"df_sale_price":126,"df_regular_price":169,"df_image_link":"https:\/\/www.eliassen.nl\/wp-content\/uploads\/2024\/01\/spiegelmetaalzwart3luiktokyo70x140eliassenn.jpg","image":"https:\/\/www.eliassen.nl\/wp-content\/uploads\/2024\/01\/spiegelmetaalzwart3luiktokyo70x140eliassenn.jpg","price_search":"<span class=\"woocommerce-Price-amount amount\"><bdi><span class=\"woocommerce-Price-currencySymbol\">&euro;<\/span>&nbsp;126,00<\/bdi><\/span>","category":"Industriespiegel","global_unique_id":"6096534214239","_links":{"self":[{"href":"https:\/\/www.eliassen.nl\/de\/wp-json\/wp\/v2\/product\/99166","targetHints":{"allow":["GET"]}}],"collection":[{"href":"https:\/\/www.eliassen.nl\/de\/wp-json\/wp\/v2\/product"}],"about":[{"href":"https:\/\/www.eliassen.nl\/de\/wp-json\/wp\/v2\/types\/product"}],"wp:featuredmedia":[{"embeddable":true,"href":"https:\/\/www.eliassen.nl\/de\/wp-json\/wp\/v2\/media\/99163"}],"wp:attachment":[{"href":"https:\/\/www.eliassen.nl\/de\/wp-json\/wp\/v2\/media?parent=99166"}],"wp:term":[{"taxonomy":"product_brand","embeddable":true,"href":"https:\/\/www.eliassen.nl\/de\/wp-json\/wp\/v2\/product_brand?post=99166"},{"taxonomy":"product_cat","embeddable":true,"href":"https:\/\/www.eliassen.nl\/de\/wp-json\/wp\/v2\/product_cat?post=99166"},{"taxonomy":"product_tag","embeddable":true,"href":"https:\/\/www.eliassen.nl\/de\/wp-json\/wp\/v2\/product_tag?post=99166"}],"curies":[{"name":"wp","href":"https:\/\/api.w.org\/{rel}","templated":true}]}}