{"id":99073,"date":"2024-01-17T15:27:15","date_gmt":"2024-01-17T15:27:15","guid":{"rendered":"https:\/\/www.eliassen.nl\/?product=copy-of-spiegel-muurmodel-langwerpig-zon-148893488"},"modified":"2025-11-27T13:31:06","modified_gmt":"2025-11-27T12:31:06","slug":"spiegelwandmodell-weiss-mit-dekorationen-graceful-103x103cm","status":"publish","type":"product","link":"https:\/\/www.eliassen.nl\/de\/spiegelwandmodell-weiss-mit-dekorationen-graceful-103x103cm\/","title":{"rendered":"Spiegel Wandmodell wei\u00df mit Dekorationen Dekorativ 103x103cm"},"content":{"rendered":"<p>Sch\u00f6n gearbeiteter klassischer quadratischer Spiegel in wei\u00dfer Farbe. Der klassische Rahmen ist aus Holz gefertigt, was eine sch\u00f6ne Optik ergibt. Kurzum, ein hochwertiger Spiegel, der in jedem Haus oder Gesch\u00e4ft seinen Platz findet.<\/p>\n<p><strong>In unserem Shop k\u00f6nnen Sie auch fast alles aus dieser Serie live sehen und mitnehmen.<\/strong><\/p>\n<p><strong>Auch sch\u00f6ne Aktionen, die nicht im Webshop zu finden sind.<\/strong><\/p>\n<ul>\n<li>Gr\u00f6\u00dfe au\u00dfen: 103x103cm<\/li>\n<li>Form: quadratisch<\/li>\n<li>Farbe: Wei\u00df<\/li>\n<li>Material: Holz\/Glas<\/li>\n<li><strong>Bitte beachten Sie, dass wir keine Spiegel zur\u00fccknehmen, es sei denn, Sie schicken sie selbst in der Originalverpackung zur\u00fcck.<\/strong><\/li>\n<\/ul>\n","protected":false},"excerpt":{"rendered":"<p>aus Holz<\/p>\n","protected":false},"featured_media":99067,"template":"","meta":{"_acf_changed":false,"_genesis_title":"","_genesis_description":""},"product_brand":[7505],"product_cat":[1451,1466,509,7051],"product_tag":[],"class_list":{"0":"post-99073","1":"product","2":"type-product","3":"status-publish","4":"has-post-thumbnail","6":"product_brand-sonstige","7":"product_cat-barockspiegel","8":"product_cat-holzspiegel","9":"product_cat-wanddekoration","10":"product_cat-spiegel","12":"first","13":"instock","14":"sale","15":"taxable","16":"shipping-taxable","17":"purchasable","18":"product-type-simple"},"acf":[],"meta_all":{"total_sales":"0","wcml_sync_hash":{"postmeta_fields":"efced5859c993c4180ed0bf861f80925"},"attr_label_translations":[]},"meta_all_flat":{"total_sales":"0","wcml_sync_hash.postmeta_fields":"efced5859c993c4180ed0bf861f80925"},"yoast_head":"<!-- This site is optimized with the Yoast SEO Premium plugin v26.2 (Yoast SEO v27.2) - https:\/\/yoast.com\/product\/yoast-seo-premium-wordpress\/ -->\n<title>Spiegel Wandmodell wei\u00df mit Dekorationen Dekorativ 103x103cm - Eliassen.n<\/title>\n<meta name=\"description\" content=\"Sch\u00f6ner, erschwinglicher runder Spiegel mit einem wei\u00dfen, quadratischen Rahmen im klassischen Stil. Dieses Exemplar verf\u00fcgt \u00fcber mehrere dekorative Akzente und sieht in Ihrem Zuhause gro\u00dfartig aus.\" \/>\n<meta name=\"robots\" content=\"index, follow, max-snippet:-1, max-image-preview:large, max-video-preview:-1\" \/>\n<link rel=\"canonical\" href=\"https:\/\/www.eliassen.nl\/de\/spiegelwandmodell-weiss-mit-dekorationen-graceful-103x103cm\/\" \/>\n<meta property=\"og:locale\" content=\"de_DE\" \/>\n<meta property=\"og:type\" content=\"article\" \/>\n<meta property=\"og:title\" content=\"Sonstige Spiegel Wandmodell wei\u00df mit Dekorationen Dekorativ 103x103cm - Eliassen.nl\" \/>\n<meta property=\"og:description\" content=\"Sch\u00f6ner, erschwinglicher runder Spiegel mit einem wei\u00dfen, quadratischen Rahmen im klassischen Stil. Dieses Exemplar verf\u00fcgt \u00fcber mehrere dekorative Akzente und sieht in Ihrem Zuhause gro\u00dfartig aus.\" \/>\n<meta property=\"og:url\" content=\"https:\/\/www.eliassen.nl\/de\/spiegelwandmodell-weiss-mit-dekorationen-graceful-103x103cm\/\" \/>\n<meta property=\"og:site_name\" content=\"Eliassen.nl\" \/>\n<meta property=\"article:publisher\" content=\"https:\/\/www.facebook.com\/TuincentrumEliassenAmmerzoden\" \/>\n<meta property=\"article:modified_time\" content=\"2025-11-27T12:31:06+00:00\" \/>\n<meta property=\"og:image\" content=\"https:\/\/www.eliassen.nl\/wp-content\/uploads\/2024\/01\/spiegelmuurmodelwitmetversieringensierlijk10.jpg\" \/>\n\t<meta property=\"og:image:width\" content=\"1500\" \/>\n\t<meta property=\"og:image:height\" content=\"1504\" \/>\n\t<meta property=\"og:image:type\" content=\"image\/jpeg\" \/>\n<meta name=\"twitter:card\" content=\"summary_large_image\" \/>\n<script type=\"application\/ld+json\" class=\"yoast-schema-graph\">{\"@context\":\"https:\/\/schema.org\",\"@graph\":[{\"@type\":\"WebPage\",\"@id\":\"https:\/\/www.eliassen.nl\/de\/spiegelwandmodell-weiss-mit-dekorationen-graceful-103x103cm\/\",\"url\":\"https:\/\/www.eliassen.nl\/de\/spiegelwandmodell-weiss-mit-dekorationen-graceful-103x103cm\/\",\"name\":\"Spiegel Wandmodell wei\u00df mit Dekorationen Dekorativ 103x103cm - Eliassen.n\",\"isPartOf\":{\"@id\":\"https:\/\/www.eliassen.nl\/de\/#website\"},\"primaryImageOfPage\":{\"@id\":\"https:\/\/www.eliassen.nl\/de\/spiegelwandmodell-weiss-mit-dekorationen-graceful-103x103cm\/#primaryimage\"},\"image\":{\"@id\":\"https:\/\/www.eliassen.nl\/de\/spiegelwandmodell-weiss-mit-dekorationen-graceful-103x103cm\/#primaryimage\"},\"thumbnailUrl\":\"https:\/\/www.eliassen.nl\/wp-content\/uploads\/2024\/01\/spiegelmuurmodelwitmetversieringensierlijk10.jpg\",\"datePublished\":\"2024-01-17T15:27:15+00:00\",\"dateModified\":\"2025-11-27T12:31:06+00:00\",\"description\":\"Sch\u00f6ner, erschwinglicher runder Spiegel mit einem wei\u00dfen, quadratischen Rahmen im klassischen Stil. Dieses Exemplar verf\u00fcgt \u00fcber mehrere dekorative Akzente und sieht in Ihrem Zuhause gro\u00dfartig aus.\",\"breadcrumb\":{\"@id\":\"https:\/\/www.eliassen.nl\/de\/spiegelwandmodell-weiss-mit-dekorationen-graceful-103x103cm\/#breadcrumb\"},\"inLanguage\":\"de\",\"potentialAction\":[{\"@type\":\"ReadAction\",\"target\":[\"https:\/\/www.eliassen.nl\/de\/spiegelwandmodell-weiss-mit-dekorationen-graceful-103x103cm\/\"]}]},{\"@type\":\"ImageObject\",\"inLanguage\":\"de\",\"@id\":\"https:\/\/www.eliassen.nl\/de\/spiegelwandmodell-weiss-mit-dekorationen-graceful-103x103cm\/#primaryimage\",\"url\":\"https:\/\/www.eliassen.nl\/wp-content\/uploads\/2024\/01\/spiegelmuurmodelwitmetversieringensierlijk10.jpg\",\"contentUrl\":\"https:\/\/www.eliassen.nl\/wp-content\/uploads\/2024\/01\/spiegelmuurmodelwitmetversieringensierlijk10.jpg\",\"width\":1500,\"height\":1504,\"caption\":\"Wandspiegel Modell wei\u00df mit Dekorationen Ornate 103x103cm eliassen.de\"},{\"@type\":\"BreadcrumbList\",\"@id\":\"https:\/\/www.eliassen.nl\/de\/spiegelwandmodell-weiss-mit-dekorationen-graceful-103x103cm\/#breadcrumb\",\"itemListElement\":[{\"@type\":\"ListItem\",\"position\":1,\"name\":\"Home\",\"item\":\"https:\/\/www.eliassen.nl\/de\/\"},{\"@type\":\"ListItem\",\"position\":2,\"name\":\"Shop\",\"item\":\"https:\/\/www.eliassen.nl\/de\/shop\/\"},{\"@type\":\"ListItem\",\"position\":3,\"name\":\"Wanddekoration\",\"item\":\"https:\/\/www.eliassen.nl\/de\/wanddekoration\/\"},{\"@type\":\"ListItem\",\"position\":4,\"name\":\"Barockspiegel\",\"item\":\"https:\/\/www.eliassen.nl\/de\/wanddekoration\/barockspiegel\/\"},{\"@type\":\"ListItem\",\"position\":5,\"name\":\"Spiegel Wandmodell wei\u00df mit Dekorationen Dekorativ 103x103cm\"}]},{\"@type\":\"WebSite\",\"@id\":\"https:\/\/www.eliassen.nl\/de\/#website\",\"url\":\"https:\/\/www.eliassen.nl\/de\/\",\"name\":\"Eliassen Home & Garden Pleasure\",\"description\":\"\",\"publisher\":{\"@id\":\"https:\/\/www.eliassen.nl\/de\/#organization\"},\"alternateName\":\"Eliassen.nl\",\"potentialAction\":[{\"@type\":\"SearchAction\",\"target\":{\"@type\":\"EntryPoint\",\"urlTemplate\":\"https:\/\/www.eliassen.nl\/de\/?s={search_term_string}\"},\"query-input\":{\"@type\":\"PropertyValueSpecification\",\"valueRequired\":true,\"valueName\":\"search_term_string\"}}],\"inLanguage\":\"de\"},{\"@type\":[\"Organization\",\"Place\"],\"@id\":\"https:\/\/www.eliassen.nl\/de\/#organization\",\"name\":\"Eliassen Home & Garden Pleasure\",\"url\":\"https:\/\/www.eliassen.nl\/de\/\",\"logo\":{\"@id\":\"https:\/\/www.eliassen.nl\/de\/spiegelwandmodell-weiss-mit-dekorationen-graceful-103x103cm\/#local-main-organization-logo\"},\"image\":{\"@id\":\"https:\/\/www.eliassen.nl\/de\/spiegelwandmodell-weiss-mit-dekorationen-graceful-103x103cm\/#local-main-organization-logo\"},\"sameAs\":[\"https:\/\/www.facebook.com\/TuincentrumEliassenAmmerzoden\",\"https:\/\/www.instagram.com\/eliassenhomeandgarden\/\",\"https:\/\/nl.pinterest.com\/eliassenhomeandgarden\/\",\"https:\/\/www.youtube.com\/@eliassenhomegardenpleasure4558\"],\"telephone\":[],\"openingHoursSpecification\":[{\"@type\":\"OpeningHoursSpecification\",\"dayOfWeek\":[\"Monday\",\"Tuesday\",\"Wednesday\",\"Thursday\",\"Friday\",\"Saturday\",\"Sunday\"],\"opens\":\"09:00\",\"closes\":\"17:00\"}]},{\"@type\":\"ImageObject\",\"inLanguage\":\"de\",\"@id\":\"https:\/\/www.eliassen.nl\/de\/spiegelwandmodell-weiss-mit-dekorationen-graceful-103x103cm\/#local-main-organization-logo\",\"url\":\"https:\/\/www.eliassen.nl\/wp-content\/uploads\/2024\/01\/logo_4nd.jpg\",\"contentUrl\":\"https:\/\/www.eliassen.nl\/wp-content\/uploads\/2024\/01\/logo_4nd.jpg\",\"width\":500,\"height\":500,\"caption\":\"Eliassen Home & Garden Pleasure\"}]}<\/script>\n<meta property=\"product:price:amount\" content=\"81.00\" \/>\n<meta property=\"product:price:currency\" content=\"EUR\" \/>\n<meta property=\"og:availability\" content=\"instock\" \/>\n<meta property=\"product:availability\" content=\"instock\" \/>\n<meta property=\"product:retailer_item_id\" content=\"Lt047\" \/>\n<meta property=\"product:condition\" content=\"new\" \/>\n<!-- \/ Yoast SEO Premium plugin. -->","yoast_head_json":{"title":"Spiegel Wandmodell wei\u00df mit Dekorationen Dekorativ 103x103cm - Eliassen.n","description":"Sch\u00f6ner, erschwinglicher runder Spiegel mit einem wei\u00dfen, quadratischen Rahmen im klassischen Stil. Dieses Exemplar verf\u00fcgt \u00fcber mehrere dekorative Akzente und sieht in Ihrem Zuhause gro\u00dfartig aus.","robots":{"index":"index","follow":"follow","max-snippet":"max-snippet:-1","max-image-preview":"max-image-preview:large","max-video-preview":"max-video-preview:-1"},"canonical":"https:\/\/www.eliassen.nl\/de\/spiegelwandmodell-weiss-mit-dekorationen-graceful-103x103cm\/","og_locale":"de_DE","og_type":"article","og_title":"Sonstige Spiegel Wandmodell wei\u00df mit Dekorationen Dekorativ 103x103cm - Eliassen.nl","og_description":"Sch\u00f6ner, erschwinglicher runder Spiegel mit einem wei\u00dfen, quadratischen Rahmen im klassischen Stil. Dieses Exemplar verf\u00fcgt \u00fcber mehrere dekorative Akzente und sieht in Ihrem Zuhause gro\u00dfartig aus.","og_url":"https:\/\/www.eliassen.nl\/de\/spiegelwandmodell-weiss-mit-dekorationen-graceful-103x103cm\/","og_site_name":"Eliassen.nl","article_publisher":"https:\/\/www.facebook.com\/TuincentrumEliassenAmmerzoden","article_modified_time":"2025-11-27T12:31:06+00:00","og_image":[{"width":1500,"height":1504,"url":"https:\/\/www.eliassen.nl\/wp-content\/uploads\/2024\/01\/spiegelmuurmodelwitmetversieringensierlijk10.jpg","type":"image\/jpeg"}],"twitter_card":"summary_large_image","schema":{"@context":"https:\/\/schema.org","@graph":[{"@type":"WebPage","@id":"https:\/\/www.eliassen.nl\/de\/spiegelwandmodell-weiss-mit-dekorationen-graceful-103x103cm\/","url":"https:\/\/www.eliassen.nl\/de\/spiegelwandmodell-weiss-mit-dekorationen-graceful-103x103cm\/","name":"Spiegel Wandmodell wei\u00df mit Dekorationen Dekorativ 103x103cm - Eliassen.n","isPartOf":{"@id":"https:\/\/www.eliassen.nl\/de\/#website"},"primaryImageOfPage":{"@id":"https:\/\/www.eliassen.nl\/de\/spiegelwandmodell-weiss-mit-dekorationen-graceful-103x103cm\/#primaryimage"},"image":{"@id":"https:\/\/www.eliassen.nl\/de\/spiegelwandmodell-weiss-mit-dekorationen-graceful-103x103cm\/#primaryimage"},"thumbnailUrl":"https:\/\/www.eliassen.nl\/wp-content\/uploads\/2024\/01\/spiegelmuurmodelwitmetversieringensierlijk10.jpg","datePublished":"2024-01-17T15:27:15+00:00","dateModified":"2025-11-27T12:31:06+00:00","description":"Sch\u00f6ner, erschwinglicher runder Spiegel mit einem wei\u00dfen, quadratischen Rahmen im klassischen Stil. Dieses Exemplar verf\u00fcgt \u00fcber mehrere dekorative Akzente und sieht in Ihrem Zuhause gro\u00dfartig aus.","breadcrumb":{"@id":"https:\/\/www.eliassen.nl\/de\/spiegelwandmodell-weiss-mit-dekorationen-graceful-103x103cm\/#breadcrumb"},"inLanguage":"de","potentialAction":[{"@type":"ReadAction","target":["https:\/\/www.eliassen.nl\/de\/spiegelwandmodell-weiss-mit-dekorationen-graceful-103x103cm\/"]}]},{"@type":"ImageObject","inLanguage":"de","@id":"https:\/\/www.eliassen.nl\/de\/spiegelwandmodell-weiss-mit-dekorationen-graceful-103x103cm\/#primaryimage","url":"https:\/\/www.eliassen.nl\/wp-content\/uploads\/2024\/01\/spiegelmuurmodelwitmetversieringensierlijk10.jpg","contentUrl":"https:\/\/www.eliassen.nl\/wp-content\/uploads\/2024\/01\/spiegelmuurmodelwitmetversieringensierlijk10.jpg","width":1500,"height":1504,"caption":"Wandspiegel Modell wei\u00df mit Dekorationen Ornate 103x103cm eliassen.de"},{"@type":"BreadcrumbList","@id":"https:\/\/www.eliassen.nl\/de\/spiegelwandmodell-weiss-mit-dekorationen-graceful-103x103cm\/#breadcrumb","itemListElement":[{"@type":"ListItem","position":1,"name":"Home","item":"https:\/\/www.eliassen.nl\/de\/"},{"@type":"ListItem","position":2,"name":"Shop","item":"https:\/\/www.eliassen.nl\/de\/shop\/"},{"@type":"ListItem","position":3,"name":"Wanddekoration","item":"https:\/\/www.eliassen.nl\/de\/wanddekoration\/"},{"@type":"ListItem","position":4,"name":"Barockspiegel","item":"https:\/\/www.eliassen.nl\/de\/wanddekoration\/barockspiegel\/"},{"@type":"ListItem","position":5,"name":"Spiegel Wandmodell wei\u00df mit Dekorationen Dekorativ 103x103cm"}]},{"@type":"WebSite","@id":"https:\/\/www.eliassen.nl\/de\/#website","url":"https:\/\/www.eliassen.nl\/de\/","name":"Eliassen Home & Garden Pleasure","description":"","publisher":{"@id":"https:\/\/www.eliassen.nl\/de\/#organization"},"alternateName":"Eliassen.nl","potentialAction":[{"@type":"SearchAction","target":{"@type":"EntryPoint","urlTemplate":"https:\/\/www.eliassen.nl\/de\/?s={search_term_string}"},"query-input":{"@type":"PropertyValueSpecification","valueRequired":true,"valueName":"search_term_string"}}],"inLanguage":"de"},{"@type":["Organization","Place"],"@id":"https:\/\/www.eliassen.nl\/de\/#organization","name":"Eliassen Home & Garden Pleasure","url":"https:\/\/www.eliassen.nl\/de\/","logo":{"@id":"https:\/\/www.eliassen.nl\/de\/spiegelwandmodell-weiss-mit-dekorationen-graceful-103x103cm\/#local-main-organization-logo"},"image":{"@id":"https:\/\/www.eliassen.nl\/de\/spiegelwandmodell-weiss-mit-dekorationen-graceful-103x103cm\/#local-main-organization-logo"},"sameAs":["https:\/\/www.facebook.com\/TuincentrumEliassenAmmerzoden","https:\/\/www.instagram.com\/eliassenhomeandgarden\/","https:\/\/nl.pinterest.com\/eliassenhomeandgarden\/","https:\/\/www.youtube.com\/@eliassenhomegardenpleasure4558"],"telephone":[],"openingHoursSpecification":[{"@type":"OpeningHoursSpecification","dayOfWeek":["Monday","Tuesday","Wednesday","Thursday","Friday","Saturday","Sunday"],"opens":"09:00","closes":"17:00"}]},{"@type":"ImageObject","inLanguage":"de","@id":"https:\/\/www.eliassen.nl\/de\/spiegelwandmodell-weiss-mit-dekorationen-graceful-103x103cm\/#local-main-organization-logo","url":"https:\/\/www.eliassen.nl\/wp-content\/uploads\/2024\/01\/logo_4nd.jpg","contentUrl":"https:\/\/www.eliassen.nl\/wp-content\/uploads\/2024\/01\/logo_4nd.jpg","width":500,"height":500,"caption":"Eliassen Home & Garden Pleasure"}]},"product_price_amount":"81.00","product_price_currency":"EUR","og_availability":"instock","product_availability":"instock","product_retailer_item_id":"Lt047","product_condition":"new"},"df_price":81,"df_sale_price":81,"df_regular_price":109,"df_image_link":"https:\/\/www.eliassen.nl\/wp-content\/uploads\/2024\/01\/spiegelmuurmodelwitmetversieringensierlijk10.jpg","image":"https:\/\/www.eliassen.nl\/wp-content\/uploads\/2024\/01\/spiegelmuurmodelwitmetversieringensierlijk10.jpg","price_search":"<span class=\"woocommerce-Price-amount amount\"><bdi><span class=\"woocommerce-Price-currencySymbol\">&euro;<\/span>&nbsp;81,00<\/bdi><\/span>","category":"Barockspiegel","global_unique_id":"6096517330390","_links":{"self":[{"href":"https:\/\/www.eliassen.nl\/de\/wp-json\/wp\/v2\/product\/99073","targetHints":{"allow":["GET"]}}],"collection":[{"href":"https:\/\/www.eliassen.nl\/de\/wp-json\/wp\/v2\/product"}],"about":[{"href":"https:\/\/www.eliassen.nl\/de\/wp-json\/wp\/v2\/types\/product"}],"wp:featuredmedia":[{"embeddable":true,"href":"https:\/\/www.eliassen.nl\/de\/wp-json\/wp\/v2\/media\/99067"}],"wp:attachment":[{"href":"https:\/\/www.eliassen.nl\/de\/wp-json\/wp\/v2\/media?parent=99073"}],"wp:term":[{"taxonomy":"product_brand","embeddable":true,"href":"https:\/\/www.eliassen.nl\/de\/wp-json\/wp\/v2\/product_brand?post=99073"},{"taxonomy":"product_cat","embeddable":true,"href":"https:\/\/www.eliassen.nl\/de\/wp-json\/wp\/v2\/product_cat?post=99073"},{"taxonomy":"product_tag","embeddable":true,"href":"https:\/\/www.eliassen.nl\/de\/wp-json\/wp\/v2\/product_tag?post=99073"}],"curies":[{"name":"wp","href":"https:\/\/api.w.org\/{rel}","templated":true}]}}