{"id":99064,"date":"2024-01-17T12:16:06","date_gmt":"2024-01-17T12:16:06","guid":{"rendered":"https:\/\/www.eliassen.nl\/?product=copy-of-spiegel-muurmodel-langwerpig-zonder-omlijs"},"modified":"2025-11-27T13:31:04","modified_gmt":"2025-11-27T12:31:04","slug":"spiegelwandmodell-langlich-marseille-80x110cm","status":"publish","type":"product","link":"https:\/\/www.eliassen.nl\/de\/spiegelwandmodell-langlich-marseille-80x110cm\/","title":{"rendered":"Spiegel Wandmodell rechteckig Marseille 80x110cm"},"content":{"rendered":"<p>Wundersch\u00f6n gearbeiteter, moderner, l\u00e4nglicher Spiegel. Der moderne Rahmen besteht ebenfalls aus Glas und ist ein Spiegel, der einen sch\u00f6nen Akzent setzt. Kurzum, ein hochwertiger Spiegel, der in jedem Haus oder Gesch\u00e4ft seinen Platz findet.<\/p>\n<p><strong>In unserem Shop k\u00f6nnen Sie auch fast alles aus dieser Serie live sehen und mitnehmen.<\/strong><\/p>\n<p><b>Auch tolle Sonderangebote, die nicht im Webshop zu finden sind.<\/b><\/p>\n<ul>\n<li>Gr\u00f6\u00dfe au\u00dfen: 80x110cm<\/li>\n<li>Form: L\u00e4nglich<\/li>\n<li>Farbe: Glas<\/li>\n<li>Material: Glas<\/li>\n<li><strong>Bitte beachten Sie, dass wir keine Spiegel zur\u00fccknehmen, es sei denn, Sie schicken sie selbst in der Originalverpackung zur\u00fcck.<\/strong><\/li>\n<\/ul>\n","protected":false},"excerpt":{"rendered":"<p>Komplett aus Glas gefertigt<\/p>\n","protected":false},"featured_media":99058,"template":"","meta":{"_acf_changed":false,"_genesis_title":"","_genesis_description":""},"product_brand":[7505],"product_cat":[1463,509,7051],"product_tag":[7450],"class_list":{"0":"post-99064","1":"product","2":"type-product","3":"status-publish","4":"has-post-thumbnail","6":"product_brand-sonstige","7":"product_cat-industriespiegel","8":"product_cat-wanddekoration","9":"product_cat-spiegel","10":"product_tag-spiegel-gros","12":"first","13":"instock","14":"sale","15":"taxable","16":"shipping-taxable","17":"purchasable","18":"product-type-simple"},"acf":[],"meta_all":{"total_sales":"1","wcml_sync_hash":{"postmeta_fields":"b95b5b635979809b5e7d743415840969"},"attr_label_translations":[]},"meta_all_flat":{"total_sales":"1","wcml_sync_hash.postmeta_fields":"b95b5b635979809b5e7d743415840969"},"yoast_head":"<!-- This site is optimized with the Yoast SEO Premium plugin v26.2 (Yoast SEO v27.2) - https:\/\/yoast.com\/product\/yoast-seo-premium-wordpress\/ -->\n<title>Spiegel Wandmodell rechteckig Marseille 80x110cm - Eliassen.nl<\/title>\n<meta name=\"description\" content=\"Spiegel ganz aus Glas. Moderner Look mit einem Ein-Glas-Rahmen und Spiegel. Dieser Spiegel ist 80x110cm gro\u00df und soll in der H\u00f6he h\u00e4ngen.\" \/>\n<meta name=\"robots\" content=\"index, follow, max-snippet:-1, max-image-preview:large, max-video-preview:-1\" \/>\n<link rel=\"canonical\" href=\"https:\/\/www.eliassen.nl\/de\/spiegelwandmodell-langlich-marseille-80x110cm\/\" \/>\n<meta property=\"og:locale\" content=\"de_DE\" \/>\n<meta property=\"og:type\" content=\"article\" \/>\n<meta property=\"og:title\" content=\"Sonstige Spiegel Wandmodell rechteckig Marseille 80x110cm - Eliassen.nl\" \/>\n<meta property=\"og:description\" content=\"Spiegel ganz aus Glas. Moderner Look mit einem Ein-Glas-Rahmen und Spiegel. Dieser Spiegel ist 80x110cm gro\u00df und soll in der H\u00f6he h\u00e4ngen.\" \/>\n<meta property=\"og:url\" content=\"https:\/\/www.eliassen.nl\/de\/spiegelwandmodell-langlich-marseille-80x110cm\/\" \/>\n<meta property=\"og:site_name\" content=\"Eliassen.nl\" \/>\n<meta property=\"article:publisher\" content=\"https:\/\/www.facebook.com\/TuincentrumEliassenAmmerzoden\" \/>\n<meta property=\"article:modified_time\" content=\"2025-11-27T12:31:04+00:00\" \/>\n<meta property=\"og:image\" content=\"https:\/\/www.eliassen.nl\/wp-content\/uploads\/2024\/01\/spiegelmuurmodellangwerpigzonderomlijstingbru.jpg\" \/>\n\t<meta property=\"og:image:width\" content=\"1500\" \/>\n\t<meta property=\"og:image:height\" content=\"2000\" \/>\n\t<meta property=\"og:image:type\" content=\"image\/jpeg\" \/>\n<meta name=\"twitter:card\" content=\"summary_large_image\" \/>\n<script type=\"application\/ld+json\" class=\"yoast-schema-graph\">{\"@context\":\"https:\/\/schema.org\",\"@graph\":[{\"@type\":\"WebPage\",\"@id\":\"https:\/\/www.eliassen.nl\/de\/spiegelwandmodell-langlich-marseille-80x110cm\/\",\"url\":\"https:\/\/www.eliassen.nl\/de\/spiegelwandmodell-langlich-marseille-80x110cm\/\",\"name\":\"Spiegel Wandmodell rechteckig Marseille 80x110cm - Eliassen.nl\",\"isPartOf\":{\"@id\":\"https:\/\/www.eliassen.nl\/de\/#website\"},\"primaryImageOfPage\":{\"@id\":\"https:\/\/www.eliassen.nl\/de\/spiegelwandmodell-langlich-marseille-80x110cm\/#primaryimage\"},\"image\":{\"@id\":\"https:\/\/www.eliassen.nl\/de\/spiegelwandmodell-langlich-marseille-80x110cm\/#primaryimage\"},\"thumbnailUrl\":\"https:\/\/www.eliassen.nl\/wp-content\/uploads\/2024\/01\/spiegelmuurmodellangwerpigzonderomlijstingbru.jpg\",\"datePublished\":\"2024-01-17T12:16:06+00:00\",\"dateModified\":\"2025-11-27T12:31:04+00:00\",\"description\":\"Spiegel ganz aus Glas. Moderner Look mit einem Ein-Glas-Rahmen und Spiegel. Dieser Spiegel ist 80x110cm gro\u00df und soll in der H\u00f6he h\u00e4ngen.\",\"breadcrumb\":{\"@id\":\"https:\/\/www.eliassen.nl\/de\/spiegelwandmodell-langlich-marseille-80x110cm\/#breadcrumb\"},\"inLanguage\":\"de\",\"potentialAction\":[{\"@type\":\"ReadAction\",\"target\":[\"https:\/\/www.eliassen.nl\/de\/spiegelwandmodell-langlich-marseille-80x110cm\/\"]}]},{\"@type\":\"ImageObject\",\"inLanguage\":\"de\",\"@id\":\"https:\/\/www.eliassen.nl\/de\/spiegelwandmodell-langlich-marseille-80x110cm\/#primaryimage\",\"url\":\"https:\/\/www.eliassen.nl\/wp-content\/uploads\/2024\/01\/spiegelmuurmodellangwerpigzonderomlijstingbru.jpg\",\"contentUrl\":\"https:\/\/www.eliassen.nl\/wp-content\/uploads\/2024\/01\/spiegelmuurmodellangwerpigzonderomlijstingbru.jpg\",\"width\":1500,\"height\":2000,\"caption\":\"Spiegel Wandmodell l\u00e4nglich ohne Rahmen Br\u00fcssel 80x110cm eliassen.nl\"},{\"@type\":\"BreadcrumbList\",\"@id\":\"https:\/\/www.eliassen.nl\/de\/spiegelwandmodell-langlich-marseille-80x110cm\/#breadcrumb\",\"itemListElement\":[{\"@type\":\"ListItem\",\"position\":1,\"name\":\"Home\",\"item\":\"https:\/\/www.eliassen.nl\/de\/\"},{\"@type\":\"ListItem\",\"position\":2,\"name\":\"Shop\",\"item\":\"https:\/\/www.eliassen.nl\/de\/shop\/\"},{\"@type\":\"ListItem\",\"position\":3,\"name\":\"Wanddekoration\",\"item\":\"https:\/\/www.eliassen.nl\/de\/wanddekoration\/\"},{\"@type\":\"ListItem\",\"position\":4,\"name\":\"Industriespiegel\",\"item\":\"https:\/\/www.eliassen.nl\/de\/wanddekoration\/industriespiegel\/\"},{\"@type\":\"ListItem\",\"position\":5,\"name\":\"Spiegel Wandmodell rechteckig Marseille 80x110cm\"}]},{\"@type\":\"WebSite\",\"@id\":\"https:\/\/www.eliassen.nl\/de\/#website\",\"url\":\"https:\/\/www.eliassen.nl\/de\/\",\"name\":\"Eliassen Home & Garden Pleasure\",\"description\":\"\",\"publisher\":{\"@id\":\"https:\/\/www.eliassen.nl\/de\/#organization\"},\"alternateName\":\"Eliassen.nl\",\"potentialAction\":[{\"@type\":\"SearchAction\",\"target\":{\"@type\":\"EntryPoint\",\"urlTemplate\":\"https:\/\/www.eliassen.nl\/de\/?s={search_term_string}\"},\"query-input\":{\"@type\":\"PropertyValueSpecification\",\"valueRequired\":true,\"valueName\":\"search_term_string\"}}],\"inLanguage\":\"de\"},{\"@type\":[\"Organization\",\"Place\"],\"@id\":\"https:\/\/www.eliassen.nl\/de\/#organization\",\"name\":\"Eliassen Home & Garden Pleasure\",\"url\":\"https:\/\/www.eliassen.nl\/de\/\",\"logo\":{\"@id\":\"https:\/\/www.eliassen.nl\/de\/spiegelwandmodell-langlich-marseille-80x110cm\/#local-main-organization-logo\"},\"image\":{\"@id\":\"https:\/\/www.eliassen.nl\/de\/spiegelwandmodell-langlich-marseille-80x110cm\/#local-main-organization-logo\"},\"sameAs\":[\"https:\/\/www.facebook.com\/TuincentrumEliassenAmmerzoden\",\"https:\/\/www.instagram.com\/eliassenhomeandgarden\/\",\"https:\/\/nl.pinterest.com\/eliassenhomeandgarden\/\",\"https:\/\/www.youtube.com\/@eliassenhomegardenpleasure4558\"],\"telephone\":[],\"openingHoursSpecification\":[{\"@type\":\"OpeningHoursSpecification\",\"dayOfWeek\":[\"Monday\",\"Tuesday\",\"Wednesday\",\"Thursday\",\"Friday\",\"Saturday\",\"Sunday\"],\"opens\":\"09:00\",\"closes\":\"17:00\"}]},{\"@type\":\"ImageObject\",\"inLanguage\":\"de\",\"@id\":\"https:\/\/www.eliassen.nl\/de\/spiegelwandmodell-langlich-marseille-80x110cm\/#local-main-organization-logo\",\"url\":\"https:\/\/www.eliassen.nl\/wp-content\/uploads\/2024\/01\/logo_4nd.jpg\",\"contentUrl\":\"https:\/\/www.eliassen.nl\/wp-content\/uploads\/2024\/01\/logo_4nd.jpg\",\"width\":500,\"height\":500,\"caption\":\"Eliassen Home & Garden Pleasure\"}]}<\/script>\n<meta property=\"product:price:amount\" content=\"74.00\" \/>\n<meta property=\"product:price:currency\" content=\"EUR\" \/>\n<meta property=\"og:availability\" content=\"instock\" \/>\n<meta property=\"product:availability\" content=\"instock\" \/>\n<meta property=\"product:retailer_item_id\" content=\"Kl8dr-2\" \/>\n<meta property=\"product:condition\" content=\"new\" \/>\n<!-- \/ Yoast SEO Premium plugin. -->","yoast_head_json":{"title":"Spiegel Wandmodell rechteckig Marseille 80x110cm - Eliassen.nl","description":"Spiegel ganz aus Glas. Moderner Look mit einem Ein-Glas-Rahmen und Spiegel. Dieser Spiegel ist 80x110cm gro\u00df und soll in der H\u00f6he h\u00e4ngen.","robots":{"index":"index","follow":"follow","max-snippet":"max-snippet:-1","max-image-preview":"max-image-preview:large","max-video-preview":"max-video-preview:-1"},"canonical":"https:\/\/www.eliassen.nl\/de\/spiegelwandmodell-langlich-marseille-80x110cm\/","og_locale":"de_DE","og_type":"article","og_title":"Sonstige Spiegel Wandmodell rechteckig Marseille 80x110cm - Eliassen.nl","og_description":"Spiegel ganz aus Glas. Moderner Look mit einem Ein-Glas-Rahmen und Spiegel. Dieser Spiegel ist 80x110cm gro\u00df und soll in der H\u00f6he h\u00e4ngen.","og_url":"https:\/\/www.eliassen.nl\/de\/spiegelwandmodell-langlich-marseille-80x110cm\/","og_site_name":"Eliassen.nl","article_publisher":"https:\/\/www.facebook.com\/TuincentrumEliassenAmmerzoden","article_modified_time":"2025-11-27T12:31:04+00:00","og_image":[{"width":1500,"height":2000,"url":"https:\/\/www.eliassen.nl\/wp-content\/uploads\/2024\/01\/spiegelmuurmodellangwerpigzonderomlijstingbru.jpg","type":"image\/jpeg"}],"twitter_card":"summary_large_image","schema":{"@context":"https:\/\/schema.org","@graph":[{"@type":"WebPage","@id":"https:\/\/www.eliassen.nl\/de\/spiegelwandmodell-langlich-marseille-80x110cm\/","url":"https:\/\/www.eliassen.nl\/de\/spiegelwandmodell-langlich-marseille-80x110cm\/","name":"Spiegel Wandmodell rechteckig Marseille 80x110cm - Eliassen.nl","isPartOf":{"@id":"https:\/\/www.eliassen.nl\/de\/#website"},"primaryImageOfPage":{"@id":"https:\/\/www.eliassen.nl\/de\/spiegelwandmodell-langlich-marseille-80x110cm\/#primaryimage"},"image":{"@id":"https:\/\/www.eliassen.nl\/de\/spiegelwandmodell-langlich-marseille-80x110cm\/#primaryimage"},"thumbnailUrl":"https:\/\/www.eliassen.nl\/wp-content\/uploads\/2024\/01\/spiegelmuurmodellangwerpigzonderomlijstingbru.jpg","datePublished":"2024-01-17T12:16:06+00:00","dateModified":"2025-11-27T12:31:04+00:00","description":"Spiegel ganz aus Glas. Moderner Look mit einem Ein-Glas-Rahmen und Spiegel. Dieser Spiegel ist 80x110cm gro\u00df und soll in der H\u00f6he h\u00e4ngen.","breadcrumb":{"@id":"https:\/\/www.eliassen.nl\/de\/spiegelwandmodell-langlich-marseille-80x110cm\/#breadcrumb"},"inLanguage":"de","potentialAction":[{"@type":"ReadAction","target":["https:\/\/www.eliassen.nl\/de\/spiegelwandmodell-langlich-marseille-80x110cm\/"]}]},{"@type":"ImageObject","inLanguage":"de","@id":"https:\/\/www.eliassen.nl\/de\/spiegelwandmodell-langlich-marseille-80x110cm\/#primaryimage","url":"https:\/\/www.eliassen.nl\/wp-content\/uploads\/2024\/01\/spiegelmuurmodellangwerpigzonderomlijstingbru.jpg","contentUrl":"https:\/\/www.eliassen.nl\/wp-content\/uploads\/2024\/01\/spiegelmuurmodellangwerpigzonderomlijstingbru.jpg","width":1500,"height":2000,"caption":"Spiegel Wandmodell l\u00e4nglich ohne Rahmen Br\u00fcssel 80x110cm eliassen.nl"},{"@type":"BreadcrumbList","@id":"https:\/\/www.eliassen.nl\/de\/spiegelwandmodell-langlich-marseille-80x110cm\/#breadcrumb","itemListElement":[{"@type":"ListItem","position":1,"name":"Home","item":"https:\/\/www.eliassen.nl\/de\/"},{"@type":"ListItem","position":2,"name":"Shop","item":"https:\/\/www.eliassen.nl\/de\/shop\/"},{"@type":"ListItem","position":3,"name":"Wanddekoration","item":"https:\/\/www.eliassen.nl\/de\/wanddekoration\/"},{"@type":"ListItem","position":4,"name":"Industriespiegel","item":"https:\/\/www.eliassen.nl\/de\/wanddekoration\/industriespiegel\/"},{"@type":"ListItem","position":5,"name":"Spiegel Wandmodell rechteckig Marseille 80x110cm"}]},{"@type":"WebSite","@id":"https:\/\/www.eliassen.nl\/de\/#website","url":"https:\/\/www.eliassen.nl\/de\/","name":"Eliassen Home & Garden Pleasure","description":"","publisher":{"@id":"https:\/\/www.eliassen.nl\/de\/#organization"},"alternateName":"Eliassen.nl","potentialAction":[{"@type":"SearchAction","target":{"@type":"EntryPoint","urlTemplate":"https:\/\/www.eliassen.nl\/de\/?s={search_term_string}"},"query-input":{"@type":"PropertyValueSpecification","valueRequired":true,"valueName":"search_term_string"}}],"inLanguage":"de"},{"@type":["Organization","Place"],"@id":"https:\/\/www.eliassen.nl\/de\/#organization","name":"Eliassen Home & Garden Pleasure","url":"https:\/\/www.eliassen.nl\/de\/","logo":{"@id":"https:\/\/www.eliassen.nl\/de\/spiegelwandmodell-langlich-marseille-80x110cm\/#local-main-organization-logo"},"image":{"@id":"https:\/\/www.eliassen.nl\/de\/spiegelwandmodell-langlich-marseille-80x110cm\/#local-main-organization-logo"},"sameAs":["https:\/\/www.facebook.com\/TuincentrumEliassenAmmerzoden","https:\/\/www.instagram.com\/eliassenhomeandgarden\/","https:\/\/nl.pinterest.com\/eliassenhomeandgarden\/","https:\/\/www.youtube.com\/@eliassenhomegardenpleasure4558"],"telephone":[],"openingHoursSpecification":[{"@type":"OpeningHoursSpecification","dayOfWeek":["Monday","Tuesday","Wednesday","Thursday","Friday","Saturday","Sunday"],"opens":"09:00","closes":"17:00"}]},{"@type":"ImageObject","inLanguage":"de","@id":"https:\/\/www.eliassen.nl\/de\/spiegelwandmodell-langlich-marseille-80x110cm\/#local-main-organization-logo","url":"https:\/\/www.eliassen.nl\/wp-content\/uploads\/2024\/01\/logo_4nd.jpg","contentUrl":"https:\/\/www.eliassen.nl\/wp-content\/uploads\/2024\/01\/logo_4nd.jpg","width":500,"height":500,"caption":"Eliassen Home & Garden Pleasure"}]},"product_price_amount":"74.00","product_price_currency":"EUR","og_availability":"instock","product_availability":"instock","product_retailer_item_id":"Kl8dr-2","product_condition":"new"},"df_price":74,"df_sale_price":74,"df_regular_price":99,"df_image_link":"https:\/\/www.eliassen.nl\/wp-content\/uploads\/2024\/01\/spiegelmuurmodellangwerpigzonderomlijstingbru.jpg","image":"https:\/\/www.eliassen.nl\/wp-content\/uploads\/2024\/01\/spiegelmuurmodellangwerpigzonderomlijstingbru.jpg","price_search":"<span class=\"woocommerce-Price-amount amount\"><bdi><span class=\"woocommerce-Price-currencySymbol\">&euro;<\/span>&nbsp;74,00<\/bdi><\/span>","category":"Industriespiegel","global_unique_id":"6096530128103","_links":{"self":[{"href":"https:\/\/www.eliassen.nl\/de\/wp-json\/wp\/v2\/product\/99064","targetHints":{"allow":["GET"]}}],"collection":[{"href":"https:\/\/www.eliassen.nl\/de\/wp-json\/wp\/v2\/product"}],"about":[{"href":"https:\/\/www.eliassen.nl\/de\/wp-json\/wp\/v2\/types\/product"}],"wp:featuredmedia":[{"embeddable":true,"href":"https:\/\/www.eliassen.nl\/de\/wp-json\/wp\/v2\/media\/99058"}],"wp:attachment":[{"href":"https:\/\/www.eliassen.nl\/de\/wp-json\/wp\/v2\/media?parent=99064"}],"wp:term":[{"taxonomy":"product_brand","embeddable":true,"href":"https:\/\/www.eliassen.nl\/de\/wp-json\/wp\/v2\/product_brand?post=99064"},{"taxonomy":"product_cat","embeddable":true,"href":"https:\/\/www.eliassen.nl\/de\/wp-json\/wp\/v2\/product_cat?post=99064"},{"taxonomy":"product_tag","embeddable":true,"href":"https:\/\/www.eliassen.nl\/de\/wp-json\/wp\/v2\/product_tag?post=99064"}],"curies":[{"name":"wp","href":"https:\/\/api.w.org\/{rel}","templated":true}]}}