{"id":99046,"date":"2024-01-17T12:06:23","date_gmt":"2024-01-17T12:06:23","guid":{"rendered":"https:\/\/www.eliassen.nl\/?product=copy-of-spiegel-staand-goud-spikes-78x109cm"},"modified":"2026-01-08T12:12:24","modified_gmt":"2026-01-08T11:12:24","slug":"dekorativer-silberspiegel-flower-festival-94x176cm","status":"publish","type":"product","link":"https:\/\/www.eliassen.nl\/de\/dekorativer-silberspiegel-flower-festival-94x176cm\/","title":{"rendered":"Spiegel Barock stehend oder h\u00e4ngend Silber Flower Festival 94x176cm"},"content":{"rendered":"<p>Wundersch\u00f6n gearbeiteter klassischer Spiegel in silberner Farbe und klassischem Barockstil. Dieses Exemplar hat riesige Dekorationen in vielen verschiedenen Formen, darunter Blumen und V\u00f6gel. Der klassische Rahmen ist aus sehr kompaktem und hartem Kunststoff gefertigt, was ihm ein sch\u00f6nes Aussehen verleiht. Kurzum, ein hochwertiger Spiegel, der in jedem Haus oder Gesch\u00e4ft seinen Platz findet.<\/p>\n<p><strong>In unserem Shop k\u00f6nnen Sie auch fast alles aus dieser Serie live sehen und mitnehmen.<\/strong><\/p>\n<p><strong>Auch sch\u00f6ne Aktionen, die nicht im Webshop zu finden sind.<\/strong><\/p>\n<ul>\n<li>Gr\u00f6\u00dfe au\u00dfen: 94x176cm<\/li>\n<li>Farbe: Silber<\/li>\n<li>Material: Polystyrol und Glas<\/li>\n<li><strong>Bitte beachten Sie, dass wir keine Spiegel zur\u00fccknehmen, es sei denn, Sie schicken sie selbst in der Originalverpackung zur\u00fcck.<\/strong><\/li>\n<\/ul>\n","protected":false},"excerpt":{"rendered":"<p>Rahmen aus Polystyrol<\/p>\n","protected":false},"featured_media":99037,"template":"","meta":{"_acf_changed":false,"_genesis_title":"","_genesis_description":""},"product_brand":[7505],"product_cat":[1451,509,7051],"product_tag":[],"class_list":{"0":"post-99046","1":"product","2":"type-product","3":"status-publish","4":"has-post-thumbnail","6":"product_brand-sonstige","7":"product_cat-barockspiegel","8":"product_cat-wanddekoration","9":"product_cat-spiegel","11":"first","12":"instock","13":"sale","14":"taxable","15":"shipping-taxable","16":"purchasable","17":"product-type-simple"},"acf":[],"meta_all":{"wcml_sync_hash":{"postmeta_fields":"8fc9a2106f6a9df1da098e48d29b5a34"},"attr_label_translations":[],"total_sales":"7","cor_restricted_countries":[]},"meta_all_flat":{"wcml_sync_hash.postmeta_fields":"8fc9a2106f6a9df1da098e48d29b5a34","total_sales":"7"},"yoast_head":"<!-- This site is optimized with the Yoast SEO Premium plugin v26.2 (Yoast SEO v27.2) - https:\/\/yoast.com\/product\/yoast-seo-premium-wordpress\/ -->\n<title>Spiegel verziert Silber Blumenfest 94x176cm - Eliassen.nl<\/title>\n<meta name=\"description\" content=\"Spiegel in silberner Farbe mit gro\u00dfen Blumenverzierungen und klassischem Aussehen. Dieser Spiegel ist aus Polystyrol gefertigt.\" \/>\n<meta name=\"robots\" content=\"index, follow, max-snippet:-1, max-image-preview:large, max-video-preview:-1\" \/>\n<link rel=\"canonical\" href=\"https:\/\/www.eliassen.nl\/de\/dekorativer-silberspiegel-flower-festival-94x176cm\/\" \/>\n<meta property=\"og:locale\" content=\"de_DE\" \/>\n<meta property=\"og:type\" content=\"article\" \/>\n<meta property=\"og:title\" content=\"Sonstige Spiegel Barock stehend oder h\u00e4ngend Silber Flower Festival 94x176cm - Eliassen.nl\" \/>\n<meta property=\"og:description\" content=\"Spiegel in silberner Farbe mit gro\u00dfen Blumenverzierungen und klassischem Aussehen. Dieser Spiegel ist aus Polystyrol gefertigt.\" \/>\n<meta property=\"og:url\" content=\"https:\/\/www.eliassen.nl\/de\/dekorativer-silberspiegel-flower-festival-94x176cm\/\" \/>\n<meta property=\"og:site_name\" content=\"Eliassen.nl\" \/>\n<meta property=\"article:publisher\" content=\"https:\/\/www.facebook.com\/TuincentrumEliassenAmmerzoden\" \/>\n<meta property=\"article:modified_time\" content=\"2026-01-08T11:12:24+00:00\" \/>\n<meta property=\"og:image\" content=\"https:\/\/www.eliassen.nl\/wp-content\/uploads\/2024\/01\/spiegelsierlijkzilverbloemenfestijn94x176cmel.png\" \/>\n\t<meta property=\"og:image:width\" content=\"768\" \/>\n\t<meta property=\"og:image:height\" content=\"1024\" \/>\n\t<meta property=\"og:image:type\" content=\"image\/png\" \/>\n<meta name=\"twitter:card\" content=\"summary_large_image\" \/>\n<script type=\"application\/ld+json\" class=\"yoast-schema-graph\">{\"@context\":\"https:\/\/schema.org\",\"@graph\":[{\"@type\":\"WebPage\",\"@id\":\"https:\/\/www.eliassen.nl\/de\/dekorativer-silberspiegel-flower-festival-94x176cm\/\",\"url\":\"https:\/\/www.eliassen.nl\/de\/dekorativer-silberspiegel-flower-festival-94x176cm\/\",\"name\":\"Spiegel verziert Silber Blumenfest 94x176cm - Eliassen.nl\",\"isPartOf\":{\"@id\":\"https:\/\/www.eliassen.nl\/de\/#website\"},\"primaryImageOfPage\":{\"@id\":\"https:\/\/www.eliassen.nl\/de\/dekorativer-silberspiegel-flower-festival-94x176cm\/#primaryimage\"},\"image\":{\"@id\":\"https:\/\/www.eliassen.nl\/de\/dekorativer-silberspiegel-flower-festival-94x176cm\/#primaryimage\"},\"thumbnailUrl\":\"https:\/\/www.eliassen.nl\/wp-content\/uploads\/2024\/01\/spiegelsierlijkzilverbloemenfestijn94x176cmel.png\",\"datePublished\":\"2024-01-17T12:06:23+00:00\",\"dateModified\":\"2026-01-08T11:12:24+00:00\",\"description\":\"Spiegel in silberner Farbe mit gro\u00dfen Blumenverzierungen und klassischem Aussehen. Dieser Spiegel ist aus Polystyrol gefertigt.\",\"breadcrumb\":{\"@id\":\"https:\/\/www.eliassen.nl\/de\/dekorativer-silberspiegel-flower-festival-94x176cm\/#breadcrumb\"},\"inLanguage\":\"de\",\"potentialAction\":[{\"@type\":\"ReadAction\",\"target\":[\"https:\/\/www.eliassen.nl\/de\/dekorativer-silberspiegel-flower-festival-94x176cm\/\"]}]},{\"@type\":\"ImageObject\",\"inLanguage\":\"de\",\"@id\":\"https:\/\/www.eliassen.nl\/de\/dekorativer-silberspiegel-flower-festival-94x176cm\/#primaryimage\",\"url\":\"https:\/\/www.eliassen.nl\/wp-content\/uploads\/2024\/01\/spiegelsierlijkzilverbloemenfestijn94x176cmel.png\",\"contentUrl\":\"https:\/\/www.eliassen.nl\/wp-content\/uploads\/2024\/01\/spiegelsierlijkzilverbloemenfestijn94x176cmel.png\",\"width\":1500,\"height\":2000,\"caption\":\"Spiegel verziert Silber Blumenfest 94x176cm eliassen.nl\"},{\"@type\":\"BreadcrumbList\",\"@id\":\"https:\/\/www.eliassen.nl\/de\/dekorativer-silberspiegel-flower-festival-94x176cm\/#breadcrumb\",\"itemListElement\":[{\"@type\":\"ListItem\",\"position\":1,\"name\":\"Home\",\"item\":\"https:\/\/www.eliassen.nl\/de\/\"},{\"@type\":\"ListItem\",\"position\":2,\"name\":\"Shop\",\"item\":\"https:\/\/www.eliassen.nl\/de\/shop\/\"},{\"@type\":\"ListItem\",\"position\":3,\"name\":\"Wanddekoration\",\"item\":\"https:\/\/www.eliassen.nl\/de\/wanddekoration\/\"},{\"@type\":\"ListItem\",\"position\":4,\"name\":\"Barockspiegel\",\"item\":\"https:\/\/www.eliassen.nl\/de\/wanddekoration\/barockspiegel\/\"},{\"@type\":\"ListItem\",\"position\":5,\"name\":\"Spiegel Barock stehend oder h\u00e4ngend Silber Flower Festival 94x176cm\"}]},{\"@type\":\"WebSite\",\"@id\":\"https:\/\/www.eliassen.nl\/de\/#website\",\"url\":\"https:\/\/www.eliassen.nl\/de\/\",\"name\":\"Eliassen Home & Garden Pleasure\",\"description\":\"\",\"publisher\":{\"@id\":\"https:\/\/www.eliassen.nl\/de\/#organization\"},\"alternateName\":\"Eliassen.nl\",\"potentialAction\":[{\"@type\":\"SearchAction\",\"target\":{\"@type\":\"EntryPoint\",\"urlTemplate\":\"https:\/\/www.eliassen.nl\/de\/?s={search_term_string}\"},\"query-input\":{\"@type\":\"PropertyValueSpecification\",\"valueRequired\":true,\"valueName\":\"search_term_string\"}}],\"inLanguage\":\"de\"},{\"@type\":[\"Organization\",\"Place\"],\"@id\":\"https:\/\/www.eliassen.nl\/de\/#organization\",\"name\":\"Eliassen Home & Garden Pleasure\",\"url\":\"https:\/\/www.eliassen.nl\/de\/\",\"logo\":{\"@id\":\"https:\/\/www.eliassen.nl\/de\/dekorativer-silberspiegel-flower-festival-94x176cm\/#local-main-organization-logo\"},\"image\":{\"@id\":\"https:\/\/www.eliassen.nl\/de\/dekorativer-silberspiegel-flower-festival-94x176cm\/#local-main-organization-logo\"},\"sameAs\":[\"https:\/\/www.facebook.com\/TuincentrumEliassenAmmerzoden\",\"https:\/\/www.instagram.com\/eliassenhomeandgarden\/\",\"https:\/\/nl.pinterest.com\/eliassenhomeandgarden\/\",\"https:\/\/www.youtube.com\/@eliassenhomegardenpleasure4558\"],\"telephone\":[],\"openingHoursSpecification\":[{\"@type\":\"OpeningHoursSpecification\",\"dayOfWeek\":[\"Monday\",\"Tuesday\",\"Wednesday\",\"Thursday\",\"Friday\",\"Saturday\",\"Sunday\"],\"opens\":\"09:00\",\"closes\":\"17:00\"}]},{\"@type\":\"ImageObject\",\"inLanguage\":\"de\",\"@id\":\"https:\/\/www.eliassen.nl\/de\/dekorativer-silberspiegel-flower-festival-94x176cm\/#local-main-organization-logo\",\"url\":\"https:\/\/www.eliassen.nl\/wp-content\/uploads\/2024\/01\/logo_4nd.jpg\",\"contentUrl\":\"https:\/\/www.eliassen.nl\/wp-content\/uploads\/2024\/01\/logo_4nd.jpg\",\"width\":500,\"height\":500,\"caption\":\"Eliassen Home & Garden Pleasure\"}]}<\/script>\n<meta property=\"product:price:amount\" content=\"65.00\" \/>\n<meta property=\"product:price:currency\" content=\"EUR\" \/>\n<meta property=\"og:availability\" content=\"instock\" \/>\n<meta property=\"product:availability\" content=\"instock\" \/>\n<meta property=\"product:retailer_item_id\" content=\"Gn1115-s\" \/>\n<meta property=\"product:condition\" content=\"new\" \/>\n<!-- \/ Yoast SEO Premium plugin. -->","yoast_head_json":{"title":"Spiegel verziert Silber Blumenfest 94x176cm - Eliassen.nl","description":"Spiegel in silberner Farbe mit gro\u00dfen Blumenverzierungen und klassischem Aussehen. Dieser Spiegel ist aus Polystyrol gefertigt.","robots":{"index":"index","follow":"follow","max-snippet":"max-snippet:-1","max-image-preview":"max-image-preview:large","max-video-preview":"max-video-preview:-1"},"canonical":"https:\/\/www.eliassen.nl\/de\/dekorativer-silberspiegel-flower-festival-94x176cm\/","og_locale":"de_DE","og_type":"article","og_title":"Sonstige Spiegel Barock stehend oder h\u00e4ngend Silber Flower Festival 94x176cm - Eliassen.nl","og_description":"Spiegel in silberner Farbe mit gro\u00dfen Blumenverzierungen und klassischem Aussehen. Dieser Spiegel ist aus Polystyrol gefertigt.","og_url":"https:\/\/www.eliassen.nl\/de\/dekorativer-silberspiegel-flower-festival-94x176cm\/","og_site_name":"Eliassen.nl","article_publisher":"https:\/\/www.facebook.com\/TuincentrumEliassenAmmerzoden","article_modified_time":"2026-01-08T11:12:24+00:00","og_image":[{"url":"https:\/\/www.eliassen.nl\/wp-content\/uploads\/2024\/01\/spiegelsierlijkzilverbloemenfestijn94x176cmel.png","width":768,"height":1024,"type":"image\/png"}],"twitter_card":"summary_large_image","schema":{"@context":"https:\/\/schema.org","@graph":[{"@type":"WebPage","@id":"https:\/\/www.eliassen.nl\/de\/dekorativer-silberspiegel-flower-festival-94x176cm\/","url":"https:\/\/www.eliassen.nl\/de\/dekorativer-silberspiegel-flower-festival-94x176cm\/","name":"Spiegel verziert Silber Blumenfest 94x176cm - Eliassen.nl","isPartOf":{"@id":"https:\/\/www.eliassen.nl\/de\/#website"},"primaryImageOfPage":{"@id":"https:\/\/www.eliassen.nl\/de\/dekorativer-silberspiegel-flower-festival-94x176cm\/#primaryimage"},"image":{"@id":"https:\/\/www.eliassen.nl\/de\/dekorativer-silberspiegel-flower-festival-94x176cm\/#primaryimage"},"thumbnailUrl":"https:\/\/www.eliassen.nl\/wp-content\/uploads\/2024\/01\/spiegelsierlijkzilverbloemenfestijn94x176cmel.png","datePublished":"2024-01-17T12:06:23+00:00","dateModified":"2026-01-08T11:12:24+00:00","description":"Spiegel in silberner Farbe mit gro\u00dfen Blumenverzierungen und klassischem Aussehen. Dieser Spiegel ist aus Polystyrol gefertigt.","breadcrumb":{"@id":"https:\/\/www.eliassen.nl\/de\/dekorativer-silberspiegel-flower-festival-94x176cm\/#breadcrumb"},"inLanguage":"de","potentialAction":[{"@type":"ReadAction","target":["https:\/\/www.eliassen.nl\/de\/dekorativer-silberspiegel-flower-festival-94x176cm\/"]}]},{"@type":"ImageObject","inLanguage":"de","@id":"https:\/\/www.eliassen.nl\/de\/dekorativer-silberspiegel-flower-festival-94x176cm\/#primaryimage","url":"https:\/\/www.eliassen.nl\/wp-content\/uploads\/2024\/01\/spiegelsierlijkzilverbloemenfestijn94x176cmel.png","contentUrl":"https:\/\/www.eliassen.nl\/wp-content\/uploads\/2024\/01\/spiegelsierlijkzilverbloemenfestijn94x176cmel.png","width":1500,"height":2000,"caption":"Spiegel verziert Silber Blumenfest 94x176cm eliassen.nl"},{"@type":"BreadcrumbList","@id":"https:\/\/www.eliassen.nl\/de\/dekorativer-silberspiegel-flower-festival-94x176cm\/#breadcrumb","itemListElement":[{"@type":"ListItem","position":1,"name":"Home","item":"https:\/\/www.eliassen.nl\/de\/"},{"@type":"ListItem","position":2,"name":"Shop","item":"https:\/\/www.eliassen.nl\/de\/shop\/"},{"@type":"ListItem","position":3,"name":"Wanddekoration","item":"https:\/\/www.eliassen.nl\/de\/wanddekoration\/"},{"@type":"ListItem","position":4,"name":"Barockspiegel","item":"https:\/\/www.eliassen.nl\/de\/wanddekoration\/barockspiegel\/"},{"@type":"ListItem","position":5,"name":"Spiegel Barock stehend oder h\u00e4ngend Silber Flower Festival 94x176cm"}]},{"@type":"WebSite","@id":"https:\/\/www.eliassen.nl\/de\/#website","url":"https:\/\/www.eliassen.nl\/de\/","name":"Eliassen Home & Garden Pleasure","description":"","publisher":{"@id":"https:\/\/www.eliassen.nl\/de\/#organization"},"alternateName":"Eliassen.nl","potentialAction":[{"@type":"SearchAction","target":{"@type":"EntryPoint","urlTemplate":"https:\/\/www.eliassen.nl\/de\/?s={search_term_string}"},"query-input":{"@type":"PropertyValueSpecification","valueRequired":true,"valueName":"search_term_string"}}],"inLanguage":"de"},{"@type":["Organization","Place"],"@id":"https:\/\/www.eliassen.nl\/de\/#organization","name":"Eliassen Home & Garden Pleasure","url":"https:\/\/www.eliassen.nl\/de\/","logo":{"@id":"https:\/\/www.eliassen.nl\/de\/dekorativer-silberspiegel-flower-festival-94x176cm\/#local-main-organization-logo"},"image":{"@id":"https:\/\/www.eliassen.nl\/de\/dekorativer-silberspiegel-flower-festival-94x176cm\/#local-main-organization-logo"},"sameAs":["https:\/\/www.facebook.com\/TuincentrumEliassenAmmerzoden","https:\/\/www.instagram.com\/eliassenhomeandgarden\/","https:\/\/nl.pinterest.com\/eliassenhomeandgarden\/","https:\/\/www.youtube.com\/@eliassenhomegardenpleasure4558"],"telephone":[],"openingHoursSpecification":[{"@type":"OpeningHoursSpecification","dayOfWeek":["Monday","Tuesday","Wednesday","Thursday","Friday","Saturday","Sunday"],"opens":"09:00","closes":"17:00"}]},{"@type":"ImageObject","inLanguage":"de","@id":"https:\/\/www.eliassen.nl\/de\/dekorativer-silberspiegel-flower-festival-94x176cm\/#local-main-organization-logo","url":"https:\/\/www.eliassen.nl\/wp-content\/uploads\/2024\/01\/logo_4nd.jpg","contentUrl":"https:\/\/www.eliassen.nl\/wp-content\/uploads\/2024\/01\/logo_4nd.jpg","width":500,"height":500,"caption":"Eliassen Home & Garden Pleasure"}]},"product_price_amount":"65.00","product_price_currency":"EUR","og_availability":"instock","product_availability":"instock","product_retailer_item_id":"Gn1115-s","product_condition":"new"},"df_price":65,"df_sale_price":65,"df_regular_price":89,"df_image_link":"https:\/\/www.eliassen.nl\/wp-content\/uploads\/2024\/01\/spiegelsierlijkzilverbloemenfestijn94x176cmel.png","image":"https:\/\/www.eliassen.nl\/wp-content\/uploads\/2024\/01\/spiegelsierlijkzilverbloemenfestijn94x176cmel.png","price_search":"<span class=\"woocommerce-Price-amount amount\"><bdi><span class=\"woocommerce-Price-currencySymbol\">&euro;<\/span>&nbsp;65,00<\/bdi><\/span>","category":"Barockspiegel","global_unique_id":"6096525791763","_links":{"self":[{"href":"https:\/\/www.eliassen.nl\/de\/wp-json\/wp\/v2\/product\/99046","targetHints":{"allow":["GET"]}}],"collection":[{"href":"https:\/\/www.eliassen.nl\/de\/wp-json\/wp\/v2\/product"}],"about":[{"href":"https:\/\/www.eliassen.nl\/de\/wp-json\/wp\/v2\/types\/product"}],"wp:featuredmedia":[{"embeddable":true,"href":"https:\/\/www.eliassen.nl\/de\/wp-json\/wp\/v2\/media\/99037"}],"wp:attachment":[{"href":"https:\/\/www.eliassen.nl\/de\/wp-json\/wp\/v2\/media?parent=99046"}],"wp:term":[{"taxonomy":"product_brand","embeddable":true,"href":"https:\/\/www.eliassen.nl\/de\/wp-json\/wp\/v2\/product_brand?post=99046"},{"taxonomy":"product_cat","embeddable":true,"href":"https:\/\/www.eliassen.nl\/de\/wp-json\/wp\/v2\/product_cat?post=99046"},{"taxonomy":"product_tag","embeddable":true,"href":"https:\/\/www.eliassen.nl\/de\/wp-json\/wp\/v2\/product_tag?post=99046"}],"curies":[{"name":"wp","href":"https:\/\/api.w.org\/{rel}","templated":true}]}}