{"id":99028,"date":"2024-01-17T11:26:16","date_gmt":"2024-01-17T11:26:16","guid":{"rendered":"https:\/\/www.eliassen.nl\/?product=copy-of-spiegel-staand-metaal-rond-zwart-boston-40"},"modified":"2025-11-27T13:30:59","modified_gmt":"2025-11-27T12:30:59","slug":"spiegel-zum-aufhangen-goldfarbene-spikes-78-x-109-cm","status":"publish","type":"product","link":"https:\/\/www.eliassen.nl\/de\/spiegel-zum-aufhangen-goldfarbene-spikes-78-x-109-cm\/","title":{"rendered":"Spiegel h\u00e4ngend gold Spikes 78x109cm"},"content":{"rendered":"<p>Wundersch\u00f6n gearbeiteter rechteckiger Spiegel in Gold mit Spikes. Der klassische Rahmen ist aus Holz gefertigt, was eine sch\u00f6ne Optik ergibt. Kurzum, ein hochwertiger Spiegel, der in jedem Haus oder Gesch\u00e4ft seinen Platz findet.<\/p>\n<p><strong>In unserem Shop k\u00f6nnen Sie auch fast alles aus dieser Serie live sehen und mitnehmen.<\/strong><\/p>\n<p><b>Auch tolle Sonderangebote, die nicht im Webshop zu finden sind.<\/b><\/p>\n<ul>\n<li>Gr\u00f6\u00dfe au\u00dfen: 78x109cm<\/li>\n<li>Innenma\u00dfe: 58x88cm<\/li>\n<li>Form: Rechteckig<\/li>\n<li>Farbe: Gold<\/li>\n<li>Material: Polystone\/Glas<\/li>\n<li><strong>Bitte beachten Sie, dass wir keine Spiegel zur\u00fccknehmen, es sei denn, Sie schicken sie selbst in der Originalverpackung zur\u00fcck.<\/strong><\/li>\n<\/ul>\n","protected":false},"excerpt":{"rendered":"<p>Hergestellt aus Polystone<\/p>\n","protected":false},"featured_media":99022,"template":"","meta":{"_acf_changed":false,"_genesis_title":"","_genesis_description":""},"product_brand":[7505],"product_cat":[509,7051],"product_tag":[],"class_list":{"0":"post-99028","1":"product","2":"type-product","3":"status-publish","4":"has-post-thumbnail","6":"product_brand-sonstige","7":"product_cat-wanddekoration","8":"product_cat-spiegel","10":"first","11":"instock","12":"sale","13":"taxable","14":"shipping-taxable","15":"purchasable","16":"product-type-simple"},"acf":[],"meta_all":{"total_sales":"0","wcml_sync_hash":{"postmeta_fields":"dc6488afe699f1ac275163bc463910fc"},"attr_label_translations":[]},"meta_all_flat":{"total_sales":"0","wcml_sync_hash.postmeta_fields":"dc6488afe699f1ac275163bc463910fc"},"yoast_head":"<!-- This site is optimized with the Yoast SEO Premium plugin v26.2 (Yoast SEO v27.2) - https:\/\/yoast.com\/product\/yoast-seo-premium-wordpress\/ -->\n<title>Spiegel stehend gold Spikes 78x109cm aus Polystone - Eliassen.nl<\/title>\n<meta name=\"description\" content=\"Spiegel in einem Polystone-Rahmen in Goldfarbe mit Spikes. Dieses Modell hat eine l\u00e4ngliche Form und ist zum Aufh\u00e4ngen gedacht.\" \/>\n<meta name=\"robots\" content=\"index, follow, max-snippet:-1, max-image-preview:large, max-video-preview:-1\" \/>\n<link rel=\"canonical\" href=\"https:\/\/www.eliassen.nl\/de\/spiegel-zum-aufhangen-goldfarbene-spikes-78-x-109-cm\/\" \/>\n<meta property=\"og:locale\" content=\"de_DE\" \/>\n<meta property=\"og:type\" content=\"article\" \/>\n<meta property=\"og:title\" content=\"Sonstige Spiegel h\u00e4ngend gold Spikes 78x109cm - Eliassen.nl\" \/>\n<meta property=\"og:description\" content=\"Spiegel in einem Polystone-Rahmen in Goldfarbe mit Spikes. Dieses Modell hat eine l\u00e4ngliche Form und ist zum Aufh\u00e4ngen gedacht.\" \/>\n<meta property=\"og:url\" content=\"https:\/\/www.eliassen.nl\/de\/spiegel-zum-aufhangen-goldfarbene-spikes-78-x-109-cm\/\" \/>\n<meta property=\"og:site_name\" content=\"Eliassen.nl\" \/>\n<meta property=\"article:publisher\" content=\"https:\/\/www.facebook.com\/TuincentrumEliassenAmmerzoden\" \/>\n<meta property=\"article:modified_time\" content=\"2025-11-27T12:30:59+00:00\" \/>\n<meta property=\"og:image\" content=\"https:\/\/www.eliassen.nl\/wp-content\/uploads\/2024\/01\/spiegelstaandgoudspikes78x109cmeliassennl.jpg\" \/>\n\t<meta property=\"og:image:width\" content=\"1530\" \/>\n\t<meta property=\"og:image:height\" content=\"2040\" \/>\n\t<meta property=\"og:image:type\" content=\"image\/jpeg\" \/>\n<meta name=\"twitter:card\" content=\"summary_large_image\" \/>\n<script type=\"application\/ld+json\" class=\"yoast-schema-graph\">{\"@context\":\"https:\/\/schema.org\",\"@graph\":[{\"@type\":\"WebPage\",\"@id\":\"https:\/\/www.eliassen.nl\/de\/spiegel-zum-aufhangen-goldfarbene-spikes-78-x-109-cm\/\",\"url\":\"https:\/\/www.eliassen.nl\/de\/spiegel-zum-aufhangen-goldfarbene-spikes-78-x-109-cm\/\",\"name\":\"Spiegel stehend gold Spikes 78x109cm aus Polystone - Eliassen.nl\",\"isPartOf\":{\"@id\":\"https:\/\/www.eliassen.nl\/de\/#website\"},\"primaryImageOfPage\":{\"@id\":\"https:\/\/www.eliassen.nl\/de\/spiegel-zum-aufhangen-goldfarbene-spikes-78-x-109-cm\/#primaryimage\"},\"image\":{\"@id\":\"https:\/\/www.eliassen.nl\/de\/spiegel-zum-aufhangen-goldfarbene-spikes-78-x-109-cm\/#primaryimage\"},\"thumbnailUrl\":\"https:\/\/www.eliassen.nl\/wp-content\/uploads\/2024\/01\/spiegelstaandgoudspikes78x109cmeliassennl.jpg\",\"datePublished\":\"2024-01-17T11:26:16+00:00\",\"dateModified\":\"2025-11-27T12:30:59+00:00\",\"description\":\"Spiegel in einem Polystone-Rahmen in Goldfarbe mit Spikes. Dieses Modell hat eine l\u00e4ngliche Form und ist zum Aufh\u00e4ngen gedacht.\",\"breadcrumb\":{\"@id\":\"https:\/\/www.eliassen.nl\/de\/spiegel-zum-aufhangen-goldfarbene-spikes-78-x-109-cm\/#breadcrumb\"},\"inLanguage\":\"de\",\"potentialAction\":[{\"@type\":\"ReadAction\",\"target\":[\"https:\/\/www.eliassen.nl\/de\/spiegel-zum-aufhangen-goldfarbene-spikes-78-x-109-cm\/\"]}]},{\"@type\":\"ImageObject\",\"inLanguage\":\"de\",\"@id\":\"https:\/\/www.eliassen.nl\/de\/spiegel-zum-aufhangen-goldfarbene-spikes-78-x-109-cm\/#primaryimage\",\"url\":\"https:\/\/www.eliassen.nl\/wp-content\/uploads\/2024\/01\/spiegelstaandgoudspikes78x109cmeliassennl.jpg\",\"contentUrl\":\"https:\/\/www.eliassen.nl\/wp-content\/uploads\/2024\/01\/spiegelstaandgoudspikes78x109cmeliassennl.jpg\",\"width\":1530,\"height\":2040,\"caption\":\"Spiegel stehend gold Spikes 78x109cm eliassen.nl\"},{\"@type\":\"BreadcrumbList\",\"@id\":\"https:\/\/www.eliassen.nl\/de\/spiegel-zum-aufhangen-goldfarbene-spikes-78-x-109-cm\/#breadcrumb\",\"itemListElement\":[{\"@type\":\"ListItem\",\"position\":1,\"name\":\"Home\",\"item\":\"https:\/\/www.eliassen.nl\/de\/\"},{\"@type\":\"ListItem\",\"position\":2,\"name\":\"Shop\",\"item\":\"https:\/\/www.eliassen.nl\/de\/shop\/\"},{\"@type\":\"ListItem\",\"position\":3,\"name\":\"Spiegel\",\"item\":\"https:\/\/www.eliassen.nl\/de\/spiegel\/\"},{\"@type\":\"ListItem\",\"position\":4,\"name\":\"Spiegel h\u00e4ngend gold Spikes 78x109cm\"}]},{\"@type\":\"WebSite\",\"@id\":\"https:\/\/www.eliassen.nl\/de\/#website\",\"url\":\"https:\/\/www.eliassen.nl\/de\/\",\"name\":\"Eliassen Home & Garden Pleasure\",\"description\":\"\",\"publisher\":{\"@id\":\"https:\/\/www.eliassen.nl\/de\/#organization\"},\"alternateName\":\"Eliassen.nl\",\"potentialAction\":[{\"@type\":\"SearchAction\",\"target\":{\"@type\":\"EntryPoint\",\"urlTemplate\":\"https:\/\/www.eliassen.nl\/de\/?s={search_term_string}\"},\"query-input\":{\"@type\":\"PropertyValueSpecification\",\"valueRequired\":true,\"valueName\":\"search_term_string\"}}],\"inLanguage\":\"de\"},{\"@type\":[\"Organization\",\"Place\"],\"@id\":\"https:\/\/www.eliassen.nl\/de\/#organization\",\"name\":\"Eliassen Home & Garden Pleasure\",\"url\":\"https:\/\/www.eliassen.nl\/de\/\",\"logo\":{\"@id\":\"https:\/\/www.eliassen.nl\/de\/spiegel-zum-aufhangen-goldfarbene-spikes-78-x-109-cm\/#local-main-organization-logo\"},\"image\":{\"@id\":\"https:\/\/www.eliassen.nl\/de\/spiegel-zum-aufhangen-goldfarbene-spikes-78-x-109-cm\/#local-main-organization-logo\"},\"sameAs\":[\"https:\/\/www.facebook.com\/TuincentrumEliassenAmmerzoden\",\"https:\/\/www.instagram.com\/eliassenhomeandgarden\/\",\"https:\/\/nl.pinterest.com\/eliassenhomeandgarden\/\",\"https:\/\/www.youtube.com\/@eliassenhomegardenpleasure4558\"],\"telephone\":[],\"openingHoursSpecification\":[{\"@type\":\"OpeningHoursSpecification\",\"dayOfWeek\":[\"Monday\",\"Tuesday\",\"Wednesday\",\"Thursday\",\"Friday\",\"Saturday\",\"Sunday\"],\"opens\":\"09:00\",\"closes\":\"17:00\"}]},{\"@type\":\"ImageObject\",\"inLanguage\":\"de\",\"@id\":\"https:\/\/www.eliassen.nl\/de\/spiegel-zum-aufhangen-goldfarbene-spikes-78-x-109-cm\/#local-main-organization-logo\",\"url\":\"https:\/\/www.eliassen.nl\/wp-content\/uploads\/2024\/01\/logo_4nd.jpg\",\"contentUrl\":\"https:\/\/www.eliassen.nl\/wp-content\/uploads\/2024\/01\/logo_4nd.jpg\",\"width\":500,\"height\":500,\"caption\":\"Eliassen Home & Garden Pleasure\"}]}<\/script>\n<meta property=\"product:price:amount\" content=\"90.00\" \/>\n<meta property=\"product:price:currency\" content=\"EUR\" \/>\n<meta property=\"og:availability\" content=\"instock\" \/>\n<meta property=\"product:availability\" content=\"instock\" \/>\n<meta property=\"product:retailer_item_id\" content=\"9027g\" \/>\n<meta property=\"product:condition\" content=\"new\" \/>\n<!-- \/ Yoast SEO Premium plugin. -->","yoast_head_json":{"title":"Spiegel stehend gold Spikes 78x109cm aus Polystone - Eliassen.nl","description":"Spiegel in einem Polystone-Rahmen in Goldfarbe mit Spikes. Dieses Modell hat eine l\u00e4ngliche Form und ist zum Aufh\u00e4ngen gedacht.","robots":{"index":"index","follow":"follow","max-snippet":"max-snippet:-1","max-image-preview":"max-image-preview:large","max-video-preview":"max-video-preview:-1"},"canonical":"https:\/\/www.eliassen.nl\/de\/spiegel-zum-aufhangen-goldfarbene-spikes-78-x-109-cm\/","og_locale":"de_DE","og_type":"article","og_title":"Sonstige Spiegel h\u00e4ngend gold Spikes 78x109cm - Eliassen.nl","og_description":"Spiegel in einem Polystone-Rahmen in Goldfarbe mit Spikes. Dieses Modell hat eine l\u00e4ngliche Form und ist zum Aufh\u00e4ngen gedacht.","og_url":"https:\/\/www.eliassen.nl\/de\/spiegel-zum-aufhangen-goldfarbene-spikes-78-x-109-cm\/","og_site_name":"Eliassen.nl","article_publisher":"https:\/\/www.facebook.com\/TuincentrumEliassenAmmerzoden","article_modified_time":"2025-11-27T12:30:59+00:00","og_image":[{"width":1530,"height":2040,"url":"https:\/\/www.eliassen.nl\/wp-content\/uploads\/2024\/01\/spiegelstaandgoudspikes78x109cmeliassennl.jpg","type":"image\/jpeg"}],"twitter_card":"summary_large_image","schema":{"@context":"https:\/\/schema.org","@graph":[{"@type":"WebPage","@id":"https:\/\/www.eliassen.nl\/de\/spiegel-zum-aufhangen-goldfarbene-spikes-78-x-109-cm\/","url":"https:\/\/www.eliassen.nl\/de\/spiegel-zum-aufhangen-goldfarbene-spikes-78-x-109-cm\/","name":"Spiegel stehend gold Spikes 78x109cm aus Polystone - Eliassen.nl","isPartOf":{"@id":"https:\/\/www.eliassen.nl\/de\/#website"},"primaryImageOfPage":{"@id":"https:\/\/www.eliassen.nl\/de\/spiegel-zum-aufhangen-goldfarbene-spikes-78-x-109-cm\/#primaryimage"},"image":{"@id":"https:\/\/www.eliassen.nl\/de\/spiegel-zum-aufhangen-goldfarbene-spikes-78-x-109-cm\/#primaryimage"},"thumbnailUrl":"https:\/\/www.eliassen.nl\/wp-content\/uploads\/2024\/01\/spiegelstaandgoudspikes78x109cmeliassennl.jpg","datePublished":"2024-01-17T11:26:16+00:00","dateModified":"2025-11-27T12:30:59+00:00","description":"Spiegel in einem Polystone-Rahmen in Goldfarbe mit Spikes. Dieses Modell hat eine l\u00e4ngliche Form und ist zum Aufh\u00e4ngen gedacht.","breadcrumb":{"@id":"https:\/\/www.eliassen.nl\/de\/spiegel-zum-aufhangen-goldfarbene-spikes-78-x-109-cm\/#breadcrumb"},"inLanguage":"de","potentialAction":[{"@type":"ReadAction","target":["https:\/\/www.eliassen.nl\/de\/spiegel-zum-aufhangen-goldfarbene-spikes-78-x-109-cm\/"]}]},{"@type":"ImageObject","inLanguage":"de","@id":"https:\/\/www.eliassen.nl\/de\/spiegel-zum-aufhangen-goldfarbene-spikes-78-x-109-cm\/#primaryimage","url":"https:\/\/www.eliassen.nl\/wp-content\/uploads\/2024\/01\/spiegelstaandgoudspikes78x109cmeliassennl.jpg","contentUrl":"https:\/\/www.eliassen.nl\/wp-content\/uploads\/2024\/01\/spiegelstaandgoudspikes78x109cmeliassennl.jpg","width":1530,"height":2040,"caption":"Spiegel stehend gold Spikes 78x109cm eliassen.nl"},{"@type":"BreadcrumbList","@id":"https:\/\/www.eliassen.nl\/de\/spiegel-zum-aufhangen-goldfarbene-spikes-78-x-109-cm\/#breadcrumb","itemListElement":[{"@type":"ListItem","position":1,"name":"Home","item":"https:\/\/www.eliassen.nl\/de\/"},{"@type":"ListItem","position":2,"name":"Shop","item":"https:\/\/www.eliassen.nl\/de\/shop\/"},{"@type":"ListItem","position":3,"name":"Spiegel","item":"https:\/\/www.eliassen.nl\/de\/spiegel\/"},{"@type":"ListItem","position":4,"name":"Spiegel h\u00e4ngend gold Spikes 78x109cm"}]},{"@type":"WebSite","@id":"https:\/\/www.eliassen.nl\/de\/#website","url":"https:\/\/www.eliassen.nl\/de\/","name":"Eliassen Home & Garden Pleasure","description":"","publisher":{"@id":"https:\/\/www.eliassen.nl\/de\/#organization"},"alternateName":"Eliassen.nl","potentialAction":[{"@type":"SearchAction","target":{"@type":"EntryPoint","urlTemplate":"https:\/\/www.eliassen.nl\/de\/?s={search_term_string}"},"query-input":{"@type":"PropertyValueSpecification","valueRequired":true,"valueName":"search_term_string"}}],"inLanguage":"de"},{"@type":["Organization","Place"],"@id":"https:\/\/www.eliassen.nl\/de\/#organization","name":"Eliassen Home & Garden Pleasure","url":"https:\/\/www.eliassen.nl\/de\/","logo":{"@id":"https:\/\/www.eliassen.nl\/de\/spiegel-zum-aufhangen-goldfarbene-spikes-78-x-109-cm\/#local-main-organization-logo"},"image":{"@id":"https:\/\/www.eliassen.nl\/de\/spiegel-zum-aufhangen-goldfarbene-spikes-78-x-109-cm\/#local-main-organization-logo"},"sameAs":["https:\/\/www.facebook.com\/TuincentrumEliassenAmmerzoden","https:\/\/www.instagram.com\/eliassenhomeandgarden\/","https:\/\/nl.pinterest.com\/eliassenhomeandgarden\/","https:\/\/www.youtube.com\/@eliassenhomegardenpleasure4558"],"telephone":[],"openingHoursSpecification":[{"@type":"OpeningHoursSpecification","dayOfWeek":["Monday","Tuesday","Wednesday","Thursday","Friday","Saturday","Sunday"],"opens":"09:00","closes":"17:00"}]},{"@type":"ImageObject","inLanguage":"de","@id":"https:\/\/www.eliassen.nl\/de\/spiegel-zum-aufhangen-goldfarbene-spikes-78-x-109-cm\/#local-main-organization-logo","url":"https:\/\/www.eliassen.nl\/wp-content\/uploads\/2024\/01\/logo_4nd.jpg","contentUrl":"https:\/\/www.eliassen.nl\/wp-content\/uploads\/2024\/01\/logo_4nd.jpg","width":500,"height":500,"caption":"Eliassen Home & Garden Pleasure"}]},"product_price_amount":"90.00","product_price_currency":"EUR","og_availability":"instock","product_availability":"instock","product_retailer_item_id":"9027g","product_condition":"new"},"df_price":90,"df_sale_price":90,"df_regular_price":119,"df_image_link":"https:\/\/www.eliassen.nl\/wp-content\/uploads\/2024\/01\/spiegelstaandgoudspikes78x109cmeliassennl.jpg","image":"https:\/\/www.eliassen.nl\/wp-content\/uploads\/2024\/01\/spiegelstaandgoudspikes78x109cmeliassennl.jpg","price_search":"<span class=\"woocommerce-Price-amount amount\"><bdi><span class=\"woocommerce-Price-currencySymbol\">&euro;<\/span>&nbsp;90,00<\/bdi><\/span>","category":"Wanddekoration","global_unique_id":"6096518520530","_links":{"self":[{"href":"https:\/\/www.eliassen.nl\/de\/wp-json\/wp\/v2\/product\/99028","targetHints":{"allow":["GET"]}}],"collection":[{"href":"https:\/\/www.eliassen.nl\/de\/wp-json\/wp\/v2\/product"}],"about":[{"href":"https:\/\/www.eliassen.nl\/de\/wp-json\/wp\/v2\/types\/product"}],"wp:featuredmedia":[{"embeddable":true,"href":"https:\/\/www.eliassen.nl\/de\/wp-json\/wp\/v2\/media\/99022"}],"wp:attachment":[{"href":"https:\/\/www.eliassen.nl\/de\/wp-json\/wp\/v2\/media?parent=99028"}],"wp:term":[{"taxonomy":"product_brand","embeddable":true,"href":"https:\/\/www.eliassen.nl\/de\/wp-json\/wp\/v2\/product_brand?post=99028"},{"taxonomy":"product_cat","embeddable":true,"href":"https:\/\/www.eliassen.nl\/de\/wp-json\/wp\/v2\/product_cat?post=99028"},{"taxonomy":"product_tag","embeddable":true,"href":"https:\/\/www.eliassen.nl\/de\/wp-json\/wp\/v2\/product_tag?post=99028"}],"curies":[{"name":"wp","href":"https:\/\/api.w.org\/{rel}","templated":true}]}}