{"id":99019,"date":"2024-01-17T10:42:07","date_gmt":"2024-01-17T10:42:07","guid":{"rendered":"https:\/\/www.eliassen.nl\/?product=copy-of-spiegel-staand-rechthoekig-zilver-parijs-4"},"modified":"2025-11-27T13:30:58","modified_gmt":"2025-11-27T12:30:58","slug":"standspiegel-aus-metall-rund-schwarz-boston-40x180cm","status":"publish","type":"product","link":"https:\/\/www.eliassen.nl\/de\/standspiegel-aus-metall-rund-schwarz-boston-40x180cm\/","title":{"rendered":"Spiegel mit Ablage Bad oder Schlafzimmer schwarz Boston 40x180cm"},"content":{"rendered":"<p>Sch\u00f6n gearbeiteter moderner Standspiegel in schwarzer Farbe. Der moderne Rahmen ist aus Metall gefertigt, was ihm einen sch\u00f6nen modernen Look verleiht. Ein idealer Spiegel f\u00fcr das Badezimmer oder das Schlafzimmer, den Sie nach Belieben an die Wand h\u00e4ngen k\u00f6nnen. Sie k\u00f6nnen auch Kleidung oder Handt\u00fccher in 2 H\u00f6hen daran aufh\u00e4ngen. Kurzum, ein hochwertiger Spiegel, der in jedem Haus oder Gesch\u00e4ft seinen Platz findet.<\/p>\n<p><strong>In unserem Shop k\u00f6nnen Sie auch fast alles aus dieser Serie live sehen und mitnehmen.<\/strong><\/p>\n<p><strong>Auch sch\u00f6ne Aktionen, die nicht im Webshop zu finden sind.<\/strong><\/p>\n<ul>\n<li>Au\u00dfenma\u00df: 40x180cm<\/li>\n<li>Gr\u00f6\u00dfe des Spiegels: 36x64cm<\/li>\n<li>Form: Rund<\/li>\n<li>Farbe: Schwarz<\/li>\n<li>Material: Metall\/Glas<\/li>\n<li><strong>Bitte beachten Sie, dass wir keine Spiegel zur\u00fccknehmen, es sei denn, Sie schicken sie selbst in der Originalverpackung zur\u00fcck.<\/strong><\/li>\n<\/ul>\n","protected":false},"excerpt":{"rendered":"<p>Badezimmerspiegel oder Schlafzimmer<br \/>\nGr\u00f6\u00dfe des Spiegels: 36x64cm<\/p>\n","protected":false},"featured_media":99004,"template":"","meta":{"_acf_changed":false,"_genesis_title":"","_genesis_description":""},"product_brand":[7505],"product_cat":[1463,509,7054,7051,7064],"product_tag":[],"class_list":{"0":"post-99019","1":"product","2":"type-product","3":"status-publish","4":"has-post-thumbnail","6":"product_brand-sonstige","7":"product_cat-industriespiegel","8":"product_cat-wanddekoration","9":"product_cat-moderne-spiegel","10":"product_cat-spiegel","11":"product_cat-werbeartikel","13":"first","14":"instock","15":"sale","16":"taxable","17":"shipping-taxable","18":"purchasable","19":"product-type-simple"},"acf":[],"meta_all":{"total_sales":"0","wcml_sync_hash":{"postmeta_fields":"772cad8722547cca8af7be0a8844a5bf"},"attr_label_translations":[]},"meta_all_flat":{"total_sales":"0","wcml_sync_hash.postmeta_fields":"772cad8722547cca8af7be0a8844a5bf"},"yoast_head":"<!-- This site is optimized with the Yoast SEO Premium plugin v26.2 (Yoast SEO v27.2) - https:\/\/yoast.com\/product\/yoast-seo-premium-wordpress\/ -->\n<title>Spiegel stehend Metall rund schwarz Boston 40x180cm - Eliassen.nl<\/title>\n<meta name=\"description\" content=\"Sind Sie auf der Suche nach einem erschwinglichen Spiegel, d.h. einem Standmodell aus Metall in schwarzer Farbe mit einem runden Spiegel im Inneren? Finden Sie es hier!\" \/>\n<meta name=\"robots\" content=\"index, follow, max-snippet:-1, max-image-preview:large, max-video-preview:-1\" \/>\n<link rel=\"canonical\" href=\"https:\/\/www.eliassen.nl\/de\/standspiegel-aus-metall-rund-schwarz-boston-40x180cm\/\" \/>\n<meta property=\"og:locale\" content=\"de_DE\" \/>\n<meta property=\"og:type\" content=\"article\" \/>\n<meta property=\"og:title\" content=\"Sonstige Spiegel mit Ablage Bad oder Schlafzimmer schwarz Boston 40x180cm - Eliassen.nl\" \/>\n<meta property=\"og:description\" content=\"Sind Sie auf der Suche nach einem erschwinglichen Spiegel, d.h. einem Standmodell aus Metall in schwarzer Farbe mit einem runden Spiegel im Inneren? Finden Sie es hier!\" \/>\n<meta property=\"og:url\" content=\"https:\/\/www.eliassen.nl\/de\/standspiegel-aus-metall-rund-schwarz-boston-40x180cm\/\" \/>\n<meta property=\"og:site_name\" content=\"Eliassen.nl\" \/>\n<meta property=\"article:publisher\" content=\"https:\/\/www.facebook.com\/TuincentrumEliassenAmmerzoden\" \/>\n<meta property=\"article:modified_time\" content=\"2025-11-27T12:30:58+00:00\" \/>\n<meta property=\"og:image\" content=\"https:\/\/www.eliassen.nl\/wp-content\/uploads\/2024\/01\/spiegelstaandmetaalrondzwartboston40x180cme.jpg\" \/>\n\t<meta property=\"og:image:width\" content=\"236\" \/>\n\t<meta property=\"og:image:height\" content=\"701\" \/>\n\t<meta property=\"og:image:type\" content=\"image\/jpeg\" \/>\n<meta name=\"twitter:card\" content=\"summary_large_image\" \/>\n<script type=\"application\/ld+json\" class=\"yoast-schema-graph\">{\"@context\":\"https:\/\/schema.org\",\"@graph\":[{\"@type\":\"WebPage\",\"@id\":\"https:\/\/www.eliassen.nl\/de\/standspiegel-aus-metall-rund-schwarz-boston-40x180cm\/\",\"url\":\"https:\/\/www.eliassen.nl\/de\/standspiegel-aus-metall-rund-schwarz-boston-40x180cm\/\",\"name\":\"Spiegel stehend Metall rund schwarz Boston 40x180cm - Eliassen.nl\",\"isPartOf\":{\"@id\":\"https:\/\/www.eliassen.nl\/de\/#website\"},\"primaryImageOfPage\":{\"@id\":\"https:\/\/www.eliassen.nl\/de\/standspiegel-aus-metall-rund-schwarz-boston-40x180cm\/#primaryimage\"},\"image\":{\"@id\":\"https:\/\/www.eliassen.nl\/de\/standspiegel-aus-metall-rund-schwarz-boston-40x180cm\/#primaryimage\"},\"thumbnailUrl\":\"https:\/\/www.eliassen.nl\/wp-content\/uploads\/2024\/01\/spiegelstaandmetaalrondzwartboston40x180cme.jpg\",\"datePublished\":\"2024-01-17T10:42:07+00:00\",\"dateModified\":\"2025-11-27T12:30:58+00:00\",\"description\":\"Sind Sie auf der Suche nach einem erschwinglichen Spiegel, d.h. einem Standmodell aus Metall in schwarzer Farbe mit einem runden Spiegel im Inneren? Finden Sie es hier!\",\"breadcrumb\":{\"@id\":\"https:\/\/www.eliassen.nl\/de\/standspiegel-aus-metall-rund-schwarz-boston-40x180cm\/#breadcrumb\"},\"inLanguage\":\"de\",\"potentialAction\":[{\"@type\":\"ReadAction\",\"target\":[\"https:\/\/www.eliassen.nl\/de\/standspiegel-aus-metall-rund-schwarz-boston-40x180cm\/\"]}]},{\"@type\":\"ImageObject\",\"inLanguage\":\"de\",\"@id\":\"https:\/\/www.eliassen.nl\/de\/standspiegel-aus-metall-rund-schwarz-boston-40x180cm\/#primaryimage\",\"url\":\"https:\/\/www.eliassen.nl\/wp-content\/uploads\/2024\/01\/spiegelstaandmetaalrondzwartboston40x180cme.jpg\",\"contentUrl\":\"https:\/\/www.eliassen.nl\/wp-content\/uploads\/2024\/01\/spiegelstaandmetaalrondzwartboston40x180cme.jpg\",\"width\":236,\"height\":701,\"caption\":\"Spiegel stehend Metall rund schwarz Boston 40x180cm eliassen.nl\"},{\"@type\":\"BreadcrumbList\",\"@id\":\"https:\/\/www.eliassen.nl\/de\/standspiegel-aus-metall-rund-schwarz-boston-40x180cm\/#breadcrumb\",\"itemListElement\":[{\"@type\":\"ListItem\",\"position\":1,\"name\":\"Home\",\"item\":\"https:\/\/www.eliassen.nl\/de\/\"},{\"@type\":\"ListItem\",\"position\":2,\"name\":\"Shop\",\"item\":\"https:\/\/www.eliassen.nl\/de\/shop\/\"},{\"@type\":\"ListItem\",\"position\":3,\"name\":\"Wanddekoration\",\"item\":\"https:\/\/www.eliassen.nl\/de\/wanddekoration\/\"},{\"@type\":\"ListItem\",\"position\":4,\"name\":\"Spiegel mit Ablage Bad oder Schlafzimmer schwarz Boston 40x180cm\"}]},{\"@type\":\"WebSite\",\"@id\":\"https:\/\/www.eliassen.nl\/de\/#website\",\"url\":\"https:\/\/www.eliassen.nl\/de\/\",\"name\":\"Eliassen Home & Garden Pleasure\",\"description\":\"\",\"publisher\":{\"@id\":\"https:\/\/www.eliassen.nl\/de\/#organization\"},\"alternateName\":\"Eliassen.nl\",\"potentialAction\":[{\"@type\":\"SearchAction\",\"target\":{\"@type\":\"EntryPoint\",\"urlTemplate\":\"https:\/\/www.eliassen.nl\/de\/?s={search_term_string}\"},\"query-input\":{\"@type\":\"PropertyValueSpecification\",\"valueRequired\":true,\"valueName\":\"search_term_string\"}}],\"inLanguage\":\"de\"},{\"@type\":[\"Organization\",\"Place\"],\"@id\":\"https:\/\/www.eliassen.nl\/de\/#organization\",\"name\":\"Eliassen Home & Garden Pleasure\",\"url\":\"https:\/\/www.eliassen.nl\/de\/\",\"logo\":{\"@id\":\"https:\/\/www.eliassen.nl\/de\/standspiegel-aus-metall-rund-schwarz-boston-40x180cm\/#local-main-organization-logo\"},\"image\":{\"@id\":\"https:\/\/www.eliassen.nl\/de\/standspiegel-aus-metall-rund-schwarz-boston-40x180cm\/#local-main-organization-logo\"},\"sameAs\":[\"https:\/\/www.facebook.com\/TuincentrumEliassenAmmerzoden\",\"https:\/\/www.instagram.com\/eliassenhomeandgarden\/\",\"https:\/\/nl.pinterest.com\/eliassenhomeandgarden\/\",\"https:\/\/www.youtube.com\/@eliassenhomegardenpleasure4558\"],\"telephone\":[],\"openingHoursSpecification\":[{\"@type\":\"OpeningHoursSpecification\",\"dayOfWeek\":[\"Monday\",\"Tuesday\",\"Wednesday\",\"Thursday\",\"Friday\",\"Saturday\",\"Sunday\"],\"opens\":\"09:00\",\"closes\":\"17:00\"}]},{\"@type\":\"ImageObject\",\"inLanguage\":\"de\",\"@id\":\"https:\/\/www.eliassen.nl\/de\/standspiegel-aus-metall-rund-schwarz-boston-40x180cm\/#local-main-organization-logo\",\"url\":\"https:\/\/www.eliassen.nl\/wp-content\/uploads\/2024\/01\/logo_4nd.jpg\",\"contentUrl\":\"https:\/\/www.eliassen.nl\/wp-content\/uploads\/2024\/01\/logo_4nd.jpg\",\"width\":500,\"height\":500,\"caption\":\"Eliassen Home & Garden Pleasure\"}]}<\/script>\n<meta property=\"product:price:amount\" content=\"22.50\" \/>\n<meta property=\"product:price:currency\" content=\"EUR\" \/>\n<meta property=\"og:availability\" content=\"instock\" \/>\n<meta property=\"product:availability\" content=\"instock\" \/>\n<meta property=\"product:retailer_item_id\" content=\"Boston\" \/>\n<meta property=\"product:condition\" content=\"new\" \/>\n<!-- \/ Yoast SEO Premium plugin. -->","yoast_head_json":{"title":"Spiegel stehend Metall rund schwarz Boston 40x180cm - Eliassen.nl","description":"Sind Sie auf der Suche nach einem erschwinglichen Spiegel, d.h. einem Standmodell aus Metall in schwarzer Farbe mit einem runden Spiegel im Inneren? Finden Sie es hier!","robots":{"index":"index","follow":"follow","max-snippet":"max-snippet:-1","max-image-preview":"max-image-preview:large","max-video-preview":"max-video-preview:-1"},"canonical":"https:\/\/www.eliassen.nl\/de\/standspiegel-aus-metall-rund-schwarz-boston-40x180cm\/","og_locale":"de_DE","og_type":"article","og_title":"Sonstige Spiegel mit Ablage Bad oder Schlafzimmer schwarz Boston 40x180cm - Eliassen.nl","og_description":"Sind Sie auf der Suche nach einem erschwinglichen Spiegel, d.h. einem Standmodell aus Metall in schwarzer Farbe mit einem runden Spiegel im Inneren? Finden Sie es hier!","og_url":"https:\/\/www.eliassen.nl\/de\/standspiegel-aus-metall-rund-schwarz-boston-40x180cm\/","og_site_name":"Eliassen.nl","article_publisher":"https:\/\/www.facebook.com\/TuincentrumEliassenAmmerzoden","article_modified_time":"2025-11-27T12:30:58+00:00","og_image":[{"width":236,"height":701,"url":"https:\/\/www.eliassen.nl\/wp-content\/uploads\/2024\/01\/spiegelstaandmetaalrondzwartboston40x180cme.jpg","type":"image\/jpeg"}],"twitter_card":"summary_large_image","schema":{"@context":"https:\/\/schema.org","@graph":[{"@type":"WebPage","@id":"https:\/\/www.eliassen.nl\/de\/standspiegel-aus-metall-rund-schwarz-boston-40x180cm\/","url":"https:\/\/www.eliassen.nl\/de\/standspiegel-aus-metall-rund-schwarz-boston-40x180cm\/","name":"Spiegel stehend Metall rund schwarz Boston 40x180cm - Eliassen.nl","isPartOf":{"@id":"https:\/\/www.eliassen.nl\/de\/#website"},"primaryImageOfPage":{"@id":"https:\/\/www.eliassen.nl\/de\/standspiegel-aus-metall-rund-schwarz-boston-40x180cm\/#primaryimage"},"image":{"@id":"https:\/\/www.eliassen.nl\/de\/standspiegel-aus-metall-rund-schwarz-boston-40x180cm\/#primaryimage"},"thumbnailUrl":"https:\/\/www.eliassen.nl\/wp-content\/uploads\/2024\/01\/spiegelstaandmetaalrondzwartboston40x180cme.jpg","datePublished":"2024-01-17T10:42:07+00:00","dateModified":"2025-11-27T12:30:58+00:00","description":"Sind Sie auf der Suche nach einem erschwinglichen Spiegel, d.h. einem Standmodell aus Metall in schwarzer Farbe mit einem runden Spiegel im Inneren? Finden Sie es hier!","breadcrumb":{"@id":"https:\/\/www.eliassen.nl\/de\/standspiegel-aus-metall-rund-schwarz-boston-40x180cm\/#breadcrumb"},"inLanguage":"de","potentialAction":[{"@type":"ReadAction","target":["https:\/\/www.eliassen.nl\/de\/standspiegel-aus-metall-rund-schwarz-boston-40x180cm\/"]}]},{"@type":"ImageObject","inLanguage":"de","@id":"https:\/\/www.eliassen.nl\/de\/standspiegel-aus-metall-rund-schwarz-boston-40x180cm\/#primaryimage","url":"https:\/\/www.eliassen.nl\/wp-content\/uploads\/2024\/01\/spiegelstaandmetaalrondzwartboston40x180cme.jpg","contentUrl":"https:\/\/www.eliassen.nl\/wp-content\/uploads\/2024\/01\/spiegelstaandmetaalrondzwartboston40x180cme.jpg","width":236,"height":701,"caption":"Spiegel stehend Metall rund schwarz Boston 40x180cm eliassen.nl"},{"@type":"BreadcrumbList","@id":"https:\/\/www.eliassen.nl\/de\/standspiegel-aus-metall-rund-schwarz-boston-40x180cm\/#breadcrumb","itemListElement":[{"@type":"ListItem","position":1,"name":"Home","item":"https:\/\/www.eliassen.nl\/de\/"},{"@type":"ListItem","position":2,"name":"Shop","item":"https:\/\/www.eliassen.nl\/de\/shop\/"},{"@type":"ListItem","position":3,"name":"Wanddekoration","item":"https:\/\/www.eliassen.nl\/de\/wanddekoration\/"},{"@type":"ListItem","position":4,"name":"Spiegel mit Ablage Bad oder Schlafzimmer schwarz Boston 40x180cm"}]},{"@type":"WebSite","@id":"https:\/\/www.eliassen.nl\/de\/#website","url":"https:\/\/www.eliassen.nl\/de\/","name":"Eliassen Home & Garden Pleasure","description":"","publisher":{"@id":"https:\/\/www.eliassen.nl\/de\/#organization"},"alternateName":"Eliassen.nl","potentialAction":[{"@type":"SearchAction","target":{"@type":"EntryPoint","urlTemplate":"https:\/\/www.eliassen.nl\/de\/?s={search_term_string}"},"query-input":{"@type":"PropertyValueSpecification","valueRequired":true,"valueName":"search_term_string"}}],"inLanguage":"de"},{"@type":["Organization","Place"],"@id":"https:\/\/www.eliassen.nl\/de\/#organization","name":"Eliassen Home & Garden Pleasure","url":"https:\/\/www.eliassen.nl\/de\/","logo":{"@id":"https:\/\/www.eliassen.nl\/de\/standspiegel-aus-metall-rund-schwarz-boston-40x180cm\/#local-main-organization-logo"},"image":{"@id":"https:\/\/www.eliassen.nl\/de\/standspiegel-aus-metall-rund-schwarz-boston-40x180cm\/#local-main-organization-logo"},"sameAs":["https:\/\/www.facebook.com\/TuincentrumEliassenAmmerzoden","https:\/\/www.instagram.com\/eliassenhomeandgarden\/","https:\/\/nl.pinterest.com\/eliassenhomeandgarden\/","https:\/\/www.youtube.com\/@eliassenhomegardenpleasure4558"],"telephone":[],"openingHoursSpecification":[{"@type":"OpeningHoursSpecification","dayOfWeek":["Monday","Tuesday","Wednesday","Thursday","Friday","Saturday","Sunday"],"opens":"09:00","closes":"17:00"}]},{"@type":"ImageObject","inLanguage":"de","@id":"https:\/\/www.eliassen.nl\/de\/standspiegel-aus-metall-rund-schwarz-boston-40x180cm\/#local-main-organization-logo","url":"https:\/\/www.eliassen.nl\/wp-content\/uploads\/2024\/01\/logo_4nd.jpg","contentUrl":"https:\/\/www.eliassen.nl\/wp-content\/uploads\/2024\/01\/logo_4nd.jpg","width":500,"height":500,"caption":"Eliassen Home & Garden Pleasure"}]},"product_price_amount":"22.50","product_price_currency":"EUR","og_availability":"instock","product_availability":"instock","product_retailer_item_id":"Boston","product_condition":"new"},"df_price":22.5,"df_sale_price":22.5,"df_regular_price":39.5,"df_image_link":"https:\/\/www.eliassen.nl\/wp-content\/uploads\/2024\/01\/spiegelstaandmetaalrondzwartboston40x180cme.jpg","image":"https:\/\/www.eliassen.nl\/wp-content\/uploads\/2024\/01\/spiegelstaandmetaalrondzwartboston40x180cme.jpg","price_search":"<span class=\"woocommerce-Price-amount amount\"><bdi><span class=\"woocommerce-Price-currencySymbol\">&euro;<\/span>&nbsp;22,50<\/bdi><\/span>","category":"Industriespiegel","global_unique_id":"6096515081034","_links":{"self":[{"href":"https:\/\/www.eliassen.nl\/de\/wp-json\/wp\/v2\/product\/99019","targetHints":{"allow":["GET"]}}],"collection":[{"href":"https:\/\/www.eliassen.nl\/de\/wp-json\/wp\/v2\/product"}],"about":[{"href":"https:\/\/www.eliassen.nl\/de\/wp-json\/wp\/v2\/types\/product"}],"wp:featuredmedia":[{"embeddable":true,"href":"https:\/\/www.eliassen.nl\/de\/wp-json\/wp\/v2\/media\/99004"}],"wp:attachment":[{"href":"https:\/\/www.eliassen.nl\/de\/wp-json\/wp\/v2\/media?parent=99019"}],"wp:term":[{"taxonomy":"product_brand","embeddable":true,"href":"https:\/\/www.eliassen.nl\/de\/wp-json\/wp\/v2\/product_brand?post=99019"},{"taxonomy":"product_cat","embeddable":true,"href":"https:\/\/www.eliassen.nl\/de\/wp-json\/wp\/v2\/product_cat?post=99019"},{"taxonomy":"product_tag","embeddable":true,"href":"https:\/\/www.eliassen.nl\/de\/wp-json\/wp\/v2\/product_tag?post=99019"}],"curies":[{"name":"wp","href":"https:\/\/api.w.org\/{rel}","templated":true}]}}