{"id":99001,"date":"2024-01-17T10:33:46","date_gmt":"2024-01-17T09:33:46","guid":{"rendered":"https:\/\/www.eliassen.nl\/?product=copy-of-spiegel-rond-metaal-goud-lazer-75x75cm"},"modified":"2024-12-05T16:43:21","modified_gmt":"2024-12-05T15:43:21","slug":"standspiegel-rechteckig-silber-paris-40x160cm","status":"publish","type":"product","link":"https:\/\/www.eliassen.nl\/de\/standspiegel-rechteckig-silber-paris-40x160cm\/","title":{"rendered":"Standspiegel rechteckig silber Paris 40x160cm"},"content":{"rendered":"<p>Sch\u00f6ner, raffinierter, klassischer l\u00e4nglicher Spiegel in der Farbe Silber\/Grau. Der klassische Rahmen besteht aus Polystone, das mit Punkten eine sch\u00f6ne Optik hat. Kurz gesagt, ein hochwertiger Spiegel, der in jedem Zuhause oder Gesch\u00e4ft seinen Platz findet.<\/p>\n<p><strong>In unserem Shop k\u00f6nnen Sie fast alles aus dieser Serie auch live sehen und mitnehmen.<\/strong><\/p>\n<p><strong>Auch sch\u00f6ne Aktionen, die es nicht im Webshop gibt.<\/strong><\/p>\n<ul>\n<li>Au\u00dfengr\u00f6\u00dfe: 40x160cm<\/li>\n<li>Innenma\u00dfe: 27x147cm<\/li>\n<li>Form: L\u00e4nglich<\/li>\n<li>Farbe: Silber<\/li>\n<li>Material: Polystone\/Glas<\/li>\n<li><strong>Bitte beachten Sie, dass wir Spiegel nur dann zur\u00fccknehmen, wenn Sie sie in der Originalverpackung zur\u00fccksenden.<\/strong><\/li>\n<\/ul>\n","protected":false},"excerpt":{"rendered":"<p>Rahmen aus Polystone<\/p>\n","protected":false},"featured_media":98992,"template":"","meta":{"_acf_changed":false,"_genesis_title":"","_genesis_description":""},"product_brand":[],"product_cat":[509,7051,7064],"product_tag":[],"class_list":{"0":"post-99001","1":"product","2":"type-product","3":"status-publish","4":"has-post-thumbnail","6":"product_cat-wanddekoration","7":"product_cat-spiegel","8":"product_cat-werbeartikel","10":"first","11":"instock","12":"sale","13":"taxable","14":"shipping-taxable","15":"purchasable","16":"product-type-simple"},"acf":[],"meta_all":{"total_sales":"2","wcml_sync_hash":{"postmeta_fields":"9c7013c7b634e7cf9a8ac7c9ef5b17c8"},"attr_label_translations":[]},"meta_all_flat":{"total_sales":"2","wcml_sync_hash.postmeta_fields":"9c7013c7b634e7cf9a8ac7c9ef5b17c8"},"yoast_head":"<!-- This site is optimized with the Yoast SEO Premium plugin v26.2 (Yoast SEO v27.2) - https:\/\/yoast.com\/product\/yoast-seo-premium-wordpress\/ -->\n<title>Standspiegel rechteckig silber Paris 40x160cm - Eliassen.nl<\/title>\n<meta name=\"description\" content=\"Dieser klassische Spiegel im Standmodell hat eine l\u00e4ngliche Form und ist silberfarben. Der Rahmen ist mit dezenten Punkten als Verzierung versehen.\" \/>\n<meta name=\"robots\" content=\"index, follow, max-snippet:-1, max-image-preview:large, max-video-preview:-1\" \/>\n<link rel=\"canonical\" href=\"https:\/\/www.eliassen.nl\/de\/standspiegel-rechteckig-silber-paris-40x160cm\/\" \/>\n<meta property=\"og:locale\" content=\"de_DE\" \/>\n<meta property=\"og:type\" content=\"article\" \/>\n<meta property=\"og:title\" content=\"Standspiegel rechteckig silber Paris 40x160cm - Eliassen.nl\" \/>\n<meta property=\"og:description\" content=\"Dieser klassische Spiegel im Standmodell hat eine l\u00e4ngliche Form und ist silberfarben. Der Rahmen ist mit dezenten Punkten als Verzierung versehen.\" \/>\n<meta property=\"og:url\" content=\"https:\/\/www.eliassen.nl\/de\/standspiegel-rechteckig-silber-paris-40x160cm\/\" \/>\n<meta property=\"og:site_name\" content=\"Eliassen.nl\" \/>\n<meta property=\"article:publisher\" content=\"https:\/\/www.facebook.com\/TuincentrumEliassenAmmerzoden\" \/>\n<meta property=\"article:modified_time\" content=\"2024-12-05T15:43:21+00:00\" \/>\n<meta property=\"og:image\" content=\"https:\/\/www.eliassen.nl\/wp-content\/uploads\/2024\/01\/spiegelstaandrechthoekigzilverparijs40x160cm.png\" \/>\n\t<meta property=\"og:image:width\" content=\"714\" \/>\n\t<meta property=\"og:image:height\" content=\"2040\" \/>\n\t<meta property=\"og:image:type\" content=\"image\/png\" \/>\n<meta name=\"twitter:card\" content=\"summary_large_image\" \/>\n<script type=\"application\/ld+json\" class=\"yoast-schema-graph\">{\"@context\":\"https:\/\/schema.org\",\"@graph\":[{\"@type\":\"WebPage\",\"@id\":\"https:\/\/www.eliassen.nl\/de\/standspiegel-rechteckig-silber-paris-40x160cm\/\",\"url\":\"https:\/\/www.eliassen.nl\/de\/standspiegel-rechteckig-silber-paris-40x160cm\/\",\"name\":\"Standspiegel rechteckig silber Paris 40x160cm - Eliassen.nl\",\"isPartOf\":{\"@id\":\"https:\/\/www.eliassen.nl\/de\/#website\"},\"primaryImageOfPage\":{\"@id\":\"https:\/\/www.eliassen.nl\/de\/standspiegel-rechteckig-silber-paris-40x160cm\/#primaryimage\"},\"image\":{\"@id\":\"https:\/\/www.eliassen.nl\/de\/standspiegel-rechteckig-silber-paris-40x160cm\/#primaryimage\"},\"thumbnailUrl\":\"https:\/\/www.eliassen.nl\/wp-content\/uploads\/2024\/01\/spiegelstaandrechthoekigzilverparijs40x160cm.png\",\"datePublished\":\"2024-01-17T09:33:46+00:00\",\"dateModified\":\"2024-12-05T15:43:21+00:00\",\"description\":\"Dieser klassische Spiegel im Standmodell hat eine l\u00e4ngliche Form und ist silberfarben. Der Rahmen ist mit dezenten Punkten als Verzierung versehen.\",\"breadcrumb\":{\"@id\":\"https:\/\/www.eliassen.nl\/de\/standspiegel-rechteckig-silber-paris-40x160cm\/#breadcrumb\"},\"inLanguage\":\"de\",\"potentialAction\":[{\"@type\":\"ReadAction\",\"target\":[\"https:\/\/www.eliassen.nl\/de\/standspiegel-rechteckig-silber-paris-40x160cm\/\"]}]},{\"@type\":\"ImageObject\",\"inLanguage\":\"de\",\"@id\":\"https:\/\/www.eliassen.nl\/de\/standspiegel-rechteckig-silber-paris-40x160cm\/#primaryimage\",\"url\":\"https:\/\/www.eliassen.nl\/wp-content\/uploads\/2024\/01\/spiegelstaandrechthoekigzilverparijs40x160cm.png\",\"contentUrl\":\"https:\/\/www.eliassen.nl\/wp-content\/uploads\/2024\/01\/spiegelstaandrechthoekigzilverparijs40x160cm.png\",\"width\":714,\"height\":2040,\"caption\":\"Spiegel staand rechthoekig zilver Parijs 40x160cm eliassen.nl\"},{\"@type\":\"BreadcrumbList\",\"@id\":\"https:\/\/www.eliassen.nl\/de\/standspiegel-rechteckig-silber-paris-40x160cm\/#breadcrumb\",\"itemListElement\":[{\"@type\":\"ListItem\",\"position\":1,\"name\":\"Home\",\"item\":\"https:\/\/www.eliassen.nl\/de\/\"},{\"@type\":\"ListItem\",\"position\":2,\"name\":\"Shop\",\"item\":\"https:\/\/www.eliassen.nl\/de\/shop\/\"},{\"@type\":\"ListItem\",\"position\":3,\"name\":\"Spiegel\",\"item\":\"https:\/\/www.eliassen.nl\/de\/spiegel\/\"},{\"@type\":\"ListItem\",\"position\":4,\"name\":\"Standspiegel rechteckig silber Paris 40x160cm\"}]},{\"@type\":\"WebSite\",\"@id\":\"https:\/\/www.eliassen.nl\/de\/#website\",\"url\":\"https:\/\/www.eliassen.nl\/de\/\",\"name\":\"Eliassen Home & Garden Pleasure\",\"description\":\"\",\"publisher\":{\"@id\":\"https:\/\/www.eliassen.nl\/de\/#organization\"},\"alternateName\":\"Eliassen.nl\",\"potentialAction\":[{\"@type\":\"SearchAction\",\"target\":{\"@type\":\"EntryPoint\",\"urlTemplate\":\"https:\/\/www.eliassen.nl\/de\/?s={search_term_string}\"},\"query-input\":{\"@type\":\"PropertyValueSpecification\",\"valueRequired\":true,\"valueName\":\"search_term_string\"}}],\"inLanguage\":\"de\"},{\"@type\":[\"Organization\",\"Place\"],\"@id\":\"https:\/\/www.eliassen.nl\/de\/#organization\",\"name\":\"Eliassen Home & Garden Pleasure\",\"url\":\"https:\/\/www.eliassen.nl\/de\/\",\"logo\":{\"@id\":\"https:\/\/www.eliassen.nl\/de\/standspiegel-rechteckig-silber-paris-40x160cm\/#local-main-organization-logo\"},\"image\":{\"@id\":\"https:\/\/www.eliassen.nl\/de\/standspiegel-rechteckig-silber-paris-40x160cm\/#local-main-organization-logo\"},\"sameAs\":[\"https:\/\/www.facebook.com\/TuincentrumEliassenAmmerzoden\",\"https:\/\/www.instagram.com\/eliassenhomeandgarden\/\",\"https:\/\/nl.pinterest.com\/eliassenhomeandgarden\/\",\"https:\/\/www.youtube.com\/@eliassenhomegardenpleasure4558\"],\"telephone\":[],\"openingHoursSpecification\":[{\"@type\":\"OpeningHoursSpecification\",\"dayOfWeek\":[\"Monday\",\"Tuesday\",\"Wednesday\",\"Thursday\",\"Friday\",\"Saturday\",\"Sunday\"],\"opens\":\"09:00\",\"closes\":\"17:00\"}]},{\"@type\":\"ImageObject\",\"inLanguage\":\"de\",\"@id\":\"https:\/\/www.eliassen.nl\/de\/standspiegel-rechteckig-silber-paris-40x160cm\/#local-main-organization-logo\",\"url\":\"https:\/\/www.eliassen.nl\/wp-content\/uploads\/2024\/01\/logo_4nd.jpg\",\"contentUrl\":\"https:\/\/www.eliassen.nl\/wp-content\/uploads\/2024\/01\/logo_4nd.jpg\",\"width\":500,\"height\":500,\"caption\":\"Eliassen Home & Garden Pleasure\"}]}<\/script>\n<meta property=\"product:price:amount\" content=\"39.00\" \/>\n<meta property=\"product:price:currency\" content=\"EUR\" \/>\n<meta property=\"og:availability\" content=\"instock\" \/>\n<meta property=\"product:availability\" content=\"instock\" \/>\n<meta property=\"product:retailer_item_id\" content=\"Ck-6033b\" \/>\n<meta property=\"product:condition\" content=\"new\" \/>\n<!-- \/ Yoast SEO Premium plugin. -->","yoast_head_json":{"title":"Standspiegel rechteckig silber Paris 40x160cm - Eliassen.nl","description":"Dieser klassische Spiegel im Standmodell hat eine l\u00e4ngliche Form und ist silberfarben. Der Rahmen ist mit dezenten Punkten als Verzierung versehen.","robots":{"index":"index","follow":"follow","max-snippet":"max-snippet:-1","max-image-preview":"max-image-preview:large","max-video-preview":"max-video-preview:-1"},"canonical":"https:\/\/www.eliassen.nl\/de\/standspiegel-rechteckig-silber-paris-40x160cm\/","og_locale":"de_DE","og_type":"article","og_title":"Standspiegel rechteckig silber Paris 40x160cm - Eliassen.nl","og_description":"Dieser klassische Spiegel im Standmodell hat eine l\u00e4ngliche Form und ist silberfarben. Der Rahmen ist mit dezenten Punkten als Verzierung versehen.","og_url":"https:\/\/www.eliassen.nl\/de\/standspiegel-rechteckig-silber-paris-40x160cm\/","og_site_name":"Eliassen.nl","article_publisher":"https:\/\/www.facebook.com\/TuincentrumEliassenAmmerzoden","article_modified_time":"2024-12-05T15:43:21+00:00","og_image":[{"width":714,"height":2040,"url":"https:\/\/www.eliassen.nl\/wp-content\/uploads\/2024\/01\/spiegelstaandrechthoekigzilverparijs40x160cm.png","type":"image\/png"}],"twitter_card":"summary_large_image","schema":{"@context":"https:\/\/schema.org","@graph":[{"@type":"WebPage","@id":"https:\/\/www.eliassen.nl\/de\/standspiegel-rechteckig-silber-paris-40x160cm\/","url":"https:\/\/www.eliassen.nl\/de\/standspiegel-rechteckig-silber-paris-40x160cm\/","name":"Standspiegel rechteckig silber Paris 40x160cm - Eliassen.nl","isPartOf":{"@id":"https:\/\/www.eliassen.nl\/de\/#website"},"primaryImageOfPage":{"@id":"https:\/\/www.eliassen.nl\/de\/standspiegel-rechteckig-silber-paris-40x160cm\/#primaryimage"},"image":{"@id":"https:\/\/www.eliassen.nl\/de\/standspiegel-rechteckig-silber-paris-40x160cm\/#primaryimage"},"thumbnailUrl":"https:\/\/www.eliassen.nl\/wp-content\/uploads\/2024\/01\/spiegelstaandrechthoekigzilverparijs40x160cm.png","datePublished":"2024-01-17T09:33:46+00:00","dateModified":"2024-12-05T15:43:21+00:00","description":"Dieser klassische Spiegel im Standmodell hat eine l\u00e4ngliche Form und ist silberfarben. Der Rahmen ist mit dezenten Punkten als Verzierung versehen.","breadcrumb":{"@id":"https:\/\/www.eliassen.nl\/de\/standspiegel-rechteckig-silber-paris-40x160cm\/#breadcrumb"},"inLanguage":"de","potentialAction":[{"@type":"ReadAction","target":["https:\/\/www.eliassen.nl\/de\/standspiegel-rechteckig-silber-paris-40x160cm\/"]}]},{"@type":"ImageObject","inLanguage":"de","@id":"https:\/\/www.eliassen.nl\/de\/standspiegel-rechteckig-silber-paris-40x160cm\/#primaryimage","url":"https:\/\/www.eliassen.nl\/wp-content\/uploads\/2024\/01\/spiegelstaandrechthoekigzilverparijs40x160cm.png","contentUrl":"https:\/\/www.eliassen.nl\/wp-content\/uploads\/2024\/01\/spiegelstaandrechthoekigzilverparijs40x160cm.png","width":714,"height":2040,"caption":"Spiegel staand rechthoekig zilver Parijs 40x160cm eliassen.nl"},{"@type":"BreadcrumbList","@id":"https:\/\/www.eliassen.nl\/de\/standspiegel-rechteckig-silber-paris-40x160cm\/#breadcrumb","itemListElement":[{"@type":"ListItem","position":1,"name":"Home","item":"https:\/\/www.eliassen.nl\/de\/"},{"@type":"ListItem","position":2,"name":"Shop","item":"https:\/\/www.eliassen.nl\/de\/shop\/"},{"@type":"ListItem","position":3,"name":"Spiegel","item":"https:\/\/www.eliassen.nl\/de\/spiegel\/"},{"@type":"ListItem","position":4,"name":"Standspiegel rechteckig silber Paris 40x160cm"}]},{"@type":"WebSite","@id":"https:\/\/www.eliassen.nl\/de\/#website","url":"https:\/\/www.eliassen.nl\/de\/","name":"Eliassen Home & Garden Pleasure","description":"","publisher":{"@id":"https:\/\/www.eliassen.nl\/de\/#organization"},"alternateName":"Eliassen.nl","potentialAction":[{"@type":"SearchAction","target":{"@type":"EntryPoint","urlTemplate":"https:\/\/www.eliassen.nl\/de\/?s={search_term_string}"},"query-input":{"@type":"PropertyValueSpecification","valueRequired":true,"valueName":"search_term_string"}}],"inLanguage":"de"},{"@type":["Organization","Place"],"@id":"https:\/\/www.eliassen.nl\/de\/#organization","name":"Eliassen Home & Garden Pleasure","url":"https:\/\/www.eliassen.nl\/de\/","logo":{"@id":"https:\/\/www.eliassen.nl\/de\/standspiegel-rechteckig-silber-paris-40x160cm\/#local-main-organization-logo"},"image":{"@id":"https:\/\/www.eliassen.nl\/de\/standspiegel-rechteckig-silber-paris-40x160cm\/#local-main-organization-logo"},"sameAs":["https:\/\/www.facebook.com\/TuincentrumEliassenAmmerzoden","https:\/\/www.instagram.com\/eliassenhomeandgarden\/","https:\/\/nl.pinterest.com\/eliassenhomeandgarden\/","https:\/\/www.youtube.com\/@eliassenhomegardenpleasure4558"],"telephone":[],"openingHoursSpecification":[{"@type":"OpeningHoursSpecification","dayOfWeek":["Monday","Tuesday","Wednesday","Thursday","Friday","Saturday","Sunday"],"opens":"09:00","closes":"17:00"}]},{"@type":"ImageObject","inLanguage":"de","@id":"https:\/\/www.eliassen.nl\/de\/standspiegel-rechteckig-silber-paris-40x160cm\/#local-main-organization-logo","url":"https:\/\/www.eliassen.nl\/wp-content\/uploads\/2024\/01\/logo_4nd.jpg","contentUrl":"https:\/\/www.eliassen.nl\/wp-content\/uploads\/2024\/01\/logo_4nd.jpg","width":500,"height":500,"caption":"Eliassen Home & Garden Pleasure"}]},"product_price_amount":"39.00","product_price_currency":"EUR","og_availability":"instock","product_availability":"instock","product_retailer_item_id":"Ck-6033b","product_condition":"new"},"df_price":39,"df_sale_price":39,"df_regular_price":59,"df_image_link":"https:\/\/www.eliassen.nl\/wp-content\/uploads\/2024\/01\/spiegelstaandrechthoekigzilverparijs40x160cm.png","image":"https:\/\/www.eliassen.nl\/wp-content\/uploads\/2024\/01\/spiegelstaandrechthoekigzilverparijs40x160cm.png","price_search":"<span class=\"woocommerce-Price-amount amount\"><bdi><span class=\"woocommerce-Price-currencySymbol\">&euro;<\/span>&nbsp;39,00<\/bdi><\/span>","category":"Wanddekoration","global_unique_id":"6096514467402","_links":{"self":[{"href":"https:\/\/www.eliassen.nl\/de\/wp-json\/wp\/v2\/product\/99001","targetHints":{"allow":["GET"]}}],"collection":[{"href":"https:\/\/www.eliassen.nl\/de\/wp-json\/wp\/v2\/product"}],"about":[{"href":"https:\/\/www.eliassen.nl\/de\/wp-json\/wp\/v2\/types\/product"}],"wp:featuredmedia":[{"embeddable":true,"href":"https:\/\/www.eliassen.nl\/de\/wp-json\/wp\/v2\/media\/98992"}],"wp:attachment":[{"href":"https:\/\/www.eliassen.nl\/de\/wp-json\/wp\/v2\/media?parent=99001"}],"wp:term":[{"taxonomy":"product_brand","embeddable":true,"href":"https:\/\/www.eliassen.nl\/de\/wp-json\/wp\/v2\/product_brand?post=99001"},{"taxonomy":"product_cat","embeddable":true,"href":"https:\/\/www.eliassen.nl\/de\/wp-json\/wp\/v2\/product_cat?post=99001"},{"taxonomy":"product_tag","embeddable":true,"href":"https:\/\/www.eliassen.nl\/de\/wp-json\/wp\/v2\/product_tag?post=99001"}],"curies":[{"name":"wp","href":"https:\/\/api.w.org\/{rel}","templated":true}]}}