{"id":98620,"date":"2024-01-08T14:43:04","date_gmt":"2024-01-08T14:43:04","guid":{"rendered":"https:\/\/www.eliassen.nl\/?product=beeld-dame-naar-rechts-kijkend-50cm-148695985"},"modified":"2025-12-15T21:12:25","modified_gmt":"2025-12-15T20:12:25","slug":"statue-von-lady-smillia-mit-blick-nach-rechts-50-cm","status":"publish","type":"product","link":"https:\/\/www.eliassen.nl\/de\/statue-von-lady-smillia-mit-blick-nach-rechts-50-cm\/","title":{"rendered":"Statue Lady Smillia Blick nach rechts 50cm"},"content":{"rendered":"<p>Diese sch\u00f6ne Statue einer stilvollen Frau mit Kleid, die nach rechts schaut, ist ein sch\u00f6ner Gegenstand f\u00fcr Ihr Zuhause, aber auch als Geschenk geeignet. Hergestellt aus Polyresin, einer Mischung aus Steinpulver und Polyesterharz. Die Farbe ist Altwei\u00df\/Travertin in Kombination mit Gold.<\/p>\n<ul>\n<li>Gr\u00f6\u00dfe: 15x15x50cm<\/li>\n<li>Auch in unserem Gesch\u00e4ft ausgestellt<\/li>\n<\/ul>\n","protected":false},"excerpt":{"rendered":"<p>In altwei\u00dfer Farbe<\/p>\n","protected":false},"featured_media":98611,"template":"","meta":{"_acf_changed":false,"_genesis_title":"","_genesis_description":""},"product_brand":[7505],"product_cat":[1376,7239],"product_tag":[],"class_list":{"0":"post-98620","1":"product","2":"type-product","3":"status-publish","4":"has-post-thumbnail","6":"product_brand-sonstige","7":"product_cat-polystone-bilder","8":"product_cat-bilder","10":"first","11":"instock","12":"taxable","13":"shipping-taxable","14":"purchasable","15":"product-type-simple"},"acf":[],"meta_all":{"total_sales":"10","cor_restricted_countries":[]},"meta_all_flat":{"total_sales":"10"},"yoast_head":"<!-- This site is optimized with the Yoast SEO Premium plugin v26.2 (Yoast SEO v27.2) - https:\/\/yoast.com\/product\/yoast-seo-premium-wordpress\/ -->\n<title>Statue Lady Smillia Blick nach rechts 50cm<\/title>\n<meta name=\"description\" content=\"Statuen f\u00fcr Frauen? Schauen Sie sich die gro\u00dfe Auswahl bei Eliassen im Webshop oder live im Gesch\u00e4ft an !!!\" \/>\n<meta name=\"robots\" content=\"index, follow, max-snippet:-1, max-image-preview:large, max-video-preview:-1\" \/>\n<link rel=\"canonical\" href=\"https:\/\/www.eliassen.nl\/de\/statue-von-lady-smillia-mit-blick-nach-rechts-50-cm\/\" \/>\n<meta property=\"og:locale\" content=\"de_DE\" \/>\n<meta property=\"og:type\" content=\"article\" \/>\n<meta property=\"og:title\" content=\"Sonstige Statue Lady Smillia Blick nach rechts 50cm - Eliassen.nl\" \/>\n<meta property=\"og:description\" content=\"Statuen f\u00fcr Frauen? Schauen Sie sich die gro\u00dfe Auswahl bei Eliassen im Webshop oder live im Gesch\u00e4ft an !!!\" \/>\n<meta property=\"og:url\" content=\"https:\/\/www.eliassen.nl\/de\/statue-von-lady-smillia-mit-blick-nach-rechts-50-cm\/\" \/>\n<meta property=\"og:site_name\" content=\"Eliassen.nl\" \/>\n<meta property=\"article:publisher\" content=\"https:\/\/www.facebook.com\/TuincentrumEliassenAmmerzoden\" \/>\n<meta property=\"article:modified_time\" content=\"2025-12-15T20:12:25+00:00\" \/>\n<meta property=\"og:image\" content=\"https:\/\/www.eliassen.nl\/wp-content\/uploads\/2024\/01\/beelddamenaarrechtskijkenseliassennl2878500.jpg\" \/>\n\t<meta property=\"og:image:width\" content=\"1400\" \/>\n\t<meta property=\"og:image:height\" content=\"1400\" \/>\n\t<meta property=\"og:image:type\" content=\"image\/jpeg\" \/>\n<meta name=\"twitter:card\" content=\"summary_large_image\" \/>\n<script type=\"application\/ld+json\" class=\"yoast-schema-graph\">{\"@context\":\"https:\/\/schema.org\",\"@graph\":[{\"@type\":\"WebPage\",\"@id\":\"https:\/\/www.eliassen.nl\/de\/statue-von-lady-smillia-mit-blick-nach-rechts-50-cm\/\",\"url\":\"https:\/\/www.eliassen.nl\/de\/statue-von-lady-smillia-mit-blick-nach-rechts-50-cm\/\",\"name\":\"Statue Lady Smillia Blick nach rechts 50cm\",\"isPartOf\":{\"@id\":\"https:\/\/www.eliassen.nl\/de\/#website\"},\"primaryImageOfPage\":{\"@id\":\"https:\/\/www.eliassen.nl\/de\/statue-von-lady-smillia-mit-blick-nach-rechts-50-cm\/#primaryimage\"},\"image\":{\"@id\":\"https:\/\/www.eliassen.nl\/de\/statue-von-lady-smillia-mit-blick-nach-rechts-50-cm\/#primaryimage\"},\"thumbnailUrl\":\"https:\/\/www.eliassen.nl\/wp-content\/uploads\/2024\/01\/beelddamenaarrechtskijkenseliassennl2878500.jpg\",\"datePublished\":\"2024-01-08T14:43:04+00:00\",\"dateModified\":\"2025-12-15T20:12:25+00:00\",\"description\":\"Statuen f\u00fcr Frauen? Schauen Sie sich die gro\u00dfe Auswahl bei Eliassen im Webshop oder live im Gesch\u00e4ft an !!!\",\"breadcrumb\":{\"@id\":\"https:\/\/www.eliassen.nl\/de\/statue-von-lady-smillia-mit-blick-nach-rechts-50-cm\/#breadcrumb\"},\"inLanguage\":\"de\",\"potentialAction\":[{\"@type\":\"ReadAction\",\"target\":[\"https:\/\/www.eliassen.nl\/de\/statue-von-lady-smillia-mit-blick-nach-rechts-50-cm\/\"]}]},{\"@type\":\"ImageObject\",\"inLanguage\":\"de\",\"@id\":\"https:\/\/www.eliassen.nl\/de\/statue-von-lady-smillia-mit-blick-nach-rechts-50-cm\/#primaryimage\",\"url\":\"https:\/\/www.eliassen.nl\/wp-content\/uploads\/2024\/01\/beelddamenaarrechtskijkenseliassennl2878500.jpg\",\"contentUrl\":\"https:\/\/www.eliassen.nl\/wp-content\/uploads\/2024\/01\/beelddamenaarrechtskijkenseliassennl2878500.jpg\",\"width\":1400,\"height\":1400,\"caption\":\"Statue Lady mit Blick nach rechts Eliassen.co.uk 2878500-1\"},{\"@type\":\"BreadcrumbList\",\"@id\":\"https:\/\/www.eliassen.nl\/de\/statue-von-lady-smillia-mit-blick-nach-rechts-50-cm\/#breadcrumb\",\"itemListElement\":[{\"@type\":\"ListItem\",\"position\":1,\"name\":\"Home\",\"item\":\"https:\/\/www.eliassen.nl\/de\/\"},{\"@type\":\"ListItem\",\"position\":2,\"name\":\"Shop\",\"item\":\"https:\/\/www.eliassen.nl\/de\/shop\/\"},{\"@type\":\"ListItem\",\"position\":3,\"name\":\"Bilder\",\"item\":\"https:\/\/www.eliassen.nl\/de\/bilder\/\"},{\"@type\":\"ListItem\",\"position\":4,\"name\":\"Polystone-Bilder\",\"item\":\"https:\/\/www.eliassen.nl\/de\/bilder\/polystone-bilder\/\"},{\"@type\":\"ListItem\",\"position\":5,\"name\":\"Statue Lady Smillia Blick nach rechts 50cm\"}]},{\"@type\":\"WebSite\",\"@id\":\"https:\/\/www.eliassen.nl\/de\/#website\",\"url\":\"https:\/\/www.eliassen.nl\/de\/\",\"name\":\"Eliassen Home & Garden Pleasure\",\"description\":\"\",\"publisher\":{\"@id\":\"https:\/\/www.eliassen.nl\/de\/#organization\"},\"alternateName\":\"Eliassen.nl\",\"potentialAction\":[{\"@type\":\"SearchAction\",\"target\":{\"@type\":\"EntryPoint\",\"urlTemplate\":\"https:\/\/www.eliassen.nl\/de\/?s={search_term_string}\"},\"query-input\":{\"@type\":\"PropertyValueSpecification\",\"valueRequired\":true,\"valueName\":\"search_term_string\"}}],\"inLanguage\":\"de\"},{\"@type\":[\"Organization\",\"Place\"],\"@id\":\"https:\/\/www.eliassen.nl\/de\/#organization\",\"name\":\"Eliassen Home & Garden Pleasure\",\"url\":\"https:\/\/www.eliassen.nl\/de\/\",\"logo\":{\"@id\":\"https:\/\/www.eliassen.nl\/de\/statue-von-lady-smillia-mit-blick-nach-rechts-50-cm\/#local-main-organization-logo\"},\"image\":{\"@id\":\"https:\/\/www.eliassen.nl\/de\/statue-von-lady-smillia-mit-blick-nach-rechts-50-cm\/#local-main-organization-logo\"},\"sameAs\":[\"https:\/\/www.facebook.com\/TuincentrumEliassenAmmerzoden\",\"https:\/\/www.instagram.com\/eliassenhomeandgarden\/\",\"https:\/\/nl.pinterest.com\/eliassenhomeandgarden\/\",\"https:\/\/www.youtube.com\/@eliassenhomegardenpleasure4558\"],\"telephone\":[],\"openingHoursSpecification\":[{\"@type\":\"OpeningHoursSpecification\",\"dayOfWeek\":[\"Monday\",\"Tuesday\",\"Wednesday\",\"Thursday\",\"Friday\",\"Saturday\",\"Sunday\"],\"opens\":\"09:00\",\"closes\":\"17:00\"}]},{\"@type\":\"ImageObject\",\"inLanguage\":\"de\",\"@id\":\"https:\/\/www.eliassen.nl\/de\/statue-von-lady-smillia-mit-blick-nach-rechts-50-cm\/#local-main-organization-logo\",\"url\":\"https:\/\/www.eliassen.nl\/wp-content\/uploads\/2024\/01\/logo_4nd.jpg\",\"contentUrl\":\"https:\/\/www.eliassen.nl\/wp-content\/uploads\/2024\/01\/logo_4nd.jpg\",\"width\":500,\"height\":500,\"caption\":\"Eliassen Home & Garden Pleasure\"}]}<\/script>\n<meta property=\"product:price:amount\" content=\"35.50\" \/>\n<meta property=\"product:price:currency\" content=\"EUR\" \/>\n<meta property=\"og:availability\" content=\"instock\" \/>\n<meta property=\"product:availability\" content=\"instock\" \/>\n<meta property=\"product:retailer_item_id\" content=\"2878500-1\" \/>\n<meta property=\"product:condition\" content=\"new\" \/>\n<!-- \/ Yoast SEO Premium plugin. -->","yoast_head_json":{"title":"Statue Lady Smillia Blick nach rechts 50cm","description":"Statuen f\u00fcr Frauen? Schauen Sie sich die gro\u00dfe Auswahl bei Eliassen im Webshop oder live im Gesch\u00e4ft an !!!","robots":{"index":"index","follow":"follow","max-snippet":"max-snippet:-1","max-image-preview":"max-image-preview:large","max-video-preview":"max-video-preview:-1"},"canonical":"https:\/\/www.eliassen.nl\/de\/statue-von-lady-smillia-mit-blick-nach-rechts-50-cm\/","og_locale":"de_DE","og_type":"article","og_title":"Sonstige Statue Lady Smillia Blick nach rechts 50cm - Eliassen.nl","og_description":"Statuen f\u00fcr Frauen? Schauen Sie sich die gro\u00dfe Auswahl bei Eliassen im Webshop oder live im Gesch\u00e4ft an !!!","og_url":"https:\/\/www.eliassen.nl\/de\/statue-von-lady-smillia-mit-blick-nach-rechts-50-cm\/","og_site_name":"Eliassen.nl","article_publisher":"https:\/\/www.facebook.com\/TuincentrumEliassenAmmerzoden","article_modified_time":"2025-12-15T20:12:25+00:00","og_image":[{"width":1400,"height":1400,"url":"https:\/\/www.eliassen.nl\/wp-content\/uploads\/2024\/01\/beelddamenaarrechtskijkenseliassennl2878500.jpg","type":"image\/jpeg"}],"twitter_card":"summary_large_image","schema":{"@context":"https:\/\/schema.org","@graph":[{"@type":"WebPage","@id":"https:\/\/www.eliassen.nl\/de\/statue-von-lady-smillia-mit-blick-nach-rechts-50-cm\/","url":"https:\/\/www.eliassen.nl\/de\/statue-von-lady-smillia-mit-blick-nach-rechts-50-cm\/","name":"Statue Lady Smillia Blick nach rechts 50cm","isPartOf":{"@id":"https:\/\/www.eliassen.nl\/de\/#website"},"primaryImageOfPage":{"@id":"https:\/\/www.eliassen.nl\/de\/statue-von-lady-smillia-mit-blick-nach-rechts-50-cm\/#primaryimage"},"image":{"@id":"https:\/\/www.eliassen.nl\/de\/statue-von-lady-smillia-mit-blick-nach-rechts-50-cm\/#primaryimage"},"thumbnailUrl":"https:\/\/www.eliassen.nl\/wp-content\/uploads\/2024\/01\/beelddamenaarrechtskijkenseliassennl2878500.jpg","datePublished":"2024-01-08T14:43:04+00:00","dateModified":"2025-12-15T20:12:25+00:00","description":"Statuen f\u00fcr Frauen? Schauen Sie sich die gro\u00dfe Auswahl bei Eliassen im Webshop oder live im Gesch\u00e4ft an !!!","breadcrumb":{"@id":"https:\/\/www.eliassen.nl\/de\/statue-von-lady-smillia-mit-blick-nach-rechts-50-cm\/#breadcrumb"},"inLanguage":"de","potentialAction":[{"@type":"ReadAction","target":["https:\/\/www.eliassen.nl\/de\/statue-von-lady-smillia-mit-blick-nach-rechts-50-cm\/"]}]},{"@type":"ImageObject","inLanguage":"de","@id":"https:\/\/www.eliassen.nl\/de\/statue-von-lady-smillia-mit-blick-nach-rechts-50-cm\/#primaryimage","url":"https:\/\/www.eliassen.nl\/wp-content\/uploads\/2024\/01\/beelddamenaarrechtskijkenseliassennl2878500.jpg","contentUrl":"https:\/\/www.eliassen.nl\/wp-content\/uploads\/2024\/01\/beelddamenaarrechtskijkenseliassennl2878500.jpg","width":1400,"height":1400,"caption":"Statue Lady mit Blick nach rechts Eliassen.co.uk 2878500-1"},{"@type":"BreadcrumbList","@id":"https:\/\/www.eliassen.nl\/de\/statue-von-lady-smillia-mit-blick-nach-rechts-50-cm\/#breadcrumb","itemListElement":[{"@type":"ListItem","position":1,"name":"Home","item":"https:\/\/www.eliassen.nl\/de\/"},{"@type":"ListItem","position":2,"name":"Shop","item":"https:\/\/www.eliassen.nl\/de\/shop\/"},{"@type":"ListItem","position":3,"name":"Bilder","item":"https:\/\/www.eliassen.nl\/de\/bilder\/"},{"@type":"ListItem","position":4,"name":"Polystone-Bilder","item":"https:\/\/www.eliassen.nl\/de\/bilder\/polystone-bilder\/"},{"@type":"ListItem","position":5,"name":"Statue Lady Smillia Blick nach rechts 50cm"}]},{"@type":"WebSite","@id":"https:\/\/www.eliassen.nl\/de\/#website","url":"https:\/\/www.eliassen.nl\/de\/","name":"Eliassen Home & Garden Pleasure","description":"","publisher":{"@id":"https:\/\/www.eliassen.nl\/de\/#organization"},"alternateName":"Eliassen.nl","potentialAction":[{"@type":"SearchAction","target":{"@type":"EntryPoint","urlTemplate":"https:\/\/www.eliassen.nl\/de\/?s={search_term_string}"},"query-input":{"@type":"PropertyValueSpecification","valueRequired":true,"valueName":"search_term_string"}}],"inLanguage":"de"},{"@type":["Organization","Place"],"@id":"https:\/\/www.eliassen.nl\/de\/#organization","name":"Eliassen Home & Garden Pleasure","url":"https:\/\/www.eliassen.nl\/de\/","logo":{"@id":"https:\/\/www.eliassen.nl\/de\/statue-von-lady-smillia-mit-blick-nach-rechts-50-cm\/#local-main-organization-logo"},"image":{"@id":"https:\/\/www.eliassen.nl\/de\/statue-von-lady-smillia-mit-blick-nach-rechts-50-cm\/#local-main-organization-logo"},"sameAs":["https:\/\/www.facebook.com\/TuincentrumEliassenAmmerzoden","https:\/\/www.instagram.com\/eliassenhomeandgarden\/","https:\/\/nl.pinterest.com\/eliassenhomeandgarden\/","https:\/\/www.youtube.com\/@eliassenhomegardenpleasure4558"],"telephone":[],"openingHoursSpecification":[{"@type":"OpeningHoursSpecification","dayOfWeek":["Monday","Tuesday","Wednesday","Thursday","Friday","Saturday","Sunday"],"opens":"09:00","closes":"17:00"}]},{"@type":"ImageObject","inLanguage":"de","@id":"https:\/\/www.eliassen.nl\/de\/statue-von-lady-smillia-mit-blick-nach-rechts-50-cm\/#local-main-organization-logo","url":"https:\/\/www.eliassen.nl\/wp-content\/uploads\/2024\/01\/logo_4nd.jpg","contentUrl":"https:\/\/www.eliassen.nl\/wp-content\/uploads\/2024\/01\/logo_4nd.jpg","width":500,"height":500,"caption":"Eliassen Home & Garden Pleasure"}]},"product_price_amount":"35.50","product_price_currency":"EUR","og_availability":"instock","product_availability":"instock","product_retailer_item_id":"2878500-1","product_condition":"new"},"df_price":35.5,"df_sale_price":"","df_regular_price":35.5,"df_image_link":"https:\/\/www.eliassen.nl\/wp-content\/uploads\/2024\/01\/beelddamenaarrechtskijkenseliassennl2878500.jpg","image":"https:\/\/www.eliassen.nl\/wp-content\/uploads\/2024\/01\/beelddamenaarrechtskijkenseliassennl2878500.jpg","price_search":"<span class=\"woocommerce-Price-amount amount\"><bdi><span class=\"woocommerce-Price-currencySymbol\">&euro;<\/span>&nbsp;35,50<\/bdi><\/span>","category":"Polystone-Bilder","global_unique_id":"4020606847898","_links":{"self":[{"href":"https:\/\/www.eliassen.nl\/de\/wp-json\/wp\/v2\/product\/98620","targetHints":{"allow":["GET"]}}],"collection":[{"href":"https:\/\/www.eliassen.nl\/de\/wp-json\/wp\/v2\/product"}],"about":[{"href":"https:\/\/www.eliassen.nl\/de\/wp-json\/wp\/v2\/types\/product"}],"wp:featuredmedia":[{"embeddable":true,"href":"https:\/\/www.eliassen.nl\/de\/wp-json\/wp\/v2\/media\/98611"}],"wp:attachment":[{"href":"https:\/\/www.eliassen.nl\/de\/wp-json\/wp\/v2\/media?parent=98620"}],"wp:term":[{"taxonomy":"product_brand","embeddable":true,"href":"https:\/\/www.eliassen.nl\/de\/wp-json\/wp\/v2\/product_brand?post=98620"},{"taxonomy":"product_cat","embeddable":true,"href":"https:\/\/www.eliassen.nl\/de\/wp-json\/wp\/v2\/product_cat?post=98620"},{"taxonomy":"product_tag","embeddable":true,"href":"https:\/\/www.eliassen.nl\/de\/wp-json\/wp\/v2\/product_tag?post=98620"}],"curies":[{"name":"wp","href":"https:\/\/api.w.org\/{rel}","templated":true}]}}