{"id":98320,"date":"2024-01-04T11:36:03","date_gmt":"2024-01-04T11:36:03","guid":{"rendered":"https:\/\/www.eliassen.nl\/?product=spiegel-barok-rechthoek-gent-150x88cm"},"modified":"2025-11-27T15:35:25","modified_gmt":"2025-11-27T14:35:25","slug":"spiegel-barockes-rechteck-gent-150x88cm","status":"publish","type":"product","link":"https:\/\/www.eliassen.nl\/de\/spiegel-barockes-rechteck-gent-150x88cm\/","title":{"rendered":"Spiegel Barock Rechteck Gent 150x88cm"},"content":{"rendered":"<p>Wundersch\u00f6n gearbeiteter klassischer rechteckiger Spiegel in Altgold und Schwarz. Das Spiegelglas ist super klar und hat einen sch\u00f6nen facettierten Rand. Der klassische Rahmen ist aus Holz gefertigt, was eine sch\u00f6ne Optik ergibt. Dieser rechteckige Barockspiegel kann waagerecht, aber auch senkrecht aufgeh\u00e4ngt werden.<\/p>\n<p>Kurzum, ein hochwertiger Spiegel, der in jeder Wohnung oder in jedem Gesch\u00e4ft seinen Platz finden wird!<\/p>\n<p><strong>In unserem Shop k\u00f6nnen Sie fast alles aus dieser Serie auch live sehen und mitnehmen!<\/strong><\/p>\n<p><strong>Auch immer wieder sch\u00f6ne Aktionen, die nicht im Webshop sind!<\/strong><\/p>\n<ul>\n<li>Au\u00dfenma\u00df: 150x88x10cm<\/li>\n<li>Gr\u00f6\u00dfe des Spiegels: 60x120cm<\/li>\n<li>Form: Rechteck<\/li>\n<li>Farbe: Gold und Schwarz<\/li>\n<li>Material: Holz\/Glas<\/li>\n<li>Bitte beachten Sie, dass wir keine Spiegel zur\u00fccknehmen, es sei denn, Sie schicken sie selbst in der Originalverpackung zur\u00fcck.<\/li>\n<\/ul>\n","protected":false},"excerpt":{"rendered":"<p>Barockspiegel mit Holzrahmen !<\/p>\n","protected":false},"featured_media":98314,"template":"","meta":{"_acf_changed":false,"_genesis_title":"","_genesis_description":""},"product_brand":[7505],"product_cat":[1451,509,7051],"product_tag":[7450],"class_list":{"0":"post-98320","1":"product","2":"type-product","3":"status-publish","4":"has-post-thumbnail","6":"product_brand-sonstige","7":"product_cat-barockspiegel","8":"product_cat-wanddekoration","9":"product_cat-spiegel","10":"product_tag-spiegel-gros","12":"first","13":"instock","14":"taxable","15":"shipping-taxable","16":"purchasable","17":"product-type-simple"},"acf":[],"meta_all":{"total_sales":"0","wcml_sync_hash":{"postmeta_fields":"6b8d9afd092a05817968e5fcb0c603c5"},"attr_label_translations":[]},"meta_all_flat":{"total_sales":"0","wcml_sync_hash.postmeta_fields":"6b8d9afd092a05817968e5fcb0c603c5"},"yoast_head":"<!-- This site is optimized with the Yoast SEO Premium plugin v26.2 (Yoast SEO v27.2) - https:\/\/yoast.com\/product\/yoast-seo-premium-wordpress\/ -->\n<title>Spiegel Barock Rechteck Gent 150x88cm<\/title>\n<meta name=\"description\" content=\"Einen Barockspiegel kaufen? Schauen Sie sich Eliassens Webshop an oder besuchen Sie den Laden vor Ort !!!\" \/>\n<meta name=\"robots\" content=\"index, follow, max-snippet:-1, max-image-preview:large, max-video-preview:-1\" \/>\n<link rel=\"canonical\" href=\"https:\/\/www.eliassen.nl\/de\/spiegel-barockes-rechteck-gent-150x88cm\/\" \/>\n<meta property=\"og:locale\" content=\"de_DE\" \/>\n<meta property=\"og:type\" content=\"article\" \/>\n<meta property=\"og:title\" content=\"Sonstige Spiegel Barock Rechteck Gent 150x88cm - Eliassen.nl\" \/>\n<meta property=\"og:description\" content=\"Einen Barockspiegel kaufen? Schauen Sie sich Eliassens Webshop an oder besuchen Sie den Laden vor Ort !!!\" \/>\n<meta property=\"og:url\" content=\"https:\/\/www.eliassen.nl\/de\/spiegel-barockes-rechteck-gent-150x88cm\/\" \/>\n<meta property=\"og:site_name\" content=\"Eliassen.nl\" \/>\n<meta property=\"article:publisher\" content=\"https:\/\/www.facebook.com\/TuincentrumEliassenAmmerzoden\" \/>\n<meta property=\"article:modified_time\" content=\"2025-11-27T14:35:25+00:00\" \/>\n<meta property=\"og:image\" content=\"https:\/\/www.eliassen.nl\/wp-content\/uploads\/2024\/01\/spiegelbarokzwartgoudgenteliassennlsp1122.jpg\" \/>\n\t<meta property=\"og:image:width\" content=\"1200\" \/>\n\t<meta property=\"og:image:height\" content=\"1200\" \/>\n\t<meta property=\"og:image:type\" content=\"image\/jpeg\" \/>\n<meta name=\"twitter:card\" content=\"summary_large_image\" \/>\n<script type=\"application\/ld+json\" class=\"yoast-schema-graph\">{\"@context\":\"https:\/\/schema.org\",\"@graph\":[{\"@type\":\"WebPage\",\"@id\":\"https:\/\/www.eliassen.nl\/de\/spiegel-barockes-rechteck-gent-150x88cm\/\",\"url\":\"https:\/\/www.eliassen.nl\/de\/spiegel-barockes-rechteck-gent-150x88cm\/\",\"name\":\"Spiegel Barock Rechteck Gent 150x88cm\",\"isPartOf\":{\"@id\":\"https:\/\/www.eliassen.nl\/de\/#website\"},\"primaryImageOfPage\":{\"@id\":\"https:\/\/www.eliassen.nl\/de\/spiegel-barockes-rechteck-gent-150x88cm\/#primaryimage\"},\"image\":{\"@id\":\"https:\/\/www.eliassen.nl\/de\/spiegel-barockes-rechteck-gent-150x88cm\/#primaryimage\"},\"thumbnailUrl\":\"https:\/\/www.eliassen.nl\/wp-content\/uploads\/2024\/01\/spiegelbarokzwartgoudgenteliassennlsp1122.jpg\",\"datePublished\":\"2024-01-04T11:36:03+00:00\",\"dateModified\":\"2025-11-27T14:35:25+00:00\",\"description\":\"Einen Barockspiegel kaufen? Schauen Sie sich Eliassens Webshop an oder besuchen Sie den Laden vor Ort !!!\",\"breadcrumb\":{\"@id\":\"https:\/\/www.eliassen.nl\/de\/spiegel-barockes-rechteck-gent-150x88cm\/#breadcrumb\"},\"inLanguage\":\"de\",\"potentialAction\":[{\"@type\":\"ReadAction\",\"target\":[\"https:\/\/www.eliassen.nl\/de\/spiegel-barockes-rechteck-gent-150x88cm\/\"]}]},{\"@type\":\"ImageObject\",\"inLanguage\":\"de\",\"@id\":\"https:\/\/www.eliassen.nl\/de\/spiegel-barockes-rechteck-gent-150x88cm\/#primaryimage\",\"url\":\"https:\/\/www.eliassen.nl\/wp-content\/uploads\/2024\/01\/spiegelbarokzwartgoudgenteliassennlsp1122.jpg\",\"contentUrl\":\"https:\/\/www.eliassen.nl\/wp-content\/uploads\/2024\/01\/spiegelbarokzwartgoudgenteliassennlsp1122.jpg\",\"width\":1200,\"height\":1200,\"caption\":\"Spiegel Barock Schwarz-Gold Gent Eliassen.nl SP1122\"},{\"@type\":\"BreadcrumbList\",\"@id\":\"https:\/\/www.eliassen.nl\/de\/spiegel-barockes-rechteck-gent-150x88cm\/#breadcrumb\",\"itemListElement\":[{\"@type\":\"ListItem\",\"position\":1,\"name\":\"Home\",\"item\":\"https:\/\/www.eliassen.nl\/de\/\"},{\"@type\":\"ListItem\",\"position\":2,\"name\":\"Shop\",\"item\":\"https:\/\/www.eliassen.nl\/de\/shop\/\"},{\"@type\":\"ListItem\",\"position\":3,\"name\":\"Wanddekoration\",\"item\":\"https:\/\/www.eliassen.nl\/de\/wanddekoration\/\"},{\"@type\":\"ListItem\",\"position\":4,\"name\":\"Barockspiegel\",\"item\":\"https:\/\/www.eliassen.nl\/de\/wanddekoration\/barockspiegel\/\"},{\"@type\":\"ListItem\",\"position\":5,\"name\":\"Spiegel Barock Rechteck Gent 150x88cm\"}]},{\"@type\":\"WebSite\",\"@id\":\"https:\/\/www.eliassen.nl\/de\/#website\",\"url\":\"https:\/\/www.eliassen.nl\/de\/\",\"name\":\"Eliassen Home & Garden Pleasure\",\"description\":\"\",\"publisher\":{\"@id\":\"https:\/\/www.eliassen.nl\/de\/#organization\"},\"alternateName\":\"Eliassen.nl\",\"potentialAction\":[{\"@type\":\"SearchAction\",\"target\":{\"@type\":\"EntryPoint\",\"urlTemplate\":\"https:\/\/www.eliassen.nl\/de\/?s={search_term_string}\"},\"query-input\":{\"@type\":\"PropertyValueSpecification\",\"valueRequired\":true,\"valueName\":\"search_term_string\"}}],\"inLanguage\":\"de\"},{\"@type\":[\"Organization\",\"Place\"],\"@id\":\"https:\/\/www.eliassen.nl\/de\/#organization\",\"name\":\"Eliassen Home & Garden Pleasure\",\"url\":\"https:\/\/www.eliassen.nl\/de\/\",\"logo\":{\"@id\":\"https:\/\/www.eliassen.nl\/de\/spiegel-barockes-rechteck-gent-150x88cm\/#local-main-organization-logo\"},\"image\":{\"@id\":\"https:\/\/www.eliassen.nl\/de\/spiegel-barockes-rechteck-gent-150x88cm\/#local-main-organization-logo\"},\"sameAs\":[\"https:\/\/www.facebook.com\/TuincentrumEliassenAmmerzoden\",\"https:\/\/www.instagram.com\/eliassenhomeandgarden\/\",\"https:\/\/nl.pinterest.com\/eliassenhomeandgarden\/\",\"https:\/\/www.youtube.com\/@eliassenhomegardenpleasure4558\"],\"telephone\":[],\"openingHoursSpecification\":[{\"@type\":\"OpeningHoursSpecification\",\"dayOfWeek\":[\"Monday\",\"Tuesday\",\"Wednesday\",\"Thursday\",\"Friday\",\"Saturday\",\"Sunday\"],\"opens\":\"09:00\",\"closes\":\"17:00\"}]},{\"@type\":\"ImageObject\",\"inLanguage\":\"de\",\"@id\":\"https:\/\/www.eliassen.nl\/de\/spiegel-barockes-rechteck-gent-150x88cm\/#local-main-organization-logo\",\"url\":\"https:\/\/www.eliassen.nl\/wp-content\/uploads\/2024\/01\/logo_4nd.jpg\",\"contentUrl\":\"https:\/\/www.eliassen.nl\/wp-content\/uploads\/2024\/01\/logo_4nd.jpg\",\"width\":500,\"height\":500,\"caption\":\"Eliassen Home & Garden Pleasure\"}]}<\/script>\n<meta property=\"product:price:amount\" content=\"365.00\" \/>\n<meta property=\"product:price:currency\" content=\"EUR\" \/>\n<meta property=\"og:availability\" content=\"instock\" \/>\n<meta property=\"product:availability\" content=\"instock\" \/>\n<meta property=\"product:retailer_item_id\" content=\"Sp1122\" \/>\n<meta property=\"product:condition\" content=\"new\" \/>\n<!-- \/ Yoast SEO Premium plugin. -->","yoast_head_json":{"title":"Spiegel Barock Rechteck Gent 150x88cm","description":"Einen Barockspiegel kaufen? Schauen Sie sich Eliassens Webshop an oder besuchen Sie den Laden vor Ort !!!","robots":{"index":"index","follow":"follow","max-snippet":"max-snippet:-1","max-image-preview":"max-image-preview:large","max-video-preview":"max-video-preview:-1"},"canonical":"https:\/\/www.eliassen.nl\/de\/spiegel-barockes-rechteck-gent-150x88cm\/","og_locale":"de_DE","og_type":"article","og_title":"Sonstige Spiegel Barock Rechteck Gent 150x88cm - Eliassen.nl","og_description":"Einen Barockspiegel kaufen? Schauen Sie sich Eliassens Webshop an oder besuchen Sie den Laden vor Ort !!!","og_url":"https:\/\/www.eliassen.nl\/de\/spiegel-barockes-rechteck-gent-150x88cm\/","og_site_name":"Eliassen.nl","article_publisher":"https:\/\/www.facebook.com\/TuincentrumEliassenAmmerzoden","article_modified_time":"2025-11-27T14:35:25+00:00","og_image":[{"width":1200,"height":1200,"url":"https:\/\/www.eliassen.nl\/wp-content\/uploads\/2024\/01\/spiegelbarokzwartgoudgenteliassennlsp1122.jpg","type":"image\/jpeg"}],"twitter_card":"summary_large_image","schema":{"@context":"https:\/\/schema.org","@graph":[{"@type":"WebPage","@id":"https:\/\/www.eliassen.nl\/de\/spiegel-barockes-rechteck-gent-150x88cm\/","url":"https:\/\/www.eliassen.nl\/de\/spiegel-barockes-rechteck-gent-150x88cm\/","name":"Spiegel Barock Rechteck Gent 150x88cm","isPartOf":{"@id":"https:\/\/www.eliassen.nl\/de\/#website"},"primaryImageOfPage":{"@id":"https:\/\/www.eliassen.nl\/de\/spiegel-barockes-rechteck-gent-150x88cm\/#primaryimage"},"image":{"@id":"https:\/\/www.eliassen.nl\/de\/spiegel-barockes-rechteck-gent-150x88cm\/#primaryimage"},"thumbnailUrl":"https:\/\/www.eliassen.nl\/wp-content\/uploads\/2024\/01\/spiegelbarokzwartgoudgenteliassennlsp1122.jpg","datePublished":"2024-01-04T11:36:03+00:00","dateModified":"2025-11-27T14:35:25+00:00","description":"Einen Barockspiegel kaufen? Schauen Sie sich Eliassens Webshop an oder besuchen Sie den Laden vor Ort !!!","breadcrumb":{"@id":"https:\/\/www.eliassen.nl\/de\/spiegel-barockes-rechteck-gent-150x88cm\/#breadcrumb"},"inLanguage":"de","potentialAction":[{"@type":"ReadAction","target":["https:\/\/www.eliassen.nl\/de\/spiegel-barockes-rechteck-gent-150x88cm\/"]}]},{"@type":"ImageObject","inLanguage":"de","@id":"https:\/\/www.eliassen.nl\/de\/spiegel-barockes-rechteck-gent-150x88cm\/#primaryimage","url":"https:\/\/www.eliassen.nl\/wp-content\/uploads\/2024\/01\/spiegelbarokzwartgoudgenteliassennlsp1122.jpg","contentUrl":"https:\/\/www.eliassen.nl\/wp-content\/uploads\/2024\/01\/spiegelbarokzwartgoudgenteliassennlsp1122.jpg","width":1200,"height":1200,"caption":"Spiegel Barock Schwarz-Gold Gent Eliassen.nl SP1122"},{"@type":"BreadcrumbList","@id":"https:\/\/www.eliassen.nl\/de\/spiegel-barockes-rechteck-gent-150x88cm\/#breadcrumb","itemListElement":[{"@type":"ListItem","position":1,"name":"Home","item":"https:\/\/www.eliassen.nl\/de\/"},{"@type":"ListItem","position":2,"name":"Shop","item":"https:\/\/www.eliassen.nl\/de\/shop\/"},{"@type":"ListItem","position":3,"name":"Wanddekoration","item":"https:\/\/www.eliassen.nl\/de\/wanddekoration\/"},{"@type":"ListItem","position":4,"name":"Barockspiegel","item":"https:\/\/www.eliassen.nl\/de\/wanddekoration\/barockspiegel\/"},{"@type":"ListItem","position":5,"name":"Spiegel Barock Rechteck Gent 150x88cm"}]},{"@type":"WebSite","@id":"https:\/\/www.eliassen.nl\/de\/#website","url":"https:\/\/www.eliassen.nl\/de\/","name":"Eliassen Home & Garden Pleasure","description":"","publisher":{"@id":"https:\/\/www.eliassen.nl\/de\/#organization"},"alternateName":"Eliassen.nl","potentialAction":[{"@type":"SearchAction","target":{"@type":"EntryPoint","urlTemplate":"https:\/\/www.eliassen.nl\/de\/?s={search_term_string}"},"query-input":{"@type":"PropertyValueSpecification","valueRequired":true,"valueName":"search_term_string"}}],"inLanguage":"de"},{"@type":["Organization","Place"],"@id":"https:\/\/www.eliassen.nl\/de\/#organization","name":"Eliassen Home & Garden Pleasure","url":"https:\/\/www.eliassen.nl\/de\/","logo":{"@id":"https:\/\/www.eliassen.nl\/de\/spiegel-barockes-rechteck-gent-150x88cm\/#local-main-organization-logo"},"image":{"@id":"https:\/\/www.eliassen.nl\/de\/spiegel-barockes-rechteck-gent-150x88cm\/#local-main-organization-logo"},"sameAs":["https:\/\/www.facebook.com\/TuincentrumEliassenAmmerzoden","https:\/\/www.instagram.com\/eliassenhomeandgarden\/","https:\/\/nl.pinterest.com\/eliassenhomeandgarden\/","https:\/\/www.youtube.com\/@eliassenhomegardenpleasure4558"],"telephone":[],"openingHoursSpecification":[{"@type":"OpeningHoursSpecification","dayOfWeek":["Monday","Tuesday","Wednesday","Thursday","Friday","Saturday","Sunday"],"opens":"09:00","closes":"17:00"}]},{"@type":"ImageObject","inLanguage":"de","@id":"https:\/\/www.eliassen.nl\/de\/spiegel-barockes-rechteck-gent-150x88cm\/#local-main-organization-logo","url":"https:\/\/www.eliassen.nl\/wp-content\/uploads\/2024\/01\/logo_4nd.jpg","contentUrl":"https:\/\/www.eliassen.nl\/wp-content\/uploads\/2024\/01\/logo_4nd.jpg","width":500,"height":500,"caption":"Eliassen Home & Garden Pleasure"}]},"product_price_amount":"365.00","product_price_currency":"EUR","og_availability":"instock","product_availability":"instock","product_retailer_item_id":"Sp1122","product_condition":"new"},"df_price":365,"df_sale_price":"","df_regular_price":365,"df_image_link":"https:\/\/www.eliassen.nl\/wp-content\/uploads\/2024\/01\/spiegelbarokzwartgoudgenteliassennlsp1122.jpg","image":"https:\/\/www.eliassen.nl\/wp-content\/uploads\/2024\/01\/spiegelbarokzwartgoudgenteliassennlsp1122.jpg","price_search":"<span class=\"woocommerce-Price-amount amount\"><bdi><span class=\"woocommerce-Price-currencySymbol\">&euro;<\/span>&nbsp;365,00<\/bdi><\/span>","category":"Barockspiegel","global_unique_id":"6096541924909","_links":{"self":[{"href":"https:\/\/www.eliassen.nl\/de\/wp-json\/wp\/v2\/product\/98320","targetHints":{"allow":["GET"]}}],"collection":[{"href":"https:\/\/www.eliassen.nl\/de\/wp-json\/wp\/v2\/product"}],"about":[{"href":"https:\/\/www.eliassen.nl\/de\/wp-json\/wp\/v2\/types\/product"}],"wp:featuredmedia":[{"embeddable":true,"href":"https:\/\/www.eliassen.nl\/de\/wp-json\/wp\/v2\/media\/98314"}],"wp:attachment":[{"href":"https:\/\/www.eliassen.nl\/de\/wp-json\/wp\/v2\/media?parent=98320"}],"wp:term":[{"taxonomy":"product_brand","embeddable":true,"href":"https:\/\/www.eliassen.nl\/de\/wp-json\/wp\/v2\/product_brand?post=98320"},{"taxonomy":"product_cat","embeddable":true,"href":"https:\/\/www.eliassen.nl\/de\/wp-json\/wp\/v2\/product_cat?post=98320"},{"taxonomy":"product_tag","embeddable":true,"href":"https:\/\/www.eliassen.nl\/de\/wp-json\/wp\/v2\/product_tag?post=98320"}],"curies":[{"name":"wp","href":"https:\/\/api.w.org\/{rel}","templated":true}]}}