{"id":98149,"date":"2023-12-20T12:36:52","date_gmt":"2023-12-20T12:36:52","guid":{"rendered":"https:\/\/www.eliassen.nl\/?product=tandwielklok-zwart-geneve-80cm"},"modified":"2025-10-21T16:21:41","modified_gmt":"2025-10-21T14:21:41","slug":"ganguhr-schwarz-geneve-80cm","status":"publish","type":"product","link":"https:\/\/www.eliassen.nl\/de\/ganguhr-schwarz-geneve-80cm\/","title":{"rendered":"Zahnraduhr schwarz Genf 80cm"},"content":{"rendered":"<p>Diese Wanduhr mit vielen Zahnr\u00e4dern ist ein cooler Wandschmuck. Diese Wanduhr hat mit ihrem offenen Hintergrund einen coolen Look. Auf den gro\u00dfen r\u00f6mischen Ziffern befinden sich die gro\u00dfen verschn\u00f6rkelten schwarzen Zeiger.<br \/>\nDie Uhr ist altschwarz und die Zahnr\u00e4der sind goldfarben. Diese Wanduhr verf\u00fcgt \u00fcber viele Zahnr\u00e4der, die sich leise drehen, was f\u00fcr einen spielerischen Effekt sorgt. Sie k\u00f6nnen diesem Drehspiel stundenlang zusehen.<\/p>\n<p><strong>Sie k\u00f6nnen dieses Modell auch live bei uns im Haus besichtigen.<\/strong><\/p>\n<ul>\n<li>Gr\u00f6\u00dfe: Durchmesser 80 cm, Dicke 8 cm<\/li>\n<li>Material: Stahl, Glas<\/li>\n<li>Material Zifferblatt: Metall<\/li>\n<li>Stromversorgung f\u00fcr die Uhr 1x AA-Batterie Stromversorgung f\u00fcr das Getriebe 2x AA-Batterie<\/li>\n<li>Garantie: 1 Jahr<\/li>\n<\/ul>\n","protected":false},"excerpt":{"rendered":"<p>Diese Wanduhr mit vielen Zahnr\u00e4dern ist ein cooler Wandschmuck. Diese Wanduhr hat mit ihrem offenen Hintergrund einen coolen Look. Auf den gro\u00dfen r\u00f6mischen Ziffern befinden sich die gro\u00dfen verschn\u00f6rkelten schwarzen Zeiger. Die Uhr ist altschwarz und die Zahnr\u00e4der sind goldfarben. Diese Wanduhr verf\u00fcgt \u00fcber viele Zahnr\u00e4der, die sich leise drehen, was f\u00fcr einen spielerischen Effekt &hellip;<\/p>\n","protected":false},"featured_media":98146,"template":"","meta":{"_acf_changed":false,"_genesis_title":"","_genesis_description":""},"product_brand":[7481],"product_cat":[509,521],"product_tag":[7429],"class_list":{"0":"post-98149","1":"product","2":"type-product","3":"status-publish","4":"has-post-thumbnail","6":"product_brand-waren","7":"product_cat-wanddekoration","8":"product_cat-wanduhren","9":"product_tag-uhr-gros","11":"first","12":"outofstock","13":"sale","14":"taxable","15":"shipping-taxable","16":"purchasable","17":"product-type-simple"},"acf":[],"meta_all":{"total_sales":"16","wcml_sync_hash":{"postmeta_fields":"b6372ced264c9c796c3f81c936b91b36"},"attr_label_translations":[],"cor_restricted_countries":["DIE"],"cor_product_add":"ja"},"meta_all_flat":{"total_sales":"16","wcml_sync_hash.postmeta_fields":"b6372ced264c9c796c3f81c936b91b36","cor_restricted_countries.0":"DIE","cor_product_add":"ja"},"yoast_head":"<!-- This site is optimized with the Yoast SEO Premium plugin v26.2 (Yoast SEO v27.2) - https:\/\/yoast.com\/product\/yoast-seo-premium-wordpress\/ -->\n<title>Zahnraduhr schwarz Genf 80cm<\/title>\n<meta name=\"description\" content=\"Kaufen Sie bei Eliassen die Uhr mit Zahnr\u00e4dern Open black 80cm online oder sehen Sie sie sich live im Ausstellungsraum an. Wir haben die sch\u00f6nsten Wanddekorationen, Wanduhren\" \/>\n<meta name=\"robots\" content=\"index, follow, max-snippet:-1, max-image-preview:large, max-video-preview:-1\" \/>\n<link rel=\"canonical\" href=\"https:\/\/www.eliassen.nl\/de\/ganguhr-schwarz-geneve-80cm\/\" \/>\n<meta property=\"og:locale\" content=\"de_DE\" \/>\n<meta property=\"og:type\" content=\"article\" \/>\n<meta property=\"og:title\" content=\"Waren Zahnraduhr schwarz Genf 80cm - Eliassen.nl\" \/>\n<meta property=\"og:description\" content=\"Kaufen Sie bei Eliassen die Uhr mit Zahnr\u00e4dern Open black 80cm online oder sehen Sie sie sich live im Ausstellungsraum an. Wir haben die sch\u00f6nsten Wanddekorationen, Wanduhren\" \/>\n<meta property=\"og:url\" content=\"https:\/\/www.eliassen.nl\/de\/ganguhr-schwarz-geneve-80cm\/\" \/>\n<meta property=\"og:site_name\" content=\"Eliassen.nl\" \/>\n<meta property=\"article:publisher\" content=\"https:\/\/www.facebook.com\/TuincentrumEliassenAmmerzoden\" \/>\n<meta property=\"article:modified_time\" content=\"2025-10-21T14:21:41+00:00\" \/>\n<meta property=\"og:image\" content=\"https:\/\/www.eliassen.nl\/wp-content\/uploads\/2024\/01\/g61210850clockgear80cmblack21085.jpg\" \/>\n\t<meta property=\"og:image:width\" content=\"1280\" \/>\n\t<meta property=\"og:image:height\" content=\"1280\" \/>\n\t<meta property=\"og:image:type\" content=\"image\/jpeg\" \/>\n<meta name=\"twitter:card\" content=\"summary_large_image\" \/>\n<script type=\"application\/ld+json\" class=\"yoast-schema-graph\">{\"@context\":\"https:\/\/schema.org\",\"@graph\":[{\"@type\":\"WebPage\",\"@id\":\"https:\/\/www.eliassen.nl\/de\/ganguhr-schwarz-geneve-80cm\/\",\"url\":\"https:\/\/www.eliassen.nl\/de\/ganguhr-schwarz-geneve-80cm\/\",\"name\":\"Zahnraduhr schwarz Genf 80cm\",\"isPartOf\":{\"@id\":\"https:\/\/www.eliassen.nl\/de\/#website\"},\"primaryImageOfPage\":{\"@id\":\"https:\/\/www.eliassen.nl\/de\/ganguhr-schwarz-geneve-80cm\/#primaryimage\"},\"image\":{\"@id\":\"https:\/\/www.eliassen.nl\/de\/ganguhr-schwarz-geneve-80cm\/#primaryimage\"},\"thumbnailUrl\":\"https:\/\/www.eliassen.nl\/wp-content\/uploads\/2024\/01\/g61210850clockgear80cmblack21085.jpg\",\"datePublished\":\"2023-12-20T12:36:52+00:00\",\"dateModified\":\"2025-10-21T14:21:41+00:00\",\"description\":\"Kaufen Sie bei Eliassen die Uhr mit Zahnr\u00e4dern Open black 80cm online oder sehen Sie sie sich live im Ausstellungsraum an. Wir haben die sch\u00f6nsten Wanddekorationen, Wanduhren\",\"breadcrumb\":{\"@id\":\"https:\/\/www.eliassen.nl\/de\/ganguhr-schwarz-geneve-80cm\/#breadcrumb\"},\"inLanguage\":\"de\",\"potentialAction\":[{\"@type\":\"ReadAction\",\"target\":[\"https:\/\/www.eliassen.nl\/de\/ganguhr-schwarz-geneve-80cm\/\"]}]},{\"@type\":\"ImageObject\",\"inLanguage\":\"de\",\"@id\":\"https:\/\/www.eliassen.nl\/de\/ganguhr-schwarz-geneve-80cm\/#primaryimage\",\"url\":\"https:\/\/www.eliassen.nl\/wp-content\/uploads\/2024\/01\/g61210850clockgear80cmblack21085.jpg\",\"contentUrl\":\"https:\/\/www.eliassen.nl\/wp-content\/uploads\/2024\/01\/g61210850clockgear80cmblack21085.jpg\",\"width\":1280,\"height\":1280,\"caption\":\"G6121085_0 Uhrenzahnrad \u00d880cm Schwarz 21085\"},{\"@type\":\"BreadcrumbList\",\"@id\":\"https:\/\/www.eliassen.nl\/de\/ganguhr-schwarz-geneve-80cm\/#breadcrumb\",\"itemListElement\":[{\"@type\":\"ListItem\",\"position\":1,\"name\":\"Home\",\"item\":\"https:\/\/www.eliassen.nl\/de\/\"},{\"@type\":\"ListItem\",\"position\":2,\"name\":\"Shop\",\"item\":\"https:\/\/www.eliassen.nl\/de\/shop\/\"},{\"@type\":\"ListItem\",\"position\":3,\"name\":\"Wanddekoration\",\"item\":\"https:\/\/www.eliassen.nl\/de\/wanddekoration\/\"},{\"@type\":\"ListItem\",\"position\":4,\"name\":\"Wanduhren\",\"item\":\"https:\/\/www.eliassen.nl\/de\/wanddekoration\/wanduhren\/\"},{\"@type\":\"ListItem\",\"position\":5,\"name\":\"Zahnraduhr schwarz Genf 80cm\"}]},{\"@type\":\"WebSite\",\"@id\":\"https:\/\/www.eliassen.nl\/de\/#website\",\"url\":\"https:\/\/www.eliassen.nl\/de\/\",\"name\":\"Eliassen Home & Garden Pleasure\",\"description\":\"\",\"publisher\":{\"@id\":\"https:\/\/www.eliassen.nl\/de\/#organization\"},\"alternateName\":\"Eliassen.nl\",\"potentialAction\":[{\"@type\":\"SearchAction\",\"target\":{\"@type\":\"EntryPoint\",\"urlTemplate\":\"https:\/\/www.eliassen.nl\/de\/?s={search_term_string}\"},\"query-input\":{\"@type\":\"PropertyValueSpecification\",\"valueRequired\":true,\"valueName\":\"search_term_string\"}}],\"inLanguage\":\"de\"},{\"@type\":[\"Organization\",\"Place\"],\"@id\":\"https:\/\/www.eliassen.nl\/de\/#organization\",\"name\":\"Eliassen Home & Garden Pleasure\",\"url\":\"https:\/\/www.eliassen.nl\/de\/\",\"logo\":{\"@id\":\"https:\/\/www.eliassen.nl\/de\/ganguhr-schwarz-geneve-80cm\/#local-main-organization-logo\"},\"image\":{\"@id\":\"https:\/\/www.eliassen.nl\/de\/ganguhr-schwarz-geneve-80cm\/#local-main-organization-logo\"},\"sameAs\":[\"https:\/\/www.facebook.com\/TuincentrumEliassenAmmerzoden\",\"https:\/\/www.instagram.com\/eliassenhomeandgarden\/\",\"https:\/\/nl.pinterest.com\/eliassenhomeandgarden\/\",\"https:\/\/www.youtube.com\/@eliassenhomegardenpleasure4558\"],\"telephone\":[],\"openingHoursSpecification\":[{\"@type\":\"OpeningHoursSpecification\",\"dayOfWeek\":[\"Monday\",\"Tuesday\",\"Wednesday\",\"Thursday\",\"Friday\",\"Saturday\",\"Sunday\"],\"opens\":\"09:00\",\"closes\":\"17:00\"}]},{\"@type\":\"ImageObject\",\"inLanguage\":\"de\",\"@id\":\"https:\/\/www.eliassen.nl\/de\/ganguhr-schwarz-geneve-80cm\/#local-main-organization-logo\",\"url\":\"https:\/\/www.eliassen.nl\/wp-content\/uploads\/2024\/01\/logo_4nd.jpg\",\"contentUrl\":\"https:\/\/www.eliassen.nl\/wp-content\/uploads\/2024\/01\/logo_4nd.jpg\",\"width\":500,\"height\":500,\"caption\":\"Eliassen Home & Garden Pleasure\"}]}<\/script>\n<meta property=\"product:price:amount\" content=\"149.00\" \/>\n<meta property=\"product:price:currency\" content=\"EUR\" \/>\n<meta property=\"og:availability\" content=\"out of stock\" \/>\n<meta property=\"product:availability\" content=\"out of stock\" \/>\n<meta property=\"product:retailer_item_id\" content=\"G6121085\" \/>\n<meta property=\"product:condition\" content=\"new\" \/>\n<!-- \/ Yoast SEO Premium plugin. -->","yoast_head_json":{"title":"Zahnraduhr schwarz Genf 80cm","description":"Kaufen Sie bei Eliassen die Uhr mit Zahnr\u00e4dern Open black 80cm online oder sehen Sie sie sich live im Ausstellungsraum an. Wir haben die sch\u00f6nsten Wanddekorationen, Wanduhren","robots":{"index":"index","follow":"follow","max-snippet":"max-snippet:-1","max-image-preview":"max-image-preview:large","max-video-preview":"max-video-preview:-1"},"canonical":"https:\/\/www.eliassen.nl\/de\/ganguhr-schwarz-geneve-80cm\/","og_locale":"de_DE","og_type":"article","og_title":"Waren Zahnraduhr schwarz Genf 80cm - Eliassen.nl","og_description":"Kaufen Sie bei Eliassen die Uhr mit Zahnr\u00e4dern Open black 80cm online oder sehen Sie sie sich live im Ausstellungsraum an. Wir haben die sch\u00f6nsten Wanddekorationen, Wanduhren","og_url":"https:\/\/www.eliassen.nl\/de\/ganguhr-schwarz-geneve-80cm\/","og_site_name":"Eliassen.nl","article_publisher":"https:\/\/www.facebook.com\/TuincentrumEliassenAmmerzoden","article_modified_time":"2025-10-21T14:21:41+00:00","og_image":[{"width":1280,"height":1280,"url":"https:\/\/www.eliassen.nl\/wp-content\/uploads\/2024\/01\/g61210850clockgear80cmblack21085.jpg","type":"image\/jpeg"}],"twitter_card":"summary_large_image","schema":{"@context":"https:\/\/schema.org","@graph":[{"@type":"WebPage","@id":"https:\/\/www.eliassen.nl\/de\/ganguhr-schwarz-geneve-80cm\/","url":"https:\/\/www.eliassen.nl\/de\/ganguhr-schwarz-geneve-80cm\/","name":"Zahnraduhr schwarz Genf 80cm","isPartOf":{"@id":"https:\/\/www.eliassen.nl\/de\/#website"},"primaryImageOfPage":{"@id":"https:\/\/www.eliassen.nl\/de\/ganguhr-schwarz-geneve-80cm\/#primaryimage"},"image":{"@id":"https:\/\/www.eliassen.nl\/de\/ganguhr-schwarz-geneve-80cm\/#primaryimage"},"thumbnailUrl":"https:\/\/www.eliassen.nl\/wp-content\/uploads\/2024\/01\/g61210850clockgear80cmblack21085.jpg","datePublished":"2023-12-20T12:36:52+00:00","dateModified":"2025-10-21T14:21:41+00:00","description":"Kaufen Sie bei Eliassen die Uhr mit Zahnr\u00e4dern Open black 80cm online oder sehen Sie sie sich live im Ausstellungsraum an. Wir haben die sch\u00f6nsten Wanddekorationen, Wanduhren","breadcrumb":{"@id":"https:\/\/www.eliassen.nl\/de\/ganguhr-schwarz-geneve-80cm\/#breadcrumb"},"inLanguage":"de","potentialAction":[{"@type":"ReadAction","target":["https:\/\/www.eliassen.nl\/de\/ganguhr-schwarz-geneve-80cm\/"]}]},{"@type":"ImageObject","inLanguage":"de","@id":"https:\/\/www.eliassen.nl\/de\/ganguhr-schwarz-geneve-80cm\/#primaryimage","url":"https:\/\/www.eliassen.nl\/wp-content\/uploads\/2024\/01\/g61210850clockgear80cmblack21085.jpg","contentUrl":"https:\/\/www.eliassen.nl\/wp-content\/uploads\/2024\/01\/g61210850clockgear80cmblack21085.jpg","width":1280,"height":1280,"caption":"G6121085_0 Uhrenzahnrad \u00d880cm Schwarz 21085"},{"@type":"BreadcrumbList","@id":"https:\/\/www.eliassen.nl\/de\/ganguhr-schwarz-geneve-80cm\/#breadcrumb","itemListElement":[{"@type":"ListItem","position":1,"name":"Home","item":"https:\/\/www.eliassen.nl\/de\/"},{"@type":"ListItem","position":2,"name":"Shop","item":"https:\/\/www.eliassen.nl\/de\/shop\/"},{"@type":"ListItem","position":3,"name":"Wanddekoration","item":"https:\/\/www.eliassen.nl\/de\/wanddekoration\/"},{"@type":"ListItem","position":4,"name":"Wanduhren","item":"https:\/\/www.eliassen.nl\/de\/wanddekoration\/wanduhren\/"},{"@type":"ListItem","position":5,"name":"Zahnraduhr schwarz Genf 80cm"}]},{"@type":"WebSite","@id":"https:\/\/www.eliassen.nl\/de\/#website","url":"https:\/\/www.eliassen.nl\/de\/","name":"Eliassen Home & Garden Pleasure","description":"","publisher":{"@id":"https:\/\/www.eliassen.nl\/de\/#organization"},"alternateName":"Eliassen.nl","potentialAction":[{"@type":"SearchAction","target":{"@type":"EntryPoint","urlTemplate":"https:\/\/www.eliassen.nl\/de\/?s={search_term_string}"},"query-input":{"@type":"PropertyValueSpecification","valueRequired":true,"valueName":"search_term_string"}}],"inLanguage":"de"},{"@type":["Organization","Place"],"@id":"https:\/\/www.eliassen.nl\/de\/#organization","name":"Eliassen Home & Garden Pleasure","url":"https:\/\/www.eliassen.nl\/de\/","logo":{"@id":"https:\/\/www.eliassen.nl\/de\/ganguhr-schwarz-geneve-80cm\/#local-main-organization-logo"},"image":{"@id":"https:\/\/www.eliassen.nl\/de\/ganguhr-schwarz-geneve-80cm\/#local-main-organization-logo"},"sameAs":["https:\/\/www.facebook.com\/TuincentrumEliassenAmmerzoden","https:\/\/www.instagram.com\/eliassenhomeandgarden\/","https:\/\/nl.pinterest.com\/eliassenhomeandgarden\/","https:\/\/www.youtube.com\/@eliassenhomegardenpleasure4558"],"telephone":[],"openingHoursSpecification":[{"@type":"OpeningHoursSpecification","dayOfWeek":["Monday","Tuesday","Wednesday","Thursday","Friday","Saturday","Sunday"],"opens":"09:00","closes":"17:00"}]},{"@type":"ImageObject","inLanguage":"de","@id":"https:\/\/www.eliassen.nl\/de\/ganguhr-schwarz-geneve-80cm\/#local-main-organization-logo","url":"https:\/\/www.eliassen.nl\/wp-content\/uploads\/2024\/01\/logo_4nd.jpg","contentUrl":"https:\/\/www.eliassen.nl\/wp-content\/uploads\/2024\/01\/logo_4nd.jpg","width":500,"height":500,"caption":"Eliassen Home & Garden Pleasure"}]},"product_price_amount":"149.00","product_price_currency":"EUR","og_availability":"out of stock","product_availability":"out of stock","product_retailer_item_id":"G6121085","product_condition":"new"},"df_price":149,"df_sale_price":149,"df_regular_price":235,"df_image_link":"https:\/\/www.eliassen.nl\/wp-content\/uploads\/2024\/01\/g61210850clockgear80cmblack21085.jpg","image":"https:\/\/www.eliassen.nl\/wp-content\/uploads\/2024\/01\/g61210850clockgear80cmblack21085.jpg","price_search":"<span class=\"woocommerce-Price-amount amount\"><bdi><span class=\"woocommerce-Price-currencySymbol\">&euro;<\/span>&nbsp;149,00<\/bdi><\/span>","category":"Wanddekoration","global_unique_id":"8719716121085","_links":{"self":[{"href":"https:\/\/www.eliassen.nl\/de\/wp-json\/wp\/v2\/product\/98149","targetHints":{"allow":["GET"]}}],"collection":[{"href":"https:\/\/www.eliassen.nl\/de\/wp-json\/wp\/v2\/product"}],"about":[{"href":"https:\/\/www.eliassen.nl\/de\/wp-json\/wp\/v2\/types\/product"}],"wp:featuredmedia":[{"embeddable":true,"href":"https:\/\/www.eliassen.nl\/de\/wp-json\/wp\/v2\/media\/98146"}],"wp:attachment":[{"href":"https:\/\/www.eliassen.nl\/de\/wp-json\/wp\/v2\/media?parent=98149"}],"wp:term":[{"taxonomy":"product_brand","embeddable":true,"href":"https:\/\/www.eliassen.nl\/de\/wp-json\/wp\/v2\/product_brand?post=98149"},{"taxonomy":"product_cat","embeddable":true,"href":"https:\/\/www.eliassen.nl\/de\/wp-json\/wp\/v2\/product_cat?post=98149"},{"taxonomy":"product_tag","embeddable":true,"href":"https:\/\/www.eliassen.nl\/de\/wp-json\/wp\/v2\/product_tag?post=98149"}],"curies":[{"name":"wp","href":"https:\/\/api.w.org\/{rel}","templated":true}]}}