{"id":97741,"date":"2023-12-11T12:35:08","date_gmt":"2023-12-11T12:35:08","guid":{"rendered":"https:\/\/www.eliassen.nl\/?product=levensboom-op-houten-voet-kringloop-42cm"},"modified":"2025-11-27T14:01:08","modified_gmt":"2025-11-27T13:01:08","slug":"lebensbaum-auf-holzsockel-zyklus-42cm","status":"publish","type":"product","link":"https:\/\/www.eliassen.nl\/de\/lebensbaum-auf-holzsockel-zyklus-42cm\/","title":{"rendered":"Baum des Lebens auf Holzsockel Kreis 42cm"},"content":{"rendered":"<p>Sie passt immer in Ihr Interieur oder in ein anderes, in dem Sie diese symbolische Skulptur verschenken. Wir haben fast die gesamte Sammlung von Lebensb\u00e4umen dieser Serie auch in unserem Gesch\u00e4ft, was in den Niederlanden einzigartig ist.<br \/>\nNirgendwo werden Sie eine so gro\u00dfe Sammlung von Lebensb\u00e4umen finden. Wir haben Lebensbomben aus Holz, Stein und Aluminium Sie sind herzlich willkommen.<\/p>\n<ul>\n<li>  Gr\u00f6\u00dfe 42cm hoch<\/li>\n<li>  Aluminiumguss auf Holzsockel<\/li>\n<li>  Irgendwo platzieren<\/li>\n<li> Schnelle Lieferung<\/li>\n<li>1 Jahr Garantie<\/li>\n<\/ul>\n<p>Der Baum des Lebens symbolisiert Weisheit, Lebenserfahrung, Schutz, St\u00e4rke, F\u00fclle, Sch\u00f6nheit und Erl\u00f6sung. Au\u00dferdem ist der Baum des Lebens nat\u00fcrlich ein Symbol f\u00fcr das Leben selbst. Der Baum symbolisiert Wachstum, St\u00e4rke, pers\u00f6nliche Entwicklung und Charakter.<\/p>\n<p>Au\u00dferdem steht der Baum des Lebens f\u00fcr den Kreislauf der Natur, der Biologie, des Lebens und des Sterbens.<\/p>\n","protected":false},"excerpt":{"rendered":"<p>Ein symbolisches St\u00fcck Dekoration<\/p>\n","protected":false},"featured_media":97738,"template":"","meta":{"_acf_changed":false,"_genesis_title":"","_genesis_description":""},"product_brand":[7505],"product_cat":[6999,665,659,7239],"product_tag":[],"class_list":{"0":"post-97741","1":"product","2":"type-product","3":"status-publish","4":"has-post-thumbnail","6":"product_brand-sonstige","7":"product_cat-aluminiumstatuen","8":"product_cat-dekofiguren-aus-metall","9":"product_cat-dekoration-aus-metall","10":"product_cat-bilder","12":"first","13":"instock","14":"taxable","15":"shipping-taxable","16":"purchasable","17":"product-type-simple"},"acf":[],"meta_all":{"total_sales":"3","wcml_sync_hash":{"postmeta_fields":"6ac9d45c67803c1d54bf0074ae647190"},"attr_label_translations":[]},"meta_all_flat":{"total_sales":"3","wcml_sync_hash.postmeta_fields":"6ac9d45c67803c1d54bf0074ae647190"},"yoast_head":"<!-- This site is optimized with the Yoast SEO Premium plugin v26.2 (Yoast SEO v27.2) - https:\/\/yoast.com\/product\/yoast-seo-premium-wordpress\/ -->\n<title>Baum des Lebens auf Holzsockel Kreis 42cm<\/title>\n<meta name=\"description\" content=\"M\u00f6chten Sie einen Baum des Lebens kaufen? Bei Eliassen gibt es sie in vielen Varianten! Auch live zu sehen !!!\" \/>\n<meta name=\"robots\" content=\"index, follow, max-snippet:-1, max-image-preview:large, max-video-preview:-1\" \/>\n<link rel=\"canonical\" href=\"https:\/\/www.eliassen.nl\/de\/lebensbaum-auf-holzsockel-zyklus-42cm\/\" \/>\n<meta property=\"og:locale\" content=\"de_DE\" \/>\n<meta property=\"og:type\" content=\"article\" \/>\n<meta property=\"og:title\" content=\"Sonstige Baum des Lebens auf Holzsockel Kreis 42cm - Eliassen.nl\" \/>\n<meta property=\"og:description\" content=\"M\u00f6chten Sie einen Baum des Lebens kaufen? Bei Eliassen gibt es sie in vielen Varianten! Auch live zu sehen !!!\" \/>\n<meta property=\"og:url\" content=\"https:\/\/www.eliassen.nl\/de\/lebensbaum-auf-holzsockel-zyklus-42cm\/\" \/>\n<meta property=\"og:site_name\" content=\"Eliassen.nl\" \/>\n<meta property=\"article:publisher\" content=\"https:\/\/www.facebook.com\/TuincentrumEliassenAmmerzoden\" \/>\n<meta property=\"article:modified_time\" content=\"2025-11-27T13:01:08+00:00\" \/>\n<meta property=\"og:image\" content=\"https:\/\/www.eliassen.nl\/wp-content\/uploads\/2024\/01\/levensboomkringloop42cmeliassennl529992.jpg\" \/>\n\t<meta property=\"og:image:width\" content=\"2048\" \/>\n\t<meta property=\"og:image:height\" content=\"1536\" \/>\n\t<meta property=\"og:image:type\" content=\"image\/jpeg\" \/>\n<meta name=\"twitter:card\" content=\"summary_large_image\" \/>\n<script type=\"application\/ld+json\" class=\"yoast-schema-graph\">{\"@context\":\"https:\/\/schema.org\",\"@graph\":[{\"@type\":\"WebPage\",\"@id\":\"https:\/\/www.eliassen.nl\/de\/lebensbaum-auf-holzsockel-zyklus-42cm\/\",\"url\":\"https:\/\/www.eliassen.nl\/de\/lebensbaum-auf-holzsockel-zyklus-42cm\/\",\"name\":\"Baum des Lebens auf Holzsockel Kreis 42cm\",\"isPartOf\":{\"@id\":\"https:\/\/www.eliassen.nl\/de\/#website\"},\"primaryImageOfPage\":{\"@id\":\"https:\/\/www.eliassen.nl\/de\/lebensbaum-auf-holzsockel-zyklus-42cm\/#primaryimage\"},\"image\":{\"@id\":\"https:\/\/www.eliassen.nl\/de\/lebensbaum-auf-holzsockel-zyklus-42cm\/#primaryimage\"},\"thumbnailUrl\":\"https:\/\/www.eliassen.nl\/wp-content\/uploads\/2024\/01\/levensboomkringloop42cmeliassennl529992.jpg\",\"datePublished\":\"2023-12-11T12:35:08+00:00\",\"dateModified\":\"2025-11-27T13:01:08+00:00\",\"description\":\"M\u00f6chten Sie einen Baum des Lebens kaufen? Bei Eliassen gibt es sie in vielen Varianten! Auch live zu sehen !!!\",\"breadcrumb\":{\"@id\":\"https:\/\/www.eliassen.nl\/de\/lebensbaum-auf-holzsockel-zyklus-42cm\/#breadcrumb\"},\"inLanguage\":\"de\",\"potentialAction\":[{\"@type\":\"ReadAction\",\"target\":[\"https:\/\/www.eliassen.nl\/de\/lebensbaum-auf-holzsockel-zyklus-42cm\/\"]}]},{\"@type\":\"ImageObject\",\"inLanguage\":\"de\",\"@id\":\"https:\/\/www.eliassen.nl\/de\/lebensbaum-auf-holzsockel-zyklus-42cm\/#primaryimage\",\"url\":\"https:\/\/www.eliassen.nl\/wp-content\/uploads\/2024\/01\/levensboomkringloop42cmeliassennl529992.jpg\",\"contentUrl\":\"https:\/\/www.eliassen.nl\/wp-content\/uploads\/2024\/01\/levensboomkringloop42cmeliassennl529992.jpg\",\"width\":2048,\"height\":1536,\"caption\":\"Baum des Lebens Kreis 42cm Eliassen.nl 529992\"},{\"@type\":\"BreadcrumbList\",\"@id\":\"https:\/\/www.eliassen.nl\/de\/lebensbaum-auf-holzsockel-zyklus-42cm\/#breadcrumb\",\"itemListElement\":[{\"@type\":\"ListItem\",\"position\":1,\"name\":\"Home\",\"item\":\"https:\/\/www.eliassen.nl\/de\/\"},{\"@type\":\"ListItem\",\"position\":2,\"name\":\"Shop\",\"item\":\"https:\/\/www.eliassen.nl\/de\/shop\/\"},{\"@type\":\"ListItem\",\"position\":3,\"name\":\"Bilder\",\"item\":\"https:\/\/www.eliassen.nl\/de\/bilder\/\"},{\"@type\":\"ListItem\",\"position\":4,\"name\":\"Aluminiumstatuen\",\"item\":\"https:\/\/www.eliassen.nl\/de\/bilder\/aluminiumstatuen\/\"},{\"@type\":\"ListItem\",\"position\":5,\"name\":\"Baum des Lebens auf Holzsockel Kreis 42cm\"}]},{\"@type\":\"WebSite\",\"@id\":\"https:\/\/www.eliassen.nl\/de\/#website\",\"url\":\"https:\/\/www.eliassen.nl\/de\/\",\"name\":\"Eliassen Home & Garden Pleasure\",\"description\":\"\",\"publisher\":{\"@id\":\"https:\/\/www.eliassen.nl\/de\/#organization\"},\"alternateName\":\"Eliassen.nl\",\"potentialAction\":[{\"@type\":\"SearchAction\",\"target\":{\"@type\":\"EntryPoint\",\"urlTemplate\":\"https:\/\/www.eliassen.nl\/de\/?s={search_term_string}\"},\"query-input\":{\"@type\":\"PropertyValueSpecification\",\"valueRequired\":true,\"valueName\":\"search_term_string\"}}],\"inLanguage\":\"de\"},{\"@type\":[\"Organization\",\"Place\"],\"@id\":\"https:\/\/www.eliassen.nl\/de\/#organization\",\"name\":\"Eliassen Home & Garden Pleasure\",\"url\":\"https:\/\/www.eliassen.nl\/de\/\",\"logo\":{\"@id\":\"https:\/\/www.eliassen.nl\/de\/lebensbaum-auf-holzsockel-zyklus-42cm\/#local-main-organization-logo\"},\"image\":{\"@id\":\"https:\/\/www.eliassen.nl\/de\/lebensbaum-auf-holzsockel-zyklus-42cm\/#local-main-organization-logo\"},\"sameAs\":[\"https:\/\/www.facebook.com\/TuincentrumEliassenAmmerzoden\",\"https:\/\/www.instagram.com\/eliassenhomeandgarden\/\",\"https:\/\/nl.pinterest.com\/eliassenhomeandgarden\/\",\"https:\/\/www.youtube.com\/@eliassenhomegardenpleasure4558\"],\"telephone\":[],\"openingHoursSpecification\":[{\"@type\":\"OpeningHoursSpecification\",\"dayOfWeek\":[\"Monday\",\"Tuesday\",\"Wednesday\",\"Thursday\",\"Friday\",\"Saturday\",\"Sunday\"],\"opens\":\"09:00\",\"closes\":\"17:00\"}]},{\"@type\":\"ImageObject\",\"inLanguage\":\"de\",\"@id\":\"https:\/\/www.eliassen.nl\/de\/lebensbaum-auf-holzsockel-zyklus-42cm\/#local-main-organization-logo\",\"url\":\"https:\/\/www.eliassen.nl\/wp-content\/uploads\/2024\/01\/logo_4nd.jpg\",\"contentUrl\":\"https:\/\/www.eliassen.nl\/wp-content\/uploads\/2024\/01\/logo_4nd.jpg\",\"width\":500,\"height\":500,\"caption\":\"Eliassen Home & Garden Pleasure\"}]}<\/script>\n<meta property=\"product:price:amount\" content=\"42.50\" \/>\n<meta property=\"product:price:currency\" content=\"EUR\" \/>\n<meta property=\"og:availability\" content=\"instock\" \/>\n<meta property=\"product:availability\" content=\"instock\" \/>\n<meta property=\"product:retailer_item_id\" content=\"529992\" \/>\n<meta property=\"product:condition\" content=\"new\" \/>\n<!-- \/ Yoast SEO Premium plugin. -->","yoast_head_json":{"title":"Baum des Lebens auf Holzsockel Kreis 42cm","description":"M\u00f6chten Sie einen Baum des Lebens kaufen? Bei Eliassen gibt es sie in vielen Varianten! Auch live zu sehen !!!","robots":{"index":"index","follow":"follow","max-snippet":"max-snippet:-1","max-image-preview":"max-image-preview:large","max-video-preview":"max-video-preview:-1"},"canonical":"https:\/\/www.eliassen.nl\/de\/lebensbaum-auf-holzsockel-zyklus-42cm\/","og_locale":"de_DE","og_type":"article","og_title":"Sonstige Baum des Lebens auf Holzsockel Kreis 42cm - Eliassen.nl","og_description":"M\u00f6chten Sie einen Baum des Lebens kaufen? Bei Eliassen gibt es sie in vielen Varianten! Auch live zu sehen !!!","og_url":"https:\/\/www.eliassen.nl\/de\/lebensbaum-auf-holzsockel-zyklus-42cm\/","og_site_name":"Eliassen.nl","article_publisher":"https:\/\/www.facebook.com\/TuincentrumEliassenAmmerzoden","article_modified_time":"2025-11-27T13:01:08+00:00","og_image":[{"width":2048,"height":1536,"url":"https:\/\/www.eliassen.nl\/wp-content\/uploads\/2024\/01\/levensboomkringloop42cmeliassennl529992.jpg","type":"image\/jpeg"}],"twitter_card":"summary_large_image","schema":{"@context":"https:\/\/schema.org","@graph":[{"@type":"WebPage","@id":"https:\/\/www.eliassen.nl\/de\/lebensbaum-auf-holzsockel-zyklus-42cm\/","url":"https:\/\/www.eliassen.nl\/de\/lebensbaum-auf-holzsockel-zyklus-42cm\/","name":"Baum des Lebens auf Holzsockel Kreis 42cm","isPartOf":{"@id":"https:\/\/www.eliassen.nl\/de\/#website"},"primaryImageOfPage":{"@id":"https:\/\/www.eliassen.nl\/de\/lebensbaum-auf-holzsockel-zyklus-42cm\/#primaryimage"},"image":{"@id":"https:\/\/www.eliassen.nl\/de\/lebensbaum-auf-holzsockel-zyklus-42cm\/#primaryimage"},"thumbnailUrl":"https:\/\/www.eliassen.nl\/wp-content\/uploads\/2024\/01\/levensboomkringloop42cmeliassennl529992.jpg","datePublished":"2023-12-11T12:35:08+00:00","dateModified":"2025-11-27T13:01:08+00:00","description":"M\u00f6chten Sie einen Baum des Lebens kaufen? Bei Eliassen gibt es sie in vielen Varianten! Auch live zu sehen !!!","breadcrumb":{"@id":"https:\/\/www.eliassen.nl\/de\/lebensbaum-auf-holzsockel-zyklus-42cm\/#breadcrumb"},"inLanguage":"de","potentialAction":[{"@type":"ReadAction","target":["https:\/\/www.eliassen.nl\/de\/lebensbaum-auf-holzsockel-zyklus-42cm\/"]}]},{"@type":"ImageObject","inLanguage":"de","@id":"https:\/\/www.eliassen.nl\/de\/lebensbaum-auf-holzsockel-zyklus-42cm\/#primaryimage","url":"https:\/\/www.eliassen.nl\/wp-content\/uploads\/2024\/01\/levensboomkringloop42cmeliassennl529992.jpg","contentUrl":"https:\/\/www.eliassen.nl\/wp-content\/uploads\/2024\/01\/levensboomkringloop42cmeliassennl529992.jpg","width":2048,"height":1536,"caption":"Baum des Lebens Kreis 42cm Eliassen.nl 529992"},{"@type":"BreadcrumbList","@id":"https:\/\/www.eliassen.nl\/de\/lebensbaum-auf-holzsockel-zyklus-42cm\/#breadcrumb","itemListElement":[{"@type":"ListItem","position":1,"name":"Home","item":"https:\/\/www.eliassen.nl\/de\/"},{"@type":"ListItem","position":2,"name":"Shop","item":"https:\/\/www.eliassen.nl\/de\/shop\/"},{"@type":"ListItem","position":3,"name":"Bilder","item":"https:\/\/www.eliassen.nl\/de\/bilder\/"},{"@type":"ListItem","position":4,"name":"Aluminiumstatuen","item":"https:\/\/www.eliassen.nl\/de\/bilder\/aluminiumstatuen\/"},{"@type":"ListItem","position":5,"name":"Baum des Lebens auf Holzsockel Kreis 42cm"}]},{"@type":"WebSite","@id":"https:\/\/www.eliassen.nl\/de\/#website","url":"https:\/\/www.eliassen.nl\/de\/","name":"Eliassen Home & Garden Pleasure","description":"","publisher":{"@id":"https:\/\/www.eliassen.nl\/de\/#organization"},"alternateName":"Eliassen.nl","potentialAction":[{"@type":"SearchAction","target":{"@type":"EntryPoint","urlTemplate":"https:\/\/www.eliassen.nl\/de\/?s={search_term_string}"},"query-input":{"@type":"PropertyValueSpecification","valueRequired":true,"valueName":"search_term_string"}}],"inLanguage":"de"},{"@type":["Organization","Place"],"@id":"https:\/\/www.eliassen.nl\/de\/#organization","name":"Eliassen Home & Garden Pleasure","url":"https:\/\/www.eliassen.nl\/de\/","logo":{"@id":"https:\/\/www.eliassen.nl\/de\/lebensbaum-auf-holzsockel-zyklus-42cm\/#local-main-organization-logo"},"image":{"@id":"https:\/\/www.eliassen.nl\/de\/lebensbaum-auf-holzsockel-zyklus-42cm\/#local-main-organization-logo"},"sameAs":["https:\/\/www.facebook.com\/TuincentrumEliassenAmmerzoden","https:\/\/www.instagram.com\/eliassenhomeandgarden\/","https:\/\/nl.pinterest.com\/eliassenhomeandgarden\/","https:\/\/www.youtube.com\/@eliassenhomegardenpleasure4558"],"telephone":[],"openingHoursSpecification":[{"@type":"OpeningHoursSpecification","dayOfWeek":["Monday","Tuesday","Wednesday","Thursday","Friday","Saturday","Sunday"],"opens":"09:00","closes":"17:00"}]},{"@type":"ImageObject","inLanguage":"de","@id":"https:\/\/www.eliassen.nl\/de\/lebensbaum-auf-holzsockel-zyklus-42cm\/#local-main-organization-logo","url":"https:\/\/www.eliassen.nl\/wp-content\/uploads\/2024\/01\/logo_4nd.jpg","contentUrl":"https:\/\/www.eliassen.nl\/wp-content\/uploads\/2024\/01\/logo_4nd.jpg","width":500,"height":500,"caption":"Eliassen Home & Garden Pleasure"}]},"product_price_amount":"42.50","product_price_currency":"EUR","og_availability":"instock","product_availability":"instock","product_retailer_item_id":"529992","product_condition":"new"},"df_price":42.5,"df_sale_price":"","df_regular_price":42.5,"df_image_link":"https:\/\/www.eliassen.nl\/wp-content\/uploads\/2024\/01\/levensboomkringloop42cmeliassennl529992.jpg","image":"https:\/\/www.eliassen.nl\/wp-content\/uploads\/2024\/01\/levensboomkringloop42cmeliassennl529992.jpg","price_search":"<span class=\"woocommerce-Price-amount amount\"><bdi><span class=\"woocommerce-Price-currencySymbol\">&euro;<\/span>&nbsp;42,50<\/bdi><\/span>","category":"Aluminiumstatuen","global_unique_id":"4025809529992","_links":{"self":[{"href":"https:\/\/www.eliassen.nl\/de\/wp-json\/wp\/v2\/product\/97741","targetHints":{"allow":["GET"]}}],"collection":[{"href":"https:\/\/www.eliassen.nl\/de\/wp-json\/wp\/v2\/product"}],"about":[{"href":"https:\/\/www.eliassen.nl\/de\/wp-json\/wp\/v2\/types\/product"}],"wp:featuredmedia":[{"embeddable":true,"href":"https:\/\/www.eliassen.nl\/de\/wp-json\/wp\/v2\/media\/97738"}],"wp:attachment":[{"href":"https:\/\/www.eliassen.nl\/de\/wp-json\/wp\/v2\/media?parent=97741"}],"wp:term":[{"taxonomy":"product_brand","embeddable":true,"href":"https:\/\/www.eliassen.nl\/de\/wp-json\/wp\/v2\/product_brand?post=97741"},{"taxonomy":"product_cat","embeddable":true,"href":"https:\/\/www.eliassen.nl\/de\/wp-json\/wp\/v2\/product_cat?post=97741"},{"taxonomy":"product_tag","embeddable":true,"href":"https:\/\/www.eliassen.nl\/de\/wp-json\/wp\/v2\/product_tag?post=97741"}],"curies":[{"name":"wp","href":"https:\/\/api.w.org\/{rel}","templated":true}]}}