{"id":97489,"date":"2023-12-04T14:26:05","date_gmt":"2023-12-04T14:26:05","guid":{"rendered":"https:\/\/www.eliassen.nl\/?product=zuil-hout-twist-60cm"},"modified":"2025-11-27T15:12:58","modified_gmt":"2025-11-27T14:12:58","slug":"saule-holz-twist-60cm","status":"publish","type":"product","link":"https:\/\/www.eliassen.nl\/de\/saule-holz-twist-60cm\/","title":{"rendered":"S\u00e4ule Holz Twist 60cm"},"content":{"rendered":"<p>Holen Sie sich mit diesem gedrechselten Holzsockel pure Sch\u00f6nheit aus der Natur in Ihr Zuhause.<\/p>\n<p>Hergestellt aus einem Block Suar-Holz, sch\u00f6n verarbeitet, sch\u00f6n gegl\u00e4ttet. Sch\u00f6ne Eleganz und ausgepr\u00e4gte, gedrehte Form. Super sch\u00f6n und elegant in Kombination mit einer Skulptur, einem Topf mit Pflanze, etc. Denken Sie daran, dass in gro\u00dfvolumigem Holz Risse entstehen k\u00f6nnen.<\/p>\n<p><strong>Diesen Sockel k\u00f6nnen Sie sich auch in unserem Shop ansehen.<\/strong><\/p>\n<ul>\n<li>Gr\u00f6\u00dfe: 30x30x60cm hoch<\/li>\n<li>Material: Massivholz Suar, unbehandelt<\/li>\n<li>Nur im Innenbereich wegen Ergrauen<\/li>\n<li>Farbe: nat\u00fcrlich<\/li>\n<li>Sehr stilvoll<\/li>\n<li>Maximale Belastung: 120 kg<\/li>\n<li>Material: geschliffenes Holz, sonst unbehandelt<\/li>\n<li>3 Jahre Garantie, ausgenommen \u00e4u\u00dfere Sch\u00e4den und Risse<\/li>\n<\/ul>\n","protected":false},"excerpt":{"rendered":"<p>Wundersch\u00f6n gefertigter Sockel aus massivem Suarholz<\/p>\n","protected":false},"featured_media":97462,"template":"","meta":{"_acf_changed":false,"_genesis_title":"","_genesis_description":""},"product_brand":[7505],"product_cat":[794,782],"product_tag":[],"class_list":{"0":"post-97489","1":"product","2":"type-product","3":"status-publish","4":"has-post-thumbnail","6":"product_brand-sonstige","7":"product_cat-holzsockel","8":"product_cat-sockel","10":"first","11":"instock","12":"taxable","13":"shipping-taxable","14":"purchasable","15":"product-type-simple"},"acf":[],"meta_all":{"total_sales":"5","wcml_sync_hash":{"postmeta_fields":"52cbfb700f87322f7cd4b07492af6b97"},"attr_label_translations":[]},"meta_all_flat":{"total_sales":"5","wcml_sync_hash.postmeta_fields":"52cbfb700f87322f7cd4b07492af6b97"},"yoast_head":"<!-- This site is optimized with the Yoast SEO Premium plugin v26.2 (Yoast SEO v27.2) - https:\/\/yoast.com\/product\/yoast-seo-premium-wordpress\/ -->\n<title>S\u00e4ule Holz Twist 60cm<\/title>\n<meta name=\"description\" content=\"Sie m\u00f6chten einen stilvollen Sockel aus Holz kaufen? Dieses gedrehte Modell ist ein sch\u00f6ner Blickfang f\u00fcr jede Art von Interieur. Sch\u00f6n f\u00fcr das B\u00fcro oder das Wohnzimmer.\" \/>\n<meta name=\"robots\" content=\"index, follow, max-snippet:-1, max-image-preview:large, max-video-preview:-1\" \/>\n<link rel=\"canonical\" href=\"https:\/\/www.eliassen.nl\/de\/saule-holz-twist-60cm\/\" \/>\n<meta property=\"og:locale\" content=\"de_DE\" \/>\n<meta property=\"og:type\" content=\"article\" \/>\n<meta property=\"og:title\" content=\"Sonstige S\u00e4ule Holz Twist 60cm - Eliassen.nl\" \/>\n<meta property=\"og:description\" content=\"Sie m\u00f6chten einen stilvollen Sockel aus Holz kaufen? Dieses gedrehte Modell ist ein sch\u00f6ner Blickfang f\u00fcr jede Art von Interieur. Sch\u00f6n f\u00fcr das B\u00fcro oder das Wohnzimmer.\" \/>\n<meta property=\"og:url\" content=\"https:\/\/www.eliassen.nl\/de\/saule-holz-twist-60cm\/\" \/>\n<meta property=\"og:site_name\" content=\"Eliassen.nl\" \/>\n<meta property=\"article:publisher\" content=\"https:\/\/www.facebook.com\/TuincentrumEliassenAmmerzoden\" \/>\n<meta property=\"article:modified_time\" content=\"2025-11-27T14:12:58+00:00\" \/>\n<meta property=\"og:image\" content=\"https:\/\/www.eliassen.nl\/wp-content\/uploads\/2024\/01\/kleinste4zuilhouttwist60cmeliassennl.jpg\" \/>\n\t<meta property=\"og:image:width\" content=\"1500\" \/>\n\t<meta property=\"og:image:height\" content=\"2000\" \/>\n\t<meta property=\"og:image:type\" content=\"image\/jpeg\" \/>\n<meta name=\"twitter:card\" content=\"summary_large_image\" \/>\n<script type=\"application\/ld+json\" class=\"yoast-schema-graph\">{\"@context\":\"https:\/\/schema.org\",\"@graph\":[{\"@type\":\"WebPage\",\"@id\":\"https:\/\/www.eliassen.nl\/de\/saule-holz-twist-60cm\/\",\"url\":\"https:\/\/www.eliassen.nl\/de\/saule-holz-twist-60cm\/\",\"name\":\"S\u00e4ule Holz Twist 60cm\",\"isPartOf\":{\"@id\":\"https:\/\/www.eliassen.nl\/de\/#website\"},\"primaryImageOfPage\":{\"@id\":\"https:\/\/www.eliassen.nl\/de\/saule-holz-twist-60cm\/#primaryimage\"},\"image\":{\"@id\":\"https:\/\/www.eliassen.nl\/de\/saule-holz-twist-60cm\/#primaryimage\"},\"thumbnailUrl\":\"https:\/\/www.eliassen.nl\/wp-content\/uploads\/2024\/01\/kleinste4zuilhouttwist60cmeliassennl.jpg\",\"datePublished\":\"2023-12-04T14:26:05+00:00\",\"dateModified\":\"2025-11-27T14:12:58+00:00\",\"description\":\"Sie m\u00f6chten einen stilvollen Sockel aus Holz kaufen? Dieses gedrehte Modell ist ein sch\u00f6ner Blickfang f\u00fcr jede Art von Interieur. Sch\u00f6n f\u00fcr das B\u00fcro oder das Wohnzimmer.\",\"breadcrumb\":{\"@id\":\"https:\/\/www.eliassen.nl\/de\/saule-holz-twist-60cm\/#breadcrumb\"},\"inLanguage\":\"de\",\"potentialAction\":[{\"@type\":\"ReadAction\",\"target\":[\"https:\/\/www.eliassen.nl\/de\/saule-holz-twist-60cm\/\"]}]},{\"@type\":\"ImageObject\",\"inLanguage\":\"de\",\"@id\":\"https:\/\/www.eliassen.nl\/de\/saule-holz-twist-60cm\/#primaryimage\",\"url\":\"https:\/\/www.eliassen.nl\/wp-content\/uploads\/2024\/01\/kleinste4zuilhouttwist60cmeliassennl.jpg\",\"contentUrl\":\"https:\/\/www.eliassen.nl\/wp-content\/uploads\/2024\/01\/kleinste4zuilhouttwist60cmeliassennl.jpg\",\"width\":1500,\"height\":2000,\"caption\":\"kleinste 4 S\u00e4ulen Holz Twist 60cm eliassen.nl\"},{\"@type\":\"BreadcrumbList\",\"@id\":\"https:\/\/www.eliassen.nl\/de\/saule-holz-twist-60cm\/#breadcrumb\",\"itemListElement\":[{\"@type\":\"ListItem\",\"position\":1,\"name\":\"Home\",\"item\":\"https:\/\/www.eliassen.nl\/de\/\"},{\"@type\":\"ListItem\",\"position\":2,\"name\":\"Shop\",\"item\":\"https:\/\/www.eliassen.nl\/de\/shop\/\"},{\"@type\":\"ListItem\",\"position\":3,\"name\":\"Sockel\",\"item\":\"https:\/\/www.eliassen.nl\/de\/sockel\/\"},{\"@type\":\"ListItem\",\"position\":4,\"name\":\"Holzsockel\",\"item\":\"https:\/\/www.eliassen.nl\/de\/sockel\/holzsockel\/\"},{\"@type\":\"ListItem\",\"position\":5,\"name\":\"S\u00e4ule Holz Twist 60cm\"}]},{\"@type\":\"WebSite\",\"@id\":\"https:\/\/www.eliassen.nl\/de\/#website\",\"url\":\"https:\/\/www.eliassen.nl\/de\/\",\"name\":\"Eliassen Home & Garden Pleasure\",\"description\":\"\",\"publisher\":{\"@id\":\"https:\/\/www.eliassen.nl\/de\/#organization\"},\"alternateName\":\"Eliassen.nl\",\"potentialAction\":[{\"@type\":\"SearchAction\",\"target\":{\"@type\":\"EntryPoint\",\"urlTemplate\":\"https:\/\/www.eliassen.nl\/de\/?s={search_term_string}\"},\"query-input\":{\"@type\":\"PropertyValueSpecification\",\"valueRequired\":true,\"valueName\":\"search_term_string\"}}],\"inLanguage\":\"de\"},{\"@type\":[\"Organization\",\"Place\"],\"@id\":\"https:\/\/www.eliassen.nl\/de\/#organization\",\"name\":\"Eliassen Home & Garden Pleasure\",\"url\":\"https:\/\/www.eliassen.nl\/de\/\",\"logo\":{\"@id\":\"https:\/\/www.eliassen.nl\/de\/saule-holz-twist-60cm\/#local-main-organization-logo\"},\"image\":{\"@id\":\"https:\/\/www.eliassen.nl\/de\/saule-holz-twist-60cm\/#local-main-organization-logo\"},\"sameAs\":[\"https:\/\/www.facebook.com\/TuincentrumEliassenAmmerzoden\",\"https:\/\/www.instagram.com\/eliassenhomeandgarden\/\",\"https:\/\/nl.pinterest.com\/eliassenhomeandgarden\/\",\"https:\/\/www.youtube.com\/@eliassenhomegardenpleasure4558\"],\"telephone\":[],\"openingHoursSpecification\":[{\"@type\":\"OpeningHoursSpecification\",\"dayOfWeek\":[\"Monday\",\"Tuesday\",\"Wednesday\",\"Thursday\",\"Friday\",\"Saturday\",\"Sunday\"],\"opens\":\"09:00\",\"closes\":\"17:00\"}]},{\"@type\":\"ImageObject\",\"inLanguage\":\"de\",\"@id\":\"https:\/\/www.eliassen.nl\/de\/saule-holz-twist-60cm\/#local-main-organization-logo\",\"url\":\"https:\/\/www.eliassen.nl\/wp-content\/uploads\/2024\/01\/logo_4nd.jpg\",\"contentUrl\":\"https:\/\/www.eliassen.nl\/wp-content\/uploads\/2024\/01\/logo_4nd.jpg\",\"width\":500,\"height\":500,\"caption\":\"Eliassen Home & Garden Pleasure\"}]}<\/script>\n<meta property=\"product:price:amount\" content=\"139.00\" \/>\n<meta property=\"product:price:currency\" content=\"EUR\" \/>\n<meta property=\"og:availability\" content=\"instock\" \/>\n<meta property=\"product:availability\" content=\"instock\" \/>\n<meta property=\"product:retailer_item_id\" content=\"12000094\" \/>\n<meta property=\"product:condition\" content=\"new\" \/>\n<!-- \/ Yoast SEO Premium plugin. -->","yoast_head_json":{"title":"S\u00e4ule Holz Twist 60cm","description":"Sie m\u00f6chten einen stilvollen Sockel aus Holz kaufen? Dieses gedrehte Modell ist ein sch\u00f6ner Blickfang f\u00fcr jede Art von Interieur. Sch\u00f6n f\u00fcr das B\u00fcro oder das Wohnzimmer.","robots":{"index":"index","follow":"follow","max-snippet":"max-snippet:-1","max-image-preview":"max-image-preview:large","max-video-preview":"max-video-preview:-1"},"canonical":"https:\/\/www.eliassen.nl\/de\/saule-holz-twist-60cm\/","og_locale":"de_DE","og_type":"article","og_title":"Sonstige S\u00e4ule Holz Twist 60cm - Eliassen.nl","og_description":"Sie m\u00f6chten einen stilvollen Sockel aus Holz kaufen? Dieses gedrehte Modell ist ein sch\u00f6ner Blickfang f\u00fcr jede Art von Interieur. Sch\u00f6n f\u00fcr das B\u00fcro oder das Wohnzimmer.","og_url":"https:\/\/www.eliassen.nl\/de\/saule-holz-twist-60cm\/","og_site_name":"Eliassen.nl","article_publisher":"https:\/\/www.facebook.com\/TuincentrumEliassenAmmerzoden","article_modified_time":"2025-11-27T14:12:58+00:00","og_image":[{"width":1500,"height":2000,"url":"https:\/\/www.eliassen.nl\/wp-content\/uploads\/2024\/01\/kleinste4zuilhouttwist60cmeliassennl.jpg","type":"image\/jpeg"}],"twitter_card":"summary_large_image","schema":{"@context":"https:\/\/schema.org","@graph":[{"@type":"WebPage","@id":"https:\/\/www.eliassen.nl\/de\/saule-holz-twist-60cm\/","url":"https:\/\/www.eliassen.nl\/de\/saule-holz-twist-60cm\/","name":"S\u00e4ule Holz Twist 60cm","isPartOf":{"@id":"https:\/\/www.eliassen.nl\/de\/#website"},"primaryImageOfPage":{"@id":"https:\/\/www.eliassen.nl\/de\/saule-holz-twist-60cm\/#primaryimage"},"image":{"@id":"https:\/\/www.eliassen.nl\/de\/saule-holz-twist-60cm\/#primaryimage"},"thumbnailUrl":"https:\/\/www.eliassen.nl\/wp-content\/uploads\/2024\/01\/kleinste4zuilhouttwist60cmeliassennl.jpg","datePublished":"2023-12-04T14:26:05+00:00","dateModified":"2025-11-27T14:12:58+00:00","description":"Sie m\u00f6chten einen stilvollen Sockel aus Holz kaufen? Dieses gedrehte Modell ist ein sch\u00f6ner Blickfang f\u00fcr jede Art von Interieur. Sch\u00f6n f\u00fcr das B\u00fcro oder das Wohnzimmer.","breadcrumb":{"@id":"https:\/\/www.eliassen.nl\/de\/saule-holz-twist-60cm\/#breadcrumb"},"inLanguage":"de","potentialAction":[{"@type":"ReadAction","target":["https:\/\/www.eliassen.nl\/de\/saule-holz-twist-60cm\/"]}]},{"@type":"ImageObject","inLanguage":"de","@id":"https:\/\/www.eliassen.nl\/de\/saule-holz-twist-60cm\/#primaryimage","url":"https:\/\/www.eliassen.nl\/wp-content\/uploads\/2024\/01\/kleinste4zuilhouttwist60cmeliassennl.jpg","contentUrl":"https:\/\/www.eliassen.nl\/wp-content\/uploads\/2024\/01\/kleinste4zuilhouttwist60cmeliassennl.jpg","width":1500,"height":2000,"caption":"kleinste 4 S\u00e4ulen Holz Twist 60cm eliassen.nl"},{"@type":"BreadcrumbList","@id":"https:\/\/www.eliassen.nl\/de\/saule-holz-twist-60cm\/#breadcrumb","itemListElement":[{"@type":"ListItem","position":1,"name":"Home","item":"https:\/\/www.eliassen.nl\/de\/"},{"@type":"ListItem","position":2,"name":"Shop","item":"https:\/\/www.eliassen.nl\/de\/shop\/"},{"@type":"ListItem","position":3,"name":"Sockel","item":"https:\/\/www.eliassen.nl\/de\/sockel\/"},{"@type":"ListItem","position":4,"name":"Holzsockel","item":"https:\/\/www.eliassen.nl\/de\/sockel\/holzsockel\/"},{"@type":"ListItem","position":5,"name":"S\u00e4ule Holz Twist 60cm"}]},{"@type":"WebSite","@id":"https:\/\/www.eliassen.nl\/de\/#website","url":"https:\/\/www.eliassen.nl\/de\/","name":"Eliassen Home & Garden Pleasure","description":"","publisher":{"@id":"https:\/\/www.eliassen.nl\/de\/#organization"},"alternateName":"Eliassen.nl","potentialAction":[{"@type":"SearchAction","target":{"@type":"EntryPoint","urlTemplate":"https:\/\/www.eliassen.nl\/de\/?s={search_term_string}"},"query-input":{"@type":"PropertyValueSpecification","valueRequired":true,"valueName":"search_term_string"}}],"inLanguage":"de"},{"@type":["Organization","Place"],"@id":"https:\/\/www.eliassen.nl\/de\/#organization","name":"Eliassen Home & Garden Pleasure","url":"https:\/\/www.eliassen.nl\/de\/","logo":{"@id":"https:\/\/www.eliassen.nl\/de\/saule-holz-twist-60cm\/#local-main-organization-logo"},"image":{"@id":"https:\/\/www.eliassen.nl\/de\/saule-holz-twist-60cm\/#local-main-organization-logo"},"sameAs":["https:\/\/www.facebook.com\/TuincentrumEliassenAmmerzoden","https:\/\/www.instagram.com\/eliassenhomeandgarden\/","https:\/\/nl.pinterest.com\/eliassenhomeandgarden\/","https:\/\/www.youtube.com\/@eliassenhomegardenpleasure4558"],"telephone":[],"openingHoursSpecification":[{"@type":"OpeningHoursSpecification","dayOfWeek":["Monday","Tuesday","Wednesday","Thursday","Friday","Saturday","Sunday"],"opens":"09:00","closes":"17:00"}]},{"@type":"ImageObject","inLanguage":"de","@id":"https:\/\/www.eliassen.nl\/de\/saule-holz-twist-60cm\/#local-main-organization-logo","url":"https:\/\/www.eliassen.nl\/wp-content\/uploads\/2024\/01\/logo_4nd.jpg","contentUrl":"https:\/\/www.eliassen.nl\/wp-content\/uploads\/2024\/01\/logo_4nd.jpg","width":500,"height":500,"caption":"Eliassen Home & Garden Pleasure"}]},"product_price_amount":"139.00","product_price_currency":"EUR","og_availability":"instock","product_availability":"instock","product_retailer_item_id":"12000094","product_condition":"new"},"df_price":139,"df_sale_price":"","df_regular_price":139,"df_image_link":"https:\/\/www.eliassen.nl\/wp-content\/uploads\/2024\/01\/kleinste4zuilhouttwist60cmeliassennl.jpg","image":"https:\/\/www.eliassen.nl\/wp-content\/uploads\/2024\/01\/kleinste4zuilhouttwist60cmeliassennl.jpg","price_search":"<span class=\"woocommerce-Price-amount amount\"><bdi><span class=\"woocommerce-Price-currencySymbol\">&euro;<\/span>&nbsp;139,00<\/bdi><\/span>","category":"Holzsockel","global_unique_id":"6096531117120","_links":{"self":[{"href":"https:\/\/www.eliassen.nl\/de\/wp-json\/wp\/v2\/product\/97489","targetHints":{"allow":["GET"]}}],"collection":[{"href":"https:\/\/www.eliassen.nl\/de\/wp-json\/wp\/v2\/product"}],"about":[{"href":"https:\/\/www.eliassen.nl\/de\/wp-json\/wp\/v2\/types\/product"}],"wp:featuredmedia":[{"embeddable":true,"href":"https:\/\/www.eliassen.nl\/de\/wp-json\/wp\/v2\/media\/97462"}],"wp:attachment":[{"href":"https:\/\/www.eliassen.nl\/de\/wp-json\/wp\/v2\/media?parent=97489"}],"wp:term":[{"taxonomy":"product_brand","embeddable":true,"href":"https:\/\/www.eliassen.nl\/de\/wp-json\/wp\/v2\/product_brand?post=97489"},{"taxonomy":"product_cat","embeddable":true,"href":"https:\/\/www.eliassen.nl\/de\/wp-json\/wp\/v2\/product_cat?post=97489"},{"taxonomy":"product_tag","embeddable":true,"href":"https:\/\/www.eliassen.nl\/de\/wp-json\/wp\/v2\/product_tag?post=97489"}],"curies":[{"name":"wp","href":"https:\/\/api.w.org\/{rel}","templated":true}]}}