{"id":97312,"date":"2023-11-28T10:37:51","date_gmt":"2023-11-28T10:37:51","guid":{"rendered":"https:\/\/www.eliassen.nl\/?product=engel-gietijzer-op-bol-hand-onder-kin-20cm"},"modified":"2026-03-13T12:07:58","modified_gmt":"2026-03-13T11:07:58","slug":"engel-aus-gusseisen-auf-kugelhand-unter-dem-kinn-20cm","status":"publish","type":"product","link":"https:\/\/www.eliassen.nl\/de\/engel-aus-gusseisen-auf-kugelhand-unter-dem-kinn-20cm\/","title":{"rendered":"Engel aus Gusseisen auf Kugel Hand unter Kinn 20cm"},"content":{"rendered":"<p>Sie suchen nach einer nostalgischen Skulptur im zeitlosen Landhausstil, die nie kaputt geht? Dann k\u00f6nnte diese gusseiserne Skulptur in Form eines Engels mit den H\u00e4nden unter dem Kopf etwas f\u00fcr Sie sein.<\/p>\n<p>Diese Gusseisenstatue ist unbehandelt und daher rostig. Gusseisen ist eine Eisenart mit einem hohen Kohlenstoffgehalt. Gusseisen hat eine hervorragende Gie\u00dfbarkeit und ist unzerst\u00f6rbar. Eine nachteilige Eigenschaft von Gusseisen ist, dass es brechen kann. Lassen Sie daher niemals eine Skulptur aus Gusseisen fallen.<\/p>\n<p>Auf Gusseisen bildet sich eine Rostschicht. Dieser Rost ist gleichzeitig die Schutzschicht des Eisens, so dass es nicht weiter rosten kann. Diese Tatsache sorgt daf\u00fcr, dass gusseiserne Gegenst\u00e4nde Hunderte von Jahren halten.<\/p>\n<ul>\n<li>Gr\u00f6\u00dfe:8x9x20cm hoch<\/li>\n<li>Gewicht 3kg<\/li>\n<li>H\u00fcten Sie sich vor Rostflecken im Garten<\/li>\n<li>Sehr viel von dieser Serie k\u00f6nnen Sie live in unserem Shop sehen!<\/li>\n<\/ul>\n","protected":false},"excerpt":{"rendered":"<p>Wundersch\u00f6n detaillierte Gusseisen-Figur<\/p>\n","protected":false},"featured_media":97306,"template":"","meta":{"_acf_changed":false,"_genesis_title":"","_genesis_description":""},"product_brand":[7505],"product_cat":[1421,7239],"product_tag":[],"class_list":{"0":"post-97312","1":"product","2":"type-product","3":"status-publish","4":"has-post-thumbnail","6":"product_brand-sonstige","7":"product_cat-statuen-aus-gusseisen","8":"product_cat-bilder","10":"first","11":"instock","12":"taxable","13":"shipping-taxable","14":"purchasable","15":"product-type-simple"},"acf":[],"meta_all":{"total_sales":"0","wcml_sync_hash":{"postmeta_fields":"c598ebc373d3fb19acc8d11f9e369157"},"attr_label_translations":[],"cor_restricted_countries":[]},"meta_all_flat":{"total_sales":"0","wcml_sync_hash.postmeta_fields":"c598ebc373d3fb19acc8d11f9e369157"},"yoast_head":"<!-- This site is optimized with the Yoast SEO Premium plugin v26.2 (Yoast SEO v27.2) - https:\/\/yoast.com\/product\/yoast-seo-premium-wordpress\/ -->\n<title>Engel aus Gusseisen auf Kugel Hand unter Kinn 20cm<\/title>\n<meta name=\"description\" content=\"Skulpturen aus Gusseisen? Gro\u00dfe Auswahl auch in unserem Webshop!!! Auch als Live-\u00dcbertragung verf\u00fcgbar !!!\" \/>\n<meta name=\"robots\" content=\"index, follow, max-snippet:-1, max-image-preview:large, max-video-preview:-1\" \/>\n<link rel=\"canonical\" href=\"https:\/\/www.eliassen.nl\/de\/engel-aus-gusseisen-auf-kugelhand-unter-dem-kinn-20cm\/\" \/>\n<meta property=\"og:locale\" content=\"de_DE\" \/>\n<meta property=\"og:type\" content=\"article\" \/>\n<meta property=\"og:title\" content=\"Sonstige Engel aus Gusseisen auf Kugel Hand unter Kinn 20cm - Eliassen.nl\" \/>\n<meta property=\"og:description\" content=\"Skulpturen aus Gusseisen? Gro\u00dfe Auswahl auch in unserem Webshop!!! Auch als Live-\u00dcbertragung verf\u00fcgbar !!!\" \/>\n<meta property=\"og:url\" content=\"https:\/\/www.eliassen.nl\/de\/engel-aus-gusseisen-auf-kugelhand-unter-dem-kinn-20cm\/\" \/>\n<meta property=\"og:site_name\" content=\"Eliassen.nl\" \/>\n<meta property=\"article:publisher\" content=\"https:\/\/www.facebook.com\/TuincentrumEliassenAmmerzoden\" \/>\n<meta property=\"article:modified_time\" content=\"2026-03-13T11:07:58+00:00\" \/>\n<meta property=\"og:image\" content=\"https:\/\/www.eliassen.nl\/wp-content\/uploads\/2024\/01\/engelopbolhandonderkingietijzereliassennlc.jpg\" \/>\n\t<meta property=\"og:image:width\" content=\"480\" \/>\n\t<meta property=\"og:image:height\" content=\"640\" \/>\n\t<meta property=\"og:image:type\" content=\"image\/jpeg\" \/>\n<meta name=\"twitter:card\" content=\"summary_large_image\" \/>\n<script type=\"application\/ld+json\" class=\"yoast-schema-graph\">{\"@context\":\"https:\/\/schema.org\",\"@graph\":[{\"@type\":\"WebPage\",\"@id\":\"https:\/\/www.eliassen.nl\/de\/engel-aus-gusseisen-auf-kugelhand-unter-dem-kinn-20cm\/\",\"url\":\"https:\/\/www.eliassen.nl\/de\/engel-aus-gusseisen-auf-kugelhand-unter-dem-kinn-20cm\/\",\"name\":\"Engel aus Gusseisen auf Kugel Hand unter Kinn 20cm\",\"isPartOf\":{\"@id\":\"https:\/\/www.eliassen.nl\/de\/#website\"},\"primaryImageOfPage\":{\"@id\":\"https:\/\/www.eliassen.nl\/de\/engel-aus-gusseisen-auf-kugelhand-unter-dem-kinn-20cm\/#primaryimage\"},\"image\":{\"@id\":\"https:\/\/www.eliassen.nl\/de\/engel-aus-gusseisen-auf-kugelhand-unter-dem-kinn-20cm\/#primaryimage\"},\"thumbnailUrl\":\"https:\/\/www.eliassen.nl\/wp-content\/uploads\/2024\/01\/engelopbolhandonderkingietijzereliassennlc.jpg\",\"datePublished\":\"2023-11-28T10:37:51+00:00\",\"dateModified\":\"2026-03-13T11:07:58+00:00\",\"description\":\"Skulpturen aus Gusseisen? Gro\u00dfe Auswahl auch in unserem Webshop!!! Auch als Live-\u00dcbertragung verf\u00fcgbar !!!\",\"breadcrumb\":{\"@id\":\"https:\/\/www.eliassen.nl\/de\/engel-aus-gusseisen-auf-kugelhand-unter-dem-kinn-20cm\/#breadcrumb\"},\"inLanguage\":\"de\",\"potentialAction\":[{\"@type\":\"ReadAction\",\"target\":[\"https:\/\/www.eliassen.nl\/de\/engel-aus-gusseisen-auf-kugelhand-unter-dem-kinn-20cm\/\"]}]},{\"@type\":\"ImageObject\",\"inLanguage\":\"de\",\"@id\":\"https:\/\/www.eliassen.nl\/de\/engel-aus-gusseisen-auf-kugelhand-unter-dem-kinn-20cm\/#primaryimage\",\"url\":\"https:\/\/www.eliassen.nl\/wp-content\/uploads\/2024\/01\/engelopbolhandonderkingietijzereliassennlc.jpg\",\"contentUrl\":\"https:\/\/www.eliassen.nl\/wp-content\/uploads\/2024\/01\/engelopbolhandonderkingietijzereliassennlc.jpg\",\"width\":480,\"height\":640,\"caption\":\"Engel auf Kugel Hand unter Kinn Gusseisen Eliassen.nl CI-902\"},{\"@type\":\"BreadcrumbList\",\"@id\":\"https:\/\/www.eliassen.nl\/de\/engel-aus-gusseisen-auf-kugelhand-unter-dem-kinn-20cm\/#breadcrumb\",\"itemListElement\":[{\"@type\":\"ListItem\",\"position\":1,\"name\":\"Home\",\"item\":\"https:\/\/www.eliassen.nl\/de\/\"},{\"@type\":\"ListItem\",\"position\":2,\"name\":\"Shop\",\"item\":\"https:\/\/www.eliassen.nl\/de\/shop\/\"},{\"@type\":\"ListItem\",\"position\":3,\"name\":\"Bilder\",\"item\":\"https:\/\/www.eliassen.nl\/de\/bilder\/\"},{\"@type\":\"ListItem\",\"position\":4,\"name\":\"Statuen aus Gusseisen\",\"item\":\"https:\/\/www.eliassen.nl\/de\/bilder\/statuen-aus-gusseisen\/\"},{\"@type\":\"ListItem\",\"position\":5,\"name\":\"Engel aus Gusseisen auf Kugel Hand unter Kinn 20cm\"}]},{\"@type\":\"WebSite\",\"@id\":\"https:\/\/www.eliassen.nl\/de\/#website\",\"url\":\"https:\/\/www.eliassen.nl\/de\/\",\"name\":\"Eliassen Home & Garden Pleasure\",\"description\":\"\",\"publisher\":{\"@id\":\"https:\/\/www.eliassen.nl\/de\/#organization\"},\"alternateName\":\"Eliassen.nl\",\"potentialAction\":[{\"@type\":\"SearchAction\",\"target\":{\"@type\":\"EntryPoint\",\"urlTemplate\":\"https:\/\/www.eliassen.nl\/de\/?s={search_term_string}\"},\"query-input\":{\"@type\":\"PropertyValueSpecification\",\"valueRequired\":true,\"valueName\":\"search_term_string\"}}],\"inLanguage\":\"de\"},{\"@type\":[\"Organization\",\"Place\"],\"@id\":\"https:\/\/www.eliassen.nl\/de\/#organization\",\"name\":\"Eliassen Home & Garden Pleasure\",\"url\":\"https:\/\/www.eliassen.nl\/de\/\",\"logo\":{\"@id\":\"https:\/\/www.eliassen.nl\/de\/engel-aus-gusseisen-auf-kugelhand-unter-dem-kinn-20cm\/#local-main-organization-logo\"},\"image\":{\"@id\":\"https:\/\/www.eliassen.nl\/de\/engel-aus-gusseisen-auf-kugelhand-unter-dem-kinn-20cm\/#local-main-organization-logo\"},\"sameAs\":[\"https:\/\/www.facebook.com\/TuincentrumEliassenAmmerzoden\",\"https:\/\/www.instagram.com\/eliassenhomeandgarden\/\",\"https:\/\/nl.pinterest.com\/eliassenhomeandgarden\/\",\"https:\/\/www.youtube.com\/@eliassenhomegardenpleasure4558\"],\"telephone\":[],\"openingHoursSpecification\":[{\"@type\":\"OpeningHoursSpecification\",\"dayOfWeek\":[\"Monday\",\"Tuesday\",\"Wednesday\",\"Thursday\",\"Friday\",\"Saturday\",\"Sunday\"],\"opens\":\"09:00\",\"closes\":\"17:00\"}]},{\"@type\":\"ImageObject\",\"inLanguage\":\"de\",\"@id\":\"https:\/\/www.eliassen.nl\/de\/engel-aus-gusseisen-auf-kugelhand-unter-dem-kinn-20cm\/#local-main-organization-logo\",\"url\":\"https:\/\/www.eliassen.nl\/wp-content\/uploads\/2024\/01\/logo_4nd.jpg\",\"contentUrl\":\"https:\/\/www.eliassen.nl\/wp-content\/uploads\/2024\/01\/logo_4nd.jpg\",\"width\":500,\"height\":500,\"caption\":\"Eliassen Home & Garden Pleasure\"}]}<\/script>\n<meta property=\"product:price:amount\" content=\"37.50\" \/>\n<meta property=\"product:price:currency\" content=\"EUR\" \/>\n<meta property=\"og:availability\" content=\"instock\" \/>\n<meta property=\"product:availability\" content=\"instock\" \/>\n<meta property=\"product:retailer_item_id\" content=\"cl902\" \/>\n<meta property=\"product:condition\" content=\"new\" \/>\n<!-- \/ Yoast SEO Premium plugin. -->","yoast_head_json":{"title":"Engel aus Gusseisen auf Kugel Hand unter Kinn 20cm","description":"Skulpturen aus Gusseisen? Gro\u00dfe Auswahl auch in unserem Webshop!!! Auch als Live-\u00dcbertragung verf\u00fcgbar !!!","robots":{"index":"index","follow":"follow","max-snippet":"max-snippet:-1","max-image-preview":"max-image-preview:large","max-video-preview":"max-video-preview:-1"},"canonical":"https:\/\/www.eliassen.nl\/de\/engel-aus-gusseisen-auf-kugelhand-unter-dem-kinn-20cm\/","og_locale":"de_DE","og_type":"article","og_title":"Sonstige Engel aus Gusseisen auf Kugel Hand unter Kinn 20cm - Eliassen.nl","og_description":"Skulpturen aus Gusseisen? Gro\u00dfe Auswahl auch in unserem Webshop!!! Auch als Live-\u00dcbertragung verf\u00fcgbar !!!","og_url":"https:\/\/www.eliassen.nl\/de\/engel-aus-gusseisen-auf-kugelhand-unter-dem-kinn-20cm\/","og_site_name":"Eliassen.nl","article_publisher":"https:\/\/www.facebook.com\/TuincentrumEliassenAmmerzoden","article_modified_time":"2026-03-13T11:07:58+00:00","og_image":[{"width":480,"height":640,"url":"https:\/\/www.eliassen.nl\/wp-content\/uploads\/2024\/01\/engelopbolhandonderkingietijzereliassennlc.jpg","type":"image\/jpeg"}],"twitter_card":"summary_large_image","schema":{"@context":"https:\/\/schema.org","@graph":[{"@type":"WebPage","@id":"https:\/\/www.eliassen.nl\/de\/engel-aus-gusseisen-auf-kugelhand-unter-dem-kinn-20cm\/","url":"https:\/\/www.eliassen.nl\/de\/engel-aus-gusseisen-auf-kugelhand-unter-dem-kinn-20cm\/","name":"Engel aus Gusseisen auf Kugel Hand unter Kinn 20cm","isPartOf":{"@id":"https:\/\/www.eliassen.nl\/de\/#website"},"primaryImageOfPage":{"@id":"https:\/\/www.eliassen.nl\/de\/engel-aus-gusseisen-auf-kugelhand-unter-dem-kinn-20cm\/#primaryimage"},"image":{"@id":"https:\/\/www.eliassen.nl\/de\/engel-aus-gusseisen-auf-kugelhand-unter-dem-kinn-20cm\/#primaryimage"},"thumbnailUrl":"https:\/\/www.eliassen.nl\/wp-content\/uploads\/2024\/01\/engelopbolhandonderkingietijzereliassennlc.jpg","datePublished":"2023-11-28T10:37:51+00:00","dateModified":"2026-03-13T11:07:58+00:00","description":"Skulpturen aus Gusseisen? Gro\u00dfe Auswahl auch in unserem Webshop!!! Auch als Live-\u00dcbertragung verf\u00fcgbar !!!","breadcrumb":{"@id":"https:\/\/www.eliassen.nl\/de\/engel-aus-gusseisen-auf-kugelhand-unter-dem-kinn-20cm\/#breadcrumb"},"inLanguage":"de","potentialAction":[{"@type":"ReadAction","target":["https:\/\/www.eliassen.nl\/de\/engel-aus-gusseisen-auf-kugelhand-unter-dem-kinn-20cm\/"]}]},{"@type":"ImageObject","inLanguage":"de","@id":"https:\/\/www.eliassen.nl\/de\/engel-aus-gusseisen-auf-kugelhand-unter-dem-kinn-20cm\/#primaryimage","url":"https:\/\/www.eliassen.nl\/wp-content\/uploads\/2024\/01\/engelopbolhandonderkingietijzereliassennlc.jpg","contentUrl":"https:\/\/www.eliassen.nl\/wp-content\/uploads\/2024\/01\/engelopbolhandonderkingietijzereliassennlc.jpg","width":480,"height":640,"caption":"Engel auf Kugel Hand unter Kinn Gusseisen Eliassen.nl CI-902"},{"@type":"BreadcrumbList","@id":"https:\/\/www.eliassen.nl\/de\/engel-aus-gusseisen-auf-kugelhand-unter-dem-kinn-20cm\/#breadcrumb","itemListElement":[{"@type":"ListItem","position":1,"name":"Home","item":"https:\/\/www.eliassen.nl\/de\/"},{"@type":"ListItem","position":2,"name":"Shop","item":"https:\/\/www.eliassen.nl\/de\/shop\/"},{"@type":"ListItem","position":3,"name":"Bilder","item":"https:\/\/www.eliassen.nl\/de\/bilder\/"},{"@type":"ListItem","position":4,"name":"Statuen aus Gusseisen","item":"https:\/\/www.eliassen.nl\/de\/bilder\/statuen-aus-gusseisen\/"},{"@type":"ListItem","position":5,"name":"Engel aus Gusseisen auf Kugel Hand unter Kinn 20cm"}]},{"@type":"WebSite","@id":"https:\/\/www.eliassen.nl\/de\/#website","url":"https:\/\/www.eliassen.nl\/de\/","name":"Eliassen Home & Garden Pleasure","description":"","publisher":{"@id":"https:\/\/www.eliassen.nl\/de\/#organization"},"alternateName":"Eliassen.nl","potentialAction":[{"@type":"SearchAction","target":{"@type":"EntryPoint","urlTemplate":"https:\/\/www.eliassen.nl\/de\/?s={search_term_string}"},"query-input":{"@type":"PropertyValueSpecification","valueRequired":true,"valueName":"search_term_string"}}],"inLanguage":"de"},{"@type":["Organization","Place"],"@id":"https:\/\/www.eliassen.nl\/de\/#organization","name":"Eliassen Home & Garden Pleasure","url":"https:\/\/www.eliassen.nl\/de\/","logo":{"@id":"https:\/\/www.eliassen.nl\/de\/engel-aus-gusseisen-auf-kugelhand-unter-dem-kinn-20cm\/#local-main-organization-logo"},"image":{"@id":"https:\/\/www.eliassen.nl\/de\/engel-aus-gusseisen-auf-kugelhand-unter-dem-kinn-20cm\/#local-main-organization-logo"},"sameAs":["https:\/\/www.facebook.com\/TuincentrumEliassenAmmerzoden","https:\/\/www.instagram.com\/eliassenhomeandgarden\/","https:\/\/nl.pinterest.com\/eliassenhomeandgarden\/","https:\/\/www.youtube.com\/@eliassenhomegardenpleasure4558"],"telephone":[],"openingHoursSpecification":[{"@type":"OpeningHoursSpecification","dayOfWeek":["Monday","Tuesday","Wednesday","Thursday","Friday","Saturday","Sunday"],"opens":"09:00","closes":"17:00"}]},{"@type":"ImageObject","inLanguage":"de","@id":"https:\/\/www.eliassen.nl\/de\/engel-aus-gusseisen-auf-kugelhand-unter-dem-kinn-20cm\/#local-main-organization-logo","url":"https:\/\/www.eliassen.nl\/wp-content\/uploads\/2024\/01\/logo_4nd.jpg","contentUrl":"https:\/\/www.eliassen.nl\/wp-content\/uploads\/2024\/01\/logo_4nd.jpg","width":500,"height":500,"caption":"Eliassen Home & Garden Pleasure"}]},"product_price_amount":"37.50","product_price_currency":"EUR","og_availability":"instock","product_availability":"instock","product_retailer_item_id":"cl902","product_condition":"new"},"df_price":37.5,"df_sale_price":"","df_regular_price":37.5,"df_image_link":"https:\/\/www.eliassen.nl\/wp-content\/uploads\/2024\/01\/engelopbolhandonderkingietijzereliassennlc.jpg","image":"https:\/\/www.eliassen.nl\/wp-content\/uploads\/2024\/01\/engelopbolhandonderkingietijzereliassennlc.jpg","price_search":"<span class=\"woocommerce-Price-amount amount\"><bdi><span class=\"woocommerce-Price-currencySymbol\">&euro;<\/span>&nbsp;37,50<\/bdi><\/span>","category":"Statuen aus Gusseisen","global_unique_id":"6096537146124","_links":{"self":[{"href":"https:\/\/www.eliassen.nl\/de\/wp-json\/wp\/v2\/product\/97312","targetHints":{"allow":["GET"]}}],"collection":[{"href":"https:\/\/www.eliassen.nl\/de\/wp-json\/wp\/v2\/product"}],"about":[{"href":"https:\/\/www.eliassen.nl\/de\/wp-json\/wp\/v2\/types\/product"}],"wp:featuredmedia":[{"embeddable":true,"href":"https:\/\/www.eliassen.nl\/de\/wp-json\/wp\/v2\/media\/97306"}],"wp:attachment":[{"href":"https:\/\/www.eliassen.nl\/de\/wp-json\/wp\/v2\/media?parent=97312"}],"wp:term":[{"taxonomy":"product_brand","embeddable":true,"href":"https:\/\/www.eliassen.nl\/de\/wp-json\/wp\/v2\/product_brand?post=97312"},{"taxonomy":"product_cat","embeddable":true,"href":"https:\/\/www.eliassen.nl\/de\/wp-json\/wp\/v2\/product_cat?post=97312"},{"taxonomy":"product_tag","embeddable":true,"href":"https:\/\/www.eliassen.nl\/de\/wp-json\/wp\/v2\/product_tag?post=97312"}],"curies":[{"name":"wp","href":"https:\/\/api.w.org\/{rel}","templated":true}]}}