{"id":97204,"date":"2023-11-23T11:43:59","date_gmt":"2023-11-23T11:43:59","guid":{"rendered":"https:\/\/www.eliassen.nl\/?product=rieten-mand-vierkant-52cm-met-wielen"},"modified":"2026-03-09T16:49:27","modified_gmt":"2026-03-09T15:49:27","slug":"weidenkorb-quadratisch-52-cm-mit-rollen","status":"publish","type":"product","link":"https:\/\/www.eliassen.nl\/de\/weidenkorb-quadratisch-52-cm-mit-rollen\/","title":{"rendered":"Weidenkorb quadratisch 52cm mit R\u00e4dern"},"content":{"rendered":"<p><strong>Bitte \u00fcberpr\u00fcfen Sie die von Ihnen gew\u00e4hlte Korbgr\u00f6\u00dfe. Die Ma\u00dfe sind Au\u00dfenma\u00dfe! Wenden Sie sich im Zweifelsfall an uns.<\/strong><\/p>\n<p>Dieser gro\u00dfe quadratische Rattankorb ist Teil unserer eigenen Kollektion. Dieser handgefertigte Korb ist aus robustem <strong>, superdickem<\/strong> Rattan gefertigt und weist ein einzigartiges und stilvolles Flechtdesign auf. Dieser quadratische Korb verf\u00fcgt \u00fcber sehr solide Griffe und eignet sich f\u00fcr zahlreiche Verwendungszwecke, z.B. f\u00fcr Spielzeug, Ofenholz, Pflanzen und so weiter.<\/p>\n<p>Sie k\u00f6nnen diesen Korb wirklich jahrzehntelang verwenden, es gibt keine sch\u00f6nere und schwerere Qualit\u00e4t! Sie k\u00f6nnen diesen Korb mit Hilfe der R\u00e4der an der Unterseite leicht bewegen.<\/p>\n<ul>\n<li>Gr\u00f6\u00dfe:45x45x52cm hoch<\/li>\n<li>Material: Rundes Rattan, <strong>bis zu 20 mm dick<\/strong><\/li>\n<li><strong>Ausgestattet mit stabilen R\u00e4dern<\/strong><\/li>\n<\/ul>\n","protected":false},"excerpt":{"rendered":"<p>Superdicker Qualit\u00e4tskorb mit R\u00e4dern aus dickem Rattan<\/p>\n","protected":false},"featured_media":97201,"template":"","meta":{"_acf_changed":false,"_genesis_title":"","_genesis_description":""},"product_brand":[7505],"product_cat":[722,1418],"product_tag":[],"class_list":{"0":"post-97204","1":"product","2":"type-product","3":"status-publish","4":"has-post-thumbnail","6":"product_brand-sonstige","7":"product_cat-blumentoepfe-und-pflanzgefaesse","8":"product_cat-koerbe-aus-rattan","10":"first","11":"instock","12":"taxable","13":"shipping-taxable","14":"purchasable","15":"product-type-simple"},"acf":[],"meta_all":{"total_sales":"10","wcml_sync_hash":{"postmeta_fields":"f790941aeb72d21beb9ac9745e5316ab"},"attr_label_translations":[],"cor_restricted_countries":[]},"meta_all_flat":{"total_sales":"10","wcml_sync_hash.postmeta_fields":"f790941aeb72d21beb9ac9745e5316ab"},"yoast_head":"<!-- This site is optimized with the Yoast SEO Premium plugin v26.2 (Yoast SEO v27.2) - https:\/\/yoast.com\/product\/yoast-seo-premium-wordpress\/ -->\n<title>Weidenkorb quadratisch 52cm mit R\u00e4dern<\/title>\n<meta name=\"description\" content=\"Sehen Sie sich unsere sch\u00f6nen Weidenk\u00f6rbe mit R\u00e4dern in unserem Webshop an oder kommen Sie zu uns in den Laden !!!\" \/>\n<meta name=\"robots\" content=\"index, follow, max-snippet:-1, max-image-preview:large, max-video-preview:-1\" \/>\n<link rel=\"canonical\" href=\"https:\/\/www.eliassen.nl\/de\/weidenkorb-quadratisch-52-cm-mit-rollen\/\" \/>\n<meta property=\"og:locale\" content=\"de_DE\" \/>\n<meta property=\"og:type\" content=\"article\" \/>\n<meta property=\"og:title\" content=\"Sonstige Weidenkorb quadratisch 52cm mit R\u00e4dern - Eliassen.nl\" \/>\n<meta property=\"og:description\" content=\"Sehen Sie sich unsere sch\u00f6nen Weidenk\u00f6rbe mit R\u00e4dern in unserem Webshop an oder kommen Sie zu uns in den Laden !!!\" \/>\n<meta property=\"og:url\" content=\"https:\/\/www.eliassen.nl\/de\/weidenkorb-quadratisch-52-cm-mit-rollen\/\" \/>\n<meta property=\"og:site_name\" content=\"Eliassen.nl\" \/>\n<meta property=\"article:publisher\" content=\"https:\/\/www.facebook.com\/TuincentrumEliassenAmmerzoden\" \/>\n<meta property=\"article:modified_time\" content=\"2026-03-09T15:49:27+00:00\" \/>\n<meta property=\"og:image\" content=\"https:\/\/www.eliassen.nl\/wp-content\/uploads\/2024\/01\/mandvierkant52cmmetwieleneliassennl.jpg\" \/>\n\t<meta property=\"og:image:width\" content=\"2015\" \/>\n\t<meta property=\"og:image:height\" content=\"2048\" \/>\n\t<meta property=\"og:image:type\" content=\"image\/jpeg\" \/>\n<meta name=\"twitter:card\" content=\"summary_large_image\" \/>\n<script type=\"application\/ld+json\" class=\"yoast-schema-graph\">{\"@context\":\"https:\/\/schema.org\",\"@graph\":[{\"@type\":\"WebPage\",\"@id\":\"https:\/\/www.eliassen.nl\/de\/weidenkorb-quadratisch-52-cm-mit-rollen\/\",\"url\":\"https:\/\/www.eliassen.nl\/de\/weidenkorb-quadratisch-52-cm-mit-rollen\/\",\"name\":\"Weidenkorb quadratisch 52cm mit R\u00e4dern\",\"isPartOf\":{\"@id\":\"https:\/\/www.eliassen.nl\/de\/#website\"},\"primaryImageOfPage\":{\"@id\":\"https:\/\/www.eliassen.nl\/de\/weidenkorb-quadratisch-52-cm-mit-rollen\/#primaryimage\"},\"image\":{\"@id\":\"https:\/\/www.eliassen.nl\/de\/weidenkorb-quadratisch-52-cm-mit-rollen\/#primaryimage\"},\"thumbnailUrl\":\"https:\/\/www.eliassen.nl\/wp-content\/uploads\/2024\/01\/mandvierkant52cmmetwieleneliassennl.jpg\",\"datePublished\":\"2023-11-23T11:43:59+00:00\",\"dateModified\":\"2026-03-09T15:49:27+00:00\",\"description\":\"Sehen Sie sich unsere sch\u00f6nen Weidenk\u00f6rbe mit R\u00e4dern in unserem Webshop an oder kommen Sie zu uns in den Laden !!!\",\"breadcrumb\":{\"@id\":\"https:\/\/www.eliassen.nl\/de\/weidenkorb-quadratisch-52-cm-mit-rollen\/#breadcrumb\"},\"inLanguage\":\"de\",\"potentialAction\":[{\"@type\":\"ReadAction\",\"target\":[\"https:\/\/www.eliassen.nl\/de\/weidenkorb-quadratisch-52-cm-mit-rollen\/\"]}]},{\"@type\":\"ImageObject\",\"inLanguage\":\"de\",\"@id\":\"https:\/\/www.eliassen.nl\/de\/weidenkorb-quadratisch-52-cm-mit-rollen\/#primaryimage\",\"url\":\"https:\/\/www.eliassen.nl\/wp-content\/uploads\/2024\/01\/mandvierkant52cmmetwieleneliassennl.jpg\",\"contentUrl\":\"https:\/\/www.eliassen.nl\/wp-content\/uploads\/2024\/01\/mandvierkant52cmmetwieleneliassennl.jpg\",\"width\":2015,\"height\":2048,\"caption\":\"Korb quadratisch 52cm mit R\u00e4dern Eliassen.nl\"},{\"@type\":\"BreadcrumbList\",\"@id\":\"https:\/\/www.eliassen.nl\/de\/weidenkorb-quadratisch-52-cm-mit-rollen\/#breadcrumb\",\"itemListElement\":[{\"@type\":\"ListItem\",\"position\":1,\"name\":\"Home\",\"item\":\"https:\/\/www.eliassen.nl\/de\/\"},{\"@type\":\"ListItem\",\"position\":2,\"name\":\"Shop\",\"item\":\"https:\/\/www.eliassen.nl\/de\/shop\/\"},{\"@type\":\"ListItem\",\"position\":3,\"name\":\"Blument\u00f6pfe und Pflanzgef\u00e4\u00dfe\",\"item\":\"https:\/\/www.eliassen.nl\/de\/blumentoepfe-und-pflanzgefaesse\/\"},{\"@type\":\"ListItem\",\"position\":4,\"name\":\"Weidenkorb quadratisch 52cm mit R\u00e4dern\"}]},{\"@type\":\"WebSite\",\"@id\":\"https:\/\/www.eliassen.nl\/de\/#website\",\"url\":\"https:\/\/www.eliassen.nl\/de\/\",\"name\":\"Eliassen Home & Garden Pleasure\",\"description\":\"\",\"publisher\":{\"@id\":\"https:\/\/www.eliassen.nl\/de\/#organization\"},\"alternateName\":\"Eliassen.nl\",\"potentialAction\":[{\"@type\":\"SearchAction\",\"target\":{\"@type\":\"EntryPoint\",\"urlTemplate\":\"https:\/\/www.eliassen.nl\/de\/?s={search_term_string}\"},\"query-input\":{\"@type\":\"PropertyValueSpecification\",\"valueRequired\":true,\"valueName\":\"search_term_string\"}}],\"inLanguage\":\"de\"},{\"@type\":[\"Organization\",\"Place\"],\"@id\":\"https:\/\/www.eliassen.nl\/de\/#organization\",\"name\":\"Eliassen Home & Garden Pleasure\",\"url\":\"https:\/\/www.eliassen.nl\/de\/\",\"logo\":{\"@id\":\"https:\/\/www.eliassen.nl\/de\/weidenkorb-quadratisch-52-cm-mit-rollen\/#local-main-organization-logo\"},\"image\":{\"@id\":\"https:\/\/www.eliassen.nl\/de\/weidenkorb-quadratisch-52-cm-mit-rollen\/#local-main-organization-logo\"},\"sameAs\":[\"https:\/\/www.facebook.com\/TuincentrumEliassenAmmerzoden\",\"https:\/\/www.instagram.com\/eliassenhomeandgarden\/\",\"https:\/\/nl.pinterest.com\/eliassenhomeandgarden\/\",\"https:\/\/www.youtube.com\/@eliassenhomegardenpleasure4558\"],\"telephone\":[],\"openingHoursSpecification\":[{\"@type\":\"OpeningHoursSpecification\",\"dayOfWeek\":[\"Monday\",\"Tuesday\",\"Wednesday\",\"Thursday\",\"Friday\",\"Saturday\",\"Sunday\"],\"opens\":\"09:00\",\"closes\":\"17:00\"}]},{\"@type\":\"ImageObject\",\"inLanguage\":\"de\",\"@id\":\"https:\/\/www.eliassen.nl\/de\/weidenkorb-quadratisch-52-cm-mit-rollen\/#local-main-organization-logo\",\"url\":\"https:\/\/www.eliassen.nl\/wp-content\/uploads\/2024\/01\/logo_4nd.jpg\",\"contentUrl\":\"https:\/\/www.eliassen.nl\/wp-content\/uploads\/2024\/01\/logo_4nd.jpg\",\"width\":500,\"height\":500,\"caption\":\"Eliassen Home & Garden Pleasure\"}]}<\/script>\n<meta property=\"product:price:amount\" content=\"89.00\" \/>\n<meta property=\"product:price:currency\" content=\"EUR\" \/>\n<meta property=\"og:availability\" content=\"instock\" \/>\n<meta property=\"product:availability\" content=\"instock\" \/>\n<meta property=\"product:retailer_item_id\" content=\"130018\" \/>\n<meta property=\"product:condition\" content=\"new\" \/>\n<!-- \/ Yoast SEO Premium plugin. -->","yoast_head_json":{"title":"Weidenkorb quadratisch 52cm mit R\u00e4dern","description":"Sehen Sie sich unsere sch\u00f6nen Weidenk\u00f6rbe mit R\u00e4dern in unserem Webshop an oder kommen Sie zu uns in den Laden !!!","robots":{"index":"index","follow":"follow","max-snippet":"max-snippet:-1","max-image-preview":"max-image-preview:large","max-video-preview":"max-video-preview:-1"},"canonical":"https:\/\/www.eliassen.nl\/de\/weidenkorb-quadratisch-52-cm-mit-rollen\/","og_locale":"de_DE","og_type":"article","og_title":"Sonstige Weidenkorb quadratisch 52cm mit R\u00e4dern - Eliassen.nl","og_description":"Sehen Sie sich unsere sch\u00f6nen Weidenk\u00f6rbe mit R\u00e4dern in unserem Webshop an oder kommen Sie zu uns in den Laden !!!","og_url":"https:\/\/www.eliassen.nl\/de\/weidenkorb-quadratisch-52-cm-mit-rollen\/","og_site_name":"Eliassen.nl","article_publisher":"https:\/\/www.facebook.com\/TuincentrumEliassenAmmerzoden","article_modified_time":"2026-03-09T15:49:27+00:00","og_image":[{"width":2015,"height":2048,"url":"https:\/\/www.eliassen.nl\/wp-content\/uploads\/2024\/01\/mandvierkant52cmmetwieleneliassennl.jpg","type":"image\/jpeg"}],"twitter_card":"summary_large_image","schema":{"@context":"https:\/\/schema.org","@graph":[{"@type":"WebPage","@id":"https:\/\/www.eliassen.nl\/de\/weidenkorb-quadratisch-52-cm-mit-rollen\/","url":"https:\/\/www.eliassen.nl\/de\/weidenkorb-quadratisch-52-cm-mit-rollen\/","name":"Weidenkorb quadratisch 52cm mit R\u00e4dern","isPartOf":{"@id":"https:\/\/www.eliassen.nl\/de\/#website"},"primaryImageOfPage":{"@id":"https:\/\/www.eliassen.nl\/de\/weidenkorb-quadratisch-52-cm-mit-rollen\/#primaryimage"},"image":{"@id":"https:\/\/www.eliassen.nl\/de\/weidenkorb-quadratisch-52-cm-mit-rollen\/#primaryimage"},"thumbnailUrl":"https:\/\/www.eliassen.nl\/wp-content\/uploads\/2024\/01\/mandvierkant52cmmetwieleneliassennl.jpg","datePublished":"2023-11-23T11:43:59+00:00","dateModified":"2026-03-09T15:49:27+00:00","description":"Sehen Sie sich unsere sch\u00f6nen Weidenk\u00f6rbe mit R\u00e4dern in unserem Webshop an oder kommen Sie zu uns in den Laden !!!","breadcrumb":{"@id":"https:\/\/www.eliassen.nl\/de\/weidenkorb-quadratisch-52-cm-mit-rollen\/#breadcrumb"},"inLanguage":"de","potentialAction":[{"@type":"ReadAction","target":["https:\/\/www.eliassen.nl\/de\/weidenkorb-quadratisch-52-cm-mit-rollen\/"]}]},{"@type":"ImageObject","inLanguage":"de","@id":"https:\/\/www.eliassen.nl\/de\/weidenkorb-quadratisch-52-cm-mit-rollen\/#primaryimage","url":"https:\/\/www.eliassen.nl\/wp-content\/uploads\/2024\/01\/mandvierkant52cmmetwieleneliassennl.jpg","contentUrl":"https:\/\/www.eliassen.nl\/wp-content\/uploads\/2024\/01\/mandvierkant52cmmetwieleneliassennl.jpg","width":2015,"height":2048,"caption":"Korb quadratisch 52cm mit R\u00e4dern Eliassen.nl"},{"@type":"BreadcrumbList","@id":"https:\/\/www.eliassen.nl\/de\/weidenkorb-quadratisch-52-cm-mit-rollen\/#breadcrumb","itemListElement":[{"@type":"ListItem","position":1,"name":"Home","item":"https:\/\/www.eliassen.nl\/de\/"},{"@type":"ListItem","position":2,"name":"Shop","item":"https:\/\/www.eliassen.nl\/de\/shop\/"},{"@type":"ListItem","position":3,"name":"Blument\u00f6pfe und Pflanzgef\u00e4\u00dfe","item":"https:\/\/www.eliassen.nl\/de\/blumentoepfe-und-pflanzgefaesse\/"},{"@type":"ListItem","position":4,"name":"Weidenkorb quadratisch 52cm mit R\u00e4dern"}]},{"@type":"WebSite","@id":"https:\/\/www.eliassen.nl\/de\/#website","url":"https:\/\/www.eliassen.nl\/de\/","name":"Eliassen Home & Garden Pleasure","description":"","publisher":{"@id":"https:\/\/www.eliassen.nl\/de\/#organization"},"alternateName":"Eliassen.nl","potentialAction":[{"@type":"SearchAction","target":{"@type":"EntryPoint","urlTemplate":"https:\/\/www.eliassen.nl\/de\/?s={search_term_string}"},"query-input":{"@type":"PropertyValueSpecification","valueRequired":true,"valueName":"search_term_string"}}],"inLanguage":"de"},{"@type":["Organization","Place"],"@id":"https:\/\/www.eliassen.nl\/de\/#organization","name":"Eliassen Home & Garden Pleasure","url":"https:\/\/www.eliassen.nl\/de\/","logo":{"@id":"https:\/\/www.eliassen.nl\/de\/weidenkorb-quadratisch-52-cm-mit-rollen\/#local-main-organization-logo"},"image":{"@id":"https:\/\/www.eliassen.nl\/de\/weidenkorb-quadratisch-52-cm-mit-rollen\/#local-main-organization-logo"},"sameAs":["https:\/\/www.facebook.com\/TuincentrumEliassenAmmerzoden","https:\/\/www.instagram.com\/eliassenhomeandgarden\/","https:\/\/nl.pinterest.com\/eliassenhomeandgarden\/","https:\/\/www.youtube.com\/@eliassenhomegardenpleasure4558"],"telephone":[],"openingHoursSpecification":[{"@type":"OpeningHoursSpecification","dayOfWeek":["Monday","Tuesday","Wednesday","Thursday","Friday","Saturday","Sunday"],"opens":"09:00","closes":"17:00"}]},{"@type":"ImageObject","inLanguage":"de","@id":"https:\/\/www.eliassen.nl\/de\/weidenkorb-quadratisch-52-cm-mit-rollen\/#local-main-organization-logo","url":"https:\/\/www.eliassen.nl\/wp-content\/uploads\/2024\/01\/logo_4nd.jpg","contentUrl":"https:\/\/www.eliassen.nl\/wp-content\/uploads\/2024\/01\/logo_4nd.jpg","width":500,"height":500,"caption":"Eliassen Home & Garden Pleasure"}]},"product_price_amount":"89.00","product_price_currency":"EUR","og_availability":"instock","product_availability":"instock","product_retailer_item_id":"130018","product_condition":"new"},"df_price":89,"df_sale_price":"","df_regular_price":89,"df_image_link":"https:\/\/www.eliassen.nl\/wp-content\/uploads\/2024\/01\/mandvierkant52cmmetwieleneliassennl.jpg","image":"https:\/\/www.eliassen.nl\/wp-content\/uploads\/2024\/01\/mandvierkant52cmmetwieleneliassennl.jpg","price_search":"<span class=\"woocommerce-Price-amount amount\"><bdi><span class=\"woocommerce-Price-currencySymbol\">&euro;<\/span>&nbsp;89,00<\/bdi><\/span>","category":"Blument\u00f6pfe und Pflanzgef\u00e4\u00dfe","global_unique_id":"8714075292360","_links":{"self":[{"href":"https:\/\/www.eliassen.nl\/de\/wp-json\/wp\/v2\/product\/97204","targetHints":{"allow":["GET"]}}],"collection":[{"href":"https:\/\/www.eliassen.nl\/de\/wp-json\/wp\/v2\/product"}],"about":[{"href":"https:\/\/www.eliassen.nl\/de\/wp-json\/wp\/v2\/types\/product"}],"wp:featuredmedia":[{"embeddable":true,"href":"https:\/\/www.eliassen.nl\/de\/wp-json\/wp\/v2\/media\/97201"}],"wp:attachment":[{"href":"https:\/\/www.eliassen.nl\/de\/wp-json\/wp\/v2\/media?parent=97204"}],"wp:term":[{"taxonomy":"product_brand","embeddable":true,"href":"https:\/\/www.eliassen.nl\/de\/wp-json\/wp\/v2\/product_brand?post=97204"},{"taxonomy":"product_cat","embeddable":true,"href":"https:\/\/www.eliassen.nl\/de\/wp-json\/wp\/v2\/product_cat?post=97204"},{"taxonomy":"product_tag","embeddable":true,"href":"https:\/\/www.eliassen.nl\/de\/wp-json\/wp\/v2\/product_tag?post=97204"}],"curies":[{"name":"wp","href":"https:\/\/api.w.org\/{rel}","templated":true}]}}