{"id":97042,"date":"2023-11-15T11:32:27","date_gmt":"2023-11-15T10:32:27","guid":{"rendered":"https:\/\/www.eliassen.nl\/?product=copy-of-sierkeien-schijfjes-mix-zwart-grijs-20kg"},"modified":"2025-11-27T14:57:19","modified_gmt":"2025-11-27T13:57:19","slug":"dekosteinscheiben-mix-schwarz-grau-2kg-beste-auswahl-zum-bemalen","status":"publish","type":"product","link":"https:\/\/www.eliassen.nl\/de\/dekosteinscheiben-mix-schwarz-grau-2kg-beste-auswahl-zum-bemalen\/","title":{"rendered":"Dekorative Felsbrocken flach grau Scheiben 2kg f\u00fcr Malerei 50 St\u00fcck"},"content":{"rendered":"<p>Sehr sch\u00f6ne, bestens ausgew\u00e4hlte, flache, rund-ovale Steine in dunkelgrauer Farbe. Flach in der Form, ideal zum Malen.<\/p>\n<p>Diese Malersteine wurden gewaschen und sortiert; es befinden sich praktisch keine zerbrochenen oder halben Steine in der Tasche. Nur die besten<strong> gl\u00fccklichen Steine<\/strong> aus den S\u00e4cken wurden f\u00fcr diese sortierten S\u00e4cke zum Bemalen ausgew\u00e4hlt.<\/p>\n<p>Da es sich um ein Naturprodukt handelt, ist das Foto nur ein Beispiel.<\/p>\n<ul>\n<li>gewaschene Scheiben 5-8cm, ca. 8 mm dick<\/li>\n<li><strong>NUR 50 Ziegel pro Beutel. Es k\u00f6nnte also mehr oder weniger sein!<\/strong><\/li>\n<li>\n \t<\/li>\n<li>verpackt im Organzabeutel<\/li>\n<li>keine zerbrochenen Steine dort<\/li>\n<li>sehr harter und glatter Felsbrocken<\/li>\n<li>Sehr gut zu bemalen<\/li>\n<li>Wird nicht schnell gr\u00fcn<\/li>\n<li><strong>Auch live bei uns<\/strong><\/li>\n<\/ul>\n","protected":false},"excerpt":{"rendered":"<p>Die feinste Auswahl aus sortierten Steinen, bestehend aus den besten Steinen zum Malen.<\/p>\n","protected":false},"featured_media":191588,"template":"","meta":{"_acf_changed":false,"_genesis_title":"","_genesis_description":""},"product_brand":[7505],"product_cat":[1460,752],"product_tag":[],"class_list":{"0":"post-97042","1":"product","2":"type-product","3":"status-publish","4":"has-post-thumbnail","6":"product_brand-sonstige","7":"product_cat-kieselsteine-zum-bemalen","8":"product_cat-weitere-artikel","10":"first","11":"instock","12":"taxable","13":"shipping-taxable","14":"purchasable","15":"product-type-simple"},"acf":[],"meta_all":{"wcml_sync_hash":{"postmeta_fields":"1352bcff21a21828a34d9999a9c65cf4"},"attr_label_translations":[],"total_sales":"360"},"meta_all_flat":{"wcml_sync_hash.postmeta_fields":"1352bcff21a21828a34d9999a9c65cf4","total_sales":"360"},"yoast_head":"<!-- This site is optimized with the Yoast SEO Premium plugin v26.2 (Yoast SEO v27.2) - https:\/\/yoast.com\/product\/yoast-seo-premium-wordpress\/ -->\n<title>Dekorative Steinplatten Mix schwarz-grau 2kg beste Auswahl f\u00fcr Malerei<\/title>\n<meta name=\"description\" content=\"Flache Steine zum Malen in dunkler Farbe mit sch\u00f6nen runden Kanten und perfekt flachen Scheiben finden Sie bei Eliassen. Handverlesen f\u00fcr die besten Felsbrocken.\" \/>\n<meta name=\"robots\" content=\"index, follow, max-snippet:-1, max-image-preview:large, max-video-preview:-1\" \/>\n<link rel=\"canonical\" href=\"https:\/\/www.eliassen.nl\/de\/dekosteinscheiben-mix-schwarz-grau-2kg-beste-auswahl-zum-bemalen\/\" \/>\n<meta property=\"og:locale\" content=\"de_DE\" \/>\n<meta property=\"og:type\" content=\"article\" \/>\n<meta property=\"og:title\" content=\"Sonstige Dekorative Felsbrocken flach grau Scheiben 2kg f\u00fcr Malerei 50 St\u00fcck - Eliassen.nl\" \/>\n<meta property=\"og:description\" content=\"Flache Steine zum Malen in dunkler Farbe mit sch\u00f6nen runden Kanten und perfekt flachen Scheiben finden Sie bei Eliassen. Handverlesen f\u00fcr die besten Felsbrocken.\" \/>\n<meta property=\"og:url\" content=\"https:\/\/www.eliassen.nl\/de\/dekosteinscheiben-mix-schwarz-grau-2kg-beste-auswahl-zum-bemalen\/\" \/>\n<meta property=\"og:site_name\" content=\"Eliassen.nl\" \/>\n<meta property=\"article:publisher\" content=\"https:\/\/www.facebook.com\/TuincentrumEliassenAmmerzoden\" \/>\n<meta property=\"article:modified_time\" content=\"2025-11-27T13:57:19+00:00\" \/>\n<meta property=\"og:image\" content=\"https:\/\/www.eliassen.nl\/wp-content\/uploads\/2023\/11\/sierkeien-grijs-plat-Eliassen.nl--scaled.jpeg\" \/>\n\t<meta property=\"og:image:width\" content=\"1440\" \/>\n\t<meta property=\"og:image:height\" content=\"2560\" \/>\n\t<meta property=\"og:image:type\" content=\"image\/jpeg\" \/>\n<meta name=\"twitter:card\" content=\"summary_large_image\" \/>\n<script type=\"application\/ld+json\" class=\"yoast-schema-graph\">{\"@context\":\"https:\/\/schema.org\",\"@graph\":[{\"@type\":\"WebPage\",\"@id\":\"https:\/\/www.eliassen.nl\/de\/dekosteinscheiben-mix-schwarz-grau-2kg-beste-auswahl-zum-bemalen\/\",\"url\":\"https:\/\/www.eliassen.nl\/de\/dekosteinscheiben-mix-schwarz-grau-2kg-beste-auswahl-zum-bemalen\/\",\"name\":\"Dekorative Steinplatten Mix schwarz-grau 2kg beste Auswahl f\u00fcr Malerei\",\"isPartOf\":{\"@id\":\"https:\/\/www.eliassen.nl\/de\/#website\"},\"primaryImageOfPage\":{\"@id\":\"https:\/\/www.eliassen.nl\/de\/dekosteinscheiben-mix-schwarz-grau-2kg-beste-auswahl-zum-bemalen\/#primaryimage\"},\"image\":{\"@id\":\"https:\/\/www.eliassen.nl\/de\/dekosteinscheiben-mix-schwarz-grau-2kg-beste-auswahl-zum-bemalen\/#primaryimage\"},\"thumbnailUrl\":\"https:\/\/www.eliassen.nl\/wp-content\/uploads\/2023\/11\/sierkeien-grijs-plat-Eliassen.nl--scaled.jpeg\",\"datePublished\":\"2023-11-15T10:32:27+00:00\",\"dateModified\":\"2025-11-27T13:57:19+00:00\",\"description\":\"Flache Steine zum Malen in dunkler Farbe mit sch\u00f6nen runden Kanten und perfekt flachen Scheiben finden Sie bei Eliassen. Handverlesen f\u00fcr die besten Felsbrocken.\",\"breadcrumb\":{\"@id\":\"https:\/\/www.eliassen.nl\/de\/dekosteinscheiben-mix-schwarz-grau-2kg-beste-auswahl-zum-bemalen\/#breadcrumb\"},\"inLanguage\":\"de\",\"potentialAction\":[{\"@type\":\"ReadAction\",\"target\":[\"https:\/\/www.eliassen.nl\/de\/dekosteinscheiben-mix-schwarz-grau-2kg-beste-auswahl-zum-bemalen\/\"]}]},{\"@type\":\"ImageObject\",\"inLanguage\":\"de\",\"@id\":\"https:\/\/www.eliassen.nl\/de\/dekosteinscheiben-mix-schwarz-grau-2kg-beste-auswahl-zum-bemalen\/#primaryimage\",\"url\":\"https:\/\/www.eliassen.nl\/wp-content\/uploads\/2023\/11\/sierkeien-grijs-plat-Eliassen.nl--scaled.jpeg\",\"contentUrl\":\"https:\/\/www.eliassen.nl\/wp-content\/uploads\/2023\/11\/sierkeien-grijs-plat-Eliassen.nl--scaled.jpeg\",\"width\":1440,\"height\":2560},{\"@type\":\"BreadcrumbList\",\"@id\":\"https:\/\/www.eliassen.nl\/de\/dekosteinscheiben-mix-schwarz-grau-2kg-beste-auswahl-zum-bemalen\/#breadcrumb\",\"itemListElement\":[{\"@type\":\"ListItem\",\"position\":1,\"name\":\"Home\",\"item\":\"https:\/\/www.eliassen.nl\/de\/\"},{\"@type\":\"ListItem\",\"position\":2,\"name\":\"Shop\",\"item\":\"https:\/\/www.eliassen.nl\/de\/shop\/\"},{\"@type\":\"ListItem\",\"position\":3,\"name\":\"Weitere Artikel\",\"item\":\"https:\/\/www.eliassen.nl\/de\/weitere-artikel\/\"},{\"@type\":\"ListItem\",\"position\":4,\"name\":\"Dekorative Felsbrocken flach grau Scheiben 2kg f\u00fcr Malerei 50 St\u00fcck\"}]},{\"@type\":\"WebSite\",\"@id\":\"https:\/\/www.eliassen.nl\/de\/#website\",\"url\":\"https:\/\/www.eliassen.nl\/de\/\",\"name\":\"Eliassen Home & Garden Pleasure\",\"description\":\"\",\"publisher\":{\"@id\":\"https:\/\/www.eliassen.nl\/de\/#organization\"},\"alternateName\":\"Eliassen.nl\",\"potentialAction\":[{\"@type\":\"SearchAction\",\"target\":{\"@type\":\"EntryPoint\",\"urlTemplate\":\"https:\/\/www.eliassen.nl\/de\/?s={search_term_string}\"},\"query-input\":{\"@type\":\"PropertyValueSpecification\",\"valueRequired\":true,\"valueName\":\"search_term_string\"}}],\"inLanguage\":\"de\"},{\"@type\":[\"Organization\",\"Place\"],\"@id\":\"https:\/\/www.eliassen.nl\/de\/#organization\",\"name\":\"Eliassen Home & Garden Pleasure\",\"url\":\"https:\/\/www.eliassen.nl\/de\/\",\"logo\":{\"@id\":\"https:\/\/www.eliassen.nl\/de\/dekosteinscheiben-mix-schwarz-grau-2kg-beste-auswahl-zum-bemalen\/#local-main-organization-logo\"},\"image\":{\"@id\":\"https:\/\/www.eliassen.nl\/de\/dekosteinscheiben-mix-schwarz-grau-2kg-beste-auswahl-zum-bemalen\/#local-main-organization-logo\"},\"sameAs\":[\"https:\/\/www.facebook.com\/TuincentrumEliassenAmmerzoden\",\"https:\/\/www.instagram.com\/eliassenhomeandgarden\/\",\"https:\/\/nl.pinterest.com\/eliassenhomeandgarden\/\",\"https:\/\/www.youtube.com\/@eliassenhomegardenpleasure4558\"],\"telephone\":[],\"openingHoursSpecification\":[{\"@type\":\"OpeningHoursSpecification\",\"dayOfWeek\":[\"Monday\",\"Tuesday\",\"Wednesday\",\"Thursday\",\"Friday\",\"Saturday\",\"Sunday\"],\"opens\":\"09:00\",\"closes\":\"17:00\"}]},{\"@type\":\"ImageObject\",\"inLanguage\":\"de\",\"@id\":\"https:\/\/www.eliassen.nl\/de\/dekosteinscheiben-mix-schwarz-grau-2kg-beste-auswahl-zum-bemalen\/#local-main-organization-logo\",\"url\":\"https:\/\/www.eliassen.nl\/wp-content\/uploads\/2024\/01\/logo_4nd.jpg\",\"contentUrl\":\"https:\/\/www.eliassen.nl\/wp-content\/uploads\/2024\/01\/logo_4nd.jpg\",\"width\":500,\"height\":500,\"caption\":\"Eliassen Home & Garden Pleasure\"}]}<\/script>\n<meta property=\"product:price:amount\" content=\"8.00\" \/>\n<meta property=\"product:price:currency\" content=\"EUR\" \/>\n<meta property=\"og:availability\" content=\"instock\" \/>\n<meta property=\"product:availability\" content=\"instock\" \/>\n<meta property=\"product:retailer_item_id\" content=\"Sksmbr 2kg\" \/>\n<meta property=\"product:condition\" content=\"new\" \/>\n<!-- \/ Yoast SEO Premium plugin. -->","yoast_head_json":{"title":"Dekorative Steinplatten Mix schwarz-grau 2kg beste Auswahl f\u00fcr Malerei","description":"Flache Steine zum Malen in dunkler Farbe mit sch\u00f6nen runden Kanten und perfekt flachen Scheiben finden Sie bei Eliassen. Handverlesen f\u00fcr die besten Felsbrocken.","robots":{"index":"index","follow":"follow","max-snippet":"max-snippet:-1","max-image-preview":"max-image-preview:large","max-video-preview":"max-video-preview:-1"},"canonical":"https:\/\/www.eliassen.nl\/de\/dekosteinscheiben-mix-schwarz-grau-2kg-beste-auswahl-zum-bemalen\/","og_locale":"de_DE","og_type":"article","og_title":"Sonstige Dekorative Felsbrocken flach grau Scheiben 2kg f\u00fcr Malerei 50 St\u00fcck - Eliassen.nl","og_description":"Flache Steine zum Malen in dunkler Farbe mit sch\u00f6nen runden Kanten und perfekt flachen Scheiben finden Sie bei Eliassen. Handverlesen f\u00fcr die besten Felsbrocken.","og_url":"https:\/\/www.eliassen.nl\/de\/dekosteinscheiben-mix-schwarz-grau-2kg-beste-auswahl-zum-bemalen\/","og_site_name":"Eliassen.nl","article_publisher":"https:\/\/www.facebook.com\/TuincentrumEliassenAmmerzoden","article_modified_time":"2025-11-27T13:57:19+00:00","og_image":[{"width":1440,"height":2560,"url":"https:\/\/www.eliassen.nl\/wp-content\/uploads\/2023\/11\/sierkeien-grijs-plat-Eliassen.nl--scaled.jpeg","type":"image\/jpeg"}],"twitter_card":"summary_large_image","schema":{"@context":"https:\/\/schema.org","@graph":[{"@type":"WebPage","@id":"https:\/\/www.eliassen.nl\/de\/dekosteinscheiben-mix-schwarz-grau-2kg-beste-auswahl-zum-bemalen\/","url":"https:\/\/www.eliassen.nl\/de\/dekosteinscheiben-mix-schwarz-grau-2kg-beste-auswahl-zum-bemalen\/","name":"Dekorative Steinplatten Mix schwarz-grau 2kg beste Auswahl f\u00fcr Malerei","isPartOf":{"@id":"https:\/\/www.eliassen.nl\/de\/#website"},"primaryImageOfPage":{"@id":"https:\/\/www.eliassen.nl\/de\/dekosteinscheiben-mix-schwarz-grau-2kg-beste-auswahl-zum-bemalen\/#primaryimage"},"image":{"@id":"https:\/\/www.eliassen.nl\/de\/dekosteinscheiben-mix-schwarz-grau-2kg-beste-auswahl-zum-bemalen\/#primaryimage"},"thumbnailUrl":"https:\/\/www.eliassen.nl\/wp-content\/uploads\/2023\/11\/sierkeien-grijs-plat-Eliassen.nl--scaled.jpeg","datePublished":"2023-11-15T10:32:27+00:00","dateModified":"2025-11-27T13:57:19+00:00","description":"Flache Steine zum Malen in dunkler Farbe mit sch\u00f6nen runden Kanten und perfekt flachen Scheiben finden Sie bei Eliassen. Handverlesen f\u00fcr die besten Felsbrocken.","breadcrumb":{"@id":"https:\/\/www.eliassen.nl\/de\/dekosteinscheiben-mix-schwarz-grau-2kg-beste-auswahl-zum-bemalen\/#breadcrumb"},"inLanguage":"de","potentialAction":[{"@type":"ReadAction","target":["https:\/\/www.eliassen.nl\/de\/dekosteinscheiben-mix-schwarz-grau-2kg-beste-auswahl-zum-bemalen\/"]}]},{"@type":"ImageObject","inLanguage":"de","@id":"https:\/\/www.eliassen.nl\/de\/dekosteinscheiben-mix-schwarz-grau-2kg-beste-auswahl-zum-bemalen\/#primaryimage","url":"https:\/\/www.eliassen.nl\/wp-content\/uploads\/2023\/11\/sierkeien-grijs-plat-Eliassen.nl--scaled.jpeg","contentUrl":"https:\/\/www.eliassen.nl\/wp-content\/uploads\/2023\/11\/sierkeien-grijs-plat-Eliassen.nl--scaled.jpeg","width":1440,"height":2560},{"@type":"BreadcrumbList","@id":"https:\/\/www.eliassen.nl\/de\/dekosteinscheiben-mix-schwarz-grau-2kg-beste-auswahl-zum-bemalen\/#breadcrumb","itemListElement":[{"@type":"ListItem","position":1,"name":"Home","item":"https:\/\/www.eliassen.nl\/de\/"},{"@type":"ListItem","position":2,"name":"Shop","item":"https:\/\/www.eliassen.nl\/de\/shop\/"},{"@type":"ListItem","position":3,"name":"Weitere Artikel","item":"https:\/\/www.eliassen.nl\/de\/weitere-artikel\/"},{"@type":"ListItem","position":4,"name":"Dekorative Felsbrocken flach grau Scheiben 2kg f\u00fcr Malerei 50 St\u00fcck"}]},{"@type":"WebSite","@id":"https:\/\/www.eliassen.nl\/de\/#website","url":"https:\/\/www.eliassen.nl\/de\/","name":"Eliassen Home & Garden Pleasure","description":"","publisher":{"@id":"https:\/\/www.eliassen.nl\/de\/#organization"},"alternateName":"Eliassen.nl","potentialAction":[{"@type":"SearchAction","target":{"@type":"EntryPoint","urlTemplate":"https:\/\/www.eliassen.nl\/de\/?s={search_term_string}"},"query-input":{"@type":"PropertyValueSpecification","valueRequired":true,"valueName":"search_term_string"}}],"inLanguage":"de"},{"@type":["Organization","Place"],"@id":"https:\/\/www.eliassen.nl\/de\/#organization","name":"Eliassen Home & Garden Pleasure","url":"https:\/\/www.eliassen.nl\/de\/","logo":{"@id":"https:\/\/www.eliassen.nl\/de\/dekosteinscheiben-mix-schwarz-grau-2kg-beste-auswahl-zum-bemalen\/#local-main-organization-logo"},"image":{"@id":"https:\/\/www.eliassen.nl\/de\/dekosteinscheiben-mix-schwarz-grau-2kg-beste-auswahl-zum-bemalen\/#local-main-organization-logo"},"sameAs":["https:\/\/www.facebook.com\/TuincentrumEliassenAmmerzoden","https:\/\/www.instagram.com\/eliassenhomeandgarden\/","https:\/\/nl.pinterest.com\/eliassenhomeandgarden\/","https:\/\/www.youtube.com\/@eliassenhomegardenpleasure4558"],"telephone":[],"openingHoursSpecification":[{"@type":"OpeningHoursSpecification","dayOfWeek":["Monday","Tuesday","Wednesday","Thursday","Friday","Saturday","Sunday"],"opens":"09:00","closes":"17:00"}]},{"@type":"ImageObject","inLanguage":"de","@id":"https:\/\/www.eliassen.nl\/de\/dekosteinscheiben-mix-schwarz-grau-2kg-beste-auswahl-zum-bemalen\/#local-main-organization-logo","url":"https:\/\/www.eliassen.nl\/wp-content\/uploads\/2024\/01\/logo_4nd.jpg","contentUrl":"https:\/\/www.eliassen.nl\/wp-content\/uploads\/2024\/01\/logo_4nd.jpg","width":500,"height":500,"caption":"Eliassen Home & Garden Pleasure"}]},"product_price_amount":"8.00","product_price_currency":"EUR","og_availability":"instock","product_availability":"instock","product_retailer_item_id":"Sksmbr 2kg","product_condition":"new"},"df_price":8,"df_sale_price":"","df_regular_price":8,"df_image_link":"https:\/\/www.eliassen.nl\/wp-content\/uploads\/2023\/11\/sierkeien-grijs-plat-Eliassen.nl--169x300.jpeg","image":"https:\/\/www.eliassen.nl\/wp-content\/uploads\/2023\/11\/sierkeien-grijs-plat-Eliassen.nl--150x150.jpeg","price_search":"<span class=\"woocommerce-Price-amount amount\"><bdi><span class=\"woocommerce-Price-currencySymbol\">&euro;<\/span>&nbsp;8,00<\/bdi><\/span>","category":"Kieselsteine zum Bemalen","global_unique_id":"6096518837843","_links":{"self":[{"href":"https:\/\/www.eliassen.nl\/de\/wp-json\/wp\/v2\/product\/97042","targetHints":{"allow":["GET"]}}],"collection":[{"href":"https:\/\/www.eliassen.nl\/de\/wp-json\/wp\/v2\/product"}],"about":[{"href":"https:\/\/www.eliassen.nl\/de\/wp-json\/wp\/v2\/types\/product"}],"wp:featuredmedia":[{"embeddable":true,"href":"https:\/\/www.eliassen.nl\/de\/wp-json\/wp\/v2\/media\/191588"}],"wp:attachment":[{"href":"https:\/\/www.eliassen.nl\/de\/wp-json\/wp\/v2\/media?parent=97042"}],"wp:term":[{"taxonomy":"product_brand","embeddable":true,"href":"https:\/\/www.eliassen.nl\/de\/wp-json\/wp\/v2\/product_brand?post=97042"},{"taxonomy":"product_cat","embeddable":true,"href":"https:\/\/www.eliassen.nl\/de\/wp-json\/wp\/v2\/product_cat?post=97042"},{"taxonomy":"product_tag","embeddable":true,"href":"https:\/\/www.eliassen.nl\/de\/wp-json\/wp\/v2\/product_tag?post=97042"}],"curies":[{"name":"wp","href":"https:\/\/api.w.org\/{rel}","templated":true}]}}