{"id":96988,"date":"2023-11-15T10:26:52","date_gmt":"2023-11-15T10:26:52","guid":{"rendered":"https:\/\/www.eliassen.nl\/?product=copy-of-keien-plat-grijs-5-8cm-2kg-uitgesorteerd"},"modified":"2025-11-27T14:57:28","modified_gmt":"2025-11-27T13:57:28","slug":"kieselsteine-flach-grau-810-cm-2-kg-beste-auswahl-zum-bemalen","status":"publish","type":"product","link":"https:\/\/www.eliassen.nl\/de\/kieselsteine-flach-grau-810-cm-2-kg-beste-auswahl-zum-bemalen\/","title":{"rendered":"Felsbrocken flach grau 8-10cm 2kg beste Auswahl zum Malen"},"content":{"rendered":"<p><video controls=\"controls\" width=\"300\" height=\"150\"><br \/>\n<\/video><br \/>\nSehr sch\u00f6ne, am besten ausgew\u00e4hlte flache graue Felsbrocken von 8 bis 10 cm. Flach in der Form, ideal zum Malen.<\/p>\n<p>Diese Malersteine wurden gewaschen und sortiert; es befinden sich praktisch keine zerbrochenen oder halben Steine in der Tasche. Nur die besten dekorativen Felsbrocken aus den S\u00e4cken wurden f\u00fcr diese sortierten S\u00e4cke zum Bemalen ausgew\u00e4hlt. In manchen F\u00e4llen ist nur eine Seite der gl\u00fccklichen Steine v\u00f6llig glatt.<\/p>\n<p>Da es sich um ein Naturprodukt handelt, ist das Foto nur ein Beispiel.<\/p>\n<ul>\n<li>gewaschene Felsbrocken<\/li>\n<li><strong>NUR 7 Ziegel pro Beutel. Es k\u00f6nnte also mehr oder weniger sein!<\/strong><\/li>\n<li>\n \t<\/li>\n<li>verpackt im Organzabeutel<\/li>\n<li>keine zerbrochenen Steine dort<\/li>\n<li>sehr harter und glatter Felsbrocken<\/li>\n<li>Sehr gut zu bemalen<\/li>\n<li>Wird nicht schnell gr\u00fcn<\/li>\n<li>Auch live bei uns<\/li>\n<\/ul>\n","protected":false},"excerpt":{"rendered":"<p>Die feinste Auswahl aus sortierten Steinen, bestehend aus den besten Steinen zum Malen.<\/p>\n","protected":false},"featured_media":96964,"template":"","meta":{"_acf_changed":false,"_genesis_title":"","_genesis_description":""},"product_brand":[7505],"product_cat":[1460,752],"product_tag":[],"class_list":{"0":"post-96988","1":"product","2":"type-product","3":"status-publish","4":"has-post-thumbnail","6":"product_brand-sonstige","7":"product_cat-kieselsteine-zum-bemalen","8":"product_cat-weitere-artikel","10":"first","11":"instock","12":"taxable","13":"shipping-taxable","14":"purchasable","15":"product-type-simple"},"acf":[],"meta_all":{"wcml_sync_hash":{"postmeta_fields":"4cfa47dd36456b39b1c3b410f5ae52c6"},"attr_label_translations":[],"total_sales":"240"},"meta_all_flat":{"wcml_sync_hash.postmeta_fields":"4cfa47dd36456b39b1c3b410f5ae52c6","total_sales":"240"},"yoast_head":"<!-- This site is optimized with the Yoast SEO Premium plugin v26.2 (Yoast SEO v27.2) - https:\/\/yoast.com\/product\/yoast-seo-premium-wordpress\/ -->\n<title>Felsbrocken flach grau 8-10cm 2kg beste Auswahl f\u00fcr Malerei Eliassen<\/title>\n<meta name=\"description\" content=\"Die besten Steine zum Bemalen f\u00fcr den Hobbygebrauch. Diese Felsbrocken sind alle flach und glatt in ihrer Textur und von dezent grauer Farbe.\" \/>\n<meta name=\"robots\" content=\"index, follow, max-snippet:-1, max-image-preview:large, max-video-preview:-1\" \/>\n<link rel=\"canonical\" href=\"https:\/\/www.eliassen.nl\/de\/kieselsteine-flach-grau-810-cm-2-kg-beste-auswahl-zum-bemalen\/\" \/>\n<meta property=\"og:locale\" content=\"de_DE\" \/>\n<meta property=\"og:type\" content=\"article\" \/>\n<meta property=\"og:title\" content=\"Sonstige Felsbrocken flach grau 8-10cm 2kg beste Auswahl zum Malen - Eliassen.nl\" \/>\n<meta property=\"og:description\" content=\"Die besten Steine zum Bemalen f\u00fcr den Hobbygebrauch. Diese Felsbrocken sind alle flach und glatt in ihrer Textur und von dezent grauer Farbe.\" \/>\n<meta property=\"og:url\" content=\"https:\/\/www.eliassen.nl\/de\/kieselsteine-flach-grau-810-cm-2-kg-beste-auswahl-zum-bemalen\/\" \/>\n<meta property=\"og:site_name\" content=\"Eliassen.nl\" \/>\n<meta property=\"article:publisher\" content=\"https:\/\/www.facebook.com\/TuincentrumEliassenAmmerzoden\" \/>\n<meta property=\"article:modified_time\" content=\"2025-11-27T13:57:28+00:00\" \/>\n<meta property=\"og:image\" content=\"https:\/\/www.eliassen.nl\/wp-content\/uploads\/2024\/01\/keienplatgrijs810cm2kgbesteselectievoorbe.jpg\" \/>\n\t<meta property=\"og:image:width\" content=\"1536\" \/>\n\t<meta property=\"og:image:height\" content=\"2048\" \/>\n\t<meta property=\"og:image:type\" content=\"image\/jpeg\" \/>\n<meta name=\"twitter:card\" content=\"summary_large_image\" \/>\n<script type=\"application\/ld+json\" class=\"yoast-schema-graph\">{\"@context\":\"https:\/\/schema.org\",\"@graph\":[{\"@type\":\"WebPage\",\"@id\":\"https:\/\/www.eliassen.nl\/de\/kieselsteine-flach-grau-810-cm-2-kg-beste-auswahl-zum-bemalen\/\",\"url\":\"https:\/\/www.eliassen.nl\/de\/kieselsteine-flach-grau-810-cm-2-kg-beste-auswahl-zum-bemalen\/\",\"name\":\"Felsbrocken flach grau 8-10cm 2kg beste Auswahl f\u00fcr Malerei Eliassen\",\"isPartOf\":{\"@id\":\"https:\/\/www.eliassen.nl\/de\/#website\"},\"primaryImageOfPage\":{\"@id\":\"https:\/\/www.eliassen.nl\/de\/kieselsteine-flach-grau-810-cm-2-kg-beste-auswahl-zum-bemalen\/#primaryimage\"},\"image\":{\"@id\":\"https:\/\/www.eliassen.nl\/de\/kieselsteine-flach-grau-810-cm-2-kg-beste-auswahl-zum-bemalen\/#primaryimage\"},\"thumbnailUrl\":\"https:\/\/www.eliassen.nl\/wp-content\/uploads\/2024\/01\/keienplatgrijs810cm2kgbesteselectievoorbe.jpg\",\"datePublished\":\"2023-11-15T10:26:52+00:00\",\"dateModified\":\"2025-11-27T13:57:28+00:00\",\"description\":\"Die besten Steine zum Bemalen f\u00fcr den Hobbygebrauch. Diese Felsbrocken sind alle flach und glatt in ihrer Textur und von dezent grauer Farbe.\",\"breadcrumb\":{\"@id\":\"https:\/\/www.eliassen.nl\/de\/kieselsteine-flach-grau-810-cm-2-kg-beste-auswahl-zum-bemalen\/#breadcrumb\"},\"inLanguage\":\"de\",\"potentialAction\":[{\"@type\":\"ReadAction\",\"target\":[\"https:\/\/www.eliassen.nl\/de\/kieselsteine-flach-grau-810-cm-2-kg-beste-auswahl-zum-bemalen\/\"]}]},{\"@type\":\"ImageObject\",\"inLanguage\":\"de\",\"@id\":\"https:\/\/www.eliassen.nl\/de\/kieselsteine-flach-grau-810-cm-2-kg-beste-auswahl-zum-bemalen\/#primaryimage\",\"url\":\"https:\/\/www.eliassen.nl\/wp-content\/uploads\/2024\/01\/keienplatgrijs810cm2kgbesteselectievoorbe.jpg\",\"contentUrl\":\"https:\/\/www.eliassen.nl\/wp-content\/uploads\/2024\/01\/keienplatgrijs810cm2kgbesteselectievoorbe.jpg\",\"width\":1536,\"height\":2048,\"caption\":\"Felsbrocken flach grau 8-10cm 2kg beste Auswahl f\u00fcr Malerei eliassen.nl\"},{\"@type\":\"BreadcrumbList\",\"@id\":\"https:\/\/www.eliassen.nl\/de\/kieselsteine-flach-grau-810-cm-2-kg-beste-auswahl-zum-bemalen\/#breadcrumb\",\"itemListElement\":[{\"@type\":\"ListItem\",\"position\":1,\"name\":\"Home\",\"item\":\"https:\/\/www.eliassen.nl\/de\/\"},{\"@type\":\"ListItem\",\"position\":2,\"name\":\"Shop\",\"item\":\"https:\/\/www.eliassen.nl\/de\/shop\/\"},{\"@type\":\"ListItem\",\"position\":3,\"name\":\"Weitere Artikel\",\"item\":\"https:\/\/www.eliassen.nl\/de\/weitere-artikel\/\"},{\"@type\":\"ListItem\",\"position\":4,\"name\":\"Felsbrocken flach grau 8-10cm 2kg beste Auswahl zum Malen\"}]},{\"@type\":\"WebSite\",\"@id\":\"https:\/\/www.eliassen.nl\/de\/#website\",\"url\":\"https:\/\/www.eliassen.nl\/de\/\",\"name\":\"Eliassen Home & Garden Pleasure\",\"description\":\"\",\"publisher\":{\"@id\":\"https:\/\/www.eliassen.nl\/de\/#organization\"},\"alternateName\":\"Eliassen.nl\",\"potentialAction\":[{\"@type\":\"SearchAction\",\"target\":{\"@type\":\"EntryPoint\",\"urlTemplate\":\"https:\/\/www.eliassen.nl\/de\/?s={search_term_string}\"},\"query-input\":{\"@type\":\"PropertyValueSpecification\",\"valueRequired\":true,\"valueName\":\"search_term_string\"}}],\"inLanguage\":\"de\"},{\"@type\":[\"Organization\",\"Place\"],\"@id\":\"https:\/\/www.eliassen.nl\/de\/#organization\",\"name\":\"Eliassen Home & Garden Pleasure\",\"url\":\"https:\/\/www.eliassen.nl\/de\/\",\"logo\":{\"@id\":\"https:\/\/www.eliassen.nl\/de\/kieselsteine-flach-grau-810-cm-2-kg-beste-auswahl-zum-bemalen\/#local-main-organization-logo\"},\"image\":{\"@id\":\"https:\/\/www.eliassen.nl\/de\/kieselsteine-flach-grau-810-cm-2-kg-beste-auswahl-zum-bemalen\/#local-main-organization-logo\"},\"sameAs\":[\"https:\/\/www.facebook.com\/TuincentrumEliassenAmmerzoden\",\"https:\/\/www.instagram.com\/eliassenhomeandgarden\/\",\"https:\/\/nl.pinterest.com\/eliassenhomeandgarden\/\",\"https:\/\/www.youtube.com\/@eliassenhomegardenpleasure4558\"],\"telephone\":[],\"openingHoursSpecification\":[{\"@type\":\"OpeningHoursSpecification\",\"dayOfWeek\":[\"Monday\",\"Tuesday\",\"Wednesday\",\"Thursday\",\"Friday\",\"Saturday\",\"Sunday\"],\"opens\":\"09:00\",\"closes\":\"17:00\"}]},{\"@type\":\"ImageObject\",\"inLanguage\":\"de\",\"@id\":\"https:\/\/www.eliassen.nl\/de\/kieselsteine-flach-grau-810-cm-2-kg-beste-auswahl-zum-bemalen\/#local-main-organization-logo\",\"url\":\"https:\/\/www.eliassen.nl\/wp-content\/uploads\/2024\/01\/logo_4nd.jpg\",\"contentUrl\":\"https:\/\/www.eliassen.nl\/wp-content\/uploads\/2024\/01\/logo_4nd.jpg\",\"width\":500,\"height\":500,\"caption\":\"Eliassen Home & Garden Pleasure\"}]}<\/script>\n<meta property=\"product:price:amount\" content=\"6.00\" \/>\n<meta property=\"product:price:currency\" content=\"EUR\" \/>\n<meta property=\"og:availability\" content=\"instock\" \/>\n<meta property=\"product:availability\" content=\"instock\" \/>\n<meta property=\"product:retailer_item_id\" content=\"Grafl80100 2kg\" \/>\n<meta property=\"product:condition\" content=\"new\" \/>\n<!-- \/ Yoast SEO Premium plugin. -->","yoast_head_json":{"title":"Felsbrocken flach grau 8-10cm 2kg beste Auswahl f\u00fcr Malerei Eliassen","description":"Die besten Steine zum Bemalen f\u00fcr den Hobbygebrauch. Diese Felsbrocken sind alle flach und glatt in ihrer Textur und von dezent grauer Farbe.","robots":{"index":"index","follow":"follow","max-snippet":"max-snippet:-1","max-image-preview":"max-image-preview:large","max-video-preview":"max-video-preview:-1"},"canonical":"https:\/\/www.eliassen.nl\/de\/kieselsteine-flach-grau-810-cm-2-kg-beste-auswahl-zum-bemalen\/","og_locale":"de_DE","og_type":"article","og_title":"Sonstige Felsbrocken flach grau 8-10cm 2kg beste Auswahl zum Malen - Eliassen.nl","og_description":"Die besten Steine zum Bemalen f\u00fcr den Hobbygebrauch. Diese Felsbrocken sind alle flach und glatt in ihrer Textur und von dezent grauer Farbe.","og_url":"https:\/\/www.eliassen.nl\/de\/kieselsteine-flach-grau-810-cm-2-kg-beste-auswahl-zum-bemalen\/","og_site_name":"Eliassen.nl","article_publisher":"https:\/\/www.facebook.com\/TuincentrumEliassenAmmerzoden","article_modified_time":"2025-11-27T13:57:28+00:00","og_image":[{"width":1536,"height":2048,"url":"https:\/\/www.eliassen.nl\/wp-content\/uploads\/2024\/01\/keienplatgrijs810cm2kgbesteselectievoorbe.jpg","type":"image\/jpeg"}],"twitter_card":"summary_large_image","schema":{"@context":"https:\/\/schema.org","@graph":[{"@type":"WebPage","@id":"https:\/\/www.eliassen.nl\/de\/kieselsteine-flach-grau-810-cm-2-kg-beste-auswahl-zum-bemalen\/","url":"https:\/\/www.eliassen.nl\/de\/kieselsteine-flach-grau-810-cm-2-kg-beste-auswahl-zum-bemalen\/","name":"Felsbrocken flach grau 8-10cm 2kg beste Auswahl f\u00fcr Malerei Eliassen","isPartOf":{"@id":"https:\/\/www.eliassen.nl\/de\/#website"},"primaryImageOfPage":{"@id":"https:\/\/www.eliassen.nl\/de\/kieselsteine-flach-grau-810-cm-2-kg-beste-auswahl-zum-bemalen\/#primaryimage"},"image":{"@id":"https:\/\/www.eliassen.nl\/de\/kieselsteine-flach-grau-810-cm-2-kg-beste-auswahl-zum-bemalen\/#primaryimage"},"thumbnailUrl":"https:\/\/www.eliassen.nl\/wp-content\/uploads\/2024\/01\/keienplatgrijs810cm2kgbesteselectievoorbe.jpg","datePublished":"2023-11-15T10:26:52+00:00","dateModified":"2025-11-27T13:57:28+00:00","description":"Die besten Steine zum Bemalen f\u00fcr den Hobbygebrauch. Diese Felsbrocken sind alle flach und glatt in ihrer Textur und von dezent grauer Farbe.","breadcrumb":{"@id":"https:\/\/www.eliassen.nl\/de\/kieselsteine-flach-grau-810-cm-2-kg-beste-auswahl-zum-bemalen\/#breadcrumb"},"inLanguage":"de","potentialAction":[{"@type":"ReadAction","target":["https:\/\/www.eliassen.nl\/de\/kieselsteine-flach-grau-810-cm-2-kg-beste-auswahl-zum-bemalen\/"]}]},{"@type":"ImageObject","inLanguage":"de","@id":"https:\/\/www.eliassen.nl\/de\/kieselsteine-flach-grau-810-cm-2-kg-beste-auswahl-zum-bemalen\/#primaryimage","url":"https:\/\/www.eliassen.nl\/wp-content\/uploads\/2024\/01\/keienplatgrijs810cm2kgbesteselectievoorbe.jpg","contentUrl":"https:\/\/www.eliassen.nl\/wp-content\/uploads\/2024\/01\/keienplatgrijs810cm2kgbesteselectievoorbe.jpg","width":1536,"height":2048,"caption":"Felsbrocken flach grau 8-10cm 2kg beste Auswahl f\u00fcr Malerei eliassen.nl"},{"@type":"BreadcrumbList","@id":"https:\/\/www.eliassen.nl\/de\/kieselsteine-flach-grau-810-cm-2-kg-beste-auswahl-zum-bemalen\/#breadcrumb","itemListElement":[{"@type":"ListItem","position":1,"name":"Home","item":"https:\/\/www.eliassen.nl\/de\/"},{"@type":"ListItem","position":2,"name":"Shop","item":"https:\/\/www.eliassen.nl\/de\/shop\/"},{"@type":"ListItem","position":3,"name":"Weitere Artikel","item":"https:\/\/www.eliassen.nl\/de\/weitere-artikel\/"},{"@type":"ListItem","position":4,"name":"Felsbrocken flach grau 8-10cm 2kg beste Auswahl zum Malen"}]},{"@type":"WebSite","@id":"https:\/\/www.eliassen.nl\/de\/#website","url":"https:\/\/www.eliassen.nl\/de\/","name":"Eliassen Home & Garden Pleasure","description":"","publisher":{"@id":"https:\/\/www.eliassen.nl\/de\/#organization"},"alternateName":"Eliassen.nl","potentialAction":[{"@type":"SearchAction","target":{"@type":"EntryPoint","urlTemplate":"https:\/\/www.eliassen.nl\/de\/?s={search_term_string}"},"query-input":{"@type":"PropertyValueSpecification","valueRequired":true,"valueName":"search_term_string"}}],"inLanguage":"de"},{"@type":["Organization","Place"],"@id":"https:\/\/www.eliassen.nl\/de\/#organization","name":"Eliassen Home & Garden Pleasure","url":"https:\/\/www.eliassen.nl\/de\/","logo":{"@id":"https:\/\/www.eliassen.nl\/de\/kieselsteine-flach-grau-810-cm-2-kg-beste-auswahl-zum-bemalen\/#local-main-organization-logo"},"image":{"@id":"https:\/\/www.eliassen.nl\/de\/kieselsteine-flach-grau-810-cm-2-kg-beste-auswahl-zum-bemalen\/#local-main-organization-logo"},"sameAs":["https:\/\/www.facebook.com\/TuincentrumEliassenAmmerzoden","https:\/\/www.instagram.com\/eliassenhomeandgarden\/","https:\/\/nl.pinterest.com\/eliassenhomeandgarden\/","https:\/\/www.youtube.com\/@eliassenhomegardenpleasure4558"],"telephone":[],"openingHoursSpecification":[{"@type":"OpeningHoursSpecification","dayOfWeek":["Monday","Tuesday","Wednesday","Thursday","Friday","Saturday","Sunday"],"opens":"09:00","closes":"17:00"}]},{"@type":"ImageObject","inLanguage":"de","@id":"https:\/\/www.eliassen.nl\/de\/kieselsteine-flach-grau-810-cm-2-kg-beste-auswahl-zum-bemalen\/#local-main-organization-logo","url":"https:\/\/www.eliassen.nl\/wp-content\/uploads\/2024\/01\/logo_4nd.jpg","contentUrl":"https:\/\/www.eliassen.nl\/wp-content\/uploads\/2024\/01\/logo_4nd.jpg","width":500,"height":500,"caption":"Eliassen Home & Garden Pleasure"}]},"product_price_amount":"6.00","product_price_currency":"EUR","og_availability":"instock","product_availability":"instock","product_retailer_item_id":"Grafl80100 2kg","product_condition":"new"},"df_price":6,"df_sale_price":"","df_regular_price":6,"df_image_link":"https:\/\/www.eliassen.nl\/wp-content\/uploads\/2024\/01\/keienplatgrijs810cm2kgbesteselectievoorbe.jpg","image":"https:\/\/www.eliassen.nl\/wp-content\/uploads\/2024\/01\/keienplatgrijs810cm2kgbesteselectievoorbe.jpg","price_search":"<span class=\"woocommerce-Price-amount amount\"><bdi><span class=\"woocommerce-Price-currencySymbol\">&euro;<\/span>&nbsp;6,00<\/bdi><\/span>","category":"Kieselsteine zum Bemalen","global_unique_id":"6096515888824","_links":{"self":[{"href":"https:\/\/www.eliassen.nl\/de\/wp-json\/wp\/v2\/product\/96988","targetHints":{"allow":["GET"]}}],"collection":[{"href":"https:\/\/www.eliassen.nl\/de\/wp-json\/wp\/v2\/product"}],"about":[{"href":"https:\/\/www.eliassen.nl\/de\/wp-json\/wp\/v2\/types\/product"}],"wp:featuredmedia":[{"embeddable":true,"href":"https:\/\/www.eliassen.nl\/de\/wp-json\/wp\/v2\/media\/96964"}],"wp:attachment":[{"href":"https:\/\/www.eliassen.nl\/de\/wp-json\/wp\/v2\/media?parent=96988"}],"wp:term":[{"taxonomy":"product_brand","embeddable":true,"href":"https:\/\/www.eliassen.nl\/de\/wp-json\/wp\/v2\/product_brand?post=96988"},{"taxonomy":"product_cat","embeddable":true,"href":"https:\/\/www.eliassen.nl\/de\/wp-json\/wp\/v2\/product_cat?post=96988"},{"taxonomy":"product_tag","embeddable":true,"href":"https:\/\/www.eliassen.nl\/de\/wp-json\/wp\/v2\/product_tag?post=96988"}],"curies":[{"name":"wp","href":"https:\/\/api.w.org\/{rel}","templated":true}]}}