{"id":96889,"date":"2023-11-14T11:26:49","date_gmt":"2023-11-14T11:26:49","guid":{"rendered":"https:\/\/www.eliassen.nl\/?product=windmolen-dubbel-flowerpower-40cm"},"modified":"2025-11-27T14:00:47","modified_gmt":"2025-11-27T13:00:47","slug":"windmolen-dubbel-flowerpower-40cm","status":"publish","type":"product","link":"https:\/\/www.eliassen.nl\/de\/windmolen-dubbel-flowerpower-40cm\/","title":{"rendered":"Windrad doppelt FlowerPower 40cm"},"content":{"rendered":"<p>Diese farbenfrohe Windm\u00fchle ist in jedem Garten eine lustige Erg\u00e4nzung.<br \/>\nDieses 128 cm gro\u00dfe Modell dreht sich schon bei leichtem Wind, da die rotierenden Teile mit Kugellagern ausgestattet sind.<br \/>\nDiese fr\u00f6hliche Windm\u00fchle macht Spa\u00df beim Verschenken oder Beschenken.<br \/>\nDie M\u00fchle ist mit einem stabilen Stift ausgestattet, so dass sie in jeder Art von Boden sicher steht.<br \/>\nWird als Bausatz geliefert.<br \/>\nGr\u00f6\u00dfe: 40cm breit und 128cm hoch.<\/p>\n<p>Diese Windturbine ist f\u00fcr einen leisen Betrieb ausgelegt. Bei starkem Wind oder Sturm sollte es also im Windschatten liegen.<\/p>\n<ul>\n<li>Farbe: Verschiedenfarbig<\/li>\n<li>Material: Metall<\/li>\n<li>Schnelle Lieferung<\/li>\n<li>Eigene Aktie<\/li>\n<li>Hinweis: Dies ist kein Spielzeug!<\/li>\n<\/ul>\n","protected":false},"excerpt":{"rendered":"<p>40cm Durchmesser x 128cm<\/p>\n","protected":false},"featured_media":96886,"template":"","meta":{"_acf_changed":false,"_genesis_title":"","_genesis_description":""},"product_brand":[7505],"product_cat":[836,845],"product_tag":[],"class_list":{"0":"post-96889","1":"product","2":"type-product","3":"status-publish","4":"has-post-thumbnail","6":"product_brand-sonstige","7":"product_cat-gartenstecker","8":"product_cat-windmuehlen","10":"first","11":"instock","12":"taxable","13":"shipping-taxable","14":"purchasable","15":"product-type-simple"},"acf":[],"meta_all":{"total_sales":"2","wcml_sync_hash":{"postmeta_fields":"98c0cddd620e44cdf80fa9112e5f34c2"},"attr_label_translations":[]},"meta_all_flat":{"total_sales":"2","wcml_sync_hash.postmeta_fields":"98c0cddd620e44cdf80fa9112e5f34c2"},"yoast_head":"<!-- This site is optimized with the Yoast SEO Premium plugin v26.2 (Yoast SEO v27.2) - https:\/\/yoast.com\/product\/yoast-seo-premium-wordpress\/ -->\n<title>Windrad doppelt FlowerPower 40cm<\/title>\n<meta name=\"description\" content=\"M\u00f6chten Sie eine fr\u00f6hliche Windm\u00fchle aus Metall in leuchtenden Farben kaufen? Sehen Sie sich hier unsere Kollektion lustiger und fr\u00f6hlicher Windm\u00fchlen an. Gro\u00dfe Kollektion \u2713 Gute Qualit\u00e4t\" \/>\n<meta name=\"robots\" content=\"index, follow, max-snippet:-1, max-image-preview:large, max-video-preview:-1\" \/>\n<link rel=\"canonical\" href=\"https:\/\/www.eliassen.nl\/de\/windmolen-dubbel-flowerpower-40cm\/\" \/>\n<meta property=\"og:locale\" content=\"de_DE\" \/>\n<meta property=\"og:type\" content=\"article\" \/>\n<meta property=\"og:title\" content=\"Sonstige Windrad doppelt FlowerPower 40cm - Eliassen.nl\" \/>\n<meta property=\"og:description\" content=\"M\u00f6chten Sie eine fr\u00f6hliche Windm\u00fchle aus Metall in leuchtenden Farben kaufen? Sehen Sie sich hier unsere Kollektion lustiger und fr\u00f6hlicher Windm\u00fchlen an. Gro\u00dfe Kollektion \u2713 Gute Qualit\u00e4t\" \/>\n<meta property=\"og:url\" content=\"https:\/\/www.eliassen.nl\/de\/windmolen-dubbel-flowerpower-40cm\/\" \/>\n<meta property=\"og:site_name\" content=\"Eliassen.nl\" \/>\n<meta property=\"article:publisher\" content=\"https:\/\/www.facebook.com\/TuincentrumEliassenAmmerzoden\" \/>\n<meta property=\"article:modified_time\" content=\"2025-11-27T13:00:47+00:00\" \/>\n<meta property=\"og:image\" content=\"https:\/\/www.eliassen.nl\/wp-content\/uploads\/2024\/01\/windmolen40cmflowerpowereliassennl.jpg\" \/>\n\t<meta property=\"og:image:width\" content=\"1536\" \/>\n\t<meta property=\"og:image:height\" content=\"2048\" \/>\n\t<meta property=\"og:image:type\" content=\"image\/jpeg\" \/>\n<meta name=\"twitter:card\" content=\"summary_large_image\" \/>\n<script type=\"application\/ld+json\" class=\"yoast-schema-graph\">{\"@context\":\"https:\/\/schema.org\",\"@graph\":[{\"@type\":\"WebPage\",\"@id\":\"https:\/\/www.eliassen.nl\/de\/windmolen-dubbel-flowerpower-40cm\/\",\"url\":\"https:\/\/www.eliassen.nl\/de\/windmolen-dubbel-flowerpower-40cm\/\",\"name\":\"Windrad doppelt FlowerPower 40cm\",\"isPartOf\":{\"@id\":\"https:\/\/www.eliassen.nl\/de\/#website\"},\"primaryImageOfPage\":{\"@id\":\"https:\/\/www.eliassen.nl\/de\/windmolen-dubbel-flowerpower-40cm\/#primaryimage\"},\"image\":{\"@id\":\"https:\/\/www.eliassen.nl\/de\/windmolen-dubbel-flowerpower-40cm\/#primaryimage\"},\"thumbnailUrl\":\"https:\/\/www.eliassen.nl\/wp-content\/uploads\/2024\/01\/windmolen40cmflowerpowereliassennl.jpg\",\"datePublished\":\"2023-11-14T11:26:49+00:00\",\"dateModified\":\"2025-11-27T13:00:47+00:00\",\"description\":\"M\u00f6chten Sie eine fr\u00f6hliche Windm\u00fchle aus Metall in leuchtenden Farben kaufen? Sehen Sie sich hier unsere Kollektion lustiger und fr\u00f6hlicher Windm\u00fchlen an. Gro\u00dfe Kollektion \u2713 Gute Qualit\u00e4t\",\"breadcrumb\":{\"@id\":\"https:\/\/www.eliassen.nl\/de\/windmolen-dubbel-flowerpower-40cm\/#breadcrumb\"},\"inLanguage\":\"de\",\"potentialAction\":[{\"@type\":\"ReadAction\",\"target\":[\"https:\/\/www.eliassen.nl\/de\/windmolen-dubbel-flowerpower-40cm\/\"]}]},{\"@type\":\"ImageObject\",\"inLanguage\":\"de\",\"@id\":\"https:\/\/www.eliassen.nl\/de\/windmolen-dubbel-flowerpower-40cm\/#primaryimage\",\"url\":\"https:\/\/www.eliassen.nl\/wp-content\/uploads\/2024\/01\/windmolen40cmflowerpowereliassennl.jpg\",\"contentUrl\":\"https:\/\/www.eliassen.nl\/wp-content\/uploads\/2024\/01\/windmolen40cmflowerpowereliassennl.jpg\",\"width\":1536,\"height\":2048,\"caption\":\"Windrad 40cm FlowerPower Eliassen.nl\"},{\"@type\":\"BreadcrumbList\",\"@id\":\"https:\/\/www.eliassen.nl\/de\/windmolen-dubbel-flowerpower-40cm\/#breadcrumb\",\"itemListElement\":[{\"@type\":\"ListItem\",\"position\":1,\"name\":\"Home\",\"item\":\"https:\/\/www.eliassen.nl\/de\/\"},{\"@type\":\"ListItem\",\"position\":2,\"name\":\"Shop\",\"item\":\"https:\/\/www.eliassen.nl\/de\/shop\/\"},{\"@type\":\"ListItem\",\"position\":3,\"name\":\"Gartenstecker\",\"item\":\"https:\/\/www.eliassen.nl\/de\/gartenstecker\/\"},{\"@type\":\"ListItem\",\"position\":4,\"name\":\"Windm\u00fchlen\",\"item\":\"https:\/\/www.eliassen.nl\/de\/gartenstecker\/windmuehlen\/\"},{\"@type\":\"ListItem\",\"position\":5,\"name\":\"Windrad doppelt FlowerPower 40cm\"}]},{\"@type\":\"WebSite\",\"@id\":\"https:\/\/www.eliassen.nl\/de\/#website\",\"url\":\"https:\/\/www.eliassen.nl\/de\/\",\"name\":\"Eliassen Home & Garden Pleasure\",\"description\":\"\",\"publisher\":{\"@id\":\"https:\/\/www.eliassen.nl\/de\/#organization\"},\"alternateName\":\"Eliassen.nl\",\"potentialAction\":[{\"@type\":\"SearchAction\",\"target\":{\"@type\":\"EntryPoint\",\"urlTemplate\":\"https:\/\/www.eliassen.nl\/de\/?s={search_term_string}\"},\"query-input\":{\"@type\":\"PropertyValueSpecification\",\"valueRequired\":true,\"valueName\":\"search_term_string\"}}],\"inLanguage\":\"de\"},{\"@type\":[\"Organization\",\"Place\"],\"@id\":\"https:\/\/www.eliassen.nl\/de\/#organization\",\"name\":\"Eliassen Home & Garden Pleasure\",\"url\":\"https:\/\/www.eliassen.nl\/de\/\",\"logo\":{\"@id\":\"https:\/\/www.eliassen.nl\/de\/windmolen-dubbel-flowerpower-40cm\/#local-main-organization-logo\"},\"image\":{\"@id\":\"https:\/\/www.eliassen.nl\/de\/windmolen-dubbel-flowerpower-40cm\/#local-main-organization-logo\"},\"sameAs\":[\"https:\/\/www.facebook.com\/TuincentrumEliassenAmmerzoden\",\"https:\/\/www.instagram.com\/eliassenhomeandgarden\/\",\"https:\/\/nl.pinterest.com\/eliassenhomeandgarden\/\",\"https:\/\/www.youtube.com\/@eliassenhomegardenpleasure4558\"],\"telephone\":[],\"openingHoursSpecification\":[{\"@type\":\"OpeningHoursSpecification\",\"dayOfWeek\":[\"Monday\",\"Tuesday\",\"Wednesday\",\"Thursday\",\"Friday\",\"Saturday\",\"Sunday\"],\"opens\":\"09:00\",\"closes\":\"17:00\"}]},{\"@type\":\"ImageObject\",\"inLanguage\":\"de\",\"@id\":\"https:\/\/www.eliassen.nl\/de\/windmolen-dubbel-flowerpower-40cm\/#local-main-organization-logo\",\"url\":\"https:\/\/www.eliassen.nl\/wp-content\/uploads\/2024\/01\/logo_4nd.jpg\",\"contentUrl\":\"https:\/\/www.eliassen.nl\/wp-content\/uploads\/2024\/01\/logo_4nd.jpg\",\"width\":500,\"height\":500,\"caption\":\"Eliassen Home & Garden Pleasure\"}]}<\/script>\n<meta property=\"product:price:amount\" content=\"39.95\" \/>\n<meta property=\"product:price:currency\" content=\"EUR\" \/>\n<meta property=\"og:availability\" content=\"instock\" \/>\n<meta property=\"product:availability\" content=\"instock\" \/>\n<meta property=\"product:retailer_item_id\" content=\"4025809118066 \/ 571083-1\" \/>\n<meta property=\"product:condition\" content=\"new\" \/>\n<!-- \/ Yoast SEO Premium plugin. -->","yoast_head_json":{"title":"Windrad doppelt FlowerPower 40cm","description":"M\u00f6chten Sie eine fr\u00f6hliche Windm\u00fchle aus Metall in leuchtenden Farben kaufen? Sehen Sie sich hier unsere Kollektion lustiger und fr\u00f6hlicher Windm\u00fchlen an. Gro\u00dfe Kollektion \u2713 Gute Qualit\u00e4t","robots":{"index":"index","follow":"follow","max-snippet":"max-snippet:-1","max-image-preview":"max-image-preview:large","max-video-preview":"max-video-preview:-1"},"canonical":"https:\/\/www.eliassen.nl\/de\/windmolen-dubbel-flowerpower-40cm\/","og_locale":"de_DE","og_type":"article","og_title":"Sonstige Windrad doppelt FlowerPower 40cm - Eliassen.nl","og_description":"M\u00f6chten Sie eine fr\u00f6hliche Windm\u00fchle aus Metall in leuchtenden Farben kaufen? Sehen Sie sich hier unsere Kollektion lustiger und fr\u00f6hlicher Windm\u00fchlen an. Gro\u00dfe Kollektion \u2713 Gute Qualit\u00e4t","og_url":"https:\/\/www.eliassen.nl\/de\/windmolen-dubbel-flowerpower-40cm\/","og_site_name":"Eliassen.nl","article_publisher":"https:\/\/www.facebook.com\/TuincentrumEliassenAmmerzoden","article_modified_time":"2025-11-27T13:00:47+00:00","og_image":[{"width":1536,"height":2048,"url":"https:\/\/www.eliassen.nl\/wp-content\/uploads\/2024\/01\/windmolen40cmflowerpowereliassennl.jpg","type":"image\/jpeg"}],"twitter_card":"summary_large_image","schema":{"@context":"https:\/\/schema.org","@graph":[{"@type":"WebPage","@id":"https:\/\/www.eliassen.nl\/de\/windmolen-dubbel-flowerpower-40cm\/","url":"https:\/\/www.eliassen.nl\/de\/windmolen-dubbel-flowerpower-40cm\/","name":"Windrad doppelt FlowerPower 40cm","isPartOf":{"@id":"https:\/\/www.eliassen.nl\/de\/#website"},"primaryImageOfPage":{"@id":"https:\/\/www.eliassen.nl\/de\/windmolen-dubbel-flowerpower-40cm\/#primaryimage"},"image":{"@id":"https:\/\/www.eliassen.nl\/de\/windmolen-dubbel-flowerpower-40cm\/#primaryimage"},"thumbnailUrl":"https:\/\/www.eliassen.nl\/wp-content\/uploads\/2024\/01\/windmolen40cmflowerpowereliassennl.jpg","datePublished":"2023-11-14T11:26:49+00:00","dateModified":"2025-11-27T13:00:47+00:00","description":"M\u00f6chten Sie eine fr\u00f6hliche Windm\u00fchle aus Metall in leuchtenden Farben kaufen? Sehen Sie sich hier unsere Kollektion lustiger und fr\u00f6hlicher Windm\u00fchlen an. Gro\u00dfe Kollektion \u2713 Gute Qualit\u00e4t","breadcrumb":{"@id":"https:\/\/www.eliassen.nl\/de\/windmolen-dubbel-flowerpower-40cm\/#breadcrumb"},"inLanguage":"de","potentialAction":[{"@type":"ReadAction","target":["https:\/\/www.eliassen.nl\/de\/windmolen-dubbel-flowerpower-40cm\/"]}]},{"@type":"ImageObject","inLanguage":"de","@id":"https:\/\/www.eliassen.nl\/de\/windmolen-dubbel-flowerpower-40cm\/#primaryimage","url":"https:\/\/www.eliassen.nl\/wp-content\/uploads\/2024\/01\/windmolen40cmflowerpowereliassennl.jpg","contentUrl":"https:\/\/www.eliassen.nl\/wp-content\/uploads\/2024\/01\/windmolen40cmflowerpowereliassennl.jpg","width":1536,"height":2048,"caption":"Windrad 40cm FlowerPower Eliassen.nl"},{"@type":"BreadcrumbList","@id":"https:\/\/www.eliassen.nl\/de\/windmolen-dubbel-flowerpower-40cm\/#breadcrumb","itemListElement":[{"@type":"ListItem","position":1,"name":"Home","item":"https:\/\/www.eliassen.nl\/de\/"},{"@type":"ListItem","position":2,"name":"Shop","item":"https:\/\/www.eliassen.nl\/de\/shop\/"},{"@type":"ListItem","position":3,"name":"Gartenstecker","item":"https:\/\/www.eliassen.nl\/de\/gartenstecker\/"},{"@type":"ListItem","position":4,"name":"Windm\u00fchlen","item":"https:\/\/www.eliassen.nl\/de\/gartenstecker\/windmuehlen\/"},{"@type":"ListItem","position":5,"name":"Windrad doppelt FlowerPower 40cm"}]},{"@type":"WebSite","@id":"https:\/\/www.eliassen.nl\/de\/#website","url":"https:\/\/www.eliassen.nl\/de\/","name":"Eliassen Home & Garden Pleasure","description":"","publisher":{"@id":"https:\/\/www.eliassen.nl\/de\/#organization"},"alternateName":"Eliassen.nl","potentialAction":[{"@type":"SearchAction","target":{"@type":"EntryPoint","urlTemplate":"https:\/\/www.eliassen.nl\/de\/?s={search_term_string}"},"query-input":{"@type":"PropertyValueSpecification","valueRequired":true,"valueName":"search_term_string"}}],"inLanguage":"de"},{"@type":["Organization","Place"],"@id":"https:\/\/www.eliassen.nl\/de\/#organization","name":"Eliassen Home & Garden Pleasure","url":"https:\/\/www.eliassen.nl\/de\/","logo":{"@id":"https:\/\/www.eliassen.nl\/de\/windmolen-dubbel-flowerpower-40cm\/#local-main-organization-logo"},"image":{"@id":"https:\/\/www.eliassen.nl\/de\/windmolen-dubbel-flowerpower-40cm\/#local-main-organization-logo"},"sameAs":["https:\/\/www.facebook.com\/TuincentrumEliassenAmmerzoden","https:\/\/www.instagram.com\/eliassenhomeandgarden\/","https:\/\/nl.pinterest.com\/eliassenhomeandgarden\/","https:\/\/www.youtube.com\/@eliassenhomegardenpleasure4558"],"telephone":[],"openingHoursSpecification":[{"@type":"OpeningHoursSpecification","dayOfWeek":["Monday","Tuesday","Wednesday","Thursday","Friday","Saturday","Sunday"],"opens":"09:00","closes":"17:00"}]},{"@type":"ImageObject","inLanguage":"de","@id":"https:\/\/www.eliassen.nl\/de\/windmolen-dubbel-flowerpower-40cm\/#local-main-organization-logo","url":"https:\/\/www.eliassen.nl\/wp-content\/uploads\/2024\/01\/logo_4nd.jpg","contentUrl":"https:\/\/www.eliassen.nl\/wp-content\/uploads\/2024\/01\/logo_4nd.jpg","width":500,"height":500,"caption":"Eliassen Home & Garden Pleasure"}]},"product_price_amount":"39.95","product_price_currency":"EUR","og_availability":"instock","product_availability":"instock","product_retailer_item_id":"4025809118066 \/ 571083-1","product_condition":"new"},"df_price":39.95,"df_sale_price":"","df_regular_price":39.95,"df_image_link":"https:\/\/www.eliassen.nl\/wp-content\/uploads\/2024\/01\/windmolen40cmflowerpowereliassennl.jpg","image":"https:\/\/www.eliassen.nl\/wp-content\/uploads\/2024\/01\/windmolen40cmflowerpowereliassennl.jpg","price_search":"<span class=\"woocommerce-Price-amount amount\"><bdi><span class=\"woocommerce-Price-currencySymbol\">&euro;<\/span>&nbsp;39,95<\/bdi><\/span>","category":"Gartenstecker","global_unique_id":"4025809118066","_links":{"self":[{"href":"https:\/\/www.eliassen.nl\/de\/wp-json\/wp\/v2\/product\/96889","targetHints":{"allow":["GET"]}}],"collection":[{"href":"https:\/\/www.eliassen.nl\/de\/wp-json\/wp\/v2\/product"}],"about":[{"href":"https:\/\/www.eliassen.nl\/de\/wp-json\/wp\/v2\/types\/product"}],"wp:featuredmedia":[{"embeddable":true,"href":"https:\/\/www.eliassen.nl\/de\/wp-json\/wp\/v2\/media\/96886"}],"wp:attachment":[{"href":"https:\/\/www.eliassen.nl\/de\/wp-json\/wp\/v2\/media?parent=96889"}],"wp:term":[{"taxonomy":"product_brand","embeddable":true,"href":"https:\/\/www.eliassen.nl\/de\/wp-json\/wp\/v2\/product_brand?post=96889"},{"taxonomy":"product_cat","embeddable":true,"href":"https:\/\/www.eliassen.nl\/de\/wp-json\/wp\/v2\/product_cat?post=96889"},{"taxonomy":"product_tag","embeddable":true,"href":"https:\/\/www.eliassen.nl\/de\/wp-json\/wp\/v2\/product_tag?post=96889"}],"curies":[{"name":"wp","href":"https:\/\/api.w.org\/{rel}","templated":true}]}}