{"id":96838,"date":"2023-11-13T16:10:10","date_gmt":"2023-11-13T16:10:10","guid":{"rendered":"https:\/\/www.eliassen.nl\/?product=copy-of-wandpaneel-hout-rond-levensboom-100cm"},"modified":"2025-11-27T16:13:15","modified_gmt":"2025-11-27T15:13:15","slug":"wandpaneel-holz-um-baum-kleine-blatter-100cm","status":"publish","type":"product","link":"https:\/\/www.eliassen.nl\/de\/wandpaneel-holz-um-baum-kleine-blatter-100cm\/","title":{"rendered":"Wandpaneel Holz runder Baum kleine Bl\u00e4tter 100cm"},"content":{"rendered":"<p>Wundersch\u00f6nes Wandpaneel aus massivem Suar-Holz, handgefertigt. Auf dem Bild sehen Sie einen sch\u00f6nen Lebensbaum mit kleinen Bl\u00e4ttern. Viele Stunden Schnitzarbeit stecken in dieser Holztafel. Alles, was Sie sehen, jede Locke und jeder Zweig, alles ist von Menschenhand gemacht.<\/p>\n<p>Suar-Holz hat die Eigenschaft, dass es kontrastreiche Farben aufweist. Helles Holz kann direkt neben dunklem Holz stehen. Es ist normal, dass diese Farbunterschiede auch auf dem Panel sichtbar sind, das leider nicht beanstandet werden kann.<\/p>\n<p>Das Symbol des Lebensbaums steht f\u00fcr Wachstum und pers\u00f6nliche Entwicklung, Gesundheit und Kraft zur Heilung. Ihr Leben ist wie die Jahreszeiten, mit denen B\u00e4ume konfrontiert sind. Es gibt Momente des Lebens wie im Fr\u00fchling, des Wachstums wie im Sommer und der temperamentvollen Herbstst\u00fcrme und der H\u00e4rte im Winter. Als Symbol ist dieser Lebensbaum daher ein wunderbares Geschenk f\u00fcr einen geliebten Menschen oder Freund(e).<\/p>\n<ul>\n<li>Gr\u00f6\u00dfe: 2 cm dick mit einem Durchmesser von 100 cm<\/li>\n<li>Material: Massivholz Suar, leicht ge\u00f6lt<\/li>\n<li>Ausgenommen<\/li>\n<li>Original Schnitzereien<\/li>\n<li>Einfach an einem Nagel\/Schraube oder mit einem St\u00fcck Schnur aufh\u00e4ngen<\/li>\n<li>Eigene Aktie<\/li>\n<li>Das Aufh\u00e4ngen im Freien ist erlaubt, aber das Holz wird grau und es k\u00f6nnen Risse entstehen.<\/li>\n<\/ul>\n","protected":false},"excerpt":{"rendered":"<p>Dieser Artikel kann Risse bekommen und eine gr\u00e4uliche Farbe annehmen, wenn er im Freien steht.<br \/>\nHandgeschnitztes Wandpaneel aus Holz 100cm mit einem Lebensbaum<\/p>\n","protected":false},"featured_media":96829,"template":"","meta":{"_acf_changed":false,"_genesis_title":"","_genesis_description":""},"product_brand":[7505],"product_cat":[509,527],"product_tag":[],"class_list":{"0":"post-96838","1":"product","2":"type-product","3":"status-publish","4":"has-post-thumbnail","6":"product_brand-sonstige","7":"product_cat-wanddekoration","8":"product_cat-wandpaneele-aus-holz","10":"first","11":"instock","12":"taxable","13":"shipping-taxable","14":"purchasable","15":"product-type-simple"},"acf":[],"meta_all":{"total_sales":"0","wcml_sync_hash":{"postmeta_fields":"2bc574353ddea2c6df750b85810a332a"},"attr_label_translations":[]},"meta_all_flat":{"total_sales":"0","wcml_sync_hash.postmeta_fields":"2bc574353ddea2c6df750b85810a332a"},"yoast_head":"<!-- This site is optimized with the Yoast SEO Premium plugin v26.2 (Yoast SEO v27.2) - https:\/\/yoast.com\/product\/yoast-seo-premium-wordpress\/ -->\n<title>Wandpaneel Holz runder Baum kleine Bl\u00e4tter 100cm - Eliassen.nl<\/title>\n<meta name=\"description\" content=\"Suchen Sie nach einer sch\u00f6nen Wanddekoration aus Holz, die von Hand geschnitzt wurde? Dieses Modell ist wundersch\u00f6n detailliert und 100cm gro\u00df. Abgebildet mit einem Baum des Lebens.\" \/>\n<meta name=\"robots\" content=\"index, follow, max-snippet:-1, max-image-preview:large, max-video-preview:-1\" \/>\n<link rel=\"canonical\" href=\"https:\/\/www.eliassen.nl\/de\/wandpaneel-holz-um-baum-kleine-blatter-100cm\/\" \/>\n<meta property=\"og:locale\" content=\"de_DE\" \/>\n<meta property=\"og:type\" content=\"article\" \/>\n<meta property=\"og:title\" content=\"Sonstige Wandpaneel Holz runder Baum kleine Bl\u00e4tter 100cm - Eliassen.nl\" \/>\n<meta property=\"og:description\" content=\"Suchen Sie nach einer sch\u00f6nen Wanddekoration aus Holz, die von Hand geschnitzt wurde? Dieses Modell ist wundersch\u00f6n detailliert und 100cm gro\u00df. Abgebildet mit einem Baum des Lebens.\" \/>\n<meta property=\"og:url\" content=\"https:\/\/www.eliassen.nl\/de\/wandpaneel-holz-um-baum-kleine-blatter-100cm\/\" \/>\n<meta property=\"og:site_name\" content=\"Eliassen.nl\" \/>\n<meta property=\"article:publisher\" content=\"https:\/\/www.facebook.com\/TuincentrumEliassenAmmerzoden\" \/>\n<meta property=\"article:modified_time\" content=\"2025-11-27T15:13:15+00:00\" \/>\n<meta property=\"og:image\" content=\"https:\/\/www.eliassen.nl\/wp-content\/uploads\/2024\/01\/skwpkb100wandpaneelhoutrondboomkleinebladere.jpg\" \/>\n\t<meta property=\"og:image:width\" content=\"1024\" \/>\n\t<meta property=\"og:image:height\" content=\"768\" \/>\n\t<meta property=\"og:image:type\" content=\"image\/jpeg\" \/>\n<meta name=\"twitter:card\" content=\"summary_large_image\" \/>\n<script type=\"application\/ld+json\" class=\"yoast-schema-graph\">{\"@context\":\"https:\/\/schema.org\",\"@graph\":[{\"@type\":\"WebPage\",\"@id\":\"https:\/\/www.eliassen.nl\/de\/wandpaneel-holz-um-baum-kleine-blatter-100cm\/\",\"url\":\"https:\/\/www.eliassen.nl\/de\/wandpaneel-holz-um-baum-kleine-blatter-100cm\/\",\"name\":\"Wandpaneel Holz runder Baum kleine Bl\u00e4tter 100cm - Eliassen.nl\",\"isPartOf\":{\"@id\":\"https:\/\/www.eliassen.nl\/de\/#website\"},\"primaryImageOfPage\":{\"@id\":\"https:\/\/www.eliassen.nl\/de\/wandpaneel-holz-um-baum-kleine-blatter-100cm\/#primaryimage\"},\"image\":{\"@id\":\"https:\/\/www.eliassen.nl\/de\/wandpaneel-holz-um-baum-kleine-blatter-100cm\/#primaryimage\"},\"thumbnailUrl\":\"https:\/\/www.eliassen.nl\/wp-content\/uploads\/2024\/01\/skwpkb100wandpaneelhoutrondboomkleinebladere.jpg\",\"datePublished\":\"2023-11-13T16:10:10+00:00\",\"dateModified\":\"2025-11-27T15:13:15+00:00\",\"description\":\"Suchen Sie nach einer sch\u00f6nen Wanddekoration aus Holz, die von Hand geschnitzt wurde? Dieses Modell ist wundersch\u00f6n detailliert und 100cm gro\u00df. Abgebildet mit einem Baum des Lebens.\",\"breadcrumb\":{\"@id\":\"https:\/\/www.eliassen.nl\/de\/wandpaneel-holz-um-baum-kleine-blatter-100cm\/#breadcrumb\"},\"inLanguage\":\"de\",\"potentialAction\":[{\"@type\":\"ReadAction\",\"target\":[\"https:\/\/www.eliassen.nl\/de\/wandpaneel-holz-um-baum-kleine-blatter-100cm\/\"]}]},{\"@type\":\"ImageObject\",\"inLanguage\":\"de\",\"@id\":\"https:\/\/www.eliassen.nl\/de\/wandpaneel-holz-um-baum-kleine-blatter-100cm\/#primaryimage\",\"url\":\"https:\/\/www.eliassen.nl\/wp-content\/uploads\/2024\/01\/skwpkb100wandpaneelhoutrondboomkleinebladere.jpg\",\"contentUrl\":\"https:\/\/www.eliassen.nl\/wp-content\/uploads\/2024\/01\/skwpkb100wandpaneelhoutrondboomkleinebladere.jpg\",\"width\":1024,\"height\":768,\"caption\":\"Skwpkb100 Wandtafel Holz runder Baum kleine Bl\u00e4tter 100cm\"},{\"@type\":\"BreadcrumbList\",\"@id\":\"https:\/\/www.eliassen.nl\/de\/wandpaneel-holz-um-baum-kleine-blatter-100cm\/#breadcrumb\",\"itemListElement\":[{\"@type\":\"ListItem\",\"position\":1,\"name\":\"Home\",\"item\":\"https:\/\/www.eliassen.nl\/de\/\"},{\"@type\":\"ListItem\",\"position\":2,\"name\":\"Shop\",\"item\":\"https:\/\/www.eliassen.nl\/de\/shop\/\"},{\"@type\":\"ListItem\",\"position\":3,\"name\":\"Wanddekoration\",\"item\":\"https:\/\/www.eliassen.nl\/de\/wanddekoration\/\"},{\"@type\":\"ListItem\",\"position\":4,\"name\":\"Wandpaneele aus Holz\",\"item\":\"https:\/\/www.eliassen.nl\/de\/wanddekoration\/wandpaneele-aus-holz\/\"},{\"@type\":\"ListItem\",\"position\":5,\"name\":\"Wandpaneel Holz runder Baum kleine Bl\u00e4tter 100cm\"}]},{\"@type\":\"WebSite\",\"@id\":\"https:\/\/www.eliassen.nl\/de\/#website\",\"url\":\"https:\/\/www.eliassen.nl\/de\/\",\"name\":\"Eliassen Home & Garden Pleasure\",\"description\":\"\",\"publisher\":{\"@id\":\"https:\/\/www.eliassen.nl\/de\/#organization\"},\"alternateName\":\"Eliassen.nl\",\"potentialAction\":[{\"@type\":\"SearchAction\",\"target\":{\"@type\":\"EntryPoint\",\"urlTemplate\":\"https:\/\/www.eliassen.nl\/de\/?s={search_term_string}\"},\"query-input\":{\"@type\":\"PropertyValueSpecification\",\"valueRequired\":true,\"valueName\":\"search_term_string\"}}],\"inLanguage\":\"de\"},{\"@type\":[\"Organization\",\"Place\"],\"@id\":\"https:\/\/www.eliassen.nl\/de\/#organization\",\"name\":\"Eliassen Home & Garden Pleasure\",\"url\":\"https:\/\/www.eliassen.nl\/de\/\",\"logo\":{\"@id\":\"https:\/\/www.eliassen.nl\/de\/wandpaneel-holz-um-baum-kleine-blatter-100cm\/#local-main-organization-logo\"},\"image\":{\"@id\":\"https:\/\/www.eliassen.nl\/de\/wandpaneel-holz-um-baum-kleine-blatter-100cm\/#local-main-organization-logo\"},\"sameAs\":[\"https:\/\/www.facebook.com\/TuincentrumEliassenAmmerzoden\",\"https:\/\/www.instagram.com\/eliassenhomeandgarden\/\",\"https:\/\/nl.pinterest.com\/eliassenhomeandgarden\/\",\"https:\/\/www.youtube.com\/@eliassenhomegardenpleasure4558\"],\"telephone\":[],\"openingHoursSpecification\":[{\"@type\":\"OpeningHoursSpecification\",\"dayOfWeek\":[\"Monday\",\"Tuesday\",\"Wednesday\",\"Thursday\",\"Friday\",\"Saturday\",\"Sunday\"],\"opens\":\"09:00\",\"closes\":\"17:00\"}]},{\"@type\":\"ImageObject\",\"inLanguage\":\"de\",\"@id\":\"https:\/\/www.eliassen.nl\/de\/wandpaneel-holz-um-baum-kleine-blatter-100cm\/#local-main-organization-logo\",\"url\":\"https:\/\/www.eliassen.nl\/wp-content\/uploads\/2024\/01\/logo_4nd.jpg\",\"contentUrl\":\"https:\/\/www.eliassen.nl\/wp-content\/uploads\/2024\/01\/logo_4nd.jpg\",\"width\":500,\"height\":500,\"caption\":\"Eliassen Home & Garden Pleasure\"}]}<\/script>\n<meta property=\"product:price:amount\" content=\"419.00\" \/>\n<meta property=\"product:price:currency\" content=\"EUR\" \/>\n<meta property=\"og:availability\" content=\"instock\" \/>\n<meta property=\"product:availability\" content=\"instock\" \/>\n<meta property=\"product:retailer_item_id\" content=\"Sk183056\" \/>\n<meta property=\"product:condition\" content=\"new\" \/>\n<!-- \/ Yoast SEO Premium plugin. -->","yoast_head_json":{"title":"Wandpaneel Holz runder Baum kleine Bl\u00e4tter 100cm - Eliassen.nl","description":"Suchen Sie nach einer sch\u00f6nen Wanddekoration aus Holz, die von Hand geschnitzt wurde? Dieses Modell ist wundersch\u00f6n detailliert und 100cm gro\u00df. Abgebildet mit einem Baum des Lebens.","robots":{"index":"index","follow":"follow","max-snippet":"max-snippet:-1","max-image-preview":"max-image-preview:large","max-video-preview":"max-video-preview:-1"},"canonical":"https:\/\/www.eliassen.nl\/de\/wandpaneel-holz-um-baum-kleine-blatter-100cm\/","og_locale":"de_DE","og_type":"article","og_title":"Sonstige Wandpaneel Holz runder Baum kleine Bl\u00e4tter 100cm - Eliassen.nl","og_description":"Suchen Sie nach einer sch\u00f6nen Wanddekoration aus Holz, die von Hand geschnitzt wurde? Dieses Modell ist wundersch\u00f6n detailliert und 100cm gro\u00df. Abgebildet mit einem Baum des Lebens.","og_url":"https:\/\/www.eliassen.nl\/de\/wandpaneel-holz-um-baum-kleine-blatter-100cm\/","og_site_name":"Eliassen.nl","article_publisher":"https:\/\/www.facebook.com\/TuincentrumEliassenAmmerzoden","article_modified_time":"2025-11-27T15:13:15+00:00","og_image":[{"width":1024,"height":768,"url":"https:\/\/www.eliassen.nl\/wp-content\/uploads\/2024\/01\/skwpkb100wandpaneelhoutrondboomkleinebladere.jpg","type":"image\/jpeg"}],"twitter_card":"summary_large_image","schema":{"@context":"https:\/\/schema.org","@graph":[{"@type":"WebPage","@id":"https:\/\/www.eliassen.nl\/de\/wandpaneel-holz-um-baum-kleine-blatter-100cm\/","url":"https:\/\/www.eliassen.nl\/de\/wandpaneel-holz-um-baum-kleine-blatter-100cm\/","name":"Wandpaneel Holz runder Baum kleine Bl\u00e4tter 100cm - Eliassen.nl","isPartOf":{"@id":"https:\/\/www.eliassen.nl\/de\/#website"},"primaryImageOfPage":{"@id":"https:\/\/www.eliassen.nl\/de\/wandpaneel-holz-um-baum-kleine-blatter-100cm\/#primaryimage"},"image":{"@id":"https:\/\/www.eliassen.nl\/de\/wandpaneel-holz-um-baum-kleine-blatter-100cm\/#primaryimage"},"thumbnailUrl":"https:\/\/www.eliassen.nl\/wp-content\/uploads\/2024\/01\/skwpkb100wandpaneelhoutrondboomkleinebladere.jpg","datePublished":"2023-11-13T16:10:10+00:00","dateModified":"2025-11-27T15:13:15+00:00","description":"Suchen Sie nach einer sch\u00f6nen Wanddekoration aus Holz, die von Hand geschnitzt wurde? Dieses Modell ist wundersch\u00f6n detailliert und 100cm gro\u00df. Abgebildet mit einem Baum des Lebens.","breadcrumb":{"@id":"https:\/\/www.eliassen.nl\/de\/wandpaneel-holz-um-baum-kleine-blatter-100cm\/#breadcrumb"},"inLanguage":"de","potentialAction":[{"@type":"ReadAction","target":["https:\/\/www.eliassen.nl\/de\/wandpaneel-holz-um-baum-kleine-blatter-100cm\/"]}]},{"@type":"ImageObject","inLanguage":"de","@id":"https:\/\/www.eliassen.nl\/de\/wandpaneel-holz-um-baum-kleine-blatter-100cm\/#primaryimage","url":"https:\/\/www.eliassen.nl\/wp-content\/uploads\/2024\/01\/skwpkb100wandpaneelhoutrondboomkleinebladere.jpg","contentUrl":"https:\/\/www.eliassen.nl\/wp-content\/uploads\/2024\/01\/skwpkb100wandpaneelhoutrondboomkleinebladere.jpg","width":1024,"height":768,"caption":"Skwpkb100 Wandtafel Holz runder Baum kleine Bl\u00e4tter 100cm"},{"@type":"BreadcrumbList","@id":"https:\/\/www.eliassen.nl\/de\/wandpaneel-holz-um-baum-kleine-blatter-100cm\/#breadcrumb","itemListElement":[{"@type":"ListItem","position":1,"name":"Home","item":"https:\/\/www.eliassen.nl\/de\/"},{"@type":"ListItem","position":2,"name":"Shop","item":"https:\/\/www.eliassen.nl\/de\/shop\/"},{"@type":"ListItem","position":3,"name":"Wanddekoration","item":"https:\/\/www.eliassen.nl\/de\/wanddekoration\/"},{"@type":"ListItem","position":4,"name":"Wandpaneele aus Holz","item":"https:\/\/www.eliassen.nl\/de\/wanddekoration\/wandpaneele-aus-holz\/"},{"@type":"ListItem","position":5,"name":"Wandpaneel Holz runder Baum kleine Bl\u00e4tter 100cm"}]},{"@type":"WebSite","@id":"https:\/\/www.eliassen.nl\/de\/#website","url":"https:\/\/www.eliassen.nl\/de\/","name":"Eliassen Home & Garden Pleasure","description":"","publisher":{"@id":"https:\/\/www.eliassen.nl\/de\/#organization"},"alternateName":"Eliassen.nl","potentialAction":[{"@type":"SearchAction","target":{"@type":"EntryPoint","urlTemplate":"https:\/\/www.eliassen.nl\/de\/?s={search_term_string}"},"query-input":{"@type":"PropertyValueSpecification","valueRequired":true,"valueName":"search_term_string"}}],"inLanguage":"de"},{"@type":["Organization","Place"],"@id":"https:\/\/www.eliassen.nl\/de\/#organization","name":"Eliassen Home & Garden Pleasure","url":"https:\/\/www.eliassen.nl\/de\/","logo":{"@id":"https:\/\/www.eliassen.nl\/de\/wandpaneel-holz-um-baum-kleine-blatter-100cm\/#local-main-organization-logo"},"image":{"@id":"https:\/\/www.eliassen.nl\/de\/wandpaneel-holz-um-baum-kleine-blatter-100cm\/#local-main-organization-logo"},"sameAs":["https:\/\/www.facebook.com\/TuincentrumEliassenAmmerzoden","https:\/\/www.instagram.com\/eliassenhomeandgarden\/","https:\/\/nl.pinterest.com\/eliassenhomeandgarden\/","https:\/\/www.youtube.com\/@eliassenhomegardenpleasure4558"],"telephone":[],"openingHoursSpecification":[{"@type":"OpeningHoursSpecification","dayOfWeek":["Monday","Tuesday","Wednesday","Thursday","Friday","Saturday","Sunday"],"opens":"09:00","closes":"17:00"}]},{"@type":"ImageObject","inLanguage":"de","@id":"https:\/\/www.eliassen.nl\/de\/wandpaneel-holz-um-baum-kleine-blatter-100cm\/#local-main-organization-logo","url":"https:\/\/www.eliassen.nl\/wp-content\/uploads\/2024\/01\/logo_4nd.jpg","contentUrl":"https:\/\/www.eliassen.nl\/wp-content\/uploads\/2024\/01\/logo_4nd.jpg","width":500,"height":500,"caption":"Eliassen Home & Garden Pleasure"}]},"product_price_amount":"419.00","product_price_currency":"EUR","og_availability":"instock","product_availability":"instock","product_retailer_item_id":"Sk183056","product_condition":"new"},"df_price":419,"df_sale_price":"","df_regular_price":419,"df_image_link":"https:\/\/www.eliassen.nl\/wp-content\/uploads\/2024\/01\/skwpkb100wandpaneelhoutrondboomkleinebladere.jpg","image":"https:\/\/www.eliassen.nl\/wp-content\/uploads\/2024\/01\/skwpkb100wandpaneelhoutrondboomkleinebladere.jpg","price_search":"<span class=\"woocommerce-Price-amount amount\"><bdi><span class=\"woocommerce-Price-currencySymbol\">&euro;<\/span>&nbsp;419,00<\/bdi><\/span>","category":"Wanddekoration","global_unique_id":"8720572183056","_links":{"self":[{"href":"https:\/\/www.eliassen.nl\/de\/wp-json\/wp\/v2\/product\/96838","targetHints":{"allow":["GET"]}}],"collection":[{"href":"https:\/\/www.eliassen.nl\/de\/wp-json\/wp\/v2\/product"}],"about":[{"href":"https:\/\/www.eliassen.nl\/de\/wp-json\/wp\/v2\/types\/product"}],"wp:featuredmedia":[{"embeddable":true,"href":"https:\/\/www.eliassen.nl\/de\/wp-json\/wp\/v2\/media\/96829"}],"wp:attachment":[{"href":"https:\/\/www.eliassen.nl\/de\/wp-json\/wp\/v2\/media?parent=96838"}],"wp:term":[{"taxonomy":"product_brand","embeddable":true,"href":"https:\/\/www.eliassen.nl\/de\/wp-json\/wp\/v2\/product_brand?post=96838"},{"taxonomy":"product_cat","embeddable":true,"href":"https:\/\/www.eliassen.nl\/de\/wp-json\/wp\/v2\/product_cat?post=96838"},{"taxonomy":"product_tag","embeddable":true,"href":"https:\/\/www.eliassen.nl\/de\/wp-json\/wp\/v2\/product_tag?post=96838"}],"curies":[{"name":"wp","href":"https:\/\/api.w.org\/{rel}","templated":true}]}}