{"id":96724,"date":"2023-11-13T14:46:10","date_gmt":"2023-11-13T14:46:10","guid":{"rendered":"https:\/\/www.eliassen.nl\/?product=copy-of-beeld-hout-kabouter-groot-155cm"},"modified":"2026-01-16T14:51:10","modified_gmt":"2026-01-16T13:51:10","slug":"skulptur-holzzwerg-klein-60cm","status":"publish","type":"product","link":"https:\/\/www.eliassen.nl\/de\/skulptur-holzzwerg-klein-60cm\/","title":{"rendered":"Statue Holzzwerg klein 60cm"},"content":{"rendered":"<p>Ein wundersch\u00f6nes St\u00fcck Handwerkskunst, dieser imposante Kobold-Zwerg, handgefertigt aus massivem Suar-Holz.  <br \/>Es ist sehr clever, wie die Form gerendert wurde. In dieses Modell sind sehr viele Arbeitsstunden geflossen, um diese Skulptur aus einem Block aus hartem Suarholz zu schaffen.<\/p>\n<p>Suar-Holz hat die Eigenschaft, dass es kontrastreiche Farben aufweist. Helles Holz kann direkt neben dunklem Holz stehen. Es ist normal, dass diese Farbunterschiede auch bei diesem St\u00fcck sichtbar sind. Leider k\u00f6nnen dazu keine Angaben gemacht werden.<\/p>\n<p>Da es handgefertigt ist, ist das Foto nur ein Beispiel, so dass Ihr erhaltenes Modell davon abweichen kann.<\/p>\n<ul>\n<li>Gr\u00f6\u00dfe: ca. 21x16x61cm hoch<\/li>\n<li>Material: Massivholz Suar, leicht ge\u00f6lt<\/li>\n<li>Ausgenommen<\/li>\n<li>Original Schnitzereien<\/li>\n<li>Eigene Aktie<\/li>\n<li>Das Aufstellen im Freien ist erlaubt, aber das Holz wird dann grau und es k\u00f6nnen Risse entstehen.<\/li>\n<\/ul>\n","protected":false},"excerpt":{"rendered":"<p>21x16x61cm hoch<\/p>\n","protected":false},"featured_media":96709,"template":"","meta":{"_acf_changed":false,"_genesis_title":"","_genesis_description":""},"product_brand":[7505],"product_cat":[1367,7239],"product_tag":[],"class_list":{"0":"post-96724","1":"product","2":"type-product","3":"status-publish","4":"has-post-thumbnail","6":"product_brand-sonstige","7":"product_cat-holzstatuen","8":"product_cat-bilder","10":"first","11":"instock","12":"taxable","13":"shipping-taxable","14":"purchasable","15":"product-type-simple"},"acf":[],"meta_all":{"total_sales":"0","wcml_sync_hash":{"postmeta_fields":"23ec25b2bb0eaaa77d0b8e78379aded9"},"attr_label_translations":[]},"meta_all_flat":{"total_sales":"0","wcml_sync_hash.postmeta_fields":"23ec25b2bb0eaaa77d0b8e78379aded9"},"yoast_head":"<!-- This site is optimized with the Yoast SEO Premium plugin v26.2 (Yoast SEO v27.2) - https:\/\/yoast.com\/product\/yoast-seo-premium-wordpress\/ -->\n<title>Statue Holzzwerg klein 60cm - Eliassen Home &amp; Gardenpleasure<\/title>\n<meta name=\"description\" content=\"Suchen Sie nach einem Gremlin aus Holz? Dieses Modell ist aus Suarholz handgefertigt und hellbraun gef\u00e4rbt, wobei die Farben von St\u00fcck zu St\u00fcck variieren k\u00f6nnen.\" \/>\n<meta name=\"robots\" content=\"index, follow, max-snippet:-1, max-image-preview:large, max-video-preview:-1\" \/>\n<link rel=\"canonical\" href=\"https:\/\/www.eliassen.nl\/de\/skulptur-holzzwerg-klein-60cm\/\" \/>\n<meta property=\"og:locale\" content=\"de_DE\" \/>\n<meta property=\"og:type\" content=\"article\" \/>\n<meta property=\"og:title\" content=\"Sonstige Statue Holzzwerg klein 60cm - Eliassen.nl\" \/>\n<meta property=\"og:description\" content=\"Suchen Sie nach einem Gremlin aus Holz? Dieses Modell ist aus Suarholz handgefertigt und hellbraun gef\u00e4rbt, wobei die Farben von St\u00fcck zu St\u00fcck variieren k\u00f6nnen.\" \/>\n<meta property=\"og:url\" content=\"https:\/\/www.eliassen.nl\/de\/skulptur-holzzwerg-klein-60cm\/\" \/>\n<meta property=\"og:site_name\" content=\"Eliassen.nl\" \/>\n<meta property=\"article:publisher\" content=\"https:\/\/www.facebook.com\/TuincentrumEliassenAmmerzoden\" \/>\n<meta property=\"article:modified_time\" content=\"2026-01-16T13:51:10+00:00\" \/>\n<meta property=\"og:image\" content=\"https:\/\/www.eliassen.nl\/wp-content\/uploads\/2024\/01\/beeldhoutkabouterklein60cmeliassennl.png\" \/>\n\t<meta property=\"og:image:width\" content=\"1536\" \/>\n\t<meta property=\"og:image:height\" content=\"2048\" \/>\n\t<meta property=\"og:image:type\" content=\"image\/png\" \/>\n<meta name=\"twitter:card\" content=\"summary_large_image\" \/>\n<script type=\"application\/ld+json\" class=\"yoast-schema-graph\">{\"@context\":\"https:\/\/schema.org\",\"@graph\":[{\"@type\":\"WebPage\",\"@id\":\"https:\/\/www.eliassen.nl\/de\/skulptur-holzzwerg-klein-60cm\/\",\"url\":\"https:\/\/www.eliassen.nl\/de\/skulptur-holzzwerg-klein-60cm\/\",\"name\":\"Statue Holzzwerg klein 60cm - Eliassen Home & Gardenpleasure\",\"isPartOf\":{\"@id\":\"https:\/\/www.eliassen.nl\/de\/#website\"},\"primaryImageOfPage\":{\"@id\":\"https:\/\/www.eliassen.nl\/de\/skulptur-holzzwerg-klein-60cm\/#primaryimage\"},\"image\":{\"@id\":\"https:\/\/www.eliassen.nl\/de\/skulptur-holzzwerg-klein-60cm\/#primaryimage\"},\"thumbnailUrl\":\"https:\/\/www.eliassen.nl\/wp-content\/uploads\/2024\/01\/beeldhoutkabouterklein60cmeliassennl.png\",\"datePublished\":\"2023-11-13T14:46:10+00:00\",\"dateModified\":\"2026-01-16T13:51:10+00:00\",\"description\":\"Suchen Sie nach einem Gremlin aus Holz? Dieses Modell ist aus Suarholz handgefertigt und hellbraun gef\u00e4rbt, wobei die Farben von St\u00fcck zu St\u00fcck variieren k\u00f6nnen.\",\"breadcrumb\":{\"@id\":\"https:\/\/www.eliassen.nl\/de\/skulptur-holzzwerg-klein-60cm\/#breadcrumb\"},\"inLanguage\":\"de\",\"potentialAction\":[{\"@type\":\"ReadAction\",\"target\":[\"https:\/\/www.eliassen.nl\/de\/skulptur-holzzwerg-klein-60cm\/\"]}]},{\"@type\":\"ImageObject\",\"inLanguage\":\"de\",\"@id\":\"https:\/\/www.eliassen.nl\/de\/skulptur-holzzwerg-klein-60cm\/#primaryimage\",\"url\":\"https:\/\/www.eliassen.nl\/wp-content\/uploads\/2024\/01\/beeldhoutkabouterklein60cmeliassennl.png\",\"contentUrl\":\"https:\/\/www.eliassen.nl\/wp-content\/uploads\/2024\/01\/beeldhoutkabouterklein60cmeliassennl.png\",\"width\":1536,\"height\":2048,\"caption\":\"Statue Holzzwerg klein 60cm eliassen.nl\"},{\"@type\":\"BreadcrumbList\",\"@id\":\"https:\/\/www.eliassen.nl\/de\/skulptur-holzzwerg-klein-60cm\/#breadcrumb\",\"itemListElement\":[{\"@type\":\"ListItem\",\"position\":1,\"name\":\"Home\",\"item\":\"https:\/\/www.eliassen.nl\/de\/\"},{\"@type\":\"ListItem\",\"position\":2,\"name\":\"Shop\",\"item\":\"https:\/\/www.eliassen.nl\/de\/shop\/\"},{\"@type\":\"ListItem\",\"position\":3,\"name\":\"Bilder\",\"item\":\"https:\/\/www.eliassen.nl\/de\/bilder\/\"},{\"@type\":\"ListItem\",\"position\":4,\"name\":\"Holzstatuen\",\"item\":\"https:\/\/www.eliassen.nl\/de\/bilder\/holzstatuen\/\"},{\"@type\":\"ListItem\",\"position\":5,\"name\":\"Statue Holzzwerg klein 60cm\"}]},{\"@type\":\"WebSite\",\"@id\":\"https:\/\/www.eliassen.nl\/de\/#website\",\"url\":\"https:\/\/www.eliassen.nl\/de\/\",\"name\":\"Eliassen Home & Garden Pleasure\",\"description\":\"\",\"publisher\":{\"@id\":\"https:\/\/www.eliassen.nl\/de\/#organization\"},\"alternateName\":\"Eliassen.nl\",\"potentialAction\":[{\"@type\":\"SearchAction\",\"target\":{\"@type\":\"EntryPoint\",\"urlTemplate\":\"https:\/\/www.eliassen.nl\/de\/?s={search_term_string}\"},\"query-input\":{\"@type\":\"PropertyValueSpecification\",\"valueRequired\":true,\"valueName\":\"search_term_string\"}}],\"inLanguage\":\"de\"},{\"@type\":[\"Organization\",\"Place\"],\"@id\":\"https:\/\/www.eliassen.nl\/de\/#organization\",\"name\":\"Eliassen Home & Garden Pleasure\",\"url\":\"https:\/\/www.eliassen.nl\/de\/\",\"logo\":{\"@id\":\"https:\/\/www.eliassen.nl\/de\/skulptur-holzzwerg-klein-60cm\/#local-main-organization-logo\"},\"image\":{\"@id\":\"https:\/\/www.eliassen.nl\/de\/skulptur-holzzwerg-klein-60cm\/#local-main-organization-logo\"},\"sameAs\":[\"https:\/\/www.facebook.com\/TuincentrumEliassenAmmerzoden\",\"https:\/\/www.instagram.com\/eliassenhomeandgarden\/\",\"https:\/\/nl.pinterest.com\/eliassenhomeandgarden\/\",\"https:\/\/www.youtube.com\/@eliassenhomegardenpleasure4558\"],\"telephone\":[],\"openingHoursSpecification\":[{\"@type\":\"OpeningHoursSpecification\",\"dayOfWeek\":[\"Monday\",\"Tuesday\",\"Wednesday\",\"Thursday\",\"Friday\",\"Saturday\",\"Sunday\"],\"opens\":\"09:00\",\"closes\":\"17:00\"}]},{\"@type\":\"ImageObject\",\"inLanguage\":\"de\",\"@id\":\"https:\/\/www.eliassen.nl\/de\/skulptur-holzzwerg-klein-60cm\/#local-main-organization-logo\",\"url\":\"https:\/\/www.eliassen.nl\/wp-content\/uploads\/2024\/01\/logo_4nd.jpg\",\"contentUrl\":\"https:\/\/www.eliassen.nl\/wp-content\/uploads\/2024\/01\/logo_4nd.jpg\",\"width\":500,\"height\":500,\"caption\":\"Eliassen Home & Garden Pleasure\"}]}<\/script>\n<meta property=\"product:price:amount\" content=\"169.00\" \/>\n<meta property=\"product:price:currency\" content=\"EUR\" \/>\n<meta property=\"og:availability\" content=\"instock\" \/>\n<meta property=\"product:availability\" content=\"instock\" \/>\n<meta property=\"product:retailer_item_id\" content=\"Goblins\" \/>\n<meta property=\"product:condition\" content=\"new\" \/>\n<!-- \/ Yoast SEO Premium plugin. -->","yoast_head_json":{"title":"Statue Holzzwerg klein 60cm - Eliassen Home & Gardenpleasure","description":"Suchen Sie nach einem Gremlin aus Holz? Dieses Modell ist aus Suarholz handgefertigt und hellbraun gef\u00e4rbt, wobei die Farben von St\u00fcck zu St\u00fcck variieren k\u00f6nnen.","robots":{"index":"index","follow":"follow","max-snippet":"max-snippet:-1","max-image-preview":"max-image-preview:large","max-video-preview":"max-video-preview:-1"},"canonical":"https:\/\/www.eliassen.nl\/de\/skulptur-holzzwerg-klein-60cm\/","og_locale":"de_DE","og_type":"article","og_title":"Sonstige Statue Holzzwerg klein 60cm - Eliassen.nl","og_description":"Suchen Sie nach einem Gremlin aus Holz? Dieses Modell ist aus Suarholz handgefertigt und hellbraun gef\u00e4rbt, wobei die Farben von St\u00fcck zu St\u00fcck variieren k\u00f6nnen.","og_url":"https:\/\/www.eliassen.nl\/de\/skulptur-holzzwerg-klein-60cm\/","og_site_name":"Eliassen.nl","article_publisher":"https:\/\/www.facebook.com\/TuincentrumEliassenAmmerzoden","article_modified_time":"2026-01-16T13:51:10+00:00","og_image":[{"width":1536,"height":2048,"url":"https:\/\/www.eliassen.nl\/wp-content\/uploads\/2024\/01\/beeldhoutkabouterklein60cmeliassennl.png","type":"image\/png"}],"twitter_card":"summary_large_image","schema":{"@context":"https:\/\/schema.org","@graph":[{"@type":"WebPage","@id":"https:\/\/www.eliassen.nl\/de\/skulptur-holzzwerg-klein-60cm\/","url":"https:\/\/www.eliassen.nl\/de\/skulptur-holzzwerg-klein-60cm\/","name":"Statue Holzzwerg klein 60cm - Eliassen Home & Gardenpleasure","isPartOf":{"@id":"https:\/\/www.eliassen.nl\/de\/#website"},"primaryImageOfPage":{"@id":"https:\/\/www.eliassen.nl\/de\/skulptur-holzzwerg-klein-60cm\/#primaryimage"},"image":{"@id":"https:\/\/www.eliassen.nl\/de\/skulptur-holzzwerg-klein-60cm\/#primaryimage"},"thumbnailUrl":"https:\/\/www.eliassen.nl\/wp-content\/uploads\/2024\/01\/beeldhoutkabouterklein60cmeliassennl.png","datePublished":"2023-11-13T14:46:10+00:00","dateModified":"2026-01-16T13:51:10+00:00","description":"Suchen Sie nach einem Gremlin aus Holz? Dieses Modell ist aus Suarholz handgefertigt und hellbraun gef\u00e4rbt, wobei die Farben von St\u00fcck zu St\u00fcck variieren k\u00f6nnen.","breadcrumb":{"@id":"https:\/\/www.eliassen.nl\/de\/skulptur-holzzwerg-klein-60cm\/#breadcrumb"},"inLanguage":"de","potentialAction":[{"@type":"ReadAction","target":["https:\/\/www.eliassen.nl\/de\/skulptur-holzzwerg-klein-60cm\/"]}]},{"@type":"ImageObject","inLanguage":"de","@id":"https:\/\/www.eliassen.nl\/de\/skulptur-holzzwerg-klein-60cm\/#primaryimage","url":"https:\/\/www.eliassen.nl\/wp-content\/uploads\/2024\/01\/beeldhoutkabouterklein60cmeliassennl.png","contentUrl":"https:\/\/www.eliassen.nl\/wp-content\/uploads\/2024\/01\/beeldhoutkabouterklein60cmeliassennl.png","width":1536,"height":2048,"caption":"Statue Holzzwerg klein 60cm eliassen.nl"},{"@type":"BreadcrumbList","@id":"https:\/\/www.eliassen.nl\/de\/skulptur-holzzwerg-klein-60cm\/#breadcrumb","itemListElement":[{"@type":"ListItem","position":1,"name":"Home","item":"https:\/\/www.eliassen.nl\/de\/"},{"@type":"ListItem","position":2,"name":"Shop","item":"https:\/\/www.eliassen.nl\/de\/shop\/"},{"@type":"ListItem","position":3,"name":"Bilder","item":"https:\/\/www.eliassen.nl\/de\/bilder\/"},{"@type":"ListItem","position":4,"name":"Holzstatuen","item":"https:\/\/www.eliassen.nl\/de\/bilder\/holzstatuen\/"},{"@type":"ListItem","position":5,"name":"Statue Holzzwerg klein 60cm"}]},{"@type":"WebSite","@id":"https:\/\/www.eliassen.nl\/de\/#website","url":"https:\/\/www.eliassen.nl\/de\/","name":"Eliassen Home & Garden Pleasure","description":"","publisher":{"@id":"https:\/\/www.eliassen.nl\/de\/#organization"},"alternateName":"Eliassen.nl","potentialAction":[{"@type":"SearchAction","target":{"@type":"EntryPoint","urlTemplate":"https:\/\/www.eliassen.nl\/de\/?s={search_term_string}"},"query-input":{"@type":"PropertyValueSpecification","valueRequired":true,"valueName":"search_term_string"}}],"inLanguage":"de"},{"@type":["Organization","Place"],"@id":"https:\/\/www.eliassen.nl\/de\/#organization","name":"Eliassen Home & Garden Pleasure","url":"https:\/\/www.eliassen.nl\/de\/","logo":{"@id":"https:\/\/www.eliassen.nl\/de\/skulptur-holzzwerg-klein-60cm\/#local-main-organization-logo"},"image":{"@id":"https:\/\/www.eliassen.nl\/de\/skulptur-holzzwerg-klein-60cm\/#local-main-organization-logo"},"sameAs":["https:\/\/www.facebook.com\/TuincentrumEliassenAmmerzoden","https:\/\/www.instagram.com\/eliassenhomeandgarden\/","https:\/\/nl.pinterest.com\/eliassenhomeandgarden\/","https:\/\/www.youtube.com\/@eliassenhomegardenpleasure4558"],"telephone":[],"openingHoursSpecification":[{"@type":"OpeningHoursSpecification","dayOfWeek":["Monday","Tuesday","Wednesday","Thursday","Friday","Saturday","Sunday"],"opens":"09:00","closes":"17:00"}]},{"@type":"ImageObject","inLanguage":"de","@id":"https:\/\/www.eliassen.nl\/de\/skulptur-holzzwerg-klein-60cm\/#local-main-organization-logo","url":"https:\/\/www.eliassen.nl\/wp-content\/uploads\/2024\/01\/logo_4nd.jpg","contentUrl":"https:\/\/www.eliassen.nl\/wp-content\/uploads\/2024\/01\/logo_4nd.jpg","width":500,"height":500,"caption":"Eliassen Home & Garden Pleasure"}]},"product_price_amount":"169.00","product_price_currency":"EUR","og_availability":"instock","product_availability":"instock","product_retailer_item_id":"Goblins","product_condition":"new"},"df_price":169,"df_sale_price":"","df_regular_price":169,"df_image_link":"https:\/\/www.eliassen.nl\/wp-content\/uploads\/2024\/01\/beeldhoutkabouterklein60cmeliassennl.png","image":"https:\/\/www.eliassen.nl\/wp-content\/uploads\/2024\/01\/beeldhoutkabouterklein60cmeliassennl.png","price_search":"<span class=\"woocommerce-Price-amount amount\"><bdi><span class=\"woocommerce-Price-currencySymbol\">&euro;<\/span>&nbsp;169,00<\/bdi><\/span>","category":"Holzstatuen","global_unique_id":"6096518149144","_links":{"self":[{"href":"https:\/\/www.eliassen.nl\/de\/wp-json\/wp\/v2\/product\/96724","targetHints":{"allow":["GET"]}}],"collection":[{"href":"https:\/\/www.eliassen.nl\/de\/wp-json\/wp\/v2\/product"}],"about":[{"href":"https:\/\/www.eliassen.nl\/de\/wp-json\/wp\/v2\/types\/product"}],"wp:featuredmedia":[{"embeddable":true,"href":"https:\/\/www.eliassen.nl\/de\/wp-json\/wp\/v2\/media\/96709"}],"wp:attachment":[{"href":"https:\/\/www.eliassen.nl\/de\/wp-json\/wp\/v2\/media?parent=96724"}],"wp:term":[{"taxonomy":"product_brand","embeddable":true,"href":"https:\/\/www.eliassen.nl\/de\/wp-json\/wp\/v2\/product_brand?post=96724"},{"taxonomy":"product_cat","embeddable":true,"href":"https:\/\/www.eliassen.nl\/de\/wp-json\/wp\/v2\/product_cat?post=96724"},{"taxonomy":"product_tag","embeddable":true,"href":"https:\/\/www.eliassen.nl\/de\/wp-json\/wp\/v2\/product_tag?post=96724"}],"curies":[{"name":"wp","href":"https:\/\/api.w.org\/{rel}","templated":true}]}}