{"id":96679,"date":"2023-11-13T12:03:26","date_gmt":"2023-11-13T12:03:26","guid":{"rendered":"https:\/\/www.eliassen.nl\/?product=hangstoel-bristol-opklapbaar-antraciet-grijs"},"modified":"2025-11-27T15:17:53","modified_gmt":"2025-11-27T14:17:53","slug":"hangesessel-bristol-klappbar-anthrazitgrau","status":"publish","type":"product","link":"https:\/\/www.eliassen.nl\/de\/hangesessel-bristol-klappbar-anthrazitgrau\/","title":{"rendered":"H\u00e4ngesessel Bristol Faltbar anthrazit\/grau"},"content":{"rendered":"<p>Gem\u00fctlicher Schaukelstuhl mit sch\u00f6ner Sitzfl\u00e4che. Sie werden viele Stunden in diesem Sessel genie\u00dfen, denn dank des ausklappbaren Vordachs werden Sie das Gef\u00fchl des Cocooning erleben und gleichzeitig vor der Sonne gesch\u00fctzt sein.<\/p>\n<p>Das Gestell ist aus beschichtetem Stahl, das Fu\u00dfkreuz hat einen gro\u00dfen Durchmesser, wodurch eine hohe Stabilit\u00e4t gew\u00e4hrleistet ist. Der Stuhl ist aus beschichtetem Aluminium.<\/p>\n<p>Der Stuhl ist faltbar, so dass er nur sehr wenig Platz ben\u00f6tigt und die Scharniere sind gesch\u00fctzt, so dass die Finger nicht dazwischen geraten k\u00f6nnen.<\/p>\n<p>Es ist ratsam, die Sitzkissen an einem trockenen Ort aufzubewahren, damit sie nicht nass werden.<\/p>\n<p>Stuhlgestell im Herbst und Winter trocken lagern.<\/p>\n<ul>\n<li>Zusammenklappbar: leicht zu verstauen.<\/li>\n<li>Gesamtgewicht 35kg<\/li>\n<li>Gr\u00f6\u00dfe ausgeklappt 80x67x195cm hoch, Durchmesser Basis 95cm<\/li>\n<li>Material; Gestell Stahl anthrazit beschichtet, Stuhl Aluminium beschichtet<\/li>\n<li>Inklusive Verdeck und Kissen, Farbe: hellgrau<\/li>\n<li>F\u00fcr innen und au\u00dfen geeignet<\/li>\n<li>maximale Belastung: 120kg<\/li>\n<li>wird als Baupaket geliefert.<\/li>\n<li>1 Jahr Garantie<\/li>\n<\/ul>\n","protected":false},"excerpt":{"rendered":"<p>Praktischer klappbarer H\u00e4ngesessel<\/p>\n","protected":false},"featured_media":96670,"template":"","meta":{"_acf_changed":false,"_genesis_title":"","_genesis_description":""},"product_brand":[7505],"product_cat":[761,752],"product_tag":[],"class_list":{"0":"post-96679","1":"product","2":"type-product","3":"status-publish","4":"has-post-thumbnail","6":"product_brand-sonstige","7":"product_cat-gartenmoebel","8":"product_cat-weitere-artikel","10":"first","11":"instock","12":"sale","13":"taxable","14":"shipping-taxable","15":"purchasable","16":"product-type-simple"},"acf":[],"meta_all":{"total_sales":"2","wcml_sync_hash":{"postmeta_fields":"1959411e4213c886043bb1381a57220d"},"attr_label_translations":[]},"meta_all_flat":{"total_sales":"2","wcml_sync_hash.postmeta_fields":"1959411e4213c886043bb1381a57220d"},"yoast_head":"<!-- This site is optimized with the Yoast SEO Premium plugin v26.2 (Yoast SEO v27.2) - https:\/\/yoast.com\/product\/yoast-seo-premium-wordpress\/ -->\n<title>H\u00e4ngesessel Bristol Faltbar anthrazit\/grau<\/title>\n<meta name=\"description\" content=\"Der H\u00e4ngesessel ist bequem zusammenklappbar. Werfen Sie einen Blick in unseren Webshop oder kommen Sie und sehen Sie sich den Stuhl live an!\" \/>\n<meta name=\"robots\" content=\"index, follow, max-snippet:-1, max-image-preview:large, max-video-preview:-1\" \/>\n<link rel=\"canonical\" href=\"https:\/\/www.eliassen.nl\/de\/hangesessel-bristol-klappbar-anthrazitgrau\/\" \/>\n<meta property=\"og:locale\" content=\"de_DE\" \/>\n<meta property=\"og:type\" content=\"article\" \/>\n<meta property=\"og:title\" content=\"Sonstige H\u00e4ngesessel Bristol Faltbar anthrazit\/grau - Eliassen.nl\" \/>\n<meta property=\"og:description\" content=\"Der H\u00e4ngesessel ist bequem zusammenklappbar. Werfen Sie einen Blick in unseren Webshop oder kommen Sie und sehen Sie sich den Stuhl live an!\" \/>\n<meta property=\"og:url\" content=\"https:\/\/www.eliassen.nl\/de\/hangesessel-bristol-klappbar-anthrazitgrau\/\" \/>\n<meta property=\"og:site_name\" content=\"Eliassen.nl\" \/>\n<meta property=\"article:publisher\" content=\"https:\/\/www.facebook.com\/TuincentrumEliassenAmmerzoden\" \/>\n<meta property=\"article:modified_time\" content=\"2025-11-27T14:17:53+00:00\" \/>\n<meta property=\"og:image\" content=\"https:\/\/www.eliassen.nl\/wp-content\/uploads\/2024\/01\/hangstoelbristolopklapbaareliassennl.jpg\" \/>\n\t<meta property=\"og:image:width\" content=\"708\" \/>\n\t<meta property=\"og:image:height\" content=\"1600\" \/>\n\t<meta property=\"og:image:type\" content=\"image\/jpeg\" \/>\n<meta name=\"twitter:card\" content=\"summary_large_image\" \/>\n<script type=\"application\/ld+json\" class=\"yoast-schema-graph\">{\"@context\":\"https:\/\/schema.org\",\"@graph\":[{\"@type\":\"WebPage\",\"@id\":\"https:\/\/www.eliassen.nl\/de\/hangesessel-bristol-klappbar-anthrazitgrau\/\",\"url\":\"https:\/\/www.eliassen.nl\/de\/hangesessel-bristol-klappbar-anthrazitgrau\/\",\"name\":\"H\u00e4ngesessel Bristol Faltbar anthrazit\/grau\",\"isPartOf\":{\"@id\":\"https:\/\/www.eliassen.nl\/de\/#website\"},\"primaryImageOfPage\":{\"@id\":\"https:\/\/www.eliassen.nl\/de\/hangesessel-bristol-klappbar-anthrazitgrau\/#primaryimage\"},\"image\":{\"@id\":\"https:\/\/www.eliassen.nl\/de\/hangesessel-bristol-klappbar-anthrazitgrau\/#primaryimage\"},\"thumbnailUrl\":\"https:\/\/www.eliassen.nl\/wp-content\/uploads\/2024\/01\/hangstoelbristolopklapbaareliassennl.jpg\",\"datePublished\":\"2023-11-13T12:03:26+00:00\",\"dateModified\":\"2025-11-27T14:17:53+00:00\",\"description\":\"Der H\u00e4ngesessel ist bequem zusammenklappbar. Werfen Sie einen Blick in unseren Webshop oder kommen Sie und sehen Sie sich den Stuhl live an!\",\"breadcrumb\":{\"@id\":\"https:\/\/www.eliassen.nl\/de\/hangesessel-bristol-klappbar-anthrazitgrau\/#breadcrumb\"},\"inLanguage\":\"de\",\"potentialAction\":[{\"@type\":\"ReadAction\",\"target\":[\"https:\/\/www.eliassen.nl\/de\/hangesessel-bristol-klappbar-anthrazitgrau\/\"]}]},{\"@type\":\"ImageObject\",\"inLanguage\":\"de\",\"@id\":\"https:\/\/www.eliassen.nl\/de\/hangesessel-bristol-klappbar-anthrazitgrau\/#primaryimage\",\"url\":\"https:\/\/www.eliassen.nl\/wp-content\/uploads\/2024\/01\/hangstoelbristolopklapbaareliassennl.jpg\",\"contentUrl\":\"https:\/\/www.eliassen.nl\/wp-content\/uploads\/2024\/01\/hangstoelbristolopklapbaareliassennl.jpg\",\"width\":708,\"height\":1600,\"caption\":\"H\u00e4ngesessel Bristol faltbar eliassen.de\"},{\"@type\":\"BreadcrumbList\",\"@id\":\"https:\/\/www.eliassen.nl\/de\/hangesessel-bristol-klappbar-anthrazitgrau\/#breadcrumb\",\"itemListElement\":[{\"@type\":\"ListItem\",\"position\":1,\"name\":\"Home\",\"item\":\"https:\/\/www.eliassen.nl\/de\/\"},{\"@type\":\"ListItem\",\"position\":2,\"name\":\"Shop\",\"item\":\"https:\/\/www.eliassen.nl\/de\/shop\/\"},{\"@type\":\"ListItem\",\"position\":3,\"name\":\"Weitere Artikel\",\"item\":\"https:\/\/www.eliassen.nl\/de\/weitere-artikel\/\"},{\"@type\":\"ListItem\",\"position\":4,\"name\":\"Gartenm\u00f6bel\",\"item\":\"https:\/\/www.eliassen.nl\/de\/garten-andere\/gartenmoebel\/\"},{\"@type\":\"ListItem\",\"position\":5,\"name\":\"H\u00e4ngesessel Bristol Faltbar anthrazit\/grau\"}]},{\"@type\":\"WebSite\",\"@id\":\"https:\/\/www.eliassen.nl\/de\/#website\",\"url\":\"https:\/\/www.eliassen.nl\/de\/\",\"name\":\"Eliassen Home & Garden Pleasure\",\"description\":\"\",\"publisher\":{\"@id\":\"https:\/\/www.eliassen.nl\/de\/#organization\"},\"alternateName\":\"Eliassen.nl\",\"potentialAction\":[{\"@type\":\"SearchAction\",\"target\":{\"@type\":\"EntryPoint\",\"urlTemplate\":\"https:\/\/www.eliassen.nl\/de\/?s={search_term_string}\"},\"query-input\":{\"@type\":\"PropertyValueSpecification\",\"valueRequired\":true,\"valueName\":\"search_term_string\"}}],\"inLanguage\":\"de\"},{\"@type\":[\"Organization\",\"Place\"],\"@id\":\"https:\/\/www.eliassen.nl\/de\/#organization\",\"name\":\"Eliassen Home & Garden Pleasure\",\"url\":\"https:\/\/www.eliassen.nl\/de\/\",\"logo\":{\"@id\":\"https:\/\/www.eliassen.nl\/de\/hangesessel-bristol-klappbar-anthrazitgrau\/#local-main-organization-logo\"},\"image\":{\"@id\":\"https:\/\/www.eliassen.nl\/de\/hangesessel-bristol-klappbar-anthrazitgrau\/#local-main-organization-logo\"},\"sameAs\":[\"https:\/\/www.facebook.com\/TuincentrumEliassenAmmerzoden\",\"https:\/\/www.instagram.com\/eliassenhomeandgarden\/\",\"https:\/\/nl.pinterest.com\/eliassenhomeandgarden\/\",\"https:\/\/www.youtube.com\/@eliassenhomegardenpleasure4558\"],\"telephone\":[],\"openingHoursSpecification\":[{\"@type\":\"OpeningHoursSpecification\",\"dayOfWeek\":[\"Monday\",\"Tuesday\",\"Wednesday\",\"Thursday\",\"Friday\",\"Saturday\",\"Sunday\"],\"opens\":\"09:00\",\"closes\":\"17:00\"}]},{\"@type\":\"ImageObject\",\"inLanguage\":\"de\",\"@id\":\"https:\/\/www.eliassen.nl\/de\/hangesessel-bristol-klappbar-anthrazitgrau\/#local-main-organization-logo\",\"url\":\"https:\/\/www.eliassen.nl\/wp-content\/uploads\/2024\/01\/logo_4nd.jpg\",\"contentUrl\":\"https:\/\/www.eliassen.nl\/wp-content\/uploads\/2024\/01\/logo_4nd.jpg\",\"width\":500,\"height\":500,\"caption\":\"Eliassen Home & Garden Pleasure\"}]}<\/script>\n<meta property=\"product:price:amount\" content=\"199.00\" \/>\n<meta property=\"product:price:currency\" content=\"EUR\" \/>\n<meta property=\"og:availability\" content=\"instock\" \/>\n<meta property=\"product:availability\" content=\"instock\" \/>\n<meta property=\"product:retailer_item_id\" content=\"x82100040\" \/>\n<meta property=\"product:condition\" content=\"new\" \/>\n<!-- \/ Yoast SEO Premium plugin. -->","yoast_head_json":{"title":"H\u00e4ngesessel Bristol Faltbar anthrazit\/grau","description":"Der H\u00e4ngesessel ist bequem zusammenklappbar. Werfen Sie einen Blick in unseren Webshop oder kommen Sie und sehen Sie sich den Stuhl live an!","robots":{"index":"index","follow":"follow","max-snippet":"max-snippet:-1","max-image-preview":"max-image-preview:large","max-video-preview":"max-video-preview:-1"},"canonical":"https:\/\/www.eliassen.nl\/de\/hangesessel-bristol-klappbar-anthrazitgrau\/","og_locale":"de_DE","og_type":"article","og_title":"Sonstige H\u00e4ngesessel Bristol Faltbar anthrazit\/grau - Eliassen.nl","og_description":"Der H\u00e4ngesessel ist bequem zusammenklappbar. Werfen Sie einen Blick in unseren Webshop oder kommen Sie und sehen Sie sich den Stuhl live an!","og_url":"https:\/\/www.eliassen.nl\/de\/hangesessel-bristol-klappbar-anthrazitgrau\/","og_site_name":"Eliassen.nl","article_publisher":"https:\/\/www.facebook.com\/TuincentrumEliassenAmmerzoden","article_modified_time":"2025-11-27T14:17:53+00:00","og_image":[{"width":708,"height":1600,"url":"https:\/\/www.eliassen.nl\/wp-content\/uploads\/2024\/01\/hangstoelbristolopklapbaareliassennl.jpg","type":"image\/jpeg"}],"twitter_card":"summary_large_image","schema":{"@context":"https:\/\/schema.org","@graph":[{"@type":"WebPage","@id":"https:\/\/www.eliassen.nl\/de\/hangesessel-bristol-klappbar-anthrazitgrau\/","url":"https:\/\/www.eliassen.nl\/de\/hangesessel-bristol-klappbar-anthrazitgrau\/","name":"H\u00e4ngesessel Bristol Faltbar anthrazit\/grau","isPartOf":{"@id":"https:\/\/www.eliassen.nl\/de\/#website"},"primaryImageOfPage":{"@id":"https:\/\/www.eliassen.nl\/de\/hangesessel-bristol-klappbar-anthrazitgrau\/#primaryimage"},"image":{"@id":"https:\/\/www.eliassen.nl\/de\/hangesessel-bristol-klappbar-anthrazitgrau\/#primaryimage"},"thumbnailUrl":"https:\/\/www.eliassen.nl\/wp-content\/uploads\/2024\/01\/hangstoelbristolopklapbaareliassennl.jpg","datePublished":"2023-11-13T12:03:26+00:00","dateModified":"2025-11-27T14:17:53+00:00","description":"Der H\u00e4ngesessel ist bequem zusammenklappbar. Werfen Sie einen Blick in unseren Webshop oder kommen Sie und sehen Sie sich den Stuhl live an!","breadcrumb":{"@id":"https:\/\/www.eliassen.nl\/de\/hangesessel-bristol-klappbar-anthrazitgrau\/#breadcrumb"},"inLanguage":"de","potentialAction":[{"@type":"ReadAction","target":["https:\/\/www.eliassen.nl\/de\/hangesessel-bristol-klappbar-anthrazitgrau\/"]}]},{"@type":"ImageObject","inLanguage":"de","@id":"https:\/\/www.eliassen.nl\/de\/hangesessel-bristol-klappbar-anthrazitgrau\/#primaryimage","url":"https:\/\/www.eliassen.nl\/wp-content\/uploads\/2024\/01\/hangstoelbristolopklapbaareliassennl.jpg","contentUrl":"https:\/\/www.eliassen.nl\/wp-content\/uploads\/2024\/01\/hangstoelbristolopklapbaareliassennl.jpg","width":708,"height":1600,"caption":"H\u00e4ngesessel Bristol faltbar eliassen.de"},{"@type":"BreadcrumbList","@id":"https:\/\/www.eliassen.nl\/de\/hangesessel-bristol-klappbar-anthrazitgrau\/#breadcrumb","itemListElement":[{"@type":"ListItem","position":1,"name":"Home","item":"https:\/\/www.eliassen.nl\/de\/"},{"@type":"ListItem","position":2,"name":"Shop","item":"https:\/\/www.eliassen.nl\/de\/shop\/"},{"@type":"ListItem","position":3,"name":"Weitere Artikel","item":"https:\/\/www.eliassen.nl\/de\/weitere-artikel\/"},{"@type":"ListItem","position":4,"name":"Gartenm\u00f6bel","item":"https:\/\/www.eliassen.nl\/de\/garten-andere\/gartenmoebel\/"},{"@type":"ListItem","position":5,"name":"H\u00e4ngesessel Bristol Faltbar anthrazit\/grau"}]},{"@type":"WebSite","@id":"https:\/\/www.eliassen.nl\/de\/#website","url":"https:\/\/www.eliassen.nl\/de\/","name":"Eliassen Home & Garden Pleasure","description":"","publisher":{"@id":"https:\/\/www.eliassen.nl\/de\/#organization"},"alternateName":"Eliassen.nl","potentialAction":[{"@type":"SearchAction","target":{"@type":"EntryPoint","urlTemplate":"https:\/\/www.eliassen.nl\/de\/?s={search_term_string}"},"query-input":{"@type":"PropertyValueSpecification","valueRequired":true,"valueName":"search_term_string"}}],"inLanguage":"de"},{"@type":["Organization","Place"],"@id":"https:\/\/www.eliassen.nl\/de\/#organization","name":"Eliassen Home & Garden Pleasure","url":"https:\/\/www.eliassen.nl\/de\/","logo":{"@id":"https:\/\/www.eliassen.nl\/de\/hangesessel-bristol-klappbar-anthrazitgrau\/#local-main-organization-logo"},"image":{"@id":"https:\/\/www.eliassen.nl\/de\/hangesessel-bristol-klappbar-anthrazitgrau\/#local-main-organization-logo"},"sameAs":["https:\/\/www.facebook.com\/TuincentrumEliassenAmmerzoden","https:\/\/www.instagram.com\/eliassenhomeandgarden\/","https:\/\/nl.pinterest.com\/eliassenhomeandgarden\/","https:\/\/www.youtube.com\/@eliassenhomegardenpleasure4558"],"telephone":[],"openingHoursSpecification":[{"@type":"OpeningHoursSpecification","dayOfWeek":["Monday","Tuesday","Wednesday","Thursday","Friday","Saturday","Sunday"],"opens":"09:00","closes":"17:00"}]},{"@type":"ImageObject","inLanguage":"de","@id":"https:\/\/www.eliassen.nl\/de\/hangesessel-bristol-klappbar-anthrazitgrau\/#local-main-organization-logo","url":"https:\/\/www.eliassen.nl\/wp-content\/uploads\/2024\/01\/logo_4nd.jpg","contentUrl":"https:\/\/www.eliassen.nl\/wp-content\/uploads\/2024\/01\/logo_4nd.jpg","width":500,"height":500,"caption":"Eliassen Home & Garden Pleasure"}]},"product_price_amount":"199.00","product_price_currency":"EUR","og_availability":"instock","product_availability":"instock","product_retailer_item_id":"x82100040","product_condition":"new"},"df_price":199,"df_sale_price":199,"df_regular_price":349,"df_image_link":"https:\/\/www.eliassen.nl\/wp-content\/uploads\/2024\/01\/hangstoelbristolopklapbaareliassennl.jpg","image":"https:\/\/www.eliassen.nl\/wp-content\/uploads\/2024\/01\/hangstoelbristolopklapbaareliassennl.jpg","price_search":"<span class=\"woocommerce-Price-amount amount\"><bdi><span class=\"woocommerce-Price-currencySymbol\">&euro;<\/span>&nbsp;199,00<\/bdi><\/span>","category":"Gartenm\u00f6bel","global_unique_id":"8719987839306","_links":{"self":[{"href":"https:\/\/www.eliassen.nl\/de\/wp-json\/wp\/v2\/product\/96679","targetHints":{"allow":["GET"]}}],"collection":[{"href":"https:\/\/www.eliassen.nl\/de\/wp-json\/wp\/v2\/product"}],"about":[{"href":"https:\/\/www.eliassen.nl\/de\/wp-json\/wp\/v2\/types\/product"}],"wp:featuredmedia":[{"embeddable":true,"href":"https:\/\/www.eliassen.nl\/de\/wp-json\/wp\/v2\/media\/96670"}],"wp:attachment":[{"href":"https:\/\/www.eliassen.nl\/de\/wp-json\/wp\/v2\/media?parent=96679"}],"wp:term":[{"taxonomy":"product_brand","embeddable":true,"href":"https:\/\/www.eliassen.nl\/de\/wp-json\/wp\/v2\/product_brand?post=96679"},{"taxonomy":"product_cat","embeddable":true,"href":"https:\/\/www.eliassen.nl\/de\/wp-json\/wp\/v2\/product_cat?post=96679"},{"taxonomy":"product_tag","embeddable":true,"href":"https:\/\/www.eliassen.nl\/de\/wp-json\/wp\/v2\/product_tag?post=96679"}],"curies":[{"name":"wp","href":"https:\/\/api.w.org\/{rel}","templated":true}]}}