{"id":96547,"date":"2023-11-09T11:07:42","date_gmt":"2023-11-09T11:07:42","guid":{"rendered":"https:\/\/www.eliassen.nl\/?product=copy-of-keien-plat-wit-5-8cm-2kg-uitgesorteerd"},"modified":"2025-10-21T16:39:24","modified_gmt":"2025-10-21T14:39:24","slug":"dekokiesel-schwarz-grau-poliert-4-7cm-2kg-beste-auswahl-zum-bemalen","status":"publish","type":"product","link":"https:\/\/www.eliassen.nl\/de\/dekokiesel-schwarz-grau-poliert-4-7cm-2kg-beste-auswahl-zum-bemalen\/","title":{"rendered":"Dekorative Felsbrocken schwarz-grau poliert 4-7cm 2kg beste Auswahl f\u00fcr Malerei"},"content":{"rendered":"<p><video controls=\"controls\" width=\"300\" height=\"150\"><br \/>\n<\/video><\/p>\n<p>Sehr sch\u00f6n sortierte, polierte schwarz-graue Felsbrocken von 4 bis 7 cm. Flach in der Form, ideal zum Malen.<\/p>\n<p>Diese Malersteine wurden gewaschen und sortiert; es befinden sich keine zerbrochenen oder halben Felsbrocken in der Tasche. Nur die besten dekorativen Felsbrocken aus den S\u00e4cken wurden f\u00fcr diese sortierten S\u00e4cke zum Bemalen ausgew\u00e4hlt. In manchen F\u00e4llen ist nur eine Seite der gl\u00fccklichen Steine v\u00f6llig glatt.<\/p>\n<p>Da es sich um ein Naturprodukt handelt, ist das Foto nur ein Beispiel.<\/p>\n<ul>\n<li>gewaschene Felsbrocken<\/li>\n<li><strong>NUR 50 Ziegel pro Beutel. Es k\u00f6nnte also mehr oder weniger sein!<\/strong><\/li>\n<li>\n \t<\/li>\n<li>verpackt im Organzabeutel<\/li>\n<li>keine zerbrochenen Steine dort<\/li>\n<li>sehr harter und glatter Felsbrocken<\/li>\n<li>Sehr gut zu bemalen<\/li>\n<li>Wird nicht schnell gr\u00fcn<\/li>\n<li>Auch live bei uns<\/li>\n<\/ul>\n","protected":false},"excerpt":{"rendered":"<p>Die feinste Auswahl aus sortierten Steinen, bestehend aus den besten Steinen zum Malen.<\/p>\n","protected":false},"featured_media":96520,"template":"","meta":{"_acf_changed":false,"_genesis_title":"","_genesis_description":""},"product_brand":[6916],"product_cat":[1460,752],"product_tag":[],"class_list":{"0":"post-96547","1":"product","2":"type-product","3":"status-publish","4":"has-post-thumbnail","6":"product_brand-eliassen-de","7":"product_cat-kieselsteine-zum-bemalen","8":"product_cat-weitere-artikel","10":"first","11":"instock","12":"taxable","13":"shipping-taxable","14":"purchasable","15":"product-type-simple"},"acf":[],"meta_all":{"total_sales":"65","wcml_sync_hash":{"postmeta_fields":"c271d192aa67381c500b0ab00683b6ec"},"attr_label_translations":[]},"meta_all_flat":{"total_sales":"65","wcml_sync_hash.postmeta_fields":"c271d192aa67381c500b0ab00683b6ec"},"yoast_head":"<!-- This site is optimized with the Yoast SEO Premium plugin v26.2 (Yoast SEO v27.2) - https:\/\/yoast.com\/product\/yoast-seo-premium-wordpress\/ -->\n<title>Dekorative Felsbrocken schwarz-grau poliert 4-7cm 2kg sortiert<\/title>\n<meta name=\"description\" content=\"Sch\u00f6ne glatte Dekosteine zum Malen. Die Felsbrocken eignen sich am besten zum Malen, denn sie haben eine sehr glatte Oberfl\u00e4che und eine sch\u00f6ne Gr\u00f6\u00dfe.\" \/>\n<meta name=\"robots\" content=\"index, follow, max-snippet:-1, max-image-preview:large, max-video-preview:-1\" \/>\n<link rel=\"canonical\" href=\"https:\/\/www.eliassen.nl\/de\/dekokiesel-schwarz-grau-poliert-4-7cm-2kg-beste-auswahl-zum-bemalen\/\" \/>\n<meta property=\"og:locale\" content=\"de_DE\" \/>\n<meta property=\"og:type\" content=\"article\" \/>\n<meta property=\"og:title\" content=\"Eliassen Dekorative Felsbrocken schwarz-grau poliert 4-7cm 2kg beste Auswahl f\u00fcr Malerei - Eliassen.nl\" \/>\n<meta property=\"og:description\" content=\"Sch\u00f6ne glatte Dekosteine zum Malen. Die Felsbrocken eignen sich am besten zum Malen, denn sie haben eine sehr glatte Oberfl\u00e4che und eine sch\u00f6ne Gr\u00f6\u00dfe.\" \/>\n<meta property=\"og:url\" content=\"https:\/\/www.eliassen.nl\/de\/dekokiesel-schwarz-grau-poliert-4-7cm-2kg-beste-auswahl-zum-bemalen\/\" \/>\n<meta property=\"og:site_name\" content=\"Eliassen.nl\" \/>\n<meta property=\"article:publisher\" content=\"https:\/\/www.facebook.com\/TuincentrumEliassenAmmerzoden\" \/>\n<meta property=\"article:modified_time\" content=\"2025-10-21T14:39:24+00:00\" \/>\n<meta property=\"og:image\" content=\"https:\/\/www.eliassen.nl\/wp-content\/uploads\/2024\/01\/sierkeienzwartgrijsgepolijst47cm2kguitgesor.jpg\" \/>\n\t<meta property=\"og:image:width\" content=\"1536\" \/>\n\t<meta property=\"og:image:height\" content=\"2048\" \/>\n\t<meta property=\"og:image:type\" content=\"image\/jpeg\" \/>\n<meta name=\"twitter:card\" content=\"summary_large_image\" \/>\n<script type=\"application\/ld+json\" class=\"yoast-schema-graph\">{\"@context\":\"https:\/\/schema.org\",\"@graph\":[{\"@type\":\"WebPage\",\"@id\":\"https:\/\/www.eliassen.nl\/de\/dekokiesel-schwarz-grau-poliert-4-7cm-2kg-beste-auswahl-zum-bemalen\/\",\"url\":\"https:\/\/www.eliassen.nl\/de\/dekokiesel-schwarz-grau-poliert-4-7cm-2kg-beste-auswahl-zum-bemalen\/\",\"name\":\"Dekorative Felsbrocken schwarz-grau poliert 4-7cm 2kg sortiert\",\"isPartOf\":{\"@id\":\"https:\/\/www.eliassen.nl\/de\/#website\"},\"primaryImageOfPage\":{\"@id\":\"https:\/\/www.eliassen.nl\/de\/dekokiesel-schwarz-grau-poliert-4-7cm-2kg-beste-auswahl-zum-bemalen\/#primaryimage\"},\"image\":{\"@id\":\"https:\/\/www.eliassen.nl\/de\/dekokiesel-schwarz-grau-poliert-4-7cm-2kg-beste-auswahl-zum-bemalen\/#primaryimage\"},\"thumbnailUrl\":\"https:\/\/www.eliassen.nl\/wp-content\/uploads\/2024\/01\/sierkeienzwartgrijsgepolijst47cm2kguitgesor.jpg\",\"datePublished\":\"2023-11-09T11:07:42+00:00\",\"dateModified\":\"2025-10-21T14:39:24+00:00\",\"description\":\"Sch\u00f6ne glatte Dekosteine zum Malen. Die Felsbrocken eignen sich am besten zum Malen, denn sie haben eine sehr glatte Oberfl\u00e4che und eine sch\u00f6ne Gr\u00f6\u00dfe.\",\"breadcrumb\":{\"@id\":\"https:\/\/www.eliassen.nl\/de\/dekokiesel-schwarz-grau-poliert-4-7cm-2kg-beste-auswahl-zum-bemalen\/#breadcrumb\"},\"inLanguage\":\"de\",\"potentialAction\":[{\"@type\":\"ReadAction\",\"target\":[\"https:\/\/www.eliassen.nl\/de\/dekokiesel-schwarz-grau-poliert-4-7cm-2kg-beste-auswahl-zum-bemalen\/\"]}]},{\"@type\":\"ImageObject\",\"inLanguage\":\"de\",\"@id\":\"https:\/\/www.eliassen.nl\/de\/dekokiesel-schwarz-grau-poliert-4-7cm-2kg-beste-auswahl-zum-bemalen\/#primaryimage\",\"url\":\"https:\/\/www.eliassen.nl\/wp-content\/uploads\/2024\/01\/sierkeienzwartgrijsgepolijst47cm2kguitgesor.jpg\",\"contentUrl\":\"https:\/\/www.eliassen.nl\/wp-content\/uploads\/2024\/01\/sierkeienzwartgrijsgepolijst47cm2kguitgesor.jpg\",\"width\":1536,\"height\":2048,\"caption\":\"Dekorative Findlinge schwarz-grau poliert 4-7cm 2kg unsortiert eliassen.nl 2\"},{\"@type\":\"BreadcrumbList\",\"@id\":\"https:\/\/www.eliassen.nl\/de\/dekokiesel-schwarz-grau-poliert-4-7cm-2kg-beste-auswahl-zum-bemalen\/#breadcrumb\",\"itemListElement\":[{\"@type\":\"ListItem\",\"position\":1,\"name\":\"Home\",\"item\":\"https:\/\/www.eliassen.nl\/de\/\"},{\"@type\":\"ListItem\",\"position\":2,\"name\":\"Shop\",\"item\":\"https:\/\/www.eliassen.nl\/de\/shop\/\"},{\"@type\":\"ListItem\",\"position\":3,\"name\":\"Weitere Artikel\",\"item\":\"https:\/\/www.eliassen.nl\/de\/weitere-artikel\/\"},{\"@type\":\"ListItem\",\"position\":4,\"name\":\"Dekorative Felsbrocken schwarz-grau poliert 4-7cm 2kg beste Auswahl f\u00fcr Malerei\"}]},{\"@type\":\"WebSite\",\"@id\":\"https:\/\/www.eliassen.nl\/de\/#website\",\"url\":\"https:\/\/www.eliassen.nl\/de\/\",\"name\":\"Eliassen Home & Garden Pleasure\",\"description\":\"\",\"publisher\":{\"@id\":\"https:\/\/www.eliassen.nl\/de\/#organization\"},\"alternateName\":\"Eliassen.nl\",\"potentialAction\":[{\"@type\":\"SearchAction\",\"target\":{\"@type\":\"EntryPoint\",\"urlTemplate\":\"https:\/\/www.eliassen.nl\/de\/?s={search_term_string}\"},\"query-input\":{\"@type\":\"PropertyValueSpecification\",\"valueRequired\":true,\"valueName\":\"search_term_string\"}}],\"inLanguage\":\"de\"},{\"@type\":[\"Organization\",\"Place\"],\"@id\":\"https:\/\/www.eliassen.nl\/de\/#organization\",\"name\":\"Eliassen Home & Garden Pleasure\",\"url\":\"https:\/\/www.eliassen.nl\/de\/\",\"logo\":{\"@id\":\"https:\/\/www.eliassen.nl\/de\/dekokiesel-schwarz-grau-poliert-4-7cm-2kg-beste-auswahl-zum-bemalen\/#local-main-organization-logo\"},\"image\":{\"@id\":\"https:\/\/www.eliassen.nl\/de\/dekokiesel-schwarz-grau-poliert-4-7cm-2kg-beste-auswahl-zum-bemalen\/#local-main-organization-logo\"},\"sameAs\":[\"https:\/\/www.facebook.com\/TuincentrumEliassenAmmerzoden\",\"https:\/\/www.instagram.com\/eliassenhomeandgarden\/\",\"https:\/\/nl.pinterest.com\/eliassenhomeandgarden\/\",\"https:\/\/www.youtube.com\/@eliassenhomegardenpleasure4558\"],\"telephone\":[],\"openingHoursSpecification\":[{\"@type\":\"OpeningHoursSpecification\",\"dayOfWeek\":[\"Monday\",\"Tuesday\",\"Wednesday\",\"Thursday\",\"Friday\",\"Saturday\",\"Sunday\"],\"opens\":\"09:00\",\"closes\":\"17:00\"}]},{\"@type\":\"ImageObject\",\"inLanguage\":\"de\",\"@id\":\"https:\/\/www.eliassen.nl\/de\/dekokiesel-schwarz-grau-poliert-4-7cm-2kg-beste-auswahl-zum-bemalen\/#local-main-organization-logo\",\"url\":\"https:\/\/www.eliassen.nl\/wp-content\/uploads\/2024\/01\/logo_4nd.jpg\",\"contentUrl\":\"https:\/\/www.eliassen.nl\/wp-content\/uploads\/2024\/01\/logo_4nd.jpg\",\"width\":500,\"height\":500,\"caption\":\"Eliassen Home & Garden Pleasure\"}]}<\/script>\n<meta property=\"product:price:amount\" content=\"8.00\" \/>\n<meta property=\"product:price:currency\" content=\"EUR\" \/>\n<meta property=\"og:availability\" content=\"instock\" \/>\n<meta property=\"product:availability\" content=\"instock\" \/>\n<meta property=\"product:retailer_item_id\" content=\"Sierkeipolijst4-7cm 2kg\" \/>\n<meta property=\"product:condition\" content=\"new\" \/>\n<!-- \/ Yoast SEO Premium plugin. -->","yoast_head_json":{"title":"Dekorative Felsbrocken schwarz-grau poliert 4-7cm 2kg sortiert","description":"Sch\u00f6ne glatte Dekosteine zum Malen. Die Felsbrocken eignen sich am besten zum Malen, denn sie haben eine sehr glatte Oberfl\u00e4che und eine sch\u00f6ne Gr\u00f6\u00dfe.","robots":{"index":"index","follow":"follow","max-snippet":"max-snippet:-1","max-image-preview":"max-image-preview:large","max-video-preview":"max-video-preview:-1"},"canonical":"https:\/\/www.eliassen.nl\/de\/dekokiesel-schwarz-grau-poliert-4-7cm-2kg-beste-auswahl-zum-bemalen\/","og_locale":"de_DE","og_type":"article","og_title":"Eliassen Dekorative Felsbrocken schwarz-grau poliert 4-7cm 2kg beste Auswahl f\u00fcr Malerei - Eliassen.nl","og_description":"Sch\u00f6ne glatte Dekosteine zum Malen. Die Felsbrocken eignen sich am besten zum Malen, denn sie haben eine sehr glatte Oberfl\u00e4che und eine sch\u00f6ne Gr\u00f6\u00dfe.","og_url":"https:\/\/www.eliassen.nl\/de\/dekokiesel-schwarz-grau-poliert-4-7cm-2kg-beste-auswahl-zum-bemalen\/","og_site_name":"Eliassen.nl","article_publisher":"https:\/\/www.facebook.com\/TuincentrumEliassenAmmerzoden","article_modified_time":"2025-10-21T14:39:24+00:00","og_image":[{"width":1536,"height":2048,"url":"https:\/\/www.eliassen.nl\/wp-content\/uploads\/2024\/01\/sierkeienzwartgrijsgepolijst47cm2kguitgesor.jpg","type":"image\/jpeg"}],"twitter_card":"summary_large_image","schema":{"@context":"https:\/\/schema.org","@graph":[{"@type":"WebPage","@id":"https:\/\/www.eliassen.nl\/de\/dekokiesel-schwarz-grau-poliert-4-7cm-2kg-beste-auswahl-zum-bemalen\/","url":"https:\/\/www.eliassen.nl\/de\/dekokiesel-schwarz-grau-poliert-4-7cm-2kg-beste-auswahl-zum-bemalen\/","name":"Dekorative Felsbrocken schwarz-grau poliert 4-7cm 2kg sortiert","isPartOf":{"@id":"https:\/\/www.eliassen.nl\/de\/#website"},"primaryImageOfPage":{"@id":"https:\/\/www.eliassen.nl\/de\/dekokiesel-schwarz-grau-poliert-4-7cm-2kg-beste-auswahl-zum-bemalen\/#primaryimage"},"image":{"@id":"https:\/\/www.eliassen.nl\/de\/dekokiesel-schwarz-grau-poliert-4-7cm-2kg-beste-auswahl-zum-bemalen\/#primaryimage"},"thumbnailUrl":"https:\/\/www.eliassen.nl\/wp-content\/uploads\/2024\/01\/sierkeienzwartgrijsgepolijst47cm2kguitgesor.jpg","datePublished":"2023-11-09T11:07:42+00:00","dateModified":"2025-10-21T14:39:24+00:00","description":"Sch\u00f6ne glatte Dekosteine zum Malen. Die Felsbrocken eignen sich am besten zum Malen, denn sie haben eine sehr glatte Oberfl\u00e4che und eine sch\u00f6ne Gr\u00f6\u00dfe.","breadcrumb":{"@id":"https:\/\/www.eliassen.nl\/de\/dekokiesel-schwarz-grau-poliert-4-7cm-2kg-beste-auswahl-zum-bemalen\/#breadcrumb"},"inLanguage":"de","potentialAction":[{"@type":"ReadAction","target":["https:\/\/www.eliassen.nl\/de\/dekokiesel-schwarz-grau-poliert-4-7cm-2kg-beste-auswahl-zum-bemalen\/"]}]},{"@type":"ImageObject","inLanguage":"de","@id":"https:\/\/www.eliassen.nl\/de\/dekokiesel-schwarz-grau-poliert-4-7cm-2kg-beste-auswahl-zum-bemalen\/#primaryimage","url":"https:\/\/www.eliassen.nl\/wp-content\/uploads\/2024\/01\/sierkeienzwartgrijsgepolijst47cm2kguitgesor.jpg","contentUrl":"https:\/\/www.eliassen.nl\/wp-content\/uploads\/2024\/01\/sierkeienzwartgrijsgepolijst47cm2kguitgesor.jpg","width":1536,"height":2048,"caption":"Dekorative Findlinge schwarz-grau poliert 4-7cm 2kg unsortiert eliassen.nl 2"},{"@type":"BreadcrumbList","@id":"https:\/\/www.eliassen.nl\/de\/dekokiesel-schwarz-grau-poliert-4-7cm-2kg-beste-auswahl-zum-bemalen\/#breadcrumb","itemListElement":[{"@type":"ListItem","position":1,"name":"Home","item":"https:\/\/www.eliassen.nl\/de\/"},{"@type":"ListItem","position":2,"name":"Shop","item":"https:\/\/www.eliassen.nl\/de\/shop\/"},{"@type":"ListItem","position":3,"name":"Weitere Artikel","item":"https:\/\/www.eliassen.nl\/de\/weitere-artikel\/"},{"@type":"ListItem","position":4,"name":"Dekorative Felsbrocken schwarz-grau poliert 4-7cm 2kg beste Auswahl f\u00fcr Malerei"}]},{"@type":"WebSite","@id":"https:\/\/www.eliassen.nl\/de\/#website","url":"https:\/\/www.eliassen.nl\/de\/","name":"Eliassen Home & Garden Pleasure","description":"","publisher":{"@id":"https:\/\/www.eliassen.nl\/de\/#organization"},"alternateName":"Eliassen.nl","potentialAction":[{"@type":"SearchAction","target":{"@type":"EntryPoint","urlTemplate":"https:\/\/www.eliassen.nl\/de\/?s={search_term_string}"},"query-input":{"@type":"PropertyValueSpecification","valueRequired":true,"valueName":"search_term_string"}}],"inLanguage":"de"},{"@type":["Organization","Place"],"@id":"https:\/\/www.eliassen.nl\/de\/#organization","name":"Eliassen Home & Garden Pleasure","url":"https:\/\/www.eliassen.nl\/de\/","logo":{"@id":"https:\/\/www.eliassen.nl\/de\/dekokiesel-schwarz-grau-poliert-4-7cm-2kg-beste-auswahl-zum-bemalen\/#local-main-organization-logo"},"image":{"@id":"https:\/\/www.eliassen.nl\/de\/dekokiesel-schwarz-grau-poliert-4-7cm-2kg-beste-auswahl-zum-bemalen\/#local-main-organization-logo"},"sameAs":["https:\/\/www.facebook.com\/TuincentrumEliassenAmmerzoden","https:\/\/www.instagram.com\/eliassenhomeandgarden\/","https:\/\/nl.pinterest.com\/eliassenhomeandgarden\/","https:\/\/www.youtube.com\/@eliassenhomegardenpleasure4558"],"telephone":[],"openingHoursSpecification":[{"@type":"OpeningHoursSpecification","dayOfWeek":["Monday","Tuesday","Wednesday","Thursday","Friday","Saturday","Sunday"],"opens":"09:00","closes":"17:00"}]},{"@type":"ImageObject","inLanguage":"de","@id":"https:\/\/www.eliassen.nl\/de\/dekokiesel-schwarz-grau-poliert-4-7cm-2kg-beste-auswahl-zum-bemalen\/#local-main-organization-logo","url":"https:\/\/www.eliassen.nl\/wp-content\/uploads\/2024\/01\/logo_4nd.jpg","contentUrl":"https:\/\/www.eliassen.nl\/wp-content\/uploads\/2024\/01\/logo_4nd.jpg","width":500,"height":500,"caption":"Eliassen Home & Garden Pleasure"}]},"product_price_amount":"8.00","product_price_currency":"EUR","og_availability":"instock","product_availability":"instock","product_retailer_item_id":"Sierkeipolijst4-7cm 2kg","product_condition":"new"},"df_price":8,"df_sale_price":"","df_regular_price":8,"df_image_link":"https:\/\/www.eliassen.nl\/wp-content\/uploads\/2024\/01\/sierkeienzwartgrijsgepolijst47cm2kguitgesor.jpg","image":"https:\/\/www.eliassen.nl\/wp-content\/uploads\/2024\/01\/sierkeienzwartgrijsgepolijst47cm2kguitgesor.jpg","price_search":"<span class=\"woocommerce-Price-amount amount\"><bdi><span class=\"woocommerce-Price-currencySymbol\">&euro;<\/span>&nbsp;8,00<\/bdi><\/span>","category":"Kieselsteine zum Bemalen","global_unique_id":"6096525861855","_links":{"self":[{"href":"https:\/\/www.eliassen.nl\/de\/wp-json\/wp\/v2\/product\/96547","targetHints":{"allow":["GET"]}}],"collection":[{"href":"https:\/\/www.eliassen.nl\/de\/wp-json\/wp\/v2\/product"}],"about":[{"href":"https:\/\/www.eliassen.nl\/de\/wp-json\/wp\/v2\/types\/product"}],"wp:featuredmedia":[{"embeddable":true,"href":"https:\/\/www.eliassen.nl\/de\/wp-json\/wp\/v2\/media\/96520"}],"wp:attachment":[{"href":"https:\/\/www.eliassen.nl\/de\/wp-json\/wp\/v2\/media?parent=96547"}],"wp:term":[{"taxonomy":"product_brand","embeddable":true,"href":"https:\/\/www.eliassen.nl\/de\/wp-json\/wp\/v2\/product_brand?post=96547"},{"taxonomy":"product_cat","embeddable":true,"href":"https:\/\/www.eliassen.nl\/de\/wp-json\/wp\/v2\/product_cat?post=96547"},{"taxonomy":"product_tag","embeddable":true,"href":"https:\/\/www.eliassen.nl\/de\/wp-json\/wp\/v2\/product_tag?post=96547"}],"curies":[{"name":"wp","href":"https:\/\/api.w.org\/{rel}","templated":true}]}}