{"id":96511,"date":"2023-11-03T13:32:24","date_gmt":"2023-11-03T13:32:24","guid":{"rendered":"https:\/\/www.eliassen.nl\/?product=varken-van-gietijzer-45cm-lang"},"modified":"2026-03-13T11:43:18","modified_gmt":"2026-03-13T10:43:18","slug":"gusseisenschwein-45cm-lang","status":"publish","type":"product","link":"https:\/\/www.eliassen.nl\/de\/gusseisenschwein-45cm-lang\/","title":{"rendered":"Schwein aus Gusseisen 45cm"},"content":{"rendered":"<p>Sie suchen nach einer nostalgischen Skulptur im zeitlosen Landhausstil, die nie kaputt geht? Dann k\u00f6nnte diese Skulptur aus massivem Gusseisen in Form eines Schweins etwas f\u00fcr Sie sein.<\/p>\n<p>Statuen aus Gusseisen sind sch\u00f6ne Objekte in jedem Garten, ob klassisch, modern oder l\u00e4ndlich, \u00fcberall werden diese Gartenornamente einen sch\u00f6nen Platz finden k\u00f6nnen.<\/p>\n<p>Diese Gusseisenstatue ist unbehandelt und daher rostig. Gusseisen ist eine Eisenart mit einem hohen Kohlenstoffgehalt. Gusseisen eignet sich hervorragend zum Gie\u00dfen und ist unzerst\u00f6rbar.<\/p>\n<p>Auf Gusseisen bildet sich eine Rostschicht. Dieser Rost ist gleichzeitig die Schutzschicht des Eisens, so dass es nicht weiter rosten kann. Diese Tatsache sorgt daf\u00fcr, dass gusseiserne Gegenst\u00e4nde Hunderte von Jahren halten.<\/p>\n<p>Auf Gusseisen k\u00f6nnen sich durch Witterungseinfl\u00fcsse und\/oder Regenwasser Flecken gebildet haben. Die gezeigten Bilder sind daher nur Beispiele.<\/p>\n<ul>\n<li>Gr\u00f6\u00dfe:45x16x22cm hoch<\/li>\n<li>Gewicht ca. 10kg<\/li>\n<li>H\u00fcten Sie sich vor Rostflecken im Garten<\/li>\n<li>Sehr viel von dieser Serie k\u00f6nnen Sie auch live in unserem Shop sehen!<\/li>\n<\/ul>\n","protected":false},"excerpt":{"rendered":"<p>Sch\u00f6nes gusseisernes Schwein von hoher Qualit\u00e4t.<\/p>\n","protected":false},"featured_media":96508,"template":"","meta":{"_acf_changed":false,"_genesis_title":"","_genesis_description":""},"product_brand":[7505],"product_cat":[1421,7239],"product_tag":[],"class_list":{"0":"post-96511","1":"product","2":"type-product","3":"status-publish","4":"has-post-thumbnail","6":"product_brand-sonstige","7":"product_cat-statuen-aus-gusseisen","8":"product_cat-bilder","10":"first","11":"outofstock","12":"taxable","13":"shipping-taxable","14":"purchasable","15":"product-type-simple"},"acf":[],"meta_all":{"total_sales":"0","wcml_sync_hash":{"postmeta_fields":"1a52a327f76a2f69b237a20f5de9b8c1"},"attr_label_translations":[],"cor_restricted_countries":[]},"meta_all_flat":{"total_sales":"0","wcml_sync_hash.postmeta_fields":"1a52a327f76a2f69b237a20f5de9b8c1"},"yoast_head":"<!-- This site is optimized with the Yoast SEO Premium plugin v26.2 (Yoast SEO v27.2) - https:\/\/yoast.com\/product\/yoast-seo-premium-wordpress\/ -->\n<title>Schwein aus Gusseisen 45cm lang - Eliassen.nl<\/title>\n<meta name=\"description\" content=\"Sch\u00f6ne gusseiserne Statue eines Schweins von hoher Qualit\u00e4t. Praktisch alles in dieser Serie k\u00f6nnen Sie auch live sehen! Schnelle Lieferung.\" \/>\n<meta name=\"robots\" content=\"index, follow, max-snippet:-1, max-image-preview:large, max-video-preview:-1\" \/>\n<link rel=\"canonical\" href=\"https:\/\/www.eliassen.nl\/de\/gusseisenschwein-45cm-lang\/\" \/>\n<meta property=\"og:locale\" content=\"de_DE\" \/>\n<meta property=\"og:type\" content=\"article\" \/>\n<meta property=\"og:title\" content=\"Sonstige Schwein aus Gusseisen 45cm - Eliassen.nl\" \/>\n<meta property=\"og:description\" content=\"Sch\u00f6ne gusseiserne Statue eines Schweins von hoher Qualit\u00e4t. Praktisch alles in dieser Serie k\u00f6nnen Sie auch live sehen! Schnelle Lieferung.\" \/>\n<meta property=\"og:url\" content=\"https:\/\/www.eliassen.nl\/de\/gusseisenschwein-45cm-lang\/\" \/>\n<meta property=\"og:site_name\" content=\"Eliassen.nl\" \/>\n<meta property=\"article:publisher\" content=\"https:\/\/www.facebook.com\/TuincentrumEliassenAmmerzoden\" \/>\n<meta property=\"article:modified_time\" content=\"2026-03-13T10:43:18+00:00\" \/>\n<meta property=\"og:image\" content=\"https:\/\/www.eliassen.nl\/wp-content\/uploads\/2024\/01\/varkengietijzereliasseng161.jpg\" \/>\n\t<meta property=\"og:image:width\" content=\"576\" \/>\n\t<meta property=\"og:image:height\" content=\"768\" \/>\n\t<meta property=\"og:image:type\" content=\"image\/jpeg\" \/>\n<meta name=\"twitter:card\" content=\"summary_large_image\" \/>\n<script type=\"application\/ld+json\" class=\"yoast-schema-graph\">{\"@context\":\"https:\/\/schema.org\",\"@graph\":[{\"@type\":\"WebPage\",\"@id\":\"https:\/\/www.eliassen.nl\/de\/gusseisenschwein-45cm-lang\/\",\"url\":\"https:\/\/www.eliassen.nl\/de\/gusseisenschwein-45cm-lang\/\",\"name\":\"Schwein aus Gusseisen 45cm lang - Eliassen.nl\",\"isPartOf\":{\"@id\":\"https:\/\/www.eliassen.nl\/de\/#website\"},\"primaryImageOfPage\":{\"@id\":\"https:\/\/www.eliassen.nl\/de\/gusseisenschwein-45cm-lang\/#primaryimage\"},\"image\":{\"@id\":\"https:\/\/www.eliassen.nl\/de\/gusseisenschwein-45cm-lang\/#primaryimage\"},\"thumbnailUrl\":\"https:\/\/www.eliassen.nl\/wp-content\/uploads\/2024\/01\/varkengietijzereliasseng161.jpg\",\"datePublished\":\"2023-11-03T13:32:24+00:00\",\"dateModified\":\"2026-03-13T10:43:18+00:00\",\"description\":\"Sch\u00f6ne gusseiserne Statue eines Schweins von hoher Qualit\u00e4t. Praktisch alles in dieser Serie k\u00f6nnen Sie auch live sehen! Schnelle Lieferung.\",\"breadcrumb\":{\"@id\":\"https:\/\/www.eliassen.nl\/de\/gusseisenschwein-45cm-lang\/#breadcrumb\"},\"inLanguage\":\"de\",\"potentialAction\":[{\"@type\":\"ReadAction\",\"target\":[\"https:\/\/www.eliassen.nl\/de\/gusseisenschwein-45cm-lang\/\"]}]},{\"@type\":\"ImageObject\",\"inLanguage\":\"de\",\"@id\":\"https:\/\/www.eliassen.nl\/de\/gusseisenschwein-45cm-lang\/#primaryimage\",\"url\":\"https:\/\/www.eliassen.nl\/wp-content\/uploads\/2024\/01\/varkengietijzereliasseng161.jpg\",\"contentUrl\":\"https:\/\/www.eliassen.nl\/wp-content\/uploads\/2024\/01\/varkengietijzereliasseng161.jpg\",\"width\":576,\"height\":768,\"caption\":\"Roheisen Eliassen G161\"},{\"@type\":\"BreadcrumbList\",\"@id\":\"https:\/\/www.eliassen.nl\/de\/gusseisenschwein-45cm-lang\/#breadcrumb\",\"itemListElement\":[{\"@type\":\"ListItem\",\"position\":1,\"name\":\"Home\",\"item\":\"https:\/\/www.eliassen.nl\/de\/\"},{\"@type\":\"ListItem\",\"position\":2,\"name\":\"Shop\",\"item\":\"https:\/\/www.eliassen.nl\/de\/shop\/\"},{\"@type\":\"ListItem\",\"position\":3,\"name\":\"Bilder\",\"item\":\"https:\/\/www.eliassen.nl\/de\/bilder\/\"},{\"@type\":\"ListItem\",\"position\":4,\"name\":\"Statuen aus Gusseisen\",\"item\":\"https:\/\/www.eliassen.nl\/de\/bilder\/statuen-aus-gusseisen\/\"},{\"@type\":\"ListItem\",\"position\":5,\"name\":\"Schwein aus Gusseisen 45cm\"}]},{\"@type\":\"WebSite\",\"@id\":\"https:\/\/www.eliassen.nl\/de\/#website\",\"url\":\"https:\/\/www.eliassen.nl\/de\/\",\"name\":\"Eliassen Home & Garden Pleasure\",\"description\":\"\",\"publisher\":{\"@id\":\"https:\/\/www.eliassen.nl\/de\/#organization\"},\"alternateName\":\"Eliassen.nl\",\"potentialAction\":[{\"@type\":\"SearchAction\",\"target\":{\"@type\":\"EntryPoint\",\"urlTemplate\":\"https:\/\/www.eliassen.nl\/de\/?s={search_term_string}\"},\"query-input\":{\"@type\":\"PropertyValueSpecification\",\"valueRequired\":true,\"valueName\":\"search_term_string\"}}],\"inLanguage\":\"de\"},{\"@type\":[\"Organization\",\"Place\"],\"@id\":\"https:\/\/www.eliassen.nl\/de\/#organization\",\"name\":\"Eliassen Home & Garden Pleasure\",\"url\":\"https:\/\/www.eliassen.nl\/de\/\",\"logo\":{\"@id\":\"https:\/\/www.eliassen.nl\/de\/gusseisenschwein-45cm-lang\/#local-main-organization-logo\"},\"image\":{\"@id\":\"https:\/\/www.eliassen.nl\/de\/gusseisenschwein-45cm-lang\/#local-main-organization-logo\"},\"sameAs\":[\"https:\/\/www.facebook.com\/TuincentrumEliassenAmmerzoden\",\"https:\/\/www.instagram.com\/eliassenhomeandgarden\/\",\"https:\/\/nl.pinterest.com\/eliassenhomeandgarden\/\",\"https:\/\/www.youtube.com\/@eliassenhomegardenpleasure4558\"],\"telephone\":[],\"openingHoursSpecification\":[{\"@type\":\"OpeningHoursSpecification\",\"dayOfWeek\":[\"Monday\",\"Tuesday\",\"Wednesday\",\"Thursday\",\"Friday\",\"Saturday\",\"Sunday\"],\"opens\":\"09:00\",\"closes\":\"17:00\"}]},{\"@type\":\"ImageObject\",\"inLanguage\":\"de\",\"@id\":\"https:\/\/www.eliassen.nl\/de\/gusseisenschwein-45cm-lang\/#local-main-organization-logo\",\"url\":\"https:\/\/www.eliassen.nl\/wp-content\/uploads\/2024\/01\/logo_4nd.jpg\",\"contentUrl\":\"https:\/\/www.eliassen.nl\/wp-content\/uploads\/2024\/01\/logo_4nd.jpg\",\"width\":500,\"height\":500,\"caption\":\"Eliassen Home & Garden Pleasure\"}]}<\/script>\n<meta property=\"product:price:amount\" content=\"119.00\" \/>\n<meta property=\"product:price:currency\" content=\"EUR\" \/>\n<meta property=\"og:availability\" content=\"out of stock\" \/>\n<meta property=\"product:availability\" content=\"out of stock\" \/>\n<meta property=\"product:retailer_item_id\" content=\"G161\" \/>\n<meta property=\"product:condition\" content=\"new\" \/>\n<!-- \/ Yoast SEO Premium plugin. -->","yoast_head_json":{"title":"Schwein aus Gusseisen 45cm lang - Eliassen.nl","description":"Sch\u00f6ne gusseiserne Statue eines Schweins von hoher Qualit\u00e4t. Praktisch alles in dieser Serie k\u00f6nnen Sie auch live sehen! Schnelle Lieferung.","robots":{"index":"index","follow":"follow","max-snippet":"max-snippet:-1","max-image-preview":"max-image-preview:large","max-video-preview":"max-video-preview:-1"},"canonical":"https:\/\/www.eliassen.nl\/de\/gusseisenschwein-45cm-lang\/","og_locale":"de_DE","og_type":"article","og_title":"Sonstige Schwein aus Gusseisen 45cm - Eliassen.nl","og_description":"Sch\u00f6ne gusseiserne Statue eines Schweins von hoher Qualit\u00e4t. Praktisch alles in dieser Serie k\u00f6nnen Sie auch live sehen! Schnelle Lieferung.","og_url":"https:\/\/www.eliassen.nl\/de\/gusseisenschwein-45cm-lang\/","og_site_name":"Eliassen.nl","article_publisher":"https:\/\/www.facebook.com\/TuincentrumEliassenAmmerzoden","article_modified_time":"2026-03-13T10:43:18+00:00","og_image":[{"width":576,"height":768,"url":"https:\/\/www.eliassen.nl\/wp-content\/uploads\/2024\/01\/varkengietijzereliasseng161.jpg","type":"image\/jpeg"}],"twitter_card":"summary_large_image","schema":{"@context":"https:\/\/schema.org","@graph":[{"@type":"WebPage","@id":"https:\/\/www.eliassen.nl\/de\/gusseisenschwein-45cm-lang\/","url":"https:\/\/www.eliassen.nl\/de\/gusseisenschwein-45cm-lang\/","name":"Schwein aus Gusseisen 45cm lang - Eliassen.nl","isPartOf":{"@id":"https:\/\/www.eliassen.nl\/de\/#website"},"primaryImageOfPage":{"@id":"https:\/\/www.eliassen.nl\/de\/gusseisenschwein-45cm-lang\/#primaryimage"},"image":{"@id":"https:\/\/www.eliassen.nl\/de\/gusseisenschwein-45cm-lang\/#primaryimage"},"thumbnailUrl":"https:\/\/www.eliassen.nl\/wp-content\/uploads\/2024\/01\/varkengietijzereliasseng161.jpg","datePublished":"2023-11-03T13:32:24+00:00","dateModified":"2026-03-13T10:43:18+00:00","description":"Sch\u00f6ne gusseiserne Statue eines Schweins von hoher Qualit\u00e4t. Praktisch alles in dieser Serie k\u00f6nnen Sie auch live sehen! Schnelle Lieferung.","breadcrumb":{"@id":"https:\/\/www.eliassen.nl\/de\/gusseisenschwein-45cm-lang\/#breadcrumb"},"inLanguage":"de","potentialAction":[{"@type":"ReadAction","target":["https:\/\/www.eliassen.nl\/de\/gusseisenschwein-45cm-lang\/"]}]},{"@type":"ImageObject","inLanguage":"de","@id":"https:\/\/www.eliassen.nl\/de\/gusseisenschwein-45cm-lang\/#primaryimage","url":"https:\/\/www.eliassen.nl\/wp-content\/uploads\/2024\/01\/varkengietijzereliasseng161.jpg","contentUrl":"https:\/\/www.eliassen.nl\/wp-content\/uploads\/2024\/01\/varkengietijzereliasseng161.jpg","width":576,"height":768,"caption":"Roheisen Eliassen G161"},{"@type":"BreadcrumbList","@id":"https:\/\/www.eliassen.nl\/de\/gusseisenschwein-45cm-lang\/#breadcrumb","itemListElement":[{"@type":"ListItem","position":1,"name":"Home","item":"https:\/\/www.eliassen.nl\/de\/"},{"@type":"ListItem","position":2,"name":"Shop","item":"https:\/\/www.eliassen.nl\/de\/shop\/"},{"@type":"ListItem","position":3,"name":"Bilder","item":"https:\/\/www.eliassen.nl\/de\/bilder\/"},{"@type":"ListItem","position":4,"name":"Statuen aus Gusseisen","item":"https:\/\/www.eliassen.nl\/de\/bilder\/statuen-aus-gusseisen\/"},{"@type":"ListItem","position":5,"name":"Schwein aus Gusseisen 45cm"}]},{"@type":"WebSite","@id":"https:\/\/www.eliassen.nl\/de\/#website","url":"https:\/\/www.eliassen.nl\/de\/","name":"Eliassen Home & Garden Pleasure","description":"","publisher":{"@id":"https:\/\/www.eliassen.nl\/de\/#organization"},"alternateName":"Eliassen.nl","potentialAction":[{"@type":"SearchAction","target":{"@type":"EntryPoint","urlTemplate":"https:\/\/www.eliassen.nl\/de\/?s={search_term_string}"},"query-input":{"@type":"PropertyValueSpecification","valueRequired":true,"valueName":"search_term_string"}}],"inLanguage":"de"},{"@type":["Organization","Place"],"@id":"https:\/\/www.eliassen.nl\/de\/#organization","name":"Eliassen Home & Garden Pleasure","url":"https:\/\/www.eliassen.nl\/de\/","logo":{"@id":"https:\/\/www.eliassen.nl\/de\/gusseisenschwein-45cm-lang\/#local-main-organization-logo"},"image":{"@id":"https:\/\/www.eliassen.nl\/de\/gusseisenschwein-45cm-lang\/#local-main-organization-logo"},"sameAs":["https:\/\/www.facebook.com\/TuincentrumEliassenAmmerzoden","https:\/\/www.instagram.com\/eliassenhomeandgarden\/","https:\/\/nl.pinterest.com\/eliassenhomeandgarden\/","https:\/\/www.youtube.com\/@eliassenhomegardenpleasure4558"],"telephone":[],"openingHoursSpecification":[{"@type":"OpeningHoursSpecification","dayOfWeek":["Monday","Tuesday","Wednesday","Thursday","Friday","Saturday","Sunday"],"opens":"09:00","closes":"17:00"}]},{"@type":"ImageObject","inLanguage":"de","@id":"https:\/\/www.eliassen.nl\/de\/gusseisenschwein-45cm-lang\/#local-main-organization-logo","url":"https:\/\/www.eliassen.nl\/wp-content\/uploads\/2024\/01\/logo_4nd.jpg","contentUrl":"https:\/\/www.eliassen.nl\/wp-content\/uploads\/2024\/01\/logo_4nd.jpg","width":500,"height":500,"caption":"Eliassen Home & Garden Pleasure"}]},"product_price_amount":"119.00","product_price_currency":"EUR","og_availability":"out of stock","product_availability":"out of stock","product_retailer_item_id":"G161","product_condition":"new"},"df_price":119,"df_sale_price":"","df_regular_price":119,"df_image_link":"https:\/\/www.eliassen.nl\/wp-content\/uploads\/2024\/01\/varkengietijzereliasseng161.jpg","image":"https:\/\/www.eliassen.nl\/wp-content\/uploads\/2024\/01\/varkengietijzereliasseng161.jpg","price_search":"<span class=\"woocommerce-Price-amount amount\"><bdi><span class=\"woocommerce-Price-currencySymbol\">&euro;<\/span>&nbsp;119,00<\/bdi><\/span>","category":"Statuen aus Gusseisen","global_unique_id":"6096522741792","_links":{"self":[{"href":"https:\/\/www.eliassen.nl\/de\/wp-json\/wp\/v2\/product\/96511","targetHints":{"allow":["GET"]}}],"collection":[{"href":"https:\/\/www.eliassen.nl\/de\/wp-json\/wp\/v2\/product"}],"about":[{"href":"https:\/\/www.eliassen.nl\/de\/wp-json\/wp\/v2\/types\/product"}],"wp:featuredmedia":[{"embeddable":true,"href":"https:\/\/www.eliassen.nl\/de\/wp-json\/wp\/v2\/media\/96508"}],"wp:attachment":[{"href":"https:\/\/www.eliassen.nl\/de\/wp-json\/wp\/v2\/media?parent=96511"}],"wp:term":[{"taxonomy":"product_brand","embeddable":true,"href":"https:\/\/www.eliassen.nl\/de\/wp-json\/wp\/v2\/product_brand?post=96511"},{"taxonomy":"product_cat","embeddable":true,"href":"https:\/\/www.eliassen.nl\/de\/wp-json\/wp\/v2\/product_cat?post=96511"},{"taxonomy":"product_tag","embeddable":true,"href":"https:\/\/www.eliassen.nl\/de\/wp-json\/wp\/v2\/product_tag?post=96511"}],"curies":[{"name":"wp","href":"https:\/\/api.w.org\/{rel}","templated":true}]}}