{"id":96463,"date":"2023-11-02T20:16:54","date_gmt":"2023-11-02T20:16:54","guid":{"rendered":"https:\/\/www.eliassen.nl\/?product=elfje-hand-aan-elleboog-gietijzer-26cm"},"modified":"2026-03-13T12:07:09","modified_gmt":"2026-03-13T11:07:09","slug":"elfenhand-zum-ellenbogen-aus-gusseisen-26-cm","status":"publish","type":"product","link":"https:\/\/www.eliassen.nl\/de\/elfenhand-zum-ellenbogen-aus-gusseisen-26-cm\/","title":{"rendered":"Elf Hand zu Ellenbogen Gusseisen 26cm"},"content":{"rendered":"<p>Sie suchen nach einer nostalgischen Skulptur im zeitlosen Landhausstil, die nie kaputt geht? Dann k\u00f6nnte diese Statue aus massivem Gusseisen in Form einer sitzenden Elfe etwas f\u00fcr Sie sein.<\/p>\n<p>Statuen aus Gusseisen sind sch\u00f6ne Objekte in jedem Garten, ob klassisch, modern oder l\u00e4ndlich, \u00fcberall werden diese Gartenornamente einen sch\u00f6nen Platz finden k\u00f6nnen.<\/p>\n<p>Diese Gusseisenstatue ist unbehandelt und daher rostig. Gusseisen ist eine Eisenart mit einem hohen Kohlenstoffgehalt. Gusseisen eignet sich hervorragend zum Gie\u00dfen und ist unzerst\u00f6rbar.<\/p>\n<p>Auf Gusseisen bildet sich eine Rostschicht. Dieser Rost ist gleichzeitig die Schutzschicht des Eisens, so dass es nicht weiter rosten kann. Diese Tatsache sorgt daf\u00fcr, dass gusseiserne Gegenst\u00e4nde Hunderte von Jahren halten.<\/p>\n<p>Auf Gusseisen k\u00f6nnen sich durch Witterungseinfl\u00fcsse und\/oder Regenwasser Flecken gebildet haben. Die gezeigten Bilder sind daher nur Beispiele.<\/p>\n<ul>\n<li>Gr\u00f6\u00dfe:20.5&#215;16.5x25cm hoch<\/li>\n<li>Gewicht ca. 8kg<\/li>\n<li>H\u00fcten Sie sich vor Rostflecken im Garten<\/li>\n<li>Sehr viel von dieser Serie k\u00f6nnen Sie auch live in unserem Shop sehen!<\/li>\n<\/ul>\n","protected":false},"excerpt":{"rendered":"<p>Sch\u00f6ne gusseiserne Elfe von hoher Qualit\u00e4t.<\/p>\n","protected":false},"featured_media":96460,"template":"","meta":{"_acf_changed":false,"_genesis_title":"","_genesis_description":""},"product_brand":[7505],"product_cat":[1421,7239],"product_tag":[],"class_list":{"0":"post-96463","1":"product","2":"type-product","3":"status-publish","4":"has-post-thumbnail","6":"product_brand-sonstige","7":"product_cat-statuen-aus-gusseisen","8":"product_cat-bilder","10":"first","11":"instock","12":"taxable","13":"shipping-taxable","14":"purchasable","15":"product-type-simple"},"acf":[],"meta_all":{"total_sales":"0","wcml_sync_hash":{"postmeta_fields":"22b9a12cc37708af117bad206f244223"},"attr_label_translations":[],"cor_restricted_countries":[]},"meta_all_flat":{"total_sales":"0","wcml_sync_hash.postmeta_fields":"22b9a12cc37708af117bad206f244223"},"yoast_head":"<!-- This site is optimized with the Yoast SEO Premium plugin v26.2 (Yoast SEO v27.2) - https:\/\/yoast.com\/product\/yoast-seo-premium-wordpress\/ -->\n<title>Elf Hand zu Ellbogen Gusseisen 26cm - Eliassen.nl<\/title>\n<meta name=\"description\" content=\"Sch\u00f6ne gusseiserne Statue einer sitzenden Elfe von hoher Qualit\u00e4t. Praktisch alles in dieser Serie k\u00f6nnen Sie auch live sehen! Schnelle Lieferung.\" \/>\n<meta name=\"robots\" content=\"index, follow, max-snippet:-1, max-image-preview:large, max-video-preview:-1\" \/>\n<link rel=\"canonical\" href=\"https:\/\/www.eliassen.nl\/de\/elfenhand-zum-ellenbogen-aus-gusseisen-26-cm\/\" \/>\n<meta property=\"og:locale\" content=\"de_DE\" \/>\n<meta property=\"og:type\" content=\"article\" \/>\n<meta property=\"og:title\" content=\"Sonstige Elf Hand zu Ellenbogen Gusseisen 26cm - Eliassen.nl\" \/>\n<meta property=\"og:description\" content=\"Sch\u00f6ne gusseiserne Statue einer sitzenden Elfe von hoher Qualit\u00e4t. Praktisch alles in dieser Serie k\u00f6nnen Sie auch live sehen! Schnelle Lieferung.\" \/>\n<meta property=\"og:url\" content=\"https:\/\/www.eliassen.nl\/de\/elfenhand-zum-ellenbogen-aus-gusseisen-26-cm\/\" \/>\n<meta property=\"og:site_name\" content=\"Eliassen.nl\" \/>\n<meta property=\"article:publisher\" content=\"https:\/\/www.facebook.com\/TuincentrumEliassenAmmerzoden\" \/>\n<meta property=\"article:modified_time\" content=\"2026-03-13T11:07:09+00:00\" \/>\n<meta property=\"og:image\" content=\"https:\/\/www.eliassen.nl\/wp-content\/uploads\/2024\/01\/feeopknieengietijzereliassenci1005.jpg\" \/>\n\t<meta property=\"og:image:width\" content=\"900\" \/>\n\t<meta property=\"og:image:height\" content=\"900\" \/>\n\t<meta property=\"og:image:type\" content=\"image\/jpeg\" \/>\n<meta name=\"twitter:card\" content=\"summary_large_image\" \/>\n<script type=\"application\/ld+json\" class=\"yoast-schema-graph\">{\"@context\":\"https:\/\/schema.org\",\"@graph\":[{\"@type\":\"WebPage\",\"@id\":\"https:\/\/www.eliassen.nl\/de\/elfenhand-zum-ellenbogen-aus-gusseisen-26-cm\/\",\"url\":\"https:\/\/www.eliassen.nl\/de\/elfenhand-zum-ellenbogen-aus-gusseisen-26-cm\/\",\"name\":\"Elf Hand zu Ellbogen Gusseisen 26cm - Eliassen.nl\",\"isPartOf\":{\"@id\":\"https:\/\/www.eliassen.nl\/de\/#website\"},\"primaryImageOfPage\":{\"@id\":\"https:\/\/www.eliassen.nl\/de\/elfenhand-zum-ellenbogen-aus-gusseisen-26-cm\/#primaryimage\"},\"image\":{\"@id\":\"https:\/\/www.eliassen.nl\/de\/elfenhand-zum-ellenbogen-aus-gusseisen-26-cm\/#primaryimage\"},\"thumbnailUrl\":\"https:\/\/www.eliassen.nl\/wp-content\/uploads\/2024\/01\/feeopknieengietijzereliassenci1005.jpg\",\"datePublished\":\"2023-11-02T20:16:54+00:00\",\"dateModified\":\"2026-03-13T11:07:09+00:00\",\"description\":\"Sch\u00f6ne gusseiserne Statue einer sitzenden Elfe von hoher Qualit\u00e4t. Praktisch alles in dieser Serie k\u00f6nnen Sie auch live sehen! Schnelle Lieferung.\",\"breadcrumb\":{\"@id\":\"https:\/\/www.eliassen.nl\/de\/elfenhand-zum-ellenbogen-aus-gusseisen-26-cm\/#breadcrumb\"},\"inLanguage\":\"de\",\"potentialAction\":[{\"@type\":\"ReadAction\",\"target\":[\"https:\/\/www.eliassen.nl\/de\/elfenhand-zum-ellenbogen-aus-gusseisen-26-cm\/\"]}]},{\"@type\":\"ImageObject\",\"inLanguage\":\"de\",\"@id\":\"https:\/\/www.eliassen.nl\/de\/elfenhand-zum-ellenbogen-aus-gusseisen-26-cm\/#primaryimage\",\"url\":\"https:\/\/www.eliassen.nl\/wp-content\/uploads\/2024\/01\/feeopknieengietijzereliassenci1005.jpg\",\"contentUrl\":\"https:\/\/www.eliassen.nl\/wp-content\/uploads\/2024\/01\/feeopknieengietijzereliassenci1005.jpg\",\"width\":900,\"height\":900,\"caption\":\"Fee auf Knien Gusseisen eliassen CI1005\"},{\"@type\":\"BreadcrumbList\",\"@id\":\"https:\/\/www.eliassen.nl\/de\/elfenhand-zum-ellenbogen-aus-gusseisen-26-cm\/#breadcrumb\",\"itemListElement\":[{\"@type\":\"ListItem\",\"position\":1,\"name\":\"Home\",\"item\":\"https:\/\/www.eliassen.nl\/de\/\"},{\"@type\":\"ListItem\",\"position\":2,\"name\":\"Shop\",\"item\":\"https:\/\/www.eliassen.nl\/de\/shop\/\"},{\"@type\":\"ListItem\",\"position\":3,\"name\":\"Bilder\",\"item\":\"https:\/\/www.eliassen.nl\/de\/bilder\/\"},{\"@type\":\"ListItem\",\"position\":4,\"name\":\"Statuen aus Gusseisen\",\"item\":\"https:\/\/www.eliassen.nl\/de\/bilder\/statuen-aus-gusseisen\/\"},{\"@type\":\"ListItem\",\"position\":5,\"name\":\"Elf Hand zu Ellenbogen Gusseisen 26cm\"}]},{\"@type\":\"WebSite\",\"@id\":\"https:\/\/www.eliassen.nl\/de\/#website\",\"url\":\"https:\/\/www.eliassen.nl\/de\/\",\"name\":\"Eliassen Home & Garden Pleasure\",\"description\":\"\",\"publisher\":{\"@id\":\"https:\/\/www.eliassen.nl\/de\/#organization\"},\"alternateName\":\"Eliassen.nl\",\"potentialAction\":[{\"@type\":\"SearchAction\",\"target\":{\"@type\":\"EntryPoint\",\"urlTemplate\":\"https:\/\/www.eliassen.nl\/de\/?s={search_term_string}\"},\"query-input\":{\"@type\":\"PropertyValueSpecification\",\"valueRequired\":true,\"valueName\":\"search_term_string\"}}],\"inLanguage\":\"de\"},{\"@type\":[\"Organization\",\"Place\"],\"@id\":\"https:\/\/www.eliassen.nl\/de\/#organization\",\"name\":\"Eliassen Home & Garden Pleasure\",\"url\":\"https:\/\/www.eliassen.nl\/de\/\",\"logo\":{\"@id\":\"https:\/\/www.eliassen.nl\/de\/elfenhand-zum-ellenbogen-aus-gusseisen-26-cm\/#local-main-organization-logo\"},\"image\":{\"@id\":\"https:\/\/www.eliassen.nl\/de\/elfenhand-zum-ellenbogen-aus-gusseisen-26-cm\/#local-main-organization-logo\"},\"sameAs\":[\"https:\/\/www.facebook.com\/TuincentrumEliassenAmmerzoden\",\"https:\/\/www.instagram.com\/eliassenhomeandgarden\/\",\"https:\/\/nl.pinterest.com\/eliassenhomeandgarden\/\",\"https:\/\/www.youtube.com\/@eliassenhomegardenpleasure4558\"],\"telephone\":[],\"openingHoursSpecification\":[{\"@type\":\"OpeningHoursSpecification\",\"dayOfWeek\":[\"Monday\",\"Tuesday\",\"Wednesday\",\"Thursday\",\"Friday\",\"Saturday\",\"Sunday\"],\"opens\":\"09:00\",\"closes\":\"17:00\"}]},{\"@type\":\"ImageObject\",\"inLanguage\":\"de\",\"@id\":\"https:\/\/www.eliassen.nl\/de\/elfenhand-zum-ellenbogen-aus-gusseisen-26-cm\/#local-main-organization-logo\",\"url\":\"https:\/\/www.eliassen.nl\/wp-content\/uploads\/2024\/01\/logo_4nd.jpg\",\"contentUrl\":\"https:\/\/www.eliassen.nl\/wp-content\/uploads\/2024\/01\/logo_4nd.jpg\",\"width\":500,\"height\":500,\"caption\":\"Eliassen Home & Garden Pleasure\"}]}<\/script>\n<meta property=\"product:price:amount\" content=\"99.00\" \/>\n<meta property=\"product:price:currency\" content=\"EUR\" \/>\n<meta property=\"og:availability\" content=\"instock\" \/>\n<meta property=\"product:availability\" content=\"instock\" \/>\n<meta property=\"product:retailer_item_id\" content=\"Cl1005\" \/>\n<meta property=\"product:condition\" content=\"new\" \/>\n<!-- \/ Yoast SEO Premium plugin. -->","yoast_head_json":{"title":"Elf Hand zu Ellbogen Gusseisen 26cm - Eliassen.nl","description":"Sch\u00f6ne gusseiserne Statue einer sitzenden Elfe von hoher Qualit\u00e4t. Praktisch alles in dieser Serie k\u00f6nnen Sie auch live sehen! Schnelle Lieferung.","robots":{"index":"index","follow":"follow","max-snippet":"max-snippet:-1","max-image-preview":"max-image-preview:large","max-video-preview":"max-video-preview:-1"},"canonical":"https:\/\/www.eliassen.nl\/de\/elfenhand-zum-ellenbogen-aus-gusseisen-26-cm\/","og_locale":"de_DE","og_type":"article","og_title":"Sonstige Elf Hand zu Ellenbogen Gusseisen 26cm - Eliassen.nl","og_description":"Sch\u00f6ne gusseiserne Statue einer sitzenden Elfe von hoher Qualit\u00e4t. Praktisch alles in dieser Serie k\u00f6nnen Sie auch live sehen! Schnelle Lieferung.","og_url":"https:\/\/www.eliassen.nl\/de\/elfenhand-zum-ellenbogen-aus-gusseisen-26-cm\/","og_site_name":"Eliassen.nl","article_publisher":"https:\/\/www.facebook.com\/TuincentrumEliassenAmmerzoden","article_modified_time":"2026-03-13T11:07:09+00:00","og_image":[{"width":900,"height":900,"url":"https:\/\/www.eliassen.nl\/wp-content\/uploads\/2024\/01\/feeopknieengietijzereliassenci1005.jpg","type":"image\/jpeg"}],"twitter_card":"summary_large_image","schema":{"@context":"https:\/\/schema.org","@graph":[{"@type":"WebPage","@id":"https:\/\/www.eliassen.nl\/de\/elfenhand-zum-ellenbogen-aus-gusseisen-26-cm\/","url":"https:\/\/www.eliassen.nl\/de\/elfenhand-zum-ellenbogen-aus-gusseisen-26-cm\/","name":"Elf Hand zu Ellbogen Gusseisen 26cm - Eliassen.nl","isPartOf":{"@id":"https:\/\/www.eliassen.nl\/de\/#website"},"primaryImageOfPage":{"@id":"https:\/\/www.eliassen.nl\/de\/elfenhand-zum-ellenbogen-aus-gusseisen-26-cm\/#primaryimage"},"image":{"@id":"https:\/\/www.eliassen.nl\/de\/elfenhand-zum-ellenbogen-aus-gusseisen-26-cm\/#primaryimage"},"thumbnailUrl":"https:\/\/www.eliassen.nl\/wp-content\/uploads\/2024\/01\/feeopknieengietijzereliassenci1005.jpg","datePublished":"2023-11-02T20:16:54+00:00","dateModified":"2026-03-13T11:07:09+00:00","description":"Sch\u00f6ne gusseiserne Statue einer sitzenden Elfe von hoher Qualit\u00e4t. Praktisch alles in dieser Serie k\u00f6nnen Sie auch live sehen! Schnelle Lieferung.","breadcrumb":{"@id":"https:\/\/www.eliassen.nl\/de\/elfenhand-zum-ellenbogen-aus-gusseisen-26-cm\/#breadcrumb"},"inLanguage":"de","potentialAction":[{"@type":"ReadAction","target":["https:\/\/www.eliassen.nl\/de\/elfenhand-zum-ellenbogen-aus-gusseisen-26-cm\/"]}]},{"@type":"ImageObject","inLanguage":"de","@id":"https:\/\/www.eliassen.nl\/de\/elfenhand-zum-ellenbogen-aus-gusseisen-26-cm\/#primaryimage","url":"https:\/\/www.eliassen.nl\/wp-content\/uploads\/2024\/01\/feeopknieengietijzereliassenci1005.jpg","contentUrl":"https:\/\/www.eliassen.nl\/wp-content\/uploads\/2024\/01\/feeopknieengietijzereliassenci1005.jpg","width":900,"height":900,"caption":"Fee auf Knien Gusseisen eliassen CI1005"},{"@type":"BreadcrumbList","@id":"https:\/\/www.eliassen.nl\/de\/elfenhand-zum-ellenbogen-aus-gusseisen-26-cm\/#breadcrumb","itemListElement":[{"@type":"ListItem","position":1,"name":"Home","item":"https:\/\/www.eliassen.nl\/de\/"},{"@type":"ListItem","position":2,"name":"Shop","item":"https:\/\/www.eliassen.nl\/de\/shop\/"},{"@type":"ListItem","position":3,"name":"Bilder","item":"https:\/\/www.eliassen.nl\/de\/bilder\/"},{"@type":"ListItem","position":4,"name":"Statuen aus Gusseisen","item":"https:\/\/www.eliassen.nl\/de\/bilder\/statuen-aus-gusseisen\/"},{"@type":"ListItem","position":5,"name":"Elf Hand zu Ellenbogen Gusseisen 26cm"}]},{"@type":"WebSite","@id":"https:\/\/www.eliassen.nl\/de\/#website","url":"https:\/\/www.eliassen.nl\/de\/","name":"Eliassen Home & Garden Pleasure","description":"","publisher":{"@id":"https:\/\/www.eliassen.nl\/de\/#organization"},"alternateName":"Eliassen.nl","potentialAction":[{"@type":"SearchAction","target":{"@type":"EntryPoint","urlTemplate":"https:\/\/www.eliassen.nl\/de\/?s={search_term_string}"},"query-input":{"@type":"PropertyValueSpecification","valueRequired":true,"valueName":"search_term_string"}}],"inLanguage":"de"},{"@type":["Organization","Place"],"@id":"https:\/\/www.eliassen.nl\/de\/#organization","name":"Eliassen Home & Garden Pleasure","url":"https:\/\/www.eliassen.nl\/de\/","logo":{"@id":"https:\/\/www.eliassen.nl\/de\/elfenhand-zum-ellenbogen-aus-gusseisen-26-cm\/#local-main-organization-logo"},"image":{"@id":"https:\/\/www.eliassen.nl\/de\/elfenhand-zum-ellenbogen-aus-gusseisen-26-cm\/#local-main-organization-logo"},"sameAs":["https:\/\/www.facebook.com\/TuincentrumEliassenAmmerzoden","https:\/\/www.instagram.com\/eliassenhomeandgarden\/","https:\/\/nl.pinterest.com\/eliassenhomeandgarden\/","https:\/\/www.youtube.com\/@eliassenhomegardenpleasure4558"],"telephone":[],"openingHoursSpecification":[{"@type":"OpeningHoursSpecification","dayOfWeek":["Monday","Tuesday","Wednesday","Thursday","Friday","Saturday","Sunday"],"opens":"09:00","closes":"17:00"}]},{"@type":"ImageObject","inLanguage":"de","@id":"https:\/\/www.eliassen.nl\/de\/elfenhand-zum-ellenbogen-aus-gusseisen-26-cm\/#local-main-organization-logo","url":"https:\/\/www.eliassen.nl\/wp-content\/uploads\/2024\/01\/logo_4nd.jpg","contentUrl":"https:\/\/www.eliassen.nl\/wp-content\/uploads\/2024\/01\/logo_4nd.jpg","width":500,"height":500,"caption":"Eliassen Home & Garden Pleasure"}]},"product_price_amount":"99.00","product_price_currency":"EUR","og_availability":"instock","product_availability":"instock","product_retailer_item_id":"Cl1005","product_condition":"new"},"df_price":99,"df_sale_price":"","df_regular_price":99,"df_image_link":"https:\/\/www.eliassen.nl\/wp-content\/uploads\/2024\/01\/feeopknieengietijzereliassenci1005.jpg","image":"https:\/\/www.eliassen.nl\/wp-content\/uploads\/2024\/01\/feeopknieengietijzereliassenci1005.jpg","price_search":"<span class=\"woocommerce-Price-amount amount\"><bdi><span class=\"woocommerce-Price-currencySymbol\">&euro;<\/span>&nbsp;99,00<\/bdi><\/span>","category":"Statuen aus Gusseisen","global_unique_id":"6096515491451","_links":{"self":[{"href":"https:\/\/www.eliassen.nl\/de\/wp-json\/wp\/v2\/product\/96463","targetHints":{"allow":["GET"]}}],"collection":[{"href":"https:\/\/www.eliassen.nl\/de\/wp-json\/wp\/v2\/product"}],"about":[{"href":"https:\/\/www.eliassen.nl\/de\/wp-json\/wp\/v2\/types\/product"}],"wp:featuredmedia":[{"embeddable":true,"href":"https:\/\/www.eliassen.nl\/de\/wp-json\/wp\/v2\/media\/96460"}],"wp:attachment":[{"href":"https:\/\/www.eliassen.nl\/de\/wp-json\/wp\/v2\/media?parent=96463"}],"wp:term":[{"taxonomy":"product_brand","embeddable":true,"href":"https:\/\/www.eliassen.nl\/de\/wp-json\/wp\/v2\/product_brand?post=96463"},{"taxonomy":"product_cat","embeddable":true,"href":"https:\/\/www.eliassen.nl\/de\/wp-json\/wp\/v2\/product_cat?post=96463"},{"taxonomy":"product_tag","embeddable":true,"href":"https:\/\/www.eliassen.nl\/de\/wp-json\/wp\/v2\/product_tag?post=96463"}],"curies":[{"name":"wp","href":"https:\/\/api.w.org\/{rel}","templated":true}]}}