{"id":96406,"date":"2023-11-02T19:56:55","date_gmt":"2023-11-02T19:56:55","guid":{"rendered":"https:\/\/www.eliassen.nl\/?product=uil-gietijzer-17cm"},"modified":"2026-03-13T12:06:37","modified_gmt":"2026-03-13T11:06:37","slug":"eule-gusseisen-17cm","status":"publish","type":"product","link":"https:\/\/www.eliassen.nl\/de\/eule-gusseisen-17cm\/","title":{"rendered":"Eule Gusseisen 17cm"},"content":{"rendered":"<p>Sie suchen nach einer nostalgischen Skulptur im zeitlosen Landhausstil, die nie kaputt geht? Dann k\u00f6nnte diese gusseiserne Skulptur in Form einer Eule genau das Richtige f\u00fcr Sie sein.<\/p>\n<p>Diese Gusseisenstatue ist unbehandelt und daher rostig. Gusseisen ist eine Eisenart mit einem hohen Kohlenstoffgehalt. Gusseisen hat eine hervorragende Gie\u00dfbarkeit und ist unzerst\u00f6rbar.<\/p>\n<p>Auf Gusseisen bildet sich eine Rostschicht. Dieser Rost ist gleichzeitig die Schutzschicht des Eisens, so dass es nicht weiter rosten kann. Diese Tatsache sorgt daf\u00fcr, dass gusseiserne Gegenst\u00e4nde Hunderte von Jahren halten.<\/p>\n<ul>\n<li>Gr\u00f6\u00dfe:9.5x17cm hoch<\/li>\n<li>Gewicht ca. 5kg<\/li>\n<li>H\u00fcten Sie sich vor Rostflecken im Garten<\/li>\n<li>Sehr viel von dieser Serie k\u00f6nnen Sie live in unserem Shop sehen!<\/li>\n<\/ul>\n","protected":false},"excerpt":{"rendered":"<p>Sch\u00f6ne Eule aus Gusseisen von hoher Qualit\u00e4t.<\/p>\n","protected":false},"featured_media":96403,"template":"","meta":{"_acf_changed":false,"_genesis_title":"","_genesis_description":""},"product_brand":[7505],"product_cat":[1421,7239],"product_tag":[],"class_list":{"0":"post-96406","1":"product","2":"type-product","3":"status-publish","4":"has-post-thumbnail","6":"product_brand-sonstige","7":"product_cat-statuen-aus-gusseisen","8":"product_cat-bilder","10":"first","11":"instock","12":"taxable","13":"shipping-taxable","14":"purchasable","15":"product-type-simple"},"acf":[],"meta_all":{"total_sales":"3","wcml_sync_hash":{"postmeta_fields":"dca00ce021d36bdb418c6fcc7ac48368"},"attr_label_translations":[],"cor_restricted_countries":[]},"meta_all_flat":{"total_sales":"3","wcml_sync_hash.postmeta_fields":"dca00ce021d36bdb418c6fcc7ac48368"},"yoast_head":"<!-- This site is optimized with the Yoast SEO Premium plugin v26.2 (Yoast SEO v27.2) - https:\/\/yoast.com\/product\/yoast-seo-premium-wordpress\/ -->\n<title>Eule Gusseisen 17cm - Eliassen.nl<\/title>\n<meta name=\"description\" content=\"Sch\u00f6ne gusseiserne Statue einer Eule von hoher Qualit\u00e4t. Lange Lebensdauer. Sehr gut als Geschenk geeignet. Sehr dekorativ f\u00fcr den Garten.\" \/>\n<meta name=\"robots\" content=\"index, follow, max-snippet:-1, max-image-preview:large, max-video-preview:-1\" \/>\n<link rel=\"canonical\" href=\"https:\/\/www.eliassen.nl\/de\/eule-gusseisen-17cm\/\" \/>\n<meta property=\"og:locale\" content=\"de_DE\" \/>\n<meta property=\"og:type\" content=\"article\" \/>\n<meta property=\"og:title\" content=\"Sonstige Eule Gusseisen 17cm - Eliassen.nl\" \/>\n<meta property=\"og:description\" content=\"Sch\u00f6ne gusseiserne Statue einer Eule von hoher Qualit\u00e4t. Lange Lebensdauer. Sehr gut als Geschenk geeignet. Sehr dekorativ f\u00fcr den Garten.\" \/>\n<meta property=\"og:url\" content=\"https:\/\/www.eliassen.nl\/de\/eule-gusseisen-17cm\/\" \/>\n<meta property=\"og:site_name\" content=\"Eliassen.nl\" \/>\n<meta property=\"article:publisher\" content=\"https:\/\/www.facebook.com\/TuincentrumEliassenAmmerzoden\" \/>\n<meta property=\"article:modified_time\" content=\"2026-03-13T11:06:37+00:00\" \/>\n<meta property=\"og:image\" content=\"https:\/\/www.eliassen.nl\/wp-content\/uploads\/2024\/01\/uilgietijzereliassenci881.jpg\" \/>\n\t<meta property=\"og:image:width\" content=\"480\" \/>\n\t<meta property=\"og:image:height\" content=\"640\" \/>\n\t<meta property=\"og:image:type\" content=\"image\/jpeg\" \/>\n<meta name=\"twitter:card\" content=\"summary_large_image\" \/>\n<script type=\"application\/ld+json\" class=\"yoast-schema-graph\">{\"@context\":\"https:\/\/schema.org\",\"@graph\":[{\"@type\":\"WebPage\",\"@id\":\"https:\/\/www.eliassen.nl\/de\/eule-gusseisen-17cm\/\",\"url\":\"https:\/\/www.eliassen.nl\/de\/eule-gusseisen-17cm\/\",\"name\":\"Eule Gusseisen 17cm - Eliassen.nl\",\"isPartOf\":{\"@id\":\"https:\/\/www.eliassen.nl\/de\/#website\"},\"primaryImageOfPage\":{\"@id\":\"https:\/\/www.eliassen.nl\/de\/eule-gusseisen-17cm\/#primaryimage\"},\"image\":{\"@id\":\"https:\/\/www.eliassen.nl\/de\/eule-gusseisen-17cm\/#primaryimage\"},\"thumbnailUrl\":\"https:\/\/www.eliassen.nl\/wp-content\/uploads\/2024\/01\/uilgietijzereliassenci881.jpg\",\"datePublished\":\"2023-11-02T19:56:55+00:00\",\"dateModified\":\"2026-03-13T11:06:37+00:00\",\"description\":\"Sch\u00f6ne gusseiserne Statue einer Eule von hoher Qualit\u00e4t. Lange Lebensdauer. Sehr gut als Geschenk geeignet. Sehr dekorativ f\u00fcr den Garten.\",\"breadcrumb\":{\"@id\":\"https:\/\/www.eliassen.nl\/de\/eule-gusseisen-17cm\/#breadcrumb\"},\"inLanguage\":\"de\",\"potentialAction\":[{\"@type\":\"ReadAction\",\"target\":[\"https:\/\/www.eliassen.nl\/de\/eule-gusseisen-17cm\/\"]}]},{\"@type\":\"ImageObject\",\"inLanguage\":\"de\",\"@id\":\"https:\/\/www.eliassen.nl\/de\/eule-gusseisen-17cm\/#primaryimage\",\"url\":\"https:\/\/www.eliassen.nl\/wp-content\/uploads\/2024\/01\/uilgietijzereliassenci881.jpg\",\"contentUrl\":\"https:\/\/www.eliassen.nl\/wp-content\/uploads\/2024\/01\/uilgietijzereliassenci881.jpg\",\"width\":480,\"height\":640,\"caption\":\"Eule Gusseisen-Elias CI-881\"},{\"@type\":\"BreadcrumbList\",\"@id\":\"https:\/\/www.eliassen.nl\/de\/eule-gusseisen-17cm\/#breadcrumb\",\"itemListElement\":[{\"@type\":\"ListItem\",\"position\":1,\"name\":\"Home\",\"item\":\"https:\/\/www.eliassen.nl\/de\/\"},{\"@type\":\"ListItem\",\"position\":2,\"name\":\"Shop\",\"item\":\"https:\/\/www.eliassen.nl\/de\/shop\/\"},{\"@type\":\"ListItem\",\"position\":3,\"name\":\"Bilder\",\"item\":\"https:\/\/www.eliassen.nl\/de\/bilder\/\"},{\"@type\":\"ListItem\",\"position\":4,\"name\":\"Statuen aus Gusseisen\",\"item\":\"https:\/\/www.eliassen.nl\/de\/bilder\/statuen-aus-gusseisen\/\"},{\"@type\":\"ListItem\",\"position\":5,\"name\":\"Eule Gusseisen 17cm\"}]},{\"@type\":\"WebSite\",\"@id\":\"https:\/\/www.eliassen.nl\/de\/#website\",\"url\":\"https:\/\/www.eliassen.nl\/de\/\",\"name\":\"Eliassen Home & Garden Pleasure\",\"description\":\"\",\"publisher\":{\"@id\":\"https:\/\/www.eliassen.nl\/de\/#organization\"},\"alternateName\":\"Eliassen.nl\",\"potentialAction\":[{\"@type\":\"SearchAction\",\"target\":{\"@type\":\"EntryPoint\",\"urlTemplate\":\"https:\/\/www.eliassen.nl\/de\/?s={search_term_string}\"},\"query-input\":{\"@type\":\"PropertyValueSpecification\",\"valueRequired\":true,\"valueName\":\"search_term_string\"}}],\"inLanguage\":\"de\"},{\"@type\":[\"Organization\",\"Place\"],\"@id\":\"https:\/\/www.eliassen.nl\/de\/#organization\",\"name\":\"Eliassen Home & Garden Pleasure\",\"url\":\"https:\/\/www.eliassen.nl\/de\/\",\"logo\":{\"@id\":\"https:\/\/www.eliassen.nl\/de\/eule-gusseisen-17cm\/#local-main-organization-logo\"},\"image\":{\"@id\":\"https:\/\/www.eliassen.nl\/de\/eule-gusseisen-17cm\/#local-main-organization-logo\"},\"sameAs\":[\"https:\/\/www.facebook.com\/TuincentrumEliassenAmmerzoden\",\"https:\/\/www.instagram.com\/eliassenhomeandgarden\/\",\"https:\/\/nl.pinterest.com\/eliassenhomeandgarden\/\",\"https:\/\/www.youtube.com\/@eliassenhomegardenpleasure4558\"],\"telephone\":[],\"openingHoursSpecification\":[{\"@type\":\"OpeningHoursSpecification\",\"dayOfWeek\":[\"Monday\",\"Tuesday\",\"Wednesday\",\"Thursday\",\"Friday\",\"Saturday\",\"Sunday\"],\"opens\":\"09:00\",\"closes\":\"17:00\"}]},{\"@type\":\"ImageObject\",\"inLanguage\":\"de\",\"@id\":\"https:\/\/www.eliassen.nl\/de\/eule-gusseisen-17cm\/#local-main-organization-logo\",\"url\":\"https:\/\/www.eliassen.nl\/wp-content\/uploads\/2024\/01\/logo_4nd.jpg\",\"contentUrl\":\"https:\/\/www.eliassen.nl\/wp-content\/uploads\/2024\/01\/logo_4nd.jpg\",\"width\":500,\"height\":500,\"caption\":\"Eliassen Home & Garden Pleasure\"}]}<\/script>\n<meta property=\"product:price:amount\" content=\"39.50\" \/>\n<meta property=\"product:price:currency\" content=\"EUR\" \/>\n<meta property=\"og:availability\" content=\"instock\" \/>\n<meta property=\"product:availability\" content=\"instock\" \/>\n<meta property=\"product:retailer_item_id\" content=\"Cl-881\" \/>\n<meta property=\"product:condition\" content=\"new\" \/>\n<!-- \/ Yoast SEO Premium plugin. -->","yoast_head_json":{"title":"Eule Gusseisen 17cm - Eliassen.nl","description":"Sch\u00f6ne gusseiserne Statue einer Eule von hoher Qualit\u00e4t. Lange Lebensdauer. Sehr gut als Geschenk geeignet. Sehr dekorativ f\u00fcr den Garten.","robots":{"index":"index","follow":"follow","max-snippet":"max-snippet:-1","max-image-preview":"max-image-preview:large","max-video-preview":"max-video-preview:-1"},"canonical":"https:\/\/www.eliassen.nl\/de\/eule-gusseisen-17cm\/","og_locale":"de_DE","og_type":"article","og_title":"Sonstige Eule Gusseisen 17cm - Eliassen.nl","og_description":"Sch\u00f6ne gusseiserne Statue einer Eule von hoher Qualit\u00e4t. Lange Lebensdauer. Sehr gut als Geschenk geeignet. Sehr dekorativ f\u00fcr den Garten.","og_url":"https:\/\/www.eliassen.nl\/de\/eule-gusseisen-17cm\/","og_site_name":"Eliassen.nl","article_publisher":"https:\/\/www.facebook.com\/TuincentrumEliassenAmmerzoden","article_modified_time":"2026-03-13T11:06:37+00:00","og_image":[{"width":480,"height":640,"url":"https:\/\/www.eliassen.nl\/wp-content\/uploads\/2024\/01\/uilgietijzereliassenci881.jpg","type":"image\/jpeg"}],"twitter_card":"summary_large_image","schema":{"@context":"https:\/\/schema.org","@graph":[{"@type":"WebPage","@id":"https:\/\/www.eliassen.nl\/de\/eule-gusseisen-17cm\/","url":"https:\/\/www.eliassen.nl\/de\/eule-gusseisen-17cm\/","name":"Eule Gusseisen 17cm - Eliassen.nl","isPartOf":{"@id":"https:\/\/www.eliassen.nl\/de\/#website"},"primaryImageOfPage":{"@id":"https:\/\/www.eliassen.nl\/de\/eule-gusseisen-17cm\/#primaryimage"},"image":{"@id":"https:\/\/www.eliassen.nl\/de\/eule-gusseisen-17cm\/#primaryimage"},"thumbnailUrl":"https:\/\/www.eliassen.nl\/wp-content\/uploads\/2024\/01\/uilgietijzereliassenci881.jpg","datePublished":"2023-11-02T19:56:55+00:00","dateModified":"2026-03-13T11:06:37+00:00","description":"Sch\u00f6ne gusseiserne Statue einer Eule von hoher Qualit\u00e4t. Lange Lebensdauer. Sehr gut als Geschenk geeignet. Sehr dekorativ f\u00fcr den Garten.","breadcrumb":{"@id":"https:\/\/www.eliassen.nl\/de\/eule-gusseisen-17cm\/#breadcrumb"},"inLanguage":"de","potentialAction":[{"@type":"ReadAction","target":["https:\/\/www.eliassen.nl\/de\/eule-gusseisen-17cm\/"]}]},{"@type":"ImageObject","inLanguage":"de","@id":"https:\/\/www.eliassen.nl\/de\/eule-gusseisen-17cm\/#primaryimage","url":"https:\/\/www.eliassen.nl\/wp-content\/uploads\/2024\/01\/uilgietijzereliassenci881.jpg","contentUrl":"https:\/\/www.eliassen.nl\/wp-content\/uploads\/2024\/01\/uilgietijzereliassenci881.jpg","width":480,"height":640,"caption":"Eule Gusseisen-Elias CI-881"},{"@type":"BreadcrumbList","@id":"https:\/\/www.eliassen.nl\/de\/eule-gusseisen-17cm\/#breadcrumb","itemListElement":[{"@type":"ListItem","position":1,"name":"Home","item":"https:\/\/www.eliassen.nl\/de\/"},{"@type":"ListItem","position":2,"name":"Shop","item":"https:\/\/www.eliassen.nl\/de\/shop\/"},{"@type":"ListItem","position":3,"name":"Bilder","item":"https:\/\/www.eliassen.nl\/de\/bilder\/"},{"@type":"ListItem","position":4,"name":"Statuen aus Gusseisen","item":"https:\/\/www.eliassen.nl\/de\/bilder\/statuen-aus-gusseisen\/"},{"@type":"ListItem","position":5,"name":"Eule Gusseisen 17cm"}]},{"@type":"WebSite","@id":"https:\/\/www.eliassen.nl\/de\/#website","url":"https:\/\/www.eliassen.nl\/de\/","name":"Eliassen Home & Garden Pleasure","description":"","publisher":{"@id":"https:\/\/www.eliassen.nl\/de\/#organization"},"alternateName":"Eliassen.nl","potentialAction":[{"@type":"SearchAction","target":{"@type":"EntryPoint","urlTemplate":"https:\/\/www.eliassen.nl\/de\/?s={search_term_string}"},"query-input":{"@type":"PropertyValueSpecification","valueRequired":true,"valueName":"search_term_string"}}],"inLanguage":"de"},{"@type":["Organization","Place"],"@id":"https:\/\/www.eliassen.nl\/de\/#organization","name":"Eliassen Home & Garden Pleasure","url":"https:\/\/www.eliassen.nl\/de\/","logo":{"@id":"https:\/\/www.eliassen.nl\/de\/eule-gusseisen-17cm\/#local-main-organization-logo"},"image":{"@id":"https:\/\/www.eliassen.nl\/de\/eule-gusseisen-17cm\/#local-main-organization-logo"},"sameAs":["https:\/\/www.facebook.com\/TuincentrumEliassenAmmerzoden","https:\/\/www.instagram.com\/eliassenhomeandgarden\/","https:\/\/nl.pinterest.com\/eliassenhomeandgarden\/","https:\/\/www.youtube.com\/@eliassenhomegardenpleasure4558"],"telephone":[],"openingHoursSpecification":[{"@type":"OpeningHoursSpecification","dayOfWeek":["Monday","Tuesday","Wednesday","Thursday","Friday","Saturday","Sunday"],"opens":"09:00","closes":"17:00"}]},{"@type":"ImageObject","inLanguage":"de","@id":"https:\/\/www.eliassen.nl\/de\/eule-gusseisen-17cm\/#local-main-organization-logo","url":"https:\/\/www.eliassen.nl\/wp-content\/uploads\/2024\/01\/logo_4nd.jpg","contentUrl":"https:\/\/www.eliassen.nl\/wp-content\/uploads\/2024\/01\/logo_4nd.jpg","width":500,"height":500,"caption":"Eliassen Home & Garden Pleasure"}]},"product_price_amount":"39.50","product_price_currency":"EUR","og_availability":"instock","product_availability":"instock","product_retailer_item_id":"Cl-881","product_condition":"new"},"df_price":39.5,"df_sale_price":"","df_regular_price":39.5,"df_image_link":"https:\/\/www.eliassen.nl\/wp-content\/uploads\/2024\/01\/uilgietijzereliassenci881.jpg","image":"https:\/\/www.eliassen.nl\/wp-content\/uploads\/2024\/01\/uilgietijzereliassenci881.jpg","price_search":"<span class=\"woocommerce-Price-amount amount\"><bdi><span class=\"woocommerce-Price-currencySymbol\">&euro;<\/span>&nbsp;39,50<\/bdi><\/span>","category":"Statuen aus Gusseisen","global_unique_id":"6096538675654","_links":{"self":[{"href":"https:\/\/www.eliassen.nl\/de\/wp-json\/wp\/v2\/product\/96406","targetHints":{"allow":["GET"]}}],"collection":[{"href":"https:\/\/www.eliassen.nl\/de\/wp-json\/wp\/v2\/product"}],"about":[{"href":"https:\/\/www.eliassen.nl\/de\/wp-json\/wp\/v2\/types\/product"}],"wp:featuredmedia":[{"embeddable":true,"href":"https:\/\/www.eliassen.nl\/de\/wp-json\/wp\/v2\/media\/96403"}],"wp:attachment":[{"href":"https:\/\/www.eliassen.nl\/de\/wp-json\/wp\/v2\/media?parent=96406"}],"wp:term":[{"taxonomy":"product_brand","embeddable":true,"href":"https:\/\/www.eliassen.nl\/de\/wp-json\/wp\/v2\/product_brand?post=96406"},{"taxonomy":"product_cat","embeddable":true,"href":"https:\/\/www.eliassen.nl\/de\/wp-json\/wp\/v2\/product_cat?post=96406"},{"taxonomy":"product_tag","embeddable":true,"href":"https:\/\/www.eliassen.nl\/de\/wp-json\/wp\/v2\/product_tag?post=96406"}],"curies":[{"name":"wp","href":"https:\/\/api.w.org\/{rel}","templated":true}]}}