{"id":96382,"date":"2023-11-02T11:44:01","date_gmt":"2023-11-02T11:44:01","guid":{"rendered":"https:\/\/www.eliassen.nl\/?product=spiegel-barok-venetie-60x150-spiegelmaat"},"modified":"2025-11-27T14:00:54","modified_gmt":"2025-11-27T13:00:54","slug":"spiegel-barok-venetie-60x150-spiegelmaat","status":"publish","type":"product","link":"https:\/\/www.eliassen.nl\/de\/spiegel-barok-venetie-60x150-spiegelmaat\/","title":{"rendered":"Spiegel Barock Venedig 60&#215;150 Spiegelgr\u00f6\u00dfe"},"content":{"rendered":"<\/p>\n<p>Sch\u00f6ner klassischer <strong>Barockspiegel<\/strong> mit <strong>silbernem Rahmen<\/strong> und poliertem Facettenrand.<\/p>\n<p><strong>Barockspiegel Venedig Silber<\/strong>.<\/p>\n<h3> <\/h3>\n<ul>\n<li>Liste sch\u00f6n dekoriert<\/li>\n<li>Farbe: Altsilber<\/li>\n<li>Gr\u00f6\u00dfe: 168x82cm im Freien, Spiegelgr\u00f6\u00dfe 60x150cm<\/li>\n<li>Kann horizontal und vertikal aufgeh\u00e4ngt werden<\/li>\n<li>Rahmenbreite 11cm<\/li>\n<\/ul>\n","protected":false},"excerpt":{"rendered":"<p>Mit facettiertem Rand !!!<\/p>\n","protected":false},"featured_media":96379,"template":"","meta":{"_acf_changed":false,"_genesis_title":"","_genesis_description":""},"product_brand":[7505],"product_cat":[1451,509,7051],"product_tag":[7450],"class_list":{"0":"post-96382","1":"product","2":"type-product","3":"status-publish","4":"has-post-thumbnail","6":"product_brand-sonstige","7":"product_cat-barockspiegel","8":"product_cat-wanddekoration","9":"product_cat-spiegel","10":"product_tag-spiegel-gros","12":"first","13":"instock","14":"taxable","15":"shipping-taxable","16":"purchasable","17":"product-type-simple"},"acf":[],"meta_all":{"total_sales":"0","wcml_sync_hash":{"postmeta_fields":"fbf2581c5ddda47b12fb6db2d803280b"},"attr_label_translations":[]},"meta_all_flat":{"total_sales":"0","wcml_sync_hash.postmeta_fields":"fbf2581c5ddda47b12fb6db2d803280b"},"yoast_head":"<!-- This site is optimized with the Yoast SEO Premium plugin v26.2 (Yoast SEO v27.2) - https:\/\/yoast.com\/product\/yoast-seo-premium-wordpress\/ -->\n<title>Spiegel Barock Venedig 60x150 Spiegelgr\u00f6\u00dfe<\/title>\n<meta name=\"description\" content=\"Gro\u00dfe barocke Spiegel? Schauen Sie sich alle in unserem Shop an oder kommen Sie vorbei !!!\" \/>\n<meta name=\"robots\" content=\"index, follow, max-snippet:-1, max-image-preview:large, max-video-preview:-1\" \/>\n<link rel=\"canonical\" href=\"https:\/\/www.eliassen.nl\/de\/spiegel-barok-venetie-60x150-spiegelmaat\/\" \/>\n<meta property=\"og:locale\" content=\"de_DE\" \/>\n<meta property=\"og:type\" content=\"article\" \/>\n<meta property=\"og:title\" content=\"Sonstige Spiegel Barock Venedig 60x150 Spiegelgr\u00f6\u00dfe - Eliassen.nl\" \/>\n<meta property=\"og:description\" content=\"Gro\u00dfe barocke Spiegel? Schauen Sie sich alle in unserem Shop an oder kommen Sie vorbei !!!\" \/>\n<meta property=\"og:url\" content=\"https:\/\/www.eliassen.nl\/de\/spiegel-barok-venetie-60x150-spiegelmaat\/\" \/>\n<meta property=\"og:site_name\" content=\"Eliassen.nl\" \/>\n<meta property=\"article:publisher\" content=\"https:\/\/www.facebook.com\/TuincentrumEliassenAmmerzoden\" \/>\n<meta property=\"article:modified_time\" content=\"2025-11-27T13:00:54+00:00\" \/>\n<meta property=\"og:image\" content=\"https:\/\/www.eliassen.nl\/wp-content\/uploads\/2024\/01\/spiegeloudzilverbarokeliassensm1706.jpg\" \/>\n\t<meta property=\"og:image:width\" content=\"560\" \/>\n\t<meta property=\"og:image:height\" content=\"560\" \/>\n\t<meta property=\"og:image:type\" content=\"image\/jpeg\" \/>\n<meta name=\"twitter:card\" content=\"summary_large_image\" \/>\n<script type=\"application\/ld+json\" class=\"yoast-schema-graph\">{\"@context\":\"https:\/\/schema.org\",\"@graph\":[{\"@type\":\"WebPage\",\"@id\":\"https:\/\/www.eliassen.nl\/de\/spiegel-barok-venetie-60x150-spiegelmaat\/\",\"url\":\"https:\/\/www.eliassen.nl\/de\/spiegel-barok-venetie-60x150-spiegelmaat\/\",\"name\":\"Spiegel Barock Venedig 60x150 Spiegelgr\u00f6\u00dfe\",\"isPartOf\":{\"@id\":\"https:\/\/www.eliassen.nl\/de\/#website\"},\"primaryImageOfPage\":{\"@id\":\"https:\/\/www.eliassen.nl\/de\/spiegel-barok-venetie-60x150-spiegelmaat\/#primaryimage\"},\"image\":{\"@id\":\"https:\/\/www.eliassen.nl\/de\/spiegel-barok-venetie-60x150-spiegelmaat\/#primaryimage\"},\"thumbnailUrl\":\"https:\/\/www.eliassen.nl\/wp-content\/uploads\/2024\/01\/spiegeloudzilverbarokeliassensm1706.jpg\",\"datePublished\":\"2023-11-02T11:44:01+00:00\",\"dateModified\":\"2025-11-27T13:00:54+00:00\",\"description\":\"Gro\u00dfe barocke Spiegel? Schauen Sie sich alle in unserem Shop an oder kommen Sie vorbei !!!\",\"breadcrumb\":{\"@id\":\"https:\/\/www.eliassen.nl\/de\/spiegel-barok-venetie-60x150-spiegelmaat\/#breadcrumb\"},\"inLanguage\":\"de\",\"potentialAction\":[{\"@type\":\"ReadAction\",\"target\":[\"https:\/\/www.eliassen.nl\/de\/spiegel-barok-venetie-60x150-spiegelmaat\/\"]}]},{\"@type\":\"ImageObject\",\"inLanguage\":\"de\",\"@id\":\"https:\/\/www.eliassen.nl\/de\/spiegel-barok-venetie-60x150-spiegelmaat\/#primaryimage\",\"url\":\"https:\/\/www.eliassen.nl\/wp-content\/uploads\/2024\/01\/spiegeloudzilverbarokeliassensm1706.jpg\",\"contentUrl\":\"https:\/\/www.eliassen.nl\/wp-content\/uploads\/2024\/01\/spiegeloudzilverbarokeliassensm1706.jpg\",\"width\":560,\"height\":560,\"caption\":\"Spiegel Altsilber Barock Eljas SM-1706\"},{\"@type\":\"BreadcrumbList\",\"@id\":\"https:\/\/www.eliassen.nl\/de\/spiegel-barok-venetie-60x150-spiegelmaat\/#breadcrumb\",\"itemListElement\":[{\"@type\":\"ListItem\",\"position\":1,\"name\":\"Home\",\"item\":\"https:\/\/www.eliassen.nl\/de\/\"},{\"@type\":\"ListItem\",\"position\":2,\"name\":\"Shop\",\"item\":\"https:\/\/www.eliassen.nl\/de\/shop\/\"},{\"@type\":\"ListItem\",\"position\":3,\"name\":\"Wanddekoration\",\"item\":\"https:\/\/www.eliassen.nl\/de\/wanddekoration\/\"},{\"@type\":\"ListItem\",\"position\":4,\"name\":\"Barockspiegel\",\"item\":\"https:\/\/www.eliassen.nl\/de\/wanddekoration\/barockspiegel\/\"},{\"@type\":\"ListItem\",\"position\":5,\"name\":\"Spiegel Barock Venedig 60&#215;150 Spiegelgr\u00f6\u00dfe\"}]},{\"@type\":\"WebSite\",\"@id\":\"https:\/\/www.eliassen.nl\/de\/#website\",\"url\":\"https:\/\/www.eliassen.nl\/de\/\",\"name\":\"Eliassen Home & Garden Pleasure\",\"description\":\"\",\"publisher\":{\"@id\":\"https:\/\/www.eliassen.nl\/de\/#organization\"},\"alternateName\":\"Eliassen.nl\",\"potentialAction\":[{\"@type\":\"SearchAction\",\"target\":{\"@type\":\"EntryPoint\",\"urlTemplate\":\"https:\/\/www.eliassen.nl\/de\/?s={search_term_string}\"},\"query-input\":{\"@type\":\"PropertyValueSpecification\",\"valueRequired\":true,\"valueName\":\"search_term_string\"}}],\"inLanguage\":\"de\"},{\"@type\":[\"Organization\",\"Place\"],\"@id\":\"https:\/\/www.eliassen.nl\/de\/#organization\",\"name\":\"Eliassen Home & Garden Pleasure\",\"url\":\"https:\/\/www.eliassen.nl\/de\/\",\"logo\":{\"@id\":\"https:\/\/www.eliassen.nl\/de\/spiegel-barok-venetie-60x150-spiegelmaat\/#local-main-organization-logo\"},\"image\":{\"@id\":\"https:\/\/www.eliassen.nl\/de\/spiegel-barok-venetie-60x150-spiegelmaat\/#local-main-organization-logo\"},\"sameAs\":[\"https:\/\/www.facebook.com\/TuincentrumEliassenAmmerzoden\",\"https:\/\/www.instagram.com\/eliassenhomeandgarden\/\",\"https:\/\/nl.pinterest.com\/eliassenhomeandgarden\/\",\"https:\/\/www.youtube.com\/@eliassenhomegardenpleasure4558\"],\"telephone\":[],\"openingHoursSpecification\":[{\"@type\":\"OpeningHoursSpecification\",\"dayOfWeek\":[\"Monday\",\"Tuesday\",\"Wednesday\",\"Thursday\",\"Friday\",\"Saturday\",\"Sunday\"],\"opens\":\"09:00\",\"closes\":\"17:00\"}]},{\"@type\":\"ImageObject\",\"inLanguage\":\"de\",\"@id\":\"https:\/\/www.eliassen.nl\/de\/spiegel-barok-venetie-60x150-spiegelmaat\/#local-main-organization-logo\",\"url\":\"https:\/\/www.eliassen.nl\/wp-content\/uploads\/2024\/01\/logo_4nd.jpg\",\"contentUrl\":\"https:\/\/www.eliassen.nl\/wp-content\/uploads\/2024\/01\/logo_4nd.jpg\",\"width\":500,\"height\":500,\"caption\":\"Eliassen Home & Garden Pleasure\"}]}<\/script>\n<meta property=\"product:price:amount\" content=\"239.00\" \/>\n<meta property=\"product:price:currency\" content=\"EUR\" \/>\n<meta property=\"og:availability\" content=\"instock\" \/>\n<meta property=\"product:availability\" content=\"instock\" \/>\n<meta property=\"product:retailer_item_id\" content=\"Sm-1706\" \/>\n<meta property=\"product:condition\" content=\"new\" \/>\n<!-- \/ Yoast SEO Premium plugin. -->","yoast_head_json":{"title":"Spiegel Barock Venedig 60x150 Spiegelgr\u00f6\u00dfe","description":"Gro\u00dfe barocke Spiegel? Schauen Sie sich alle in unserem Shop an oder kommen Sie vorbei !!!","robots":{"index":"index","follow":"follow","max-snippet":"max-snippet:-1","max-image-preview":"max-image-preview:large","max-video-preview":"max-video-preview:-1"},"canonical":"https:\/\/www.eliassen.nl\/de\/spiegel-barok-venetie-60x150-spiegelmaat\/","og_locale":"de_DE","og_type":"article","og_title":"Sonstige Spiegel Barock Venedig 60x150 Spiegelgr\u00f6\u00dfe - Eliassen.nl","og_description":"Gro\u00dfe barocke Spiegel? Schauen Sie sich alle in unserem Shop an oder kommen Sie vorbei !!!","og_url":"https:\/\/www.eliassen.nl\/de\/spiegel-barok-venetie-60x150-spiegelmaat\/","og_site_name":"Eliassen.nl","article_publisher":"https:\/\/www.facebook.com\/TuincentrumEliassenAmmerzoden","article_modified_time":"2025-11-27T13:00:54+00:00","og_image":[{"width":560,"height":560,"url":"https:\/\/www.eliassen.nl\/wp-content\/uploads\/2024\/01\/spiegeloudzilverbarokeliassensm1706.jpg","type":"image\/jpeg"}],"twitter_card":"summary_large_image","schema":{"@context":"https:\/\/schema.org","@graph":[{"@type":"WebPage","@id":"https:\/\/www.eliassen.nl\/de\/spiegel-barok-venetie-60x150-spiegelmaat\/","url":"https:\/\/www.eliassen.nl\/de\/spiegel-barok-venetie-60x150-spiegelmaat\/","name":"Spiegel Barock Venedig 60x150 Spiegelgr\u00f6\u00dfe","isPartOf":{"@id":"https:\/\/www.eliassen.nl\/de\/#website"},"primaryImageOfPage":{"@id":"https:\/\/www.eliassen.nl\/de\/spiegel-barok-venetie-60x150-spiegelmaat\/#primaryimage"},"image":{"@id":"https:\/\/www.eliassen.nl\/de\/spiegel-barok-venetie-60x150-spiegelmaat\/#primaryimage"},"thumbnailUrl":"https:\/\/www.eliassen.nl\/wp-content\/uploads\/2024\/01\/spiegeloudzilverbarokeliassensm1706.jpg","datePublished":"2023-11-02T11:44:01+00:00","dateModified":"2025-11-27T13:00:54+00:00","description":"Gro\u00dfe barocke Spiegel? Schauen Sie sich alle in unserem Shop an oder kommen Sie vorbei !!!","breadcrumb":{"@id":"https:\/\/www.eliassen.nl\/de\/spiegel-barok-venetie-60x150-spiegelmaat\/#breadcrumb"},"inLanguage":"de","potentialAction":[{"@type":"ReadAction","target":["https:\/\/www.eliassen.nl\/de\/spiegel-barok-venetie-60x150-spiegelmaat\/"]}]},{"@type":"ImageObject","inLanguage":"de","@id":"https:\/\/www.eliassen.nl\/de\/spiegel-barok-venetie-60x150-spiegelmaat\/#primaryimage","url":"https:\/\/www.eliassen.nl\/wp-content\/uploads\/2024\/01\/spiegeloudzilverbarokeliassensm1706.jpg","contentUrl":"https:\/\/www.eliassen.nl\/wp-content\/uploads\/2024\/01\/spiegeloudzilverbarokeliassensm1706.jpg","width":560,"height":560,"caption":"Spiegel Altsilber Barock Eljas SM-1706"},{"@type":"BreadcrumbList","@id":"https:\/\/www.eliassen.nl\/de\/spiegel-barok-venetie-60x150-spiegelmaat\/#breadcrumb","itemListElement":[{"@type":"ListItem","position":1,"name":"Home","item":"https:\/\/www.eliassen.nl\/de\/"},{"@type":"ListItem","position":2,"name":"Shop","item":"https:\/\/www.eliassen.nl\/de\/shop\/"},{"@type":"ListItem","position":3,"name":"Wanddekoration","item":"https:\/\/www.eliassen.nl\/de\/wanddekoration\/"},{"@type":"ListItem","position":4,"name":"Barockspiegel","item":"https:\/\/www.eliassen.nl\/de\/wanddekoration\/barockspiegel\/"},{"@type":"ListItem","position":5,"name":"Spiegel Barock Venedig 60&#215;150 Spiegelgr\u00f6\u00dfe"}]},{"@type":"WebSite","@id":"https:\/\/www.eliassen.nl\/de\/#website","url":"https:\/\/www.eliassen.nl\/de\/","name":"Eliassen Home & Garden Pleasure","description":"","publisher":{"@id":"https:\/\/www.eliassen.nl\/de\/#organization"},"alternateName":"Eliassen.nl","potentialAction":[{"@type":"SearchAction","target":{"@type":"EntryPoint","urlTemplate":"https:\/\/www.eliassen.nl\/de\/?s={search_term_string}"},"query-input":{"@type":"PropertyValueSpecification","valueRequired":true,"valueName":"search_term_string"}}],"inLanguage":"de"},{"@type":["Organization","Place"],"@id":"https:\/\/www.eliassen.nl\/de\/#organization","name":"Eliassen Home & Garden Pleasure","url":"https:\/\/www.eliassen.nl\/de\/","logo":{"@id":"https:\/\/www.eliassen.nl\/de\/spiegel-barok-venetie-60x150-spiegelmaat\/#local-main-organization-logo"},"image":{"@id":"https:\/\/www.eliassen.nl\/de\/spiegel-barok-venetie-60x150-spiegelmaat\/#local-main-organization-logo"},"sameAs":["https:\/\/www.facebook.com\/TuincentrumEliassenAmmerzoden","https:\/\/www.instagram.com\/eliassenhomeandgarden\/","https:\/\/nl.pinterest.com\/eliassenhomeandgarden\/","https:\/\/www.youtube.com\/@eliassenhomegardenpleasure4558"],"telephone":[],"openingHoursSpecification":[{"@type":"OpeningHoursSpecification","dayOfWeek":["Monday","Tuesday","Wednesday","Thursday","Friday","Saturday","Sunday"],"opens":"09:00","closes":"17:00"}]},{"@type":"ImageObject","inLanguage":"de","@id":"https:\/\/www.eliassen.nl\/de\/spiegel-barok-venetie-60x150-spiegelmaat\/#local-main-organization-logo","url":"https:\/\/www.eliassen.nl\/wp-content\/uploads\/2024\/01\/logo_4nd.jpg","contentUrl":"https:\/\/www.eliassen.nl\/wp-content\/uploads\/2024\/01\/logo_4nd.jpg","width":500,"height":500,"caption":"Eliassen Home & Garden Pleasure"}]},"product_price_amount":"239.00","product_price_currency":"EUR","og_availability":"instock","product_availability":"instock","product_retailer_item_id":"Sm-1706","product_condition":"new"},"df_price":239,"df_sale_price":"","df_regular_price":239,"df_image_link":"https:\/\/www.eliassen.nl\/wp-content\/uploads\/2024\/01\/spiegeloudzilverbarokeliassensm1706.jpg","image":"https:\/\/www.eliassen.nl\/wp-content\/uploads\/2024\/01\/spiegeloudzilverbarokeliassensm1706.jpg","price_search":"<span class=\"woocommerce-Price-amount amount\"><bdi><span class=\"woocommerce-Price-currencySymbol\">&euro;<\/span>&nbsp;239,00<\/bdi><\/span>","category":"Barockspiegel","global_unique_id":"6096525092082","_links":{"self":[{"href":"https:\/\/www.eliassen.nl\/de\/wp-json\/wp\/v2\/product\/96382","targetHints":{"allow":["GET"]}}],"collection":[{"href":"https:\/\/www.eliassen.nl\/de\/wp-json\/wp\/v2\/product"}],"about":[{"href":"https:\/\/www.eliassen.nl\/de\/wp-json\/wp\/v2\/types\/product"}],"wp:featuredmedia":[{"embeddable":true,"href":"https:\/\/www.eliassen.nl\/de\/wp-json\/wp\/v2\/media\/96379"}],"wp:attachment":[{"href":"https:\/\/www.eliassen.nl\/de\/wp-json\/wp\/v2\/media?parent=96382"}],"wp:term":[{"taxonomy":"product_brand","embeddable":true,"href":"https:\/\/www.eliassen.nl\/de\/wp-json\/wp\/v2\/product_brand?post=96382"},{"taxonomy":"product_cat","embeddable":true,"href":"https:\/\/www.eliassen.nl\/de\/wp-json\/wp\/v2\/product_cat?post=96382"},{"taxonomy":"product_tag","embeddable":true,"href":"https:\/\/www.eliassen.nl\/de\/wp-json\/wp\/v2\/product_tag?post=96382"}],"curies":[{"name":"wp","href":"https:\/\/api.w.org\/{rel}","templated":true}]}}