{"id":96370,"date":"2023-11-02T11:24:40","date_gmt":"2023-11-02T11:24:40","guid":{"rendered":"https:\/\/www.eliassen.nl\/?product=vogeldrinkschaal-metaal-groen-met-vogeltjes-35cm"},"modified":"2025-12-04T16:33:21","modified_gmt":"2025-12-04T15:33:21","slug":"vogeltrankeset-aus-metall-grun-mit-vogeln-35-24cm","status":"publish","type":"product","link":"https:\/\/www.eliassen.nl\/de\/vogeltrankeset-aus-metall-grun-mit-vogeln-35-24cm\/","title":{"rendered":"Vogeltrinkschale Set Metall gr\u00fcn mit V\u00f6geln 35-24cm"},"content":{"rendered":"<p>Bieten Sie V\u00f6geln einen sicheren und erh\u00f6hten Trink- oder Futterplatz mit dieser klassischen und dekorativen Vogeltr\u00e4nke in 2 Gr\u00f6\u00dfen. Dank seiner 3 Beine kann er \u00fcberall aufgestellt werden. Zwei V\u00f6gel haben sich bereits auf der Kante niedergelassen, es liegt nun an den anderen V\u00f6geln, so schnell wie m\u00f6glich nachzuziehen. Dar\u00fcber hinaus eignet sich diese Vogeltr\u00e4nke auch hervorragend als Futterschale.<\/p>\n<ul>\n<li>Farbe: Hellgr\u00fcn<\/li>\n<\/ul>\n<p>&#8211; Geeignet als Vogelbad und Futterschale<\/p>\n<p>&#8211; Gr\u00f6\u00dfen jeweils 24 und 35cm<\/p>\n","protected":false},"excerpt":{"rendered":"<p>SET VON 2 GR\u00d6SSEN<\/p>\n","protected":false},"featured_media":96364,"template":"","meta":{"_acf_changed":false,"_genesis_title":"","_genesis_description":""},"product_brand":[7505],"product_cat":[707],"product_tag":[],"class_list":{"0":"post-96370","1":"product","2":"type-product","3":"status-publish","4":"has-post-thumbnail","6":"product_brand-sonstige","7":"product_cat-vogeltraenken","9":"first","10":"instock","11":"taxable","12":"shipping-taxable","13":"purchasable","14":"product-type-simple"},"acf":[],"meta_all":{"total_sales":"5","wcml_sync_hash":{"postmeta_fields":"6bc65cf8922938e82134a79cf8072ce4"},"attr_label_translations":[],"cor_restricted_countries":[]},"meta_all_flat":{"total_sales":"5","wcml_sync_hash.postmeta_fields":"6bc65cf8922938e82134a79cf8072ce4"},"yoast_head":"<!-- This site is optimized with the Yoast SEO Premium plugin v26.2 (Yoast SEO v27.2) - https:\/\/yoast.com\/product\/yoast-seo-premium-wordpress\/ -->\n<title>Vogeltrinkschale Set Metall gr\u00fcn mit V\u00f6geln 35-24cm<\/title>\n<meta name=\"description\" content=\"Ein h\u00fcbsches Vogeltrinkgef\u00e4\u00df-Set in der Farbe Gr\u00fcn aus Metall. Eine dekorative Vogeltr\u00e4nke, die Sie sowohl in Ihrem Garten als auch auf Ihrem Balkon aufstellen k\u00f6nnen.\" \/>\n<meta name=\"robots\" content=\"index, follow, max-snippet:-1, max-image-preview:large, max-video-preview:-1\" \/>\n<link rel=\"canonical\" href=\"https:\/\/www.eliassen.nl\/de\/vogeltrankeset-aus-metall-grun-mit-vogeln-35-24cm\/\" \/>\n<meta property=\"og:locale\" content=\"de_DE\" \/>\n<meta property=\"og:type\" content=\"article\" \/>\n<meta property=\"og:title\" content=\"Sonstige Vogeltrinkschale Set Metall gr\u00fcn mit V\u00f6geln 35-24cm - Eliassen.nl\" \/>\n<meta property=\"og:description\" content=\"Ein h\u00fcbsches Vogeltrinkgef\u00e4\u00df-Set in der Farbe Gr\u00fcn aus Metall. Eine dekorative Vogeltr\u00e4nke, die Sie sowohl in Ihrem Garten als auch auf Ihrem Balkon aufstellen k\u00f6nnen.\" \/>\n<meta property=\"og:url\" content=\"https:\/\/www.eliassen.nl\/de\/vogeltrankeset-aus-metall-grun-mit-vogeln-35-24cm\/\" \/>\n<meta property=\"og:site_name\" content=\"Eliassen.nl\" \/>\n<meta property=\"article:publisher\" content=\"https:\/\/www.facebook.com\/TuincentrumEliassenAmmerzoden\" \/>\n<meta property=\"article:modified_time\" content=\"2025-12-04T15:33:21+00:00\" \/>\n<meta property=\"og:image\" content=\"https:\/\/www.eliassen.nl\/wp-content\/uploads\/2024\/01\/vogeldrinkschaalgroeneliassentz62.jpg\" \/>\n\t<meta property=\"og:image:width\" content=\"560\" \/>\n\t<meta property=\"og:image:height\" content=\"560\" \/>\n\t<meta property=\"og:image:type\" content=\"image\/jpeg\" \/>\n<meta name=\"twitter:card\" content=\"summary_large_image\" \/>\n<script type=\"application\/ld+json\" class=\"yoast-schema-graph\">{\"@context\":\"https:\/\/schema.org\",\"@graph\":[{\"@type\":\"WebPage\",\"@id\":\"https:\/\/www.eliassen.nl\/de\/vogeltrankeset-aus-metall-grun-mit-vogeln-35-24cm\/\",\"url\":\"https:\/\/www.eliassen.nl\/de\/vogeltrankeset-aus-metall-grun-mit-vogeln-35-24cm\/\",\"name\":\"Vogeltrinkschale Set Metall gr\u00fcn mit V\u00f6geln 35-24cm\",\"isPartOf\":{\"@id\":\"https:\/\/www.eliassen.nl\/de\/#website\"},\"primaryImageOfPage\":{\"@id\":\"https:\/\/www.eliassen.nl\/de\/vogeltrankeset-aus-metall-grun-mit-vogeln-35-24cm\/#primaryimage\"},\"image\":{\"@id\":\"https:\/\/www.eliassen.nl\/de\/vogeltrankeset-aus-metall-grun-mit-vogeln-35-24cm\/#primaryimage\"},\"thumbnailUrl\":\"https:\/\/www.eliassen.nl\/wp-content\/uploads\/2024\/01\/vogeldrinkschaalgroeneliassentz62.jpg\",\"datePublished\":\"2023-11-02T11:24:40+00:00\",\"dateModified\":\"2025-12-04T15:33:21+00:00\",\"description\":\"Ein h\u00fcbsches Vogeltrinkgef\u00e4\u00df-Set in der Farbe Gr\u00fcn aus Metall. Eine dekorative Vogeltr\u00e4nke, die Sie sowohl in Ihrem Garten als auch auf Ihrem Balkon aufstellen k\u00f6nnen.\",\"breadcrumb\":{\"@id\":\"https:\/\/www.eliassen.nl\/de\/vogeltrankeset-aus-metall-grun-mit-vogeln-35-24cm\/#breadcrumb\"},\"inLanguage\":\"de\",\"potentialAction\":[{\"@type\":\"ReadAction\",\"target\":[\"https:\/\/www.eliassen.nl\/de\/vogeltrankeset-aus-metall-grun-mit-vogeln-35-24cm\/\"]}]},{\"@type\":\"ImageObject\",\"inLanguage\":\"de\",\"@id\":\"https:\/\/www.eliassen.nl\/de\/vogeltrankeset-aus-metall-grun-mit-vogeln-35-24cm\/#primaryimage\",\"url\":\"https:\/\/www.eliassen.nl\/wp-content\/uploads\/2024\/01\/vogeldrinkschaalgroeneliassentz62.jpg\",\"contentUrl\":\"https:\/\/www.eliassen.nl\/wp-content\/uploads\/2024\/01\/vogeldrinkschaalgroeneliassentz62.jpg\",\"width\":560,\"height\":560,\"caption\":\"Vogel Trinkschale gr\u00fcn eliassen tz-62\"},{\"@type\":\"BreadcrumbList\",\"@id\":\"https:\/\/www.eliassen.nl\/de\/vogeltrankeset-aus-metall-grun-mit-vogeln-35-24cm\/#breadcrumb\",\"itemListElement\":[{\"@type\":\"ListItem\",\"position\":1,\"name\":\"Home\",\"item\":\"https:\/\/www.eliassen.nl\/de\/\"},{\"@type\":\"ListItem\",\"position\":2,\"name\":\"Shop\",\"item\":\"https:\/\/www.eliassen.nl\/de\/shop\/\"},{\"@type\":\"ListItem\",\"position\":3,\"name\":\"Vogeltr\u00e4nken\",\"item\":\"https:\/\/www.eliassen.nl\/de\/vogeltraenken\/\"},{\"@type\":\"ListItem\",\"position\":4,\"name\":\"Vogeltrinkschale Set Metall gr\u00fcn mit V\u00f6geln 35-24cm\"}]},{\"@type\":\"WebSite\",\"@id\":\"https:\/\/www.eliassen.nl\/de\/#website\",\"url\":\"https:\/\/www.eliassen.nl\/de\/\",\"name\":\"Eliassen Home & Garden Pleasure\",\"description\":\"\",\"publisher\":{\"@id\":\"https:\/\/www.eliassen.nl\/de\/#organization\"},\"alternateName\":\"Eliassen.nl\",\"potentialAction\":[{\"@type\":\"SearchAction\",\"target\":{\"@type\":\"EntryPoint\",\"urlTemplate\":\"https:\/\/www.eliassen.nl\/de\/?s={search_term_string}\"},\"query-input\":{\"@type\":\"PropertyValueSpecification\",\"valueRequired\":true,\"valueName\":\"search_term_string\"}}],\"inLanguage\":\"de\"},{\"@type\":[\"Organization\",\"Place\"],\"@id\":\"https:\/\/www.eliassen.nl\/de\/#organization\",\"name\":\"Eliassen Home & Garden Pleasure\",\"url\":\"https:\/\/www.eliassen.nl\/de\/\",\"logo\":{\"@id\":\"https:\/\/www.eliassen.nl\/de\/vogeltrankeset-aus-metall-grun-mit-vogeln-35-24cm\/#local-main-organization-logo\"},\"image\":{\"@id\":\"https:\/\/www.eliassen.nl\/de\/vogeltrankeset-aus-metall-grun-mit-vogeln-35-24cm\/#local-main-organization-logo\"},\"sameAs\":[\"https:\/\/www.facebook.com\/TuincentrumEliassenAmmerzoden\",\"https:\/\/www.instagram.com\/eliassenhomeandgarden\/\",\"https:\/\/nl.pinterest.com\/eliassenhomeandgarden\/\",\"https:\/\/www.youtube.com\/@eliassenhomegardenpleasure4558\"],\"telephone\":[],\"openingHoursSpecification\":[{\"@type\":\"OpeningHoursSpecification\",\"dayOfWeek\":[\"Monday\",\"Tuesday\",\"Wednesday\",\"Thursday\",\"Friday\",\"Saturday\",\"Sunday\"],\"opens\":\"09:00\",\"closes\":\"17:00\"}]},{\"@type\":\"ImageObject\",\"inLanguage\":\"de\",\"@id\":\"https:\/\/www.eliassen.nl\/de\/vogeltrankeset-aus-metall-grun-mit-vogeln-35-24cm\/#local-main-organization-logo\",\"url\":\"https:\/\/www.eliassen.nl\/wp-content\/uploads\/2024\/01\/logo_4nd.jpg\",\"contentUrl\":\"https:\/\/www.eliassen.nl\/wp-content\/uploads\/2024\/01\/logo_4nd.jpg\",\"width\":500,\"height\":500,\"caption\":\"Eliassen Home & Garden Pleasure\"}]}<\/script>\n<meta property=\"product:price:amount\" content=\"18.95\" \/>\n<meta property=\"product:price:currency\" content=\"EUR\" \/>\n<meta property=\"og:availability\" content=\"instock\" \/>\n<meta property=\"product:availability\" content=\"instock\" \/>\n<meta property=\"product:retailer_item_id\" content=\"Tz-62\" \/>\n<meta property=\"product:condition\" content=\"new\" \/>\n<!-- \/ Yoast SEO Premium plugin. -->","yoast_head_json":{"title":"Vogeltrinkschale Set Metall gr\u00fcn mit V\u00f6geln 35-24cm","description":"Ein h\u00fcbsches Vogeltrinkgef\u00e4\u00df-Set in der Farbe Gr\u00fcn aus Metall. Eine dekorative Vogeltr\u00e4nke, die Sie sowohl in Ihrem Garten als auch auf Ihrem Balkon aufstellen k\u00f6nnen.","robots":{"index":"index","follow":"follow","max-snippet":"max-snippet:-1","max-image-preview":"max-image-preview:large","max-video-preview":"max-video-preview:-1"},"canonical":"https:\/\/www.eliassen.nl\/de\/vogeltrankeset-aus-metall-grun-mit-vogeln-35-24cm\/","og_locale":"de_DE","og_type":"article","og_title":"Sonstige Vogeltrinkschale Set Metall gr\u00fcn mit V\u00f6geln 35-24cm - Eliassen.nl","og_description":"Ein h\u00fcbsches Vogeltrinkgef\u00e4\u00df-Set in der Farbe Gr\u00fcn aus Metall. Eine dekorative Vogeltr\u00e4nke, die Sie sowohl in Ihrem Garten als auch auf Ihrem Balkon aufstellen k\u00f6nnen.","og_url":"https:\/\/www.eliassen.nl\/de\/vogeltrankeset-aus-metall-grun-mit-vogeln-35-24cm\/","og_site_name":"Eliassen.nl","article_publisher":"https:\/\/www.facebook.com\/TuincentrumEliassenAmmerzoden","article_modified_time":"2025-12-04T15:33:21+00:00","og_image":[{"width":560,"height":560,"url":"https:\/\/www.eliassen.nl\/wp-content\/uploads\/2024\/01\/vogeldrinkschaalgroeneliassentz62.jpg","type":"image\/jpeg"}],"twitter_card":"summary_large_image","schema":{"@context":"https:\/\/schema.org","@graph":[{"@type":"WebPage","@id":"https:\/\/www.eliassen.nl\/de\/vogeltrankeset-aus-metall-grun-mit-vogeln-35-24cm\/","url":"https:\/\/www.eliassen.nl\/de\/vogeltrankeset-aus-metall-grun-mit-vogeln-35-24cm\/","name":"Vogeltrinkschale Set Metall gr\u00fcn mit V\u00f6geln 35-24cm","isPartOf":{"@id":"https:\/\/www.eliassen.nl\/de\/#website"},"primaryImageOfPage":{"@id":"https:\/\/www.eliassen.nl\/de\/vogeltrankeset-aus-metall-grun-mit-vogeln-35-24cm\/#primaryimage"},"image":{"@id":"https:\/\/www.eliassen.nl\/de\/vogeltrankeset-aus-metall-grun-mit-vogeln-35-24cm\/#primaryimage"},"thumbnailUrl":"https:\/\/www.eliassen.nl\/wp-content\/uploads\/2024\/01\/vogeldrinkschaalgroeneliassentz62.jpg","datePublished":"2023-11-02T11:24:40+00:00","dateModified":"2025-12-04T15:33:21+00:00","description":"Ein h\u00fcbsches Vogeltrinkgef\u00e4\u00df-Set in der Farbe Gr\u00fcn aus Metall. Eine dekorative Vogeltr\u00e4nke, die Sie sowohl in Ihrem Garten als auch auf Ihrem Balkon aufstellen k\u00f6nnen.","breadcrumb":{"@id":"https:\/\/www.eliassen.nl\/de\/vogeltrankeset-aus-metall-grun-mit-vogeln-35-24cm\/#breadcrumb"},"inLanguage":"de","potentialAction":[{"@type":"ReadAction","target":["https:\/\/www.eliassen.nl\/de\/vogeltrankeset-aus-metall-grun-mit-vogeln-35-24cm\/"]}]},{"@type":"ImageObject","inLanguage":"de","@id":"https:\/\/www.eliassen.nl\/de\/vogeltrankeset-aus-metall-grun-mit-vogeln-35-24cm\/#primaryimage","url":"https:\/\/www.eliassen.nl\/wp-content\/uploads\/2024\/01\/vogeldrinkschaalgroeneliassentz62.jpg","contentUrl":"https:\/\/www.eliassen.nl\/wp-content\/uploads\/2024\/01\/vogeldrinkschaalgroeneliassentz62.jpg","width":560,"height":560,"caption":"Vogel Trinkschale gr\u00fcn eliassen tz-62"},{"@type":"BreadcrumbList","@id":"https:\/\/www.eliassen.nl\/de\/vogeltrankeset-aus-metall-grun-mit-vogeln-35-24cm\/#breadcrumb","itemListElement":[{"@type":"ListItem","position":1,"name":"Home","item":"https:\/\/www.eliassen.nl\/de\/"},{"@type":"ListItem","position":2,"name":"Shop","item":"https:\/\/www.eliassen.nl\/de\/shop\/"},{"@type":"ListItem","position":3,"name":"Vogeltr\u00e4nken","item":"https:\/\/www.eliassen.nl\/de\/vogeltraenken\/"},{"@type":"ListItem","position":4,"name":"Vogeltrinkschale Set Metall gr\u00fcn mit V\u00f6geln 35-24cm"}]},{"@type":"WebSite","@id":"https:\/\/www.eliassen.nl\/de\/#website","url":"https:\/\/www.eliassen.nl\/de\/","name":"Eliassen Home & Garden Pleasure","description":"","publisher":{"@id":"https:\/\/www.eliassen.nl\/de\/#organization"},"alternateName":"Eliassen.nl","potentialAction":[{"@type":"SearchAction","target":{"@type":"EntryPoint","urlTemplate":"https:\/\/www.eliassen.nl\/de\/?s={search_term_string}"},"query-input":{"@type":"PropertyValueSpecification","valueRequired":true,"valueName":"search_term_string"}}],"inLanguage":"de"},{"@type":["Organization","Place"],"@id":"https:\/\/www.eliassen.nl\/de\/#organization","name":"Eliassen Home & Garden Pleasure","url":"https:\/\/www.eliassen.nl\/de\/","logo":{"@id":"https:\/\/www.eliassen.nl\/de\/vogeltrankeset-aus-metall-grun-mit-vogeln-35-24cm\/#local-main-organization-logo"},"image":{"@id":"https:\/\/www.eliassen.nl\/de\/vogeltrankeset-aus-metall-grun-mit-vogeln-35-24cm\/#local-main-organization-logo"},"sameAs":["https:\/\/www.facebook.com\/TuincentrumEliassenAmmerzoden","https:\/\/www.instagram.com\/eliassenhomeandgarden\/","https:\/\/nl.pinterest.com\/eliassenhomeandgarden\/","https:\/\/www.youtube.com\/@eliassenhomegardenpleasure4558"],"telephone":[],"openingHoursSpecification":[{"@type":"OpeningHoursSpecification","dayOfWeek":["Monday","Tuesday","Wednesday","Thursday","Friday","Saturday","Sunday"],"opens":"09:00","closes":"17:00"}]},{"@type":"ImageObject","inLanguage":"de","@id":"https:\/\/www.eliassen.nl\/de\/vogeltrankeset-aus-metall-grun-mit-vogeln-35-24cm\/#local-main-organization-logo","url":"https:\/\/www.eliassen.nl\/wp-content\/uploads\/2024\/01\/logo_4nd.jpg","contentUrl":"https:\/\/www.eliassen.nl\/wp-content\/uploads\/2024\/01\/logo_4nd.jpg","width":500,"height":500,"caption":"Eliassen Home & Garden Pleasure"}]},"product_price_amount":"18.95","product_price_currency":"EUR","og_availability":"instock","product_availability":"instock","product_retailer_item_id":"Tz-62","product_condition":"new"},"df_price":18.95,"df_sale_price":"","df_regular_price":18.95,"df_image_link":"https:\/\/www.eliassen.nl\/wp-content\/uploads\/2024\/01\/vogeldrinkschaalgroeneliassentz62.jpg","image":"https:\/\/www.eliassen.nl\/wp-content\/uploads\/2024\/01\/vogeldrinkschaalgroeneliassentz62.jpg","price_search":"<span class=\"woocommerce-Price-amount amount\"><bdi><span class=\"woocommerce-Price-currencySymbol\">&euro;<\/span>&nbsp;18,95<\/bdi><\/span>","category":"Vogeltr\u00e4nken","global_unique_id":"6096522812867","_links":{"self":[{"href":"https:\/\/www.eliassen.nl\/de\/wp-json\/wp\/v2\/product\/96370","targetHints":{"allow":["GET"]}}],"collection":[{"href":"https:\/\/www.eliassen.nl\/de\/wp-json\/wp\/v2\/product"}],"about":[{"href":"https:\/\/www.eliassen.nl\/de\/wp-json\/wp\/v2\/types\/product"}],"wp:featuredmedia":[{"embeddable":true,"href":"https:\/\/www.eliassen.nl\/de\/wp-json\/wp\/v2\/media\/96364"}],"wp:attachment":[{"href":"https:\/\/www.eliassen.nl\/de\/wp-json\/wp\/v2\/media?parent=96370"}],"wp:term":[{"taxonomy":"product_brand","embeddable":true,"href":"https:\/\/www.eliassen.nl\/de\/wp-json\/wp\/v2\/product_brand?post=96370"},{"taxonomy":"product_cat","embeddable":true,"href":"https:\/\/www.eliassen.nl\/de\/wp-json\/wp\/v2\/product_cat?post=96370"},{"taxonomy":"product_tag","embeddable":true,"href":"https:\/\/www.eliassen.nl\/de\/wp-json\/wp\/v2\/product_tag?post=96370"}],"curies":[{"name":"wp","href":"https:\/\/api.w.org\/{rel}","templated":true}]}}