{"id":96361,"date":"2023-10-31T19:56:28","date_gmt":"2023-10-31T18:56:28","guid":{"rendered":"https:\/\/www.eliassen.nl\/?product=keien-plat-wit-5-8cm-15kg"},"modified":"2026-03-12T16:20:01","modified_gmt":"2026-03-12T15:20:01","slug":"kieselsteine-flach-weiss-58-cm-2-kg-beste-auswahl-zum-bemalen","status":"publish","type":"product","link":"https:\/\/www.eliassen.nl\/de\/kieselsteine-flach-weiss-58-cm-2-kg-beste-auswahl-zum-bemalen\/","title":{"rendered":"Felsbrocken flach wei\u00df beschichtet 5-8cm 2kg Ca. 16 St\u00fcck"},"content":{"rendered":"<p><video controls=\"controls\" width=\"300\" height=\"150\"><br \/>\n<\/video><\/p>\n<p>Sehr sch\u00f6ne aussortierte wei\u00dfe glatte Felsbrocken in der Gr\u00f6\u00dfe 50 bis 80mm. Flach in der Form, ideal zum Malen.<\/p>\n<p><strong>NUR 15-18 Ziegel pro Beutel. Es k\u00f6nnte also mehr oder weniger sein!<\/strong><\/p>\n<p>Diese beschichteten ovalen flachen Felsbl\u00f6cke sind beschichtet, haben aber manchmal schwarze Flecken, daher dieser Preis<\/p>\n<ul>\n<li>Auch live bei uns<\/li>\n<\/ul>\n","protected":false},"excerpt":{"rendered":"<p>Die feinste Auswahl aus sortierten Steinen, bestehend aus den besten Steinen zum Malen.<\/p>\n","protected":false},"featured_media":184942,"template":"","meta":{"_acf_changed":false,"_genesis_title":"","_genesis_description":""},"product_brand":[7505],"product_cat":[1460,752],"product_tag":[],"class_list":{"0":"post-96361","1":"product","2":"type-product","3":"status-publish","4":"has-post-thumbnail","6":"product_brand-sonstige","7":"product_cat-kieselsteine-zum-bemalen","8":"product_cat-weitere-artikel","10":"first","11":"outofstock","12":"taxable","13":"shipping-taxable","14":"purchasable","15":"product-type-simple"},"acf":[],"meta_all":{"total_sales":"170","wcml_sync_hash":{"postmeta_fields":"6383aba04be4b8f35cba12d650afb7c3"},"attr_label_translations":[],"cor_restricted_countries":[]},"meta_all_flat":{"total_sales":"170","wcml_sync_hash.postmeta_fields":"6383aba04be4b8f35cba12d650afb7c3"},"yoast_head":"<!-- This site is optimized with the Yoast SEO Premium plugin v26.2 (Yoast SEO v27.2) - https:\/\/yoast.com\/product\/yoast-seo-premium-wordpress\/ -->\n<title>Felsbrocken flach wei\u00df 5-8cm 2kg sortiert - Eliassen.nl<\/title>\n<meta name=\"description\" content=\"Steine zum Malen? Werfen Sie einen Blick in unseren Webshop, auch Live-Abholung. Am billigsten in NL !!!\" \/>\n<meta name=\"robots\" content=\"index, follow, max-snippet:-1, max-image-preview:large, max-video-preview:-1\" \/>\n<link rel=\"canonical\" href=\"https:\/\/www.eliassen.nl\/de\/kieselsteine-flach-weiss-58-cm-2-kg-beste-auswahl-zum-bemalen\/\" \/>\n<meta property=\"og:locale\" content=\"de_DE\" \/>\n<meta property=\"og:type\" content=\"article\" \/>\n<meta property=\"og:title\" content=\"Sonstige Felsbrocken flach wei\u00df beschichtet 5-8cm 2kg Ca. 16 St\u00fcck - Eliassen.nl\" \/>\n<meta property=\"og:description\" content=\"Steine zum Malen? Werfen Sie einen Blick in unseren Webshop, auch Live-Abholung. Am billigsten in NL !!!\" \/>\n<meta property=\"og:url\" content=\"https:\/\/www.eliassen.nl\/de\/kieselsteine-flach-weiss-58-cm-2-kg-beste-auswahl-zum-bemalen\/\" \/>\n<meta property=\"og:site_name\" content=\"Eliassen.nl\" \/>\n<meta property=\"article:publisher\" content=\"https:\/\/www.facebook.com\/TuincentrumEliassenAmmerzoden\" \/>\n<meta property=\"article:modified_time\" content=\"2026-03-12T15:20:01+00:00\" \/>\n<meta property=\"og:image\" content=\"https:\/\/www.eliassen.nl\/wp-content\/uploads\/2023\/10\/JPEG_20250614_105928_4087114502960371327-scaled.jpg\" \/>\n\t<meta property=\"og:image:width\" content=\"1920\" \/>\n\t<meta property=\"og:image:height\" content=\"2560\" \/>\n\t<meta property=\"og:image:type\" content=\"image\/jpeg\" \/>\n<meta name=\"twitter:card\" content=\"summary_large_image\" \/>\n<script type=\"application\/ld+json\" class=\"yoast-schema-graph\">{\"@context\":\"https:\/\/schema.org\",\"@graph\":[{\"@type\":\"WebPage\",\"@id\":\"https:\/\/www.eliassen.nl\/de\/kieselsteine-flach-weiss-58-cm-2-kg-beste-auswahl-zum-bemalen\/\",\"url\":\"https:\/\/www.eliassen.nl\/de\/kieselsteine-flach-weiss-58-cm-2-kg-beste-auswahl-zum-bemalen\/\",\"name\":\"Felsbrocken flach wei\u00df 5-8cm 2kg sortiert - Eliassen.nl\",\"isPartOf\":{\"@id\":\"https:\/\/www.eliassen.nl\/de\/#website\"},\"primaryImageOfPage\":{\"@id\":\"https:\/\/www.eliassen.nl\/de\/kieselsteine-flach-weiss-58-cm-2-kg-beste-auswahl-zum-bemalen\/#primaryimage\"},\"image\":{\"@id\":\"https:\/\/www.eliassen.nl\/de\/kieselsteine-flach-weiss-58-cm-2-kg-beste-auswahl-zum-bemalen\/#primaryimage\"},\"thumbnailUrl\":\"https:\/\/www.eliassen.nl\/wp-content\/uploads\/2023\/10\/JPEG_20250614_105928_4087114502960371327-scaled.jpg\",\"datePublished\":\"2023-10-31T18:56:28+00:00\",\"dateModified\":\"2026-03-12T15:20:01+00:00\",\"description\":\"Steine zum Malen? Werfen Sie einen Blick in unseren Webshop, auch Live-Abholung. Am billigsten in NL !!!\",\"breadcrumb\":{\"@id\":\"https:\/\/www.eliassen.nl\/de\/kieselsteine-flach-weiss-58-cm-2-kg-beste-auswahl-zum-bemalen\/#breadcrumb\"},\"inLanguage\":\"de\",\"potentialAction\":[{\"@type\":\"ReadAction\",\"target\":[\"https:\/\/www.eliassen.nl\/de\/kieselsteine-flach-weiss-58-cm-2-kg-beste-auswahl-zum-bemalen\/\"]}]},{\"@type\":\"ImageObject\",\"inLanguage\":\"de\",\"@id\":\"https:\/\/www.eliassen.nl\/de\/kieselsteine-flach-weiss-58-cm-2-kg-beste-auswahl-zum-bemalen\/#primaryimage\",\"url\":\"https:\/\/www.eliassen.nl\/wp-content\/uploads\/2023\/10\/JPEG_20250614_105928_4087114502960371327-scaled.jpg\",\"contentUrl\":\"https:\/\/www.eliassen.nl\/wp-content\/uploads\/2023\/10\/JPEG_20250614_105928_4087114502960371327-scaled.jpg\",\"width\":1920,\"height\":2560},{\"@type\":\"BreadcrumbList\",\"@id\":\"https:\/\/www.eliassen.nl\/de\/kieselsteine-flach-weiss-58-cm-2-kg-beste-auswahl-zum-bemalen\/#breadcrumb\",\"itemListElement\":[{\"@type\":\"ListItem\",\"position\":1,\"name\":\"Home\",\"item\":\"https:\/\/www.eliassen.nl\/de\/\"},{\"@type\":\"ListItem\",\"position\":2,\"name\":\"Shop\",\"item\":\"https:\/\/www.eliassen.nl\/de\/shop\/\"},{\"@type\":\"ListItem\",\"position\":3,\"name\":\"Weitere Artikel\",\"item\":\"https:\/\/www.eliassen.nl\/de\/weitere-artikel\/\"},{\"@type\":\"ListItem\",\"position\":4,\"name\":\"Felsbrocken flach wei\u00df beschichtet 5-8cm 2kg Ca. 16 St\u00fcck\"}]},{\"@type\":\"WebSite\",\"@id\":\"https:\/\/www.eliassen.nl\/de\/#website\",\"url\":\"https:\/\/www.eliassen.nl\/de\/\",\"name\":\"Eliassen Home & Garden Pleasure\",\"description\":\"\",\"publisher\":{\"@id\":\"https:\/\/www.eliassen.nl\/de\/#organization\"},\"alternateName\":\"Eliassen.nl\",\"potentialAction\":[{\"@type\":\"SearchAction\",\"target\":{\"@type\":\"EntryPoint\",\"urlTemplate\":\"https:\/\/www.eliassen.nl\/de\/?s={search_term_string}\"},\"query-input\":{\"@type\":\"PropertyValueSpecification\",\"valueRequired\":true,\"valueName\":\"search_term_string\"}}],\"inLanguage\":\"de\"},{\"@type\":[\"Organization\",\"Place\"],\"@id\":\"https:\/\/www.eliassen.nl\/de\/#organization\",\"name\":\"Eliassen Home & Garden Pleasure\",\"url\":\"https:\/\/www.eliassen.nl\/de\/\",\"logo\":{\"@id\":\"https:\/\/www.eliassen.nl\/de\/kieselsteine-flach-weiss-58-cm-2-kg-beste-auswahl-zum-bemalen\/#local-main-organization-logo\"},\"image\":{\"@id\":\"https:\/\/www.eliassen.nl\/de\/kieselsteine-flach-weiss-58-cm-2-kg-beste-auswahl-zum-bemalen\/#local-main-organization-logo\"},\"sameAs\":[\"https:\/\/www.facebook.com\/TuincentrumEliassenAmmerzoden\",\"https:\/\/www.instagram.com\/eliassenhomeandgarden\/\",\"https:\/\/nl.pinterest.com\/eliassenhomeandgarden\/\",\"https:\/\/www.youtube.com\/@eliassenhomegardenpleasure4558\"],\"telephone\":[],\"openingHoursSpecification\":[{\"@type\":\"OpeningHoursSpecification\",\"dayOfWeek\":[\"Monday\",\"Tuesday\",\"Wednesday\",\"Thursday\",\"Friday\",\"Saturday\",\"Sunday\"],\"opens\":\"09:00\",\"closes\":\"17:00\"}]},{\"@type\":\"ImageObject\",\"inLanguage\":\"de\",\"@id\":\"https:\/\/www.eliassen.nl\/de\/kieselsteine-flach-weiss-58-cm-2-kg-beste-auswahl-zum-bemalen\/#local-main-organization-logo\",\"url\":\"https:\/\/www.eliassen.nl\/wp-content\/uploads\/2024\/01\/logo_4nd.jpg\",\"contentUrl\":\"https:\/\/www.eliassen.nl\/wp-content\/uploads\/2024\/01\/logo_4nd.jpg\",\"width\":500,\"height\":500,\"caption\":\"Eliassen Home & Garden Pleasure\"}]}<\/script>\n<meta property=\"product:price:amount\" content=\"5.00\" \/>\n<meta property=\"product:price:currency\" content=\"EUR\" \/>\n<meta property=\"og:availability\" content=\"out of stock\" \/>\n<meta property=\"product:availability\" content=\"out of stock\" \/>\n<meta property=\"product:retailer_item_id\" content=\"Whifl5080 2kg\" \/>\n<meta property=\"product:condition\" content=\"new\" \/>\n<!-- \/ Yoast SEO Premium plugin. -->","yoast_head_json":{"title":"Felsbrocken flach wei\u00df 5-8cm 2kg sortiert - Eliassen.nl","description":"Steine zum Malen? Werfen Sie einen Blick in unseren Webshop, auch Live-Abholung. Am billigsten in NL !!!","robots":{"index":"index","follow":"follow","max-snippet":"max-snippet:-1","max-image-preview":"max-image-preview:large","max-video-preview":"max-video-preview:-1"},"canonical":"https:\/\/www.eliassen.nl\/de\/kieselsteine-flach-weiss-58-cm-2-kg-beste-auswahl-zum-bemalen\/","og_locale":"de_DE","og_type":"article","og_title":"Sonstige Felsbrocken flach wei\u00df beschichtet 5-8cm 2kg Ca. 16 St\u00fcck - Eliassen.nl","og_description":"Steine zum Malen? Werfen Sie einen Blick in unseren Webshop, auch Live-Abholung. Am billigsten in NL !!!","og_url":"https:\/\/www.eliassen.nl\/de\/kieselsteine-flach-weiss-58-cm-2-kg-beste-auswahl-zum-bemalen\/","og_site_name":"Eliassen.nl","article_publisher":"https:\/\/www.facebook.com\/TuincentrumEliassenAmmerzoden","article_modified_time":"2026-03-12T15:20:01+00:00","og_image":[{"width":1920,"height":2560,"url":"https:\/\/www.eliassen.nl\/wp-content\/uploads\/2023\/10\/JPEG_20250614_105928_4087114502960371327-scaled.jpg","type":"image\/jpeg"}],"twitter_card":"summary_large_image","schema":{"@context":"https:\/\/schema.org","@graph":[{"@type":"WebPage","@id":"https:\/\/www.eliassen.nl\/de\/kieselsteine-flach-weiss-58-cm-2-kg-beste-auswahl-zum-bemalen\/","url":"https:\/\/www.eliassen.nl\/de\/kieselsteine-flach-weiss-58-cm-2-kg-beste-auswahl-zum-bemalen\/","name":"Felsbrocken flach wei\u00df 5-8cm 2kg sortiert - Eliassen.nl","isPartOf":{"@id":"https:\/\/www.eliassen.nl\/de\/#website"},"primaryImageOfPage":{"@id":"https:\/\/www.eliassen.nl\/de\/kieselsteine-flach-weiss-58-cm-2-kg-beste-auswahl-zum-bemalen\/#primaryimage"},"image":{"@id":"https:\/\/www.eliassen.nl\/de\/kieselsteine-flach-weiss-58-cm-2-kg-beste-auswahl-zum-bemalen\/#primaryimage"},"thumbnailUrl":"https:\/\/www.eliassen.nl\/wp-content\/uploads\/2023\/10\/JPEG_20250614_105928_4087114502960371327-scaled.jpg","datePublished":"2023-10-31T18:56:28+00:00","dateModified":"2026-03-12T15:20:01+00:00","description":"Steine zum Malen? Werfen Sie einen Blick in unseren Webshop, auch Live-Abholung. Am billigsten in NL !!!","breadcrumb":{"@id":"https:\/\/www.eliassen.nl\/de\/kieselsteine-flach-weiss-58-cm-2-kg-beste-auswahl-zum-bemalen\/#breadcrumb"},"inLanguage":"de","potentialAction":[{"@type":"ReadAction","target":["https:\/\/www.eliassen.nl\/de\/kieselsteine-flach-weiss-58-cm-2-kg-beste-auswahl-zum-bemalen\/"]}]},{"@type":"ImageObject","inLanguage":"de","@id":"https:\/\/www.eliassen.nl\/de\/kieselsteine-flach-weiss-58-cm-2-kg-beste-auswahl-zum-bemalen\/#primaryimage","url":"https:\/\/www.eliassen.nl\/wp-content\/uploads\/2023\/10\/JPEG_20250614_105928_4087114502960371327-scaled.jpg","contentUrl":"https:\/\/www.eliassen.nl\/wp-content\/uploads\/2023\/10\/JPEG_20250614_105928_4087114502960371327-scaled.jpg","width":1920,"height":2560},{"@type":"BreadcrumbList","@id":"https:\/\/www.eliassen.nl\/de\/kieselsteine-flach-weiss-58-cm-2-kg-beste-auswahl-zum-bemalen\/#breadcrumb","itemListElement":[{"@type":"ListItem","position":1,"name":"Home","item":"https:\/\/www.eliassen.nl\/de\/"},{"@type":"ListItem","position":2,"name":"Shop","item":"https:\/\/www.eliassen.nl\/de\/shop\/"},{"@type":"ListItem","position":3,"name":"Weitere Artikel","item":"https:\/\/www.eliassen.nl\/de\/weitere-artikel\/"},{"@type":"ListItem","position":4,"name":"Felsbrocken flach wei\u00df beschichtet 5-8cm 2kg Ca. 16 St\u00fcck"}]},{"@type":"WebSite","@id":"https:\/\/www.eliassen.nl\/de\/#website","url":"https:\/\/www.eliassen.nl\/de\/","name":"Eliassen Home & Garden Pleasure","description":"","publisher":{"@id":"https:\/\/www.eliassen.nl\/de\/#organization"},"alternateName":"Eliassen.nl","potentialAction":[{"@type":"SearchAction","target":{"@type":"EntryPoint","urlTemplate":"https:\/\/www.eliassen.nl\/de\/?s={search_term_string}"},"query-input":{"@type":"PropertyValueSpecification","valueRequired":true,"valueName":"search_term_string"}}],"inLanguage":"de"},{"@type":["Organization","Place"],"@id":"https:\/\/www.eliassen.nl\/de\/#organization","name":"Eliassen Home & Garden Pleasure","url":"https:\/\/www.eliassen.nl\/de\/","logo":{"@id":"https:\/\/www.eliassen.nl\/de\/kieselsteine-flach-weiss-58-cm-2-kg-beste-auswahl-zum-bemalen\/#local-main-organization-logo"},"image":{"@id":"https:\/\/www.eliassen.nl\/de\/kieselsteine-flach-weiss-58-cm-2-kg-beste-auswahl-zum-bemalen\/#local-main-organization-logo"},"sameAs":["https:\/\/www.facebook.com\/TuincentrumEliassenAmmerzoden","https:\/\/www.instagram.com\/eliassenhomeandgarden\/","https:\/\/nl.pinterest.com\/eliassenhomeandgarden\/","https:\/\/www.youtube.com\/@eliassenhomegardenpleasure4558"],"telephone":[],"openingHoursSpecification":[{"@type":"OpeningHoursSpecification","dayOfWeek":["Monday","Tuesday","Wednesday","Thursday","Friday","Saturday","Sunday"],"opens":"09:00","closes":"17:00"}]},{"@type":"ImageObject","inLanguage":"de","@id":"https:\/\/www.eliassen.nl\/de\/kieselsteine-flach-weiss-58-cm-2-kg-beste-auswahl-zum-bemalen\/#local-main-organization-logo","url":"https:\/\/www.eliassen.nl\/wp-content\/uploads\/2024\/01\/logo_4nd.jpg","contentUrl":"https:\/\/www.eliassen.nl\/wp-content\/uploads\/2024\/01\/logo_4nd.jpg","width":500,"height":500,"caption":"Eliassen Home & Garden Pleasure"}]},"product_price_amount":"5.00","product_price_currency":"EUR","og_availability":"out of stock","product_availability":"out of stock","product_retailer_item_id":"Whifl5080 2kg","product_condition":"new"},"df_price":5,"df_sale_price":"","df_regular_price":5,"df_image_link":"https:\/\/www.eliassen.nl\/wp-content\/uploads\/2023\/10\/JPEG_20250614_105928_4087114502960371327-225x300.jpg","image":"https:\/\/www.eliassen.nl\/wp-content\/uploads\/2023\/10\/JPEG_20250614_105928_4087114502960371327-150x150.jpg","price_search":"<span class=\"woocommerce-Price-amount amount\"><bdi><span class=\"woocommerce-Price-currencySymbol\">&euro;<\/span>&nbsp;5,00<\/bdi><\/span>","category":"Kieselsteine zum Bemalen","global_unique_id":"6096537919995","_links":{"self":[{"href":"https:\/\/www.eliassen.nl\/de\/wp-json\/wp\/v2\/product\/96361","targetHints":{"allow":["GET"]}}],"collection":[{"href":"https:\/\/www.eliassen.nl\/de\/wp-json\/wp\/v2\/product"}],"about":[{"href":"https:\/\/www.eliassen.nl\/de\/wp-json\/wp\/v2\/types\/product"}],"wp:featuredmedia":[{"embeddable":true,"href":"https:\/\/www.eliassen.nl\/de\/wp-json\/wp\/v2\/media\/184942"}],"wp:attachment":[{"href":"https:\/\/www.eliassen.nl\/de\/wp-json\/wp\/v2\/media?parent=96361"}],"wp:term":[{"taxonomy":"product_brand","embeddable":true,"href":"https:\/\/www.eliassen.nl\/de\/wp-json\/wp\/v2\/product_brand?post=96361"},{"taxonomy":"product_cat","embeddable":true,"href":"https:\/\/www.eliassen.nl\/de\/wp-json\/wp\/v2\/product_cat?post=96361"},{"taxonomy":"product_tag","embeddable":true,"href":"https:\/\/www.eliassen.nl\/de\/wp-json\/wp\/v2\/product_tag?post=96361"}],"curies":[{"name":"wp","href":"https:\/\/api.w.org\/{rel}","templated":true}]}}