{"id":96193,"date":"2023-10-27T14:41:13","date_gmt":"2023-10-27T14:41:13","guid":{"rendered":"https:\/\/www.eliassen.nl\/?product=glaslamp-ovaal-earth-40cm"},"modified":"2026-02-06T13:58:07","modified_gmt":"2026-02-06T12:58:07","slug":"glaslampe-oval-erde-40cm","status":"publish","type":"product","link":"https:\/\/www.eliassen.nl\/de\/glaslampe-oval-erde-40cm\/","title":{"rendered":"Glaslampe Oval Erde 40cm"},"content":{"rendered":"<p data-path-to-node=\"1\">Bringen Sie die warmen T\u00f6ne der Natur in Ihr Zuhause mit der sch\u00f6nen Glaslampe &#8218;Earth&#8216;. Dieses ovale Modell, mit einer H\u00f6he von ca. 40 cm, ist ein einzigartiges Kunstwerk der Marke Loranto. Die Lampe ist aus hochwertigem b\u00f6hmischen Glas mundgeblasen, wobei die erdigen Farben des Glases einen rustikalen und nat\u00fcrlichen Look erzeugen. Wenn Sie die Lichter einschalten, erzeugt die Farbkombination einen stimmungsvollen und warmen Lichteffekt, der sofort Gem\u00fctlichkeit in jeden Raum bringt.<\/p>\n<p data-path-to-node=\"2\">Da jede Lampe handgefertigt ist, gleicht keine von ihnen in Form und Farbmuster der anderen, so dass Sie immer ein einzigartiges Objekt besitzen. Bitte beachten Sie, dass bei mundgeblasenen Glasartikeln immer Unebenheiten wie z.B. ein Minipunkt oder eine Luftblase auftreten k\u00f6nnen; dies ist der Handarbeit geschuldet und kann nicht reklamiert werden. Die Lampe hat eine E27 Fassung und ein 1,5 Meter langes Kabel mit Schalter. Hinweis: Verwenden Sie in dieser Lampe nur LED-Lampen, da diese Art von Lampe kaum W\u00e4rme erzeugt und Hitze im Glas vermieden werden sollte. M\u00f6chten Sie diese einzigartige Lampe lieber erst in echt bewundern? Dann kommen Sie doch einfach in unserem Ausstellungsraum vorbei.<\/p>\n","protected":false},"excerpt":{"rendered":"<p>Diese einzigartige Lampe aus mundgeblasenem Glas &#8218;Earth&#8216; von Loranto (40cm) hat ein ovales Design mit warmen, erdigen T\u00f6nen. Das handgefertigte b\u00f6hmische Glas sorgt f\u00fcr stimmungsvolle und nat\u00fcrliche Beleuchtung in Ihrem Zuhause.<\/p>\n","protected":false},"featured_media":197643,"template":"","meta":{"_acf_changed":false,"_genesis_title":"","_genesis_description":""},"product_brand":[6958],"product_cat":[800,749,809,746],"product_tag":[],"class_list":{"0":"post-96193","1":"product","2":"type-product","3":"status-publish","4":"has-post-thumbnail","6":"product_brand-loranto-de","7":"product_cat-glaskunst","8":"product_cat-glaslampen","10":"product_cat-stimmungsvolle-beleuchtung","12":"first","13":"instock","14":"taxable","15":"shipping-taxable","16":"purchasable","17":"product-type-simple"},"acf":[],"meta_all":{"total_sales":"1","wcml_sync_hash":{"postmeta_fields":"3b78b7abfd56d76f587fb1a3b4bb8c5f"},"attr_label_translations":[],"cor_restricted_countries":[]},"meta_all_flat":{"total_sales":"1","wcml_sync_hash.postmeta_fields":"3b78b7abfd56d76f587fb1a3b4bb8c5f"},"yoast_head":"<!-- This site is optimized with the Yoast SEO Premium plugin v26.2 (Yoast SEO v27.2) - https:\/\/yoast.com\/product\/yoast-seo-premium-wordpress\/ -->\n<title>Glaslampe oval Erde 40cm - Eliassen.nl<\/title>\n<meta name=\"description\" content=\"Einzigartige Loranto Glaslampe &#039;Earth&#039; (40cm) aus mundgeblasenem b\u00f6hmischen Glas. Atmosph\u00e4risches Design mit warmen Erdt\u00f6nen. Bestellen Sie dieses Kunstwerk direkt online!\" \/>\n<meta name=\"robots\" content=\"index, follow, max-snippet:-1, max-image-preview:large, max-video-preview:-1\" \/>\n<link rel=\"canonical\" href=\"https:\/\/www.eliassen.nl\/de\/glaslampe-oval-erde-40cm\/\" \/>\n<meta property=\"og:locale\" content=\"de_DE\" \/>\n<meta property=\"og:type\" content=\"article\" \/>\n<meta property=\"og:title\" content=\"Loranto Glaslampe Oval Erde 40cm - Eliassen.nl\" \/>\n<meta property=\"og:description\" content=\"Einzigartige Loranto Glaslampe &#039;Earth&#039; (40cm) aus mundgeblasenem b\u00f6hmischen Glas. Atmosph\u00e4risches Design mit warmen Erdt\u00f6nen. Bestellen Sie dieses Kunstwerk direkt online!\" \/>\n<meta property=\"og:url\" content=\"https:\/\/www.eliassen.nl\/de\/glaslampe-oval-erde-40cm\/\" \/>\n<meta property=\"og:site_name\" content=\"Eliassen.nl\" \/>\n<meta property=\"article:publisher\" content=\"https:\/\/www.facebook.com\/TuincentrumEliassenAmmerzoden\" \/>\n<meta property=\"article:modified_time\" content=\"2026-02-06T12:58:07+00:00\" \/>\n<meta property=\"og:image\" content=\"https:\/\/www.eliassen.nl\/wp-content\/uploads\/2023\/10\/1000071919-scaled.jpg\" \/>\n\t<meta property=\"og:image:width\" content=\"1920\" \/>\n\t<meta property=\"og:image:height\" content=\"2560\" \/>\n\t<meta property=\"og:image:type\" content=\"image\/jpeg\" \/>\n<meta name=\"twitter:card\" content=\"summary_large_image\" \/>\n<script type=\"application\/ld+json\" class=\"yoast-schema-graph\">{\"@context\":\"https:\/\/schema.org\",\"@graph\":[{\"@type\":\"WebPage\",\"@id\":\"https:\/\/www.eliassen.nl\/de\/glaslampe-oval-erde-40cm\/\",\"url\":\"https:\/\/www.eliassen.nl\/de\/glaslampe-oval-erde-40cm\/\",\"name\":\"Glaslampe oval Erde 40cm - Eliassen.nl\",\"isPartOf\":{\"@id\":\"https:\/\/www.eliassen.nl\/de\/#website\"},\"primaryImageOfPage\":{\"@id\":\"https:\/\/www.eliassen.nl\/de\/glaslampe-oval-erde-40cm\/#primaryimage\"},\"image\":{\"@id\":\"https:\/\/www.eliassen.nl\/de\/glaslampe-oval-erde-40cm\/#primaryimage\"},\"thumbnailUrl\":\"https:\/\/www.eliassen.nl\/wp-content\/uploads\/2023\/10\/1000071919-scaled.jpg\",\"datePublished\":\"2023-10-27T14:41:13+00:00\",\"dateModified\":\"2026-02-06T12:58:07+00:00\",\"description\":\"Einzigartige Loranto Glaslampe 'Earth' (40cm) aus mundgeblasenem b\u00f6hmischen Glas. Atmosph\u00e4risches Design mit warmen Erdt\u00f6nen. Bestellen Sie dieses Kunstwerk direkt online!\",\"breadcrumb\":{\"@id\":\"https:\/\/www.eliassen.nl\/de\/glaslampe-oval-erde-40cm\/#breadcrumb\"},\"inLanguage\":\"de\",\"potentialAction\":[{\"@type\":\"ReadAction\",\"target\":[\"https:\/\/www.eliassen.nl\/de\/glaslampe-oval-erde-40cm\/\"]}]},{\"@type\":\"ImageObject\",\"inLanguage\":\"de\",\"@id\":\"https:\/\/www.eliassen.nl\/de\/glaslampe-oval-erde-40cm\/#primaryimage\",\"url\":\"https:\/\/www.eliassen.nl\/wp-content\/uploads\/2023\/10\/1000071919-scaled.jpg\",\"contentUrl\":\"https:\/\/www.eliassen.nl\/wp-content\/uploads\/2023\/10\/1000071919-scaled.jpg\",\"width\":1920,\"height\":2560},{\"@type\":\"BreadcrumbList\",\"@id\":\"https:\/\/www.eliassen.nl\/de\/glaslampe-oval-erde-40cm\/#breadcrumb\",\"itemListElement\":[{\"@type\":\"ListItem\",\"position\":1,\"name\":\"Home\",\"item\":\"https:\/\/www.eliassen.nl\/de\/\"},{\"@type\":\"ListItem\",\"position\":2,\"name\":\"Shop\",\"item\":\"https:\/\/www.eliassen.nl\/de\/shop\/\"},{\"@type\":\"ListItem\",\"position\":3,\"name\":\"Stimmungsvolle Beleuchtung\",\"item\":\"https:\/\/www.eliassen.nl\/de\/stimmungsvolle-beleuchtung\/\"},{\"@type\":\"ListItem\",\"position\":4,\"name\":\"Glaslampen\",\"item\":\"https:\/\/www.eliassen.nl\/de\/stimmungsvolle-beleuchtung\/glaslampen\/\"},{\"@type\":\"ListItem\",\"position\":5,\"name\":\"Glaslampe Oval Erde 40cm\"}]},{\"@type\":\"WebSite\",\"@id\":\"https:\/\/www.eliassen.nl\/de\/#website\",\"url\":\"https:\/\/www.eliassen.nl\/de\/\",\"name\":\"Eliassen Home & Garden Pleasure\",\"description\":\"\",\"publisher\":{\"@id\":\"https:\/\/www.eliassen.nl\/de\/#organization\"},\"alternateName\":\"Eliassen.nl\",\"potentialAction\":[{\"@type\":\"SearchAction\",\"target\":{\"@type\":\"EntryPoint\",\"urlTemplate\":\"https:\/\/www.eliassen.nl\/de\/?s={search_term_string}\"},\"query-input\":{\"@type\":\"PropertyValueSpecification\",\"valueRequired\":true,\"valueName\":\"search_term_string\"}}],\"inLanguage\":\"de\"},{\"@type\":[\"Organization\",\"Place\"],\"@id\":\"https:\/\/www.eliassen.nl\/de\/#organization\",\"name\":\"Eliassen Home & Garden Pleasure\",\"url\":\"https:\/\/www.eliassen.nl\/de\/\",\"logo\":{\"@id\":\"https:\/\/www.eliassen.nl\/de\/glaslampe-oval-erde-40cm\/#local-main-organization-logo\"},\"image\":{\"@id\":\"https:\/\/www.eliassen.nl\/de\/glaslampe-oval-erde-40cm\/#local-main-organization-logo\"},\"sameAs\":[\"https:\/\/www.facebook.com\/TuincentrumEliassenAmmerzoden\",\"https:\/\/www.instagram.com\/eliassenhomeandgarden\/\",\"https:\/\/nl.pinterest.com\/eliassenhomeandgarden\/\",\"https:\/\/www.youtube.com\/@eliassenhomegardenpleasure4558\"],\"telephone\":[],\"openingHoursSpecification\":[{\"@type\":\"OpeningHoursSpecification\",\"dayOfWeek\":[\"Monday\",\"Tuesday\",\"Wednesday\",\"Thursday\",\"Friday\",\"Saturday\",\"Sunday\"],\"opens\":\"09:00\",\"closes\":\"17:00\"}]},{\"@type\":\"ImageObject\",\"inLanguage\":\"de\",\"@id\":\"https:\/\/www.eliassen.nl\/de\/glaslampe-oval-erde-40cm\/#local-main-organization-logo\",\"url\":\"https:\/\/www.eliassen.nl\/wp-content\/uploads\/2024\/01\/logo_4nd.jpg\",\"contentUrl\":\"https:\/\/www.eliassen.nl\/wp-content\/uploads\/2024\/01\/logo_4nd.jpg\",\"width\":500,\"height\":500,\"caption\":\"Eliassen Home & Garden Pleasure\"}]}<\/script>\n<meta property=\"product:price:amount\" content=\"169.50\" \/>\n<meta property=\"product:price:currency\" content=\"EUR\" \/>\n<meta property=\"og:availability\" content=\"instock\" \/>\n<meta property=\"product:availability\" content=\"instock\" \/>\n<meta property=\"product:retailer_item_id\" content=\"11.40.k01\" \/>\n<meta property=\"product:condition\" content=\"new\" \/>\n<!-- \/ Yoast SEO Premium plugin. -->","yoast_head_json":{"title":"Glaslampe oval Erde 40cm - Eliassen.nl","description":"Einzigartige Loranto Glaslampe 'Earth' (40cm) aus mundgeblasenem b\u00f6hmischen Glas. Atmosph\u00e4risches Design mit warmen Erdt\u00f6nen. Bestellen Sie dieses Kunstwerk direkt online!","robots":{"index":"index","follow":"follow","max-snippet":"max-snippet:-1","max-image-preview":"max-image-preview:large","max-video-preview":"max-video-preview:-1"},"canonical":"https:\/\/www.eliassen.nl\/de\/glaslampe-oval-erde-40cm\/","og_locale":"de_DE","og_type":"article","og_title":"Loranto Glaslampe Oval Erde 40cm - Eliassen.nl","og_description":"Einzigartige Loranto Glaslampe 'Earth' (40cm) aus mundgeblasenem b\u00f6hmischen Glas. Atmosph\u00e4risches Design mit warmen Erdt\u00f6nen. Bestellen Sie dieses Kunstwerk direkt online!","og_url":"https:\/\/www.eliassen.nl\/de\/glaslampe-oval-erde-40cm\/","og_site_name":"Eliassen.nl","article_publisher":"https:\/\/www.facebook.com\/TuincentrumEliassenAmmerzoden","article_modified_time":"2026-02-06T12:58:07+00:00","og_image":[{"width":1920,"height":2560,"url":"https:\/\/www.eliassen.nl\/wp-content\/uploads\/2023\/10\/1000071919-scaled.jpg","type":"image\/jpeg"}],"twitter_card":"summary_large_image","schema":{"@context":"https:\/\/schema.org","@graph":[{"@type":"WebPage","@id":"https:\/\/www.eliassen.nl\/de\/glaslampe-oval-erde-40cm\/","url":"https:\/\/www.eliassen.nl\/de\/glaslampe-oval-erde-40cm\/","name":"Glaslampe oval Erde 40cm - Eliassen.nl","isPartOf":{"@id":"https:\/\/www.eliassen.nl\/de\/#website"},"primaryImageOfPage":{"@id":"https:\/\/www.eliassen.nl\/de\/glaslampe-oval-erde-40cm\/#primaryimage"},"image":{"@id":"https:\/\/www.eliassen.nl\/de\/glaslampe-oval-erde-40cm\/#primaryimage"},"thumbnailUrl":"https:\/\/www.eliassen.nl\/wp-content\/uploads\/2023\/10\/1000071919-scaled.jpg","datePublished":"2023-10-27T14:41:13+00:00","dateModified":"2026-02-06T12:58:07+00:00","description":"Einzigartige Loranto Glaslampe 'Earth' (40cm) aus mundgeblasenem b\u00f6hmischen Glas. Atmosph\u00e4risches Design mit warmen Erdt\u00f6nen. Bestellen Sie dieses Kunstwerk direkt online!","breadcrumb":{"@id":"https:\/\/www.eliassen.nl\/de\/glaslampe-oval-erde-40cm\/#breadcrumb"},"inLanguage":"de","potentialAction":[{"@type":"ReadAction","target":["https:\/\/www.eliassen.nl\/de\/glaslampe-oval-erde-40cm\/"]}]},{"@type":"ImageObject","inLanguage":"de","@id":"https:\/\/www.eliassen.nl\/de\/glaslampe-oval-erde-40cm\/#primaryimage","url":"https:\/\/www.eliassen.nl\/wp-content\/uploads\/2023\/10\/1000071919-scaled.jpg","contentUrl":"https:\/\/www.eliassen.nl\/wp-content\/uploads\/2023\/10\/1000071919-scaled.jpg","width":1920,"height":2560},{"@type":"BreadcrumbList","@id":"https:\/\/www.eliassen.nl\/de\/glaslampe-oval-erde-40cm\/#breadcrumb","itemListElement":[{"@type":"ListItem","position":1,"name":"Home","item":"https:\/\/www.eliassen.nl\/de\/"},{"@type":"ListItem","position":2,"name":"Shop","item":"https:\/\/www.eliassen.nl\/de\/shop\/"},{"@type":"ListItem","position":3,"name":"Stimmungsvolle Beleuchtung","item":"https:\/\/www.eliassen.nl\/de\/stimmungsvolle-beleuchtung\/"},{"@type":"ListItem","position":4,"name":"Glaslampen","item":"https:\/\/www.eliassen.nl\/de\/stimmungsvolle-beleuchtung\/glaslampen\/"},{"@type":"ListItem","position":5,"name":"Glaslampe Oval Erde 40cm"}]},{"@type":"WebSite","@id":"https:\/\/www.eliassen.nl\/de\/#website","url":"https:\/\/www.eliassen.nl\/de\/","name":"Eliassen Home & Garden Pleasure","description":"","publisher":{"@id":"https:\/\/www.eliassen.nl\/de\/#organization"},"alternateName":"Eliassen.nl","potentialAction":[{"@type":"SearchAction","target":{"@type":"EntryPoint","urlTemplate":"https:\/\/www.eliassen.nl\/de\/?s={search_term_string}"},"query-input":{"@type":"PropertyValueSpecification","valueRequired":true,"valueName":"search_term_string"}}],"inLanguage":"de"},{"@type":["Organization","Place"],"@id":"https:\/\/www.eliassen.nl\/de\/#organization","name":"Eliassen Home & Garden Pleasure","url":"https:\/\/www.eliassen.nl\/de\/","logo":{"@id":"https:\/\/www.eliassen.nl\/de\/glaslampe-oval-erde-40cm\/#local-main-organization-logo"},"image":{"@id":"https:\/\/www.eliassen.nl\/de\/glaslampe-oval-erde-40cm\/#local-main-organization-logo"},"sameAs":["https:\/\/www.facebook.com\/TuincentrumEliassenAmmerzoden","https:\/\/www.instagram.com\/eliassenhomeandgarden\/","https:\/\/nl.pinterest.com\/eliassenhomeandgarden\/","https:\/\/www.youtube.com\/@eliassenhomegardenpleasure4558"],"telephone":[],"openingHoursSpecification":[{"@type":"OpeningHoursSpecification","dayOfWeek":["Monday","Tuesday","Wednesday","Thursday","Friday","Saturday","Sunday"],"opens":"09:00","closes":"17:00"}]},{"@type":"ImageObject","inLanguage":"de","@id":"https:\/\/www.eliassen.nl\/de\/glaslampe-oval-erde-40cm\/#local-main-organization-logo","url":"https:\/\/www.eliassen.nl\/wp-content\/uploads\/2024\/01\/logo_4nd.jpg","contentUrl":"https:\/\/www.eliassen.nl\/wp-content\/uploads\/2024\/01\/logo_4nd.jpg","width":500,"height":500,"caption":"Eliassen Home & Garden Pleasure"}]},"product_price_amount":"169.50","product_price_currency":"EUR","og_availability":"instock","product_availability":"instock","product_retailer_item_id":"11.40.k01","product_condition":"new"},"df_price":169.5,"df_sale_price":"","df_regular_price":169.5,"df_image_link":"https:\/\/www.eliassen.nl\/wp-content\/uploads\/2023\/10\/1000071919-225x300.jpg","image":"https:\/\/www.eliassen.nl\/wp-content\/uploads\/2023\/10\/1000071919-150x150.jpg","price_search":"<span class=\"woocommerce-Price-amount amount\"><bdi><span class=\"woocommerce-Price-currencySymbol\">&euro;<\/span>&nbsp;169,50<\/bdi><\/span>","category":"Glaskunst","global_unique_id":"6096517331311","_links":{"self":[{"href":"https:\/\/www.eliassen.nl\/de\/wp-json\/wp\/v2\/product\/96193","targetHints":{"allow":["GET"]}}],"collection":[{"href":"https:\/\/www.eliassen.nl\/de\/wp-json\/wp\/v2\/product"}],"about":[{"href":"https:\/\/www.eliassen.nl\/de\/wp-json\/wp\/v2\/types\/product"}],"wp:featuredmedia":[{"embeddable":true,"href":"https:\/\/www.eliassen.nl\/de\/wp-json\/wp\/v2\/media\/197643"}],"wp:attachment":[{"href":"https:\/\/www.eliassen.nl\/de\/wp-json\/wp\/v2\/media?parent=96193"}],"wp:term":[{"taxonomy":"product_brand","embeddable":true,"href":"https:\/\/www.eliassen.nl\/de\/wp-json\/wp\/v2\/product_brand?post=96193"},{"taxonomy":"product_cat","embeddable":true,"href":"https:\/\/www.eliassen.nl\/de\/wp-json\/wp\/v2\/product_cat?post=96193"},{"taxonomy":"product_tag","embeddable":true,"href":"https:\/\/www.eliassen.nl\/de\/wp-json\/wp\/v2\/product_tag?post=96193"}],"curies":[{"name":"wp","href":"https:\/\/api.w.org\/{rel}","templated":true}]}}