{"id":95425,"date":"2023-10-02T11:58:41","date_gmt":"2023-10-02T11:58:41","guid":{"rendered":"https:\/\/www.eliassen.nl\/?product=wandobject-3d-metaal-portio-96cm"},"modified":"2026-01-16T14:48:43","modified_gmt":"2026-01-16T13:48:43","slug":"wandobjekt-3d-metall-portio-44x96cm","status":"publish","type":"product","link":"https:\/\/www.eliassen.nl\/de\/wandobjekt-3d-metall-portio-44x96cm\/","title":{"rendered":"Wandobjekt 3d Metall Portio 44x96cm"},"content":{"rendered":"<p>Sind Sie auf der Suche nach einer sch\u00f6nen M\u00f6glichkeit, die Wand in Ihrem Haus oder B\u00fcro zu versch\u00f6nern? Wir helfen Ihnen gerne dabei. Unser rundes Metall-Wanddekor Portio zum Beispiel, mit seinem Retro-Look der 70er Jahre, ist ein sch\u00f6nes, einfaches Design, das vollst\u00e4ndig handgefertigt ist. Da der Artikel handgefertigt ist, ist jedes Exemplar einzigartig und wird immer von den Fotos abweichen.<\/p>\n<p>Diese 3-dimensionale Wanddekoration aus Metall versch\u00f6nert jedes moderne Interieur oder jeden Arbeitsplatz. Dieses Freiform-Modell wird ein stimmungsvolles und zeitloses St\u00fcck Wanddekoration und ein echter Blickfang sein. Da es von Menschenhand gemacht wurde, kann das Foto in Bezug auf die Farbe leicht von der Realit\u00e4t abweichen.<\/p>\n<ul>\n<li>  Gr\u00f6\u00dfe: 69x4x44cm hoch<\/li>\n<li>  Material: Metall<\/li>\n<li>  Einfach mit 1 oder 2 Schrauben aufzuh\u00e4ngen<\/li>\n<li> Schnelle Lieferung<\/li>\n<li> <strong>Die gr\u00f6\u00dfte Sammlung in den Benelux-L\u00e4ndern, die Sie auch live sehen k\u00f6nnen.<\/strong><\/li>\n<\/ul>\n","protected":false},"excerpt":{"rendered":"<p><strong>Verwendung im Freien unter Schutz nach Behandlung mit Klarlack m\u00f6glich.<\/strong><\/p>\n","protected":false},"featured_media":95413,"template":"","meta":{"_acf_changed":false,"_genesis_title":"","_genesis_description":""},"product_brand":[7505],"product_cat":[512,509],"product_tag":[],"class_list":{"0":"post-95425","1":"product","2":"type-product","3":"status-publish","4":"has-post-thumbnail","6":"product_brand-sonstige","7":"product_cat-3d-wanddekoration-ohne-rahmen","8":"product_cat-wanddekoration","10":"first","11":"instock","12":"taxable","13":"shipping-taxable","14":"purchasable","15":"product-type-simple"},"acf":[],"meta_all":{"total_sales":"3","wcml_sync_hash":{"postmeta_fields":"32ba53e74fe90a33715034dec88485db"},"attr_label_translations":[]},"meta_all_flat":{"total_sales":"3","wcml_sync_hash.postmeta_fields":"32ba53e74fe90a33715034dec88485db"},"yoast_head":"<!-- This site is optimized with the Yoast SEO Premium plugin v26.2 (Yoast SEO v27.2) - https:\/\/yoast.com\/product\/yoast-seo-premium-wordpress\/ -->\n<title>Wandobjekt 3d Metall Portio 44x96cm<\/title>\n<meta name=\"description\" content=\"In 3d Wanddekorationen? Wir haben Hunderte von Modellen in unserem Showroom und Webshop!\" \/>\n<meta name=\"robots\" content=\"index, follow, max-snippet:-1, max-image-preview:large, max-video-preview:-1\" \/>\n<link rel=\"canonical\" href=\"https:\/\/www.eliassen.nl\/de\/wandobjekt-3d-metall-portio-44x96cm\/\" \/>\n<meta property=\"og:locale\" content=\"de_DE\" \/>\n<meta property=\"og:type\" content=\"article\" \/>\n<meta property=\"og:title\" content=\"Sonstige Wandobjekt 3d Metall Portio 44x96cm - Eliassen.nl\" \/>\n<meta property=\"og:description\" content=\"In 3d Wanddekorationen? Wir haben Hunderte von Modellen in unserem Showroom und Webshop!\" \/>\n<meta property=\"og:url\" content=\"https:\/\/www.eliassen.nl\/de\/wandobjekt-3d-metall-portio-44x96cm\/\" \/>\n<meta property=\"og:site_name\" content=\"Eliassen.nl\" \/>\n<meta property=\"article:publisher\" content=\"https:\/\/www.facebook.com\/TuincentrumEliassenAmmerzoden\" \/>\n<meta property=\"article:modified_time\" content=\"2026-01-16T13:48:43+00:00\" \/>\n<meta property=\"og:image\" content=\"https:\/\/www.eliassen.nl\/wp-content\/uploads\/2024\/01\/freistellerhauptbilg8qtzsr5large.jpg\" \/>\n\t<meta property=\"og:image:width\" content=\"700\" \/>\n\t<meta property=\"og:image:height\" content=\"700\" \/>\n\t<meta property=\"og:image:type\" content=\"image\/jpeg\" \/>\n<meta name=\"twitter:card\" content=\"summary_large_image\" \/>\n<script type=\"application\/ld+json\" class=\"yoast-schema-graph\">{\"@context\":\"https:\/\/schema.org\",\"@graph\":[{\"@type\":\"WebPage\",\"@id\":\"https:\/\/www.eliassen.nl\/de\/wandobjekt-3d-metall-portio-44x96cm\/\",\"url\":\"https:\/\/www.eliassen.nl\/de\/wandobjekt-3d-metall-portio-44x96cm\/\",\"name\":\"Wandobjekt 3d Metall Portio 44x96cm\",\"isPartOf\":{\"@id\":\"https:\/\/www.eliassen.nl\/de\/#website\"},\"primaryImageOfPage\":{\"@id\":\"https:\/\/www.eliassen.nl\/de\/wandobjekt-3d-metall-portio-44x96cm\/#primaryimage\"},\"image\":{\"@id\":\"https:\/\/www.eliassen.nl\/de\/wandobjekt-3d-metall-portio-44x96cm\/#primaryimage\"},\"thumbnailUrl\":\"https:\/\/www.eliassen.nl\/wp-content\/uploads\/2024\/01\/freistellerhauptbilg8qtzsr5large.jpg\",\"datePublished\":\"2023-10-02T11:58:41+00:00\",\"dateModified\":\"2026-01-16T13:48:43+00:00\",\"description\":\"In 3d Wanddekorationen? Wir haben Hunderte von Modellen in unserem Showroom und Webshop!\",\"breadcrumb\":{\"@id\":\"https:\/\/www.eliassen.nl\/de\/wandobjekt-3d-metall-portio-44x96cm\/#breadcrumb\"},\"inLanguage\":\"de\",\"potentialAction\":[{\"@type\":\"ReadAction\",\"target\":[\"https:\/\/www.eliassen.nl\/de\/wandobjekt-3d-metall-portio-44x96cm\/\"]}]},{\"@type\":\"ImageObject\",\"inLanguage\":\"de\",\"@id\":\"https:\/\/www.eliassen.nl\/de\/wandobjekt-3d-metall-portio-44x96cm\/#primaryimage\",\"url\":\"https:\/\/www.eliassen.nl\/wp-content\/uploads\/2024\/01\/freistellerhauptbilg8qtzsr5large.jpg\",\"contentUrl\":\"https:\/\/www.eliassen.nl\/wp-content\/uploads\/2024\/01\/freistellerhauptbilg8qtzsr5large.jpg\",\"width\":700,\"height\":700,\"caption\":\"Freisteller_Hauptbil-g8qtZsr5-gro\u00df\"},{\"@type\":\"BreadcrumbList\",\"@id\":\"https:\/\/www.eliassen.nl\/de\/wandobjekt-3d-metall-portio-44x96cm\/#breadcrumb\",\"itemListElement\":[{\"@type\":\"ListItem\",\"position\":1,\"name\":\"Home\",\"item\":\"https:\/\/www.eliassen.nl\/de\/\"},{\"@type\":\"ListItem\",\"position\":2,\"name\":\"Shop\",\"item\":\"https:\/\/www.eliassen.nl\/de\/shop\/\"},{\"@type\":\"ListItem\",\"position\":3,\"name\":\"Wanddekoration\",\"item\":\"https:\/\/www.eliassen.nl\/de\/wanddekoration\/\"},{\"@type\":\"ListItem\",\"position\":4,\"name\":\"3D-Wanddekoration ohne Rahmen\",\"item\":\"https:\/\/www.eliassen.nl\/de\/wanddekoration\/3d-wanddekoration-ohne-rahmen\/\"},{\"@type\":\"ListItem\",\"position\":5,\"name\":\"Wandobjekt 3d Metall Portio 44x96cm\"}]},{\"@type\":\"WebSite\",\"@id\":\"https:\/\/www.eliassen.nl\/de\/#website\",\"url\":\"https:\/\/www.eliassen.nl\/de\/\",\"name\":\"Eliassen Home & Garden Pleasure\",\"description\":\"\",\"publisher\":{\"@id\":\"https:\/\/www.eliassen.nl\/de\/#organization\"},\"alternateName\":\"Eliassen.nl\",\"potentialAction\":[{\"@type\":\"SearchAction\",\"target\":{\"@type\":\"EntryPoint\",\"urlTemplate\":\"https:\/\/www.eliassen.nl\/de\/?s={search_term_string}\"},\"query-input\":{\"@type\":\"PropertyValueSpecification\",\"valueRequired\":true,\"valueName\":\"search_term_string\"}}],\"inLanguage\":\"de\"},{\"@type\":[\"Organization\",\"Place\"],\"@id\":\"https:\/\/www.eliassen.nl\/de\/#organization\",\"name\":\"Eliassen Home & Garden Pleasure\",\"url\":\"https:\/\/www.eliassen.nl\/de\/\",\"logo\":{\"@id\":\"https:\/\/www.eliassen.nl\/de\/wandobjekt-3d-metall-portio-44x96cm\/#local-main-organization-logo\"},\"image\":{\"@id\":\"https:\/\/www.eliassen.nl\/de\/wandobjekt-3d-metall-portio-44x96cm\/#local-main-organization-logo\"},\"sameAs\":[\"https:\/\/www.facebook.com\/TuincentrumEliassenAmmerzoden\",\"https:\/\/www.instagram.com\/eliassenhomeandgarden\/\",\"https:\/\/nl.pinterest.com\/eliassenhomeandgarden\/\",\"https:\/\/www.youtube.com\/@eliassenhomegardenpleasure4558\"],\"telephone\":[],\"openingHoursSpecification\":[{\"@type\":\"OpeningHoursSpecification\",\"dayOfWeek\":[\"Monday\",\"Tuesday\",\"Wednesday\",\"Thursday\",\"Friday\",\"Saturday\",\"Sunday\"],\"opens\":\"09:00\",\"closes\":\"17:00\"}]},{\"@type\":\"ImageObject\",\"inLanguage\":\"de\",\"@id\":\"https:\/\/www.eliassen.nl\/de\/wandobjekt-3d-metall-portio-44x96cm\/#local-main-organization-logo\",\"url\":\"https:\/\/www.eliassen.nl\/wp-content\/uploads\/2024\/01\/logo_4nd.jpg\",\"contentUrl\":\"https:\/\/www.eliassen.nl\/wp-content\/uploads\/2024\/01\/logo_4nd.jpg\",\"width\":500,\"height\":500,\"caption\":\"Eliassen Home & Garden Pleasure\"}]}<\/script>\n<meta property=\"product:price:amount\" content=\"59.00\" \/>\n<meta property=\"product:price:currency\" content=\"EUR\" \/>\n<meta property=\"og:availability\" content=\"instock\" \/>\n<meta property=\"product:availability\" content=\"instock\" \/>\n<meta property=\"product:retailer_item_id\" content=\"2027887\" \/>\n<meta property=\"product:condition\" content=\"new\" \/>\n<!-- \/ Yoast SEO Premium plugin. -->","yoast_head_json":{"title":"Wandobjekt 3d Metall Portio 44x96cm","description":"In 3d Wanddekorationen? Wir haben Hunderte von Modellen in unserem Showroom und Webshop!","robots":{"index":"index","follow":"follow","max-snippet":"max-snippet:-1","max-image-preview":"max-image-preview:large","max-video-preview":"max-video-preview:-1"},"canonical":"https:\/\/www.eliassen.nl\/de\/wandobjekt-3d-metall-portio-44x96cm\/","og_locale":"de_DE","og_type":"article","og_title":"Sonstige Wandobjekt 3d Metall Portio 44x96cm - Eliassen.nl","og_description":"In 3d Wanddekorationen? Wir haben Hunderte von Modellen in unserem Showroom und Webshop!","og_url":"https:\/\/www.eliassen.nl\/de\/wandobjekt-3d-metall-portio-44x96cm\/","og_site_name":"Eliassen.nl","article_publisher":"https:\/\/www.facebook.com\/TuincentrumEliassenAmmerzoden","article_modified_time":"2026-01-16T13:48:43+00:00","og_image":[{"width":700,"height":700,"url":"https:\/\/www.eliassen.nl\/wp-content\/uploads\/2024\/01\/freistellerhauptbilg8qtzsr5large.jpg","type":"image\/jpeg"}],"twitter_card":"summary_large_image","schema":{"@context":"https:\/\/schema.org","@graph":[{"@type":"WebPage","@id":"https:\/\/www.eliassen.nl\/de\/wandobjekt-3d-metall-portio-44x96cm\/","url":"https:\/\/www.eliassen.nl\/de\/wandobjekt-3d-metall-portio-44x96cm\/","name":"Wandobjekt 3d Metall Portio 44x96cm","isPartOf":{"@id":"https:\/\/www.eliassen.nl\/de\/#website"},"primaryImageOfPage":{"@id":"https:\/\/www.eliassen.nl\/de\/wandobjekt-3d-metall-portio-44x96cm\/#primaryimage"},"image":{"@id":"https:\/\/www.eliassen.nl\/de\/wandobjekt-3d-metall-portio-44x96cm\/#primaryimage"},"thumbnailUrl":"https:\/\/www.eliassen.nl\/wp-content\/uploads\/2024\/01\/freistellerhauptbilg8qtzsr5large.jpg","datePublished":"2023-10-02T11:58:41+00:00","dateModified":"2026-01-16T13:48:43+00:00","description":"In 3d Wanddekorationen? Wir haben Hunderte von Modellen in unserem Showroom und Webshop!","breadcrumb":{"@id":"https:\/\/www.eliassen.nl\/de\/wandobjekt-3d-metall-portio-44x96cm\/#breadcrumb"},"inLanguage":"de","potentialAction":[{"@type":"ReadAction","target":["https:\/\/www.eliassen.nl\/de\/wandobjekt-3d-metall-portio-44x96cm\/"]}]},{"@type":"ImageObject","inLanguage":"de","@id":"https:\/\/www.eliassen.nl\/de\/wandobjekt-3d-metall-portio-44x96cm\/#primaryimage","url":"https:\/\/www.eliassen.nl\/wp-content\/uploads\/2024\/01\/freistellerhauptbilg8qtzsr5large.jpg","contentUrl":"https:\/\/www.eliassen.nl\/wp-content\/uploads\/2024\/01\/freistellerhauptbilg8qtzsr5large.jpg","width":700,"height":700,"caption":"Freisteller_Hauptbil-g8qtZsr5-gro\u00df"},{"@type":"BreadcrumbList","@id":"https:\/\/www.eliassen.nl\/de\/wandobjekt-3d-metall-portio-44x96cm\/#breadcrumb","itemListElement":[{"@type":"ListItem","position":1,"name":"Home","item":"https:\/\/www.eliassen.nl\/de\/"},{"@type":"ListItem","position":2,"name":"Shop","item":"https:\/\/www.eliassen.nl\/de\/shop\/"},{"@type":"ListItem","position":3,"name":"Wanddekoration","item":"https:\/\/www.eliassen.nl\/de\/wanddekoration\/"},{"@type":"ListItem","position":4,"name":"3D-Wanddekoration ohne Rahmen","item":"https:\/\/www.eliassen.nl\/de\/wanddekoration\/3d-wanddekoration-ohne-rahmen\/"},{"@type":"ListItem","position":5,"name":"Wandobjekt 3d Metall Portio 44x96cm"}]},{"@type":"WebSite","@id":"https:\/\/www.eliassen.nl\/de\/#website","url":"https:\/\/www.eliassen.nl\/de\/","name":"Eliassen Home & Garden Pleasure","description":"","publisher":{"@id":"https:\/\/www.eliassen.nl\/de\/#organization"},"alternateName":"Eliassen.nl","potentialAction":[{"@type":"SearchAction","target":{"@type":"EntryPoint","urlTemplate":"https:\/\/www.eliassen.nl\/de\/?s={search_term_string}"},"query-input":{"@type":"PropertyValueSpecification","valueRequired":true,"valueName":"search_term_string"}}],"inLanguage":"de"},{"@type":["Organization","Place"],"@id":"https:\/\/www.eliassen.nl\/de\/#organization","name":"Eliassen Home & Garden Pleasure","url":"https:\/\/www.eliassen.nl\/de\/","logo":{"@id":"https:\/\/www.eliassen.nl\/de\/wandobjekt-3d-metall-portio-44x96cm\/#local-main-organization-logo"},"image":{"@id":"https:\/\/www.eliassen.nl\/de\/wandobjekt-3d-metall-portio-44x96cm\/#local-main-organization-logo"},"sameAs":["https:\/\/www.facebook.com\/TuincentrumEliassenAmmerzoden","https:\/\/www.instagram.com\/eliassenhomeandgarden\/","https:\/\/nl.pinterest.com\/eliassenhomeandgarden\/","https:\/\/www.youtube.com\/@eliassenhomegardenpleasure4558"],"telephone":[],"openingHoursSpecification":[{"@type":"OpeningHoursSpecification","dayOfWeek":["Monday","Tuesday","Wednesday","Thursday","Friday","Saturday","Sunday"],"opens":"09:00","closes":"17:00"}]},{"@type":"ImageObject","inLanguage":"de","@id":"https:\/\/www.eliassen.nl\/de\/wandobjekt-3d-metall-portio-44x96cm\/#local-main-organization-logo","url":"https:\/\/www.eliassen.nl\/wp-content\/uploads\/2024\/01\/logo_4nd.jpg","contentUrl":"https:\/\/www.eliassen.nl\/wp-content\/uploads\/2024\/01\/logo_4nd.jpg","width":500,"height":500,"caption":"Eliassen Home & Garden Pleasure"}]},"product_price_amount":"59.00","product_price_currency":"EUR","og_availability":"instock","product_availability":"instock","product_retailer_item_id":"2027887","product_condition":"new"},"df_price":59,"df_sale_price":"","df_regular_price":59,"df_image_link":"https:\/\/www.eliassen.nl\/wp-content\/uploads\/2024\/01\/freistellerhauptbilg8qtzsr5large.jpg","image":"https:\/\/www.eliassen.nl\/wp-content\/uploads\/2024\/01\/freistellerhauptbilg8qtzsr5large.jpg","price_search":"<span class=\"woocommerce-Price-amount amount\"><bdi><span class=\"woocommerce-Price-currencySymbol\">&euro;<\/span>&nbsp;59,00<\/bdi><\/span>","category":"3D-Wanddekoration ohne Rahmen","global_unique_id":"4066076124237","_links":{"self":[{"href":"https:\/\/www.eliassen.nl\/de\/wp-json\/wp\/v2\/product\/95425","targetHints":{"allow":["GET"]}}],"collection":[{"href":"https:\/\/www.eliassen.nl\/de\/wp-json\/wp\/v2\/product"}],"about":[{"href":"https:\/\/www.eliassen.nl\/de\/wp-json\/wp\/v2\/types\/product"}],"wp:featuredmedia":[{"embeddable":true,"href":"https:\/\/www.eliassen.nl\/de\/wp-json\/wp\/v2\/media\/95413"}],"wp:attachment":[{"href":"https:\/\/www.eliassen.nl\/de\/wp-json\/wp\/v2\/media?parent=95425"}],"wp:term":[{"taxonomy":"product_brand","embeddable":true,"href":"https:\/\/www.eliassen.nl\/de\/wp-json\/wp\/v2\/product_brand?post=95425"},{"taxonomy":"product_cat","embeddable":true,"href":"https:\/\/www.eliassen.nl\/de\/wp-json\/wp\/v2\/product_cat?post=95425"},{"taxonomy":"product_tag","embeddable":true,"href":"https:\/\/www.eliassen.nl\/de\/wp-json\/wp\/v2\/product_tag?post=95425"}],"curies":[{"name":"wp","href":"https:\/\/api.w.org\/{rel}","templated":true}]}}