{"id":95410,"date":"2023-09-29T17:02:46","date_gmt":"2023-09-29T17:02:46","guid":{"rendered":"https:\/\/www.eliassen.nl\/?product=watertafel-cortenstaal-vierkant-60x60cm"},"modified":"2026-01-16T14:48:45","modified_gmt":"2026-01-16T13:48:45","slug":"wassertisch-aus-cortenstahl-quadratisch-60-x-60-cm","status":"publish","type":"product","link":"https:\/\/www.eliassen.nl\/de\/wassertisch-aus-cortenstahl-quadratisch-60-x-60-cm\/","title":{"rendered":"Wassertisch Cortenstahl quadratisch 60x60cm"},"content":{"rendered":"<p>Sehr sch\u00f6ner handgefertigter und solide verarbeiteter Wassertisch aus 3 mm dickem Cortenstahl. Auf der Oberseite bildet das Wasser eine 2 cm dicke Wasserschicht, die an den R\u00e4ndern subtil abflie\u00dft. Wenn Sie m\u00f6chten, k\u00f6nnen Sie auch Kieselsteine auf das Plateau streuen.<\/p>\n<p>Oben befindet sich eine LED-Beleuchtung, die im Dunkeln ein sehr sch\u00f6nes Ambiente schafft. Die Schn\u00fcre laufen durch das Rohr im Boden.<\/p>\n<p>Da diese Modelle besonders gro\u00df sind und \u00fcber einen sehr gro\u00dfen Wasservorrat verf\u00fcgen, eignen sich diese Wassertische auch hervorragend f\u00fcr die Ausstattung von Unternehmen oder anderen \u00f6ffentlichen Geb\u00e4uden.<\/p>\n<p>Der Wassertisch wird mit einem Oase LED-Licht und einer hochwertigen Pontec-Pumpe geliefert. Beide mit 10m Kabel.<\/p>\n<ul>\n<li>Material: Cortenstahl 3 mm<\/li>\n<li>Gr\u00f6\u00dfe: 60x60x40cm hoch<\/li>\n<li>Inklusive Oase LED-Licht und Pumpe<\/li>\n<li>5 Jahre Garantie auf Stahl, 1 Jahr auf LEDs und Pumpe<\/li>\n<li>Kostenloser Versand in NL und BE!<\/li>\n<\/ul>\n<p>Kommen Sie vorbei und sehen Sie sich einen Gro\u00dfteil unserer Kollektion <strong>live<\/strong> in unserem Ausstellungsraum an!<\/p>\n<p>Haben Sie eine Frage zu diesem Produkt? <a href=\"mailto:info@eliassen.nl\">Mailen Sie<\/a> uns und stellen Sie Ihre Frage.<\/p>\n","protected":false},"excerpt":{"rendered":"<p>5 Jahre Garantie auf das Metall<\/p>\n","protected":false},"featured_media":177918,"template":"","meta":{"_acf_changed":false,"_genesis_title":"","_genesis_description":""},"product_brand":[6920],"product_cat":[773,557,536],"product_tag":[],"class_list":{"0":"post-95410","1":"product","2":"type-product","3":"status-publish","4":"has-post-thumbnail","6":"product_brand-adezz-de","7":"product_cat-adezz-produkte","8":"product_cat-wasserspiegel-wasserspiele-teichbecken-adezz","9":"product_cat-wassereigenschaften","11":"first","12":"onbackorder","13":"taxable","14":"shipping-taxable","15":"purchasable","16":"product-type-simple"},"acf":[],"meta_all":{"total_sales":"1","wcml_sync_hash":{"postmeta_fields":"f52427d6972753dccf1d2fe7b38e0738"},"attr_label_translations":[],"no_of_subscribers":"2","cor_restricted_countries":[]},"meta_all_flat":{"total_sales":"1","wcml_sync_hash.postmeta_fields":"f52427d6972753dccf1d2fe7b38e0738","no_of_subscribers":"2"},"yoast_head":"<!-- This site is optimized with the Yoast SEO Premium plugin v26.2 (Yoast SEO v27.2) - https:\/\/yoast.com\/product\/yoast-seo-premium-wordpress\/ -->\n<title>Wassertisch Cortenstahl quadratisch 60x60cm<\/title>\n<meta name=\"description\" content=\"Wassertische aus Cortenstahl; kommen Sie und sehen Sie sie live bei uns !!! Viele weitere Adezz-Produkte - kostenloses Parken\" \/>\n<meta name=\"robots\" content=\"index, follow, max-snippet:-1, max-image-preview:large, max-video-preview:-1\" \/>\n<link rel=\"canonical\" href=\"https:\/\/www.eliassen.nl\/de\/wassertisch-aus-cortenstahl-quadratisch-60-x-60-cm\/\" \/>\n<meta property=\"og:locale\" content=\"de_DE\" \/>\n<meta property=\"og:type\" content=\"article\" \/>\n<meta property=\"og:title\" content=\"Adezz Wassertisch Cortenstahl quadratisch 60x60cm - Eliassen.nl\" \/>\n<meta property=\"og:description\" content=\"Wassertische aus Cortenstahl; kommen Sie und sehen Sie sie live bei uns !!! Viele weitere Adezz-Produkte - kostenloses Parken\" \/>\n<meta property=\"og:url\" content=\"https:\/\/www.eliassen.nl\/de\/wassertisch-aus-cortenstahl-quadratisch-60-x-60-cm\/\" \/>\n<meta property=\"og:site_name\" content=\"Eliassen.nl\" \/>\n<meta property=\"article:publisher\" content=\"https:\/\/www.facebook.com\/TuincentrumEliassenAmmerzoden\" \/>\n<meta property=\"article:modified_time\" content=\"2026-01-16T13:48:45+00:00\" \/>\n<meta property=\"og:image\" content=\"https:\/\/www.eliassen.nl\/wp-content\/uploads\/2023\/09\/Watertafel-Cortenstaal-vierkant-60x60cm-eliassen.nl_.webp\" \/>\n\t<meta property=\"og:image:width\" content=\"699\" \/>\n\t<meta property=\"og:image:height\" content=\"699\" \/>\n\t<meta property=\"og:image:type\" content=\"image\/webp\" \/>\n<meta name=\"twitter:card\" content=\"summary_large_image\" \/>\n<script type=\"application\/ld+json\" class=\"yoast-schema-graph\">{\"@context\":\"https:\/\/schema.org\",\"@graph\":[{\"@type\":\"WebPage\",\"@id\":\"https:\/\/www.eliassen.nl\/de\/wassertisch-aus-cortenstahl-quadratisch-60-x-60-cm\/\",\"url\":\"https:\/\/www.eliassen.nl\/de\/wassertisch-aus-cortenstahl-quadratisch-60-x-60-cm\/\",\"name\":\"Wassertisch Cortenstahl quadratisch 60x60cm\",\"isPartOf\":{\"@id\":\"https:\/\/www.eliassen.nl\/de\/#website\"},\"primaryImageOfPage\":{\"@id\":\"https:\/\/www.eliassen.nl\/de\/wassertisch-aus-cortenstahl-quadratisch-60-x-60-cm\/#primaryimage\"},\"image\":{\"@id\":\"https:\/\/www.eliassen.nl\/de\/wassertisch-aus-cortenstahl-quadratisch-60-x-60-cm\/#primaryimage\"},\"thumbnailUrl\":\"https:\/\/www.eliassen.nl\/wp-content\/uploads\/2023\/09\/Watertafel-Cortenstaal-vierkant-60x60cm-eliassen.nl_.webp\",\"datePublished\":\"2023-09-29T17:02:46+00:00\",\"dateModified\":\"2026-01-16T13:48:45+00:00\",\"description\":\"Wassertische aus Cortenstahl; kommen Sie und sehen Sie sie live bei uns !!! Viele weitere Adezz-Produkte - kostenloses Parken\",\"breadcrumb\":{\"@id\":\"https:\/\/www.eliassen.nl\/de\/wassertisch-aus-cortenstahl-quadratisch-60-x-60-cm\/#breadcrumb\"},\"inLanguage\":\"de\",\"potentialAction\":[{\"@type\":\"ReadAction\",\"target\":[\"https:\/\/www.eliassen.nl\/de\/wassertisch-aus-cortenstahl-quadratisch-60-x-60-cm\/\"]}]},{\"@type\":\"ImageObject\",\"inLanguage\":\"de\",\"@id\":\"https:\/\/www.eliassen.nl\/de\/wassertisch-aus-cortenstahl-quadratisch-60-x-60-cm\/#primaryimage\",\"url\":\"https:\/\/www.eliassen.nl\/wp-content\/uploads\/2023\/09\/Watertafel-Cortenstaal-vierkant-60x60cm-eliassen.nl_.webp\",\"contentUrl\":\"https:\/\/www.eliassen.nl\/wp-content\/uploads\/2023\/09\/Watertafel-Cortenstaal-vierkant-60x60cm-eliassen.nl_.webp\",\"width\":699,\"height\":699,\"caption\":\"Wassertisch Cortenstahl quadratisch 60x60cm eliassen.nl\"},{\"@type\":\"BreadcrumbList\",\"@id\":\"https:\/\/www.eliassen.nl\/de\/wassertisch-aus-cortenstahl-quadratisch-60-x-60-cm\/#breadcrumb\",\"itemListElement\":[{\"@type\":\"ListItem\",\"position\":1,\"name\":\"Home\",\"item\":\"https:\/\/www.eliassen.nl\/de\/\"},{\"@type\":\"ListItem\",\"position\":2,\"name\":\"Shop\",\"item\":\"https:\/\/www.eliassen.nl\/de\/shop\/\"},{\"@type\":\"ListItem\",\"position\":3,\"name\":\"Wasserspiele\",\"item\":\"https:\/\/www.eliassen.nl\/de\/wassereigenschaften\/\"},{\"@type\":\"ListItem\",\"position\":4,\"name\":\"Wasserspiegel Wasserspiele Teichbecken Adezz\",\"item\":\"https:\/\/www.eliassen.nl\/de\/wassereigenschaften\/wasserspiegel-wasserspiele-teichbecken-adezz\/\"},{\"@type\":\"ListItem\",\"position\":5,\"name\":\"Wassertisch Cortenstahl quadratisch 60x60cm\"}]},{\"@type\":\"WebSite\",\"@id\":\"https:\/\/www.eliassen.nl\/de\/#website\",\"url\":\"https:\/\/www.eliassen.nl\/de\/\",\"name\":\"Eliassen Home & Garden Pleasure\",\"description\":\"\",\"publisher\":{\"@id\":\"https:\/\/www.eliassen.nl\/de\/#organization\"},\"alternateName\":\"Eliassen.nl\",\"potentialAction\":[{\"@type\":\"SearchAction\",\"target\":{\"@type\":\"EntryPoint\",\"urlTemplate\":\"https:\/\/www.eliassen.nl\/de\/?s={search_term_string}\"},\"query-input\":{\"@type\":\"PropertyValueSpecification\",\"valueRequired\":true,\"valueName\":\"search_term_string\"}}],\"inLanguage\":\"de\"},{\"@type\":[\"Organization\",\"Place\"],\"@id\":\"https:\/\/www.eliassen.nl\/de\/#organization\",\"name\":\"Eliassen Home & Garden Pleasure\",\"url\":\"https:\/\/www.eliassen.nl\/de\/\",\"logo\":{\"@id\":\"https:\/\/www.eliassen.nl\/de\/wassertisch-aus-cortenstahl-quadratisch-60-x-60-cm\/#local-main-organization-logo\"},\"image\":{\"@id\":\"https:\/\/www.eliassen.nl\/de\/wassertisch-aus-cortenstahl-quadratisch-60-x-60-cm\/#local-main-organization-logo\"},\"sameAs\":[\"https:\/\/www.facebook.com\/TuincentrumEliassenAmmerzoden\",\"https:\/\/www.instagram.com\/eliassenhomeandgarden\/\",\"https:\/\/nl.pinterest.com\/eliassenhomeandgarden\/\",\"https:\/\/www.youtube.com\/@eliassenhomegardenpleasure4558\"],\"telephone\":[],\"openingHoursSpecification\":[{\"@type\":\"OpeningHoursSpecification\",\"dayOfWeek\":[\"Monday\",\"Tuesday\",\"Wednesday\",\"Thursday\",\"Friday\",\"Saturday\",\"Sunday\"],\"opens\":\"09:00\",\"closes\":\"17:00\"}]},{\"@type\":\"ImageObject\",\"inLanguage\":\"de\",\"@id\":\"https:\/\/www.eliassen.nl\/de\/wassertisch-aus-cortenstahl-quadratisch-60-x-60-cm\/#local-main-organization-logo\",\"url\":\"https:\/\/www.eliassen.nl\/wp-content\/uploads\/2024\/01\/logo_4nd.jpg\",\"contentUrl\":\"https:\/\/www.eliassen.nl\/wp-content\/uploads\/2024\/01\/logo_4nd.jpg\",\"width\":500,\"height\":500,\"caption\":\"Eliassen Home & Garden Pleasure\"}]}<\/script>\n<meta property=\"product:price:amount\" content=\"620.00\" \/>\n<meta property=\"product:price:currency\" content=\"EUR\" \/>\n<meta property=\"og:availability\" content=\"backorder\" \/>\n<meta property=\"product:availability\" content=\"available for order\" \/>\n<meta property=\"product:retailer_item_id\" content=\"Cb14\" \/>\n<meta property=\"product:condition\" content=\"new\" \/>\n<!-- \/ Yoast SEO Premium plugin. -->","yoast_head_json":{"title":"Wassertisch Cortenstahl quadratisch 60x60cm","description":"Wassertische aus Cortenstahl; kommen Sie und sehen Sie sie live bei uns !!! Viele weitere Adezz-Produkte - kostenloses Parken","robots":{"index":"index","follow":"follow","max-snippet":"max-snippet:-1","max-image-preview":"max-image-preview:large","max-video-preview":"max-video-preview:-1"},"canonical":"https:\/\/www.eliassen.nl\/de\/wassertisch-aus-cortenstahl-quadratisch-60-x-60-cm\/","og_locale":"de_DE","og_type":"article","og_title":"Adezz Wassertisch Cortenstahl quadratisch 60x60cm - Eliassen.nl","og_description":"Wassertische aus Cortenstahl; kommen Sie und sehen Sie sie live bei uns !!! Viele weitere Adezz-Produkte - kostenloses Parken","og_url":"https:\/\/www.eliassen.nl\/de\/wassertisch-aus-cortenstahl-quadratisch-60-x-60-cm\/","og_site_name":"Eliassen.nl","article_publisher":"https:\/\/www.facebook.com\/TuincentrumEliassenAmmerzoden","article_modified_time":"2026-01-16T13:48:45+00:00","og_image":[{"width":699,"height":699,"url":"https:\/\/www.eliassen.nl\/wp-content\/uploads\/2023\/09\/Watertafel-Cortenstaal-vierkant-60x60cm-eliassen.nl_.webp","type":"image\/webp"}],"twitter_card":"summary_large_image","schema":{"@context":"https:\/\/schema.org","@graph":[{"@type":"WebPage","@id":"https:\/\/www.eliassen.nl\/de\/wassertisch-aus-cortenstahl-quadratisch-60-x-60-cm\/","url":"https:\/\/www.eliassen.nl\/de\/wassertisch-aus-cortenstahl-quadratisch-60-x-60-cm\/","name":"Wassertisch Cortenstahl quadratisch 60x60cm","isPartOf":{"@id":"https:\/\/www.eliassen.nl\/de\/#website"},"primaryImageOfPage":{"@id":"https:\/\/www.eliassen.nl\/de\/wassertisch-aus-cortenstahl-quadratisch-60-x-60-cm\/#primaryimage"},"image":{"@id":"https:\/\/www.eliassen.nl\/de\/wassertisch-aus-cortenstahl-quadratisch-60-x-60-cm\/#primaryimage"},"thumbnailUrl":"https:\/\/www.eliassen.nl\/wp-content\/uploads\/2023\/09\/Watertafel-Cortenstaal-vierkant-60x60cm-eliassen.nl_.webp","datePublished":"2023-09-29T17:02:46+00:00","dateModified":"2026-01-16T13:48:45+00:00","description":"Wassertische aus Cortenstahl; kommen Sie und sehen Sie sie live bei uns !!! Viele weitere Adezz-Produkte - kostenloses Parken","breadcrumb":{"@id":"https:\/\/www.eliassen.nl\/de\/wassertisch-aus-cortenstahl-quadratisch-60-x-60-cm\/#breadcrumb"},"inLanguage":"de","potentialAction":[{"@type":"ReadAction","target":["https:\/\/www.eliassen.nl\/de\/wassertisch-aus-cortenstahl-quadratisch-60-x-60-cm\/"]}]},{"@type":"ImageObject","inLanguage":"de","@id":"https:\/\/www.eliassen.nl\/de\/wassertisch-aus-cortenstahl-quadratisch-60-x-60-cm\/#primaryimage","url":"https:\/\/www.eliassen.nl\/wp-content\/uploads\/2023\/09\/Watertafel-Cortenstaal-vierkant-60x60cm-eliassen.nl_.webp","contentUrl":"https:\/\/www.eliassen.nl\/wp-content\/uploads\/2023\/09\/Watertafel-Cortenstaal-vierkant-60x60cm-eliassen.nl_.webp","width":699,"height":699,"caption":"Wassertisch Cortenstahl quadratisch 60x60cm eliassen.nl"},{"@type":"BreadcrumbList","@id":"https:\/\/www.eliassen.nl\/de\/wassertisch-aus-cortenstahl-quadratisch-60-x-60-cm\/#breadcrumb","itemListElement":[{"@type":"ListItem","position":1,"name":"Home","item":"https:\/\/www.eliassen.nl\/de\/"},{"@type":"ListItem","position":2,"name":"Shop","item":"https:\/\/www.eliassen.nl\/de\/shop\/"},{"@type":"ListItem","position":3,"name":"Wasserspiele","item":"https:\/\/www.eliassen.nl\/de\/wassereigenschaften\/"},{"@type":"ListItem","position":4,"name":"Wasserspiegel Wasserspiele Teichbecken Adezz","item":"https:\/\/www.eliassen.nl\/de\/wassereigenschaften\/wasserspiegel-wasserspiele-teichbecken-adezz\/"},{"@type":"ListItem","position":5,"name":"Wassertisch Cortenstahl quadratisch 60x60cm"}]},{"@type":"WebSite","@id":"https:\/\/www.eliassen.nl\/de\/#website","url":"https:\/\/www.eliassen.nl\/de\/","name":"Eliassen Home & Garden Pleasure","description":"","publisher":{"@id":"https:\/\/www.eliassen.nl\/de\/#organization"},"alternateName":"Eliassen.nl","potentialAction":[{"@type":"SearchAction","target":{"@type":"EntryPoint","urlTemplate":"https:\/\/www.eliassen.nl\/de\/?s={search_term_string}"},"query-input":{"@type":"PropertyValueSpecification","valueRequired":true,"valueName":"search_term_string"}}],"inLanguage":"de"},{"@type":["Organization","Place"],"@id":"https:\/\/www.eliassen.nl\/de\/#organization","name":"Eliassen Home & Garden Pleasure","url":"https:\/\/www.eliassen.nl\/de\/","logo":{"@id":"https:\/\/www.eliassen.nl\/de\/wassertisch-aus-cortenstahl-quadratisch-60-x-60-cm\/#local-main-organization-logo"},"image":{"@id":"https:\/\/www.eliassen.nl\/de\/wassertisch-aus-cortenstahl-quadratisch-60-x-60-cm\/#local-main-organization-logo"},"sameAs":["https:\/\/www.facebook.com\/TuincentrumEliassenAmmerzoden","https:\/\/www.instagram.com\/eliassenhomeandgarden\/","https:\/\/nl.pinterest.com\/eliassenhomeandgarden\/","https:\/\/www.youtube.com\/@eliassenhomegardenpleasure4558"],"telephone":[],"openingHoursSpecification":[{"@type":"OpeningHoursSpecification","dayOfWeek":["Monday","Tuesday","Wednesday","Thursday","Friday","Saturday","Sunday"],"opens":"09:00","closes":"17:00"}]},{"@type":"ImageObject","inLanguage":"de","@id":"https:\/\/www.eliassen.nl\/de\/wassertisch-aus-cortenstahl-quadratisch-60-x-60-cm\/#local-main-organization-logo","url":"https:\/\/www.eliassen.nl\/wp-content\/uploads\/2024\/01\/logo_4nd.jpg","contentUrl":"https:\/\/www.eliassen.nl\/wp-content\/uploads\/2024\/01\/logo_4nd.jpg","width":500,"height":500,"caption":"Eliassen Home & Garden Pleasure"}]},"product_price_amount":"620.00","product_price_currency":"EUR","og_availability":"backorder","product_availability":"available for order","product_retailer_item_id":"Cb14","product_condition":"new"},"df_price":620,"df_sale_price":"","df_regular_price":620,"df_image_link":"https:\/\/www.eliassen.nl\/wp-content\/uploads\/2023\/09\/Watertafel-Cortenstaal-vierkant-60x60cm-eliassen.nl_-300x300.webp","image":"https:\/\/www.eliassen.nl\/wp-content\/uploads\/2023\/09\/Watertafel-Cortenstaal-vierkant-60x60cm-eliassen.nl_-150x150.webp","price_search":"<span class=\"woocommerce-Price-amount amount\"><bdi><span class=\"woocommerce-Price-currencySymbol\">&euro;<\/span>&nbsp;620,00<\/bdi><\/span>","category":"Adezz-Produkte","global_unique_id":"6096529147177","_links":{"self":[{"href":"https:\/\/www.eliassen.nl\/de\/wp-json\/wp\/v2\/product\/95410","targetHints":{"allow":["GET"]}}],"collection":[{"href":"https:\/\/www.eliassen.nl\/de\/wp-json\/wp\/v2\/product"}],"about":[{"href":"https:\/\/www.eliassen.nl\/de\/wp-json\/wp\/v2\/types\/product"}],"wp:featuredmedia":[{"embeddable":true,"href":"https:\/\/www.eliassen.nl\/de\/wp-json\/wp\/v2\/media\/177918"}],"wp:attachment":[{"href":"https:\/\/www.eliassen.nl\/de\/wp-json\/wp\/v2\/media?parent=95410"}],"wp:term":[{"taxonomy":"product_brand","embeddable":true,"href":"https:\/\/www.eliassen.nl\/de\/wp-json\/wp\/v2\/product_brand?post=95410"},{"taxonomy":"product_cat","embeddable":true,"href":"https:\/\/www.eliassen.nl\/de\/wp-json\/wp\/v2\/product_cat?post=95410"},{"taxonomy":"product_tag","embeddable":true,"href":"https:\/\/www.eliassen.nl\/de\/wp-json\/wp\/v2\/product_tag?post=95410"}],"curies":[{"name":"wp","href":"https:\/\/api.w.org\/{rel}","templated":true}]}}