{"id":95167,"date":"2023-09-26T16:22:25","date_gmt":"2023-09-26T16:22:25","guid":{"rendered":"https:\/\/www.eliassen.nl\/?product=beeld-hout-olifant-met-indisch-kleed-30cm"},"modified":"2026-01-16T14:48:54","modified_gmt":"2026-01-16T13:48:54","slug":"skulptur-holzelefant-mit-indianerteppich-30cm","status":"publish","type":"product","link":"https:\/\/www.eliassen.nl\/de\/skulptur-holzelefant-mit-indianerteppich-30cm\/","title":{"rendered":"Statue Holz Elefant mit indischem Teppich 30cm"},"content":{"rendered":"<p>Ein sch\u00f6nes St\u00fcck Handwerkskunst, dieser imposante Elefant mit Teppich, handgefertigt aus massivem Suar-Holz.<br \/>\nEs ist sehr clever, wie die Form gerendert wurde. In dieses Modell sind sehr viele Arbeitsstunden geflossen, um diese Skulptur aus einem Block aus hartem Suarholz zu schaffen.<\/p>\n<p>Suar-Holz hat die Eigenschaft, dass es kontrastreiche Farben aufweist. Helles Holz kann direkt neben dunklem Holz stehen. Es ist normal, dass diese Farbunterschiede auch bei diesem St\u00fcck sichtbar sind. Leider k\u00f6nnen dazu keine Angaben gemacht werden.<\/p>\n<p>Da es handgefertigt ist, ist das Foto nur ein Beispiel, so dass Ihr erhaltenes Modell davon abweichen kann.<\/p>\n<ul>\n<li>Gr\u00f6\u00dfe: 40cm lang und 30cm hoch<\/li>\n<li>Material: Massivholz Suar, leicht ge\u00f6lt<\/li>\n<li>Ausgenommen<\/li>\n<li>Original Schnitzereien<\/li>\n<li>Eigene Aktie<\/li>\n<li>Das Aufstellen im Freien ist erlaubt, aber das Holz wird dann grau und es k\u00f6nnen Risse entstehen.<\/li>\n<\/ul>\n","protected":false},"excerpt":{"rendered":"<p>Sch\u00f6ne handgeschnitzte Skulptur eines Elefanten, mit der richtigen Form<\/p>\n","protected":false},"featured_media":95152,"template":"","meta":{"_acf_changed":false,"_genesis_title":"","_genesis_description":""},"product_brand":[7505],"product_cat":[1367,7239],"product_tag":[],"class_list":{"0":"post-95167","1":"product","2":"type-product","3":"status-publish","4":"has-post-thumbnail","6":"product_brand-sonstige","7":"product_cat-holzstatuen","8":"product_cat-bilder","10":"first","11":"instock","12":"taxable","13":"shipping-taxable","14":"purchasable","15":"product-type-simple"},"acf":[],"meta_all":{"total_sales":"1","wcml_sync_hash":{"postmeta_fields":"7c66d1b7b79fbc14f3a19efaa11614e3"},"attr_label_translations":[],"cor_restricted_countries":[]},"meta_all_flat":{"total_sales":"1","wcml_sync_hash.postmeta_fields":"7c66d1b7b79fbc14f3a19efaa11614e3"},"yoast_head":"<!-- This site is optimized with the Yoast SEO Premium plugin v26.2 (Yoast SEO v27.2) - https:\/\/yoast.com\/product\/yoast-seo-premium-wordpress\/ -->\n<title>Statue Holz Elefant mit indischem Teppich 30cm<\/title>\n<meta name=\"description\" content=\"H\u00f6lzerne Statuen? Die gr\u00f6\u00dfte Sammlung von Skulpturen finden Sie bei uns. Kommen Sie vorbei und sehen Sie sie live !!!\" \/>\n<meta name=\"robots\" content=\"index, follow, max-snippet:-1, max-image-preview:large, max-video-preview:-1\" \/>\n<link rel=\"canonical\" href=\"https:\/\/www.eliassen.nl\/de\/skulptur-holzelefant-mit-indianerteppich-30cm\/\" \/>\n<meta property=\"og:locale\" content=\"de_DE\" \/>\n<meta property=\"og:type\" content=\"article\" \/>\n<meta property=\"og:title\" content=\"Sonstige Statue Holz Elefant mit indischem Teppich 30cm - Eliassen.nl\" \/>\n<meta property=\"og:description\" content=\"H\u00f6lzerne Statuen? Die gr\u00f6\u00dfte Sammlung von Skulpturen finden Sie bei uns. Kommen Sie vorbei und sehen Sie sie live !!!\" \/>\n<meta property=\"og:url\" content=\"https:\/\/www.eliassen.nl\/de\/skulptur-holzelefant-mit-indianerteppich-30cm\/\" \/>\n<meta property=\"og:site_name\" content=\"Eliassen.nl\" \/>\n<meta property=\"article:publisher\" content=\"https:\/\/www.facebook.com\/TuincentrumEliassenAmmerzoden\" \/>\n<meta property=\"article:modified_time\" content=\"2026-01-16T13:48:54+00:00\" \/>\n<meta property=\"og:image\" content=\"https:\/\/www.eliassen.nl\/wp-content\/uploads\/2024\/01\/beeldhoutolifantmetindischkleed30cmeliassen.png\" \/>\n\t<meta property=\"og:image:width\" content=\"1280\" \/>\n\t<meta property=\"og:image:height\" content=\"720\" \/>\n\t<meta property=\"og:image:type\" content=\"image\/png\" \/>\n<meta name=\"twitter:card\" content=\"summary_large_image\" \/>\n<script type=\"application\/ld+json\" class=\"yoast-schema-graph\">{\"@context\":\"https:\/\/schema.org\",\"@graph\":[{\"@type\":\"WebPage\",\"@id\":\"https:\/\/www.eliassen.nl\/de\/skulptur-holzelefant-mit-indianerteppich-30cm\/\",\"url\":\"https:\/\/www.eliassen.nl\/de\/skulptur-holzelefant-mit-indianerteppich-30cm\/\",\"name\":\"Statue Holz Elefant mit indischem Teppich 30cm\",\"isPartOf\":{\"@id\":\"https:\/\/www.eliassen.nl\/de\/#website\"},\"primaryImageOfPage\":{\"@id\":\"https:\/\/www.eliassen.nl\/de\/skulptur-holzelefant-mit-indianerteppich-30cm\/#primaryimage\"},\"image\":{\"@id\":\"https:\/\/www.eliassen.nl\/de\/skulptur-holzelefant-mit-indianerteppich-30cm\/#primaryimage\"},\"thumbnailUrl\":\"https:\/\/www.eliassen.nl\/wp-content\/uploads\/2024\/01\/beeldhoutolifantmetindischkleed30cmeliassen.png\",\"datePublished\":\"2023-09-26T16:22:25+00:00\",\"dateModified\":\"2026-01-16T13:48:54+00:00\",\"description\":\"H\u00f6lzerne Statuen? Die gr\u00f6\u00dfte Sammlung von Skulpturen finden Sie bei uns. Kommen Sie vorbei und sehen Sie sie live !!!\",\"breadcrumb\":{\"@id\":\"https:\/\/www.eliassen.nl\/de\/skulptur-holzelefant-mit-indianerteppich-30cm\/#breadcrumb\"},\"inLanguage\":\"de\",\"potentialAction\":[{\"@type\":\"ReadAction\",\"target\":[\"https:\/\/www.eliassen.nl\/de\/skulptur-holzelefant-mit-indianerteppich-30cm\/\"]}]},{\"@type\":\"ImageObject\",\"inLanguage\":\"de\",\"@id\":\"https:\/\/www.eliassen.nl\/de\/skulptur-holzelefant-mit-indianerteppich-30cm\/#primaryimage\",\"url\":\"https:\/\/www.eliassen.nl\/wp-content\/uploads\/2024\/01\/beeldhoutolifantmetindischkleed30cmeliassen.png\",\"contentUrl\":\"https:\/\/www.eliassen.nl\/wp-content\/uploads\/2024\/01\/beeldhoutolifantmetindischkleed30cmeliassen.png\",\"width\":1280,\"height\":720,\"caption\":\"Statue Holz Elefant mit indischem Teppich 30cm eliassen.nl\"},{\"@type\":\"BreadcrumbList\",\"@id\":\"https:\/\/www.eliassen.nl\/de\/skulptur-holzelefant-mit-indianerteppich-30cm\/#breadcrumb\",\"itemListElement\":[{\"@type\":\"ListItem\",\"position\":1,\"name\":\"Home\",\"item\":\"https:\/\/www.eliassen.nl\/de\/\"},{\"@type\":\"ListItem\",\"position\":2,\"name\":\"Shop\",\"item\":\"https:\/\/www.eliassen.nl\/de\/shop\/\"},{\"@type\":\"ListItem\",\"position\":3,\"name\":\"Bilder\",\"item\":\"https:\/\/www.eliassen.nl\/de\/bilder\/\"},{\"@type\":\"ListItem\",\"position\":4,\"name\":\"Holzstatuen\",\"item\":\"https:\/\/www.eliassen.nl\/de\/bilder\/holzstatuen\/\"},{\"@type\":\"ListItem\",\"position\":5,\"name\":\"Statue Holz Elefant mit indischem Teppich 30cm\"}]},{\"@type\":\"WebSite\",\"@id\":\"https:\/\/www.eliassen.nl\/de\/#website\",\"url\":\"https:\/\/www.eliassen.nl\/de\/\",\"name\":\"Eliassen Home & Garden Pleasure\",\"description\":\"\",\"publisher\":{\"@id\":\"https:\/\/www.eliassen.nl\/de\/#organization\"},\"alternateName\":\"Eliassen.nl\",\"potentialAction\":[{\"@type\":\"SearchAction\",\"target\":{\"@type\":\"EntryPoint\",\"urlTemplate\":\"https:\/\/www.eliassen.nl\/de\/?s={search_term_string}\"},\"query-input\":{\"@type\":\"PropertyValueSpecification\",\"valueRequired\":true,\"valueName\":\"search_term_string\"}}],\"inLanguage\":\"de\"},{\"@type\":[\"Organization\",\"Place\"],\"@id\":\"https:\/\/www.eliassen.nl\/de\/#organization\",\"name\":\"Eliassen Home & Garden Pleasure\",\"url\":\"https:\/\/www.eliassen.nl\/de\/\",\"logo\":{\"@id\":\"https:\/\/www.eliassen.nl\/de\/skulptur-holzelefant-mit-indianerteppich-30cm\/#local-main-organization-logo\"},\"image\":{\"@id\":\"https:\/\/www.eliassen.nl\/de\/skulptur-holzelefant-mit-indianerteppich-30cm\/#local-main-organization-logo\"},\"sameAs\":[\"https:\/\/www.facebook.com\/TuincentrumEliassenAmmerzoden\",\"https:\/\/www.instagram.com\/eliassenhomeandgarden\/\",\"https:\/\/nl.pinterest.com\/eliassenhomeandgarden\/\",\"https:\/\/www.youtube.com\/@eliassenhomegardenpleasure4558\"],\"telephone\":[],\"openingHoursSpecification\":[{\"@type\":\"OpeningHoursSpecification\",\"dayOfWeek\":[\"Monday\",\"Tuesday\",\"Wednesday\",\"Thursday\",\"Friday\",\"Saturday\",\"Sunday\"],\"opens\":\"09:00\",\"closes\":\"17:00\"}]},{\"@type\":\"ImageObject\",\"inLanguage\":\"de\",\"@id\":\"https:\/\/www.eliassen.nl\/de\/skulptur-holzelefant-mit-indianerteppich-30cm\/#local-main-organization-logo\",\"url\":\"https:\/\/www.eliassen.nl\/wp-content\/uploads\/2024\/01\/logo_4nd.jpg\",\"contentUrl\":\"https:\/\/www.eliassen.nl\/wp-content\/uploads\/2024\/01\/logo_4nd.jpg\",\"width\":500,\"height\":500,\"caption\":\"Eliassen Home & Garden Pleasure\"}]}<\/script>\n<meta property=\"product:price:amount\" content=\"109.00\" \/>\n<meta property=\"product:price:currency\" content=\"EUR\" \/>\n<meta property=\"og:availability\" content=\"instock\" \/>\n<meta property=\"product:availability\" content=\"instock\" \/>\n<meta property=\"product:retailer_item_id\" content=\"Boik30\" \/>\n<meta property=\"product:condition\" content=\"new\" \/>\n<!-- \/ Yoast SEO Premium plugin. -->","yoast_head_json":{"title":"Statue Holz Elefant mit indischem Teppich 30cm","description":"H\u00f6lzerne Statuen? Die gr\u00f6\u00dfte Sammlung von Skulpturen finden Sie bei uns. Kommen Sie vorbei und sehen Sie sie live !!!","robots":{"index":"index","follow":"follow","max-snippet":"max-snippet:-1","max-image-preview":"max-image-preview:large","max-video-preview":"max-video-preview:-1"},"canonical":"https:\/\/www.eliassen.nl\/de\/skulptur-holzelefant-mit-indianerteppich-30cm\/","og_locale":"de_DE","og_type":"article","og_title":"Sonstige Statue Holz Elefant mit indischem Teppich 30cm - Eliassen.nl","og_description":"H\u00f6lzerne Statuen? Die gr\u00f6\u00dfte Sammlung von Skulpturen finden Sie bei uns. Kommen Sie vorbei und sehen Sie sie live !!!","og_url":"https:\/\/www.eliassen.nl\/de\/skulptur-holzelefant-mit-indianerteppich-30cm\/","og_site_name":"Eliassen.nl","article_publisher":"https:\/\/www.facebook.com\/TuincentrumEliassenAmmerzoden","article_modified_time":"2026-01-16T13:48:54+00:00","og_image":[{"width":1280,"height":720,"url":"https:\/\/www.eliassen.nl\/wp-content\/uploads\/2024\/01\/beeldhoutolifantmetindischkleed30cmeliassen.png","type":"image\/png"}],"twitter_card":"summary_large_image","schema":{"@context":"https:\/\/schema.org","@graph":[{"@type":"WebPage","@id":"https:\/\/www.eliassen.nl\/de\/skulptur-holzelefant-mit-indianerteppich-30cm\/","url":"https:\/\/www.eliassen.nl\/de\/skulptur-holzelefant-mit-indianerteppich-30cm\/","name":"Statue Holz Elefant mit indischem Teppich 30cm","isPartOf":{"@id":"https:\/\/www.eliassen.nl\/de\/#website"},"primaryImageOfPage":{"@id":"https:\/\/www.eliassen.nl\/de\/skulptur-holzelefant-mit-indianerteppich-30cm\/#primaryimage"},"image":{"@id":"https:\/\/www.eliassen.nl\/de\/skulptur-holzelefant-mit-indianerteppich-30cm\/#primaryimage"},"thumbnailUrl":"https:\/\/www.eliassen.nl\/wp-content\/uploads\/2024\/01\/beeldhoutolifantmetindischkleed30cmeliassen.png","datePublished":"2023-09-26T16:22:25+00:00","dateModified":"2026-01-16T13:48:54+00:00","description":"H\u00f6lzerne Statuen? Die gr\u00f6\u00dfte Sammlung von Skulpturen finden Sie bei uns. Kommen Sie vorbei und sehen Sie sie live !!!","breadcrumb":{"@id":"https:\/\/www.eliassen.nl\/de\/skulptur-holzelefant-mit-indianerteppich-30cm\/#breadcrumb"},"inLanguage":"de","potentialAction":[{"@type":"ReadAction","target":["https:\/\/www.eliassen.nl\/de\/skulptur-holzelefant-mit-indianerteppich-30cm\/"]}]},{"@type":"ImageObject","inLanguage":"de","@id":"https:\/\/www.eliassen.nl\/de\/skulptur-holzelefant-mit-indianerteppich-30cm\/#primaryimage","url":"https:\/\/www.eliassen.nl\/wp-content\/uploads\/2024\/01\/beeldhoutolifantmetindischkleed30cmeliassen.png","contentUrl":"https:\/\/www.eliassen.nl\/wp-content\/uploads\/2024\/01\/beeldhoutolifantmetindischkleed30cmeliassen.png","width":1280,"height":720,"caption":"Statue Holz Elefant mit indischem Teppich 30cm eliassen.nl"},{"@type":"BreadcrumbList","@id":"https:\/\/www.eliassen.nl\/de\/skulptur-holzelefant-mit-indianerteppich-30cm\/#breadcrumb","itemListElement":[{"@type":"ListItem","position":1,"name":"Home","item":"https:\/\/www.eliassen.nl\/de\/"},{"@type":"ListItem","position":2,"name":"Shop","item":"https:\/\/www.eliassen.nl\/de\/shop\/"},{"@type":"ListItem","position":3,"name":"Bilder","item":"https:\/\/www.eliassen.nl\/de\/bilder\/"},{"@type":"ListItem","position":4,"name":"Holzstatuen","item":"https:\/\/www.eliassen.nl\/de\/bilder\/holzstatuen\/"},{"@type":"ListItem","position":5,"name":"Statue Holz Elefant mit indischem Teppich 30cm"}]},{"@type":"WebSite","@id":"https:\/\/www.eliassen.nl\/de\/#website","url":"https:\/\/www.eliassen.nl\/de\/","name":"Eliassen Home & Garden Pleasure","description":"","publisher":{"@id":"https:\/\/www.eliassen.nl\/de\/#organization"},"alternateName":"Eliassen.nl","potentialAction":[{"@type":"SearchAction","target":{"@type":"EntryPoint","urlTemplate":"https:\/\/www.eliassen.nl\/de\/?s={search_term_string}"},"query-input":{"@type":"PropertyValueSpecification","valueRequired":true,"valueName":"search_term_string"}}],"inLanguage":"de"},{"@type":["Organization","Place"],"@id":"https:\/\/www.eliassen.nl\/de\/#organization","name":"Eliassen Home & Garden Pleasure","url":"https:\/\/www.eliassen.nl\/de\/","logo":{"@id":"https:\/\/www.eliassen.nl\/de\/skulptur-holzelefant-mit-indianerteppich-30cm\/#local-main-organization-logo"},"image":{"@id":"https:\/\/www.eliassen.nl\/de\/skulptur-holzelefant-mit-indianerteppich-30cm\/#local-main-organization-logo"},"sameAs":["https:\/\/www.facebook.com\/TuincentrumEliassenAmmerzoden","https:\/\/www.instagram.com\/eliassenhomeandgarden\/","https:\/\/nl.pinterest.com\/eliassenhomeandgarden\/","https:\/\/www.youtube.com\/@eliassenhomegardenpleasure4558"],"telephone":[],"openingHoursSpecification":[{"@type":"OpeningHoursSpecification","dayOfWeek":["Monday","Tuesday","Wednesday","Thursday","Friday","Saturday","Sunday"],"opens":"09:00","closes":"17:00"}]},{"@type":"ImageObject","inLanguage":"de","@id":"https:\/\/www.eliassen.nl\/de\/skulptur-holzelefant-mit-indianerteppich-30cm\/#local-main-organization-logo","url":"https:\/\/www.eliassen.nl\/wp-content\/uploads\/2024\/01\/logo_4nd.jpg","contentUrl":"https:\/\/www.eliassen.nl\/wp-content\/uploads\/2024\/01\/logo_4nd.jpg","width":500,"height":500,"caption":"Eliassen Home & Garden Pleasure"}]},"product_price_amount":"109.00","product_price_currency":"EUR","og_availability":"instock","product_availability":"instock","product_retailer_item_id":"Boik30","product_condition":"new"},"df_price":109,"df_sale_price":"","df_regular_price":109,"df_image_link":"https:\/\/www.eliassen.nl\/wp-content\/uploads\/2024\/01\/beeldhoutolifantmetindischkleed30cmeliassen.png","image":"https:\/\/www.eliassen.nl\/wp-content\/uploads\/2024\/01\/beeldhoutolifantmetindischkleed30cmeliassen.png","price_search":"<span class=\"woocommerce-Price-amount amount\"><bdi><span class=\"woocommerce-Price-currencySymbol\">&euro;<\/span>&nbsp;109,00<\/bdi><\/span>","category":"Holzstatuen","global_unique_id":"8720572183629","_links":{"self":[{"href":"https:\/\/www.eliassen.nl\/de\/wp-json\/wp\/v2\/product\/95167","targetHints":{"allow":["GET"]}}],"collection":[{"href":"https:\/\/www.eliassen.nl\/de\/wp-json\/wp\/v2\/product"}],"about":[{"href":"https:\/\/www.eliassen.nl\/de\/wp-json\/wp\/v2\/types\/product"}],"wp:featuredmedia":[{"embeddable":true,"href":"https:\/\/www.eliassen.nl\/de\/wp-json\/wp\/v2\/media\/95152"}],"wp:attachment":[{"href":"https:\/\/www.eliassen.nl\/de\/wp-json\/wp\/v2\/media?parent=95167"}],"wp:term":[{"taxonomy":"product_brand","embeddable":true,"href":"https:\/\/www.eliassen.nl\/de\/wp-json\/wp\/v2\/product_brand?post=95167"},{"taxonomy":"product_cat","embeddable":true,"href":"https:\/\/www.eliassen.nl\/de\/wp-json\/wp\/v2\/product_cat?post=95167"},{"taxonomy":"product_tag","embeddable":true,"href":"https:\/\/www.eliassen.nl\/de\/wp-json\/wp\/v2\/product_tag?post=95167"}],"curies":[{"name":"wp","href":"https:\/\/api.w.org\/{rel}","templated":true}]}}