{"id":94999,"date":"2023-09-23T12:45:28","date_gmt":"2023-09-23T12:45:28","guid":{"rendered":"https:\/\/www.eliassen.nl\/?product=watertafel-cortenstaal-andrew-hoog-vierkant"},"modified":"2026-01-16T14:49:00","modified_gmt":"2026-01-16T13:49:00","slug":"wassertisch-cortenstahl-andrew-hoch-quadratisch-100cm","status":"publish","type":"product","link":"https:\/\/www.eliassen.nl\/de\/wassertisch-cortenstahl-andrew-hoch-quadratisch-100cm\/","title":{"rendered":"Wassertisch Cortenstahl Andrew hoch quadratisch 100cm"},"content":{"rendered":"<p>Sehr sch\u00f6ner Wassertisch aus 1,5 mm dickem Cortenstahl. An der Oberseite bildet das Wasser eine Schicht, die an den R\u00e4ndern subtil abflie\u00dft. Wenn Sie m\u00f6chten, k\u00f6nnen Sie auch Kieselsteine auf das Plateau streuen.<\/p>\n<p>Oben befindet sich eine LED-Beleuchtung, die im Dunkeln ein sehr sch\u00f6nes Ambiente schafft. Die Schn\u00fcre laufen durch das Rohr im Boden. Ein quadratischer Wassertank aus Kunststoff dient als Wasserspeicher. Bei Frost leeren Sie diesen Beh\u00e4lter.<\/p>\n<p>Der Wassertisch wird mit einem LED-Licht und einer Pumpe geliefert. Pumpe mit 10m Kabel, LED-Licht mit 5m Kabel.<\/p>\n<ul>\n<li>Material: Cortenstahl 1,5 mm<\/li>\n<li>Gr\u00f6\u00dfe: 50x50x100cm hoch<\/li>\n<li>Inklusive LED-Licht und Pumpe<\/li>\n<li>1 Jahr Garantie<\/li>\n<\/ul>\n<p>Kommen Sie vorbei und sehen Sie sich einen Gro\u00dfteil unserer Kollektion <strong>live<\/strong> in unserem Ausstellungsraum an!<\/p>\n","protected":false},"excerpt":{"rendered":"<p>In rostiger Farbe<\/p>\n","protected":false},"featured_media":94990,"template":"","meta":{"_acf_changed":false,"_genesis_title":"","_genesis_description":""},"product_brand":[7505],"product_cat":[548,536],"product_tag":[],"class_list":{"0":"post-94999","1":"product","2":"type-product","3":"status-publish","4":"has-post-thumbnail","6":"product_brand-sonstige","7":"product_cat-terrassenbrunnen","8":"product_cat-wassereigenschaften","10":"first","11":"instock","12":"taxable","13":"shipping-taxable","14":"purchasable","15":"product-type-simple"},"acf":[],"meta_all":{"total_sales":"2","cor_restricted_countries":[]},"meta_all_flat":{"total_sales":"2"},"yoast_head":"<!-- This site is optimized with the Yoast SEO Premium plugin v26.2 (Yoast SEO v27.2) - https:\/\/yoast.com\/product\/yoast-seo-premium-wordpress\/ -->\n<title>Wassertisch Cortenstahl Andrew hoch quadratisch 100cm<\/title>\n<meta name=\"description\" content=\"Terrassenbrunnen und Wasserornamente, kommen Sie zum Spezialisten !!! Kostenloses Parken.\" \/>\n<meta name=\"robots\" content=\"index, follow, max-snippet:-1, max-image-preview:large, max-video-preview:-1\" \/>\n<link rel=\"canonical\" href=\"https:\/\/www.eliassen.nl\/de\/wassertisch-cortenstahl-andrew-hoch-quadratisch-100cm\/\" \/>\n<meta property=\"og:locale\" content=\"de_DE\" \/>\n<meta property=\"og:type\" content=\"article\" \/>\n<meta property=\"og:title\" content=\"Sonstige Wassertisch Cortenstahl Andrew hoch quadratisch 100cm - Eliassen.nl\" \/>\n<meta property=\"og:description\" content=\"Terrassenbrunnen und Wasserornamente, kommen Sie zum Spezialisten !!! Kostenloses Parken.\" \/>\n<meta property=\"og:url\" content=\"https:\/\/www.eliassen.nl\/de\/wassertisch-cortenstahl-andrew-hoch-quadratisch-100cm\/\" \/>\n<meta property=\"og:site_name\" content=\"Eliassen.nl\" \/>\n<meta property=\"article:publisher\" content=\"https:\/\/www.facebook.com\/TuincentrumEliassenAmmerzoden\" \/>\n<meta property=\"article:modified_time\" content=\"2026-01-16T13:49:00+00:00\" \/>\n<meta property=\"og:image\" content=\"https:\/\/www.eliassen.nl\/wp-content\/uploads\/2024\/01\/watertafelcortenstaalandrewhoogvierkant100cm.png\" \/>\n\t<meta property=\"og:image:width\" content=\"500\" \/>\n\t<meta property=\"og:image:height\" content=\"668\" \/>\n\t<meta property=\"og:image:type\" content=\"image\/png\" \/>\n<meta name=\"twitter:card\" content=\"summary_large_image\" \/>\n<script type=\"application\/ld+json\" class=\"yoast-schema-graph\">{\"@context\":\"https:\/\/schema.org\",\"@graph\":[{\"@type\":\"WebPage\",\"@id\":\"https:\/\/www.eliassen.nl\/de\/wassertisch-cortenstahl-andrew-hoch-quadratisch-100cm\/\",\"url\":\"https:\/\/www.eliassen.nl\/de\/wassertisch-cortenstahl-andrew-hoch-quadratisch-100cm\/\",\"name\":\"Wassertisch Cortenstahl Andrew hoch quadratisch 100cm\",\"isPartOf\":{\"@id\":\"https:\/\/www.eliassen.nl\/de\/#website\"},\"primaryImageOfPage\":{\"@id\":\"https:\/\/www.eliassen.nl\/de\/wassertisch-cortenstahl-andrew-hoch-quadratisch-100cm\/#primaryimage\"},\"image\":{\"@id\":\"https:\/\/www.eliassen.nl\/de\/wassertisch-cortenstahl-andrew-hoch-quadratisch-100cm\/#primaryimage\"},\"thumbnailUrl\":\"https:\/\/www.eliassen.nl\/wp-content\/uploads\/2024\/01\/watertafelcortenstaalandrewhoogvierkant100cm.png\",\"datePublished\":\"2023-09-23T12:45:28+00:00\",\"dateModified\":\"2026-01-16T13:49:00+00:00\",\"description\":\"Terrassenbrunnen und Wasserornamente, kommen Sie zum Spezialisten !!! Kostenloses Parken.\",\"breadcrumb\":{\"@id\":\"https:\/\/www.eliassen.nl\/de\/wassertisch-cortenstahl-andrew-hoch-quadratisch-100cm\/#breadcrumb\"},\"inLanguage\":\"de\",\"potentialAction\":[{\"@type\":\"ReadAction\",\"target\":[\"https:\/\/www.eliassen.nl\/de\/wassertisch-cortenstahl-andrew-hoch-quadratisch-100cm\/\"]}]},{\"@type\":\"ImageObject\",\"inLanguage\":\"de\",\"@id\":\"https:\/\/www.eliassen.nl\/de\/wassertisch-cortenstahl-andrew-hoch-quadratisch-100cm\/#primaryimage\",\"url\":\"https:\/\/www.eliassen.nl\/wp-content\/uploads\/2024\/01\/watertafelcortenstaalandrewhoogvierkant100cm.png\",\"contentUrl\":\"https:\/\/www.eliassen.nl\/wp-content\/uploads\/2024\/01\/watertafelcortenstaalandrewhoogvierkant100cm.png\",\"width\":500,\"height\":668,\"caption\":\"Wassertisch Cortenstahl Andrew hoch quadratisch 100cm eliassen.de\"},{\"@type\":\"BreadcrumbList\",\"@id\":\"https:\/\/www.eliassen.nl\/de\/wassertisch-cortenstahl-andrew-hoch-quadratisch-100cm\/#breadcrumb\",\"itemListElement\":[{\"@type\":\"ListItem\",\"position\":1,\"name\":\"Home\",\"item\":\"https:\/\/www.eliassen.nl\/de\/\"},{\"@type\":\"ListItem\",\"position\":2,\"name\":\"Shop\",\"item\":\"https:\/\/www.eliassen.nl\/de\/shop\/\"},{\"@type\":\"ListItem\",\"position\":3,\"name\":\"Wasserspiele\",\"item\":\"https:\/\/www.eliassen.nl\/de\/wassereigenschaften\/\"},{\"@type\":\"ListItem\",\"position\":4,\"name\":\"Terrassenbrunnen\",\"item\":\"https:\/\/www.eliassen.nl\/de\/wassereigenschaften\/terrassenbrunnen\/\"},{\"@type\":\"ListItem\",\"position\":5,\"name\":\"Wassertisch Cortenstahl Andrew hoch quadratisch 100cm\"}]},{\"@type\":\"WebSite\",\"@id\":\"https:\/\/www.eliassen.nl\/de\/#website\",\"url\":\"https:\/\/www.eliassen.nl\/de\/\",\"name\":\"Eliassen Home & Garden Pleasure\",\"description\":\"\",\"publisher\":{\"@id\":\"https:\/\/www.eliassen.nl\/de\/#organization\"},\"alternateName\":\"Eliassen.nl\",\"potentialAction\":[{\"@type\":\"SearchAction\",\"target\":{\"@type\":\"EntryPoint\",\"urlTemplate\":\"https:\/\/www.eliassen.nl\/de\/?s={search_term_string}\"},\"query-input\":{\"@type\":\"PropertyValueSpecification\",\"valueRequired\":true,\"valueName\":\"search_term_string\"}}],\"inLanguage\":\"de\"},{\"@type\":[\"Organization\",\"Place\"],\"@id\":\"https:\/\/www.eliassen.nl\/de\/#organization\",\"name\":\"Eliassen Home & Garden Pleasure\",\"url\":\"https:\/\/www.eliassen.nl\/de\/\",\"logo\":{\"@id\":\"https:\/\/www.eliassen.nl\/de\/wassertisch-cortenstahl-andrew-hoch-quadratisch-100cm\/#local-main-organization-logo\"},\"image\":{\"@id\":\"https:\/\/www.eliassen.nl\/de\/wassertisch-cortenstahl-andrew-hoch-quadratisch-100cm\/#local-main-organization-logo\"},\"sameAs\":[\"https:\/\/www.facebook.com\/TuincentrumEliassenAmmerzoden\",\"https:\/\/www.instagram.com\/eliassenhomeandgarden\/\",\"https:\/\/nl.pinterest.com\/eliassenhomeandgarden\/\",\"https:\/\/www.youtube.com\/@eliassenhomegardenpleasure4558\"],\"telephone\":[],\"openingHoursSpecification\":[{\"@type\":\"OpeningHoursSpecification\",\"dayOfWeek\":[\"Monday\",\"Tuesday\",\"Wednesday\",\"Thursday\",\"Friday\",\"Saturday\",\"Sunday\"],\"opens\":\"09:00\",\"closes\":\"17:00\"}]},{\"@type\":\"ImageObject\",\"inLanguage\":\"de\",\"@id\":\"https:\/\/www.eliassen.nl\/de\/wassertisch-cortenstahl-andrew-hoch-quadratisch-100cm\/#local-main-organization-logo\",\"url\":\"https:\/\/www.eliassen.nl\/wp-content\/uploads\/2024\/01\/logo_4nd.jpg\",\"contentUrl\":\"https:\/\/www.eliassen.nl\/wp-content\/uploads\/2024\/01\/logo_4nd.jpg\",\"width\":500,\"height\":500,\"caption\":\"Eliassen Home & Garden Pleasure\"}]}<\/script>\n<meta property=\"product:price:amount\" content=\"479.00\" \/>\n<meta property=\"product:price:currency\" content=\"EUR\" \/>\n<meta property=\"og:availability\" content=\"instock\" \/>\n<meta property=\"product:availability\" content=\"instock\" \/>\n<meta property=\"product:retailer_item_id\" content=\"9042-1-000\" \/>\n<meta property=\"product:condition\" content=\"new\" \/>\n<!-- \/ Yoast SEO Premium plugin. -->","yoast_head_json":{"title":"Wassertisch Cortenstahl Andrew hoch quadratisch 100cm","description":"Terrassenbrunnen und Wasserornamente, kommen Sie zum Spezialisten !!! Kostenloses Parken.","robots":{"index":"index","follow":"follow","max-snippet":"max-snippet:-1","max-image-preview":"max-image-preview:large","max-video-preview":"max-video-preview:-1"},"canonical":"https:\/\/www.eliassen.nl\/de\/wassertisch-cortenstahl-andrew-hoch-quadratisch-100cm\/","og_locale":"de_DE","og_type":"article","og_title":"Sonstige Wassertisch Cortenstahl Andrew hoch quadratisch 100cm - Eliassen.nl","og_description":"Terrassenbrunnen und Wasserornamente, kommen Sie zum Spezialisten !!! Kostenloses Parken.","og_url":"https:\/\/www.eliassen.nl\/de\/wassertisch-cortenstahl-andrew-hoch-quadratisch-100cm\/","og_site_name":"Eliassen.nl","article_publisher":"https:\/\/www.facebook.com\/TuincentrumEliassenAmmerzoden","article_modified_time":"2026-01-16T13:49:00+00:00","og_image":[{"width":500,"height":668,"url":"https:\/\/www.eliassen.nl\/wp-content\/uploads\/2024\/01\/watertafelcortenstaalandrewhoogvierkant100cm.png","type":"image\/png"}],"twitter_card":"summary_large_image","schema":{"@context":"https:\/\/schema.org","@graph":[{"@type":"WebPage","@id":"https:\/\/www.eliassen.nl\/de\/wassertisch-cortenstahl-andrew-hoch-quadratisch-100cm\/","url":"https:\/\/www.eliassen.nl\/de\/wassertisch-cortenstahl-andrew-hoch-quadratisch-100cm\/","name":"Wassertisch Cortenstahl Andrew hoch quadratisch 100cm","isPartOf":{"@id":"https:\/\/www.eliassen.nl\/de\/#website"},"primaryImageOfPage":{"@id":"https:\/\/www.eliassen.nl\/de\/wassertisch-cortenstahl-andrew-hoch-quadratisch-100cm\/#primaryimage"},"image":{"@id":"https:\/\/www.eliassen.nl\/de\/wassertisch-cortenstahl-andrew-hoch-quadratisch-100cm\/#primaryimage"},"thumbnailUrl":"https:\/\/www.eliassen.nl\/wp-content\/uploads\/2024\/01\/watertafelcortenstaalandrewhoogvierkant100cm.png","datePublished":"2023-09-23T12:45:28+00:00","dateModified":"2026-01-16T13:49:00+00:00","description":"Terrassenbrunnen und Wasserornamente, kommen Sie zum Spezialisten !!! Kostenloses Parken.","breadcrumb":{"@id":"https:\/\/www.eliassen.nl\/de\/wassertisch-cortenstahl-andrew-hoch-quadratisch-100cm\/#breadcrumb"},"inLanguage":"de","potentialAction":[{"@type":"ReadAction","target":["https:\/\/www.eliassen.nl\/de\/wassertisch-cortenstahl-andrew-hoch-quadratisch-100cm\/"]}]},{"@type":"ImageObject","inLanguage":"de","@id":"https:\/\/www.eliassen.nl\/de\/wassertisch-cortenstahl-andrew-hoch-quadratisch-100cm\/#primaryimage","url":"https:\/\/www.eliassen.nl\/wp-content\/uploads\/2024\/01\/watertafelcortenstaalandrewhoogvierkant100cm.png","contentUrl":"https:\/\/www.eliassen.nl\/wp-content\/uploads\/2024\/01\/watertafelcortenstaalandrewhoogvierkant100cm.png","width":500,"height":668,"caption":"Wassertisch Cortenstahl Andrew hoch quadratisch 100cm eliassen.de"},{"@type":"BreadcrumbList","@id":"https:\/\/www.eliassen.nl\/de\/wassertisch-cortenstahl-andrew-hoch-quadratisch-100cm\/#breadcrumb","itemListElement":[{"@type":"ListItem","position":1,"name":"Home","item":"https:\/\/www.eliassen.nl\/de\/"},{"@type":"ListItem","position":2,"name":"Shop","item":"https:\/\/www.eliassen.nl\/de\/shop\/"},{"@type":"ListItem","position":3,"name":"Wasserspiele","item":"https:\/\/www.eliassen.nl\/de\/wassereigenschaften\/"},{"@type":"ListItem","position":4,"name":"Terrassenbrunnen","item":"https:\/\/www.eliassen.nl\/de\/wassereigenschaften\/terrassenbrunnen\/"},{"@type":"ListItem","position":5,"name":"Wassertisch Cortenstahl Andrew hoch quadratisch 100cm"}]},{"@type":"WebSite","@id":"https:\/\/www.eliassen.nl\/de\/#website","url":"https:\/\/www.eliassen.nl\/de\/","name":"Eliassen Home & Garden Pleasure","description":"","publisher":{"@id":"https:\/\/www.eliassen.nl\/de\/#organization"},"alternateName":"Eliassen.nl","potentialAction":[{"@type":"SearchAction","target":{"@type":"EntryPoint","urlTemplate":"https:\/\/www.eliassen.nl\/de\/?s={search_term_string}"},"query-input":{"@type":"PropertyValueSpecification","valueRequired":true,"valueName":"search_term_string"}}],"inLanguage":"de"},{"@type":["Organization","Place"],"@id":"https:\/\/www.eliassen.nl\/de\/#organization","name":"Eliassen Home & Garden Pleasure","url":"https:\/\/www.eliassen.nl\/de\/","logo":{"@id":"https:\/\/www.eliassen.nl\/de\/wassertisch-cortenstahl-andrew-hoch-quadratisch-100cm\/#local-main-organization-logo"},"image":{"@id":"https:\/\/www.eliassen.nl\/de\/wassertisch-cortenstahl-andrew-hoch-quadratisch-100cm\/#local-main-organization-logo"},"sameAs":["https:\/\/www.facebook.com\/TuincentrumEliassenAmmerzoden","https:\/\/www.instagram.com\/eliassenhomeandgarden\/","https:\/\/nl.pinterest.com\/eliassenhomeandgarden\/","https:\/\/www.youtube.com\/@eliassenhomegardenpleasure4558"],"telephone":[],"openingHoursSpecification":[{"@type":"OpeningHoursSpecification","dayOfWeek":["Monday","Tuesday","Wednesday","Thursday","Friday","Saturday","Sunday"],"opens":"09:00","closes":"17:00"}]},{"@type":"ImageObject","inLanguage":"de","@id":"https:\/\/www.eliassen.nl\/de\/wassertisch-cortenstahl-andrew-hoch-quadratisch-100cm\/#local-main-organization-logo","url":"https:\/\/www.eliassen.nl\/wp-content\/uploads\/2024\/01\/logo_4nd.jpg","contentUrl":"https:\/\/www.eliassen.nl\/wp-content\/uploads\/2024\/01\/logo_4nd.jpg","width":500,"height":500,"caption":"Eliassen Home & Garden Pleasure"}]},"product_price_amount":"479.00","product_price_currency":"EUR","og_availability":"instock","product_availability":"instock","product_retailer_item_id":"9042-1-000","product_condition":"new"},"df_price":479,"df_sale_price":"","df_regular_price":479,"df_image_link":"https:\/\/www.eliassen.nl\/wp-content\/uploads\/2024\/01\/watertafelcortenstaalandrewhoogvierkant100cm.png","image":"https:\/\/www.eliassen.nl\/wp-content\/uploads\/2024\/01\/watertafelcortenstaalandrewhoogvierkant100cm.png","price_search":"<span class=\"woocommerce-Price-amount amount\"><bdi><span class=\"woocommerce-Price-currencySymbol\">&euro;<\/span>&nbsp;479,00<\/bdi><\/span>","category":"Terrassenbrunnen","global_unique_id":"6013812257245","_links":{"self":[{"href":"https:\/\/www.eliassen.nl\/de\/wp-json\/wp\/v2\/product\/94999","targetHints":{"allow":["GET"]}}],"collection":[{"href":"https:\/\/www.eliassen.nl\/de\/wp-json\/wp\/v2\/product"}],"about":[{"href":"https:\/\/www.eliassen.nl\/de\/wp-json\/wp\/v2\/types\/product"}],"wp:featuredmedia":[{"embeddable":true,"href":"https:\/\/www.eliassen.nl\/de\/wp-json\/wp\/v2\/media\/94990"}],"wp:attachment":[{"href":"https:\/\/www.eliassen.nl\/de\/wp-json\/wp\/v2\/media?parent=94999"}],"wp:term":[{"taxonomy":"product_brand","embeddable":true,"href":"https:\/\/www.eliassen.nl\/de\/wp-json\/wp\/v2\/product_brand?post=94999"},{"taxonomy":"product_cat","embeddable":true,"href":"https:\/\/www.eliassen.nl\/de\/wp-json\/wp\/v2\/product_cat?post=94999"},{"taxonomy":"product_tag","embeddable":true,"href":"https:\/\/www.eliassen.nl\/de\/wp-json\/wp\/v2\/product_tag?post=94999"}],"curies":[{"name":"wp","href":"https:\/\/api.w.org\/{rel}","templated":true}]}}