{"id":94924,"date":"2023-09-22T12:07:54","date_gmt":"2023-09-22T12:07:54","guid":{"rendered":"https:\/\/www.eliassen.nl\/?product=borrelschaal-bara-l-50cm"},"modified":"2026-02-21T15:23:55","modified_gmt":"2026-02-21T14:23:55","slug":"trinkschale-bara-l-45-50cm","status":"publish","type":"product","link":"https:\/\/www.eliassen.nl\/de\/trinkschale-bara-l-45-50cm\/","title":{"rendered":"Getr\u00e4nkeschale \/ Vogeltr\u00e4nke Bara L 45-50cm"},"content":{"rendered":"<p>Wundersch\u00f6ne, innen polierte Getr\u00e4nkeschalen, sind nur bei uns erh\u00e4ltlich.<\/p>\n<p>Hergestellt aus einem Schilfstein mit einer verspielten und dennoch nat\u00fcrlichen Form, der auf der Innenseite vollst\u00e4ndig poliert ist. Die Form dieser Schalen wird immer vom Foto abweichen, da diese S\u00e4ulen der Natur entnommen sind und diese nat\u00fcrliche Form nicht bearbeitet oder ver\u00e4ndert wird.<\/p>\n<p>Die Gr\u00f6\u00dfen schwanken auch innerhalb einer bestimmten Gr\u00f6\u00dfe.<\/p>\n<p>Diese Getr\u00e4nkeschalen geben einen sch\u00f6nen Effekt im Garten, vor allem, wenn die Schale mit einem Licht versehen ist. Das Wasser schwappt oben ein wenig hin und her und l\u00e4uft au\u00dfen weiter.<\/p>\n<ul>\n<li>Massiver Stein, Farbe kann von der Abbildung abweichen<\/li>\n<li>Gr\u00f6\u00dfe: Durchmesser 45-50cm, H\u00f6he ca. 15cm<\/li>\n<li>Innen poliert<\/li>\n<li>Bleibt sch\u00f6n<\/li>\n<li>Gewicht ca. 50kg<\/li>\n<li>Sehr sch\u00f6ner Lichteffekt<\/li>\n<li>Einzigartiges Design, nur bei uns erh\u00e4ltlich<br \/>\nHaben Sie Fragen zu diesem Artikel oder ben\u00f6tigen Sie Ratschl\u00e4ge, um dieses Modell mit allen anderen wesentlichen Bestandteilen zu vervollst\u00e4ndigen? Wenn ja, k\u00f6nnen Sie uns gerne kontaktieren.<\/li>\n<\/ul>\n","protected":false},"excerpt":{"rendered":"<p>Es handelt sich um ein loses Ornament. Erkundigen Sie sich nach den anderen ben\u00f6tigten Teilen.<br \/>\nHergestellt aus Flussger\u00f6ll<\/p>\n","protected":false},"featured_media":94906,"template":"","meta":{"_acf_changed":false,"_genesis_title":"","_genesis_description":""},"product_brand":[7505],"product_cat":[539,551,536],"product_tag":[],"class_list":{"0":"post-94924","1":"product","2":"type-product","3":"status-publish","4":"has-post-thumbnail","6":"product_brand-sonstige","7":"product_cat-einzigartige-eigene-modelle-von-losen-wasserspiele","8":"product_cat-lose-wasserspiele","9":"product_cat-wassereigenschaften","11":"first","12":"instock","13":"taxable","14":"shipping-taxable","15":"purchasable","16":"product-type-simple"},"acf":[],"meta_all":{"total_sales":"2","wcml_sync_hash":{"postmeta_fields":"660934953908dfd1e54ea5fa105d143e"},"attr_label_translations":[],"cor_restricted_countries":[]},"meta_all_flat":{"total_sales":"2","wcml_sync_hash.postmeta_fields":"660934953908dfd1e54ea5fa105d143e"},"yoast_head":"<!-- This site is optimized with the Yoast SEO Premium plugin v26.2 (Yoast SEO v27.2) - https:\/\/yoast.com\/product\/yoast-seo-premium-wordpress\/ -->\n<title>Getr\u00e4nkeschale Bara L 50cm<\/title>\n<meta name=\"description\" content=\"Wasserornamente? Schauen Sie sich den Spezialisten live an !!! Viele einzigartige Modelle, gute Preise.\" \/>\n<meta name=\"robots\" content=\"index, follow, max-snippet:-1, max-image-preview:large, max-video-preview:-1\" \/>\n<link rel=\"canonical\" href=\"https:\/\/www.eliassen.nl\/de\/trinkschale-bara-l-45-50cm\/\" \/>\n<meta property=\"og:locale\" content=\"de_DE\" \/>\n<meta property=\"og:type\" content=\"article\" \/>\n<meta property=\"og:title\" content=\"Sonstige Getr\u00e4nkeschale \/ Vogeltr\u00e4nke Bara L 45-50cm - Eliassen.nl\" \/>\n<meta property=\"og:description\" content=\"Wasserornamente? Schauen Sie sich den Spezialisten live an !!! Viele einzigartige Modelle, gute Preise.\" \/>\n<meta property=\"og:url\" content=\"https:\/\/www.eliassen.nl\/de\/trinkschale-bara-l-45-50cm\/\" \/>\n<meta property=\"og:site_name\" content=\"Eliassen.nl\" \/>\n<meta property=\"article:publisher\" content=\"https:\/\/www.facebook.com\/TuincentrumEliassenAmmerzoden\" \/>\n<meta property=\"article:modified_time\" content=\"2026-02-21T14:23:55+00:00\" \/>\n<meta property=\"og:image\" content=\"https:\/\/www.eliassen.nl\/wp-content\/uploads\/2024\/01\/borrelschaalbaral4550cmeliassennl.png\" \/>\n\t<meta property=\"og:image:width\" content=\"563\" \/>\n\t<meta property=\"og:image:height\" content=\"577\" \/>\n\t<meta property=\"og:image:type\" content=\"image\/png\" \/>\n<meta name=\"twitter:card\" content=\"summary_large_image\" \/>\n<script type=\"application\/ld+json\" class=\"yoast-schema-graph\">{\"@context\":\"https:\/\/schema.org\",\"@graph\":[{\"@type\":\"WebPage\",\"@id\":\"https:\/\/www.eliassen.nl\/de\/trinkschale-bara-l-45-50cm\/\",\"url\":\"https:\/\/www.eliassen.nl\/de\/trinkschale-bara-l-45-50cm\/\",\"name\":\"Getr\u00e4nkeschale Bara L 50cm\",\"isPartOf\":{\"@id\":\"https:\/\/www.eliassen.nl\/de\/#website\"},\"primaryImageOfPage\":{\"@id\":\"https:\/\/www.eliassen.nl\/de\/trinkschale-bara-l-45-50cm\/#primaryimage\"},\"image\":{\"@id\":\"https:\/\/www.eliassen.nl\/de\/trinkschale-bara-l-45-50cm\/#primaryimage\"},\"thumbnailUrl\":\"https:\/\/www.eliassen.nl\/wp-content\/uploads\/2024\/01\/borrelschaalbaral4550cmeliassennl.png\",\"datePublished\":\"2023-09-22T12:07:54+00:00\",\"dateModified\":\"2026-02-21T14:23:55+00:00\",\"description\":\"Wasserornamente? Schauen Sie sich den Spezialisten live an !!! Viele einzigartige Modelle, gute Preise.\",\"breadcrumb\":{\"@id\":\"https:\/\/www.eliassen.nl\/de\/trinkschale-bara-l-45-50cm\/#breadcrumb\"},\"inLanguage\":\"de\",\"potentialAction\":[{\"@type\":\"ReadAction\",\"target\":[\"https:\/\/www.eliassen.nl\/de\/trinkschale-bara-l-45-50cm\/\"]}]},{\"@type\":\"ImageObject\",\"inLanguage\":\"de\",\"@id\":\"https:\/\/www.eliassen.nl\/de\/trinkschale-bara-l-45-50cm\/#primaryimage\",\"url\":\"https:\/\/www.eliassen.nl\/wp-content\/uploads\/2024\/01\/borrelschaalbaral4550cmeliassennl.png\",\"contentUrl\":\"https:\/\/www.eliassen.nl\/wp-content\/uploads\/2024\/01\/borrelschaalbaral4550cmeliassennl.png\",\"width\":563,\"height\":577,\"caption\":\"Getr\u00e4nkeschale Bara L 45-50cm eliassen.nl\"},{\"@type\":\"BreadcrumbList\",\"@id\":\"https:\/\/www.eliassen.nl\/de\/trinkschale-bara-l-45-50cm\/#breadcrumb\",\"itemListElement\":[{\"@type\":\"ListItem\",\"position\":1,\"name\":\"Home\",\"item\":\"https:\/\/www.eliassen.nl\/de\/\"},{\"@type\":\"ListItem\",\"position\":2,\"name\":\"Shop\",\"item\":\"https:\/\/www.eliassen.nl\/de\/shop\/\"},{\"@type\":\"ListItem\",\"position\":3,\"name\":\"Wasserspiele\",\"item\":\"https:\/\/www.eliassen.nl\/de\/wassereigenschaften\/\"},{\"@type\":\"ListItem\",\"position\":4,\"name\":\"Einzigartige eigene Modelle von losen Wasserspielen\",\"item\":\"https:\/\/www.eliassen.nl\/de\/wassereigenschaften\/einzigartige-eigene-modelle-von-losen-wasserspiele\/\"},{\"@type\":\"ListItem\",\"position\":5,\"name\":\"Getr\u00e4nkeschale \/ Vogeltr\u00e4nke Bara L 45-50cm\"}]},{\"@type\":\"WebSite\",\"@id\":\"https:\/\/www.eliassen.nl\/de\/#website\",\"url\":\"https:\/\/www.eliassen.nl\/de\/\",\"name\":\"Eliassen Home & Garden Pleasure\",\"description\":\"\",\"publisher\":{\"@id\":\"https:\/\/www.eliassen.nl\/de\/#organization\"},\"alternateName\":\"Eliassen.nl\",\"potentialAction\":[{\"@type\":\"SearchAction\",\"target\":{\"@type\":\"EntryPoint\",\"urlTemplate\":\"https:\/\/www.eliassen.nl\/de\/?s={search_term_string}\"},\"query-input\":{\"@type\":\"PropertyValueSpecification\",\"valueRequired\":true,\"valueName\":\"search_term_string\"}}],\"inLanguage\":\"de\"},{\"@type\":[\"Organization\",\"Place\"],\"@id\":\"https:\/\/www.eliassen.nl\/de\/#organization\",\"name\":\"Eliassen Home & Garden Pleasure\",\"url\":\"https:\/\/www.eliassen.nl\/de\/\",\"logo\":{\"@id\":\"https:\/\/www.eliassen.nl\/de\/trinkschale-bara-l-45-50cm\/#local-main-organization-logo\"},\"image\":{\"@id\":\"https:\/\/www.eliassen.nl\/de\/trinkschale-bara-l-45-50cm\/#local-main-organization-logo\"},\"sameAs\":[\"https:\/\/www.facebook.com\/TuincentrumEliassenAmmerzoden\",\"https:\/\/www.instagram.com\/eliassenhomeandgarden\/\",\"https:\/\/nl.pinterest.com\/eliassenhomeandgarden\/\",\"https:\/\/www.youtube.com\/@eliassenhomegardenpleasure4558\"],\"telephone\":[],\"openingHoursSpecification\":[{\"@type\":\"OpeningHoursSpecification\",\"dayOfWeek\":[\"Monday\",\"Tuesday\",\"Wednesday\",\"Thursday\",\"Friday\",\"Saturday\",\"Sunday\"],\"opens\":\"09:00\",\"closes\":\"17:00\"}]},{\"@type\":\"ImageObject\",\"inLanguage\":\"de\",\"@id\":\"https:\/\/www.eliassen.nl\/de\/trinkschale-bara-l-45-50cm\/#local-main-organization-logo\",\"url\":\"https:\/\/www.eliassen.nl\/wp-content\/uploads\/2024\/01\/logo_4nd.jpg\",\"contentUrl\":\"https:\/\/www.eliassen.nl\/wp-content\/uploads\/2024\/01\/logo_4nd.jpg\",\"width\":500,\"height\":500,\"caption\":\"Eliassen Home & Garden Pleasure\"}]}<\/script>\n<meta property=\"product:price:amount\" content=\"189.00\" \/>\n<meta property=\"product:price:currency\" content=\"EUR\" \/>\n<meta property=\"og:availability\" content=\"instock\" \/>\n<meta property=\"product:availability\" content=\"instock\" \/>\n<meta property=\"product:retailer_item_id\" content=\"Ps wbh l\" \/>\n<meta property=\"product:condition\" content=\"new\" \/>\n<!-- \/ Yoast SEO Premium plugin. -->","yoast_head_json":{"title":"Getr\u00e4nkeschale Bara L 50cm","description":"Wasserornamente? Schauen Sie sich den Spezialisten live an !!! Viele einzigartige Modelle, gute Preise.","robots":{"index":"index","follow":"follow","max-snippet":"max-snippet:-1","max-image-preview":"max-image-preview:large","max-video-preview":"max-video-preview:-1"},"canonical":"https:\/\/www.eliassen.nl\/de\/trinkschale-bara-l-45-50cm\/","og_locale":"de_DE","og_type":"article","og_title":"Sonstige Getr\u00e4nkeschale \/ Vogeltr\u00e4nke Bara L 45-50cm - Eliassen.nl","og_description":"Wasserornamente? Schauen Sie sich den Spezialisten live an !!! Viele einzigartige Modelle, gute Preise.","og_url":"https:\/\/www.eliassen.nl\/de\/trinkschale-bara-l-45-50cm\/","og_site_name":"Eliassen.nl","article_publisher":"https:\/\/www.facebook.com\/TuincentrumEliassenAmmerzoden","article_modified_time":"2026-02-21T14:23:55+00:00","og_image":[{"width":563,"height":577,"url":"https:\/\/www.eliassen.nl\/wp-content\/uploads\/2024\/01\/borrelschaalbaral4550cmeliassennl.png","type":"image\/png"}],"twitter_card":"summary_large_image","schema":{"@context":"https:\/\/schema.org","@graph":[{"@type":"WebPage","@id":"https:\/\/www.eliassen.nl\/de\/trinkschale-bara-l-45-50cm\/","url":"https:\/\/www.eliassen.nl\/de\/trinkschale-bara-l-45-50cm\/","name":"Getr\u00e4nkeschale Bara L 50cm","isPartOf":{"@id":"https:\/\/www.eliassen.nl\/de\/#website"},"primaryImageOfPage":{"@id":"https:\/\/www.eliassen.nl\/de\/trinkschale-bara-l-45-50cm\/#primaryimage"},"image":{"@id":"https:\/\/www.eliassen.nl\/de\/trinkschale-bara-l-45-50cm\/#primaryimage"},"thumbnailUrl":"https:\/\/www.eliassen.nl\/wp-content\/uploads\/2024\/01\/borrelschaalbaral4550cmeliassennl.png","datePublished":"2023-09-22T12:07:54+00:00","dateModified":"2026-02-21T14:23:55+00:00","description":"Wasserornamente? Schauen Sie sich den Spezialisten live an !!! Viele einzigartige Modelle, gute Preise.","breadcrumb":{"@id":"https:\/\/www.eliassen.nl\/de\/trinkschale-bara-l-45-50cm\/#breadcrumb"},"inLanguage":"de","potentialAction":[{"@type":"ReadAction","target":["https:\/\/www.eliassen.nl\/de\/trinkschale-bara-l-45-50cm\/"]}]},{"@type":"ImageObject","inLanguage":"de","@id":"https:\/\/www.eliassen.nl\/de\/trinkschale-bara-l-45-50cm\/#primaryimage","url":"https:\/\/www.eliassen.nl\/wp-content\/uploads\/2024\/01\/borrelschaalbaral4550cmeliassennl.png","contentUrl":"https:\/\/www.eliassen.nl\/wp-content\/uploads\/2024\/01\/borrelschaalbaral4550cmeliassennl.png","width":563,"height":577,"caption":"Getr\u00e4nkeschale Bara L 45-50cm eliassen.nl"},{"@type":"BreadcrumbList","@id":"https:\/\/www.eliassen.nl\/de\/trinkschale-bara-l-45-50cm\/#breadcrumb","itemListElement":[{"@type":"ListItem","position":1,"name":"Home","item":"https:\/\/www.eliassen.nl\/de\/"},{"@type":"ListItem","position":2,"name":"Shop","item":"https:\/\/www.eliassen.nl\/de\/shop\/"},{"@type":"ListItem","position":3,"name":"Wasserspiele","item":"https:\/\/www.eliassen.nl\/de\/wassereigenschaften\/"},{"@type":"ListItem","position":4,"name":"Einzigartige eigene Modelle von losen Wasserspielen","item":"https:\/\/www.eliassen.nl\/de\/wassereigenschaften\/einzigartige-eigene-modelle-von-losen-wasserspiele\/"},{"@type":"ListItem","position":5,"name":"Getr\u00e4nkeschale \/ Vogeltr\u00e4nke Bara L 45-50cm"}]},{"@type":"WebSite","@id":"https:\/\/www.eliassen.nl\/de\/#website","url":"https:\/\/www.eliassen.nl\/de\/","name":"Eliassen Home & Garden Pleasure","description":"","publisher":{"@id":"https:\/\/www.eliassen.nl\/de\/#organization"},"alternateName":"Eliassen.nl","potentialAction":[{"@type":"SearchAction","target":{"@type":"EntryPoint","urlTemplate":"https:\/\/www.eliassen.nl\/de\/?s={search_term_string}"},"query-input":{"@type":"PropertyValueSpecification","valueRequired":true,"valueName":"search_term_string"}}],"inLanguage":"de"},{"@type":["Organization","Place"],"@id":"https:\/\/www.eliassen.nl\/de\/#organization","name":"Eliassen Home & Garden Pleasure","url":"https:\/\/www.eliassen.nl\/de\/","logo":{"@id":"https:\/\/www.eliassen.nl\/de\/trinkschale-bara-l-45-50cm\/#local-main-organization-logo"},"image":{"@id":"https:\/\/www.eliassen.nl\/de\/trinkschale-bara-l-45-50cm\/#local-main-organization-logo"},"sameAs":["https:\/\/www.facebook.com\/TuincentrumEliassenAmmerzoden","https:\/\/www.instagram.com\/eliassenhomeandgarden\/","https:\/\/nl.pinterest.com\/eliassenhomeandgarden\/","https:\/\/www.youtube.com\/@eliassenhomegardenpleasure4558"],"telephone":[],"openingHoursSpecification":[{"@type":"OpeningHoursSpecification","dayOfWeek":["Monday","Tuesday","Wednesday","Thursday","Friday","Saturday","Sunday"],"opens":"09:00","closes":"17:00"}]},{"@type":"ImageObject","inLanguage":"de","@id":"https:\/\/www.eliassen.nl\/de\/trinkschale-bara-l-45-50cm\/#local-main-organization-logo","url":"https:\/\/www.eliassen.nl\/wp-content\/uploads\/2024\/01\/logo_4nd.jpg","contentUrl":"https:\/\/www.eliassen.nl\/wp-content\/uploads\/2024\/01\/logo_4nd.jpg","width":500,"height":500,"caption":"Eliassen Home & Garden Pleasure"}]},"product_price_amount":"189.00","product_price_currency":"EUR","og_availability":"instock","product_availability":"instock","product_retailer_item_id":"Ps wbh l","product_condition":"new"},"df_price":189,"df_sale_price":"","df_regular_price":189,"df_image_link":"https:\/\/www.eliassen.nl\/wp-content\/uploads\/2024\/01\/borrelschaalbaral4550cmeliassennl.png","image":"https:\/\/www.eliassen.nl\/wp-content\/uploads\/2024\/01\/borrelschaalbaral4550cmeliassennl.png","price_search":"<span class=\"woocommerce-Price-amount amount\"><bdi><span class=\"woocommerce-Price-currencySymbol\">&euro;<\/span>&nbsp;189,00<\/bdi><\/span>","category":"Einzigartige eigene Modelle von losen Wasserspielen","global_unique_id":"6096522078027","_links":{"self":[{"href":"https:\/\/www.eliassen.nl\/de\/wp-json\/wp\/v2\/product\/94924","targetHints":{"allow":["GET"]}}],"collection":[{"href":"https:\/\/www.eliassen.nl\/de\/wp-json\/wp\/v2\/product"}],"about":[{"href":"https:\/\/www.eliassen.nl\/de\/wp-json\/wp\/v2\/types\/product"}],"wp:featuredmedia":[{"embeddable":true,"href":"https:\/\/www.eliassen.nl\/de\/wp-json\/wp\/v2\/media\/94906"}],"wp:attachment":[{"href":"https:\/\/www.eliassen.nl\/de\/wp-json\/wp\/v2\/media?parent=94924"}],"wp:term":[{"taxonomy":"product_brand","embeddable":true,"href":"https:\/\/www.eliassen.nl\/de\/wp-json\/wp\/v2\/product_brand?post=94924"},{"taxonomy":"product_cat","embeddable":true,"href":"https:\/\/www.eliassen.nl\/de\/wp-json\/wp\/v2\/product_cat?post=94924"},{"taxonomy":"product_tag","embeddable":true,"href":"https:\/\/www.eliassen.nl\/de\/wp-json\/wp\/v2\/product_tag?post=94924"}],"curies":[{"name":"wp","href":"https:\/\/api.w.org\/{rel}","templated":true}]}}