{"id":94831,"date":"2023-09-19T09:30:08","date_gmt":"2023-09-19T09:30:08","guid":{"rendered":"https:\/\/www.eliassen.nl\/?product=voetjes-voor-onder-terracotta-potten"},"modified":"2026-02-02T19:39:21","modified_gmt":"2026-02-02T18:39:21","slug":"fusse-fur-untertopfe-aus-terrakotta","status":"publish","type":"product","link":"https:\/\/www.eliassen.nl\/de\/fusse-fur-untertopfe-aus-terrakotta\/","title":{"rendered":"Rechteckige F\u00fc\u00dfe f\u00fcr unter Terrakotta-T\u00f6pfe"},"content":{"rendered":"<p>F\u00fc\u00dfe f\u00fcr unter Terrakotta-T\u00f6pfe, damit das \u00fcbersch\u00fcssige Wasser in Ihren T\u00f6pfen gut abflie\u00dfen kann. F\u00fcr runde T\u00f6pfe 3 St\u00fcck, f\u00fcr quadratische Modelle T\u00f6pfe 4 St\u00fcck.<\/p>\n<ul>\n<li>Gr\u00f6\u00dfe 9x3x3xm<\/li>\n<\/ul>\n","protected":false},"excerpt":{"rendered":"<p>F\u00fc\u00dfe f\u00fcr unter Terrakotta-T\u00f6pfe<\/p>\n","protected":false},"featured_media":94828,"template":"","meta":{"_acf_changed":false,"_genesis_title":"","_genesis_description":""},"product_brand":[7461],"product_cat":[722,1430],"product_tag":[],"class_list":{"0":"post-94831","1":"product","2":"type-product","3":"status-publish","4":"has-post-thumbnail","6":"product_brand-anticomestiere","7":"product_cat-blumentoepfe-und-pflanzgefaesse","8":"product_cat-terrakotta-toepfe-und-glaeser","10":"first","11":"instock","12":"taxable","13":"shipping-taxable","14":"purchasable","15":"product-type-simple"},"acf":[],"meta_all":{"total_sales":"176","wcml_sync_hash":{"postmeta_fields":"f3e53ed5a3beaa192cbefa7c0f2db5a6"},"attr_label_translations":[],"cor_restricted_countries":[]},"meta_all_flat":{"total_sales":"176","wcml_sync_hash.postmeta_fields":"f3e53ed5a3beaa192cbefa7c0f2db5a6"},"yoast_head":"<!-- This site is optimized with the Yoast SEO Premium plugin v26.2 (Yoast SEO v27.2) - https:\/\/yoast.com\/product\/yoast-seo-premium-wordpress\/ -->\n<title>F\u00fc\u00dfe f\u00fcr unter Terrakotta-T\u00f6pfe<\/title>\n<meta name=\"description\" content=\"toskanische T\u00f6pfe? Besuchen Sie unseren Webshop oder schauen Sie live zu\" \/>\n<meta name=\"robots\" content=\"index, follow, max-snippet:-1, max-image-preview:large, max-video-preview:-1\" \/>\n<link rel=\"canonical\" href=\"https:\/\/www.eliassen.nl\/de\/fusse-fur-untertopfe-aus-terrakotta\/\" \/>\n<meta property=\"og:locale\" content=\"de_DE\" \/>\n<meta property=\"og:type\" content=\"article\" \/>\n<meta property=\"og:title\" content=\"Anticomestiere Rechteckige F\u00fc\u00dfe f\u00fcr unter Terrakotta-T\u00f6pfe - Eliassen.nl\" \/>\n<meta property=\"og:description\" content=\"toskanische T\u00f6pfe? Besuchen Sie unseren Webshop oder schauen Sie live zu\" \/>\n<meta property=\"og:url\" content=\"https:\/\/www.eliassen.nl\/de\/fusse-fur-untertopfe-aus-terrakotta\/\" \/>\n<meta property=\"og:site_name\" content=\"Eliassen.nl\" \/>\n<meta property=\"article:publisher\" content=\"https:\/\/www.facebook.com\/TuincentrumEliassenAmmerzoden\" \/>\n<meta property=\"article:modified_time\" content=\"2026-02-02T18:39:21+00:00\" \/>\n<meta property=\"og:image\" content=\"https:\/\/www.eliassen.nl\/wp-content\/uploads\/2024\/01\/1807009.jpg\" \/>\n\t<meta property=\"og:image:width\" content=\"800\" \/>\n\t<meta property=\"og:image:height\" content=\"544\" \/>\n\t<meta property=\"og:image:type\" content=\"image\/jpeg\" \/>\n<meta name=\"twitter:card\" content=\"summary_large_image\" \/>\n<script type=\"application\/ld+json\" class=\"yoast-schema-graph\">{\"@context\":\"https:\/\/schema.org\",\"@graph\":[{\"@type\":\"WebPage\",\"@id\":\"https:\/\/www.eliassen.nl\/de\/fusse-fur-untertopfe-aus-terrakotta\/\",\"url\":\"https:\/\/www.eliassen.nl\/de\/fusse-fur-untertopfe-aus-terrakotta\/\",\"name\":\"F\u00fc\u00dfe f\u00fcr unter Terrakotta-T\u00f6pfe\",\"isPartOf\":{\"@id\":\"https:\/\/www.eliassen.nl\/de\/#website\"},\"primaryImageOfPage\":{\"@id\":\"https:\/\/www.eliassen.nl\/de\/fusse-fur-untertopfe-aus-terrakotta\/#primaryimage\"},\"image\":{\"@id\":\"https:\/\/www.eliassen.nl\/de\/fusse-fur-untertopfe-aus-terrakotta\/#primaryimage\"},\"thumbnailUrl\":\"https:\/\/www.eliassen.nl\/wp-content\/uploads\/2024\/01\/1807009.jpg\",\"datePublished\":\"2023-09-19T09:30:08+00:00\",\"dateModified\":\"2026-02-02T18:39:21+00:00\",\"description\":\"toskanische T\u00f6pfe? Besuchen Sie unseren Webshop oder schauen Sie live zu\",\"breadcrumb\":{\"@id\":\"https:\/\/www.eliassen.nl\/de\/fusse-fur-untertopfe-aus-terrakotta\/#breadcrumb\"},\"inLanguage\":\"de\",\"potentialAction\":[{\"@type\":\"ReadAction\",\"target\":[\"https:\/\/www.eliassen.nl\/de\/fusse-fur-untertopfe-aus-terrakotta\/\"]}]},{\"@type\":\"ImageObject\",\"inLanguage\":\"de\",\"@id\":\"https:\/\/www.eliassen.nl\/de\/fusse-fur-untertopfe-aus-terrakotta\/#primaryimage\",\"url\":\"https:\/\/www.eliassen.nl\/wp-content\/uploads\/2024\/01\/1807009.jpg\",\"contentUrl\":\"https:\/\/www.eliassen.nl\/wp-content\/uploads\/2024\/01\/1807009.jpg\",\"width\":800,\"height\":544,\"caption\":\"1807009\"},{\"@type\":\"BreadcrumbList\",\"@id\":\"https:\/\/www.eliassen.nl\/de\/fusse-fur-untertopfe-aus-terrakotta\/#breadcrumb\",\"itemListElement\":[{\"@type\":\"ListItem\",\"position\":1,\"name\":\"Home\",\"item\":\"https:\/\/www.eliassen.nl\/de\/\"},{\"@type\":\"ListItem\",\"position\":2,\"name\":\"Shop\",\"item\":\"https:\/\/www.eliassen.nl\/de\/shop\/\"},{\"@type\":\"ListItem\",\"position\":3,\"name\":\"Blument\u00f6pfe und Pflanzgef\u00e4\u00dfe\",\"item\":\"https:\/\/www.eliassen.nl\/de\/blumentoepfe-und-pflanzgefaesse\/\"},{\"@type\":\"ListItem\",\"position\":4,\"name\":\"Terrakotta-T\u00f6pfe und -Gl\u00e4ser\",\"item\":\"https:\/\/www.eliassen.nl\/de\/blumentoepfe-und-pflanzgefaesse\/terrakotta-toepfe-und-glaeser\/\"},{\"@type\":\"ListItem\",\"position\":5,\"name\":\"Rechteckige F\u00fc\u00dfe f\u00fcr unter Terrakotta-T\u00f6pfe\"}]},{\"@type\":\"WebSite\",\"@id\":\"https:\/\/www.eliassen.nl\/de\/#website\",\"url\":\"https:\/\/www.eliassen.nl\/de\/\",\"name\":\"Eliassen Home & Garden Pleasure\",\"description\":\"\",\"publisher\":{\"@id\":\"https:\/\/www.eliassen.nl\/de\/#organization\"},\"alternateName\":\"Eliassen.nl\",\"potentialAction\":[{\"@type\":\"SearchAction\",\"target\":{\"@type\":\"EntryPoint\",\"urlTemplate\":\"https:\/\/www.eliassen.nl\/de\/?s={search_term_string}\"},\"query-input\":{\"@type\":\"PropertyValueSpecification\",\"valueRequired\":true,\"valueName\":\"search_term_string\"}}],\"inLanguage\":\"de\"},{\"@type\":[\"Organization\",\"Place\"],\"@id\":\"https:\/\/www.eliassen.nl\/de\/#organization\",\"name\":\"Eliassen Home & Garden Pleasure\",\"url\":\"https:\/\/www.eliassen.nl\/de\/\",\"logo\":{\"@id\":\"https:\/\/www.eliassen.nl\/de\/fusse-fur-untertopfe-aus-terrakotta\/#local-main-organization-logo\"},\"image\":{\"@id\":\"https:\/\/www.eliassen.nl\/de\/fusse-fur-untertopfe-aus-terrakotta\/#local-main-organization-logo\"},\"sameAs\":[\"https:\/\/www.facebook.com\/TuincentrumEliassenAmmerzoden\",\"https:\/\/www.instagram.com\/eliassenhomeandgarden\/\",\"https:\/\/nl.pinterest.com\/eliassenhomeandgarden\/\",\"https:\/\/www.youtube.com\/@eliassenhomegardenpleasure4558\"],\"telephone\":[],\"openingHoursSpecification\":[{\"@type\":\"OpeningHoursSpecification\",\"dayOfWeek\":[\"Monday\",\"Tuesday\",\"Wednesday\",\"Thursday\",\"Friday\",\"Saturday\",\"Sunday\"],\"opens\":\"09:00\",\"closes\":\"17:00\"}]},{\"@type\":\"ImageObject\",\"inLanguage\":\"de\",\"@id\":\"https:\/\/www.eliassen.nl\/de\/fusse-fur-untertopfe-aus-terrakotta\/#local-main-organization-logo\",\"url\":\"https:\/\/www.eliassen.nl\/wp-content\/uploads\/2024\/01\/logo_4nd.jpg\",\"contentUrl\":\"https:\/\/www.eliassen.nl\/wp-content\/uploads\/2024\/01\/logo_4nd.jpg\",\"width\":500,\"height\":500,\"caption\":\"Eliassen Home & Garden Pleasure\"}]}<\/script>\n<meta property=\"product:price:amount\" content=\"2.25\" \/>\n<meta property=\"product:price:currency\" content=\"EUR\" \/>\n<meta property=\"og:availability\" content=\"instock\" \/>\n<meta property=\"product:availability\" content=\"instock\" \/>\n<meta property=\"product:retailer_item_id\" content=\"1807009\" \/>\n<meta property=\"product:condition\" content=\"new\" \/>\n<!-- \/ Yoast SEO Premium plugin. -->","yoast_head_json":{"title":"F\u00fc\u00dfe f\u00fcr unter Terrakotta-T\u00f6pfe","description":"toskanische T\u00f6pfe? Besuchen Sie unseren Webshop oder schauen Sie live zu","robots":{"index":"index","follow":"follow","max-snippet":"max-snippet:-1","max-image-preview":"max-image-preview:large","max-video-preview":"max-video-preview:-1"},"canonical":"https:\/\/www.eliassen.nl\/de\/fusse-fur-untertopfe-aus-terrakotta\/","og_locale":"de_DE","og_type":"article","og_title":"Anticomestiere Rechteckige F\u00fc\u00dfe f\u00fcr unter Terrakotta-T\u00f6pfe - Eliassen.nl","og_description":"toskanische T\u00f6pfe? Besuchen Sie unseren Webshop oder schauen Sie live zu","og_url":"https:\/\/www.eliassen.nl\/de\/fusse-fur-untertopfe-aus-terrakotta\/","og_site_name":"Eliassen.nl","article_publisher":"https:\/\/www.facebook.com\/TuincentrumEliassenAmmerzoden","article_modified_time":"2026-02-02T18:39:21+00:00","og_image":[{"width":800,"height":544,"url":"https:\/\/www.eliassen.nl\/wp-content\/uploads\/2024\/01\/1807009.jpg","type":"image\/jpeg"}],"twitter_card":"summary_large_image","schema":{"@context":"https:\/\/schema.org","@graph":[{"@type":"WebPage","@id":"https:\/\/www.eliassen.nl\/de\/fusse-fur-untertopfe-aus-terrakotta\/","url":"https:\/\/www.eliassen.nl\/de\/fusse-fur-untertopfe-aus-terrakotta\/","name":"F\u00fc\u00dfe f\u00fcr unter Terrakotta-T\u00f6pfe","isPartOf":{"@id":"https:\/\/www.eliassen.nl\/de\/#website"},"primaryImageOfPage":{"@id":"https:\/\/www.eliassen.nl\/de\/fusse-fur-untertopfe-aus-terrakotta\/#primaryimage"},"image":{"@id":"https:\/\/www.eliassen.nl\/de\/fusse-fur-untertopfe-aus-terrakotta\/#primaryimage"},"thumbnailUrl":"https:\/\/www.eliassen.nl\/wp-content\/uploads\/2024\/01\/1807009.jpg","datePublished":"2023-09-19T09:30:08+00:00","dateModified":"2026-02-02T18:39:21+00:00","description":"toskanische T\u00f6pfe? Besuchen Sie unseren Webshop oder schauen Sie live zu","breadcrumb":{"@id":"https:\/\/www.eliassen.nl\/de\/fusse-fur-untertopfe-aus-terrakotta\/#breadcrumb"},"inLanguage":"de","potentialAction":[{"@type":"ReadAction","target":["https:\/\/www.eliassen.nl\/de\/fusse-fur-untertopfe-aus-terrakotta\/"]}]},{"@type":"ImageObject","inLanguage":"de","@id":"https:\/\/www.eliassen.nl\/de\/fusse-fur-untertopfe-aus-terrakotta\/#primaryimage","url":"https:\/\/www.eliassen.nl\/wp-content\/uploads\/2024\/01\/1807009.jpg","contentUrl":"https:\/\/www.eliassen.nl\/wp-content\/uploads\/2024\/01\/1807009.jpg","width":800,"height":544,"caption":"1807009"},{"@type":"BreadcrumbList","@id":"https:\/\/www.eliassen.nl\/de\/fusse-fur-untertopfe-aus-terrakotta\/#breadcrumb","itemListElement":[{"@type":"ListItem","position":1,"name":"Home","item":"https:\/\/www.eliassen.nl\/de\/"},{"@type":"ListItem","position":2,"name":"Shop","item":"https:\/\/www.eliassen.nl\/de\/shop\/"},{"@type":"ListItem","position":3,"name":"Blument\u00f6pfe und Pflanzgef\u00e4\u00dfe","item":"https:\/\/www.eliassen.nl\/de\/blumentoepfe-und-pflanzgefaesse\/"},{"@type":"ListItem","position":4,"name":"Terrakotta-T\u00f6pfe und -Gl\u00e4ser","item":"https:\/\/www.eliassen.nl\/de\/blumentoepfe-und-pflanzgefaesse\/terrakotta-toepfe-und-glaeser\/"},{"@type":"ListItem","position":5,"name":"Rechteckige F\u00fc\u00dfe f\u00fcr unter Terrakotta-T\u00f6pfe"}]},{"@type":"WebSite","@id":"https:\/\/www.eliassen.nl\/de\/#website","url":"https:\/\/www.eliassen.nl\/de\/","name":"Eliassen Home & Garden Pleasure","description":"","publisher":{"@id":"https:\/\/www.eliassen.nl\/de\/#organization"},"alternateName":"Eliassen.nl","potentialAction":[{"@type":"SearchAction","target":{"@type":"EntryPoint","urlTemplate":"https:\/\/www.eliassen.nl\/de\/?s={search_term_string}"},"query-input":{"@type":"PropertyValueSpecification","valueRequired":true,"valueName":"search_term_string"}}],"inLanguage":"de"},{"@type":["Organization","Place"],"@id":"https:\/\/www.eliassen.nl\/de\/#organization","name":"Eliassen Home & Garden Pleasure","url":"https:\/\/www.eliassen.nl\/de\/","logo":{"@id":"https:\/\/www.eliassen.nl\/de\/fusse-fur-untertopfe-aus-terrakotta\/#local-main-organization-logo"},"image":{"@id":"https:\/\/www.eliassen.nl\/de\/fusse-fur-untertopfe-aus-terrakotta\/#local-main-organization-logo"},"sameAs":["https:\/\/www.facebook.com\/TuincentrumEliassenAmmerzoden","https:\/\/www.instagram.com\/eliassenhomeandgarden\/","https:\/\/nl.pinterest.com\/eliassenhomeandgarden\/","https:\/\/www.youtube.com\/@eliassenhomegardenpleasure4558"],"telephone":[],"openingHoursSpecification":[{"@type":"OpeningHoursSpecification","dayOfWeek":["Monday","Tuesday","Wednesday","Thursday","Friday","Saturday","Sunday"],"opens":"09:00","closes":"17:00"}]},{"@type":"ImageObject","inLanguage":"de","@id":"https:\/\/www.eliassen.nl\/de\/fusse-fur-untertopfe-aus-terrakotta\/#local-main-organization-logo","url":"https:\/\/www.eliassen.nl\/wp-content\/uploads\/2024\/01\/logo_4nd.jpg","contentUrl":"https:\/\/www.eliassen.nl\/wp-content\/uploads\/2024\/01\/logo_4nd.jpg","width":500,"height":500,"caption":"Eliassen Home & Garden Pleasure"}]},"product_price_amount":"2.25","product_price_currency":"EUR","og_availability":"instock","product_availability":"instock","product_retailer_item_id":"1807009","product_condition":"new"},"df_price":2.25,"df_sale_price":"","df_regular_price":2.25,"df_image_link":"https:\/\/www.eliassen.nl\/wp-content\/uploads\/2024\/01\/1807009.jpg","image":"https:\/\/www.eliassen.nl\/wp-content\/uploads\/2024\/01\/1807009.jpg","price_search":"<span class=\"woocommerce-Price-amount amount\"><bdi><span class=\"woocommerce-Price-currencySymbol\">&euro;<\/span>&nbsp;2,25<\/bdi><\/span>","category":"Blument\u00f6pfe und Pflanzgef\u00e4\u00dfe","global_unique_id":"8056732462175","_links":{"self":[{"href":"https:\/\/www.eliassen.nl\/de\/wp-json\/wp\/v2\/product\/94831","targetHints":{"allow":["GET"]}}],"collection":[{"href":"https:\/\/www.eliassen.nl\/de\/wp-json\/wp\/v2\/product"}],"about":[{"href":"https:\/\/www.eliassen.nl\/de\/wp-json\/wp\/v2\/types\/product"}],"wp:featuredmedia":[{"embeddable":true,"href":"https:\/\/www.eliassen.nl\/de\/wp-json\/wp\/v2\/media\/94828"}],"wp:attachment":[{"href":"https:\/\/www.eliassen.nl\/de\/wp-json\/wp\/v2\/media?parent=94831"}],"wp:term":[{"taxonomy":"product_brand","embeddable":true,"href":"https:\/\/www.eliassen.nl\/de\/wp-json\/wp\/v2\/product_brand?post=94831"},{"taxonomy":"product_cat","embeddable":true,"href":"https:\/\/www.eliassen.nl\/de\/wp-json\/wp\/v2\/product_cat?post=94831"},{"taxonomy":"product_tag","embeddable":true,"href":"https:\/\/www.eliassen.nl\/de\/wp-json\/wp\/v2\/product_tag?post=94831"}],"curies":[{"name":"wp","href":"https:\/\/api.w.org\/{rel}","templated":true}]}}