{"id":94825,"date":"2023-09-14T20:18:15","date_gmt":"2023-09-14T20:18:15","guid":{"rendered":"https:\/\/www.eliassen.nl\/?product=speksteen-beeld-giraffe-n-paar-35cm"},"modified":"2026-03-26T09:34:44","modified_gmt":"2026-03-26T08:34:44","slug":"specksteinstatue-giraffenpaar-30cm","status":"publish","type":"product","link":"https:\/\/www.eliassen.nl\/de\/specksteinstatue-giraffenpaar-30cm\/","title":{"rendered":"Speckstein-Statue Giraffen Liebespaar 31cm"},"content":{"rendered":"<p>G\u00f6nnen Sie sich oder jemand anderem eine handgefertigte Skulptur aus Speckstein oder Serpentin. Diese Figuren aus Simbabwe werden mit gr\u00f6\u00dfter Sorgfalt aus 1 St\u00fcck Stein handgefertigt. St\u00fcck f\u00fcr St\u00fcck wundersch\u00f6ne Kunstwerke aus Zentralafrika.<\/p>\n<p>Serpentin oder Speckstein, aus dem diese Skulpturen hergestellt werden, sind weiche Gesteinsarten, die in verschiedenen Farben haupts\u00e4chlich in Zentralafrika gefunden werden. Wundersch\u00f6n gl\u00e4nzend, in verschiedenen Farben, aber meist dunkelgrau.<\/p>\n<p>Diese Steinbrocken werden \u00fcber viele Stunden mit verschiedenen Werkzeugen bearbeitet, dann geschliffen und poliert, bis sie die richtige Gr\u00f6\u00dfe, Form und den richtigen Glanz haben.<\/p>\n<p>Diese Modellskulptur mit 2 Giraffen kann in Farbe und Form vom Foto abweichen, da sie handgefertigt ist und aus einem nat\u00fcrlichen Material besteht.<\/p>\n<ul>\n<li>Maa: ca. 18x7x31cm hoch<\/li>\n<li>Material: Speckstein-Serpentin<\/li>\n<li>Farbe:Schwarz<\/li>\n<li>F\u00fcr den Innen- und Au\u00dfenbereich geeignet<\/li>\n<li>Jede Figur einzigartig in Form und Farbe<\/li>\n<li>Auch in unserem Gesch\u00e4ft ausgestellt<\/li>\n<\/ul>\n","protected":false},"excerpt":{"rendered":"<p>Handgefertigt aus Serpentin aus Simbabwe.<\/p>\n","protected":false},"featured_media":94813,"template":"","meta":{"_acf_changed":false,"_genesis_title":"","_genesis_description":""},"product_brand":[7505],"product_cat":[1382,7239],"product_tag":[],"class_list":{"0":"post-94825","1":"product","2":"type-product","3":"status-publish","4":"has-post-thumbnail","6":"product_brand-sonstige","7":"product_cat-statuen-aus-speckstein","8":"product_cat-bilder","10":"first","11":"outofstock","12":"taxable","13":"shipping-taxable","14":"purchasable","15":"product-type-simple"},"acf":[],"meta_all":{"total_sales":"1","wcml_sync_hash":{"postmeta_fields":"8049a920ed0d6abf2fdb9ea08ef70664"},"attr_label_translations":[],"no_of_subscribers":"2","cor_restricted_countries":[]},"meta_all_flat":{"total_sales":"1","wcml_sync_hash.postmeta_fields":"8049a920ed0d6abf2fdb9ea08ef70664","no_of_subscribers":"2"},"yoast_head":"<!-- This site is optimized with the Yoast SEO Premium plugin v26.2 (Yoast SEO v27.2) - https:\/\/yoast.com\/product\/yoast-seo-premium-wordpress\/ -->\n<title>Speckstein Statue Giraffe Paar 35CM<\/title>\n<meta name=\"description\" content=\"Steinfiguren? Schauen Sie sich unser riesiges Angebot in unserem Webshop an, oder kommen Sie und sehen Sie sich alles live bei uns an!!! \u2705 Gr\u00f6\u00dfte Auswahl \u2705Nahezu alles kann auch live besichtigt werden...\" \/>\n<meta name=\"robots\" content=\"index, follow, max-snippet:-1, max-image-preview:large, max-video-preview:-1\" \/>\n<link rel=\"canonical\" href=\"https:\/\/www.eliassen.nl\/de\/specksteinstatue-giraffenpaar-30cm\/\" \/>\n<meta property=\"og:locale\" content=\"de_DE\" \/>\n<meta property=\"og:type\" content=\"article\" \/>\n<meta property=\"og:title\" content=\"Sonstige Speckstein-Statue Giraffen Liebespaar 31cm - Eliassen.nl\" \/>\n<meta property=\"og:description\" content=\"Steinfiguren? Schauen Sie sich unser riesiges Angebot in unserem Webshop an, oder kommen Sie und sehen Sie sich alles live bei uns an!!! \u2705 Gr\u00f6\u00dfte Auswahl \u2705Nahezu alles kann auch live besichtigt werden...\" \/>\n<meta property=\"og:url\" content=\"https:\/\/www.eliassen.nl\/de\/specksteinstatue-giraffenpaar-30cm\/\" \/>\n<meta property=\"og:site_name\" content=\"Eliassen.nl\" \/>\n<meta property=\"article:publisher\" content=\"https:\/\/www.facebook.com\/TuincentrumEliassenAmmerzoden\" \/>\n<meta property=\"article:modified_time\" content=\"2026-03-26T08:34:44+00:00\" \/>\n<meta property=\"og:image\" content=\"https:\/\/www.eliassen.nl\/wp-content\/uploads\/2024\/01\/speksteenbeeldgiraffenpaar30cmeliassennl.jpg\" \/>\n\t<meta property=\"og:image:width\" content=\"1530\" \/>\n\t<meta property=\"og:image:height\" content=\"2040\" \/>\n\t<meta property=\"og:image:type\" content=\"image\/jpeg\" \/>\n<meta name=\"twitter:card\" content=\"summary_large_image\" \/>\n<script type=\"application\/ld+json\" class=\"yoast-schema-graph\">{\"@context\":\"https:\/\/schema.org\",\"@graph\":[{\"@type\":\"WebPage\",\"@id\":\"https:\/\/www.eliassen.nl\/de\/specksteinstatue-giraffenpaar-30cm\/\",\"url\":\"https:\/\/www.eliassen.nl\/de\/specksteinstatue-giraffenpaar-30cm\/\",\"name\":\"Speckstein Statue Giraffe Paar 35CM\",\"isPartOf\":{\"@id\":\"https:\/\/www.eliassen.nl\/de\/#website\"},\"primaryImageOfPage\":{\"@id\":\"https:\/\/www.eliassen.nl\/de\/specksteinstatue-giraffenpaar-30cm\/#primaryimage\"},\"image\":{\"@id\":\"https:\/\/www.eliassen.nl\/de\/specksteinstatue-giraffenpaar-30cm\/#primaryimage\"},\"thumbnailUrl\":\"https:\/\/www.eliassen.nl\/wp-content\/uploads\/2024\/01\/speksteenbeeldgiraffenpaar30cmeliassennl.jpg\",\"datePublished\":\"2023-09-14T20:18:15+00:00\",\"dateModified\":\"2026-03-26T08:34:44+00:00\",\"description\":\"Steinfiguren? Schauen Sie sich unser riesiges Angebot in unserem Webshop an, oder kommen Sie und sehen Sie sich alles live bei uns an!!! \u2705 Gr\u00f6\u00dfte Auswahl \u2705Nahezu alles kann auch live besichtigt werden...\",\"breadcrumb\":{\"@id\":\"https:\/\/www.eliassen.nl\/de\/specksteinstatue-giraffenpaar-30cm\/#breadcrumb\"},\"inLanguage\":\"de\",\"potentialAction\":[{\"@type\":\"ReadAction\",\"target\":[\"https:\/\/www.eliassen.nl\/de\/specksteinstatue-giraffenpaar-30cm\/\"]}]},{\"@type\":\"ImageObject\",\"inLanguage\":\"de\",\"@id\":\"https:\/\/www.eliassen.nl\/de\/specksteinstatue-giraffenpaar-30cm\/#primaryimage\",\"url\":\"https:\/\/www.eliassen.nl\/wp-content\/uploads\/2024\/01\/speksteenbeeldgiraffenpaar30cmeliassennl.jpg\",\"contentUrl\":\"https:\/\/www.eliassen.nl\/wp-content\/uploads\/2024\/01\/speksteenbeeldgiraffenpaar30cmeliassennl.jpg\",\"width\":1530,\"height\":2040,\"caption\":\"Speckstein Skulptur Giraffe Paar 30CM eliassen.co.uk.\"},{\"@type\":\"BreadcrumbList\",\"@id\":\"https:\/\/www.eliassen.nl\/de\/specksteinstatue-giraffenpaar-30cm\/#breadcrumb\",\"itemListElement\":[{\"@type\":\"ListItem\",\"position\":1,\"name\":\"Home\",\"item\":\"https:\/\/www.eliassen.nl\/de\/\"},{\"@type\":\"ListItem\",\"position\":2,\"name\":\"Shop\",\"item\":\"https:\/\/www.eliassen.nl\/de\/shop\/\"},{\"@type\":\"ListItem\",\"position\":3,\"name\":\"Bilder\",\"item\":\"https:\/\/www.eliassen.nl\/de\/bilder\/\"},{\"@type\":\"ListItem\",\"position\":4,\"name\":\"Statuen aus Speckstein\",\"item\":\"https:\/\/www.eliassen.nl\/de\/bilder\/statuen-aus-speckstein\/\"},{\"@type\":\"ListItem\",\"position\":5,\"name\":\"Speckstein-Statue Giraffen Liebespaar 31cm\"}]},{\"@type\":\"WebSite\",\"@id\":\"https:\/\/www.eliassen.nl\/de\/#website\",\"url\":\"https:\/\/www.eliassen.nl\/de\/\",\"name\":\"Eliassen Home & Garden Pleasure\",\"description\":\"\",\"publisher\":{\"@id\":\"https:\/\/www.eliassen.nl\/de\/#organization\"},\"alternateName\":\"Eliassen.nl\",\"potentialAction\":[{\"@type\":\"SearchAction\",\"target\":{\"@type\":\"EntryPoint\",\"urlTemplate\":\"https:\/\/www.eliassen.nl\/de\/?s={search_term_string}\"},\"query-input\":{\"@type\":\"PropertyValueSpecification\",\"valueRequired\":true,\"valueName\":\"search_term_string\"}}],\"inLanguage\":\"de\"},{\"@type\":[\"Organization\",\"Place\"],\"@id\":\"https:\/\/www.eliassen.nl\/de\/#organization\",\"name\":\"Eliassen Home & Garden Pleasure\",\"url\":\"https:\/\/www.eliassen.nl\/de\/\",\"logo\":{\"@id\":\"https:\/\/www.eliassen.nl\/de\/specksteinstatue-giraffenpaar-30cm\/#local-main-organization-logo\"},\"image\":{\"@id\":\"https:\/\/www.eliassen.nl\/de\/specksteinstatue-giraffenpaar-30cm\/#local-main-organization-logo\"},\"sameAs\":[\"https:\/\/www.facebook.com\/TuincentrumEliassenAmmerzoden\",\"https:\/\/www.instagram.com\/eliassenhomeandgarden\/\",\"https:\/\/nl.pinterest.com\/eliassenhomeandgarden\/\",\"https:\/\/www.youtube.com\/@eliassenhomegardenpleasure4558\"],\"telephone\":[],\"openingHoursSpecification\":[{\"@type\":\"OpeningHoursSpecification\",\"dayOfWeek\":[\"Monday\",\"Tuesday\",\"Wednesday\",\"Thursday\",\"Friday\",\"Saturday\",\"Sunday\"],\"opens\":\"09:00\",\"closes\":\"17:00\"}]},{\"@type\":\"ImageObject\",\"inLanguage\":\"de\",\"@id\":\"https:\/\/www.eliassen.nl\/de\/specksteinstatue-giraffenpaar-30cm\/#local-main-organization-logo\",\"url\":\"https:\/\/www.eliassen.nl\/wp-content\/uploads\/2024\/01\/logo_4nd.jpg\",\"contentUrl\":\"https:\/\/www.eliassen.nl\/wp-content\/uploads\/2024\/01\/logo_4nd.jpg\",\"width\":500,\"height\":500,\"caption\":\"Eliassen Home & Garden Pleasure\"}]}<\/script>\n<meta property=\"product:price:amount\" content=\"74.50\" \/>\n<meta property=\"product:price:currency\" content=\"EUR\" \/>\n<meta property=\"og:availability\" content=\"out of stock\" \/>\n<meta property=\"product:availability\" content=\"out of stock\" \/>\n<meta property=\"product:retailer_item_id\" content=\"128222\" \/>\n<meta property=\"product:condition\" content=\"new\" \/>\n<!-- \/ Yoast SEO Premium plugin. -->","yoast_head_json":{"title":"Speckstein Statue Giraffe Paar 35CM","description":"Steinfiguren? Schauen Sie sich unser riesiges Angebot in unserem Webshop an, oder kommen Sie und sehen Sie sich alles live bei uns an!!! \u2705 Gr\u00f6\u00dfte Auswahl \u2705Nahezu alles kann auch live besichtigt werden...","robots":{"index":"index","follow":"follow","max-snippet":"max-snippet:-1","max-image-preview":"max-image-preview:large","max-video-preview":"max-video-preview:-1"},"canonical":"https:\/\/www.eliassen.nl\/de\/specksteinstatue-giraffenpaar-30cm\/","og_locale":"de_DE","og_type":"article","og_title":"Sonstige Speckstein-Statue Giraffen Liebespaar 31cm - Eliassen.nl","og_description":"Steinfiguren? Schauen Sie sich unser riesiges Angebot in unserem Webshop an, oder kommen Sie und sehen Sie sich alles live bei uns an!!! \u2705 Gr\u00f6\u00dfte Auswahl \u2705Nahezu alles kann auch live besichtigt werden...","og_url":"https:\/\/www.eliassen.nl\/de\/specksteinstatue-giraffenpaar-30cm\/","og_site_name":"Eliassen.nl","article_publisher":"https:\/\/www.facebook.com\/TuincentrumEliassenAmmerzoden","article_modified_time":"2026-03-26T08:34:44+00:00","og_image":[{"width":1530,"height":2040,"url":"https:\/\/www.eliassen.nl\/wp-content\/uploads\/2024\/01\/speksteenbeeldgiraffenpaar30cmeliassennl.jpg","type":"image\/jpeg"}],"twitter_card":"summary_large_image","schema":{"@context":"https:\/\/schema.org","@graph":[{"@type":"WebPage","@id":"https:\/\/www.eliassen.nl\/de\/specksteinstatue-giraffenpaar-30cm\/","url":"https:\/\/www.eliassen.nl\/de\/specksteinstatue-giraffenpaar-30cm\/","name":"Speckstein Statue Giraffe Paar 35CM","isPartOf":{"@id":"https:\/\/www.eliassen.nl\/de\/#website"},"primaryImageOfPage":{"@id":"https:\/\/www.eliassen.nl\/de\/specksteinstatue-giraffenpaar-30cm\/#primaryimage"},"image":{"@id":"https:\/\/www.eliassen.nl\/de\/specksteinstatue-giraffenpaar-30cm\/#primaryimage"},"thumbnailUrl":"https:\/\/www.eliassen.nl\/wp-content\/uploads\/2024\/01\/speksteenbeeldgiraffenpaar30cmeliassennl.jpg","datePublished":"2023-09-14T20:18:15+00:00","dateModified":"2026-03-26T08:34:44+00:00","description":"Steinfiguren? Schauen Sie sich unser riesiges Angebot in unserem Webshop an, oder kommen Sie und sehen Sie sich alles live bei uns an!!! \u2705 Gr\u00f6\u00dfte Auswahl \u2705Nahezu alles kann auch live besichtigt werden...","breadcrumb":{"@id":"https:\/\/www.eliassen.nl\/de\/specksteinstatue-giraffenpaar-30cm\/#breadcrumb"},"inLanguage":"de","potentialAction":[{"@type":"ReadAction","target":["https:\/\/www.eliassen.nl\/de\/specksteinstatue-giraffenpaar-30cm\/"]}]},{"@type":"ImageObject","inLanguage":"de","@id":"https:\/\/www.eliassen.nl\/de\/specksteinstatue-giraffenpaar-30cm\/#primaryimage","url":"https:\/\/www.eliassen.nl\/wp-content\/uploads\/2024\/01\/speksteenbeeldgiraffenpaar30cmeliassennl.jpg","contentUrl":"https:\/\/www.eliassen.nl\/wp-content\/uploads\/2024\/01\/speksteenbeeldgiraffenpaar30cmeliassennl.jpg","width":1530,"height":2040,"caption":"Speckstein Skulptur Giraffe Paar 30CM eliassen.co.uk."},{"@type":"BreadcrumbList","@id":"https:\/\/www.eliassen.nl\/de\/specksteinstatue-giraffenpaar-30cm\/#breadcrumb","itemListElement":[{"@type":"ListItem","position":1,"name":"Home","item":"https:\/\/www.eliassen.nl\/de\/"},{"@type":"ListItem","position":2,"name":"Shop","item":"https:\/\/www.eliassen.nl\/de\/shop\/"},{"@type":"ListItem","position":3,"name":"Bilder","item":"https:\/\/www.eliassen.nl\/de\/bilder\/"},{"@type":"ListItem","position":4,"name":"Statuen aus Speckstein","item":"https:\/\/www.eliassen.nl\/de\/bilder\/statuen-aus-speckstein\/"},{"@type":"ListItem","position":5,"name":"Speckstein-Statue Giraffen Liebespaar 31cm"}]},{"@type":"WebSite","@id":"https:\/\/www.eliassen.nl\/de\/#website","url":"https:\/\/www.eliassen.nl\/de\/","name":"Eliassen Home & Garden Pleasure","description":"","publisher":{"@id":"https:\/\/www.eliassen.nl\/de\/#organization"},"alternateName":"Eliassen.nl","potentialAction":[{"@type":"SearchAction","target":{"@type":"EntryPoint","urlTemplate":"https:\/\/www.eliassen.nl\/de\/?s={search_term_string}"},"query-input":{"@type":"PropertyValueSpecification","valueRequired":true,"valueName":"search_term_string"}}],"inLanguage":"de"},{"@type":["Organization","Place"],"@id":"https:\/\/www.eliassen.nl\/de\/#organization","name":"Eliassen Home & Garden Pleasure","url":"https:\/\/www.eliassen.nl\/de\/","logo":{"@id":"https:\/\/www.eliassen.nl\/de\/specksteinstatue-giraffenpaar-30cm\/#local-main-organization-logo"},"image":{"@id":"https:\/\/www.eliassen.nl\/de\/specksteinstatue-giraffenpaar-30cm\/#local-main-organization-logo"},"sameAs":["https:\/\/www.facebook.com\/TuincentrumEliassenAmmerzoden","https:\/\/www.instagram.com\/eliassenhomeandgarden\/","https:\/\/nl.pinterest.com\/eliassenhomeandgarden\/","https:\/\/www.youtube.com\/@eliassenhomegardenpleasure4558"],"telephone":[],"openingHoursSpecification":[{"@type":"OpeningHoursSpecification","dayOfWeek":["Monday","Tuesday","Wednesday","Thursday","Friday","Saturday","Sunday"],"opens":"09:00","closes":"17:00"}]},{"@type":"ImageObject","inLanguage":"de","@id":"https:\/\/www.eliassen.nl\/de\/specksteinstatue-giraffenpaar-30cm\/#local-main-organization-logo","url":"https:\/\/www.eliassen.nl\/wp-content\/uploads\/2024\/01\/logo_4nd.jpg","contentUrl":"https:\/\/www.eliassen.nl\/wp-content\/uploads\/2024\/01\/logo_4nd.jpg","width":500,"height":500,"caption":"Eliassen Home & Garden Pleasure"}]},"product_price_amount":"74.50","product_price_currency":"EUR","og_availability":"out of stock","product_availability":"out of stock","product_retailer_item_id":"128222","product_condition":"new"},"df_price":74.5,"df_sale_price":"","df_regular_price":74.5,"df_image_link":"https:\/\/www.eliassen.nl\/wp-content\/uploads\/2024\/01\/speksteenbeeldgiraffenpaar30cmeliassennl.jpg","image":"https:\/\/www.eliassen.nl\/wp-content\/uploads\/2024\/01\/speksteenbeeldgiraffenpaar30cmeliassennl.jpg","price_search":"<span class=\"woocommerce-Price-amount amount\"><bdi><span class=\"woocommerce-Price-currencySymbol\">&euro;<\/span>&nbsp;74,50<\/bdi><\/span>","category":"Statuen aus Speckstein","global_unique_id":"8716881128222","_links":{"self":[{"href":"https:\/\/www.eliassen.nl\/de\/wp-json\/wp\/v2\/product\/94825","targetHints":{"allow":["GET"]}}],"collection":[{"href":"https:\/\/www.eliassen.nl\/de\/wp-json\/wp\/v2\/product"}],"about":[{"href":"https:\/\/www.eliassen.nl\/de\/wp-json\/wp\/v2\/types\/product"}],"wp:featuredmedia":[{"embeddable":true,"href":"https:\/\/www.eliassen.nl\/de\/wp-json\/wp\/v2\/media\/94813"}],"wp:attachment":[{"href":"https:\/\/www.eliassen.nl\/de\/wp-json\/wp\/v2\/media?parent=94825"}],"wp:term":[{"taxonomy":"product_brand","embeddable":true,"href":"https:\/\/www.eliassen.nl\/de\/wp-json\/wp\/v2\/product_brand?post=94825"},{"taxonomy":"product_cat","embeddable":true,"href":"https:\/\/www.eliassen.nl\/de\/wp-json\/wp\/v2\/product_cat?post=94825"},{"taxonomy":"product_tag","embeddable":true,"href":"https:\/\/www.eliassen.nl\/de\/wp-json\/wp\/v2\/product_tag?post=94825"}],"curies":[{"name":"wp","href":"https:\/\/api.w.org\/{rel}","templated":true}]}}