{"id":94798,"date":"2023-09-14T16:01:01","date_gmt":"2023-09-14T16:01:01","guid":{"rendered":"https:\/\/www.eliassen.nl\/?product=speksteen-beeld-liefdesknoop-8cm"},"modified":"2026-01-16T14:49:10","modified_gmt":"2026-01-16T13:49:10","slug":"specksteinstatue-liebesknoten-8cm","status":"publish","type":"product","link":"https:\/\/www.eliassen.nl\/de\/specksteinstatue-liebesknoten-8cm\/","title":{"rendered":"Speckstein Skulptur Liebesknoten 9cm"},"content":{"rendered":"<p>G\u00f6nnen Sie sich oder jemand anderem eine handgefertigte Skulptur aus Speckstein oder Serpentin. Diese Figuren aus Simbabwe werden mit gr\u00f6\u00dfter Sorgfalt aus 1 St\u00fcck Stein handgefertigt. St\u00fcck f\u00fcr St\u00fcck wundersch\u00f6ne Kunstwerke aus Zentralafrika.<\/p>\n<p>Serpentin oder Speckstein, aus dem diese Skulpturen hergestellt werden, sind weiche Gesteinsarten, die in verschiedenen Farben haupts\u00e4chlich in Zentralafrika gefunden werden. Wundersch\u00f6n gl\u00e4nzend, in verschiedenen Farben, aber meist dunkelgrau.<\/p>\n<p>Diese Steinbrocken werden \u00fcber viele Stunden mit verschiedenen Werkzeugen bearbeitet, dann geschliffen und poliert, bis sie die richtige Gr\u00f6\u00dfe, Form und den richtigen Glanz haben.<\/p>\n<p>Diese Modellskulptur mit Liebesknoten kann in Farbe und Form vom Foto abweichen, da es sich um ein handgefertigtes Modell und ein nat\u00fcrliches Material handelt.<\/p>\n<ul>\n<li>Gr\u00f6\u00dfe 7x5x9cm hoch<\/li>\n<li>Material: Speckstein-Serpentin<\/li>\n<li>Farbe: braun\/schwarz<\/li>\n<li>F\u00fcr den Innen- und Au\u00dfenbereich geeignet<\/li>\n<li>Jede Figur einzigartig in Form und Farbe<\/li>\n<li>Auch in unserem Gesch\u00e4ft ausgestellt<\/li>\n<\/ul>\n","protected":false},"excerpt":{"rendered":"<p>Freundschaftsknoten aus Serpentin aus Zimbabwe, 8 cm hoch<\/p>\n","protected":false},"featured_media":94789,"template":"","meta":{"_acf_changed":false,"_genesis_title":"","_genesis_description":""},"product_brand":[7505],"product_cat":[1382,7239],"product_tag":[],"class_list":{"0":"post-94798","1":"product","2":"type-product","3":"status-publish","4":"has-post-thumbnail","6":"product_brand-sonstige","7":"product_cat-statuen-aus-speckstein","8":"product_cat-bilder","10":"first","11":"instock","12":"taxable","13":"shipping-taxable","14":"purchasable","15":"product-type-simple"},"acf":[],"meta_all":{"total_sales":"13","wcml_sync_hash":{"postmeta_fields":"21a0c2de6cc4bc7f79e70fb3e77f86d9"},"attr_label_translations":[],"cor_restricted_countries":[]},"meta_all_flat":{"total_sales":"13","wcml_sync_hash.postmeta_fields":"21a0c2de6cc4bc7f79e70fb3e77f86d9"},"yoast_head":"<!-- This site is optimized with the Yoast SEO Premium plugin v26.2 (Yoast SEO v27.2) - https:\/\/yoast.com\/product\/yoast-seo-premium-wordpress\/ -->\n<title>Speckstein Skulptur Liebesknoten 8cm<\/title>\n<meta name=\"description\" content=\"Steinfiguren? Schauen Sie sich unser riesiges Angebot in unserem Webshop an, oder kommen Sie und sehen Sie sich alles live bei uns an!!! \u2705 Gr\u00f6\u00dfte Auswahl \u2705Nahezu alles kann auch live besichtigt werden...\" \/>\n<meta name=\"robots\" content=\"index, follow, max-snippet:-1, max-image-preview:large, max-video-preview:-1\" \/>\n<link rel=\"canonical\" href=\"https:\/\/www.eliassen.nl\/de\/specksteinstatue-liebesknoten-8cm\/\" \/>\n<meta property=\"og:locale\" content=\"de_DE\" \/>\n<meta property=\"og:type\" content=\"article\" \/>\n<meta property=\"og:title\" content=\"Sonstige Speckstein Skulptur Liebesknoten 9cm - Eliassen.nl\" \/>\n<meta property=\"og:description\" content=\"Steinfiguren? Schauen Sie sich unser riesiges Angebot in unserem Webshop an, oder kommen Sie und sehen Sie sich alles live bei uns an!!! \u2705 Gr\u00f6\u00dfte Auswahl \u2705Nahezu alles kann auch live besichtigt werden...\" \/>\n<meta property=\"og:url\" content=\"https:\/\/www.eliassen.nl\/de\/specksteinstatue-liebesknoten-8cm\/\" \/>\n<meta property=\"og:site_name\" content=\"Eliassen.nl\" \/>\n<meta property=\"article:publisher\" content=\"https:\/\/www.facebook.com\/TuincentrumEliassenAmmerzoden\" \/>\n<meta property=\"article:modified_time\" content=\"2026-01-16T13:49:10+00:00\" \/>\n<meta property=\"og:image\" content=\"https:\/\/www.eliassen.nl\/wp-content\/uploads\/2024\/01\/speksteenbeeldliefdesknoop8cmeliassennl.png\" \/>\n\t<meta property=\"og:image:width\" content=\"716\" \/>\n\t<meta property=\"og:image:height\" content=\"960\" \/>\n\t<meta property=\"og:image:type\" content=\"image\/png\" \/>\n<meta name=\"twitter:card\" content=\"summary_large_image\" \/>\n<script type=\"application\/ld+json\" class=\"yoast-schema-graph\">{\"@context\":\"https:\/\/schema.org\",\"@graph\":[{\"@type\":\"WebPage\",\"@id\":\"https:\/\/www.eliassen.nl\/de\/specksteinstatue-liebesknoten-8cm\/\",\"url\":\"https:\/\/www.eliassen.nl\/de\/specksteinstatue-liebesknoten-8cm\/\",\"name\":\"Speckstein Skulptur Liebesknoten 8cm\",\"isPartOf\":{\"@id\":\"https:\/\/www.eliassen.nl\/de\/#website\"},\"primaryImageOfPage\":{\"@id\":\"https:\/\/www.eliassen.nl\/de\/specksteinstatue-liebesknoten-8cm\/#primaryimage\"},\"image\":{\"@id\":\"https:\/\/www.eliassen.nl\/de\/specksteinstatue-liebesknoten-8cm\/#primaryimage\"},\"thumbnailUrl\":\"https:\/\/www.eliassen.nl\/wp-content\/uploads\/2024\/01\/speksteenbeeldliefdesknoop8cmeliassennl.png\",\"datePublished\":\"2023-09-14T16:01:01+00:00\",\"dateModified\":\"2026-01-16T13:49:10+00:00\",\"description\":\"Steinfiguren? Schauen Sie sich unser riesiges Angebot in unserem Webshop an, oder kommen Sie und sehen Sie sich alles live bei uns an!!! \u2705 Gr\u00f6\u00dfte Auswahl \u2705Nahezu alles kann auch live besichtigt werden...\",\"breadcrumb\":{\"@id\":\"https:\/\/www.eliassen.nl\/de\/specksteinstatue-liebesknoten-8cm\/#breadcrumb\"},\"inLanguage\":\"de\",\"potentialAction\":[{\"@type\":\"ReadAction\",\"target\":[\"https:\/\/www.eliassen.nl\/de\/specksteinstatue-liebesknoten-8cm\/\"]}]},{\"@type\":\"ImageObject\",\"inLanguage\":\"de\",\"@id\":\"https:\/\/www.eliassen.nl\/de\/specksteinstatue-liebesknoten-8cm\/#primaryimage\",\"url\":\"https:\/\/www.eliassen.nl\/wp-content\/uploads\/2024\/01\/speksteenbeeldliefdesknoop8cmeliassennl.png\",\"contentUrl\":\"https:\/\/www.eliassen.nl\/wp-content\/uploads\/2024\/01\/speksteenbeeldliefdesknoop8cmeliassennl.png\",\"width\":716,\"height\":960,\"caption\":\"Speckstein-Skulptur Liebesknoten 8cm eliassen.co.uk\"},{\"@type\":\"BreadcrumbList\",\"@id\":\"https:\/\/www.eliassen.nl\/de\/specksteinstatue-liebesknoten-8cm\/#breadcrumb\",\"itemListElement\":[{\"@type\":\"ListItem\",\"position\":1,\"name\":\"Home\",\"item\":\"https:\/\/www.eliassen.nl\/de\/\"},{\"@type\":\"ListItem\",\"position\":2,\"name\":\"Shop\",\"item\":\"https:\/\/www.eliassen.nl\/de\/shop\/\"},{\"@type\":\"ListItem\",\"position\":3,\"name\":\"Bilder\",\"item\":\"https:\/\/www.eliassen.nl\/de\/bilder\/\"},{\"@type\":\"ListItem\",\"position\":4,\"name\":\"Statuen aus Speckstein\",\"item\":\"https:\/\/www.eliassen.nl\/de\/bilder\/statuen-aus-speckstein\/\"},{\"@type\":\"ListItem\",\"position\":5,\"name\":\"Speckstein Skulptur Liebesknoten 9cm\"}]},{\"@type\":\"WebSite\",\"@id\":\"https:\/\/www.eliassen.nl\/de\/#website\",\"url\":\"https:\/\/www.eliassen.nl\/de\/\",\"name\":\"Eliassen Home & Garden Pleasure\",\"description\":\"\",\"publisher\":{\"@id\":\"https:\/\/www.eliassen.nl\/de\/#organization\"},\"alternateName\":\"Eliassen.nl\",\"potentialAction\":[{\"@type\":\"SearchAction\",\"target\":{\"@type\":\"EntryPoint\",\"urlTemplate\":\"https:\/\/www.eliassen.nl\/de\/?s={search_term_string}\"},\"query-input\":{\"@type\":\"PropertyValueSpecification\",\"valueRequired\":true,\"valueName\":\"search_term_string\"}}],\"inLanguage\":\"de\"},{\"@type\":[\"Organization\",\"Place\"],\"@id\":\"https:\/\/www.eliassen.nl\/de\/#organization\",\"name\":\"Eliassen Home & Garden Pleasure\",\"url\":\"https:\/\/www.eliassen.nl\/de\/\",\"logo\":{\"@id\":\"https:\/\/www.eliassen.nl\/de\/specksteinstatue-liebesknoten-8cm\/#local-main-organization-logo\"},\"image\":{\"@id\":\"https:\/\/www.eliassen.nl\/de\/specksteinstatue-liebesknoten-8cm\/#local-main-organization-logo\"},\"sameAs\":[\"https:\/\/www.facebook.com\/TuincentrumEliassenAmmerzoden\",\"https:\/\/www.instagram.com\/eliassenhomeandgarden\/\",\"https:\/\/nl.pinterest.com\/eliassenhomeandgarden\/\",\"https:\/\/www.youtube.com\/@eliassenhomegardenpleasure4558\"],\"telephone\":[],\"openingHoursSpecification\":[{\"@type\":\"OpeningHoursSpecification\",\"dayOfWeek\":[\"Monday\",\"Tuesday\",\"Wednesday\",\"Thursday\",\"Friday\",\"Saturday\",\"Sunday\"],\"opens\":\"09:00\",\"closes\":\"17:00\"}]},{\"@type\":\"ImageObject\",\"inLanguage\":\"de\",\"@id\":\"https:\/\/www.eliassen.nl\/de\/specksteinstatue-liebesknoten-8cm\/#local-main-organization-logo\",\"url\":\"https:\/\/www.eliassen.nl\/wp-content\/uploads\/2024\/01\/logo_4nd.jpg\",\"contentUrl\":\"https:\/\/www.eliassen.nl\/wp-content\/uploads\/2024\/01\/logo_4nd.jpg\",\"width\":500,\"height\":500,\"caption\":\"Eliassen Home & Garden Pleasure\"}]}<\/script>\n<meta property=\"product:price:amount\" content=\"27.50\" \/>\n<meta property=\"product:price:currency\" content=\"EUR\" \/>\n<meta property=\"og:availability\" content=\"instock\" \/>\n<meta property=\"product:availability\" content=\"instock\" \/>\n<meta property=\"product:retailer_item_id\" content=\"8716881120820 \/ 108330-013030\" \/>\n<meta property=\"product:condition\" content=\"new\" \/>\n<!-- \/ Yoast SEO Premium plugin. -->","yoast_head_json":{"title":"Speckstein Skulptur Liebesknoten 8cm","description":"Steinfiguren? Schauen Sie sich unser riesiges Angebot in unserem Webshop an, oder kommen Sie und sehen Sie sich alles live bei uns an!!! \u2705 Gr\u00f6\u00dfte Auswahl \u2705Nahezu alles kann auch live besichtigt werden...","robots":{"index":"index","follow":"follow","max-snippet":"max-snippet:-1","max-image-preview":"max-image-preview:large","max-video-preview":"max-video-preview:-1"},"canonical":"https:\/\/www.eliassen.nl\/de\/specksteinstatue-liebesknoten-8cm\/","og_locale":"de_DE","og_type":"article","og_title":"Sonstige Speckstein Skulptur Liebesknoten 9cm - Eliassen.nl","og_description":"Steinfiguren? Schauen Sie sich unser riesiges Angebot in unserem Webshop an, oder kommen Sie und sehen Sie sich alles live bei uns an!!! \u2705 Gr\u00f6\u00dfte Auswahl \u2705Nahezu alles kann auch live besichtigt werden...","og_url":"https:\/\/www.eliassen.nl\/de\/specksteinstatue-liebesknoten-8cm\/","og_site_name":"Eliassen.nl","article_publisher":"https:\/\/www.facebook.com\/TuincentrumEliassenAmmerzoden","article_modified_time":"2026-01-16T13:49:10+00:00","og_image":[{"width":716,"height":960,"url":"https:\/\/www.eliassen.nl\/wp-content\/uploads\/2024\/01\/speksteenbeeldliefdesknoop8cmeliassennl.png","type":"image\/png"}],"twitter_card":"summary_large_image","schema":{"@context":"https:\/\/schema.org","@graph":[{"@type":"WebPage","@id":"https:\/\/www.eliassen.nl\/de\/specksteinstatue-liebesknoten-8cm\/","url":"https:\/\/www.eliassen.nl\/de\/specksteinstatue-liebesknoten-8cm\/","name":"Speckstein Skulptur Liebesknoten 8cm","isPartOf":{"@id":"https:\/\/www.eliassen.nl\/de\/#website"},"primaryImageOfPage":{"@id":"https:\/\/www.eliassen.nl\/de\/specksteinstatue-liebesknoten-8cm\/#primaryimage"},"image":{"@id":"https:\/\/www.eliassen.nl\/de\/specksteinstatue-liebesknoten-8cm\/#primaryimage"},"thumbnailUrl":"https:\/\/www.eliassen.nl\/wp-content\/uploads\/2024\/01\/speksteenbeeldliefdesknoop8cmeliassennl.png","datePublished":"2023-09-14T16:01:01+00:00","dateModified":"2026-01-16T13:49:10+00:00","description":"Steinfiguren? Schauen Sie sich unser riesiges Angebot in unserem Webshop an, oder kommen Sie und sehen Sie sich alles live bei uns an!!! \u2705 Gr\u00f6\u00dfte Auswahl \u2705Nahezu alles kann auch live besichtigt werden...","breadcrumb":{"@id":"https:\/\/www.eliassen.nl\/de\/specksteinstatue-liebesknoten-8cm\/#breadcrumb"},"inLanguage":"de","potentialAction":[{"@type":"ReadAction","target":["https:\/\/www.eliassen.nl\/de\/specksteinstatue-liebesknoten-8cm\/"]}]},{"@type":"ImageObject","inLanguage":"de","@id":"https:\/\/www.eliassen.nl\/de\/specksteinstatue-liebesknoten-8cm\/#primaryimage","url":"https:\/\/www.eliassen.nl\/wp-content\/uploads\/2024\/01\/speksteenbeeldliefdesknoop8cmeliassennl.png","contentUrl":"https:\/\/www.eliassen.nl\/wp-content\/uploads\/2024\/01\/speksteenbeeldliefdesknoop8cmeliassennl.png","width":716,"height":960,"caption":"Speckstein-Skulptur Liebesknoten 8cm eliassen.co.uk"},{"@type":"BreadcrumbList","@id":"https:\/\/www.eliassen.nl\/de\/specksteinstatue-liebesknoten-8cm\/#breadcrumb","itemListElement":[{"@type":"ListItem","position":1,"name":"Home","item":"https:\/\/www.eliassen.nl\/de\/"},{"@type":"ListItem","position":2,"name":"Shop","item":"https:\/\/www.eliassen.nl\/de\/shop\/"},{"@type":"ListItem","position":3,"name":"Bilder","item":"https:\/\/www.eliassen.nl\/de\/bilder\/"},{"@type":"ListItem","position":4,"name":"Statuen aus Speckstein","item":"https:\/\/www.eliassen.nl\/de\/bilder\/statuen-aus-speckstein\/"},{"@type":"ListItem","position":5,"name":"Speckstein Skulptur Liebesknoten 9cm"}]},{"@type":"WebSite","@id":"https:\/\/www.eliassen.nl\/de\/#website","url":"https:\/\/www.eliassen.nl\/de\/","name":"Eliassen Home & Garden Pleasure","description":"","publisher":{"@id":"https:\/\/www.eliassen.nl\/de\/#organization"},"alternateName":"Eliassen.nl","potentialAction":[{"@type":"SearchAction","target":{"@type":"EntryPoint","urlTemplate":"https:\/\/www.eliassen.nl\/de\/?s={search_term_string}"},"query-input":{"@type":"PropertyValueSpecification","valueRequired":true,"valueName":"search_term_string"}}],"inLanguage":"de"},{"@type":["Organization","Place"],"@id":"https:\/\/www.eliassen.nl\/de\/#organization","name":"Eliassen Home & Garden Pleasure","url":"https:\/\/www.eliassen.nl\/de\/","logo":{"@id":"https:\/\/www.eliassen.nl\/de\/specksteinstatue-liebesknoten-8cm\/#local-main-organization-logo"},"image":{"@id":"https:\/\/www.eliassen.nl\/de\/specksteinstatue-liebesknoten-8cm\/#local-main-organization-logo"},"sameAs":["https:\/\/www.facebook.com\/TuincentrumEliassenAmmerzoden","https:\/\/www.instagram.com\/eliassenhomeandgarden\/","https:\/\/nl.pinterest.com\/eliassenhomeandgarden\/","https:\/\/www.youtube.com\/@eliassenhomegardenpleasure4558"],"telephone":[],"openingHoursSpecification":[{"@type":"OpeningHoursSpecification","dayOfWeek":["Monday","Tuesday","Wednesday","Thursday","Friday","Saturday","Sunday"],"opens":"09:00","closes":"17:00"}]},{"@type":"ImageObject","inLanguage":"de","@id":"https:\/\/www.eliassen.nl\/de\/specksteinstatue-liebesknoten-8cm\/#local-main-organization-logo","url":"https:\/\/www.eliassen.nl\/wp-content\/uploads\/2024\/01\/logo_4nd.jpg","contentUrl":"https:\/\/www.eliassen.nl\/wp-content\/uploads\/2024\/01\/logo_4nd.jpg","width":500,"height":500,"caption":"Eliassen Home & Garden Pleasure"}]},"product_price_amount":"27.50","product_price_currency":"EUR","og_availability":"instock","product_availability":"instock","product_retailer_item_id":"8716881120820 \/ 108330-013030","product_condition":"new"},"df_price":27.5,"df_sale_price":"","df_regular_price":27.5,"df_image_link":"https:\/\/www.eliassen.nl\/wp-content\/uploads\/2024\/01\/speksteenbeeldliefdesknoop8cmeliassennl.png","image":"https:\/\/www.eliassen.nl\/wp-content\/uploads\/2024\/01\/speksteenbeeldliefdesknoop8cmeliassennl.png","price_search":"<span class=\"woocommerce-Price-amount amount\"><bdi><span class=\"woocommerce-Price-currencySymbol\">&euro;<\/span>&nbsp;27,50<\/bdi><\/span>","category":"Statuen aus Speckstein","global_unique_id":"8716881120820","_links":{"self":[{"href":"https:\/\/www.eliassen.nl\/de\/wp-json\/wp\/v2\/product\/94798","targetHints":{"allow":["GET"]}}],"collection":[{"href":"https:\/\/www.eliassen.nl\/de\/wp-json\/wp\/v2\/product"}],"about":[{"href":"https:\/\/www.eliassen.nl\/de\/wp-json\/wp\/v2\/types\/product"}],"wp:featuredmedia":[{"embeddable":true,"href":"https:\/\/www.eliassen.nl\/de\/wp-json\/wp\/v2\/media\/94789"}],"wp:attachment":[{"href":"https:\/\/www.eliassen.nl\/de\/wp-json\/wp\/v2\/media?parent=94798"}],"wp:term":[{"taxonomy":"product_brand","embeddable":true,"href":"https:\/\/www.eliassen.nl\/de\/wp-json\/wp\/v2\/product_brand?post=94798"},{"taxonomy":"product_cat","embeddable":true,"href":"https:\/\/www.eliassen.nl\/de\/wp-json\/wp\/v2\/product_cat?post=94798"},{"taxonomy":"product_tag","embeddable":true,"href":"https:\/\/www.eliassen.nl\/de\/wp-json\/wp\/v2\/product_tag?post=94798"}],"curies":[{"name":"wp","href":"https:\/\/api.w.org\/{rel}","templated":true}]}}