{"id":94489,"date":"2023-09-08T13:50:24","date_gmt":"2023-09-08T13:50:24","guid":{"rendered":"https:\/\/www.eliassen.nl\/?product=tafellamp-glas-mozaiek-blauw-21x21x19cm"},"modified":"2026-02-09T20:58:04","modified_gmt":"2026-02-09T19:58:04","slug":"tischlampe-glasmosaik-blaue-kugel-21x21x19cm","status":"publish","type":"product","link":"https:\/\/www.eliassen.nl\/de\/tischlampe-glasmosaik-blaue-kugel-21x21x19cm\/","title":{"rendered":"Tischlampe Glasmosaik blaue Kugel 21x21x19cm."},"content":{"rendered":"<p>Stimmungsvolle Lampe aus Glas. Wundersch\u00f6n handgefertigte Mosaiklampe in runder Gl\u00fchbirnenform. Jeder blaue Glasstein wurde manuell auf das darunter liegende Glas aufgebracht. In der Dunkelheit bietet diese Tischleuchte einen sch\u00f6nen Lichteffekt, sobald das Licht durch das Mosaik scheint. Die runde Gl\u00fchbirnenform sorgt daf\u00fcr, dass diese Lampe auch auf schmaleren Fl\u00e4chen wie Fensterb\u00e4nken, Regalen usw. stehen kann.<\/p>\n<ul>\n<li>Gr\u00f6\u00dfe: 21x21x19cm hoch<\/li>\n<li>Fassung: E14, maximal 50 W<\/li>\n<li>Mit Schalter<\/li>\n<li>Gewicht: 1 kg<\/li>\n<li>Garantie: 1 Jahr<\/li>\n<li>Wird ohne Lampe geliefert<\/li>\n<li>Auch in unserem Gesch\u00e4ft ausgestellt<\/li>\n<\/ul>\n","protected":false},"excerpt":{"rendered":"<p>Glaslampe mit sch\u00f6nem blauem Mosaik.<\/p>\n","protected":false},"featured_media":94483,"template":"","meta":{"_acf_changed":false,"_genesis_title":"","_genesis_description":""},"product_brand":[7505],"product_cat":[800,749,809,746],"product_tag":[],"class_list":{"0":"post-94489","1":"product","2":"type-product","3":"status-publish","4":"has-post-thumbnail","6":"product_brand-sonstige","7":"product_cat-glaskunst","8":"product_cat-glaslampen","10":"product_cat-stimmungsvolle-beleuchtung","12":"first","13":"instock","14":"sale","15":"taxable","16":"shipping-taxable","17":"purchasable","18":"product-type-simple"},"acf":[],"meta_all":{"total_sales":"1","wcml_sync_hash":{"postmeta_fields":"a5b946a1af1e457a7aa149f2813db220"},"attr_label_translations":[],"cor_restricted_countries":[]},"meta_all_flat":{"total_sales":"1","wcml_sync_hash.postmeta_fields":"a5b946a1af1e457a7aa149f2813db220"},"yoast_head":"<!-- This site is optimized with the Yoast SEO Premium plugin v26.2 (Yoast SEO v27.2) - https:\/\/yoast.com\/product\/yoast-seo-premium-wordpress\/ -->\n<title>Tischlampe Glasmosaik blaue Kugel 21x21x19cm. - Eliassen Haus&amp;Garten<\/title>\n<meta name=\"description\" content=\"Suchen Sie nach einer sch\u00f6nen Mosaik-Glaslampe f\u00fcr Ihr Ambiente? Sie werden diese atemberaubende Lampe mit blauem Farbmosaik bestimmt lieben. Eine sehr sch\u00f6ne Stimmungslampe.\" \/>\n<meta name=\"robots\" content=\"index, follow, max-snippet:-1, max-image-preview:large, max-video-preview:-1\" \/>\n<link rel=\"canonical\" href=\"https:\/\/www.eliassen.nl\/de\/tischlampe-glasmosaik-blaue-kugel-21x21x19cm\/\" \/>\n<meta property=\"og:locale\" content=\"de_DE\" \/>\n<meta property=\"og:type\" content=\"article\" \/>\n<meta property=\"og:title\" content=\"Sonstige Tischlampe Glasmosaik blaue Kugel 21x21x19cm. - Eliassen.nl\" \/>\n<meta property=\"og:description\" content=\"Suchen Sie nach einer sch\u00f6nen Mosaik-Glaslampe f\u00fcr Ihr Ambiente? Sie werden diese atemberaubende Lampe mit blauem Farbmosaik bestimmt lieben. Eine sehr sch\u00f6ne Stimmungslampe.\" \/>\n<meta property=\"og:url\" content=\"https:\/\/www.eliassen.nl\/de\/tischlampe-glasmosaik-blaue-kugel-21x21x19cm\/\" \/>\n<meta property=\"og:site_name\" content=\"Eliassen.nl\" \/>\n<meta property=\"article:publisher\" content=\"https:\/\/www.facebook.com\/TuincentrumEliassenAmmerzoden\" \/>\n<meta property=\"article:modified_time\" content=\"2026-02-09T19:58:04+00:00\" \/>\n<meta property=\"og:image\" content=\"https:\/\/www.eliassen.nl\/wp-content\/uploads\/2024\/01\/blauwemozaieklampeliassennl.jpg\" \/>\n\t<meta property=\"og:image:width\" content=\"2028\" \/>\n\t<meta property=\"og:image:height\" content=\"2048\" \/>\n\t<meta property=\"og:image:type\" content=\"image\/jpeg\" \/>\n<meta name=\"twitter:card\" content=\"summary_large_image\" \/>\n<script type=\"application\/ld+json\" class=\"yoast-schema-graph\">{\"@context\":\"https:\/\/schema.org\",\"@graph\":[{\"@type\":\"WebPage\",\"@id\":\"https:\/\/www.eliassen.nl\/de\/tischlampe-glasmosaik-blaue-kugel-21x21x19cm\/\",\"url\":\"https:\/\/www.eliassen.nl\/de\/tischlampe-glasmosaik-blaue-kugel-21x21x19cm\/\",\"name\":\"Tischlampe Glasmosaik blaue Kugel 21x21x19cm. - Eliassen Haus&Garten\",\"isPartOf\":{\"@id\":\"https:\/\/www.eliassen.nl\/de\/#website\"},\"primaryImageOfPage\":{\"@id\":\"https:\/\/www.eliassen.nl\/de\/tischlampe-glasmosaik-blaue-kugel-21x21x19cm\/#primaryimage\"},\"image\":{\"@id\":\"https:\/\/www.eliassen.nl\/de\/tischlampe-glasmosaik-blaue-kugel-21x21x19cm\/#primaryimage\"},\"thumbnailUrl\":\"https:\/\/www.eliassen.nl\/wp-content\/uploads\/2024\/01\/blauwemozaieklampeliassennl.jpg\",\"datePublished\":\"2023-09-08T13:50:24+00:00\",\"dateModified\":\"2026-02-09T19:58:04+00:00\",\"description\":\"Suchen Sie nach einer sch\u00f6nen Mosaik-Glaslampe f\u00fcr Ihr Ambiente? Sie werden diese atemberaubende Lampe mit blauem Farbmosaik bestimmt lieben. Eine sehr sch\u00f6ne Stimmungslampe.\",\"breadcrumb\":{\"@id\":\"https:\/\/www.eliassen.nl\/de\/tischlampe-glasmosaik-blaue-kugel-21x21x19cm\/#breadcrumb\"},\"inLanguage\":\"de\",\"potentialAction\":[{\"@type\":\"ReadAction\",\"target\":[\"https:\/\/www.eliassen.nl\/de\/tischlampe-glasmosaik-blaue-kugel-21x21x19cm\/\"]}]},{\"@type\":\"ImageObject\",\"inLanguage\":\"de\",\"@id\":\"https:\/\/www.eliassen.nl\/de\/tischlampe-glasmosaik-blaue-kugel-21x21x19cm\/#primaryimage\",\"url\":\"https:\/\/www.eliassen.nl\/wp-content\/uploads\/2024\/01\/blauwemozaieklampeliassennl.jpg\",\"contentUrl\":\"https:\/\/www.eliassen.nl\/wp-content\/uploads\/2024\/01\/blauwemozaieklampeliassennl.jpg\",\"width\":2028,\"height\":2048,\"caption\":\"Blaue Mosaik-Lampe - Eliassen.nl\"},{\"@type\":\"BreadcrumbList\",\"@id\":\"https:\/\/www.eliassen.nl\/de\/tischlampe-glasmosaik-blaue-kugel-21x21x19cm\/#breadcrumb\",\"itemListElement\":[{\"@type\":\"ListItem\",\"position\":1,\"name\":\"Home\",\"item\":\"https:\/\/www.eliassen.nl\/de\/\"},{\"@type\":\"ListItem\",\"position\":2,\"name\":\"Shop\",\"item\":\"https:\/\/www.eliassen.nl\/de\/shop\/\"},{\"@type\":\"ListItem\",\"position\":3,\"name\":\"Stimmungsvolle Beleuchtung\",\"item\":\"https:\/\/www.eliassen.nl\/de\/stimmungsvolle-beleuchtung\/\"},{\"@type\":\"ListItem\",\"position\":4,\"name\":\"Glaslampen\",\"item\":\"https:\/\/www.eliassen.nl\/de\/stimmungsvolle-beleuchtung\/glaslampen\/\"},{\"@type\":\"ListItem\",\"position\":5,\"name\":\"Tischlampe Glasmosaik blaue Kugel 21x21x19cm.\"}]},{\"@type\":\"WebSite\",\"@id\":\"https:\/\/www.eliassen.nl\/de\/#website\",\"url\":\"https:\/\/www.eliassen.nl\/de\/\",\"name\":\"Eliassen Home & Garden Pleasure\",\"description\":\"\",\"publisher\":{\"@id\":\"https:\/\/www.eliassen.nl\/de\/#organization\"},\"alternateName\":\"Eliassen.nl\",\"potentialAction\":[{\"@type\":\"SearchAction\",\"target\":{\"@type\":\"EntryPoint\",\"urlTemplate\":\"https:\/\/www.eliassen.nl\/de\/?s={search_term_string}\"},\"query-input\":{\"@type\":\"PropertyValueSpecification\",\"valueRequired\":true,\"valueName\":\"search_term_string\"}}],\"inLanguage\":\"de\"},{\"@type\":[\"Organization\",\"Place\"],\"@id\":\"https:\/\/www.eliassen.nl\/de\/#organization\",\"name\":\"Eliassen Home & Garden Pleasure\",\"url\":\"https:\/\/www.eliassen.nl\/de\/\",\"logo\":{\"@id\":\"https:\/\/www.eliassen.nl\/de\/tischlampe-glasmosaik-blaue-kugel-21x21x19cm\/#local-main-organization-logo\"},\"image\":{\"@id\":\"https:\/\/www.eliassen.nl\/de\/tischlampe-glasmosaik-blaue-kugel-21x21x19cm\/#local-main-organization-logo\"},\"sameAs\":[\"https:\/\/www.facebook.com\/TuincentrumEliassenAmmerzoden\",\"https:\/\/www.instagram.com\/eliassenhomeandgarden\/\",\"https:\/\/nl.pinterest.com\/eliassenhomeandgarden\/\",\"https:\/\/www.youtube.com\/@eliassenhomegardenpleasure4558\"],\"telephone\":[],\"openingHoursSpecification\":[{\"@type\":\"OpeningHoursSpecification\",\"dayOfWeek\":[\"Monday\",\"Tuesday\",\"Wednesday\",\"Thursday\",\"Friday\",\"Saturday\",\"Sunday\"],\"opens\":\"09:00\",\"closes\":\"17:00\"}]},{\"@type\":\"ImageObject\",\"inLanguage\":\"de\",\"@id\":\"https:\/\/www.eliassen.nl\/de\/tischlampe-glasmosaik-blaue-kugel-21x21x19cm\/#local-main-organization-logo\",\"url\":\"https:\/\/www.eliassen.nl\/wp-content\/uploads\/2024\/01\/logo_4nd.jpg\",\"contentUrl\":\"https:\/\/www.eliassen.nl\/wp-content\/uploads\/2024\/01\/logo_4nd.jpg\",\"width\":500,\"height\":500,\"caption\":\"Eliassen Home & Garden Pleasure\"}]}<\/script>\n<meta property=\"product:price:amount\" content=\"39.00\" \/>\n<meta property=\"product:price:currency\" content=\"EUR\" \/>\n<meta property=\"og:availability\" content=\"instock\" \/>\n<meta property=\"product:availability\" content=\"instock\" \/>\n<meta property=\"product:retailer_item_id\" content=\"M18b\" \/>\n<meta property=\"product:condition\" content=\"new\" \/>\n<!-- \/ Yoast SEO Premium plugin. -->","yoast_head_json":{"title":"Tischlampe Glasmosaik blaue Kugel 21x21x19cm. - Eliassen Haus&Garten","description":"Suchen Sie nach einer sch\u00f6nen Mosaik-Glaslampe f\u00fcr Ihr Ambiente? Sie werden diese atemberaubende Lampe mit blauem Farbmosaik bestimmt lieben. Eine sehr sch\u00f6ne Stimmungslampe.","robots":{"index":"index","follow":"follow","max-snippet":"max-snippet:-1","max-image-preview":"max-image-preview:large","max-video-preview":"max-video-preview:-1"},"canonical":"https:\/\/www.eliassen.nl\/de\/tischlampe-glasmosaik-blaue-kugel-21x21x19cm\/","og_locale":"de_DE","og_type":"article","og_title":"Sonstige Tischlampe Glasmosaik blaue Kugel 21x21x19cm. - Eliassen.nl","og_description":"Suchen Sie nach einer sch\u00f6nen Mosaik-Glaslampe f\u00fcr Ihr Ambiente? Sie werden diese atemberaubende Lampe mit blauem Farbmosaik bestimmt lieben. Eine sehr sch\u00f6ne Stimmungslampe.","og_url":"https:\/\/www.eliassen.nl\/de\/tischlampe-glasmosaik-blaue-kugel-21x21x19cm\/","og_site_name":"Eliassen.nl","article_publisher":"https:\/\/www.facebook.com\/TuincentrumEliassenAmmerzoden","article_modified_time":"2026-02-09T19:58:04+00:00","og_image":[{"width":2028,"height":2048,"url":"https:\/\/www.eliassen.nl\/wp-content\/uploads\/2024\/01\/blauwemozaieklampeliassennl.jpg","type":"image\/jpeg"}],"twitter_card":"summary_large_image","schema":{"@context":"https:\/\/schema.org","@graph":[{"@type":"WebPage","@id":"https:\/\/www.eliassen.nl\/de\/tischlampe-glasmosaik-blaue-kugel-21x21x19cm\/","url":"https:\/\/www.eliassen.nl\/de\/tischlampe-glasmosaik-blaue-kugel-21x21x19cm\/","name":"Tischlampe Glasmosaik blaue Kugel 21x21x19cm. - Eliassen Haus&Garten","isPartOf":{"@id":"https:\/\/www.eliassen.nl\/de\/#website"},"primaryImageOfPage":{"@id":"https:\/\/www.eliassen.nl\/de\/tischlampe-glasmosaik-blaue-kugel-21x21x19cm\/#primaryimage"},"image":{"@id":"https:\/\/www.eliassen.nl\/de\/tischlampe-glasmosaik-blaue-kugel-21x21x19cm\/#primaryimage"},"thumbnailUrl":"https:\/\/www.eliassen.nl\/wp-content\/uploads\/2024\/01\/blauwemozaieklampeliassennl.jpg","datePublished":"2023-09-08T13:50:24+00:00","dateModified":"2026-02-09T19:58:04+00:00","description":"Suchen Sie nach einer sch\u00f6nen Mosaik-Glaslampe f\u00fcr Ihr Ambiente? Sie werden diese atemberaubende Lampe mit blauem Farbmosaik bestimmt lieben. Eine sehr sch\u00f6ne Stimmungslampe.","breadcrumb":{"@id":"https:\/\/www.eliassen.nl\/de\/tischlampe-glasmosaik-blaue-kugel-21x21x19cm\/#breadcrumb"},"inLanguage":"de","potentialAction":[{"@type":"ReadAction","target":["https:\/\/www.eliassen.nl\/de\/tischlampe-glasmosaik-blaue-kugel-21x21x19cm\/"]}]},{"@type":"ImageObject","inLanguage":"de","@id":"https:\/\/www.eliassen.nl\/de\/tischlampe-glasmosaik-blaue-kugel-21x21x19cm\/#primaryimage","url":"https:\/\/www.eliassen.nl\/wp-content\/uploads\/2024\/01\/blauwemozaieklampeliassennl.jpg","contentUrl":"https:\/\/www.eliassen.nl\/wp-content\/uploads\/2024\/01\/blauwemozaieklampeliassennl.jpg","width":2028,"height":2048,"caption":"Blaue Mosaik-Lampe - Eliassen.nl"},{"@type":"BreadcrumbList","@id":"https:\/\/www.eliassen.nl\/de\/tischlampe-glasmosaik-blaue-kugel-21x21x19cm\/#breadcrumb","itemListElement":[{"@type":"ListItem","position":1,"name":"Home","item":"https:\/\/www.eliassen.nl\/de\/"},{"@type":"ListItem","position":2,"name":"Shop","item":"https:\/\/www.eliassen.nl\/de\/shop\/"},{"@type":"ListItem","position":3,"name":"Stimmungsvolle Beleuchtung","item":"https:\/\/www.eliassen.nl\/de\/stimmungsvolle-beleuchtung\/"},{"@type":"ListItem","position":4,"name":"Glaslampen","item":"https:\/\/www.eliassen.nl\/de\/stimmungsvolle-beleuchtung\/glaslampen\/"},{"@type":"ListItem","position":5,"name":"Tischlampe Glasmosaik blaue Kugel 21x21x19cm."}]},{"@type":"WebSite","@id":"https:\/\/www.eliassen.nl\/de\/#website","url":"https:\/\/www.eliassen.nl\/de\/","name":"Eliassen Home & Garden Pleasure","description":"","publisher":{"@id":"https:\/\/www.eliassen.nl\/de\/#organization"},"alternateName":"Eliassen.nl","potentialAction":[{"@type":"SearchAction","target":{"@type":"EntryPoint","urlTemplate":"https:\/\/www.eliassen.nl\/de\/?s={search_term_string}"},"query-input":{"@type":"PropertyValueSpecification","valueRequired":true,"valueName":"search_term_string"}}],"inLanguage":"de"},{"@type":["Organization","Place"],"@id":"https:\/\/www.eliassen.nl\/de\/#organization","name":"Eliassen Home & Garden Pleasure","url":"https:\/\/www.eliassen.nl\/de\/","logo":{"@id":"https:\/\/www.eliassen.nl\/de\/tischlampe-glasmosaik-blaue-kugel-21x21x19cm\/#local-main-organization-logo"},"image":{"@id":"https:\/\/www.eliassen.nl\/de\/tischlampe-glasmosaik-blaue-kugel-21x21x19cm\/#local-main-organization-logo"},"sameAs":["https:\/\/www.facebook.com\/TuincentrumEliassenAmmerzoden","https:\/\/www.instagram.com\/eliassenhomeandgarden\/","https:\/\/nl.pinterest.com\/eliassenhomeandgarden\/","https:\/\/www.youtube.com\/@eliassenhomegardenpleasure4558"],"telephone":[],"openingHoursSpecification":[{"@type":"OpeningHoursSpecification","dayOfWeek":["Monday","Tuesday","Wednesday","Thursday","Friday","Saturday","Sunday"],"opens":"09:00","closes":"17:00"}]},{"@type":"ImageObject","inLanguage":"de","@id":"https:\/\/www.eliassen.nl\/de\/tischlampe-glasmosaik-blaue-kugel-21x21x19cm\/#local-main-organization-logo","url":"https:\/\/www.eliassen.nl\/wp-content\/uploads\/2024\/01\/logo_4nd.jpg","contentUrl":"https:\/\/www.eliassen.nl\/wp-content\/uploads\/2024\/01\/logo_4nd.jpg","width":500,"height":500,"caption":"Eliassen Home & Garden Pleasure"}]},"product_price_amount":"39.00","product_price_currency":"EUR","og_availability":"instock","product_availability":"instock","product_retailer_item_id":"M18b","product_condition":"new"},"df_price":39,"df_sale_price":39,"df_regular_price":52.5,"df_image_link":"https:\/\/www.eliassen.nl\/wp-content\/uploads\/2024\/01\/blauwemozaieklampeliassennl.jpg","image":"https:\/\/www.eliassen.nl\/wp-content\/uploads\/2024\/01\/blauwemozaieklampeliassennl.jpg","price_search":"<span class=\"woocommerce-Price-amount amount\"><bdi><span class=\"woocommerce-Price-currencySymbol\">&euro;<\/span>&nbsp;39,00<\/bdi><\/span>","category":"Glaskunst","global_unique_id":"6096524733764","_links":{"self":[{"href":"https:\/\/www.eliassen.nl\/de\/wp-json\/wp\/v2\/product\/94489","targetHints":{"allow":["GET"]}}],"collection":[{"href":"https:\/\/www.eliassen.nl\/de\/wp-json\/wp\/v2\/product"}],"about":[{"href":"https:\/\/www.eliassen.nl\/de\/wp-json\/wp\/v2\/types\/product"}],"wp:featuredmedia":[{"embeddable":true,"href":"https:\/\/www.eliassen.nl\/de\/wp-json\/wp\/v2\/media\/94483"}],"wp:attachment":[{"href":"https:\/\/www.eliassen.nl\/de\/wp-json\/wp\/v2\/media?parent=94489"}],"wp:term":[{"taxonomy":"product_brand","embeddable":true,"href":"https:\/\/www.eliassen.nl\/de\/wp-json\/wp\/v2\/product_brand?post=94489"},{"taxonomy":"product_cat","embeddable":true,"href":"https:\/\/www.eliassen.nl\/de\/wp-json\/wp\/v2\/product_cat?post=94489"},{"taxonomy":"product_tag","embeddable":true,"href":"https:\/\/www.eliassen.nl\/de\/wp-json\/wp\/v2\/product_tag?post=94489"}],"curies":[{"name":"wp","href":"https:\/\/api.w.org\/{rel}","templated":true}]}}