{"id":94426,"date":"2023-09-08T12:53:11","date_gmt":"2023-09-08T12:53:11","guid":{"rendered":"https:\/\/www.eliassen.nl\/?product=tafellamp-glas-mozaiek-wit-14x14x20cm"},"modified":"2026-02-09T20:59:38","modified_gmt":"2026-02-09T19:59:38","slug":"tischleuchte-glasmosaik-weiss-niedrig-14x14x20cm","status":"publish","type":"product","link":"https:\/\/www.eliassen.nl\/de\/tischleuchte-glasmosaik-weiss-niedrig-14x14x20cm\/","title":{"rendered":"Tischlampe Glasmosaik wei\u00df niedrig 14x14x20cm."},"content":{"rendered":"<p>Stimmungsvolle Lampe aus Glas. Wundersch\u00f6n handgefertigte Mosaiklampe, schmale Form. Jeder wei\u00dfe Glasstein wurde manuell auf das darunter liegende Glas aufgebracht. In der Dunkelheit bietet diese Tischleuchte einen sch\u00f6nen Lichteffekt, sobald das Licht durch das Mosaik scheint. Die schmale, hohe Form sorgt daf\u00fcr, dass diese Lampe auch auf schmaleren Fl\u00e4chen wie Fensterb\u00e4nken, Regalen usw. stehen kann.<\/p>\n<ul>\n<li>Gr\u00f6\u00dfe: 14x14x20cm hoch<\/li>\n<li>Fassung: E14, maximal 50 W<\/li>\n<li>Mit Schalter<\/li>\n<li>Gewicht: 1 kg<\/li>\n<li>Garantie: 1 Jahr<\/li>\n<li>Wird ohne Lampe geliefert<\/li>\n<li>Auch in unserem Gesch\u00e4ft ausgestellt<\/li>\n<\/ul>\n","protected":false},"excerpt":{"rendered":"<p>Mosaik-Lampe niedriges Modell in hellen Schirmen.<\/p>\n","protected":false},"featured_media":94420,"template":"","meta":{"_acf_changed":false,"_genesis_title":"","_genesis_description":""},"product_brand":[7505],"product_cat":[800,749,809,746],"product_tag":[],"class_list":{"0":"post-94426","1":"product","2":"type-product","3":"status-publish","4":"has-post-thumbnail","6":"product_brand-sonstige","7":"product_cat-glaskunst","8":"product_cat-glaslampen","10":"product_cat-stimmungsvolle-beleuchtung","12":"first","13":"instock","14":"sale","15":"taxable","16":"shipping-taxable","17":"purchasable","18":"product-type-simple"},"acf":[],"meta_all":{"total_sales":"2","wcml_sync_hash":{"postmeta_fields":"12e287dced104ce2ba6c0c3eb04b3f32"},"attr_label_translations":[],"cor_restricted_countries":[]},"meta_all_flat":{"total_sales":"2","wcml_sync_hash.postmeta_fields":"12e287dced104ce2ba6c0c3eb04b3f32"},"yoast_head":"<!-- This site is optimized with the Yoast SEO Premium plugin v26.2 (Yoast SEO v27.2) - https:\/\/yoast.com\/product\/yoast-seo-premium-wordpress\/ -->\n<title>Tischlampe Glasmosaik wei\u00df niedrig 14x14x20cm. - Eliassen Haus &amp; Garten<\/title>\n<meta name=\"description\" content=\"Suchen Sie eine sch\u00f6ne Mosaik-Stimmungslampe f\u00fcr Ihr Zimmer? Sie werden diese sch\u00f6ne Lampe in einem schmalen Modell sicher zu sch\u00e4tzen wissen. Sch\u00f6nes Licht und schnelle Lieferung.\" \/>\n<meta name=\"robots\" content=\"index, follow, max-snippet:-1, max-image-preview:large, max-video-preview:-1\" \/>\n<link rel=\"canonical\" href=\"https:\/\/www.eliassen.nl\/de\/tischleuchte-glasmosaik-weiss-niedrig-14x14x20cm\/\" \/>\n<meta property=\"og:locale\" content=\"de_DE\" \/>\n<meta property=\"og:type\" content=\"article\" \/>\n<meta property=\"og:title\" content=\"Sonstige Tischlampe Glasmosaik wei\u00df niedrig 14x14x20cm. - Eliassen.nl\" \/>\n<meta property=\"og:description\" content=\"Suchen Sie eine sch\u00f6ne Mosaik-Stimmungslampe f\u00fcr Ihr Zimmer? Sie werden diese sch\u00f6ne Lampe in einem schmalen Modell sicher zu sch\u00e4tzen wissen. Sch\u00f6nes Licht und schnelle Lieferung.\" \/>\n<meta property=\"og:url\" content=\"https:\/\/www.eliassen.nl\/de\/tischleuchte-glasmosaik-weiss-niedrig-14x14x20cm\/\" \/>\n<meta property=\"og:site_name\" content=\"Eliassen.nl\" \/>\n<meta property=\"article:publisher\" content=\"https:\/\/www.facebook.com\/TuincentrumEliassenAmmerzoden\" \/>\n<meta property=\"article:modified_time\" content=\"2026-02-09T19:59:38+00:00\" \/>\n<meta property=\"og:image\" content=\"https:\/\/www.eliassen.nl\/wp-content\/uploads\/2024\/01\/glazenlampwitmozaiekeliassennl.jpg\" \/>\n\t<meta property=\"og:image:width\" content=\"1536\" \/>\n\t<meta property=\"og:image:height\" content=\"2048\" \/>\n\t<meta property=\"og:image:type\" content=\"image\/jpeg\" \/>\n<meta name=\"twitter:card\" content=\"summary_large_image\" \/>\n<script type=\"application\/ld+json\" class=\"yoast-schema-graph\">{\"@context\":\"https:\/\/schema.org\",\"@graph\":[{\"@type\":\"WebPage\",\"@id\":\"https:\/\/www.eliassen.nl\/de\/tischleuchte-glasmosaik-weiss-niedrig-14x14x20cm\/\",\"url\":\"https:\/\/www.eliassen.nl\/de\/tischleuchte-glasmosaik-weiss-niedrig-14x14x20cm\/\",\"name\":\"Tischlampe Glasmosaik wei\u00df niedrig 14x14x20cm. - Eliassen Haus & Garten\",\"isPartOf\":{\"@id\":\"https:\/\/www.eliassen.nl\/de\/#website\"},\"primaryImageOfPage\":{\"@id\":\"https:\/\/www.eliassen.nl\/de\/tischleuchte-glasmosaik-weiss-niedrig-14x14x20cm\/#primaryimage\"},\"image\":{\"@id\":\"https:\/\/www.eliassen.nl\/de\/tischleuchte-glasmosaik-weiss-niedrig-14x14x20cm\/#primaryimage\"},\"thumbnailUrl\":\"https:\/\/www.eliassen.nl\/wp-content\/uploads\/2024\/01\/glazenlampwitmozaiekeliassennl.jpg\",\"datePublished\":\"2023-09-08T12:53:11+00:00\",\"dateModified\":\"2026-02-09T19:59:38+00:00\",\"description\":\"Suchen Sie eine sch\u00f6ne Mosaik-Stimmungslampe f\u00fcr Ihr Zimmer? Sie werden diese sch\u00f6ne Lampe in einem schmalen Modell sicher zu sch\u00e4tzen wissen. Sch\u00f6nes Licht und schnelle Lieferung.\",\"breadcrumb\":{\"@id\":\"https:\/\/www.eliassen.nl\/de\/tischleuchte-glasmosaik-weiss-niedrig-14x14x20cm\/#breadcrumb\"},\"inLanguage\":\"de\",\"potentialAction\":[{\"@type\":\"ReadAction\",\"target\":[\"https:\/\/www.eliassen.nl\/de\/tischleuchte-glasmosaik-weiss-niedrig-14x14x20cm\/\"]}]},{\"@type\":\"ImageObject\",\"inLanguage\":\"de\",\"@id\":\"https:\/\/www.eliassen.nl\/de\/tischleuchte-glasmosaik-weiss-niedrig-14x14x20cm\/#primaryimage\",\"url\":\"https:\/\/www.eliassen.nl\/wp-content\/uploads\/2024\/01\/glazenlampwitmozaiekeliassennl.jpg\",\"contentUrl\":\"https:\/\/www.eliassen.nl\/wp-content\/uploads\/2024\/01\/glazenlampwitmozaiekeliassennl.jpg\",\"width\":1536,\"height\":2048,\"caption\":\"Glaslampe wei\u00dfes Mosaik - Eliassen.nl\"},{\"@type\":\"BreadcrumbList\",\"@id\":\"https:\/\/www.eliassen.nl\/de\/tischleuchte-glasmosaik-weiss-niedrig-14x14x20cm\/#breadcrumb\",\"itemListElement\":[{\"@type\":\"ListItem\",\"position\":1,\"name\":\"Home\",\"item\":\"https:\/\/www.eliassen.nl\/de\/\"},{\"@type\":\"ListItem\",\"position\":2,\"name\":\"Shop\",\"item\":\"https:\/\/www.eliassen.nl\/de\/shop\/\"},{\"@type\":\"ListItem\",\"position\":3,\"name\":\"Stimmungsvolle Beleuchtung\",\"item\":\"https:\/\/www.eliassen.nl\/de\/stimmungsvolle-beleuchtung\/\"},{\"@type\":\"ListItem\",\"position\":4,\"name\":\"Glaslampen\",\"item\":\"https:\/\/www.eliassen.nl\/de\/stimmungsvolle-beleuchtung\/glaslampen\/\"},{\"@type\":\"ListItem\",\"position\":5,\"name\":\"Tischlampe Glasmosaik wei\u00df niedrig 14x14x20cm.\"}]},{\"@type\":\"WebSite\",\"@id\":\"https:\/\/www.eliassen.nl\/de\/#website\",\"url\":\"https:\/\/www.eliassen.nl\/de\/\",\"name\":\"Eliassen Home & Garden Pleasure\",\"description\":\"\",\"publisher\":{\"@id\":\"https:\/\/www.eliassen.nl\/de\/#organization\"},\"alternateName\":\"Eliassen.nl\",\"potentialAction\":[{\"@type\":\"SearchAction\",\"target\":{\"@type\":\"EntryPoint\",\"urlTemplate\":\"https:\/\/www.eliassen.nl\/de\/?s={search_term_string}\"},\"query-input\":{\"@type\":\"PropertyValueSpecification\",\"valueRequired\":true,\"valueName\":\"search_term_string\"}}],\"inLanguage\":\"de\"},{\"@type\":[\"Organization\",\"Place\"],\"@id\":\"https:\/\/www.eliassen.nl\/de\/#organization\",\"name\":\"Eliassen Home & Garden Pleasure\",\"url\":\"https:\/\/www.eliassen.nl\/de\/\",\"logo\":{\"@id\":\"https:\/\/www.eliassen.nl\/de\/tischleuchte-glasmosaik-weiss-niedrig-14x14x20cm\/#local-main-organization-logo\"},\"image\":{\"@id\":\"https:\/\/www.eliassen.nl\/de\/tischleuchte-glasmosaik-weiss-niedrig-14x14x20cm\/#local-main-organization-logo\"},\"sameAs\":[\"https:\/\/www.facebook.com\/TuincentrumEliassenAmmerzoden\",\"https:\/\/www.instagram.com\/eliassenhomeandgarden\/\",\"https:\/\/nl.pinterest.com\/eliassenhomeandgarden\/\",\"https:\/\/www.youtube.com\/@eliassenhomegardenpleasure4558\"],\"telephone\":[],\"openingHoursSpecification\":[{\"@type\":\"OpeningHoursSpecification\",\"dayOfWeek\":[\"Monday\",\"Tuesday\",\"Wednesday\",\"Thursday\",\"Friday\",\"Saturday\",\"Sunday\"],\"opens\":\"09:00\",\"closes\":\"17:00\"}]},{\"@type\":\"ImageObject\",\"inLanguage\":\"de\",\"@id\":\"https:\/\/www.eliassen.nl\/de\/tischleuchte-glasmosaik-weiss-niedrig-14x14x20cm\/#local-main-organization-logo\",\"url\":\"https:\/\/www.eliassen.nl\/wp-content\/uploads\/2024\/01\/logo_4nd.jpg\",\"contentUrl\":\"https:\/\/www.eliassen.nl\/wp-content\/uploads\/2024\/01\/logo_4nd.jpg\",\"width\":500,\"height\":500,\"caption\":\"Eliassen Home & Garden Pleasure\"}]}<\/script>\n<meta property=\"product:price:amount\" content=\"25.00\" \/>\n<meta property=\"product:price:currency\" content=\"EUR\" \/>\n<meta property=\"og:availability\" content=\"instock\" \/>\n<meta property=\"product:availability\" content=\"instock\" \/>\n<meta property=\"product:retailer_item_id\" content=\"M16w\" \/>\n<meta property=\"product:condition\" content=\"new\" \/>\n<!-- \/ Yoast SEO Premium plugin. -->","yoast_head_json":{"title":"Tischlampe Glasmosaik wei\u00df niedrig 14x14x20cm. - Eliassen Haus & Garten","description":"Suchen Sie eine sch\u00f6ne Mosaik-Stimmungslampe f\u00fcr Ihr Zimmer? Sie werden diese sch\u00f6ne Lampe in einem schmalen Modell sicher zu sch\u00e4tzen wissen. Sch\u00f6nes Licht und schnelle Lieferung.","robots":{"index":"index","follow":"follow","max-snippet":"max-snippet:-1","max-image-preview":"max-image-preview:large","max-video-preview":"max-video-preview:-1"},"canonical":"https:\/\/www.eliassen.nl\/de\/tischleuchte-glasmosaik-weiss-niedrig-14x14x20cm\/","og_locale":"de_DE","og_type":"article","og_title":"Sonstige Tischlampe Glasmosaik wei\u00df niedrig 14x14x20cm. - Eliassen.nl","og_description":"Suchen Sie eine sch\u00f6ne Mosaik-Stimmungslampe f\u00fcr Ihr Zimmer? Sie werden diese sch\u00f6ne Lampe in einem schmalen Modell sicher zu sch\u00e4tzen wissen. Sch\u00f6nes Licht und schnelle Lieferung.","og_url":"https:\/\/www.eliassen.nl\/de\/tischleuchte-glasmosaik-weiss-niedrig-14x14x20cm\/","og_site_name":"Eliassen.nl","article_publisher":"https:\/\/www.facebook.com\/TuincentrumEliassenAmmerzoden","article_modified_time":"2026-02-09T19:59:38+00:00","og_image":[{"width":1536,"height":2048,"url":"https:\/\/www.eliassen.nl\/wp-content\/uploads\/2024\/01\/glazenlampwitmozaiekeliassennl.jpg","type":"image\/jpeg"}],"twitter_card":"summary_large_image","schema":{"@context":"https:\/\/schema.org","@graph":[{"@type":"WebPage","@id":"https:\/\/www.eliassen.nl\/de\/tischleuchte-glasmosaik-weiss-niedrig-14x14x20cm\/","url":"https:\/\/www.eliassen.nl\/de\/tischleuchte-glasmosaik-weiss-niedrig-14x14x20cm\/","name":"Tischlampe Glasmosaik wei\u00df niedrig 14x14x20cm. - Eliassen Haus & Garten","isPartOf":{"@id":"https:\/\/www.eliassen.nl\/de\/#website"},"primaryImageOfPage":{"@id":"https:\/\/www.eliassen.nl\/de\/tischleuchte-glasmosaik-weiss-niedrig-14x14x20cm\/#primaryimage"},"image":{"@id":"https:\/\/www.eliassen.nl\/de\/tischleuchte-glasmosaik-weiss-niedrig-14x14x20cm\/#primaryimage"},"thumbnailUrl":"https:\/\/www.eliassen.nl\/wp-content\/uploads\/2024\/01\/glazenlampwitmozaiekeliassennl.jpg","datePublished":"2023-09-08T12:53:11+00:00","dateModified":"2026-02-09T19:59:38+00:00","description":"Suchen Sie eine sch\u00f6ne Mosaik-Stimmungslampe f\u00fcr Ihr Zimmer? Sie werden diese sch\u00f6ne Lampe in einem schmalen Modell sicher zu sch\u00e4tzen wissen. Sch\u00f6nes Licht und schnelle Lieferung.","breadcrumb":{"@id":"https:\/\/www.eliassen.nl\/de\/tischleuchte-glasmosaik-weiss-niedrig-14x14x20cm\/#breadcrumb"},"inLanguage":"de","potentialAction":[{"@type":"ReadAction","target":["https:\/\/www.eliassen.nl\/de\/tischleuchte-glasmosaik-weiss-niedrig-14x14x20cm\/"]}]},{"@type":"ImageObject","inLanguage":"de","@id":"https:\/\/www.eliassen.nl\/de\/tischleuchte-glasmosaik-weiss-niedrig-14x14x20cm\/#primaryimage","url":"https:\/\/www.eliassen.nl\/wp-content\/uploads\/2024\/01\/glazenlampwitmozaiekeliassennl.jpg","contentUrl":"https:\/\/www.eliassen.nl\/wp-content\/uploads\/2024\/01\/glazenlampwitmozaiekeliassennl.jpg","width":1536,"height":2048,"caption":"Glaslampe wei\u00dfes Mosaik - Eliassen.nl"},{"@type":"BreadcrumbList","@id":"https:\/\/www.eliassen.nl\/de\/tischleuchte-glasmosaik-weiss-niedrig-14x14x20cm\/#breadcrumb","itemListElement":[{"@type":"ListItem","position":1,"name":"Home","item":"https:\/\/www.eliassen.nl\/de\/"},{"@type":"ListItem","position":2,"name":"Shop","item":"https:\/\/www.eliassen.nl\/de\/shop\/"},{"@type":"ListItem","position":3,"name":"Stimmungsvolle Beleuchtung","item":"https:\/\/www.eliassen.nl\/de\/stimmungsvolle-beleuchtung\/"},{"@type":"ListItem","position":4,"name":"Glaslampen","item":"https:\/\/www.eliassen.nl\/de\/stimmungsvolle-beleuchtung\/glaslampen\/"},{"@type":"ListItem","position":5,"name":"Tischlampe Glasmosaik wei\u00df niedrig 14x14x20cm."}]},{"@type":"WebSite","@id":"https:\/\/www.eliassen.nl\/de\/#website","url":"https:\/\/www.eliassen.nl\/de\/","name":"Eliassen Home & Garden Pleasure","description":"","publisher":{"@id":"https:\/\/www.eliassen.nl\/de\/#organization"},"alternateName":"Eliassen.nl","potentialAction":[{"@type":"SearchAction","target":{"@type":"EntryPoint","urlTemplate":"https:\/\/www.eliassen.nl\/de\/?s={search_term_string}"},"query-input":{"@type":"PropertyValueSpecification","valueRequired":true,"valueName":"search_term_string"}}],"inLanguage":"de"},{"@type":["Organization","Place"],"@id":"https:\/\/www.eliassen.nl\/de\/#organization","name":"Eliassen Home & Garden Pleasure","url":"https:\/\/www.eliassen.nl\/de\/","logo":{"@id":"https:\/\/www.eliassen.nl\/de\/tischleuchte-glasmosaik-weiss-niedrig-14x14x20cm\/#local-main-organization-logo"},"image":{"@id":"https:\/\/www.eliassen.nl\/de\/tischleuchte-glasmosaik-weiss-niedrig-14x14x20cm\/#local-main-organization-logo"},"sameAs":["https:\/\/www.facebook.com\/TuincentrumEliassenAmmerzoden","https:\/\/www.instagram.com\/eliassenhomeandgarden\/","https:\/\/nl.pinterest.com\/eliassenhomeandgarden\/","https:\/\/www.youtube.com\/@eliassenhomegardenpleasure4558"],"telephone":[],"openingHoursSpecification":[{"@type":"OpeningHoursSpecification","dayOfWeek":["Monday","Tuesday","Wednesday","Thursday","Friday","Saturday","Sunday"],"opens":"09:00","closes":"17:00"}]},{"@type":"ImageObject","inLanguage":"de","@id":"https:\/\/www.eliassen.nl\/de\/tischleuchte-glasmosaik-weiss-niedrig-14x14x20cm\/#local-main-organization-logo","url":"https:\/\/www.eliassen.nl\/wp-content\/uploads\/2024\/01\/logo_4nd.jpg","contentUrl":"https:\/\/www.eliassen.nl\/wp-content\/uploads\/2024\/01\/logo_4nd.jpg","width":500,"height":500,"caption":"Eliassen Home & Garden Pleasure"}]},"product_price_amount":"25.00","product_price_currency":"EUR","og_availability":"instock","product_availability":"instock","product_retailer_item_id":"M16w","product_condition":"new"},"df_price":25,"df_sale_price":25,"df_regular_price":34.5,"df_image_link":"https:\/\/www.eliassen.nl\/wp-content\/uploads\/2024\/01\/glazenlampwitmozaiekeliassennl.jpg","image":"https:\/\/www.eliassen.nl\/wp-content\/uploads\/2024\/01\/glazenlampwitmozaiekeliassennl.jpg","price_search":"<span class=\"woocommerce-Price-amount amount\"><bdi><span class=\"woocommerce-Price-currencySymbol\">&euro;<\/span>&nbsp;25,00<\/bdi><\/span>","category":"Glaskunst","global_unique_id":"6096516393358","_links":{"self":[{"href":"https:\/\/www.eliassen.nl\/de\/wp-json\/wp\/v2\/product\/94426","targetHints":{"allow":["GET"]}}],"collection":[{"href":"https:\/\/www.eliassen.nl\/de\/wp-json\/wp\/v2\/product"}],"about":[{"href":"https:\/\/www.eliassen.nl\/de\/wp-json\/wp\/v2\/types\/product"}],"wp:featuredmedia":[{"embeddable":true,"href":"https:\/\/www.eliassen.nl\/de\/wp-json\/wp\/v2\/media\/94420"}],"wp:attachment":[{"href":"https:\/\/www.eliassen.nl\/de\/wp-json\/wp\/v2\/media?parent=94426"}],"wp:term":[{"taxonomy":"product_brand","embeddable":true,"href":"https:\/\/www.eliassen.nl\/de\/wp-json\/wp\/v2\/product_brand?post=94426"},{"taxonomy":"product_cat","embeddable":true,"href":"https:\/\/www.eliassen.nl\/de\/wp-json\/wp\/v2\/product_cat?post=94426"},{"taxonomy":"product_tag","embeddable":true,"href":"https:\/\/www.eliassen.nl\/de\/wp-json\/wp\/v2\/product_tag?post=94426"}],"curies":[{"name":"wp","href":"https:\/\/api.w.org\/{rel}","templated":true}]}}