{"id":94348,"date":"2023-09-06T16:23:41","date_gmt":"2023-09-06T16:23:41","guid":{"rendered":"https:\/\/www.eliassen.nl\/?product=copy-of-sokkel-hardsteen-geslepen-30x30x70cm"},"modified":"2026-01-16T14:47:20","modified_gmt":"2026-01-16T13:47:20","slug":"sockel-aus-geschliffenem-blaustein-35-x-35-x-80-cm","status":"publish","type":"product","link":"https:\/\/www.eliassen.nl\/de\/sockel-aus-geschliffenem-blaustein-35-x-35-x-80-cm\/","title":{"rendered":"Sockel blauer Stein geschliffen 35x35x80cm"},"content":{"rendered":"<\/p>\n<p>Bringen Sie pure Sch\u00f6nheit in Ihr Haus oder Ihren Garten mit dieser gro\u00dfen, modernen S\u00e4ule aus geschliffenem Blaustein, die mit facettierten Kanten versehen ist. Diese Serie von Sockeln ist f\u00fcr den Innen- und Au\u00dfenbereich geeignet. Sch\u00f6n in Kombination mit einem Topf oder einer Vase, aber auch f\u00fcr eine Statue, Sonnenuhr, etc.<\/p>\n<p><strong>Diese Serie k\u00f6nnen Sie sich auch in unserem Shop ansehen.<\/strong><\/p>\n<ul>\n<li>Gr\u00f6\u00dfe 35x35x80cm hoch<\/li>\n<li>Sehr stilvoll in schlichten modernen Innenr\u00e4umen und G\u00e4rten<\/li>\n<li>Frostbest\u00e4ndig: Ja  <\/li>\n<li>Maximale Belastung: 160 kg<\/li>\n<li>Material: Blaustein, 25 mm dick<\/li>\n<li>3 Jahre Garantie, externe Sch\u00e4den ausgeschlossen  <\/li>\n<\/ul>\n","protected":false},"excerpt":{"rendered":"<p>Moderne, schlanke, quadratische S\u00e4ule<\/p>\n","protected":false},"featured_media":94345,"template":"","meta":{"_acf_changed":false,"_genesis_title":"","_genesis_description":""},"product_brand":[6916],"product_cat":[782,785],"product_tag":[7300],"class_list":{"0":"post-94348","1":"product","2":"type-product","3":"status-publish","4":"has-post-thumbnail","6":"product_brand-eliassen-de","7":"product_cat-sockel","8":"product_cat-sockel-aus-naturstein","9":"product_tag-sockelstein","11":"first","12":"instock","13":"taxable","14":"shipping-taxable","15":"purchasable","16":"product-type-simple"},"acf":[],"meta_all":{"total_sales":"1","wcml_sync_hash":{"postmeta_fields":"7f514b5063d38c74786a92e80db4ed16"},"attr_label_translations":[]},"meta_all_flat":{"total_sales":"1","wcml_sync_hash.postmeta_fields":"7f514b5063d38c74786a92e80db4ed16"},"yoast_head":"<!-- This site is optimized with the Yoast SEO Premium plugin v26.2 (Yoast SEO v27.2) - https:\/\/yoast.com\/product\/yoast-seo-premium-wordpress\/ -->\n<title>Sockel blauer Stein geschliffen 35x35x80cm<\/title>\n<meta name=\"description\" content=\"Sockel 80cm. Hergestellt aus geschliffenem Blaustein, kommen Sie und schauen Sie sich das an!\" \/>\n<meta name=\"robots\" content=\"index, follow, max-snippet:-1, max-image-preview:large, max-video-preview:-1\" \/>\n<link rel=\"canonical\" href=\"https:\/\/www.eliassen.nl\/de\/sockel-aus-geschliffenem-blaustein-35-x-35-x-80-cm\/\" \/>\n<meta property=\"og:locale\" content=\"de_DE\" \/>\n<meta property=\"og:type\" content=\"article\" \/>\n<meta property=\"og:title\" content=\"Eliassen Sockel blauer Stein geschliffen 35x35x80cm - Eliassen.nl\" \/>\n<meta property=\"og:description\" content=\"Sockel 80cm. Hergestellt aus geschliffenem Blaustein, kommen Sie und schauen Sie sich das an!\" \/>\n<meta property=\"og:url\" content=\"https:\/\/www.eliassen.nl\/de\/sockel-aus-geschliffenem-blaustein-35-x-35-x-80-cm\/\" \/>\n<meta property=\"og:site_name\" content=\"Eliassen.nl\" \/>\n<meta property=\"article:publisher\" content=\"https:\/\/www.facebook.com\/TuincentrumEliassenAmmerzoden\" \/>\n<meta property=\"article:modified_time\" content=\"2026-01-16T13:47:20+00:00\" \/>\n<meta property=\"og:image\" content=\"https:\/\/www.eliassen.nl\/wp-content\/uploads\/2024\/01\/sokkelhardsteengeslepen35x35x80cmeliassennl.jpg\" \/>\n\t<meta property=\"og:image:width\" content=\"899\" \/>\n\t<meta property=\"og:image:height\" content=\"1599\" \/>\n\t<meta property=\"og:image:type\" content=\"image\/jpeg\" \/>\n<meta name=\"twitter:card\" content=\"summary_large_image\" \/>\n<script type=\"application\/ld+json\" class=\"yoast-schema-graph\">{\"@context\":\"https:\/\/schema.org\",\"@graph\":[{\"@type\":\"WebPage\",\"@id\":\"https:\/\/www.eliassen.nl\/de\/sockel-aus-geschliffenem-blaustein-35-x-35-x-80-cm\/\",\"url\":\"https:\/\/www.eliassen.nl\/de\/sockel-aus-geschliffenem-blaustein-35-x-35-x-80-cm\/\",\"name\":\"Sockel blauer Stein geschliffen 35x35x80cm\",\"isPartOf\":{\"@id\":\"https:\/\/www.eliassen.nl\/de\/#website\"},\"primaryImageOfPage\":{\"@id\":\"https:\/\/www.eliassen.nl\/de\/sockel-aus-geschliffenem-blaustein-35-x-35-x-80-cm\/#primaryimage\"},\"image\":{\"@id\":\"https:\/\/www.eliassen.nl\/de\/sockel-aus-geschliffenem-blaustein-35-x-35-x-80-cm\/#primaryimage\"},\"thumbnailUrl\":\"https:\/\/www.eliassen.nl\/wp-content\/uploads\/2024\/01\/sokkelhardsteengeslepen35x35x80cmeliassennl.jpg\",\"datePublished\":\"2023-09-06T16:23:41+00:00\",\"dateModified\":\"2026-01-16T13:47:20+00:00\",\"description\":\"Sockel 80cm. Hergestellt aus geschliffenem Blaustein, kommen Sie und schauen Sie sich das an!\",\"breadcrumb\":{\"@id\":\"https:\/\/www.eliassen.nl\/de\/sockel-aus-geschliffenem-blaustein-35-x-35-x-80-cm\/#breadcrumb\"},\"inLanguage\":\"de\",\"potentialAction\":[{\"@type\":\"ReadAction\",\"target\":[\"https:\/\/www.eliassen.nl\/de\/sockel-aus-geschliffenem-blaustein-35-x-35-x-80-cm\/\"]}]},{\"@type\":\"ImageObject\",\"inLanguage\":\"de\",\"@id\":\"https:\/\/www.eliassen.nl\/de\/sockel-aus-geschliffenem-blaustein-35-x-35-x-80-cm\/#primaryimage\",\"url\":\"https:\/\/www.eliassen.nl\/wp-content\/uploads\/2024\/01\/sokkelhardsteengeslepen35x35x80cmeliassennl.jpg\",\"contentUrl\":\"https:\/\/www.eliassen.nl\/wp-content\/uploads\/2024\/01\/sokkelhardsteengeslepen35x35x80cmeliassennl.jpg\",\"width\":899,\"height\":1599,\"caption\":\"Sockel Hartstein poliert 35x35x80cm eliassen.nl\"},{\"@type\":\"BreadcrumbList\",\"@id\":\"https:\/\/www.eliassen.nl\/de\/sockel-aus-geschliffenem-blaustein-35-x-35-x-80-cm\/#breadcrumb\",\"itemListElement\":[{\"@type\":\"ListItem\",\"position\":1,\"name\":\"Home\",\"item\":\"https:\/\/www.eliassen.nl\/de\/\"},{\"@type\":\"ListItem\",\"position\":2,\"name\":\"Shop\",\"item\":\"https:\/\/www.eliassen.nl\/de\/shop\/\"},{\"@type\":\"ListItem\",\"position\":3,\"name\":\"Sockel\",\"item\":\"https:\/\/www.eliassen.nl\/de\/sockel\/\"},{\"@type\":\"ListItem\",\"position\":4,\"name\":\"Sockel aus Naturstein\",\"item\":\"https:\/\/www.eliassen.nl\/de\/sockel\/sockel-aus-naturstein\/\"},{\"@type\":\"ListItem\",\"position\":5,\"name\":\"Sockel blauer Stein geschliffen 35x35x80cm\"}]},{\"@type\":\"WebSite\",\"@id\":\"https:\/\/www.eliassen.nl\/de\/#website\",\"url\":\"https:\/\/www.eliassen.nl\/de\/\",\"name\":\"Eliassen Home & Garden Pleasure\",\"description\":\"\",\"publisher\":{\"@id\":\"https:\/\/www.eliassen.nl\/de\/#organization\"},\"alternateName\":\"Eliassen.nl\",\"potentialAction\":[{\"@type\":\"SearchAction\",\"target\":{\"@type\":\"EntryPoint\",\"urlTemplate\":\"https:\/\/www.eliassen.nl\/de\/?s={search_term_string}\"},\"query-input\":{\"@type\":\"PropertyValueSpecification\",\"valueRequired\":true,\"valueName\":\"search_term_string\"}}],\"inLanguage\":\"de\"},{\"@type\":[\"Organization\",\"Place\"],\"@id\":\"https:\/\/www.eliassen.nl\/de\/#organization\",\"name\":\"Eliassen Home & Garden Pleasure\",\"url\":\"https:\/\/www.eliassen.nl\/de\/\",\"logo\":{\"@id\":\"https:\/\/www.eliassen.nl\/de\/sockel-aus-geschliffenem-blaustein-35-x-35-x-80-cm\/#local-main-organization-logo\"},\"image\":{\"@id\":\"https:\/\/www.eliassen.nl\/de\/sockel-aus-geschliffenem-blaustein-35-x-35-x-80-cm\/#local-main-organization-logo\"},\"sameAs\":[\"https:\/\/www.facebook.com\/TuincentrumEliassenAmmerzoden\",\"https:\/\/www.instagram.com\/eliassenhomeandgarden\/\",\"https:\/\/nl.pinterest.com\/eliassenhomeandgarden\/\",\"https:\/\/www.youtube.com\/@eliassenhomegardenpleasure4558\"],\"telephone\":[],\"openingHoursSpecification\":[{\"@type\":\"OpeningHoursSpecification\",\"dayOfWeek\":[\"Monday\",\"Tuesday\",\"Wednesday\",\"Thursday\",\"Friday\",\"Saturday\",\"Sunday\"],\"opens\":\"09:00\",\"closes\":\"17:00\"}]},{\"@type\":\"ImageObject\",\"inLanguage\":\"de\",\"@id\":\"https:\/\/www.eliassen.nl\/de\/sockel-aus-geschliffenem-blaustein-35-x-35-x-80-cm\/#local-main-organization-logo\",\"url\":\"https:\/\/www.eliassen.nl\/wp-content\/uploads\/2024\/01\/logo_4nd.jpg\",\"contentUrl\":\"https:\/\/www.eliassen.nl\/wp-content\/uploads\/2024\/01\/logo_4nd.jpg\",\"width\":500,\"height\":500,\"caption\":\"Eliassen Home & Garden Pleasure\"}]}<\/script>\n<meta property=\"product:price:amount\" content=\"340.00\" \/>\n<meta property=\"product:price:currency\" content=\"EUR\" \/>\n<meta property=\"og:availability\" content=\"instock\" \/>\n<meta property=\"product:availability\" content=\"instock\" \/>\n<meta property=\"product:retailer_item_id\" content=\"blauwsteen353580\" \/>\n<meta property=\"product:condition\" content=\"new\" \/>\n<!-- \/ Yoast SEO Premium plugin. -->","yoast_head_json":{"title":"Sockel blauer Stein geschliffen 35x35x80cm","description":"Sockel 80cm. Hergestellt aus geschliffenem Blaustein, kommen Sie und schauen Sie sich das an!","robots":{"index":"index","follow":"follow","max-snippet":"max-snippet:-1","max-image-preview":"max-image-preview:large","max-video-preview":"max-video-preview:-1"},"canonical":"https:\/\/www.eliassen.nl\/de\/sockel-aus-geschliffenem-blaustein-35-x-35-x-80-cm\/","og_locale":"de_DE","og_type":"article","og_title":"Eliassen Sockel blauer Stein geschliffen 35x35x80cm - Eliassen.nl","og_description":"Sockel 80cm. Hergestellt aus geschliffenem Blaustein, kommen Sie und schauen Sie sich das an!","og_url":"https:\/\/www.eliassen.nl\/de\/sockel-aus-geschliffenem-blaustein-35-x-35-x-80-cm\/","og_site_name":"Eliassen.nl","article_publisher":"https:\/\/www.facebook.com\/TuincentrumEliassenAmmerzoden","article_modified_time":"2026-01-16T13:47:20+00:00","og_image":[{"width":899,"height":1599,"url":"https:\/\/www.eliassen.nl\/wp-content\/uploads\/2024\/01\/sokkelhardsteengeslepen35x35x80cmeliassennl.jpg","type":"image\/jpeg"}],"twitter_card":"summary_large_image","schema":{"@context":"https:\/\/schema.org","@graph":[{"@type":"WebPage","@id":"https:\/\/www.eliassen.nl\/de\/sockel-aus-geschliffenem-blaustein-35-x-35-x-80-cm\/","url":"https:\/\/www.eliassen.nl\/de\/sockel-aus-geschliffenem-blaustein-35-x-35-x-80-cm\/","name":"Sockel blauer Stein geschliffen 35x35x80cm","isPartOf":{"@id":"https:\/\/www.eliassen.nl\/de\/#website"},"primaryImageOfPage":{"@id":"https:\/\/www.eliassen.nl\/de\/sockel-aus-geschliffenem-blaustein-35-x-35-x-80-cm\/#primaryimage"},"image":{"@id":"https:\/\/www.eliassen.nl\/de\/sockel-aus-geschliffenem-blaustein-35-x-35-x-80-cm\/#primaryimage"},"thumbnailUrl":"https:\/\/www.eliassen.nl\/wp-content\/uploads\/2024\/01\/sokkelhardsteengeslepen35x35x80cmeliassennl.jpg","datePublished":"2023-09-06T16:23:41+00:00","dateModified":"2026-01-16T13:47:20+00:00","description":"Sockel 80cm. Hergestellt aus geschliffenem Blaustein, kommen Sie und schauen Sie sich das an!","breadcrumb":{"@id":"https:\/\/www.eliassen.nl\/de\/sockel-aus-geschliffenem-blaustein-35-x-35-x-80-cm\/#breadcrumb"},"inLanguage":"de","potentialAction":[{"@type":"ReadAction","target":["https:\/\/www.eliassen.nl\/de\/sockel-aus-geschliffenem-blaustein-35-x-35-x-80-cm\/"]}]},{"@type":"ImageObject","inLanguage":"de","@id":"https:\/\/www.eliassen.nl\/de\/sockel-aus-geschliffenem-blaustein-35-x-35-x-80-cm\/#primaryimage","url":"https:\/\/www.eliassen.nl\/wp-content\/uploads\/2024\/01\/sokkelhardsteengeslepen35x35x80cmeliassennl.jpg","contentUrl":"https:\/\/www.eliassen.nl\/wp-content\/uploads\/2024\/01\/sokkelhardsteengeslepen35x35x80cmeliassennl.jpg","width":899,"height":1599,"caption":"Sockel Hartstein poliert 35x35x80cm eliassen.nl"},{"@type":"BreadcrumbList","@id":"https:\/\/www.eliassen.nl\/de\/sockel-aus-geschliffenem-blaustein-35-x-35-x-80-cm\/#breadcrumb","itemListElement":[{"@type":"ListItem","position":1,"name":"Home","item":"https:\/\/www.eliassen.nl\/de\/"},{"@type":"ListItem","position":2,"name":"Shop","item":"https:\/\/www.eliassen.nl\/de\/shop\/"},{"@type":"ListItem","position":3,"name":"Sockel","item":"https:\/\/www.eliassen.nl\/de\/sockel\/"},{"@type":"ListItem","position":4,"name":"Sockel aus Naturstein","item":"https:\/\/www.eliassen.nl\/de\/sockel\/sockel-aus-naturstein\/"},{"@type":"ListItem","position":5,"name":"Sockel blauer Stein geschliffen 35x35x80cm"}]},{"@type":"WebSite","@id":"https:\/\/www.eliassen.nl\/de\/#website","url":"https:\/\/www.eliassen.nl\/de\/","name":"Eliassen Home & Garden Pleasure","description":"","publisher":{"@id":"https:\/\/www.eliassen.nl\/de\/#organization"},"alternateName":"Eliassen.nl","potentialAction":[{"@type":"SearchAction","target":{"@type":"EntryPoint","urlTemplate":"https:\/\/www.eliassen.nl\/de\/?s={search_term_string}"},"query-input":{"@type":"PropertyValueSpecification","valueRequired":true,"valueName":"search_term_string"}}],"inLanguage":"de"},{"@type":["Organization","Place"],"@id":"https:\/\/www.eliassen.nl\/de\/#organization","name":"Eliassen Home & Garden Pleasure","url":"https:\/\/www.eliassen.nl\/de\/","logo":{"@id":"https:\/\/www.eliassen.nl\/de\/sockel-aus-geschliffenem-blaustein-35-x-35-x-80-cm\/#local-main-organization-logo"},"image":{"@id":"https:\/\/www.eliassen.nl\/de\/sockel-aus-geschliffenem-blaustein-35-x-35-x-80-cm\/#local-main-organization-logo"},"sameAs":["https:\/\/www.facebook.com\/TuincentrumEliassenAmmerzoden","https:\/\/www.instagram.com\/eliassenhomeandgarden\/","https:\/\/nl.pinterest.com\/eliassenhomeandgarden\/","https:\/\/www.youtube.com\/@eliassenhomegardenpleasure4558"],"telephone":[],"openingHoursSpecification":[{"@type":"OpeningHoursSpecification","dayOfWeek":["Monday","Tuesday","Wednesday","Thursday","Friday","Saturday","Sunday"],"opens":"09:00","closes":"17:00"}]},{"@type":"ImageObject","inLanguage":"de","@id":"https:\/\/www.eliassen.nl\/de\/sockel-aus-geschliffenem-blaustein-35-x-35-x-80-cm\/#local-main-organization-logo","url":"https:\/\/www.eliassen.nl\/wp-content\/uploads\/2024\/01\/logo_4nd.jpg","contentUrl":"https:\/\/www.eliassen.nl\/wp-content\/uploads\/2024\/01\/logo_4nd.jpg","width":500,"height":500,"caption":"Eliassen Home & Garden Pleasure"}]},"product_price_amount":"340.00","product_price_currency":"EUR","og_availability":"instock","product_availability":"instock","product_retailer_item_id":"blauwsteen353580","product_condition":"new"},"df_price":340,"df_sale_price":"","df_regular_price":340,"df_image_link":"https:\/\/www.eliassen.nl\/wp-content\/uploads\/2024\/01\/sokkelhardsteengeslepen35x35x80cmeliassennl.jpg","image":"https:\/\/www.eliassen.nl\/wp-content\/uploads\/2024\/01\/sokkelhardsteengeslepen35x35x80cmeliassennl.jpg","price_search":"<span class=\"woocommerce-Price-amount amount\"><bdi><span class=\"woocommerce-Price-currencySymbol\">&euro;<\/span>&nbsp;340,00<\/bdi><\/span>","category":"Sockel","global_unique_id":"6096521481491","_links":{"self":[{"href":"https:\/\/www.eliassen.nl\/de\/wp-json\/wp\/v2\/product\/94348","targetHints":{"allow":["GET"]}}],"collection":[{"href":"https:\/\/www.eliassen.nl\/de\/wp-json\/wp\/v2\/product"}],"about":[{"href":"https:\/\/www.eliassen.nl\/de\/wp-json\/wp\/v2\/types\/product"}],"wp:featuredmedia":[{"embeddable":true,"href":"https:\/\/www.eliassen.nl\/de\/wp-json\/wp\/v2\/media\/94345"}],"wp:attachment":[{"href":"https:\/\/www.eliassen.nl\/de\/wp-json\/wp\/v2\/media?parent=94348"}],"wp:term":[{"taxonomy":"product_brand","embeddable":true,"href":"https:\/\/www.eliassen.nl\/de\/wp-json\/wp\/v2\/product_brand?post=94348"},{"taxonomy":"product_cat","embeddable":true,"href":"https:\/\/www.eliassen.nl\/de\/wp-json\/wp\/v2\/product_cat?post=94348"},{"taxonomy":"product_tag","embeddable":true,"href":"https:\/\/www.eliassen.nl\/de\/wp-json\/wp\/v2\/product_tag?post=94348"}],"curies":[{"name":"wp","href":"https:\/\/api.w.org\/{rel}","templated":true}]}}