{"id":94141,"date":"2023-08-30T15:02:33","date_gmt":"2023-08-30T15:02:33","guid":{"rendered":"https:\/\/www.eliassen.nl\/?product=metalen-3d-schilderij-rode-motor-route-66-80x120cm"},"modified":"2026-01-07T13:30:40","modified_gmt":"2026-01-07T12:30:40","slug":"3d-gemalde-aus-metall-rote-lokomotive-route-66-80x120cm","status":"publish","type":"product","link":"https:\/\/www.eliassen.nl\/de\/3d-gemalde-aus-metall-rote-lokomotive-route-66-80x120cm\/","title":{"rendered":"Metall 3d Gem\u00e4lde Rotes Motorrad Route 66 80x120cm."},"content":{"rendered":"<p>Ein wundersch\u00f6nes 3D-Metallbild, das ein rotes Motorrad darstellt. Es wurde aus einzelnen Metallst\u00fccken gefertigt, die f\u00fcr einen optimalen 3D-Effekt von Hand zusammengeschwei\u00dft wurden. Ein sch\u00f6nes St\u00fcck Wanddekoration f\u00fcr Ihr Zuhause, drau\u00dfen unter einem Vordach oder in Ihrem Gesch\u00e4ft. Die Farben und das allgemeine Erscheinungsbild k\u00f6nnen vom Foto abweichen, da der gesamte Artikel von Menschenhand gefertigt wurde.<\/p>\n<p><strong>Nahezu alle Metallbilder dieser Serie k\u00f6nnen Sie auch live in unserem Gesch\u00e4ft besichtigen, ein Sortiment von ca. 400 Metallbildern !!!<\/strong><\/p>\n<ul>\n<li>Gr\u00f6\u00dfe: 80&#215;120 cm hoch<\/li>\n<li>Material: lackiertes Metall<\/li>\n<li>Einfach mit 2 Schrauben aufzuh\u00e4ngen<\/li>\n<li>Nur f\u00fcr drinnen oder drau\u00dfen unter Schutz<\/li>\n<li>Garantie 1 Jahr<\/li>\n<\/ul>\n","protected":false},"excerpt":{"rendered":"<p>Sch\u00f6nes 3D-Gem\u00e4lde aus Metall mit den Ma\u00dfen 80x120cm.<\/p>\n","protected":false},"featured_media":94135,"template":"","meta":{"_acf_changed":false,"_genesis_title":"","_genesis_description":""},"product_brand":[7505],"product_cat":[419,434,410],"product_tag":[],"class_list":{"0":"post-94141","1":"product","2":"type-product","3":"status-publish","4":"has-post-thumbnail","6":"product_brand-sonstige","7":"product_cat-3d-gemaelde-aus-metall","8":"product_cat-3d-gemaelde-aus-metall-im-format-80x120cm","9":"product_cat-gemaelde","11":"first","12":"instock","13":"taxable","14":"shipping-taxable","15":"purchasable","16":"product-type-simple"},"acf":[],"meta_all":{"total_sales":"1","wcml_sync_hash":{"postmeta_fields":"086dc19ba84736a8a97f819f9462f833"},"attr_label_translations":[],"cor_restricted_countries":[]},"meta_all_flat":{"total_sales":"1","wcml_sync_hash.postmeta_fields":"086dc19ba84736a8a97f819f9462f833"},"yoast_head":"<!-- This site is optimized with the Yoast SEO Premium plugin v26.2 (Yoast SEO v27.2) - https:\/\/yoast.com\/product\/yoast-seo-premium-wordpress\/ -->\n<title>Metall 3d Gem\u00e4lde Rotes Motorrad Route 66 80x120cm.<\/title>\n<meta name=\"description\" content=\"Auf der Suche nach einem coolen 3d-Gem\u00e4lde aus Metall. Dieses sch\u00f6ne Gem\u00e4lde wird an Ihrer Wand k\u00fchn und farbenfroh aussehen. M\u00f6chten Sie diese Maschine an der Wand haben? Schnelle Lieferung\" \/>\n<meta name=\"robots\" content=\"index, follow, max-snippet:-1, max-image-preview:large, max-video-preview:-1\" \/>\n<link rel=\"canonical\" href=\"https:\/\/www.eliassen.nl\/de\/3d-gemalde-aus-metall-rote-lokomotive-route-66-80x120cm\/\" \/>\n<meta property=\"og:locale\" content=\"de_DE\" \/>\n<meta property=\"og:type\" content=\"article\" \/>\n<meta property=\"og:title\" content=\"Sonstige Metall 3d Gem\u00e4lde Rotes Motorrad Route 66 80x120cm. - Eliassen.nl\" \/>\n<meta property=\"og:description\" content=\"Auf der Suche nach einem coolen 3d-Gem\u00e4lde aus Metall. Dieses sch\u00f6ne Gem\u00e4lde wird an Ihrer Wand k\u00fchn und farbenfroh aussehen. M\u00f6chten Sie diese Maschine an der Wand haben? Schnelle Lieferung\" \/>\n<meta property=\"og:url\" content=\"https:\/\/www.eliassen.nl\/de\/3d-gemalde-aus-metall-rote-lokomotive-route-66-80x120cm\/\" \/>\n<meta property=\"og:site_name\" content=\"Eliassen.nl\" \/>\n<meta property=\"article:publisher\" content=\"https:\/\/www.facebook.com\/TuincentrumEliassenAmmerzoden\" \/>\n<meta property=\"article:modified_time\" content=\"2026-01-07T12:30:40+00:00\" \/>\n<meta property=\"og:image\" content=\"https:\/\/www.eliassen.nl\/wp-content\/uploads\/2024\/01\/metalen3dschilderijrodemotorroute6680x120cm.jpg\" \/>\n\t<meta property=\"og:image:width\" content=\"2048\" \/>\n\t<meta property=\"og:image:height\" content=\"1536\" \/>\n\t<meta property=\"og:image:type\" content=\"image\/jpeg\" \/>\n<meta name=\"twitter:card\" content=\"summary_large_image\" \/>\n<script type=\"application\/ld+json\" class=\"yoast-schema-graph\">{\"@context\":\"https:\/\/schema.org\",\"@graph\":[{\"@type\":\"WebPage\",\"@id\":\"https:\/\/www.eliassen.nl\/de\/3d-gemalde-aus-metall-rote-lokomotive-route-66-80x120cm\/\",\"url\":\"https:\/\/www.eliassen.nl\/de\/3d-gemalde-aus-metall-rote-lokomotive-route-66-80x120cm\/\",\"name\":\"Metall 3d Gem\u00e4lde Rotes Motorrad Route 66 80x120cm.\",\"isPartOf\":{\"@id\":\"https:\/\/www.eliassen.nl\/de\/#website\"},\"primaryImageOfPage\":{\"@id\":\"https:\/\/www.eliassen.nl\/de\/3d-gemalde-aus-metall-rote-lokomotive-route-66-80x120cm\/#primaryimage\"},\"image\":{\"@id\":\"https:\/\/www.eliassen.nl\/de\/3d-gemalde-aus-metall-rote-lokomotive-route-66-80x120cm\/#primaryimage\"},\"thumbnailUrl\":\"https:\/\/www.eliassen.nl\/wp-content\/uploads\/2024\/01\/metalen3dschilderijrodemotorroute6680x120cm.jpg\",\"datePublished\":\"2023-08-30T15:02:33+00:00\",\"dateModified\":\"2026-01-07T12:30:40+00:00\",\"description\":\"Auf der Suche nach einem coolen 3d-Gem\u00e4lde aus Metall. Dieses sch\u00f6ne Gem\u00e4lde wird an Ihrer Wand k\u00fchn und farbenfroh aussehen. M\u00f6chten Sie diese Maschine an der Wand haben? Schnelle Lieferung\",\"breadcrumb\":{\"@id\":\"https:\/\/www.eliassen.nl\/de\/3d-gemalde-aus-metall-rote-lokomotive-route-66-80x120cm\/#breadcrumb\"},\"inLanguage\":\"de\",\"potentialAction\":[{\"@type\":\"ReadAction\",\"target\":[\"https:\/\/www.eliassen.nl\/de\/3d-gemalde-aus-metall-rote-lokomotive-route-66-80x120cm\/\"]}]},{\"@type\":\"ImageObject\",\"inLanguage\":\"de\",\"@id\":\"https:\/\/www.eliassen.nl\/de\/3d-gemalde-aus-metall-rote-lokomotive-route-66-80x120cm\/#primaryimage\",\"url\":\"https:\/\/www.eliassen.nl\/wp-content\/uploads\/2024\/01\/metalen3dschilderijrodemotorroute6680x120cm.jpg\",\"contentUrl\":\"https:\/\/www.eliassen.nl\/wp-content\/uploads\/2024\/01\/metalen3dschilderijrodemotorroute6680x120cm.jpg\",\"width\":2048,\"height\":1536,\"caption\":\"Metall 3d Gem\u00e4lde Rotes Motorrad Route 66 80x120cm. eliassen.co.uk\"},{\"@type\":\"BreadcrumbList\",\"@id\":\"https:\/\/www.eliassen.nl\/de\/3d-gemalde-aus-metall-rote-lokomotive-route-66-80x120cm\/#breadcrumb\",\"itemListElement\":[{\"@type\":\"ListItem\",\"position\":1,\"name\":\"Home\",\"item\":\"https:\/\/www.eliassen.nl\/de\/\"},{\"@type\":\"ListItem\",\"position\":2,\"name\":\"Shop\",\"item\":\"https:\/\/www.eliassen.nl\/de\/shop\/\"},{\"@type\":\"ListItem\",\"position\":3,\"name\":\"Gem\u00e4lde\",\"item\":\"https:\/\/www.eliassen.nl\/de\/gemaelde\/\"},{\"@type\":\"ListItem\",\"position\":4,\"name\":\"3D Gem\u00e4lde aus Metall\",\"item\":\"https:\/\/www.eliassen.nl\/de\/gemaelde\/3d-gemaelde-aus-metall\/\"},{\"@type\":\"ListItem\",\"position\":5,\"name\":\"3D Gem\u00e4lde aus Metall 80x120 cm\",\"item\":\"https:\/\/www.eliassen.nl\/de\/gemaelde\/3d-gemaelde-aus-metall\/3d-gemaelde-aus-metall-im-format-80x120cm\/\"},{\"@type\":\"ListItem\",\"position\":6,\"name\":\"Metall 3d Gem\u00e4lde Rotes Motorrad Route 66 80x120cm.\"}]},{\"@type\":\"WebSite\",\"@id\":\"https:\/\/www.eliassen.nl\/de\/#website\",\"url\":\"https:\/\/www.eliassen.nl\/de\/\",\"name\":\"Eliassen Home & Garden Pleasure\",\"description\":\"\",\"publisher\":{\"@id\":\"https:\/\/www.eliassen.nl\/de\/#organization\"},\"alternateName\":\"Eliassen.nl\",\"potentialAction\":[{\"@type\":\"SearchAction\",\"target\":{\"@type\":\"EntryPoint\",\"urlTemplate\":\"https:\/\/www.eliassen.nl\/de\/?s={search_term_string}\"},\"query-input\":{\"@type\":\"PropertyValueSpecification\",\"valueRequired\":true,\"valueName\":\"search_term_string\"}}],\"inLanguage\":\"de\"},{\"@type\":[\"Organization\",\"Place\"],\"@id\":\"https:\/\/www.eliassen.nl\/de\/#organization\",\"name\":\"Eliassen Home & Garden Pleasure\",\"url\":\"https:\/\/www.eliassen.nl\/de\/\",\"logo\":{\"@id\":\"https:\/\/www.eliassen.nl\/de\/3d-gemalde-aus-metall-rote-lokomotive-route-66-80x120cm\/#local-main-organization-logo\"},\"image\":{\"@id\":\"https:\/\/www.eliassen.nl\/de\/3d-gemalde-aus-metall-rote-lokomotive-route-66-80x120cm\/#local-main-organization-logo\"},\"sameAs\":[\"https:\/\/www.facebook.com\/TuincentrumEliassenAmmerzoden\",\"https:\/\/www.instagram.com\/eliassenhomeandgarden\/\",\"https:\/\/nl.pinterest.com\/eliassenhomeandgarden\/\",\"https:\/\/www.youtube.com\/@eliassenhomegardenpleasure4558\"],\"telephone\":[],\"openingHoursSpecification\":[{\"@type\":\"OpeningHoursSpecification\",\"dayOfWeek\":[\"Monday\",\"Tuesday\",\"Wednesday\",\"Thursday\",\"Friday\",\"Saturday\",\"Sunday\"],\"opens\":\"09:00\",\"closes\":\"17:00\"}]},{\"@type\":\"ImageObject\",\"inLanguage\":\"de\",\"@id\":\"https:\/\/www.eliassen.nl\/de\/3d-gemalde-aus-metall-rote-lokomotive-route-66-80x120cm\/#local-main-organization-logo\",\"url\":\"https:\/\/www.eliassen.nl\/wp-content\/uploads\/2024\/01\/logo_4nd.jpg\",\"contentUrl\":\"https:\/\/www.eliassen.nl\/wp-content\/uploads\/2024\/01\/logo_4nd.jpg\",\"width\":500,\"height\":500,\"caption\":\"Eliassen Home & Garden Pleasure\"}]}<\/script>\n<meta property=\"product:price:amount\" content=\"199.00\" \/>\n<meta property=\"product:price:currency\" content=\"EUR\" \/>\n<meta property=\"og:availability\" content=\"instock\" \/>\n<meta property=\"product:availability\" content=\"instock\" \/>\n<meta property=\"product:retailer_item_id\" content=\"340057\" \/>\n<meta property=\"product:condition\" content=\"new\" \/>\n<!-- \/ Yoast SEO Premium plugin. -->","yoast_head_json":{"title":"Metall 3d Gem\u00e4lde Rotes Motorrad Route 66 80x120cm.","description":"Auf der Suche nach einem coolen 3d-Gem\u00e4lde aus Metall. Dieses sch\u00f6ne Gem\u00e4lde wird an Ihrer Wand k\u00fchn und farbenfroh aussehen. M\u00f6chten Sie diese Maschine an der Wand haben? Schnelle Lieferung","robots":{"index":"index","follow":"follow","max-snippet":"max-snippet:-1","max-image-preview":"max-image-preview:large","max-video-preview":"max-video-preview:-1"},"canonical":"https:\/\/www.eliassen.nl\/de\/3d-gemalde-aus-metall-rote-lokomotive-route-66-80x120cm\/","og_locale":"de_DE","og_type":"article","og_title":"Sonstige Metall 3d Gem\u00e4lde Rotes Motorrad Route 66 80x120cm. - Eliassen.nl","og_description":"Auf der Suche nach einem coolen 3d-Gem\u00e4lde aus Metall. Dieses sch\u00f6ne Gem\u00e4lde wird an Ihrer Wand k\u00fchn und farbenfroh aussehen. M\u00f6chten Sie diese Maschine an der Wand haben? Schnelle Lieferung","og_url":"https:\/\/www.eliassen.nl\/de\/3d-gemalde-aus-metall-rote-lokomotive-route-66-80x120cm\/","og_site_name":"Eliassen.nl","article_publisher":"https:\/\/www.facebook.com\/TuincentrumEliassenAmmerzoden","article_modified_time":"2026-01-07T12:30:40+00:00","og_image":[{"width":2048,"height":1536,"url":"https:\/\/www.eliassen.nl\/wp-content\/uploads\/2024\/01\/metalen3dschilderijrodemotorroute6680x120cm.jpg","type":"image\/jpeg"}],"twitter_card":"summary_large_image","schema":{"@context":"https:\/\/schema.org","@graph":[{"@type":"WebPage","@id":"https:\/\/www.eliassen.nl\/de\/3d-gemalde-aus-metall-rote-lokomotive-route-66-80x120cm\/","url":"https:\/\/www.eliassen.nl\/de\/3d-gemalde-aus-metall-rote-lokomotive-route-66-80x120cm\/","name":"Metall 3d Gem\u00e4lde Rotes Motorrad Route 66 80x120cm.","isPartOf":{"@id":"https:\/\/www.eliassen.nl\/de\/#website"},"primaryImageOfPage":{"@id":"https:\/\/www.eliassen.nl\/de\/3d-gemalde-aus-metall-rote-lokomotive-route-66-80x120cm\/#primaryimage"},"image":{"@id":"https:\/\/www.eliassen.nl\/de\/3d-gemalde-aus-metall-rote-lokomotive-route-66-80x120cm\/#primaryimage"},"thumbnailUrl":"https:\/\/www.eliassen.nl\/wp-content\/uploads\/2024\/01\/metalen3dschilderijrodemotorroute6680x120cm.jpg","datePublished":"2023-08-30T15:02:33+00:00","dateModified":"2026-01-07T12:30:40+00:00","description":"Auf der Suche nach einem coolen 3d-Gem\u00e4lde aus Metall. Dieses sch\u00f6ne Gem\u00e4lde wird an Ihrer Wand k\u00fchn und farbenfroh aussehen. M\u00f6chten Sie diese Maschine an der Wand haben? Schnelle Lieferung","breadcrumb":{"@id":"https:\/\/www.eliassen.nl\/de\/3d-gemalde-aus-metall-rote-lokomotive-route-66-80x120cm\/#breadcrumb"},"inLanguage":"de","potentialAction":[{"@type":"ReadAction","target":["https:\/\/www.eliassen.nl\/de\/3d-gemalde-aus-metall-rote-lokomotive-route-66-80x120cm\/"]}]},{"@type":"ImageObject","inLanguage":"de","@id":"https:\/\/www.eliassen.nl\/de\/3d-gemalde-aus-metall-rote-lokomotive-route-66-80x120cm\/#primaryimage","url":"https:\/\/www.eliassen.nl\/wp-content\/uploads\/2024\/01\/metalen3dschilderijrodemotorroute6680x120cm.jpg","contentUrl":"https:\/\/www.eliassen.nl\/wp-content\/uploads\/2024\/01\/metalen3dschilderijrodemotorroute6680x120cm.jpg","width":2048,"height":1536,"caption":"Metall 3d Gem\u00e4lde Rotes Motorrad Route 66 80x120cm. eliassen.co.uk"},{"@type":"BreadcrumbList","@id":"https:\/\/www.eliassen.nl\/de\/3d-gemalde-aus-metall-rote-lokomotive-route-66-80x120cm\/#breadcrumb","itemListElement":[{"@type":"ListItem","position":1,"name":"Home","item":"https:\/\/www.eliassen.nl\/de\/"},{"@type":"ListItem","position":2,"name":"Shop","item":"https:\/\/www.eliassen.nl\/de\/shop\/"},{"@type":"ListItem","position":3,"name":"Gem\u00e4lde","item":"https:\/\/www.eliassen.nl\/de\/gemaelde\/"},{"@type":"ListItem","position":4,"name":"3D Gem\u00e4lde aus Metall","item":"https:\/\/www.eliassen.nl\/de\/gemaelde\/3d-gemaelde-aus-metall\/"},{"@type":"ListItem","position":5,"name":"3D Gem\u00e4lde aus Metall 80x120 cm","item":"https:\/\/www.eliassen.nl\/de\/gemaelde\/3d-gemaelde-aus-metall\/3d-gemaelde-aus-metall-im-format-80x120cm\/"},{"@type":"ListItem","position":6,"name":"Metall 3d Gem\u00e4lde Rotes Motorrad Route 66 80x120cm."}]},{"@type":"WebSite","@id":"https:\/\/www.eliassen.nl\/de\/#website","url":"https:\/\/www.eliassen.nl\/de\/","name":"Eliassen Home & Garden Pleasure","description":"","publisher":{"@id":"https:\/\/www.eliassen.nl\/de\/#organization"},"alternateName":"Eliassen.nl","potentialAction":[{"@type":"SearchAction","target":{"@type":"EntryPoint","urlTemplate":"https:\/\/www.eliassen.nl\/de\/?s={search_term_string}"},"query-input":{"@type":"PropertyValueSpecification","valueRequired":true,"valueName":"search_term_string"}}],"inLanguage":"de"},{"@type":["Organization","Place"],"@id":"https:\/\/www.eliassen.nl\/de\/#organization","name":"Eliassen Home & Garden Pleasure","url":"https:\/\/www.eliassen.nl\/de\/","logo":{"@id":"https:\/\/www.eliassen.nl\/de\/3d-gemalde-aus-metall-rote-lokomotive-route-66-80x120cm\/#local-main-organization-logo"},"image":{"@id":"https:\/\/www.eliassen.nl\/de\/3d-gemalde-aus-metall-rote-lokomotive-route-66-80x120cm\/#local-main-organization-logo"},"sameAs":["https:\/\/www.facebook.com\/TuincentrumEliassenAmmerzoden","https:\/\/www.instagram.com\/eliassenhomeandgarden\/","https:\/\/nl.pinterest.com\/eliassenhomeandgarden\/","https:\/\/www.youtube.com\/@eliassenhomegardenpleasure4558"],"telephone":[],"openingHoursSpecification":[{"@type":"OpeningHoursSpecification","dayOfWeek":["Monday","Tuesday","Wednesday","Thursday","Friday","Saturday","Sunday"],"opens":"09:00","closes":"17:00"}]},{"@type":"ImageObject","inLanguage":"de","@id":"https:\/\/www.eliassen.nl\/de\/3d-gemalde-aus-metall-rote-lokomotive-route-66-80x120cm\/#local-main-organization-logo","url":"https:\/\/www.eliassen.nl\/wp-content\/uploads\/2024\/01\/logo_4nd.jpg","contentUrl":"https:\/\/www.eliassen.nl\/wp-content\/uploads\/2024\/01\/logo_4nd.jpg","width":500,"height":500,"caption":"Eliassen Home & Garden Pleasure"}]},"product_price_amount":"199.00","product_price_currency":"EUR","og_availability":"instock","product_availability":"instock","product_retailer_item_id":"340057","product_condition":"new"},"df_price":199,"df_sale_price":"","df_regular_price":199,"df_image_link":"https:\/\/www.eliassen.nl\/wp-content\/uploads\/2024\/01\/metalen3dschilderijrodemotorroute6680x120cm.jpg","image":"https:\/\/www.eliassen.nl\/wp-content\/uploads\/2024\/01\/metalen3dschilderijrodemotorroute6680x120cm.jpg","price_search":"<span class=\"woocommerce-Price-amount amount\"><bdi><span class=\"woocommerce-Price-currencySymbol\">&euro;<\/span>&nbsp;199,00<\/bdi><\/span>","category":"3D Gem\u00e4lde aus Metall","global_unique_id":"6096528576596","_links":{"self":[{"href":"https:\/\/www.eliassen.nl\/de\/wp-json\/wp\/v2\/product\/94141","targetHints":{"allow":["GET"]}}],"collection":[{"href":"https:\/\/www.eliassen.nl\/de\/wp-json\/wp\/v2\/product"}],"about":[{"href":"https:\/\/www.eliassen.nl\/de\/wp-json\/wp\/v2\/types\/product"}],"wp:featuredmedia":[{"embeddable":true,"href":"https:\/\/www.eliassen.nl\/de\/wp-json\/wp\/v2\/media\/94135"}],"wp:attachment":[{"href":"https:\/\/www.eliassen.nl\/de\/wp-json\/wp\/v2\/media?parent=94141"}],"wp:term":[{"taxonomy":"product_brand","embeddable":true,"href":"https:\/\/www.eliassen.nl\/de\/wp-json\/wp\/v2\/product_brand?post=94141"},{"taxonomy":"product_cat","embeddable":true,"href":"https:\/\/www.eliassen.nl\/de\/wp-json\/wp\/v2\/product_cat?post=94141"},{"taxonomy":"product_tag","embeddable":true,"href":"https:\/\/www.eliassen.nl\/de\/wp-json\/wp\/v2\/product_tag?post=94141"}],"curies":[{"name":"wp","href":"https:\/\/api.w.org\/{rel}","templated":true}]}}