{"id":93964,"date":"2023-08-19T10:01:38","date_gmt":"2023-08-19T10:01:38","guid":{"rendered":"https:\/\/www.eliassen.nl\/?product=ridderhelm-op-standaard-48cm"},"modified":"2026-03-30T20:32:04","modified_gmt":"2026-03-30T18:32:04","slug":"ritterhelm-auf-stander-48cm-mit-sichtschlitzen","status":"publish","type":"product","link":"https:\/\/www.eliassen.nl\/de\/ritterhelm-auf-stander-48cm-mit-sichtschlitzen\/","title":{"rendered":"Ritterhelm auf St\u00e4nder 48cm mit Sichtschlitzen"},"content":{"rendered":"<p>Wenn das kein Spa\u00df ist, dieser Helm mit Sehschlitzen aus dem Mittelalter, aus d\u00fcnnem Stahl mit N\u00e4geln und Visier.<\/p>\n<p>Dann erhielt diese Kunst eine Art Nickelbeschichtung, so dass alles in 1 Farbe ist und das Eisen behandelt wird. Der Helm wird mit St\u00e4nder geliefert.<\/p>\n<ul>\n<li>Gr\u00f6\u00dfe 24x48cm hoch<\/li>\n<li>Auch sch\u00f6n zum Verschenken.<\/li>\n<li>100% handgefertigt, daher kann das erhaltene Modell leicht vom Foto abweichen.<\/li>\n<li>Schnelle Lieferung.<\/li>\n<\/ul>\n","protected":false},"excerpt":{"rendered":"<p>Dekoration aus dem Mittelalter<\/p>\n","protected":false},"featured_media":93955,"template":"","meta":{"_acf_changed":false,"_genesis_title":"","_genesis_description":""},"product_brand":[7505],"product_cat":[665,659],"product_tag":[],"class_list":{"0":"post-93964","1":"product","2":"type-product","3":"status-publish","4":"has-post-thumbnail","6":"product_brand-sonstige","7":"product_cat-dekofiguren-aus-metall","8":"product_cat-dekoration-aus-metall","10":"first","11":"instock","12":"taxable","13":"shipping-taxable","14":"purchasable","15":"product-type-simple"},"acf":[],"meta_all":{"total_sales":"2","wcml_sync_hash":{"postmeta_fields":"3a0816294d313af49aba84b0050f6341"},"attr_label_translations":[],"cor_restricted_countries":[]},"meta_all_flat":{"total_sales":"2","wcml_sync_hash.postmeta_fields":"3a0816294d313af49aba84b0050f6341"},"yoast_head":"<!-- This site is optimized with the Yoast SEO Premium plugin v26.2 (Yoast SEO v27.2) - https:\/\/yoast.com\/product\/yoast-seo-premium-wordpress\/ -->\n<title>Ritterhelm auf St\u00e4nder 48cm mit Sichtschlitzen<\/title>\n<meta name=\"description\" content=\"Dinge aus der ritterlichen \u00c4ra? Schauen Sie sich diese schnell in unserem Webshop an, oder kommen Sie und sehen Sie sich das live an !!!\" \/>\n<meta name=\"robots\" content=\"index, follow, max-snippet:-1, max-image-preview:large, max-video-preview:-1\" \/>\n<link rel=\"canonical\" href=\"https:\/\/www.eliassen.nl\/de\/ritterhelm-auf-stander-48cm-mit-sichtschlitzen\/\" \/>\n<meta property=\"og:locale\" content=\"de_DE\" \/>\n<meta property=\"og:type\" content=\"article\" \/>\n<meta property=\"og:title\" content=\"Sonstige Ritterhelm auf St\u00e4nder 48cm mit Sichtschlitzen - Eliassen.nl\" \/>\n<meta property=\"og:description\" content=\"Dinge aus der ritterlichen \u00c4ra? Schauen Sie sich diese schnell in unserem Webshop an, oder kommen Sie und sehen Sie sich das live an !!!\" \/>\n<meta property=\"og:url\" content=\"https:\/\/www.eliassen.nl\/de\/ritterhelm-auf-stander-48cm-mit-sichtschlitzen\/\" \/>\n<meta property=\"og:site_name\" content=\"Eliassen.nl\" \/>\n<meta property=\"article:publisher\" content=\"https:\/\/www.facebook.com\/TuincentrumEliassenAmmerzoden\" \/>\n<meta property=\"article:modified_time\" content=\"2026-03-30T18:32:04+00:00\" \/>\n<meta property=\"og:image\" content=\"https:\/\/www.eliassen.nl\/wp-content\/uploads\/2024\/01\/img20230819wa0034.jpg\" \/>\n\t<meta property=\"og:image:width\" content=\"1080\" \/>\n\t<meta property=\"og:image:height\" content=\"1920\" \/>\n\t<meta property=\"og:image:type\" content=\"image\/jpeg\" \/>\n<meta name=\"twitter:card\" content=\"summary_large_image\" \/>\n<script type=\"application\/ld+json\" class=\"yoast-schema-graph\">{\"@context\":\"https:\/\/schema.org\",\"@graph\":[{\"@type\":\"WebPage\",\"@id\":\"https:\/\/www.eliassen.nl\/de\/ritterhelm-auf-stander-48cm-mit-sichtschlitzen\/\",\"url\":\"https:\/\/www.eliassen.nl\/de\/ritterhelm-auf-stander-48cm-mit-sichtschlitzen\/\",\"name\":\"Ritterhelm auf St\u00e4nder 48cm mit Sichtschlitzen\",\"isPartOf\":{\"@id\":\"https:\/\/www.eliassen.nl\/de\/#website\"},\"primaryImageOfPage\":{\"@id\":\"https:\/\/www.eliassen.nl\/de\/ritterhelm-auf-stander-48cm-mit-sichtschlitzen\/#primaryimage\"},\"image\":{\"@id\":\"https:\/\/www.eliassen.nl\/de\/ritterhelm-auf-stander-48cm-mit-sichtschlitzen\/#primaryimage\"},\"thumbnailUrl\":\"https:\/\/www.eliassen.nl\/wp-content\/uploads\/2024\/01\/img20230819wa0034.jpg\",\"datePublished\":\"2023-08-19T10:01:38+00:00\",\"dateModified\":\"2026-03-30T18:32:04+00:00\",\"description\":\"Dinge aus der ritterlichen \u00c4ra? Schauen Sie sich diese schnell in unserem Webshop an, oder kommen Sie und sehen Sie sich das live an !!!\",\"breadcrumb\":{\"@id\":\"https:\/\/www.eliassen.nl\/de\/ritterhelm-auf-stander-48cm-mit-sichtschlitzen\/#breadcrumb\"},\"inLanguage\":\"de\",\"potentialAction\":[{\"@type\":\"ReadAction\",\"target\":[\"https:\/\/www.eliassen.nl\/de\/ritterhelm-auf-stander-48cm-mit-sichtschlitzen\/\"]}]},{\"@type\":\"ImageObject\",\"inLanguage\":\"de\",\"@id\":\"https:\/\/www.eliassen.nl\/de\/ritterhelm-auf-stander-48cm-mit-sichtschlitzen\/#primaryimage\",\"url\":\"https:\/\/www.eliassen.nl\/wp-content\/uploads\/2024\/01\/img20230819wa0034.jpg\",\"contentUrl\":\"https:\/\/www.eliassen.nl\/wp-content\/uploads\/2024\/01\/img20230819wa0034.jpg\",\"width\":1080,\"height\":1920,\"caption\":\"IMG-20230819-WA0034\"},{\"@type\":\"BreadcrumbList\",\"@id\":\"https:\/\/www.eliassen.nl\/de\/ritterhelm-auf-stander-48cm-mit-sichtschlitzen\/#breadcrumb\",\"itemListElement\":[{\"@type\":\"ListItem\",\"position\":1,\"name\":\"Home\",\"item\":\"https:\/\/www.eliassen.nl\/de\/\"},{\"@type\":\"ListItem\",\"position\":2,\"name\":\"Shop\",\"item\":\"https:\/\/www.eliassen.nl\/de\/shop\/\"},{\"@type\":\"ListItem\",\"position\":3,\"name\":\"Dekoration aus Metall\",\"item\":\"https:\/\/www.eliassen.nl\/de\/dekoration-aus-metall\/\"},{\"@type\":\"ListItem\",\"position\":4,\"name\":\"Dekofiguren aus Metall\",\"item\":\"https:\/\/www.eliassen.nl\/de\/dekoration-aus-metall\/dekofiguren-aus-metall\/\"},{\"@type\":\"ListItem\",\"position\":5,\"name\":\"Ritterhelm auf St\u00e4nder 48cm mit Sichtschlitzen\"}]},{\"@type\":\"WebSite\",\"@id\":\"https:\/\/www.eliassen.nl\/de\/#website\",\"url\":\"https:\/\/www.eliassen.nl\/de\/\",\"name\":\"Eliassen Home & Garden Pleasure\",\"description\":\"\",\"publisher\":{\"@id\":\"https:\/\/www.eliassen.nl\/de\/#organization\"},\"alternateName\":\"Eliassen.nl\",\"potentialAction\":[{\"@type\":\"SearchAction\",\"target\":{\"@type\":\"EntryPoint\",\"urlTemplate\":\"https:\/\/www.eliassen.nl\/de\/?s={search_term_string}\"},\"query-input\":{\"@type\":\"PropertyValueSpecification\",\"valueRequired\":true,\"valueName\":\"search_term_string\"}}],\"inLanguage\":\"de\"},{\"@type\":[\"Organization\",\"Place\"],\"@id\":\"https:\/\/www.eliassen.nl\/de\/#organization\",\"name\":\"Eliassen Home & Garden Pleasure\",\"url\":\"https:\/\/www.eliassen.nl\/de\/\",\"logo\":{\"@id\":\"https:\/\/www.eliassen.nl\/de\/ritterhelm-auf-stander-48cm-mit-sichtschlitzen\/#local-main-organization-logo\"},\"image\":{\"@id\":\"https:\/\/www.eliassen.nl\/de\/ritterhelm-auf-stander-48cm-mit-sichtschlitzen\/#local-main-organization-logo\"},\"sameAs\":[\"https:\/\/www.facebook.com\/TuincentrumEliassenAmmerzoden\",\"https:\/\/www.instagram.com\/eliassenhomeandgarden\/\",\"https:\/\/nl.pinterest.com\/eliassenhomeandgarden\/\",\"https:\/\/www.youtube.com\/@eliassenhomegardenpleasure4558\"],\"telephone\":[],\"openingHoursSpecification\":[{\"@type\":\"OpeningHoursSpecification\",\"dayOfWeek\":[\"Monday\",\"Tuesday\",\"Wednesday\",\"Thursday\",\"Friday\",\"Saturday\",\"Sunday\"],\"opens\":\"09:00\",\"closes\":\"17:00\"}]},{\"@type\":\"ImageObject\",\"inLanguage\":\"de\",\"@id\":\"https:\/\/www.eliassen.nl\/de\/ritterhelm-auf-stander-48cm-mit-sichtschlitzen\/#local-main-organization-logo\",\"url\":\"https:\/\/www.eliassen.nl\/wp-content\/uploads\/2024\/01\/logo_4nd.jpg\",\"contentUrl\":\"https:\/\/www.eliassen.nl\/wp-content\/uploads\/2024\/01\/logo_4nd.jpg\",\"width\":500,\"height\":500,\"caption\":\"Eliassen Home & Garden Pleasure\"}]}<\/script>\n<meta property=\"product:price:amount\" content=\"38.50\" \/>\n<meta property=\"product:price:currency\" content=\"EUR\" \/>\n<meta property=\"og:availability\" content=\"instock\" \/>\n<meta property=\"product:availability\" content=\"instock\" \/>\n<meta property=\"product:retailer_item_id\" content=\"Ra-11\" \/>\n<meta property=\"product:condition\" content=\"new\" \/>\n<!-- \/ Yoast SEO Premium plugin. -->","yoast_head_json":{"title":"Ritterhelm auf St\u00e4nder 48cm mit Sichtschlitzen","description":"Dinge aus der ritterlichen \u00c4ra? Schauen Sie sich diese schnell in unserem Webshop an, oder kommen Sie und sehen Sie sich das live an !!!","robots":{"index":"index","follow":"follow","max-snippet":"max-snippet:-1","max-image-preview":"max-image-preview:large","max-video-preview":"max-video-preview:-1"},"canonical":"https:\/\/www.eliassen.nl\/de\/ritterhelm-auf-stander-48cm-mit-sichtschlitzen\/","og_locale":"de_DE","og_type":"article","og_title":"Sonstige Ritterhelm auf St\u00e4nder 48cm mit Sichtschlitzen - Eliassen.nl","og_description":"Dinge aus der ritterlichen \u00c4ra? Schauen Sie sich diese schnell in unserem Webshop an, oder kommen Sie und sehen Sie sich das live an !!!","og_url":"https:\/\/www.eliassen.nl\/de\/ritterhelm-auf-stander-48cm-mit-sichtschlitzen\/","og_site_name":"Eliassen.nl","article_publisher":"https:\/\/www.facebook.com\/TuincentrumEliassenAmmerzoden","article_modified_time":"2026-03-30T18:32:04+00:00","og_image":[{"width":1080,"height":1920,"url":"https:\/\/www.eliassen.nl\/wp-content\/uploads\/2024\/01\/img20230819wa0034.jpg","type":"image\/jpeg"}],"twitter_card":"summary_large_image","schema":{"@context":"https:\/\/schema.org","@graph":[{"@type":"WebPage","@id":"https:\/\/www.eliassen.nl\/de\/ritterhelm-auf-stander-48cm-mit-sichtschlitzen\/","url":"https:\/\/www.eliassen.nl\/de\/ritterhelm-auf-stander-48cm-mit-sichtschlitzen\/","name":"Ritterhelm auf St\u00e4nder 48cm mit Sichtschlitzen","isPartOf":{"@id":"https:\/\/www.eliassen.nl\/de\/#website"},"primaryImageOfPage":{"@id":"https:\/\/www.eliassen.nl\/de\/ritterhelm-auf-stander-48cm-mit-sichtschlitzen\/#primaryimage"},"image":{"@id":"https:\/\/www.eliassen.nl\/de\/ritterhelm-auf-stander-48cm-mit-sichtschlitzen\/#primaryimage"},"thumbnailUrl":"https:\/\/www.eliassen.nl\/wp-content\/uploads\/2024\/01\/img20230819wa0034.jpg","datePublished":"2023-08-19T10:01:38+00:00","dateModified":"2026-03-30T18:32:04+00:00","description":"Dinge aus der ritterlichen \u00c4ra? Schauen Sie sich diese schnell in unserem Webshop an, oder kommen Sie und sehen Sie sich das live an !!!","breadcrumb":{"@id":"https:\/\/www.eliassen.nl\/de\/ritterhelm-auf-stander-48cm-mit-sichtschlitzen\/#breadcrumb"},"inLanguage":"de","potentialAction":[{"@type":"ReadAction","target":["https:\/\/www.eliassen.nl\/de\/ritterhelm-auf-stander-48cm-mit-sichtschlitzen\/"]}]},{"@type":"ImageObject","inLanguage":"de","@id":"https:\/\/www.eliassen.nl\/de\/ritterhelm-auf-stander-48cm-mit-sichtschlitzen\/#primaryimage","url":"https:\/\/www.eliassen.nl\/wp-content\/uploads\/2024\/01\/img20230819wa0034.jpg","contentUrl":"https:\/\/www.eliassen.nl\/wp-content\/uploads\/2024\/01\/img20230819wa0034.jpg","width":1080,"height":1920,"caption":"IMG-20230819-WA0034"},{"@type":"BreadcrumbList","@id":"https:\/\/www.eliassen.nl\/de\/ritterhelm-auf-stander-48cm-mit-sichtschlitzen\/#breadcrumb","itemListElement":[{"@type":"ListItem","position":1,"name":"Home","item":"https:\/\/www.eliassen.nl\/de\/"},{"@type":"ListItem","position":2,"name":"Shop","item":"https:\/\/www.eliassen.nl\/de\/shop\/"},{"@type":"ListItem","position":3,"name":"Dekoration aus Metall","item":"https:\/\/www.eliassen.nl\/de\/dekoration-aus-metall\/"},{"@type":"ListItem","position":4,"name":"Dekofiguren aus Metall","item":"https:\/\/www.eliassen.nl\/de\/dekoration-aus-metall\/dekofiguren-aus-metall\/"},{"@type":"ListItem","position":5,"name":"Ritterhelm auf St\u00e4nder 48cm mit Sichtschlitzen"}]},{"@type":"WebSite","@id":"https:\/\/www.eliassen.nl\/de\/#website","url":"https:\/\/www.eliassen.nl\/de\/","name":"Eliassen Home & Garden Pleasure","description":"","publisher":{"@id":"https:\/\/www.eliassen.nl\/de\/#organization"},"alternateName":"Eliassen.nl","potentialAction":[{"@type":"SearchAction","target":{"@type":"EntryPoint","urlTemplate":"https:\/\/www.eliassen.nl\/de\/?s={search_term_string}"},"query-input":{"@type":"PropertyValueSpecification","valueRequired":true,"valueName":"search_term_string"}}],"inLanguage":"de"},{"@type":["Organization","Place"],"@id":"https:\/\/www.eliassen.nl\/de\/#organization","name":"Eliassen Home & Garden Pleasure","url":"https:\/\/www.eliassen.nl\/de\/","logo":{"@id":"https:\/\/www.eliassen.nl\/de\/ritterhelm-auf-stander-48cm-mit-sichtschlitzen\/#local-main-organization-logo"},"image":{"@id":"https:\/\/www.eliassen.nl\/de\/ritterhelm-auf-stander-48cm-mit-sichtschlitzen\/#local-main-organization-logo"},"sameAs":["https:\/\/www.facebook.com\/TuincentrumEliassenAmmerzoden","https:\/\/www.instagram.com\/eliassenhomeandgarden\/","https:\/\/nl.pinterest.com\/eliassenhomeandgarden\/","https:\/\/www.youtube.com\/@eliassenhomegardenpleasure4558"],"telephone":[],"openingHoursSpecification":[{"@type":"OpeningHoursSpecification","dayOfWeek":["Monday","Tuesday","Wednesday","Thursday","Friday","Saturday","Sunday"],"opens":"09:00","closes":"17:00"}]},{"@type":"ImageObject","inLanguage":"de","@id":"https:\/\/www.eliassen.nl\/de\/ritterhelm-auf-stander-48cm-mit-sichtschlitzen\/#local-main-organization-logo","url":"https:\/\/www.eliassen.nl\/wp-content\/uploads\/2024\/01\/logo_4nd.jpg","contentUrl":"https:\/\/www.eliassen.nl\/wp-content\/uploads\/2024\/01\/logo_4nd.jpg","width":500,"height":500,"caption":"Eliassen Home & Garden Pleasure"}]},"product_price_amount":"38.50","product_price_currency":"EUR","og_availability":"instock","product_availability":"instock","product_retailer_item_id":"Ra-11","product_condition":"new"},"df_price":38.5,"df_sale_price":"","df_regular_price":38.5,"df_image_link":"https:\/\/www.eliassen.nl\/wp-content\/uploads\/2024\/01\/img20230819wa0034.jpg","image":"https:\/\/www.eliassen.nl\/wp-content\/uploads\/2024\/01\/img20230819wa0034.jpg","price_search":"<span class=\"woocommerce-Price-amount amount\"><bdi><span class=\"woocommerce-Price-currencySymbol\">&euro;<\/span>&nbsp;38,50<\/bdi><\/span>","category":"Dekofiguren aus Metall","global_unique_id":"6096524497406","_links":{"self":[{"href":"https:\/\/www.eliassen.nl\/de\/wp-json\/wp\/v2\/product\/93964","targetHints":{"allow":["GET"]}}],"collection":[{"href":"https:\/\/www.eliassen.nl\/de\/wp-json\/wp\/v2\/product"}],"about":[{"href":"https:\/\/www.eliassen.nl\/de\/wp-json\/wp\/v2\/types\/product"}],"wp:featuredmedia":[{"embeddable":true,"href":"https:\/\/www.eliassen.nl\/de\/wp-json\/wp\/v2\/media\/93955"}],"wp:attachment":[{"href":"https:\/\/www.eliassen.nl\/de\/wp-json\/wp\/v2\/media?parent=93964"}],"wp:term":[{"taxonomy":"product_brand","embeddable":true,"href":"https:\/\/www.eliassen.nl\/de\/wp-json\/wp\/v2\/product_brand?post=93964"},{"taxonomy":"product_cat","embeddable":true,"href":"https:\/\/www.eliassen.nl\/de\/wp-json\/wp\/v2\/product_cat?post=93964"},{"taxonomy":"product_tag","embeddable":true,"href":"https:\/\/www.eliassen.nl\/de\/wp-json\/wp\/v2\/product_tag?post=93964"}],"curies":[{"name":"wp","href":"https:\/\/api.w.org\/{rel}","templated":true}]}}